{"id":3043,"date":"2020-06-20T15:44:52","date_gmt":"2021-04-11T13:49:49","guid":{"rendered":"http:\/\/tandoorvietnam.com\/product\/uncategorized\/com-ni-rau-cu\/"},"modified":"2023-05-20T17:10:14","modified_gmt":"2023-05-20T17:10:14","slug":"com-ni-rau-cu","status":"publish","type":"product","link":"https:\/\/tandoorvietnam.com\/vi\/sanpham\/cac-mon-com\/com-ni-rau-cu\/","title":{"rendered":"Vegetable Biryani (C\u01a0M N\u1eca RAU C\u1ee6)"},"content":{"rendered":"<p>C\u01a1m N\u1ecb Rau C\u1ee7 l\u00e0 m\u1ed9t m\u00f3n \u0103n truy\u1ec1n th\u1ed1ng \u0111\u1eb7c bi\u1ec7t c\u1ee7a \u1ea4n \u0110\u1ed9. T\u1ea1i Tandoor Vietnam, ch\u00fang t\u00f4i mang \u0111\u1ebfn cho b\u1ea1n m\u1ed9t phi\u00ean b\u1ea3n \u0111\u1ed9c \u0111\u00e1o c\u1ee7a m\u00f3n \u0103n n\u00e0y, v\u1edbi s\u1ef1 k\u1ebft h\u1ee3p ho\u00e0n h\u1ea3o gi\u1eefa g\u1ea1o, rau c\u1ee7 t\u01b0\u01a1i ngon v\u00e0 gia v\u1ecb \u0111\u1eadm \u0111\u00e0.<\/p>\n<p>Ch\u00fang t\u00f4i s\u1eed d\u1ee5ng g\u1ea1o Basmati, lo\u1ea1i g\u1ea1o th\u01a1m n\u1ed5i ti\u1ebfng c\u1ee7a \u1ea4n \u0110\u1ed9, \u0111\u1ec3 t\u1ea1o n\u00ean h\u1ea1t c\u01a1m m\u1ec1m m\u1ecbn v\u00e0 th\u01a1m ngon. Rau c\u1ee7 nh\u01b0 c\u00e0 r\u1ed1t, b\u00ed ng\u00f4, khoai lang v\u00e0 h\u00e0nh t\u00e2y \u0111\u01b0\u1ee3c ch\u1ecdn l\u1ef1a c\u1ea9n th\u1eadn v\u00e0 ch\u1ebf bi\u1ebfn sao cho gi\u1eef \u0111\u01b0\u1ee3c \u0111\u1ed9 t\u01b0\u01a1i ngon v\u00e0 m\u00e0u s\u1eafc t\u1ef1 nhi\u00ean.<\/p>\n<p>Vegetable Biryani c\u1ee7a ch\u00fang t\u00f4i c\u0169ng \u0111\u01b0\u1ee3c gia v\u1ecb \u0111\u1eb7c tr\u01b0ng c\u1ee7a \u1ea4n \u0110\u1ed9 nh\u01b0 h\u01b0\u01a1ng v\u1ecb c\u1ee7a c\u00e1c lo\u1ea1i gia v\u1ecb nh\u01b0 h\u1ea1t cumin, \u1edbt, ti\u00eau, h\u00e0nh, t\u1ecfi, gia v\u1ecb n\u1ea5u c\u01a1m Garam Masala v\u00e0 nhi\u1ec1u lo\u1ea1i th\u1ea3o m\u1ed9c kh\u00e1c. S\u1ef1 k\u1ebft h\u1ee3p n\u00e0y t\u1ea1o ra m\u1ed9t h\u01b0\u01a1ng v\u1ecb \u0111\u1eadm \u0111\u00e0, th\u01a1m ngon v\u00e0 \u0111\u1ea7y s\u1ef1 phong ph\u00fa.<\/p>\n<p>C\u01a1m N\u1ecb Rau C\u1ee7 l\u00e0 m\u1ed9t m\u00f3n \u0103n \u0111a d\u1ea1ng v\u00e0 dinh d\u01b0\u1ee1ng. N\u00f3 c\u00f3 th\u1ec3 \u0111\u01b0\u1ee3c \u0103n k\u00e8m v\u1edbi c\u00e1c lo\u1ea1i n\u01b0\u1edbc s\u1ed1t nh\u01b0 raita (n\u01b0\u1edbc s\u1ed1t s\u1eefa chua), d\u01b0a chu\u1ed9t, ho\u1eb7c \u0111\u01a1n gi\u1ea3n l\u00e0 t\u1ef1 th\u01b0\u1edfng th\u1ee9c m\u00e0 kh\u00f4ng c\u1ea7n th\u00eam b\u1ea5t k\u1ef3 m\u00f3n \u0103n ph\u1ee5 n\u00e0o.<\/p>\n<p>T\u1ea1i <a href=\"https:\/\/tandoorvietnam.com\/\">Tandoor Vietnam<\/a>, ch\u00fang t\u00f4i cam k\u1ebft mang \u0111\u1ebfn cho b\u1ea1n C\u01a1m N\u1ecb Rau C\u1ee7 t\u01b0\u01a1i ngon v\u00e0 \u0111\u1ea7y h\u01b0\u01a1ng v\u1ecb. H\u00e3y kh\u00e1m ph\u00e1 v\u00e0 tr\u1ea3i nghi\u1ec7m v\u0103n h\u00f3a \u1ea9m th\u1ef1c \u1ea4n \u0110\u1ed9 t\u1ea1i nh\u00e0 h\u00e0ng ch\u00fang t\u00f4i.<\/p>\n","protected":false},"excerpt":{"rendered":"<p>&nbsp;<\/p>\n<table width=\"723\">\n<tbody>\n<tr>\n<td width=\"412\">Spiced Basmati Rice with Vegetables<\/td>\n<\/tr>\n<tr>\n<td width=\"412\"><em>C\u01a1m n\u1ecb x\u00e0o kh\u00f4 v\u1edbi rau th\u1eadp c\u1ea9m v\u00e0 gia v\u1ecb cay<\/em><\/td>\n<\/tr>\n<\/tbody>\n<\/table>\n","protected":false},"featured_media":3044,"template":"","meta":[],"product_brand":[],"product_cat":[216],"product_tag":[],"class_list":{"0":"post-3043","1":"product","2":"type-product","3":"status-publish","4":"has-post-thumbnail","6":"product_cat-cac-mon-com","8":"first","9":"instock","10":"taxable","11":"shipping-taxable","12":"purchasable","13":"product-type-simple"},"yoast_head":"<!-- This site is optimized with the Yoast SEO Premium plugin v22.3 (Yoast SEO v27.4) - https:\/\/yoast.com\/product\/yoast-seo-premium-wordpress\/ -->\n<title>Vegetable Biryani (C\u01a0M N\u1eca RAU C\u1ee6) - Tandoor Vi\u1ec7t Nam<\/title>\n<meta name=\"description\" content=\"C\u01a1m N\u1ecb Rau C\u1ee7 - M\u00f3n \u0103n \u1ea4n \u0110\u1ed9 tuy\u1ec7t h\u1ea3o v\u1edbi s\u1ef1 k\u1ebft h\u1ee3p ho\u00e0n h\u1ea3o c\u1ee7a g\u1ea1o, rau c\u1ee7 t\u01b0\u01a1i ngon v\u00e0 gia v\u1ecb \u0111\u1eadm \u0111\u00e0. Kh\u00e1m ph\u00e1 ngay t\u1ea1i Tandoor Vietnam.\" \/>\n<meta name=\"robots\" content=\"index, follow, max-snippet:-1, max-image-preview:large, max-video-preview:-1\" \/>\n<link rel=\"canonical\" href=\"https:\/\/tandoorvietnam.com\/vi\/sanpham\/cac-mon-com\/com-ni-rau-cu\/\" \/>\n<meta property=\"og:locale\" content=\"vi_VN\" \/>\n<meta property=\"og:type\" content=\"article\" \/>\n<meta property=\"og:title\" content=\"Vegetable Biryani (C\u01a0M N\u1eca RAU C\u1ee6)\" \/>\n<meta property=\"og:description\" content=\"C\u01a1m N\u1ecb Rau C\u1ee7 - M\u00f3n \u0103n \u1ea4n \u0110\u1ed9 tuy\u1ec7t h\u1ea3o v\u1edbi s\u1ef1 k\u1ebft h\u1ee3p ho\u00e0n h\u1ea3o c\u1ee7a g\u1ea1o, rau c\u1ee7 t\u01b0\u01a1i ngon v\u00e0 gia v\u1ecb \u0111\u1eadm \u0111\u00e0. Kh\u00e1m ph\u00e1 ngay t\u1ea1i Tandoor Vietnam.\" \/>\n<meta property=\"og:url\" content=\"https:\/\/tandoorvietnam.com\/vi\/sanpham\/cac-mon-com\/com-ni-rau-cu\/\" \/>\n<meta property=\"og:site_name\" content=\"Tandoor Vi\u1ec7t Nam\" \/>\n<meta property=\"article:publisher\" content=\"https:\/\/www.facebook.com\/tandoor.hcmc\/\" \/>\n<meta property=\"article:modified_time\" content=\"2023-05-20T17:10:14+00:00\" \/>\n<meta property=\"og:image\" content=\"https:\/\/tandoorvietnam.com\/wp-content\/uploads\/2020\/06\/Veg-dum-biryani.jpg\" \/>\n\t<meta property=\"og:image:width\" content=\"800\" \/>\n\t<meta property=\"og:image:height\" content=\"800\" \/>\n\t<meta property=\"og:image:type\" content=\"image\/jpeg\" \/>\n<meta name=\"twitter:card\" content=\"summary_large_image\" \/>\n<meta name=\"twitter:label1\" content=\"Est. reading time\" \/>\n\t<meta name=\"twitter:data1\" content=\"2 minutes\" \/>\n<script type=\"application\/ld+json\" class=\"yoast-schema-graph\">{\"@context\":\"https:\\\/\\\/schema.org\",\"@graph\":[{\"@type\":\"WebPage\",\"@id\":\"https:\\\/\\\/tandoorvietnam.com\\\/vi\\\/sanpham\\\/cac-mon-com\\\/com-ni-rau-cu\\\/\",\"url\":\"https:\\\/\\\/tandoorvietnam.com\\\/vi\\\/sanpham\\\/cac-mon-com\\\/com-ni-rau-cu\\\/\",\"name\":\"Vegetable Biryani (C\u01a0M N\u1eca RAU C\u1ee6) - Tandoor Vi\u1ec7t Nam\",\"isPartOf\":{\"@id\":\"https:\\\/\\\/tandoorvietnam.com\\\/vi\\\/#website\"},\"primaryImageOfPage\":{\"@id\":\"https:\\\/\\\/tandoorvietnam.com\\\/vi\\\/sanpham\\\/cac-mon-com\\\/com-ni-rau-cu\\\/#primaryimage\"},\"image\":{\"@id\":\"https:\\\/\\\/tandoorvietnam.com\\\/vi\\\/sanpham\\\/cac-mon-com\\\/com-ni-rau-cu\\\/#primaryimage\"},\"thumbnailUrl\":\"https:\\\/\\\/tandoorvietnam.com\\\/wp-content\\\/uploads\\\/2020\\\/06\\\/Veg-dum-biryani.jpg\",\"datePublished\":\"2021-04-11T13:49:49+00:00\",\"dateModified\":\"2023-05-20T17:10:14+00:00\",\"description\":\"C\u01a1m N\u1ecb Rau C\u1ee7 - M\u00f3n \u0103n \u1ea4n \u0110\u1ed9 tuy\u1ec7t h\u1ea3o v\u1edbi s\u1ef1 k\u1ebft h\u1ee3p ho\u00e0n h\u1ea3o c\u1ee7a g\u1ea1o, rau c\u1ee7 t\u01b0\u01a1i ngon v\u00e0 gia v\u1ecb \u0111\u1eadm \u0111\u00e0. Kh\u00e1m ph\u00e1 ngay t\u1ea1i Tandoor Vietnam.\",\"breadcrumb\":{\"@id\":\"https:\\\/\\\/tandoorvietnam.com\\\/vi\\\/sanpham\\\/cac-mon-com\\\/com-ni-rau-cu\\\/#breadcrumb\"},\"inLanguage\":\"vi-VN\",\"potentialAction\":[{\"@type\":\"ReadAction\",\"target\":[\"https:\\\/\\\/tandoorvietnam.com\\\/vi\\\/sanpham\\\/cac-mon-com\\\/com-ni-rau-cu\\\/\"]}]},{\"@type\":\"ImageObject\",\"inLanguage\":\"vi-VN\",\"@id\":\"https:\\\/\\\/tandoorvietnam.com\\\/vi\\\/sanpham\\\/cac-mon-com\\\/com-ni-rau-cu\\\/#primaryimage\",\"url\":\"https:\\\/\\\/tandoorvietnam.com\\\/wp-content\\\/uploads\\\/2020\\\/06\\\/Veg-dum-biryani.jpg\",\"contentUrl\":\"https:\\\/\\\/tandoorvietnam.com\\\/wp-content\\\/uploads\\\/2020\\\/06\\\/Veg-dum-biryani.jpg\",\"width\":800,\"height\":800,\"caption\":\"C\u01a0M N\u1eca RAU C\u1ee6\"},{\"@type\":\"BreadcrumbList\",\"@id\":\"https:\\\/\\\/tandoorvietnam.com\\\/vi\\\/sanpham\\\/cac-mon-com\\\/com-ni-rau-cu\\\/#breadcrumb\",\"itemListElement\":[{\"@type\":\"ListItem\",\"position\":1,\"name\":\"Trang Ch\u1ee7\",\"item\":\"https:\\\/\\\/tandoorvietnam.com\\\/vi\\\/\"},{\"@type\":\"ListItem\",\"position\":2,\"name\":\"Shop\",\"item\":\"https:\\\/\\\/tandoorvietnam.com\\\/shop\\\/\"},{\"@type\":\"ListItem\",\"position\":3,\"name\":\"Vegetable Biryani (C\u01a0M N\u1eca RAU C\u1ee6)\"}]},{\"@type\":\"WebSite\",\"@id\":\"https:\\\/\\\/tandoorvietnam.com\\\/vi\\\/#website\",\"url\":\"https:\\\/\\\/tandoorvietnam.com\\\/vi\\\/\",\"name\":\"Tandoor Vietnam\",\"description\":\"Nh\u00e0 h\u00e0ng ngon h\u1ed3 ch\u00ed minh\",\"publisher\":{\"@id\":\"https:\\\/\\\/tandoorvietnam.com\\\/vi\\\/#organization\"},\"potentialAction\":[{\"@type\":\"SearchAction\",\"target\":{\"@type\":\"EntryPoint\",\"urlTemplate\":\"https:\\\/\\\/tandoorvietnam.com\\\/vi\\\/?s={search_term_string}\"},\"query-input\":{\"@type\":\"PropertyValueSpecification\",\"valueRequired\":true,\"valueName\":\"search_term_string\"}}],\"inLanguage\":\"vi-VN\"},{\"@type\":\"Organization\",\"@id\":\"https:\\\/\\\/tandoorvietnam.com\\\/vi\\\/#organization\",\"name\":\"Tandoor Vietnam\",\"url\":\"https:\\\/\\\/tandoorvietnam.com\\\/vi\\\/\",\"logo\":{\"@type\":\"ImageObject\",\"inLanguage\":\"vi-VN\",\"@id\":\"https:\\\/\\\/tandoorvietnam.com\\\/vi\\\/#\\\/schema\\\/logo\\\/image\\\/\",\"url\":\"https:\\\/\\\/tandoorvietnam.com\\\/wp-content\\\/uploads\\\/2020\\\/07\\\/logo.png\",\"contentUrl\":\"https:\\\/\\\/tandoorvietnam.com\\\/wp-content\\\/uploads\\\/2020\\\/07\\\/logo.png\",\"width\":133,\"height\":75,\"caption\":\"Tandoor Vietnam\"},\"image\":{\"@id\":\"https:\\\/\\\/tandoorvietnam.com\\\/vi\\\/#\\\/schema\\\/logo\\\/image\\\/\"},\"sameAs\":[\"https:\\\/\\\/www.facebook.com\\\/tandoor.hcmc\\\/\"]}]}<\/script>\n<!-- \/ Yoast SEO Premium plugin. -->","yoast_head_json":{"title":"Vegetable Biryani (C\u01a0M N\u1eca RAU C\u1ee6) - Tandoor Vi\u1ec7t Nam","description":"C\u01a1m N\u1ecb Rau C\u1ee7 - M\u00f3n \u0103n \u1ea4n \u0110\u1ed9 tuy\u1ec7t h\u1ea3o v\u1edbi s\u1ef1 k\u1ebft h\u1ee3p ho\u00e0n h\u1ea3o c\u1ee7a g\u1ea1o, rau c\u1ee7 t\u01b0\u01a1i ngon v\u00e0 gia v\u1ecb \u0111\u1eadm \u0111\u00e0. Kh\u00e1m ph\u00e1 ngay t\u1ea1i Tandoor Vietnam.","robots":{"index":"index","follow":"follow","max-snippet":"max-snippet:-1","max-image-preview":"max-image-preview:large","max-video-preview":"max-video-preview:-1"},"canonical":"https:\/\/tandoorvietnam.com\/vi\/sanpham\/cac-mon-com\/com-ni-rau-cu\/","og_locale":"vi_VN","og_type":"article","og_title":"Vegetable Biryani (C\u01a0M N\u1eca RAU C\u1ee6)","og_description":"C\u01a1m N\u1ecb Rau C\u1ee7 - M\u00f3n \u0103n \u1ea4n \u0110\u1ed9 tuy\u1ec7t h\u1ea3o v\u1edbi s\u1ef1 k\u1ebft h\u1ee3p ho\u00e0n h\u1ea3o c\u1ee7a g\u1ea1o, rau c\u1ee7 t\u01b0\u01a1i ngon v\u00e0 gia v\u1ecb \u0111\u1eadm \u0111\u00e0. Kh\u00e1m ph\u00e1 ngay t\u1ea1i Tandoor Vietnam.","og_url":"https:\/\/tandoorvietnam.com\/vi\/sanpham\/cac-mon-com\/com-ni-rau-cu\/","og_site_name":"Tandoor Vi\u1ec7t Nam","article_publisher":"https:\/\/www.facebook.com\/tandoor.hcmc\/","article_modified_time":"2023-05-20T17:10:14+00:00","og_image":[{"width":800,"height":800,"url":"https:\/\/tandoorvietnam.com\/wp-content\/uploads\/2020\/06\/Veg-dum-biryani.jpg","type":"image\/jpeg"}],"twitter_card":"summary_large_image","twitter_misc":{"Est. reading time":"2 minutes"},"schema":{"@context":"https:\/\/schema.org","@graph":[{"@type":"WebPage","@id":"https:\/\/tandoorvietnam.com\/vi\/sanpham\/cac-mon-com\/com-ni-rau-cu\/","url":"https:\/\/tandoorvietnam.com\/vi\/sanpham\/cac-mon-com\/com-ni-rau-cu\/","name":"Vegetable Biryani (C\u01a0M N\u1eca RAU C\u1ee6) - Tandoor Vi\u1ec7t Nam","isPartOf":{"@id":"https:\/\/tandoorvietnam.com\/vi\/#website"},"primaryImageOfPage":{"@id":"https:\/\/tandoorvietnam.com\/vi\/sanpham\/cac-mon-com\/com-ni-rau-cu\/#primaryimage"},"image":{"@id":"https:\/\/tandoorvietnam.com\/vi\/sanpham\/cac-mon-com\/com-ni-rau-cu\/#primaryimage"},"thumbnailUrl":"https:\/\/tandoorvietnam.com\/wp-content\/uploads\/2020\/06\/Veg-dum-biryani.jpg","datePublished":"2021-04-11T13:49:49+00:00","dateModified":"2023-05-20T17:10:14+00:00","description":"C\u01a1m N\u1ecb Rau C\u1ee7 - M\u00f3n \u0103n \u1ea4n \u0110\u1ed9 tuy\u1ec7t h\u1ea3o v\u1edbi s\u1ef1 k\u1ebft h\u1ee3p ho\u00e0n h\u1ea3o c\u1ee7a g\u1ea1o, rau c\u1ee7 t\u01b0\u01a1i ngon v\u00e0 gia v\u1ecb \u0111\u1eadm \u0111\u00e0. Kh\u00e1m ph\u00e1 ngay t\u1ea1i Tandoor Vietnam.","breadcrumb":{"@id":"https:\/\/tandoorvietnam.com\/vi\/sanpham\/cac-mon-com\/com-ni-rau-cu\/#breadcrumb"},"inLanguage":"vi-VN","potentialAction":[{"@type":"ReadAction","target":["https:\/\/tandoorvietnam.com\/vi\/sanpham\/cac-mon-com\/com-ni-rau-cu\/"]}]},{"@type":"ImageObject","inLanguage":"vi-VN","@id":"https:\/\/tandoorvietnam.com\/vi\/sanpham\/cac-mon-com\/com-ni-rau-cu\/#primaryimage","url":"https:\/\/tandoorvietnam.com\/wp-content\/uploads\/2020\/06\/Veg-dum-biryani.jpg","contentUrl":"https:\/\/tandoorvietnam.com\/wp-content\/uploads\/2020\/06\/Veg-dum-biryani.jpg","width":800,"height":800,"caption":"C\u01a0M N\u1eca RAU C\u1ee6"},{"@type":"BreadcrumbList","@id":"https:\/\/tandoorvietnam.com\/vi\/sanpham\/cac-mon-com\/com-ni-rau-cu\/#breadcrumb","itemListElement":[{"@type":"ListItem","position":1,"name":"Trang Ch\u1ee7","item":"https:\/\/tandoorvietnam.com\/vi\/"},{"@type":"ListItem","position":2,"name":"Shop","item":"https:\/\/tandoorvietnam.com\/shop\/"},{"@type":"ListItem","position":3,"name":"Vegetable Biryani (C\u01a0M N\u1eca RAU C\u1ee6)"}]},{"@type":"WebSite","@id":"https:\/\/tandoorvietnam.com\/vi\/#website","url":"https:\/\/tandoorvietnam.com\/vi\/","name":"Tandoor Vietnam","description":"Nh\u00e0 h\u00e0ng ngon h\u1ed3 ch\u00ed minh","publisher":{"@id":"https:\/\/tandoorvietnam.com\/vi\/#organization"},"potentialAction":[{"@type":"SearchAction","target":{"@type":"EntryPoint","urlTemplate":"https:\/\/tandoorvietnam.com\/vi\/?s={search_term_string}"},"query-input":{"@type":"PropertyValueSpecification","valueRequired":true,"valueName":"search_term_string"}}],"inLanguage":"vi-VN"},{"@type":"Organization","@id":"https:\/\/tandoorvietnam.com\/vi\/#organization","name":"Tandoor Vietnam","url":"https:\/\/tandoorvietnam.com\/vi\/","logo":{"@type":"ImageObject","inLanguage":"vi-VN","@id":"https:\/\/tandoorvietnam.com\/vi\/#\/schema\/logo\/image\/","url":"https:\/\/tandoorvietnam.com\/wp-content\/uploads\/2020\/07\/logo.png","contentUrl":"https:\/\/tandoorvietnam.com\/wp-content\/uploads\/2020\/07\/logo.png","width":133,"height":75,"caption":"Tandoor Vietnam"},"image":{"@id":"https:\/\/tandoorvietnam.com\/vi\/#\/schema\/logo\/image\/"},"sameAs":["https:\/\/www.facebook.com\/tandoor.hcmc\/"]}]}},"_links":{"self":[{"href":"https:\/\/tandoorvietnam.com\/vi\/wp-json\/wp\/v2\/product\/3043","targetHints":{"allow":["GET"]}}],"collection":[{"href":"https:\/\/tandoorvietnam.com\/vi\/wp-json\/wp\/v2\/product"}],"about":[{"href":"https:\/\/tandoorvietnam.com\/vi\/wp-json\/wp\/v2\/types\/product"}],"wp:featuredmedia":[{"embeddable":true,"href":"https:\/\/tandoorvietnam.com\/vi\/wp-json\/wp\/v2\/media\/3044"}],"wp:attachment":[{"href":"https:\/\/tandoorvietnam.com\/vi\/wp-json\/wp\/v2\/media?parent=3043"}],"wp:term":[{"taxonomy":"product_brand","embeddable":true,"href":"https:\/\/tandoorvietnam.com\/vi\/wp-json\/wp\/v2\/product_brand?post=3043"},{"taxonomy":"product_cat","embeddable":true,"href":"https:\/\/tandoorvietnam.com\/vi\/wp-json\/wp\/v2\/product_cat?post=3043"},{"taxonomy":"product_tag","embeddable":true,"href":"https:\/\/tandoorvietnam.com\/vi\/wp-json\/wp\/v2\/product_tag?post=3043"}],"curies":[{"name":"wp","href":"https:\/\/api.w.org\/{rel}","templated":true}]}}