{"id":3046,"date":"2020-06-20T15:30:13","date_gmt":"2021-04-11T13:50:59","guid":{"rendered":"http:\/\/tandoorvietnam.com\/product\/uncategorized\/com-chien-rau-cu\/"},"modified":"2023-05-21T04:28:40","modified_gmt":"2023-05-21T04:28:40","slug":"com-chien-rau-cu","status":"publish","type":"product","link":"https:\/\/tandoorvietnam.com\/vi\/sanpham\/cac-mon-com\/com-chien-rau-cu\/","title":{"rendered":"Vegetable Fried Rice (C\u01a0M CHI\u00caN RAU C\u1ee6)"},"content":{"rendered":"<p>C\u01a1m chi\u00ean rau c\u1ee7 (Vegetable Fried Rice) l\u00e0 m\u1ed9t m\u00f3n \u0103n truy\u1ec1n th\u1ed1ng v\u00e0 ph\u1ed5 bi\u1ebfn c\u1ee7a \u1ea4n \u0110\u1ed9, v\u00e0 t\u1ea1i Tandoor Vietnam, ch\u00fang t\u00f4i mang \u0111\u1ebfn cho b\u1ea1n phi\u00ean b\u1ea3n \u0111\u1eb7c bi\u1ec7t c\u1ee7a m\u00f3n \u0103n n\u00e0y. Ch\u00fang t\u00f4i ch\u1ecdn nh\u1eefng lo\u1ea1i rau c\u1ee7 t\u01b0\u01a1i ngon nh\u01b0 c\u00e0 r\u1ed1t, h\u00e0nh t\u00e2y, \u0111\u1eadu h\u1ee7, v\u00e0 c\u00e1c lo\u1ea1i rau xanh \u0111\u1ec3 k\u1ebft h\u1ee3p v\u1edbi c\u01a1m v\u00e0 gia v\u1ecb.<\/p>\n<p>C\u01a1m chi\u00ean rau c\u1ee7 t\u1ea1i Tandoor Vietnam \u0111\u01b0\u1ee3c ch\u1ebf bi\u1ebfn v\u1edbi k\u1ef9 thu\u1eadt \u0111\u1ed9c \u0111\u00e1o v\u00e0 c\u1ea9n th\u1eadn. Rau c\u1ee7 \u0111\u01b0\u1ee3c x\u00e0o ch\u00edn v\u1edbi l\u1eeda l\u1edbn, gi\u1eef nguy\u00ean \u0111\u1ed9 gi\u00f2n c\u1ee7a ch\u00fang, sau \u0111\u00f3 k\u1ebft h\u1ee3p c\u00f9ng v\u1edbi c\u01a1m \u0111\u01b0\u1ee3c n\u1ea5u ch\u00edn. H\u01b0\u01a1ng v\u1ecb th\u01a1m ngon v\u00e0 \u0111\u1ed9 gi\u00f2n c\u1ee7a rau c\u1ee7 t\u1ea1o n\u00ean m\u1ed9t tr\u1ea3i nghi\u1ec7m \u1ea9m th\u1ef1c tuy\u1ec7t v\u1eddi.<\/p>\n<p>\u0110\u1eb7c bi\u1ec7t, ch\u00fang t\u00f4i s\u1eed d\u1ee5ng c\u00e1c lo\u1ea1i gia v\u1ecb v\u00e0 m\u00f9i h\u01b0\u01a1ng \u1ea4n \u0110\u1ed9 \u0111\u1eb7c tr\u01b0ng \u0111\u1ec3 l\u00e0m n\u1ed5i b\u1eadt h\u01b0\u01a1ng v\u1ecb c\u1ee7a Vegetable Fried Rice. M\u1ed9t s\u1ed1 gia v\u1ecb nh\u01b0 \u1edbt, h\u00e0nh, t\u1ecfi v\u00e0 c\u00e1c lo\u1ea1i gia v\u1ecb t\u1ea1o n\u00ean s\u1ef1 c\u00e2n b\u1eb1ng v\u00e0 h\u00f2a quy\u1ec7n tuy\u1ec7t v\u1eddi, mang l\u1ea1i m\u1ed9t h\u01b0\u01a1ng v\u1ecb \u0111\u1ed9c \u0111\u00e1o v\u00e0 h\u1ea5p d\u1eabn.<\/p>\n<p>C\u01a1m chi\u00ean rau c\u1ee7 l\u00e0 m\u1ed9t m\u00f3n \u0103n r\u1ea5t ph\u1ed5 bi\u1ebfn trong \u1ea9m th\u1ef1c \u1ea4n \u0110\u1ed9 v\u00e0 th\u01b0\u1eddng \u0111\u01b0\u1ee3c \u0103n k\u00e8m v\u1edbi n\u01b0\u1edbc t\u01b0\u01a1ng ho\u1eb7c s\u1ed1t chua ng\u1ecdt. N\u00f3 c\u00f3 th\u1ec3 \u0111\u01b0\u1ee3c th\u01b0\u1edfng th\u1ee9c nh\u01b0 m\u1ed9t m\u00f3n ch\u00ednh ho\u1eb7c m\u00f3n ph\u1ee5 trong b\u1eefa \u0103n. T\u1ea1i Tandoor Vietnam, ch\u00fang t\u00f4i cam k\u1ebft mang \u0111\u1ebfn cho b\u1ea1n nh\u1eefng m\u00f3n \u0103n \u1ea4n \u0110\u1ed9 ch\u1ea5t l\u01b0\u1ee3ng nh\u1ea5t, \u0111\u1ea3m b\u1ea3o v\u1ec1 h\u01b0\u01a1ng v\u1ecb v\u00e0 nguy\u00ean li\u1ec7u t\u01b0\u01a1i ngon.<\/p>\n<p>H\u00e3y \u0111\u1eafm ch\u00ecm trong h\u01b0\u01a1ng v\u1ecb tuy\u1ec7t v\u1eddi c\u1ee7a c\u01a1m chi\u00ean rau c\u1ee7 t\u1ea1i Tandoor Vietnam v\u00e0 tr\u1ea3i nghi\u1ec7m \u1ea9m th\u1ef1c \u1ea4n \u0110\u1ed9 \u0111\u1eadm \u0111\u00e0 v\u00e0 phong ph\u00fa.<\/p>\n","protected":false},"excerpt":{"rendered":"<p>&nbsp;<\/p>\n<table width=\"723\">\n<tbody>\n<tr>\n<td width=\"412\">Indian- Chinese fried rice with vegetable<\/td>\n<\/tr>\n<tr>\n<td width=\"412\"><em>C\u01a1m chi\u00ean rau th\u1eadp c\u1ea9m<\/em><\/td>\n<\/tr>\n<\/tbody>\n<\/table>\n","protected":false},"featured_media":3047,"template":"","meta":[],"product_brand":[],"product_cat":[216],"product_tag":[],"class_list":{"0":"post-3046","1":"product","2":"type-product","3":"status-publish","4":"has-post-thumbnail","6":"product_cat-cac-mon-com","8":"first","9":"instock","10":"taxable","11":"shipping-taxable","12":"purchasable","13":"product-type-simple"},"yoast_head":"<!-- This site is optimized with the Yoast SEO Premium plugin v22.3 (Yoast SEO v27.4) - https:\/\/yoast.com\/product\/yoast-seo-premium-wordpress\/ -->\n<title>Vegetable Fried Rice (C\u01a0M CHI\u00caN RAU C\u1ee6) - Tandoor Vi\u1ec7t Nam<\/title>\n<meta name=\"description\" content=\"C\u01a1m chi\u00ean rau c\u1ee7 h\u1ea5p d\u1eabn v\u1edbi h\u01b0\u01a1ng v\u1ecb tuy\u1ec7t v\u1eddi, l\u00e0 m\u1ed9t trong nh\u1eefng m\u00f3n \u0103n truy\u1ec1n th\u1ed1ng \u0111\u1eadm ch\u1ea5t \u1ea4n \u0110\u1ed9 t\u1ea1i nh\u00e0 h\u00e0ng Tandoor Vietnam.\" \/>\n<meta name=\"robots\" content=\"index, follow, max-snippet:-1, max-image-preview:large, max-video-preview:-1\" \/>\n<link rel=\"canonical\" href=\"https:\/\/tandoorvietnam.com\/vi\/sanpham\/cac-mon-com\/com-chien-rau-cu\/\" \/>\n<meta property=\"og:locale\" content=\"vi_VN\" \/>\n<meta property=\"og:type\" content=\"article\" \/>\n<meta property=\"og:title\" content=\"Vegetable Fried Rice (C\u01a0M CHI\u00caN RAU C\u1ee6)\" \/>\n<meta property=\"og:description\" content=\"C\u01a1m chi\u00ean rau c\u1ee7 h\u1ea5p d\u1eabn v\u1edbi h\u01b0\u01a1ng v\u1ecb tuy\u1ec7t v\u1eddi, l\u00e0 m\u1ed9t trong nh\u1eefng m\u00f3n \u0103n truy\u1ec1n th\u1ed1ng \u0111\u1eadm ch\u1ea5t \u1ea4n \u0110\u1ed9 t\u1ea1i nh\u00e0 h\u00e0ng Tandoor Vietnam.\" \/>\n<meta property=\"og:url\" content=\"https:\/\/tandoorvietnam.com\/vi\/sanpham\/cac-mon-com\/com-chien-rau-cu\/\" \/>\n<meta property=\"og:site_name\" content=\"Tandoor Vi\u1ec7t Nam\" \/>\n<meta property=\"article:publisher\" content=\"https:\/\/www.facebook.com\/tandoor.hcmc\/\" \/>\n<meta property=\"article:modified_time\" content=\"2023-05-21T04:28:40+00:00\" \/>\n<meta property=\"og:image\" content=\"https:\/\/tandoorvietnam.com\/wp-content\/uploads\/2020\/06\/Vegetable-fried-rice.jpg\" \/>\n\t<meta property=\"og:image:width\" content=\"1400\" \/>\n\t<meta property=\"og:image:height\" content=\"1400\" \/>\n\t<meta property=\"og:image:type\" content=\"image\/jpeg\" \/>\n<meta name=\"twitter:card\" content=\"summary_large_image\" \/>\n<meta name=\"twitter:label1\" content=\"Est. reading time\" \/>\n\t<meta name=\"twitter:data1\" content=\"2 minutes\" \/>\n<script type=\"application\/ld+json\" class=\"yoast-schema-graph\">{\"@context\":\"https:\\\/\\\/schema.org\",\"@graph\":[{\"@type\":\"WebPage\",\"@id\":\"https:\\\/\\\/tandoorvietnam.com\\\/vi\\\/sanpham\\\/cac-mon-com\\\/com-chien-rau-cu\\\/\",\"url\":\"https:\\\/\\\/tandoorvietnam.com\\\/vi\\\/sanpham\\\/cac-mon-com\\\/com-chien-rau-cu\\\/\",\"name\":\"Vegetable Fried Rice (C\u01a0M CHI\u00caN RAU C\u1ee6) - Tandoor Vi\u1ec7t Nam\",\"isPartOf\":{\"@id\":\"https:\\\/\\\/tandoorvietnam.com\\\/vi\\\/#website\"},\"primaryImageOfPage\":{\"@id\":\"https:\\\/\\\/tandoorvietnam.com\\\/vi\\\/sanpham\\\/cac-mon-com\\\/com-chien-rau-cu\\\/#primaryimage\"},\"image\":{\"@id\":\"https:\\\/\\\/tandoorvietnam.com\\\/vi\\\/sanpham\\\/cac-mon-com\\\/com-chien-rau-cu\\\/#primaryimage\"},\"thumbnailUrl\":\"https:\\\/\\\/tandoorvietnam.com\\\/wp-content\\\/uploads\\\/2020\\\/06\\\/Vegetable-fried-rice.jpg\",\"datePublished\":\"2021-04-11T13:50:59+00:00\",\"dateModified\":\"2023-05-21T04:28:40+00:00\",\"description\":\"C\u01a1m chi\u00ean rau c\u1ee7 h\u1ea5p d\u1eabn v\u1edbi h\u01b0\u01a1ng v\u1ecb tuy\u1ec7t v\u1eddi, l\u00e0 m\u1ed9t trong nh\u1eefng m\u00f3n \u0103n truy\u1ec1n th\u1ed1ng \u0111\u1eadm ch\u1ea5t \u1ea4n \u0110\u1ed9 t\u1ea1i nh\u00e0 h\u00e0ng Tandoor Vietnam.\",\"breadcrumb\":{\"@id\":\"https:\\\/\\\/tandoorvietnam.com\\\/vi\\\/sanpham\\\/cac-mon-com\\\/com-chien-rau-cu\\\/#breadcrumb\"},\"inLanguage\":\"vi-VN\",\"potentialAction\":[{\"@type\":\"ReadAction\",\"target\":[\"https:\\\/\\\/tandoorvietnam.com\\\/vi\\\/sanpham\\\/cac-mon-com\\\/com-chien-rau-cu\\\/\"]}]},{\"@type\":\"ImageObject\",\"inLanguage\":\"vi-VN\",\"@id\":\"https:\\\/\\\/tandoorvietnam.com\\\/vi\\\/sanpham\\\/cac-mon-com\\\/com-chien-rau-cu\\\/#primaryimage\",\"url\":\"https:\\\/\\\/tandoorvietnam.com\\\/wp-content\\\/uploads\\\/2020\\\/06\\\/Vegetable-fried-rice.jpg\",\"contentUrl\":\"https:\\\/\\\/tandoorvietnam.com\\\/wp-content\\\/uploads\\\/2020\\\/06\\\/Vegetable-fried-rice.jpg\",\"width\":1400,\"height\":1400,\"caption\":\"C\u01a0M CHI\u00caN RAU C\u1ee6\"},{\"@type\":\"BreadcrumbList\",\"@id\":\"https:\\\/\\\/tandoorvietnam.com\\\/vi\\\/sanpham\\\/cac-mon-com\\\/com-chien-rau-cu\\\/#breadcrumb\",\"itemListElement\":[{\"@type\":\"ListItem\",\"position\":1,\"name\":\"Trang Ch\u1ee7\",\"item\":\"https:\\\/\\\/tandoorvietnam.com\\\/vi\\\/\"},{\"@type\":\"ListItem\",\"position\":2,\"name\":\"Shop\",\"item\":\"https:\\\/\\\/tandoorvietnam.com\\\/shop\\\/\"},{\"@type\":\"ListItem\",\"position\":3,\"name\":\"Vegetable Fried Rice (C\u01a0M CHI\u00caN RAU C\u1ee6)\"}]},{\"@type\":\"WebSite\",\"@id\":\"https:\\\/\\\/tandoorvietnam.com\\\/vi\\\/#website\",\"url\":\"https:\\\/\\\/tandoorvietnam.com\\\/vi\\\/\",\"name\":\"Tandoor Vietnam\",\"description\":\"Nh\u00e0 h\u00e0ng ngon h\u1ed3 ch\u00ed minh\",\"publisher\":{\"@id\":\"https:\\\/\\\/tandoorvietnam.com\\\/vi\\\/#organization\"},\"potentialAction\":[{\"@type\":\"SearchAction\",\"target\":{\"@type\":\"EntryPoint\",\"urlTemplate\":\"https:\\\/\\\/tandoorvietnam.com\\\/vi\\\/?s={search_term_string}\"},\"query-input\":{\"@type\":\"PropertyValueSpecification\",\"valueRequired\":true,\"valueName\":\"search_term_string\"}}],\"inLanguage\":\"vi-VN\"},{\"@type\":\"Organization\",\"@id\":\"https:\\\/\\\/tandoorvietnam.com\\\/vi\\\/#organization\",\"name\":\"Tandoor Vietnam\",\"url\":\"https:\\\/\\\/tandoorvietnam.com\\\/vi\\\/\",\"logo\":{\"@type\":\"ImageObject\",\"inLanguage\":\"vi-VN\",\"@id\":\"https:\\\/\\\/tandoorvietnam.com\\\/vi\\\/#\\\/schema\\\/logo\\\/image\\\/\",\"url\":\"https:\\\/\\\/tandoorvietnam.com\\\/wp-content\\\/uploads\\\/2020\\\/07\\\/logo.png\",\"contentUrl\":\"https:\\\/\\\/tandoorvietnam.com\\\/wp-content\\\/uploads\\\/2020\\\/07\\\/logo.png\",\"width\":133,\"height\":75,\"caption\":\"Tandoor Vietnam\"},\"image\":{\"@id\":\"https:\\\/\\\/tandoorvietnam.com\\\/vi\\\/#\\\/schema\\\/logo\\\/image\\\/\"},\"sameAs\":[\"https:\\\/\\\/www.facebook.com\\\/tandoor.hcmc\\\/\"]}]}<\/script>\n<!-- \/ Yoast SEO Premium plugin. -->","yoast_head_json":{"title":"Vegetable Fried Rice (C\u01a0M CHI\u00caN RAU C\u1ee6) - Tandoor Vi\u1ec7t Nam","description":"C\u01a1m chi\u00ean rau c\u1ee7 h\u1ea5p d\u1eabn v\u1edbi h\u01b0\u01a1ng v\u1ecb tuy\u1ec7t v\u1eddi, l\u00e0 m\u1ed9t trong nh\u1eefng m\u00f3n \u0103n truy\u1ec1n th\u1ed1ng \u0111\u1eadm ch\u1ea5t \u1ea4n \u0110\u1ed9 t\u1ea1i nh\u00e0 h\u00e0ng Tandoor Vietnam.","robots":{"index":"index","follow":"follow","max-snippet":"max-snippet:-1","max-image-preview":"max-image-preview:large","max-video-preview":"max-video-preview:-1"},"canonical":"https:\/\/tandoorvietnam.com\/vi\/sanpham\/cac-mon-com\/com-chien-rau-cu\/","og_locale":"vi_VN","og_type":"article","og_title":"Vegetable Fried Rice (C\u01a0M CHI\u00caN RAU C\u1ee6)","og_description":"C\u01a1m chi\u00ean rau c\u1ee7 h\u1ea5p d\u1eabn v\u1edbi h\u01b0\u01a1ng v\u1ecb tuy\u1ec7t v\u1eddi, l\u00e0 m\u1ed9t trong nh\u1eefng m\u00f3n \u0103n truy\u1ec1n th\u1ed1ng \u0111\u1eadm ch\u1ea5t \u1ea4n \u0110\u1ed9 t\u1ea1i nh\u00e0 h\u00e0ng Tandoor Vietnam.","og_url":"https:\/\/tandoorvietnam.com\/vi\/sanpham\/cac-mon-com\/com-chien-rau-cu\/","og_site_name":"Tandoor Vi\u1ec7t Nam","article_publisher":"https:\/\/www.facebook.com\/tandoor.hcmc\/","article_modified_time":"2023-05-21T04:28:40+00:00","og_image":[{"width":1400,"height":1400,"url":"https:\/\/tandoorvietnam.com\/wp-content\/uploads\/2020\/06\/Vegetable-fried-rice.jpg","type":"image\/jpeg"}],"twitter_card":"summary_large_image","twitter_misc":{"Est. reading time":"2 minutes"},"schema":{"@context":"https:\/\/schema.org","@graph":[{"@type":"WebPage","@id":"https:\/\/tandoorvietnam.com\/vi\/sanpham\/cac-mon-com\/com-chien-rau-cu\/","url":"https:\/\/tandoorvietnam.com\/vi\/sanpham\/cac-mon-com\/com-chien-rau-cu\/","name":"Vegetable Fried Rice (C\u01a0M CHI\u00caN RAU C\u1ee6) - Tandoor Vi\u1ec7t Nam","isPartOf":{"@id":"https:\/\/tandoorvietnam.com\/vi\/#website"},"primaryImageOfPage":{"@id":"https:\/\/tandoorvietnam.com\/vi\/sanpham\/cac-mon-com\/com-chien-rau-cu\/#primaryimage"},"image":{"@id":"https:\/\/tandoorvietnam.com\/vi\/sanpham\/cac-mon-com\/com-chien-rau-cu\/#primaryimage"},"thumbnailUrl":"https:\/\/tandoorvietnam.com\/wp-content\/uploads\/2020\/06\/Vegetable-fried-rice.jpg","datePublished":"2021-04-11T13:50:59+00:00","dateModified":"2023-05-21T04:28:40+00:00","description":"C\u01a1m chi\u00ean rau c\u1ee7 h\u1ea5p d\u1eabn v\u1edbi h\u01b0\u01a1ng v\u1ecb tuy\u1ec7t v\u1eddi, l\u00e0 m\u1ed9t trong nh\u1eefng m\u00f3n \u0103n truy\u1ec1n th\u1ed1ng \u0111\u1eadm ch\u1ea5t \u1ea4n \u0110\u1ed9 t\u1ea1i nh\u00e0 h\u00e0ng Tandoor Vietnam.","breadcrumb":{"@id":"https:\/\/tandoorvietnam.com\/vi\/sanpham\/cac-mon-com\/com-chien-rau-cu\/#breadcrumb"},"inLanguage":"vi-VN","potentialAction":[{"@type":"ReadAction","target":["https:\/\/tandoorvietnam.com\/vi\/sanpham\/cac-mon-com\/com-chien-rau-cu\/"]}]},{"@type":"ImageObject","inLanguage":"vi-VN","@id":"https:\/\/tandoorvietnam.com\/vi\/sanpham\/cac-mon-com\/com-chien-rau-cu\/#primaryimage","url":"https:\/\/tandoorvietnam.com\/wp-content\/uploads\/2020\/06\/Vegetable-fried-rice.jpg","contentUrl":"https:\/\/tandoorvietnam.com\/wp-content\/uploads\/2020\/06\/Vegetable-fried-rice.jpg","width":1400,"height":1400,"caption":"C\u01a0M CHI\u00caN RAU C\u1ee6"},{"@type":"BreadcrumbList","@id":"https:\/\/tandoorvietnam.com\/vi\/sanpham\/cac-mon-com\/com-chien-rau-cu\/#breadcrumb","itemListElement":[{"@type":"ListItem","position":1,"name":"Trang Ch\u1ee7","item":"https:\/\/tandoorvietnam.com\/vi\/"},{"@type":"ListItem","position":2,"name":"Shop","item":"https:\/\/tandoorvietnam.com\/shop\/"},{"@type":"ListItem","position":3,"name":"Vegetable Fried Rice (C\u01a0M CHI\u00caN RAU C\u1ee6)"}]},{"@type":"WebSite","@id":"https:\/\/tandoorvietnam.com\/vi\/#website","url":"https:\/\/tandoorvietnam.com\/vi\/","name":"Tandoor Vietnam","description":"Nh\u00e0 h\u00e0ng ngon h\u1ed3 ch\u00ed minh","publisher":{"@id":"https:\/\/tandoorvietnam.com\/vi\/#organization"},"potentialAction":[{"@type":"SearchAction","target":{"@type":"EntryPoint","urlTemplate":"https:\/\/tandoorvietnam.com\/vi\/?s={search_term_string}"},"query-input":{"@type":"PropertyValueSpecification","valueRequired":true,"valueName":"search_term_string"}}],"inLanguage":"vi-VN"},{"@type":"Organization","@id":"https:\/\/tandoorvietnam.com\/vi\/#organization","name":"Tandoor Vietnam","url":"https:\/\/tandoorvietnam.com\/vi\/","logo":{"@type":"ImageObject","inLanguage":"vi-VN","@id":"https:\/\/tandoorvietnam.com\/vi\/#\/schema\/logo\/image\/","url":"https:\/\/tandoorvietnam.com\/wp-content\/uploads\/2020\/07\/logo.png","contentUrl":"https:\/\/tandoorvietnam.com\/wp-content\/uploads\/2020\/07\/logo.png","width":133,"height":75,"caption":"Tandoor Vietnam"},"image":{"@id":"https:\/\/tandoorvietnam.com\/vi\/#\/schema\/logo\/image\/"},"sameAs":["https:\/\/www.facebook.com\/tandoor.hcmc\/"]}]}},"_links":{"self":[{"href":"https:\/\/tandoorvietnam.com\/vi\/wp-json\/wp\/v2\/product\/3046","targetHints":{"allow":["GET"]}}],"collection":[{"href":"https:\/\/tandoorvietnam.com\/vi\/wp-json\/wp\/v2\/product"}],"about":[{"href":"https:\/\/tandoorvietnam.com\/vi\/wp-json\/wp\/v2\/types\/product"}],"wp:featuredmedia":[{"embeddable":true,"href":"https:\/\/tandoorvietnam.com\/vi\/wp-json\/wp\/v2\/media\/3047"}],"wp:attachment":[{"href":"https:\/\/tandoorvietnam.com\/vi\/wp-json\/wp\/v2\/media?parent=3046"}],"wp:term":[{"taxonomy":"product_brand","embeddable":true,"href":"https:\/\/tandoorvietnam.com\/vi\/wp-json\/wp\/v2\/product_brand?post=3046"},{"taxonomy":"product_cat","embeddable":true,"href":"https:\/\/tandoorvietnam.com\/vi\/wp-json\/wp\/v2\/product_cat?post=3046"},{"taxonomy":"product_tag","embeddable":true,"href":"https:\/\/tandoorvietnam.com\/vi\/wp-json\/wp\/v2\/product_tag?post=3046"}],"curies":[{"name":"wp","href":"https:\/\/api.w.org\/{rel}","templated":true}]}}