{"id":3048,"date":"2020-06-20T14:56:43","date_gmt":"2021-04-11T13:52:23","guid":{"rendered":"http:\/\/tandoorvietnam.com\/product\/uncategorized\/com-basmati-rau-thap-cam\/"},"modified":"2023-05-21T03:57:00","modified_gmt":"2023-05-21T03:57:00","slug":"com-basmati-rau-thap-cam","status":"publish","type":"product","link":"https:\/\/tandoorvietnam.com\/vi\/sanpham\/cac-mon-com\/com-basmati-rau-thap-cam\/","title":{"rendered":"Vegetable Pilau (C\u01a0M BASMATI RAU TH\u1eacP C\u1ea8M)"},"content":{"rendered":"<p>C\u01a1m Basmati Rau Th\u1eadp C\u1ea9m (Vegetable Pilau) l\u00e0 m\u1ed9t m\u00f3n \u0103n truy\u1ec1n th\u1ed1ng c\u1ee7a \u1ea4n \u0110\u1ed9, \u0111\u01b0\u1ee3c ch\u1ebf bi\u1ebfn t\u1eeb lo\u1ea1i g\u1ea1o Basmati th\u01b0\u1ee3ng h\u1ea1ng. T\u1ea1i Tandoor Vietnam, ch\u00fang t\u00f4i ch\u1ecdn nh\u1eefng h\u1ea1t g\u1ea1o Basmati t\u01b0\u01a1i ngon v\u00e0 tinh t\u00fay \u0111\u1ec3 n\u1ea5u th\u00e0nh nh\u1eefng th\u1edb g\u1ea1o h\u01b0\u01a1ng th\u01a1m \u0111\u1eb7c tr\u01b0ng.<\/p>\n<p>H\u01b0\u01a1ng v\u1ecb \u0111\u1ed9c \u0111\u00e1o c\u1ee7a C\u01a1m Basmati \u0111\u01b0\u1ee3c k\u1ebft h\u1ee3p v\u1edbi \u0111a d\u1ea1ng rau th\u1eadp c\u1ea9m t\u01b0\u01a1i ngon, bao g\u1ed3m c\u00e0 chua, d\u01b0a leo, c\u00e0 r\u1ed1t, b\u00f4ng c\u1ea3i xanh, v\u00e0 h\u00e0nh t\u00e2y. Nh\u1eefng lo\u1ea1i rau n\u00e0y kh\u00f4ng ch\u1ec9 t\u1ea1o n\u00ean m\u1ed9t m\u00e0u s\u1eafc \u0111\u1eb9p m\u1eaft m\u00e0 c\u00f2n mang l\u1ea1i s\u1ef1 t\u01b0\u01a1i ngon v\u00e0 h\u1ea5p d\u1eabn cho m\u00f3n \u0103n.<\/p>\n<p>Vegetable Pilau c\u00f3 v\u1ecb ng\u1ecdt t\u1ef1 nhi\u00ean v\u00e0 h\u01b0\u01a1ng th\u01a1m tinh t\u1ebf. S\u1ef1 h\u00f2a quy\u1ec7n gi\u1eefa h\u1ea1t g\u1ea1o Basmati v\u00e0 c\u00e1c lo\u1ea1i rau t\u1ea1o n\u00ean m\u1ed9t m\u00f3n c\u01a1m tuy\u1ec7t v\u1eddi v\u1edbi h\u01b0\u01a1ng v\u1ecb \u0111\u1ed9c \u0111\u00e1o v\u00e0 c\u00e2n b\u1eb1ng dinh d\u01b0\u1ee1ng.<\/p>\n<p>\u0110\u00e2y l\u00e0 m\u1ed9t m\u00f3n \u0103n ho\u00e0n h\u1ea3o cho nh\u1eefng ng\u01b0\u1eddi y\u00eau th\u00edch \u1ea9m th\u1ef1c \u1ea4n \u0110\u1ed9 v\u00e0 mu\u1ed1n kh\u00e1m ph\u00e1 nh\u1eefng m\u00f3n c\u01a1m \u0111\u1eb7c tr\u01b0ng c\u1ee7a n\u01b0\u1edbc n\u00e0y. Ch\u00fang t\u00f4i cam k\u1ebft s\u1eed d\u1ee5ng nh\u1eefng nguy\u00ean li\u1ec7u t\u01b0\u01a1i ngon v\u00e0 ch\u1ea5t l\u01b0\u1ee3ng \u0111\u1ec3 mang \u0111\u1ebfn cho b\u1ea1n tr\u1ea3i nghi\u1ec7m \u1ea9m th\u1ef1c tuy\u1ec7t v\u1eddi.<\/p>\n<p>Vegetable Pilau l\u00e0 m\u1ed9t l\u1ef1a ch\u1ecdn tuy\u1ec7t v\u1eddi cho b\u1eefa \u0103n tr\u01b0a ho\u1eb7c t\u1ed1i. B\u1ea1n c\u00f3 th\u1ec3 k\u1ebft h\u1ee3p n\u00f3 v\u1edbi c\u00e1c m\u00f3n n\u01b0\u1edbc, m\u00f3n kho ho\u1eb7c m\u00f3n n\u01b0\u1edbng \u0111\u1ec3 t\u1ea1o n\u00ean m\u1ed9t b\u1eefa \u0103n th\u00fa v\u1ecb v\u00e0 \u0111\u1ea7y \u0111\u1ee7 dinh d\u01b0\u1ee1ng. H\u00e3y \u0111\u1ebfn <a href=\"https:\/\/tandoorvietnam.com\/\">Tandoor Vietnam<\/a> v\u00e0 th\u01b0\u1edfng th\u1ee9c C\u01a1m Basmati Rau Th\u1eadp C\u1ea9m, m\u00f3n \u0103n \u0111\u1eadm ch\u1ea5t \u1ea4n \u0110\u1ed9 v\u1edbi h\u01b0\u01a1ng v\u1ecb \u0111\u1ed9c \u0111\u00e1o v\u00e0 tinh t\u1ebf.<\/p>\n","protected":false},"excerpt":{"rendered":"<p>&nbsp;<\/p>\n<table width=\"723\">\n<tbody>\n<tr>\n<td width=\"412\">Basmati rice cooked with mix vegetable<\/td>\n<\/tr>\n<tr>\n<td width=\"412\"><em> C\u01a1m basmati n\u1ea5u v\u1edbi rau th\u1eadp c\u1ea9m<\/em><\/td>\n<\/tr>\n<\/tbody>\n<\/table>\n","protected":false},"featured_media":3049,"template":"","meta":[],"product_brand":[],"product_cat":[216],"product_tag":[],"class_list":{"0":"post-3048","1":"product","2":"type-product","3":"status-publish","4":"has-post-thumbnail","6":"product_cat-cac-mon-com","8":"first","9":"instock","10":"taxable","11":"shipping-taxable","12":"purchasable","13":"product-type-simple"},"yoast_head":"<!-- This site is optimized with the Yoast SEO Premium plugin v22.3 (Yoast SEO v27.4) - https:\/\/yoast.com\/product\/yoast-seo-premium-wordpress\/ -->\n<title>Vegetable Pilau (C\u01a0M BASMATI RAU TH\u1eacP C\u1ea8M)<\/title>\n<meta name=\"description\" content=\"C\u01a1m Basmati h\u01b0\u01a1ng th\u01a1m k\u1ebft h\u1ee3p v\u1edbi \u0111a d\u1ea1ng rau th\u1eadp c\u1ea9m. M\u00f3n \u0103n truy\u1ec1n th\u1ed1ng t\u1eeb \u1ea4n \u0110\u1ed9, mang \u0111\u1ebfn cho b\u1ea1n tr\u1ea3i nghi\u1ec7m \u1ea9m th\u1ef1c \u0111\u1ed9c \u0111\u00e1o t\u1ea1i Tandoor Vietnam.\" \/>\n<meta name=\"robots\" content=\"index, follow, max-snippet:-1, max-image-preview:large, max-video-preview:-1\" \/>\n<link rel=\"canonical\" href=\"https:\/\/tandoorvietnam.com\/vi\/sanpham\/cac-mon-com\/com-basmati-rau-thap-cam\/\" \/>\n<meta property=\"og:locale\" content=\"vi_VN\" \/>\n<meta property=\"og:type\" content=\"article\" \/>\n<meta property=\"og:title\" content=\"Vegetable Pilau (C\u01a0M BASMATI RAU TH\u1eacP C\u1ea8M)\" \/>\n<meta property=\"og:description\" content=\"C\u01a1m Basmati h\u01b0\u01a1ng th\u01a1m k\u1ebft h\u1ee3p v\u1edbi \u0111a d\u1ea1ng rau th\u1eadp c\u1ea9m. M\u00f3n \u0103n truy\u1ec1n th\u1ed1ng t\u1eeb \u1ea4n \u0110\u1ed9, mang \u0111\u1ebfn cho b\u1ea1n tr\u1ea3i nghi\u1ec7m \u1ea9m th\u1ef1c \u0111\u1ed9c \u0111\u00e1o t\u1ea1i Tandoor Vietnam.\" \/>\n<meta property=\"og:url\" content=\"https:\/\/tandoorvietnam.com\/vi\/sanpham\/cac-mon-com\/com-basmati-rau-thap-cam\/\" \/>\n<meta property=\"og:site_name\" content=\"Tandoor Vi\u1ec7t Nam\" \/>\n<meta property=\"article:publisher\" content=\"https:\/\/www.facebook.com\/tandoor.hcmc\/\" \/>\n<meta property=\"article:modified_time\" content=\"2023-05-21T03:57:00+00:00\" \/>\n<meta property=\"og:image\" content=\"https:\/\/tandoorvietnam.com\/wp-content\/uploads\/2020\/06\/Vegetable-Pilau.jpg\" \/>\n\t<meta property=\"og:image:width\" content=\"1400\" \/>\n\t<meta property=\"og:image:height\" content=\"1400\" \/>\n\t<meta property=\"og:image:type\" content=\"image\/jpeg\" \/>\n<meta name=\"twitter:card\" content=\"summary_large_image\" \/>\n<meta name=\"twitter:label1\" content=\"Est. reading time\" \/>\n\t<meta name=\"twitter:data1\" content=\"2 minutes\" \/>\n<script type=\"application\/ld+json\" class=\"yoast-schema-graph\">{\"@context\":\"https:\\\/\\\/schema.org\",\"@graph\":[{\"@type\":\"WebPage\",\"@id\":\"https:\\\/\\\/tandoorvietnam.com\\\/vi\\\/sanpham\\\/cac-mon-com\\\/com-basmati-rau-thap-cam\\\/\",\"url\":\"https:\\\/\\\/tandoorvietnam.com\\\/vi\\\/sanpham\\\/cac-mon-com\\\/com-basmati-rau-thap-cam\\\/\",\"name\":\"Vegetable Pilau (C\u01a0M BASMATI RAU TH\u1eacP C\u1ea8M)\",\"isPartOf\":{\"@id\":\"https:\\\/\\\/tandoorvietnam.com\\\/vi\\\/#website\"},\"primaryImageOfPage\":{\"@id\":\"https:\\\/\\\/tandoorvietnam.com\\\/vi\\\/sanpham\\\/cac-mon-com\\\/com-basmati-rau-thap-cam\\\/#primaryimage\"},\"image\":{\"@id\":\"https:\\\/\\\/tandoorvietnam.com\\\/vi\\\/sanpham\\\/cac-mon-com\\\/com-basmati-rau-thap-cam\\\/#primaryimage\"},\"thumbnailUrl\":\"https:\\\/\\\/tandoorvietnam.com\\\/wp-content\\\/uploads\\\/2020\\\/06\\\/Vegetable-Pilau.jpg\",\"datePublished\":\"2021-04-11T13:52:23+00:00\",\"dateModified\":\"2023-05-21T03:57:00+00:00\",\"description\":\"C\u01a1m Basmati h\u01b0\u01a1ng th\u01a1m k\u1ebft h\u1ee3p v\u1edbi \u0111a d\u1ea1ng rau th\u1eadp c\u1ea9m. M\u00f3n \u0103n truy\u1ec1n th\u1ed1ng t\u1eeb \u1ea4n \u0110\u1ed9, mang \u0111\u1ebfn cho b\u1ea1n tr\u1ea3i nghi\u1ec7m \u1ea9m th\u1ef1c \u0111\u1ed9c \u0111\u00e1o t\u1ea1i Tandoor Vietnam.\",\"breadcrumb\":{\"@id\":\"https:\\\/\\\/tandoorvietnam.com\\\/vi\\\/sanpham\\\/cac-mon-com\\\/com-basmati-rau-thap-cam\\\/#breadcrumb\"},\"inLanguage\":\"vi-VN\",\"potentialAction\":[{\"@type\":\"ReadAction\",\"target\":[\"https:\\\/\\\/tandoorvietnam.com\\\/vi\\\/sanpham\\\/cac-mon-com\\\/com-basmati-rau-thap-cam\\\/\"]}]},{\"@type\":\"ImageObject\",\"inLanguage\":\"vi-VN\",\"@id\":\"https:\\\/\\\/tandoorvietnam.com\\\/vi\\\/sanpham\\\/cac-mon-com\\\/com-basmati-rau-thap-cam\\\/#primaryimage\",\"url\":\"https:\\\/\\\/tandoorvietnam.com\\\/wp-content\\\/uploads\\\/2020\\\/06\\\/Vegetable-Pilau.jpg\",\"contentUrl\":\"https:\\\/\\\/tandoorvietnam.com\\\/wp-content\\\/uploads\\\/2020\\\/06\\\/Vegetable-Pilau.jpg\",\"width\":1400,\"height\":1400,\"caption\":\"C\u01a0M BASMATI RAU TH\u1eacP C\u1ea8M\"},{\"@type\":\"BreadcrumbList\",\"@id\":\"https:\\\/\\\/tandoorvietnam.com\\\/vi\\\/sanpham\\\/cac-mon-com\\\/com-basmati-rau-thap-cam\\\/#breadcrumb\",\"itemListElement\":[{\"@type\":\"ListItem\",\"position\":1,\"name\":\"Trang Ch\u1ee7\",\"item\":\"https:\\\/\\\/tandoorvietnam.com\\\/vi\\\/\"},{\"@type\":\"ListItem\",\"position\":2,\"name\":\"Shop\",\"item\":\"https:\\\/\\\/tandoorvietnam.com\\\/shop\\\/\"},{\"@type\":\"ListItem\",\"position\":3,\"name\":\"Vegetable Pilau (C\u01a0M BASMATI RAU TH\u1eacP C\u1ea8M)\"}]},{\"@type\":\"WebSite\",\"@id\":\"https:\\\/\\\/tandoorvietnam.com\\\/vi\\\/#website\",\"url\":\"https:\\\/\\\/tandoorvietnam.com\\\/vi\\\/\",\"name\":\"Tandoor Vietnam\",\"description\":\"Nh\u00e0 h\u00e0ng ngon h\u1ed3 ch\u00ed minh\",\"publisher\":{\"@id\":\"https:\\\/\\\/tandoorvietnam.com\\\/vi\\\/#organization\"},\"potentialAction\":[{\"@type\":\"SearchAction\",\"target\":{\"@type\":\"EntryPoint\",\"urlTemplate\":\"https:\\\/\\\/tandoorvietnam.com\\\/vi\\\/?s={search_term_string}\"},\"query-input\":{\"@type\":\"PropertyValueSpecification\",\"valueRequired\":true,\"valueName\":\"search_term_string\"}}],\"inLanguage\":\"vi-VN\"},{\"@type\":\"Organization\",\"@id\":\"https:\\\/\\\/tandoorvietnam.com\\\/vi\\\/#organization\",\"name\":\"Tandoor Vietnam\",\"url\":\"https:\\\/\\\/tandoorvietnam.com\\\/vi\\\/\",\"logo\":{\"@type\":\"ImageObject\",\"inLanguage\":\"vi-VN\",\"@id\":\"https:\\\/\\\/tandoorvietnam.com\\\/vi\\\/#\\\/schema\\\/logo\\\/image\\\/\",\"url\":\"https:\\\/\\\/tandoorvietnam.com\\\/wp-content\\\/uploads\\\/2020\\\/07\\\/logo.png\",\"contentUrl\":\"https:\\\/\\\/tandoorvietnam.com\\\/wp-content\\\/uploads\\\/2020\\\/07\\\/logo.png\",\"width\":133,\"height\":75,\"caption\":\"Tandoor Vietnam\"},\"image\":{\"@id\":\"https:\\\/\\\/tandoorvietnam.com\\\/vi\\\/#\\\/schema\\\/logo\\\/image\\\/\"},\"sameAs\":[\"https:\\\/\\\/www.facebook.com\\\/tandoor.hcmc\\\/\"]}]}<\/script>\n<!-- \/ Yoast SEO Premium plugin. -->","yoast_head_json":{"title":"Vegetable Pilau (C\u01a0M BASMATI RAU TH\u1eacP C\u1ea8M)","description":"C\u01a1m Basmati h\u01b0\u01a1ng th\u01a1m k\u1ebft h\u1ee3p v\u1edbi \u0111a d\u1ea1ng rau th\u1eadp c\u1ea9m. M\u00f3n \u0103n truy\u1ec1n th\u1ed1ng t\u1eeb \u1ea4n \u0110\u1ed9, mang \u0111\u1ebfn cho b\u1ea1n tr\u1ea3i nghi\u1ec7m \u1ea9m th\u1ef1c \u0111\u1ed9c \u0111\u00e1o t\u1ea1i Tandoor Vietnam.","robots":{"index":"index","follow":"follow","max-snippet":"max-snippet:-1","max-image-preview":"max-image-preview:large","max-video-preview":"max-video-preview:-1"},"canonical":"https:\/\/tandoorvietnam.com\/vi\/sanpham\/cac-mon-com\/com-basmati-rau-thap-cam\/","og_locale":"vi_VN","og_type":"article","og_title":"Vegetable Pilau (C\u01a0M BASMATI RAU TH\u1eacP C\u1ea8M)","og_description":"C\u01a1m Basmati h\u01b0\u01a1ng th\u01a1m k\u1ebft h\u1ee3p v\u1edbi \u0111a d\u1ea1ng rau th\u1eadp c\u1ea9m. M\u00f3n \u0103n truy\u1ec1n th\u1ed1ng t\u1eeb \u1ea4n \u0110\u1ed9, mang \u0111\u1ebfn cho b\u1ea1n tr\u1ea3i nghi\u1ec7m \u1ea9m th\u1ef1c \u0111\u1ed9c \u0111\u00e1o t\u1ea1i Tandoor Vietnam.","og_url":"https:\/\/tandoorvietnam.com\/vi\/sanpham\/cac-mon-com\/com-basmati-rau-thap-cam\/","og_site_name":"Tandoor Vi\u1ec7t Nam","article_publisher":"https:\/\/www.facebook.com\/tandoor.hcmc\/","article_modified_time":"2023-05-21T03:57:00+00:00","og_image":[{"width":1400,"height":1400,"url":"https:\/\/tandoorvietnam.com\/wp-content\/uploads\/2020\/06\/Vegetable-Pilau.jpg","type":"image\/jpeg"}],"twitter_card":"summary_large_image","twitter_misc":{"Est. reading time":"2 minutes"},"schema":{"@context":"https:\/\/schema.org","@graph":[{"@type":"WebPage","@id":"https:\/\/tandoorvietnam.com\/vi\/sanpham\/cac-mon-com\/com-basmati-rau-thap-cam\/","url":"https:\/\/tandoorvietnam.com\/vi\/sanpham\/cac-mon-com\/com-basmati-rau-thap-cam\/","name":"Vegetable Pilau (C\u01a0M BASMATI RAU TH\u1eacP C\u1ea8M)","isPartOf":{"@id":"https:\/\/tandoorvietnam.com\/vi\/#website"},"primaryImageOfPage":{"@id":"https:\/\/tandoorvietnam.com\/vi\/sanpham\/cac-mon-com\/com-basmati-rau-thap-cam\/#primaryimage"},"image":{"@id":"https:\/\/tandoorvietnam.com\/vi\/sanpham\/cac-mon-com\/com-basmati-rau-thap-cam\/#primaryimage"},"thumbnailUrl":"https:\/\/tandoorvietnam.com\/wp-content\/uploads\/2020\/06\/Vegetable-Pilau.jpg","datePublished":"2021-04-11T13:52:23+00:00","dateModified":"2023-05-21T03:57:00+00:00","description":"C\u01a1m Basmati h\u01b0\u01a1ng th\u01a1m k\u1ebft h\u1ee3p v\u1edbi \u0111a d\u1ea1ng rau th\u1eadp c\u1ea9m. M\u00f3n \u0103n truy\u1ec1n th\u1ed1ng t\u1eeb \u1ea4n \u0110\u1ed9, mang \u0111\u1ebfn cho b\u1ea1n tr\u1ea3i nghi\u1ec7m \u1ea9m th\u1ef1c \u0111\u1ed9c \u0111\u00e1o t\u1ea1i Tandoor Vietnam.","breadcrumb":{"@id":"https:\/\/tandoorvietnam.com\/vi\/sanpham\/cac-mon-com\/com-basmati-rau-thap-cam\/#breadcrumb"},"inLanguage":"vi-VN","potentialAction":[{"@type":"ReadAction","target":["https:\/\/tandoorvietnam.com\/vi\/sanpham\/cac-mon-com\/com-basmati-rau-thap-cam\/"]}]},{"@type":"ImageObject","inLanguage":"vi-VN","@id":"https:\/\/tandoorvietnam.com\/vi\/sanpham\/cac-mon-com\/com-basmati-rau-thap-cam\/#primaryimage","url":"https:\/\/tandoorvietnam.com\/wp-content\/uploads\/2020\/06\/Vegetable-Pilau.jpg","contentUrl":"https:\/\/tandoorvietnam.com\/wp-content\/uploads\/2020\/06\/Vegetable-Pilau.jpg","width":1400,"height":1400,"caption":"C\u01a0M BASMATI RAU TH\u1eacP C\u1ea8M"},{"@type":"BreadcrumbList","@id":"https:\/\/tandoorvietnam.com\/vi\/sanpham\/cac-mon-com\/com-basmati-rau-thap-cam\/#breadcrumb","itemListElement":[{"@type":"ListItem","position":1,"name":"Trang Ch\u1ee7","item":"https:\/\/tandoorvietnam.com\/vi\/"},{"@type":"ListItem","position":2,"name":"Shop","item":"https:\/\/tandoorvietnam.com\/shop\/"},{"@type":"ListItem","position":3,"name":"Vegetable Pilau (C\u01a0M BASMATI RAU TH\u1eacP C\u1ea8M)"}]},{"@type":"WebSite","@id":"https:\/\/tandoorvietnam.com\/vi\/#website","url":"https:\/\/tandoorvietnam.com\/vi\/","name":"Tandoor Vietnam","description":"Nh\u00e0 h\u00e0ng ngon h\u1ed3 ch\u00ed minh","publisher":{"@id":"https:\/\/tandoorvietnam.com\/vi\/#organization"},"potentialAction":[{"@type":"SearchAction","target":{"@type":"EntryPoint","urlTemplate":"https:\/\/tandoorvietnam.com\/vi\/?s={search_term_string}"},"query-input":{"@type":"PropertyValueSpecification","valueRequired":true,"valueName":"search_term_string"}}],"inLanguage":"vi-VN"},{"@type":"Organization","@id":"https:\/\/tandoorvietnam.com\/vi\/#organization","name":"Tandoor Vietnam","url":"https:\/\/tandoorvietnam.com\/vi\/","logo":{"@type":"ImageObject","inLanguage":"vi-VN","@id":"https:\/\/tandoorvietnam.com\/vi\/#\/schema\/logo\/image\/","url":"https:\/\/tandoorvietnam.com\/wp-content\/uploads\/2020\/07\/logo.png","contentUrl":"https:\/\/tandoorvietnam.com\/wp-content\/uploads\/2020\/07\/logo.png","width":133,"height":75,"caption":"Tandoor Vietnam"},"image":{"@id":"https:\/\/tandoorvietnam.com\/vi\/#\/schema\/logo\/image\/"},"sameAs":["https:\/\/www.facebook.com\/tandoor.hcmc\/"]}]}},"_links":{"self":[{"href":"https:\/\/tandoorvietnam.com\/vi\/wp-json\/wp\/v2\/product\/3048","targetHints":{"allow":["GET"]}}],"collection":[{"href":"https:\/\/tandoorvietnam.com\/vi\/wp-json\/wp\/v2\/product"}],"about":[{"href":"https:\/\/tandoorvietnam.com\/vi\/wp-json\/wp\/v2\/types\/product"}],"wp:featuredmedia":[{"embeddable":true,"href":"https:\/\/tandoorvietnam.com\/vi\/wp-json\/wp\/v2\/media\/3049"}],"wp:attachment":[{"href":"https:\/\/tandoorvietnam.com\/vi\/wp-json\/wp\/v2\/media?parent=3048"}],"wp:term":[{"taxonomy":"product_brand","embeddable":true,"href":"https:\/\/tandoorvietnam.com\/vi\/wp-json\/wp\/v2\/product_brand?post=3048"},{"taxonomy":"product_cat","embeddable":true,"href":"https:\/\/tandoorvietnam.com\/vi\/wp-json\/wp\/v2\/product_cat?post=3048"},{"taxonomy":"product_tag","embeddable":true,"href":"https:\/\/tandoorvietnam.com\/vi\/wp-json\/wp\/v2\/product_tag?post=3048"}],"curies":[{"name":"wp","href":"https:\/\/api.w.org\/{rel}","templated":true}]}}