{"id":3057,"date":"2020-06-20T14:21:28","date_gmt":"2021-04-12T07:54:13","guid":{"rendered":"http:\/\/tandoorvietnam.com\/product\/uncategorized\/banh-mi-nhan-khoai-tay-nuong-chao\/"},"modified":"2023-05-12T01:13:49","modified_gmt":"2023-05-12T01:13:49","slug":"banh-mi-nhan-khoai-tay-nuong-chao","status":"publish","type":"product","link":"https:\/\/tandoorvietnam.com\/vi\/sanpham\/cac-mon-banh-ro-ti\/banh-mi-nhan-khoai-tay-nuong-chao\/","title":{"rendered":"Aloo Paratha (B\u00c1NH M\u00cc NH\u00c2N KHOAI T\u00c2Y N\u01af\u1edaNG CH\u1ea2O)"},"content":{"rendered":"<p>B\u00e1nh m\u00ec n\u01b0\u1edbng ch\u1ea3o nh\u00e2n khoai t\u00e2y l\u00e0 m\u1ed9t trong nh\u1eefng m\u00f3n \u0103n \u0111\u1eb7c bi\u1ec7t c\u1ee7a Tandoor Vietnam. V\u1edbi v\u1ecf b\u00e1nh \u0111\u01b0\u1ee3c l\u00e0m gi\u00f2n tan v\u00e0 nh\u00e2n khoai t\u00e2y th\u01a1m ngon, m\u00f3n \u0103n n\u00e0y th\u1ef1c s\u1ef1 l\u00e0 m\u1ed9t tr\u1ea3i nghi\u1ec7m \u1ea9m th\u1ef1c \u0111\u1ed9c \u0111\u00e1o.<\/p>\n<p>L\u1edbp v\u1ecf b\u00e1nh m\u00ec \u0111\u01b0\u1ee3c l\u00e0m t\u1eeb b\u1ed9t m\u00ec cao c\u1ea5p, tr\u1ed9n \u0111\u1ec1u v\u1edbi n\u01b0\u1edbc, mu\u1ed1i v\u00e0 m\u1ed9t s\u1ed1 gia v\u1ecb \u0111\u1ec3 t\u1ea1o ra m\u1ed9t h\u1ed7n h\u1ee3p b\u1ed9t nh\u1eb9 nh\u00e0ng v\u00e0 m\u1ec1m m\u1ea1i. Sau \u0111\u00f3, ch\u00fang t\u00f4i cho b\u1ed9t v\u00e0o m\u00e1y xay nhuy\u1ec5n \u0111\u1ec3 t\u1ea1o ra l\u1edbp v\u1ecf m\u1ecfng v\u00e0 gi\u00f2n. Nh\u00e2n khoai t\u00e2y \u0111\u01b0\u1ee3c ch\u1ebf bi\u1ebfn t\u1eeb khoai t\u00e2y t\u01b0\u01a1i, c\u1eaft th\u00e0nh nh\u1eefng mi\u1ebfng nh\u1ecf v\u00e0 chi\u00ean gi\u00f2n tr\u01b0\u1edbc khi \u0111\u01b0\u1ee3c tr\u1ed9n \u0111\u1ec1u v\u1edbi h\u00e0nh t\u00e2y v\u00e0 gia v\u1ecb \u0111\u1ec3 t\u1ea1o ra h\u01b0\u01a1ng v\u1ecb \u0111\u1ed9c \u0111\u00e1o.<\/p>\n<p>Sau khi l\u1edbp v\u1ecf b\u00e1nh \u0111\u00e3 \u0111\u01b0\u1ee3c n\u01b0\u1edbng gi\u00f2n, ch\u00fang t\u00f4i th\u00eam nh\u00e2n khoai t\u00e2y v\u00e0o b\u00ean trong v\u00e0 n\u01b0\u1edbng ch\u1ea3o cho \u0111\u1ebfn khi b\u00e1nh \u0111\u01b0\u1ee3c ch\u00edn v\u00e0ng, nh\u01b0ng v\u1eabn gi\u1eef \u0111\u01b0\u1ee3c \u0111\u1ed9 gi\u00f2n c\u1ee7a l\u1edbp v\u1ecf. Aloo Paratha\u00a0\u0111\u01b0\u1ee3c th\u00eam gia v\u1ecb v\u00e0 rau s\u1ed1ng trang tr\u00ed tr\u00ean m\u1eb7t b\u00e1nh \u0111\u1ec3 t\u1ea1o ra m\u1ed9t h\u01b0\u01a1ng v\u1ecb phong ph\u00fa v\u00e0 \u0111a d\u1ea1ng.<\/p>\n<p>Aloo Paratha l\u00e0 m\u00f3n \u0103n ph\u00f9 h\u1ee3p \u0111\u1ec3 th\u01b0\u1edfng th\u1ee9c trong b\u1ea5t k\u1ef3 b\u1eefa \u0103n n\u00e0o trong ng\u00e0y. B\u00e1nh m\u00ec c\u00f3 th\u1ec3 \u0111\u01b0\u1ee3c \u0103n k\u00e8m v\u1edbi s\u1ed1t t\u01b0\u01a1ng \u1edbt ho\u1eb7c s\u1ed1t mayonnaise t\u00f9y theo s\u1edf th\u00edch c\u1ee7a b\u1ea1n. Ngo\u00e0i ra, \u0111\u00e2y c\u0169ng l\u00e0 m\u00f3n \u0103n ph\u00f9 h\u1ee3p \u0111\u1ec3 mang \u0111i, l\u00e0m b\u1eefa \u0103n tr\u01b0a hay b\u1eefa ti\u1ec7c nh\u1ecf t\u1ea1i nh\u00e0. H\u00e3y \u0111\u1ebfn <a href=\"https:\/\/tandoorvietnam.com\/\">Tandoor Vietnam<\/a> \u0111\u1ec3 th\u01b0\u1edfng th\u1ee9c b\u00e1nh m\u00ec n\u01b0\u1edbng ch\u1ea3o nh\u00e2n khoai t\u00e2y \u0111\u1eb7c bi\u1ec7t c\u1ee7a ch\u00fang t\u00f4i.<\/p>\n","protected":false},"excerpt":{"rendered":"<p>&nbsp;<\/p>\n<table width=\"723\">\n<tbody>\n<tr>\n<td width=\"412\">Whole wheat flour bread with spicy potato filling on a hot plate<\/td>\n<\/tr>\n<tr>\n<td width=\"412\"><em>B\u00e1nh l\u00e0m t\u1eeb b\u1ed9t m\u00ec nguy\u00ean ch\u1ea5t nh\u00e2n khoai t\u00e2y cay n\u01b0\u1edbng chin m\u1ec1m tr\u00ean ch\u1ea3o<\/em><\/td>\n<\/tr>\n<\/tbody>\n<\/table>\n","protected":false},"featured_media":3058,"template":"","meta":[],"product_brand":[],"product_cat":[219],"product_tag":[],"class_list":{"0":"post-3057","1":"product","2":"type-product","3":"status-publish","4":"has-post-thumbnail","6":"product_cat-cac-mon-banh-ro-ti","8":"first","9":"instock","10":"taxable","11":"shipping-taxable","12":"purchasable","13":"product-type-simple"},"yoast_head":"<!-- This site is optimized with the Yoast SEO Premium plugin v22.3 (Yoast SEO v27.4) - https:\/\/yoast.com\/product\/yoast-seo-premium-wordpress\/ -->\n<title>Aloo Paratha (B\u00c1NH M\u00cc NH\u00c2N KHOAI T\u00c2Y N\u01af\u1edaNG CH\u1ea2O)<\/title>\n<meta name=\"description\" content=\"T\u1eadn h\u01b0\u1edfng h\u01b0\u01a1ng v\u1ecb \u0111\u1ed9c \u0111\u00e1o c\u1ee7a b\u00e1nh m\u00ec n\u00f3ng gi\u00f2n, nh\u00e2n khoai t\u00e2y th\u01a1m ngon \u0111\u01b0\u1ee3c n\u01b0\u1edbng ch\u1ea3o t\u1ea1i nh\u00e0 h\u00e0ng \u1ea4n \u0110\u1ed9 Tandoor Vietnam.\" \/>\n<meta name=\"robots\" content=\"index, follow, max-snippet:-1, max-image-preview:large, max-video-preview:-1\" \/>\n<link rel=\"canonical\" href=\"https:\/\/tandoorvietnam.com\/vi\/sanpham\/cac-mon-banh-ro-ti\/banh-mi-nhan-khoai-tay-nuong-chao\/\" \/>\n<meta property=\"og:locale\" content=\"vi_VN\" \/>\n<meta property=\"og:type\" content=\"article\" \/>\n<meta property=\"og:title\" content=\"Aloo Paratha (B\u00c1NH M\u00cc NH\u00c2N KHOAI T\u00c2Y N\u01af\u1edaNG CH\u1ea2O)\" \/>\n<meta property=\"og:description\" content=\"T\u1eadn h\u01b0\u1edfng h\u01b0\u01a1ng v\u1ecb \u0111\u1ed9c \u0111\u00e1o c\u1ee7a b\u00e1nh m\u00ec n\u00f3ng gi\u00f2n, nh\u00e2n khoai t\u00e2y th\u01a1m ngon \u0111\u01b0\u1ee3c n\u01b0\u1edbng ch\u1ea3o t\u1ea1i nh\u00e0 h\u00e0ng \u1ea4n \u0110\u1ed9 Tandoor Vietnam.\" \/>\n<meta property=\"og:url\" content=\"https:\/\/tandoorvietnam.com\/vi\/sanpham\/cac-mon-banh-ro-ti\/banh-mi-nhan-khoai-tay-nuong-chao\/\" \/>\n<meta property=\"og:site_name\" content=\"Tandoor Vi\u1ec7t Nam\" \/>\n<meta property=\"article:publisher\" content=\"https:\/\/www.facebook.com\/tandoor.hcmc\/\" \/>\n<meta property=\"article:modified_time\" content=\"2023-05-12T01:13:49+00:00\" \/>\n<meta property=\"og:image\" content=\"https:\/\/tandoorvietnam.com\/wp-content\/uploads\/2020\/06\/Aloo-Paratha1.jpg\" \/>\n\t<meta property=\"og:image:width\" content=\"1400\" \/>\n\t<meta property=\"og:image:height\" content=\"1400\" \/>\n\t<meta property=\"og:image:type\" content=\"image\/jpeg\" \/>\n<meta name=\"twitter:card\" content=\"summary_large_image\" \/>\n<meta name=\"twitter:label1\" content=\"Est. reading time\" \/>\n\t<meta name=\"twitter:data1\" content=\"2 minutes\" \/>\n<script type=\"application\/ld+json\" class=\"yoast-schema-graph\">{\"@context\":\"https:\\\/\\\/schema.org\",\"@graph\":[{\"@type\":\"WebPage\",\"@id\":\"https:\\\/\\\/tandoorvietnam.com\\\/vi\\\/sanpham\\\/cac-mon-banh-ro-ti\\\/banh-mi-nhan-khoai-tay-nuong-chao\\\/\",\"url\":\"https:\\\/\\\/tandoorvietnam.com\\\/vi\\\/sanpham\\\/cac-mon-banh-ro-ti\\\/banh-mi-nhan-khoai-tay-nuong-chao\\\/\",\"name\":\"Aloo Paratha (B\u00c1NH M\u00cc NH\u00c2N KHOAI T\u00c2Y N\u01af\u1edaNG CH\u1ea2O)\",\"isPartOf\":{\"@id\":\"https:\\\/\\\/tandoorvietnam.com\\\/vi\\\/#website\"},\"primaryImageOfPage\":{\"@id\":\"https:\\\/\\\/tandoorvietnam.com\\\/vi\\\/sanpham\\\/cac-mon-banh-ro-ti\\\/banh-mi-nhan-khoai-tay-nuong-chao\\\/#primaryimage\"},\"image\":{\"@id\":\"https:\\\/\\\/tandoorvietnam.com\\\/vi\\\/sanpham\\\/cac-mon-banh-ro-ti\\\/banh-mi-nhan-khoai-tay-nuong-chao\\\/#primaryimage\"},\"thumbnailUrl\":\"https:\\\/\\\/tandoorvietnam.com\\\/wp-content\\\/uploads\\\/2020\\\/06\\\/Aloo-Paratha1.jpg\",\"datePublished\":\"2021-04-12T07:54:13+00:00\",\"dateModified\":\"2023-05-12T01:13:49+00:00\",\"description\":\"T\u1eadn h\u01b0\u1edfng h\u01b0\u01a1ng v\u1ecb \u0111\u1ed9c \u0111\u00e1o c\u1ee7a b\u00e1nh m\u00ec n\u00f3ng gi\u00f2n, nh\u00e2n khoai t\u00e2y th\u01a1m ngon \u0111\u01b0\u1ee3c n\u01b0\u1edbng ch\u1ea3o t\u1ea1i nh\u00e0 h\u00e0ng \u1ea4n \u0110\u1ed9 Tandoor Vietnam.\",\"breadcrumb\":{\"@id\":\"https:\\\/\\\/tandoorvietnam.com\\\/vi\\\/sanpham\\\/cac-mon-banh-ro-ti\\\/banh-mi-nhan-khoai-tay-nuong-chao\\\/#breadcrumb\"},\"inLanguage\":\"vi-VN\",\"potentialAction\":[{\"@type\":\"ReadAction\",\"target\":[\"https:\\\/\\\/tandoorvietnam.com\\\/vi\\\/sanpham\\\/cac-mon-banh-ro-ti\\\/banh-mi-nhan-khoai-tay-nuong-chao\\\/\"]}]},{\"@type\":\"ImageObject\",\"inLanguage\":\"vi-VN\",\"@id\":\"https:\\\/\\\/tandoorvietnam.com\\\/vi\\\/sanpham\\\/cac-mon-banh-ro-ti\\\/banh-mi-nhan-khoai-tay-nuong-chao\\\/#primaryimage\",\"url\":\"https:\\\/\\\/tandoorvietnam.com\\\/wp-content\\\/uploads\\\/2020\\\/06\\\/Aloo-Paratha1.jpg\",\"contentUrl\":\"https:\\\/\\\/tandoorvietnam.com\\\/wp-content\\\/uploads\\\/2020\\\/06\\\/Aloo-Paratha1.jpg\",\"width\":1400,\"height\":1400,\"caption\":\"Aloo Paratha\"},{\"@type\":\"BreadcrumbList\",\"@id\":\"https:\\\/\\\/tandoorvietnam.com\\\/vi\\\/sanpham\\\/cac-mon-banh-ro-ti\\\/banh-mi-nhan-khoai-tay-nuong-chao\\\/#breadcrumb\",\"itemListElement\":[{\"@type\":\"ListItem\",\"position\":1,\"name\":\"Trang Ch\u1ee7\",\"item\":\"https:\\\/\\\/tandoorvietnam.com\\\/vi\\\/\"},{\"@type\":\"ListItem\",\"position\":2,\"name\":\"Shop\",\"item\":\"https:\\\/\\\/tandoorvietnam.com\\\/shop\\\/\"},{\"@type\":\"ListItem\",\"position\":3,\"name\":\"Aloo Paratha (B\u00c1NH M\u00cc NH\u00c2N KHOAI T\u00c2Y N\u01af\u1edaNG CH\u1ea2O)\"}]},{\"@type\":\"WebSite\",\"@id\":\"https:\\\/\\\/tandoorvietnam.com\\\/vi\\\/#website\",\"url\":\"https:\\\/\\\/tandoorvietnam.com\\\/vi\\\/\",\"name\":\"Tandoor Vietnam\",\"description\":\"Nh\u00e0 h\u00e0ng ngon h\u1ed3 ch\u00ed minh\",\"publisher\":{\"@id\":\"https:\\\/\\\/tandoorvietnam.com\\\/vi\\\/#organization\"},\"potentialAction\":[{\"@type\":\"SearchAction\",\"target\":{\"@type\":\"EntryPoint\",\"urlTemplate\":\"https:\\\/\\\/tandoorvietnam.com\\\/vi\\\/?s={search_term_string}\"},\"query-input\":{\"@type\":\"PropertyValueSpecification\",\"valueRequired\":true,\"valueName\":\"search_term_string\"}}],\"inLanguage\":\"vi-VN\"},{\"@type\":\"Organization\",\"@id\":\"https:\\\/\\\/tandoorvietnam.com\\\/vi\\\/#organization\",\"name\":\"Tandoor Vietnam\",\"url\":\"https:\\\/\\\/tandoorvietnam.com\\\/vi\\\/\",\"logo\":{\"@type\":\"ImageObject\",\"inLanguage\":\"vi-VN\",\"@id\":\"https:\\\/\\\/tandoorvietnam.com\\\/vi\\\/#\\\/schema\\\/logo\\\/image\\\/\",\"url\":\"https:\\\/\\\/tandoorvietnam.com\\\/wp-content\\\/uploads\\\/2020\\\/07\\\/logo.png\",\"contentUrl\":\"https:\\\/\\\/tandoorvietnam.com\\\/wp-content\\\/uploads\\\/2020\\\/07\\\/logo.png\",\"width\":133,\"height\":75,\"caption\":\"Tandoor Vietnam\"},\"image\":{\"@id\":\"https:\\\/\\\/tandoorvietnam.com\\\/vi\\\/#\\\/schema\\\/logo\\\/image\\\/\"},\"sameAs\":[\"https:\\\/\\\/www.facebook.com\\\/tandoor.hcmc\\\/\"]}]}<\/script>\n<!-- \/ Yoast SEO Premium plugin. -->","yoast_head_json":{"title":"Aloo Paratha (B\u00c1NH M\u00cc NH\u00c2N KHOAI T\u00c2Y N\u01af\u1edaNG CH\u1ea2O)","description":"T\u1eadn h\u01b0\u1edfng h\u01b0\u01a1ng v\u1ecb \u0111\u1ed9c \u0111\u00e1o c\u1ee7a b\u00e1nh m\u00ec n\u00f3ng gi\u00f2n, nh\u00e2n khoai t\u00e2y th\u01a1m ngon \u0111\u01b0\u1ee3c n\u01b0\u1edbng ch\u1ea3o t\u1ea1i nh\u00e0 h\u00e0ng \u1ea4n \u0110\u1ed9 Tandoor Vietnam.","robots":{"index":"index","follow":"follow","max-snippet":"max-snippet:-1","max-image-preview":"max-image-preview:large","max-video-preview":"max-video-preview:-1"},"canonical":"https:\/\/tandoorvietnam.com\/vi\/sanpham\/cac-mon-banh-ro-ti\/banh-mi-nhan-khoai-tay-nuong-chao\/","og_locale":"vi_VN","og_type":"article","og_title":"Aloo Paratha (B\u00c1NH M\u00cc NH\u00c2N KHOAI T\u00c2Y N\u01af\u1edaNG CH\u1ea2O)","og_description":"T\u1eadn h\u01b0\u1edfng h\u01b0\u01a1ng v\u1ecb \u0111\u1ed9c \u0111\u00e1o c\u1ee7a b\u00e1nh m\u00ec n\u00f3ng gi\u00f2n, nh\u00e2n khoai t\u00e2y th\u01a1m ngon \u0111\u01b0\u1ee3c n\u01b0\u1edbng ch\u1ea3o t\u1ea1i nh\u00e0 h\u00e0ng \u1ea4n \u0110\u1ed9 Tandoor Vietnam.","og_url":"https:\/\/tandoorvietnam.com\/vi\/sanpham\/cac-mon-banh-ro-ti\/banh-mi-nhan-khoai-tay-nuong-chao\/","og_site_name":"Tandoor Vi\u1ec7t Nam","article_publisher":"https:\/\/www.facebook.com\/tandoor.hcmc\/","article_modified_time":"2023-05-12T01:13:49+00:00","og_image":[{"width":1400,"height":1400,"url":"https:\/\/tandoorvietnam.com\/wp-content\/uploads\/2020\/06\/Aloo-Paratha1.jpg","type":"image\/jpeg"}],"twitter_card":"summary_large_image","twitter_misc":{"Est. reading time":"2 minutes"},"schema":{"@context":"https:\/\/schema.org","@graph":[{"@type":"WebPage","@id":"https:\/\/tandoorvietnam.com\/vi\/sanpham\/cac-mon-banh-ro-ti\/banh-mi-nhan-khoai-tay-nuong-chao\/","url":"https:\/\/tandoorvietnam.com\/vi\/sanpham\/cac-mon-banh-ro-ti\/banh-mi-nhan-khoai-tay-nuong-chao\/","name":"Aloo Paratha (B\u00c1NH M\u00cc NH\u00c2N KHOAI T\u00c2Y N\u01af\u1edaNG CH\u1ea2O)","isPartOf":{"@id":"https:\/\/tandoorvietnam.com\/vi\/#website"},"primaryImageOfPage":{"@id":"https:\/\/tandoorvietnam.com\/vi\/sanpham\/cac-mon-banh-ro-ti\/banh-mi-nhan-khoai-tay-nuong-chao\/#primaryimage"},"image":{"@id":"https:\/\/tandoorvietnam.com\/vi\/sanpham\/cac-mon-banh-ro-ti\/banh-mi-nhan-khoai-tay-nuong-chao\/#primaryimage"},"thumbnailUrl":"https:\/\/tandoorvietnam.com\/wp-content\/uploads\/2020\/06\/Aloo-Paratha1.jpg","datePublished":"2021-04-12T07:54:13+00:00","dateModified":"2023-05-12T01:13:49+00:00","description":"T\u1eadn h\u01b0\u1edfng h\u01b0\u01a1ng v\u1ecb \u0111\u1ed9c \u0111\u00e1o c\u1ee7a b\u00e1nh m\u00ec n\u00f3ng gi\u00f2n, nh\u00e2n khoai t\u00e2y th\u01a1m ngon \u0111\u01b0\u1ee3c n\u01b0\u1edbng ch\u1ea3o t\u1ea1i nh\u00e0 h\u00e0ng \u1ea4n \u0110\u1ed9 Tandoor Vietnam.","breadcrumb":{"@id":"https:\/\/tandoorvietnam.com\/vi\/sanpham\/cac-mon-banh-ro-ti\/banh-mi-nhan-khoai-tay-nuong-chao\/#breadcrumb"},"inLanguage":"vi-VN","potentialAction":[{"@type":"ReadAction","target":["https:\/\/tandoorvietnam.com\/vi\/sanpham\/cac-mon-banh-ro-ti\/banh-mi-nhan-khoai-tay-nuong-chao\/"]}]},{"@type":"ImageObject","inLanguage":"vi-VN","@id":"https:\/\/tandoorvietnam.com\/vi\/sanpham\/cac-mon-banh-ro-ti\/banh-mi-nhan-khoai-tay-nuong-chao\/#primaryimage","url":"https:\/\/tandoorvietnam.com\/wp-content\/uploads\/2020\/06\/Aloo-Paratha1.jpg","contentUrl":"https:\/\/tandoorvietnam.com\/wp-content\/uploads\/2020\/06\/Aloo-Paratha1.jpg","width":1400,"height":1400,"caption":"Aloo Paratha"},{"@type":"BreadcrumbList","@id":"https:\/\/tandoorvietnam.com\/vi\/sanpham\/cac-mon-banh-ro-ti\/banh-mi-nhan-khoai-tay-nuong-chao\/#breadcrumb","itemListElement":[{"@type":"ListItem","position":1,"name":"Trang Ch\u1ee7","item":"https:\/\/tandoorvietnam.com\/vi\/"},{"@type":"ListItem","position":2,"name":"Shop","item":"https:\/\/tandoorvietnam.com\/shop\/"},{"@type":"ListItem","position":3,"name":"Aloo Paratha (B\u00c1NH M\u00cc NH\u00c2N KHOAI T\u00c2Y N\u01af\u1edaNG CH\u1ea2O)"}]},{"@type":"WebSite","@id":"https:\/\/tandoorvietnam.com\/vi\/#website","url":"https:\/\/tandoorvietnam.com\/vi\/","name":"Tandoor Vietnam","description":"Nh\u00e0 h\u00e0ng ngon h\u1ed3 ch\u00ed minh","publisher":{"@id":"https:\/\/tandoorvietnam.com\/vi\/#organization"},"potentialAction":[{"@type":"SearchAction","target":{"@type":"EntryPoint","urlTemplate":"https:\/\/tandoorvietnam.com\/vi\/?s={search_term_string}"},"query-input":{"@type":"PropertyValueSpecification","valueRequired":true,"valueName":"search_term_string"}}],"inLanguage":"vi-VN"},{"@type":"Organization","@id":"https:\/\/tandoorvietnam.com\/vi\/#organization","name":"Tandoor Vietnam","url":"https:\/\/tandoorvietnam.com\/vi\/","logo":{"@type":"ImageObject","inLanguage":"vi-VN","@id":"https:\/\/tandoorvietnam.com\/vi\/#\/schema\/logo\/image\/","url":"https:\/\/tandoorvietnam.com\/wp-content\/uploads\/2020\/07\/logo.png","contentUrl":"https:\/\/tandoorvietnam.com\/wp-content\/uploads\/2020\/07\/logo.png","width":133,"height":75,"caption":"Tandoor Vietnam"},"image":{"@id":"https:\/\/tandoorvietnam.com\/vi\/#\/schema\/logo\/image\/"},"sameAs":["https:\/\/www.facebook.com\/tandoor.hcmc\/"]}]}},"_links":{"self":[{"href":"https:\/\/tandoorvietnam.com\/vi\/wp-json\/wp\/v2\/product\/3057","targetHints":{"allow":["GET"]}}],"collection":[{"href":"https:\/\/tandoorvietnam.com\/vi\/wp-json\/wp\/v2\/product"}],"about":[{"href":"https:\/\/tandoorvietnam.com\/vi\/wp-json\/wp\/v2\/types\/product"}],"wp:featuredmedia":[{"embeddable":true,"href":"https:\/\/tandoorvietnam.com\/vi\/wp-json\/wp\/v2\/media\/3058"}],"wp:attachment":[{"href":"https:\/\/tandoorvietnam.com\/vi\/wp-json\/wp\/v2\/media?parent=3057"}],"wp:term":[{"taxonomy":"product_brand","embeddable":true,"href":"https:\/\/tandoorvietnam.com\/vi\/wp-json\/wp\/v2\/product_brand?post=3057"},{"taxonomy":"product_cat","embeddable":true,"href":"https:\/\/tandoorvietnam.com\/vi\/wp-json\/wp\/v2\/product_cat?post=3057"},{"taxonomy":"product_tag","embeddable":true,"href":"https:\/\/tandoorvietnam.com\/vi\/wp-json\/wp\/v2\/product_tag?post=3057"}],"curies":[{"name":"wp","href":"https:\/\/api.w.org\/{rel}","templated":true}]}}