{"id":3059,"date":"2020-06-20T14:14:32","date_gmt":"2021-04-12T07:55:16","guid":{"rendered":"http:\/\/tandoorvietnam.com\/product\/uncategorized\/banh-mi-chien-phong\/"},"modified":"2023-05-08T06:51:03","modified_gmt":"2023-05-08T06:51:03","slug":"banh-mi-chien-phong-2","status":"publish","type":"product","link":"https:\/\/tandoorvietnam.com\/vi\/sanpham\/cac-mon-banh-ro-ti\/banh-mi-chien-phong-2\/","title":{"rendered":"Bhatura (B\u00c1NH M\u00cc CHI\u00caN PH\u1ed2NG)"},"content":{"rendered":"<p>B\u00e1nh m\u00ec chi\u00ean ph\u1ed3ng l\u00e0 m\u1ed9t trong nh\u1eefng m\u00f3n \u0103n v\u1eb7t ph\u1ed5 bi\u1ebfn v\u00e0 \u0111\u01b0\u1ee3c \u01b0a chu\u1ed9ng t\u1ea1i Tandoor Vietnam. B\u00e1nh \u0111\u01b0\u1ee3c l\u00e0m t\u1eeb b\u1ed9t m\u00ec, bia v\u00e0 tr\u1ee9ng, \u0111\u01b0\u1ee3c nh\u00e0o b\u1ed9t k\u1ef9 c\u00e0ng \u0111\u1ec3 \u0111\u1ea1t \u0111\u01b0\u1ee3c \u0111\u1ed9 ph\u1ed3ng v\u00e0 gi\u00f2n tuy\u1ec7t v\u1eddi. B\u00e1nh sau \u0111\u00f3 \u0111\u01b0\u1ee3c chi\u00ean trong d\u1ea7u n\u00f3ng \u0111\u1ebfn khi c\u00f3 m\u00e0u v\u00e0ng \u0111\u1eb9p m\u1eaft v\u00e0 gi\u00f2n r\u1ee5m.<\/p>\n<p>Nh\u1eefng chi\u1ebfc b\u00e1nh m\u00ec chi\u00ean ph\u1ed3ng t\u1ea1i <a href=\"https:\/\/tandoorvietnam.com\/\">Tandoor Vietnam<\/a> \u0111\u01b0\u1ee3c ch\u1ebf bi\u1ebfn v\u1edbi c\u00e1c lo\u1ea1i nguy\u00ean li\u1ec7u t\u01b0\u01a1i ngon nh\u1ea5t, t\u1ea1o n\u00ean h\u01b0\u01a1ng v\u1ecb \u0111\u1eb7c tr\u01b0ng v\u00e0 th\u01a1m ngon kh\u00f4ng th\u1ec3 c\u01b0\u1ee1ng l\u1ea1i. Bhatura c\u00f2n \u0111\u01b0\u1ee3c th\u00eam gia v\u1ecb v\u00e0 n\u01b0\u1edbc ch\u1ea5m \u0111\u1ec3 t\u0103ng th\u00eam h\u01b0\u01a1ng v\u1ecb v\u00e0 t\u1ea1o s\u1ef1 \u0111a d\u1ea1ng cho th\u1ef1c kh\u00e1ch.<\/p>\n<p>Bhatura t\u1ea1i Tandoor Vietnam l\u00e0 m\u00f3n \u0103n v\u1eb7t l\u00fd t\u01b0\u1edfng cho c\u00e1c b\u1eefa ti\u1ec7c, bu\u1ed5i h\u1ecdp m\u1eb7t hay ch\u1ec9 \u0111\u01a1n gi\u1ea3n l\u00e0 m\u1ed9t m\u00f3n \u0103n nh\u1eb9 trong ng\u00e0y. B\u00e1nh gi\u00f2n r\u1ee5m, b\u00e9o ng\u1eady, v\u1ecb bia \u0111\u1eb7c tr\u01b0ng c\u00f9ng v\u1edbi h\u01b0\u01a1ng v\u1ecb gia v\u1ecb \u0111\u1eadm \u0111\u00e0 s\u1ebd \u0111em \u0111\u1ebfn cho b\u1ea1n m\u1ed9t tr\u1ea3i nghi\u1ec7m \u0103n u\u1ed1ng tuy\u1ec7t v\u1eddi v\u00e0 \u0111\u1ea7y th\u00fa v\u1ecb.<\/p>\n<p>\u0110\u1ebfn Tandoor Vietnam \u0111\u1ec3 th\u01b0\u1edfng th\u1ee9c b\u00e1nh m\u00ec chi\u00ean ph\u1ed3ng \u0111\u1eb7c bi\u1ec7t c\u1ee7a ch\u00fang t\u00f4i v\u00e0 tr\u1ea3i nghi\u1ec7m h\u01b0\u01a1ng v\u1ecb tuy\u1ec7t v\u1eddi c\u1ee7a \u1ea9m th\u1ef1c \u1ea4n \u0110\u1ed9.<\/p>\n","protected":false},"excerpt":{"rendered":"<p>&nbsp;<\/p>\n<table width=\"723\">\n<tbody>\n<tr>\n<td width=\"412\">Deep fried superfine flour bread<\/td>\n<\/tr>\n<tr>\n<td width=\"412\"><em> B\u00e1nh l\u00e0m t\u1eeb b\u1ed9t m\u00ec h\u1ea3o h\u1ea1ng chi\u00ean ph\u1ed3ng<\/em><\/td>\n<\/tr>\n<\/tbody>\n<\/table>\n","protected":false},"featured_media":3060,"template":"","meta":[],"product_brand":[],"product_cat":[219],"product_tag":[],"class_list":{"0":"post-3059","1":"product","2":"type-product","3":"status-publish","4":"has-post-thumbnail","6":"product_cat-cac-mon-banh-ro-ti","8":"first","9":"instock","10":"taxable","11":"shipping-taxable","12":"purchasable","13":"product-type-simple"},"yoast_head":"<!-- This site is optimized with the Yoast SEO Premium plugin v22.3 (Yoast SEO v27.5) - https:\/\/yoast.com\/product\/yoast-seo-premium-wordpress\/ -->\n<title>Bhatura (B\u00c1NH M\u00cc CHI\u00caN PH\u1ed2NG) - Tandoor Vi\u1ec7t Nam<\/title>\n<meta name=\"description\" content=\"Kh\u00e1m ph\u00e1 m\u00f3n \u0103n v\u00f4 c\u00f9ng h\u1ea5p d\u1eabn t\u1ea1i Tandoor Vietnam v\u1edbi b\u00e1nh m\u00ec chi\u00ean ph\u1ed3ng gi\u00f2n tan, k\u1ebft h\u1ee3p h\u01b0\u01a1ng v\u1ecb \u0111\u1eadm \u0111\u00e0 c\u1ee7a gia v\u1ecb \u1ea4n \u0110\u1ed9.\" \/>\n<meta name=\"robots\" content=\"index, follow, max-snippet:-1, max-image-preview:large, max-video-preview:-1\" \/>\n<link rel=\"canonical\" href=\"https:\/\/tandoorvietnam.com\/vi\/sanpham\/cac-mon-banh-ro-ti\/banh-mi-chien-phong-2\/\" \/>\n<meta property=\"og:locale\" content=\"vi_VN\" \/>\n<meta property=\"og:type\" content=\"article\" \/>\n<meta property=\"og:title\" content=\"Bhatura (B\u00c1NH M\u00cc CHI\u00caN PH\u1ed2NG)\" \/>\n<meta property=\"og:description\" content=\"Kh\u00e1m ph\u00e1 m\u00f3n \u0103n v\u00f4 c\u00f9ng h\u1ea5p d\u1eabn t\u1ea1i Tandoor Vietnam v\u1edbi b\u00e1nh m\u00ec chi\u00ean ph\u1ed3ng gi\u00f2n tan, k\u1ebft h\u1ee3p h\u01b0\u01a1ng v\u1ecb \u0111\u1eadm \u0111\u00e0 c\u1ee7a gia v\u1ecb \u1ea4n \u0110\u1ed9.\" \/>\n<meta property=\"og:url\" content=\"https:\/\/tandoorvietnam.com\/vi\/sanpham\/cac-mon-banh-ro-ti\/banh-mi-chien-phong-2\/\" \/>\n<meta property=\"og:site_name\" content=\"Tandoor Vi\u1ec7t Nam\" \/>\n<meta property=\"article:publisher\" content=\"https:\/\/www.facebook.com\/tandoor.hcmc\/\" \/>\n<meta property=\"article:modified_time\" content=\"2023-05-08T06:51:03+00:00\" \/>\n<meta property=\"og:image\" content=\"https:\/\/tandoorvietnam.com\/wp-content\/uploads\/2020\/06\/Bhatura.jpg\" \/>\n\t<meta property=\"og:image:width\" content=\"1400\" \/>\n\t<meta property=\"og:image:height\" content=\"1400\" \/>\n\t<meta property=\"og:image:type\" content=\"image\/jpeg\" \/>\n<meta name=\"twitter:card\" content=\"summary_large_image\" \/>\n<meta name=\"twitter:label1\" content=\"Est. reading time\" \/>\n\t<meta name=\"twitter:data1\" content=\"1 minute\" \/>\n<script type=\"application\/ld+json\" class=\"yoast-schema-graph\">{\"@context\":\"https:\\\/\\\/schema.org\",\"@graph\":[{\"@type\":\"WebPage\",\"@id\":\"https:\\\/\\\/tandoorvietnam.com\\\/vi\\\/sanpham\\\/cac-mon-banh-ro-ti\\\/banh-mi-chien-phong-2\\\/\",\"url\":\"https:\\\/\\\/tandoorvietnam.com\\\/vi\\\/sanpham\\\/cac-mon-banh-ro-ti\\\/banh-mi-chien-phong-2\\\/\",\"name\":\"Bhatura (B\u00c1NH M\u00cc CHI\u00caN PH\u1ed2NG) - Tandoor Vi\u1ec7t Nam\",\"isPartOf\":{\"@id\":\"https:\\\/\\\/tandoorvietnam.com\\\/vi\\\/#website\"},\"primaryImageOfPage\":{\"@id\":\"https:\\\/\\\/tandoorvietnam.com\\\/vi\\\/sanpham\\\/cac-mon-banh-ro-ti\\\/banh-mi-chien-phong-2\\\/#primaryimage\"},\"image\":{\"@id\":\"https:\\\/\\\/tandoorvietnam.com\\\/vi\\\/sanpham\\\/cac-mon-banh-ro-ti\\\/banh-mi-chien-phong-2\\\/#primaryimage\"},\"thumbnailUrl\":\"https:\\\/\\\/tandoorvietnam.com\\\/wp-content\\\/uploads\\\/2020\\\/06\\\/Bhatura.jpg\",\"datePublished\":\"2021-04-12T07:55:16+00:00\",\"dateModified\":\"2023-05-08T06:51:03+00:00\",\"description\":\"Kh\u00e1m ph\u00e1 m\u00f3n \u0103n v\u00f4 c\u00f9ng h\u1ea5p d\u1eabn t\u1ea1i Tandoor Vietnam v\u1edbi b\u00e1nh m\u00ec chi\u00ean ph\u1ed3ng gi\u00f2n tan, k\u1ebft h\u1ee3p h\u01b0\u01a1ng v\u1ecb \u0111\u1eadm \u0111\u00e0 c\u1ee7a gia v\u1ecb \u1ea4n \u0110\u1ed9.\",\"breadcrumb\":{\"@id\":\"https:\\\/\\\/tandoorvietnam.com\\\/vi\\\/sanpham\\\/cac-mon-banh-ro-ti\\\/banh-mi-chien-phong-2\\\/#breadcrumb\"},\"inLanguage\":\"vi-VN\",\"potentialAction\":[{\"@type\":\"ReadAction\",\"target\":[\"https:\\\/\\\/tandoorvietnam.com\\\/vi\\\/sanpham\\\/cac-mon-banh-ro-ti\\\/banh-mi-chien-phong-2\\\/\"]}]},{\"@type\":\"ImageObject\",\"inLanguage\":\"vi-VN\",\"@id\":\"https:\\\/\\\/tandoorvietnam.com\\\/vi\\\/sanpham\\\/cac-mon-banh-ro-ti\\\/banh-mi-chien-phong-2\\\/#primaryimage\",\"url\":\"https:\\\/\\\/tandoorvietnam.com\\\/wp-content\\\/uploads\\\/2020\\\/06\\\/Bhatura.jpg\",\"contentUrl\":\"https:\\\/\\\/tandoorvietnam.com\\\/wp-content\\\/uploads\\\/2020\\\/06\\\/Bhatura.jpg\",\"width\":1400,\"height\":1400,\"caption\":\"Bhatura\"},{\"@type\":\"BreadcrumbList\",\"@id\":\"https:\\\/\\\/tandoorvietnam.com\\\/vi\\\/sanpham\\\/cac-mon-banh-ro-ti\\\/banh-mi-chien-phong-2\\\/#breadcrumb\",\"itemListElement\":[{\"@type\":\"ListItem\",\"position\":1,\"name\":\"Trang Ch\u1ee7\",\"item\":\"https:\\\/\\\/tandoorvietnam.com\\\/vi\\\/\"},{\"@type\":\"ListItem\",\"position\":2,\"name\":\"Shop\",\"item\":\"https:\\\/\\\/tandoorvietnam.com\\\/shop\\\/\"},{\"@type\":\"ListItem\",\"position\":3,\"name\":\"Bhatura (B\u00c1NH M\u00cc CHI\u00caN PH\u1ed2NG)\"}]},{\"@type\":\"WebSite\",\"@id\":\"https:\\\/\\\/tandoorvietnam.com\\\/vi\\\/#website\",\"url\":\"https:\\\/\\\/tandoorvietnam.com\\\/vi\\\/\",\"name\":\"Tandoor Vietnam\",\"description\":\"Nh\u00e0 h\u00e0ng ngon h\u1ed3 ch\u00ed minh\",\"publisher\":{\"@id\":\"https:\\\/\\\/tandoorvietnam.com\\\/vi\\\/#organization\"},\"potentialAction\":[{\"@type\":\"SearchAction\",\"target\":{\"@type\":\"EntryPoint\",\"urlTemplate\":\"https:\\\/\\\/tandoorvietnam.com\\\/vi\\\/?s={search_term_string}\"},\"query-input\":{\"@type\":\"PropertyValueSpecification\",\"valueRequired\":true,\"valueName\":\"search_term_string\"}}],\"inLanguage\":\"vi-VN\"},{\"@type\":\"Organization\",\"@id\":\"https:\\\/\\\/tandoorvietnam.com\\\/vi\\\/#organization\",\"name\":\"Tandoor Vietnam\",\"url\":\"https:\\\/\\\/tandoorvietnam.com\\\/vi\\\/\",\"logo\":{\"@type\":\"ImageObject\",\"inLanguage\":\"vi-VN\",\"@id\":\"https:\\\/\\\/tandoorvietnam.com\\\/vi\\\/#\\\/schema\\\/logo\\\/image\\\/\",\"url\":\"https:\\\/\\\/tandoorvietnam.com\\\/wp-content\\\/uploads\\\/2020\\\/07\\\/logo.png\",\"contentUrl\":\"https:\\\/\\\/tandoorvietnam.com\\\/wp-content\\\/uploads\\\/2020\\\/07\\\/logo.png\",\"width\":133,\"height\":75,\"caption\":\"Tandoor Vietnam\"},\"image\":{\"@id\":\"https:\\\/\\\/tandoorvietnam.com\\\/vi\\\/#\\\/schema\\\/logo\\\/image\\\/\"},\"sameAs\":[\"https:\\\/\\\/www.facebook.com\\\/tandoor.hcmc\\\/\"]}]}<\/script>\n<!-- \/ Yoast SEO Premium plugin. -->","yoast_head_json":{"title":"Bhatura (B\u00c1NH M\u00cc CHI\u00caN PH\u1ed2NG) - Tandoor Vi\u1ec7t Nam","description":"Kh\u00e1m ph\u00e1 m\u00f3n \u0103n v\u00f4 c\u00f9ng h\u1ea5p d\u1eabn t\u1ea1i Tandoor Vietnam v\u1edbi b\u00e1nh m\u00ec chi\u00ean ph\u1ed3ng gi\u00f2n tan, k\u1ebft h\u1ee3p h\u01b0\u01a1ng v\u1ecb \u0111\u1eadm \u0111\u00e0 c\u1ee7a gia v\u1ecb \u1ea4n \u0110\u1ed9.","robots":{"index":"index","follow":"follow","max-snippet":"max-snippet:-1","max-image-preview":"max-image-preview:large","max-video-preview":"max-video-preview:-1"},"canonical":"https:\/\/tandoorvietnam.com\/vi\/sanpham\/cac-mon-banh-ro-ti\/banh-mi-chien-phong-2\/","og_locale":"vi_VN","og_type":"article","og_title":"Bhatura (B\u00c1NH M\u00cc CHI\u00caN PH\u1ed2NG)","og_description":"Kh\u00e1m ph\u00e1 m\u00f3n \u0103n v\u00f4 c\u00f9ng h\u1ea5p d\u1eabn t\u1ea1i Tandoor Vietnam v\u1edbi b\u00e1nh m\u00ec chi\u00ean ph\u1ed3ng gi\u00f2n tan, k\u1ebft h\u1ee3p h\u01b0\u01a1ng v\u1ecb \u0111\u1eadm \u0111\u00e0 c\u1ee7a gia v\u1ecb \u1ea4n \u0110\u1ed9.","og_url":"https:\/\/tandoorvietnam.com\/vi\/sanpham\/cac-mon-banh-ro-ti\/banh-mi-chien-phong-2\/","og_site_name":"Tandoor Vi\u1ec7t Nam","article_publisher":"https:\/\/www.facebook.com\/tandoor.hcmc\/","article_modified_time":"2023-05-08T06:51:03+00:00","og_image":[{"width":1400,"height":1400,"url":"https:\/\/tandoorvietnam.com\/wp-content\/uploads\/2020\/06\/Bhatura.jpg","type":"image\/jpeg"}],"twitter_card":"summary_large_image","twitter_misc":{"Est. reading time":"1 minute"},"schema":{"@context":"https:\/\/schema.org","@graph":[{"@type":"WebPage","@id":"https:\/\/tandoorvietnam.com\/vi\/sanpham\/cac-mon-banh-ro-ti\/banh-mi-chien-phong-2\/","url":"https:\/\/tandoorvietnam.com\/vi\/sanpham\/cac-mon-banh-ro-ti\/banh-mi-chien-phong-2\/","name":"Bhatura (B\u00c1NH M\u00cc CHI\u00caN PH\u1ed2NG) - Tandoor Vi\u1ec7t Nam","isPartOf":{"@id":"https:\/\/tandoorvietnam.com\/vi\/#website"},"primaryImageOfPage":{"@id":"https:\/\/tandoorvietnam.com\/vi\/sanpham\/cac-mon-banh-ro-ti\/banh-mi-chien-phong-2\/#primaryimage"},"image":{"@id":"https:\/\/tandoorvietnam.com\/vi\/sanpham\/cac-mon-banh-ro-ti\/banh-mi-chien-phong-2\/#primaryimage"},"thumbnailUrl":"https:\/\/tandoorvietnam.com\/wp-content\/uploads\/2020\/06\/Bhatura.jpg","datePublished":"2021-04-12T07:55:16+00:00","dateModified":"2023-05-08T06:51:03+00:00","description":"Kh\u00e1m ph\u00e1 m\u00f3n \u0103n v\u00f4 c\u00f9ng h\u1ea5p d\u1eabn t\u1ea1i Tandoor Vietnam v\u1edbi b\u00e1nh m\u00ec chi\u00ean ph\u1ed3ng gi\u00f2n tan, k\u1ebft h\u1ee3p h\u01b0\u01a1ng v\u1ecb \u0111\u1eadm \u0111\u00e0 c\u1ee7a gia v\u1ecb \u1ea4n \u0110\u1ed9.","breadcrumb":{"@id":"https:\/\/tandoorvietnam.com\/vi\/sanpham\/cac-mon-banh-ro-ti\/banh-mi-chien-phong-2\/#breadcrumb"},"inLanguage":"vi-VN","potentialAction":[{"@type":"ReadAction","target":["https:\/\/tandoorvietnam.com\/vi\/sanpham\/cac-mon-banh-ro-ti\/banh-mi-chien-phong-2\/"]}]},{"@type":"ImageObject","inLanguage":"vi-VN","@id":"https:\/\/tandoorvietnam.com\/vi\/sanpham\/cac-mon-banh-ro-ti\/banh-mi-chien-phong-2\/#primaryimage","url":"https:\/\/tandoorvietnam.com\/wp-content\/uploads\/2020\/06\/Bhatura.jpg","contentUrl":"https:\/\/tandoorvietnam.com\/wp-content\/uploads\/2020\/06\/Bhatura.jpg","width":1400,"height":1400,"caption":"Bhatura"},{"@type":"BreadcrumbList","@id":"https:\/\/tandoorvietnam.com\/vi\/sanpham\/cac-mon-banh-ro-ti\/banh-mi-chien-phong-2\/#breadcrumb","itemListElement":[{"@type":"ListItem","position":1,"name":"Trang Ch\u1ee7","item":"https:\/\/tandoorvietnam.com\/vi\/"},{"@type":"ListItem","position":2,"name":"Shop","item":"https:\/\/tandoorvietnam.com\/shop\/"},{"@type":"ListItem","position":3,"name":"Bhatura (B\u00c1NH M\u00cc CHI\u00caN PH\u1ed2NG)"}]},{"@type":"WebSite","@id":"https:\/\/tandoorvietnam.com\/vi\/#website","url":"https:\/\/tandoorvietnam.com\/vi\/","name":"Tandoor Vietnam","description":"Nh\u00e0 h\u00e0ng ngon h\u1ed3 ch\u00ed minh","publisher":{"@id":"https:\/\/tandoorvietnam.com\/vi\/#organization"},"potentialAction":[{"@type":"SearchAction","target":{"@type":"EntryPoint","urlTemplate":"https:\/\/tandoorvietnam.com\/vi\/?s={search_term_string}"},"query-input":{"@type":"PropertyValueSpecification","valueRequired":true,"valueName":"search_term_string"}}],"inLanguage":"vi-VN"},{"@type":"Organization","@id":"https:\/\/tandoorvietnam.com\/vi\/#organization","name":"Tandoor Vietnam","url":"https:\/\/tandoorvietnam.com\/vi\/","logo":{"@type":"ImageObject","inLanguage":"vi-VN","@id":"https:\/\/tandoorvietnam.com\/vi\/#\/schema\/logo\/image\/","url":"https:\/\/tandoorvietnam.com\/wp-content\/uploads\/2020\/07\/logo.png","contentUrl":"https:\/\/tandoorvietnam.com\/wp-content\/uploads\/2020\/07\/logo.png","width":133,"height":75,"caption":"Tandoor Vietnam"},"image":{"@id":"https:\/\/tandoorvietnam.com\/vi\/#\/schema\/logo\/image\/"},"sameAs":["https:\/\/www.facebook.com\/tandoor.hcmc\/"]}]}},"_links":{"self":[{"href":"https:\/\/tandoorvietnam.com\/vi\/wp-json\/wp\/v2\/product\/3059","targetHints":{"allow":["GET"]}}],"collection":[{"href":"https:\/\/tandoorvietnam.com\/vi\/wp-json\/wp\/v2\/product"}],"about":[{"href":"https:\/\/tandoorvietnam.com\/vi\/wp-json\/wp\/v2\/types\/product"}],"wp:featuredmedia":[{"embeddable":true,"href":"https:\/\/tandoorvietnam.com\/vi\/wp-json\/wp\/v2\/media\/3060"}],"wp:attachment":[{"href":"https:\/\/tandoorvietnam.com\/vi\/wp-json\/wp\/v2\/media?parent=3059"}],"wp:term":[{"taxonomy":"product_brand","embeddable":true,"href":"https:\/\/tandoorvietnam.com\/vi\/wp-json\/wp\/v2\/product_brand?post=3059"},{"taxonomy":"product_cat","embeddable":true,"href":"https:\/\/tandoorvietnam.com\/vi\/wp-json\/wp\/v2\/product_cat?post=3059"},{"taxonomy":"product_tag","embeddable":true,"href":"https:\/\/tandoorvietnam.com\/vi\/wp-json\/wp\/v2\/product_tag?post=3059"}],"curies":[{"name":"wp","href":"https:\/\/api.w.org\/{rel}","templated":true}]}}