{"id":3064,"date":"2020-06-20T14:27:57","date_gmt":"2021-04-12T07:56:48","guid":{"rendered":"http:\/\/tandoorvietnam.com\/product\/uncategorized\/banh-mi-pho-mai\/"},"modified":"2023-05-20T08:32:20","modified_gmt":"2023-05-20T08:32:20","slug":"banh-mi-pho-mai","status":"publish","type":"product","link":"https:\/\/tandoorvietnam.com\/vi\/sanpham\/cac-mon-banh-ro-ti\/banh-mi-pho-mai\/","title":{"rendered":"Cheese Nan (B\u00c1NH M\u00cc PH\u00d4 MAI)"},"content":{"rendered":"<p>B\u00e1nh m\u00ec ph\u00f4 mai (Cheese Nan) l\u00e0 m\u1ed9t m\u00f3n \u0103n \u0111\u1ed9c \u0111\u00e1o v\u00e0 h\u1ea5p d\u1eabn t\u1ea1i Tandoor Vietnam. Ch\u00fang t\u00f4i ch\u1ebf bi\u1ebfn Cheese Nan\u00a0b\u1eb1ng c\u00e1ch ch\u1ea5m l\u1edbp ph\u00f4 mai b\u00e9o ng\u1eady l\u00ean b\u1ec1 m\u1eb7t b\u00e1nh m\u00ec gi\u00f2n tan.<\/p>\n<p>V\u1edbi m\u1ed9t mi\u1ebfng Cheese Nan, b\u1ea1n s\u1ebd \u0111\u01b0\u1ee3c tr\u1ea3i nghi\u1ec7m s\u1ef1 k\u1ebft h\u1ee3p \u0111\u1ed9c \u0111\u00e1o gi\u1eefa v\u1ecb th\u01a1m ngon c\u1ee7a b\u00e1nh m\u00ec gi\u00f2n tan v\u00e0 l\u1edbp ph\u00f4 mai m\u1ec1m m\u1ecbn. \u0110\u00e2y l\u00e0 m\u1ed9t s\u1ef1 pha tr\u1ed9n tuy\u1ec7t v\u1eddi gi\u1eefa v\u1ecb ng\u1ecdt v\u00e0 m\u1eb7n, mang l\u1ea1i m\u1ed9t tr\u1ea3i nghi\u1ec7m \u1ea9m th\u1ef1c \u0111\u1eb7c bi\u1ec7t cho th\u1ef1c kh\u00e1ch.<\/p>\n<p>Cheese Nan th\u01b0\u1eddng \u0111\u01b0\u1ee3c \u0103n nh\u01b0 m\u1ed9t m\u00f3n \u0103n v\u1eb7t ho\u1eb7c m\u1ed9t m\u00f3n \u0103n nh\u1eb9 trong su\u1ed1t c\u1ea3 ng\u00e0y. B\u1ea1n c\u00f3 th\u1ec3 th\u01b0\u1edfng th\u1ee9c n\u00f3 trong b\u1eefa s\u00e1ng, b\u1eefa tr\u01b0a ho\u1eb7c t\u1ed1i. M\u00f3n \u0103n n\u00e0y c\u0169ng l\u00e0 m\u1ed9t l\u1ef1a ch\u1ecdn tuy\u1ec7t v\u1eddi \u0111\u1ec3 chia s\u1ebb v\u1edbi gia \u0111\u00ecnh v\u00e0 b\u1ea1n b\u00e8.<\/p>\n<p>T\u1ea1i <a href=\"https:\/\/tandoorvietnam.com\/\">Tandoor Vietnam<\/a>, ch\u00fang t\u00f4i cam k\u1ebft s\u1eed d\u1ee5ng c\u00e1c nguy\u00ean li\u1ec7u t\u01b0\u01a1i ngon v\u00e0 ch\u1ea5t l\u01b0\u1ee3ng cao \u0111\u1ec3 t\u1ea1o ra Cheese Nan\u00a0th\u01a1m ngon. M\u00f3n \u0103n n\u00e0y \u0111\u01b0\u1ee3c ch\u1ebf bi\u1ebfn v\u00e0 tr\u00ecnh b\u00e0y m\u1ed9t c\u00e1ch tinh t\u1ebf, mang l\u1ea1i tr\u1ea3i nghi\u1ec7m \u1ea9m th\u1ef1c \u0111\u1ed9c \u0111\u00e1o cho th\u1ef1c kh\u00e1ch.<\/p>\n<p>H\u00e3y gh\u00e9 Tandoor Vietnam v\u00e0 th\u1eed Cheese Nan\u00a0\u0111\u1ec3 kh\u00e1m ph\u00e1 h\u01b0\u01a1ng v\u1ecb th\u00fa v\u1ecb n\u00e0y. Ch\u00fang t\u00f4i tin r\u1eb1ng b\u1ea1n s\u1ebd th\u00edch s\u1ef1 h\u00f2a quy\u1ec7n gi\u1eefa v\u1ecb ng\u1ecdt, m\u1eb7n v\u00e0 gi\u00f2n tan trong m\u00f3n \u0103n \u0111\u1eb7c bi\u1ec7t n\u00e0y.<\/p>\n","protected":false},"excerpt":{"rendered":"<p>&nbsp;<\/p>\n<table width=\"723\">\n<tbody>\n<tr>\n<td width=\"412\">Cheese flavored unleavened supper fine flour bread<\/td>\n<\/tr>\n<tr>\n<td width=\"412\"><em>B\u00e1nh l\u00e0m t\u1eeb b\u1ed9t m\u00ec h\u1ea3o h\u1ea1ng t\u1ea9m phomai n\u01b0\u1edbng ch\u00edn m\u1ec1m trong l\u00f2 Tandoor<\/em><\/td>\n<\/tr>\n<\/tbody>\n<\/table>\n","protected":false},"featured_media":3065,"template":"","meta":[],"product_brand":[],"product_cat":[219],"product_tag":[],"class_list":{"0":"post-3064","1":"product","2":"type-product","3":"status-publish","4":"has-post-thumbnail","6":"product_cat-cac-mon-banh-ro-ti","8":"first","9":"instock","10":"taxable","11":"shipping-taxable","12":"purchasable","13":"product-type-simple"},"yoast_head":"<!-- This site is optimized with the Yoast SEO Premium plugin v22.3 (Yoast SEO v27.5) - https:\/\/yoast.com\/product\/yoast-seo-premium-wordpress\/ -->\n<title>Cheese Nan (B\u00c1NH M\u00cc PH\u00d4 MAI) - Tandoor Vi\u1ec7t Nam<\/title>\n<meta name=\"description\" content=\"B\u00e1nh m\u00ec ph\u00f4 mai t\u1ea1i Tandoor Vietnam - m\u00f3n \u0103n \u0111\u1ed9c \u0111\u00e1o v\u1edbi l\u1edbp ph\u00f4 mai b\u00e9o ng\u1eady k\u1ebft h\u1ee3p v\u1edbi v\u1ecb th\u01a1m ngon c\u1ee7a b\u00e1nh m\u00ec gi\u00f2n tan.\" \/>\n<meta name=\"robots\" content=\"index, follow, max-snippet:-1, max-image-preview:large, max-video-preview:-1\" \/>\n<link rel=\"canonical\" href=\"https:\/\/tandoorvietnam.com\/vi\/sanpham\/cac-mon-banh-ro-ti\/banh-mi-pho-mai\/\" \/>\n<meta property=\"og:locale\" content=\"vi_VN\" \/>\n<meta property=\"og:type\" content=\"article\" \/>\n<meta property=\"og:title\" content=\"Cheese Nan (B\u00c1NH M\u00cc PH\u00d4 MAI)\" \/>\n<meta property=\"og:description\" content=\"B\u00e1nh m\u00ec ph\u00f4 mai t\u1ea1i Tandoor Vietnam - m\u00f3n \u0103n \u0111\u1ed9c \u0111\u00e1o v\u1edbi l\u1edbp ph\u00f4 mai b\u00e9o ng\u1eady k\u1ebft h\u1ee3p v\u1edbi v\u1ecb th\u01a1m ngon c\u1ee7a b\u00e1nh m\u00ec gi\u00f2n tan.\" \/>\n<meta property=\"og:url\" content=\"https:\/\/tandoorvietnam.com\/vi\/sanpham\/cac-mon-banh-ro-ti\/banh-mi-pho-mai\/\" \/>\n<meta property=\"og:site_name\" content=\"Tandoor Vi\u1ec7t Nam\" \/>\n<meta property=\"article:publisher\" content=\"https:\/\/www.facebook.com\/tandoor.hcmc\/\" \/>\n<meta property=\"article:modified_time\" content=\"2023-05-20T08:32:20+00:00\" \/>\n<meta property=\"og:image\" content=\"https:\/\/tandoorvietnam.com\/wp-content\/uploads\/2020\/06\/Cheese-nan.jpg\" \/>\n\t<meta property=\"og:image:width\" content=\"1400\" \/>\n\t<meta property=\"og:image:height\" content=\"1400\" \/>\n\t<meta property=\"og:image:type\" content=\"image\/jpeg\" \/>\n<meta name=\"twitter:card\" content=\"summary_large_image\" \/>\n<meta name=\"twitter:label1\" content=\"Est. reading time\" \/>\n\t<meta name=\"twitter:data1\" content=\"2 minutes\" \/>\n<script type=\"application\/ld+json\" class=\"yoast-schema-graph\">{\"@context\":\"https:\\\/\\\/schema.org\",\"@graph\":[{\"@type\":\"WebPage\",\"@id\":\"https:\\\/\\\/tandoorvietnam.com\\\/vi\\\/sanpham\\\/cac-mon-banh-ro-ti\\\/banh-mi-pho-mai\\\/\",\"url\":\"https:\\\/\\\/tandoorvietnam.com\\\/vi\\\/sanpham\\\/cac-mon-banh-ro-ti\\\/banh-mi-pho-mai\\\/\",\"name\":\"Cheese Nan (B\u00c1NH M\u00cc PH\u00d4 MAI) - Tandoor Vi\u1ec7t Nam\",\"isPartOf\":{\"@id\":\"https:\\\/\\\/tandoorvietnam.com\\\/vi\\\/#website\"},\"primaryImageOfPage\":{\"@id\":\"https:\\\/\\\/tandoorvietnam.com\\\/vi\\\/sanpham\\\/cac-mon-banh-ro-ti\\\/banh-mi-pho-mai\\\/#primaryimage\"},\"image\":{\"@id\":\"https:\\\/\\\/tandoorvietnam.com\\\/vi\\\/sanpham\\\/cac-mon-banh-ro-ti\\\/banh-mi-pho-mai\\\/#primaryimage\"},\"thumbnailUrl\":\"https:\\\/\\\/tandoorvietnam.com\\\/wp-content\\\/uploads\\\/2020\\\/06\\\/Cheese-nan.jpg\",\"datePublished\":\"2021-04-12T07:56:48+00:00\",\"dateModified\":\"2023-05-20T08:32:20+00:00\",\"description\":\"B\u00e1nh m\u00ec ph\u00f4 mai t\u1ea1i Tandoor Vietnam - m\u00f3n \u0103n \u0111\u1ed9c \u0111\u00e1o v\u1edbi l\u1edbp ph\u00f4 mai b\u00e9o ng\u1eady k\u1ebft h\u1ee3p v\u1edbi v\u1ecb th\u01a1m ngon c\u1ee7a b\u00e1nh m\u00ec gi\u00f2n tan.\",\"breadcrumb\":{\"@id\":\"https:\\\/\\\/tandoorvietnam.com\\\/vi\\\/sanpham\\\/cac-mon-banh-ro-ti\\\/banh-mi-pho-mai\\\/#breadcrumb\"},\"inLanguage\":\"vi-VN\",\"potentialAction\":[{\"@type\":\"ReadAction\",\"target\":[\"https:\\\/\\\/tandoorvietnam.com\\\/vi\\\/sanpham\\\/cac-mon-banh-ro-ti\\\/banh-mi-pho-mai\\\/\"]}]},{\"@type\":\"ImageObject\",\"inLanguage\":\"vi-VN\",\"@id\":\"https:\\\/\\\/tandoorvietnam.com\\\/vi\\\/sanpham\\\/cac-mon-banh-ro-ti\\\/banh-mi-pho-mai\\\/#primaryimage\",\"url\":\"https:\\\/\\\/tandoorvietnam.com\\\/wp-content\\\/uploads\\\/2020\\\/06\\\/Cheese-nan.jpg\",\"contentUrl\":\"https:\\\/\\\/tandoorvietnam.com\\\/wp-content\\\/uploads\\\/2020\\\/06\\\/Cheese-nan.jpg\",\"width\":1400,\"height\":1400,\"caption\":\"B\u00c1NH M\u00cc PH\u00d4 MAI\"},{\"@type\":\"BreadcrumbList\",\"@id\":\"https:\\\/\\\/tandoorvietnam.com\\\/vi\\\/sanpham\\\/cac-mon-banh-ro-ti\\\/banh-mi-pho-mai\\\/#breadcrumb\",\"itemListElement\":[{\"@type\":\"ListItem\",\"position\":1,\"name\":\"Trang Ch\u1ee7\",\"item\":\"https:\\\/\\\/tandoorvietnam.com\\\/vi\\\/\"},{\"@type\":\"ListItem\",\"position\":2,\"name\":\"Shop\",\"item\":\"https:\\\/\\\/tandoorvietnam.com\\\/shop\\\/\"},{\"@type\":\"ListItem\",\"position\":3,\"name\":\"Cheese Nan (B\u00c1NH M\u00cc PH\u00d4 MAI)\"}]},{\"@type\":\"WebSite\",\"@id\":\"https:\\\/\\\/tandoorvietnam.com\\\/vi\\\/#website\",\"url\":\"https:\\\/\\\/tandoorvietnam.com\\\/vi\\\/\",\"name\":\"Tandoor Vietnam\",\"description\":\"Nh\u00e0 h\u00e0ng ngon h\u1ed3 ch\u00ed minh\",\"publisher\":{\"@id\":\"https:\\\/\\\/tandoorvietnam.com\\\/vi\\\/#organization\"},\"potentialAction\":[{\"@type\":\"SearchAction\",\"target\":{\"@type\":\"EntryPoint\",\"urlTemplate\":\"https:\\\/\\\/tandoorvietnam.com\\\/vi\\\/?s={search_term_string}\"},\"query-input\":{\"@type\":\"PropertyValueSpecification\",\"valueRequired\":true,\"valueName\":\"search_term_string\"}}],\"inLanguage\":\"vi-VN\"},{\"@type\":\"Organization\",\"@id\":\"https:\\\/\\\/tandoorvietnam.com\\\/vi\\\/#organization\",\"name\":\"Tandoor Vietnam\",\"url\":\"https:\\\/\\\/tandoorvietnam.com\\\/vi\\\/\",\"logo\":{\"@type\":\"ImageObject\",\"inLanguage\":\"vi-VN\",\"@id\":\"https:\\\/\\\/tandoorvietnam.com\\\/vi\\\/#\\\/schema\\\/logo\\\/image\\\/\",\"url\":\"https:\\\/\\\/tandoorvietnam.com\\\/wp-content\\\/uploads\\\/2020\\\/07\\\/logo.png\",\"contentUrl\":\"https:\\\/\\\/tandoorvietnam.com\\\/wp-content\\\/uploads\\\/2020\\\/07\\\/logo.png\",\"width\":133,\"height\":75,\"caption\":\"Tandoor Vietnam\"},\"image\":{\"@id\":\"https:\\\/\\\/tandoorvietnam.com\\\/vi\\\/#\\\/schema\\\/logo\\\/image\\\/\"},\"sameAs\":[\"https:\\\/\\\/www.facebook.com\\\/tandoor.hcmc\\\/\"]}]}<\/script>\n<!-- \/ Yoast SEO Premium plugin. -->","yoast_head_json":{"title":"Cheese Nan (B\u00c1NH M\u00cc PH\u00d4 MAI) - Tandoor Vi\u1ec7t Nam","description":"B\u00e1nh m\u00ec ph\u00f4 mai t\u1ea1i Tandoor Vietnam - m\u00f3n \u0103n \u0111\u1ed9c \u0111\u00e1o v\u1edbi l\u1edbp ph\u00f4 mai b\u00e9o ng\u1eady k\u1ebft h\u1ee3p v\u1edbi v\u1ecb th\u01a1m ngon c\u1ee7a b\u00e1nh m\u00ec gi\u00f2n tan.","robots":{"index":"index","follow":"follow","max-snippet":"max-snippet:-1","max-image-preview":"max-image-preview:large","max-video-preview":"max-video-preview:-1"},"canonical":"https:\/\/tandoorvietnam.com\/vi\/sanpham\/cac-mon-banh-ro-ti\/banh-mi-pho-mai\/","og_locale":"vi_VN","og_type":"article","og_title":"Cheese Nan (B\u00c1NH M\u00cc PH\u00d4 MAI)","og_description":"B\u00e1nh m\u00ec ph\u00f4 mai t\u1ea1i Tandoor Vietnam - m\u00f3n \u0103n \u0111\u1ed9c \u0111\u00e1o v\u1edbi l\u1edbp ph\u00f4 mai b\u00e9o ng\u1eady k\u1ebft h\u1ee3p v\u1edbi v\u1ecb th\u01a1m ngon c\u1ee7a b\u00e1nh m\u00ec gi\u00f2n tan.","og_url":"https:\/\/tandoorvietnam.com\/vi\/sanpham\/cac-mon-banh-ro-ti\/banh-mi-pho-mai\/","og_site_name":"Tandoor Vi\u1ec7t Nam","article_publisher":"https:\/\/www.facebook.com\/tandoor.hcmc\/","article_modified_time":"2023-05-20T08:32:20+00:00","og_image":[{"width":1400,"height":1400,"url":"https:\/\/tandoorvietnam.com\/wp-content\/uploads\/2020\/06\/Cheese-nan.jpg","type":"image\/jpeg"}],"twitter_card":"summary_large_image","twitter_misc":{"Est. reading time":"2 minutes"},"schema":{"@context":"https:\/\/schema.org","@graph":[{"@type":"WebPage","@id":"https:\/\/tandoorvietnam.com\/vi\/sanpham\/cac-mon-banh-ro-ti\/banh-mi-pho-mai\/","url":"https:\/\/tandoorvietnam.com\/vi\/sanpham\/cac-mon-banh-ro-ti\/banh-mi-pho-mai\/","name":"Cheese Nan (B\u00c1NH M\u00cc PH\u00d4 MAI) - Tandoor Vi\u1ec7t Nam","isPartOf":{"@id":"https:\/\/tandoorvietnam.com\/vi\/#website"},"primaryImageOfPage":{"@id":"https:\/\/tandoorvietnam.com\/vi\/sanpham\/cac-mon-banh-ro-ti\/banh-mi-pho-mai\/#primaryimage"},"image":{"@id":"https:\/\/tandoorvietnam.com\/vi\/sanpham\/cac-mon-banh-ro-ti\/banh-mi-pho-mai\/#primaryimage"},"thumbnailUrl":"https:\/\/tandoorvietnam.com\/wp-content\/uploads\/2020\/06\/Cheese-nan.jpg","datePublished":"2021-04-12T07:56:48+00:00","dateModified":"2023-05-20T08:32:20+00:00","description":"B\u00e1nh m\u00ec ph\u00f4 mai t\u1ea1i Tandoor Vietnam - m\u00f3n \u0103n \u0111\u1ed9c \u0111\u00e1o v\u1edbi l\u1edbp ph\u00f4 mai b\u00e9o ng\u1eady k\u1ebft h\u1ee3p v\u1edbi v\u1ecb th\u01a1m ngon c\u1ee7a b\u00e1nh m\u00ec gi\u00f2n tan.","breadcrumb":{"@id":"https:\/\/tandoorvietnam.com\/vi\/sanpham\/cac-mon-banh-ro-ti\/banh-mi-pho-mai\/#breadcrumb"},"inLanguage":"vi-VN","potentialAction":[{"@type":"ReadAction","target":["https:\/\/tandoorvietnam.com\/vi\/sanpham\/cac-mon-banh-ro-ti\/banh-mi-pho-mai\/"]}]},{"@type":"ImageObject","inLanguage":"vi-VN","@id":"https:\/\/tandoorvietnam.com\/vi\/sanpham\/cac-mon-banh-ro-ti\/banh-mi-pho-mai\/#primaryimage","url":"https:\/\/tandoorvietnam.com\/wp-content\/uploads\/2020\/06\/Cheese-nan.jpg","contentUrl":"https:\/\/tandoorvietnam.com\/wp-content\/uploads\/2020\/06\/Cheese-nan.jpg","width":1400,"height":1400,"caption":"B\u00c1NH M\u00cc PH\u00d4 MAI"},{"@type":"BreadcrumbList","@id":"https:\/\/tandoorvietnam.com\/vi\/sanpham\/cac-mon-banh-ro-ti\/banh-mi-pho-mai\/#breadcrumb","itemListElement":[{"@type":"ListItem","position":1,"name":"Trang Ch\u1ee7","item":"https:\/\/tandoorvietnam.com\/vi\/"},{"@type":"ListItem","position":2,"name":"Shop","item":"https:\/\/tandoorvietnam.com\/shop\/"},{"@type":"ListItem","position":3,"name":"Cheese Nan (B\u00c1NH M\u00cc PH\u00d4 MAI)"}]},{"@type":"WebSite","@id":"https:\/\/tandoorvietnam.com\/vi\/#website","url":"https:\/\/tandoorvietnam.com\/vi\/","name":"Tandoor Vietnam","description":"Nh\u00e0 h\u00e0ng ngon h\u1ed3 ch\u00ed minh","publisher":{"@id":"https:\/\/tandoorvietnam.com\/vi\/#organization"},"potentialAction":[{"@type":"SearchAction","target":{"@type":"EntryPoint","urlTemplate":"https:\/\/tandoorvietnam.com\/vi\/?s={search_term_string}"},"query-input":{"@type":"PropertyValueSpecification","valueRequired":true,"valueName":"search_term_string"}}],"inLanguage":"vi-VN"},{"@type":"Organization","@id":"https:\/\/tandoorvietnam.com\/vi\/#organization","name":"Tandoor Vietnam","url":"https:\/\/tandoorvietnam.com\/vi\/","logo":{"@type":"ImageObject","inLanguage":"vi-VN","@id":"https:\/\/tandoorvietnam.com\/vi\/#\/schema\/logo\/image\/","url":"https:\/\/tandoorvietnam.com\/wp-content\/uploads\/2020\/07\/logo.png","contentUrl":"https:\/\/tandoorvietnam.com\/wp-content\/uploads\/2020\/07\/logo.png","width":133,"height":75,"caption":"Tandoor Vietnam"},"image":{"@id":"https:\/\/tandoorvietnam.com\/vi\/#\/schema\/logo\/image\/"},"sameAs":["https:\/\/www.facebook.com\/tandoor.hcmc\/"]}]}},"_links":{"self":[{"href":"https:\/\/tandoorvietnam.com\/vi\/wp-json\/wp\/v2\/product\/3064","targetHints":{"allow":["GET"]}}],"collection":[{"href":"https:\/\/tandoorvietnam.com\/vi\/wp-json\/wp\/v2\/product"}],"about":[{"href":"https:\/\/tandoorvietnam.com\/vi\/wp-json\/wp\/v2\/types\/product"}],"wp:featuredmedia":[{"embeddable":true,"href":"https:\/\/tandoorvietnam.com\/vi\/wp-json\/wp\/v2\/media\/3065"}],"wp:attachment":[{"href":"https:\/\/tandoorvietnam.com\/vi\/wp-json\/wp\/v2\/media?parent=3064"}],"wp:term":[{"taxonomy":"product_brand","embeddable":true,"href":"https:\/\/tandoorvietnam.com\/vi\/wp-json\/wp\/v2\/product_brand?post=3064"},{"taxonomy":"product_cat","embeddable":true,"href":"https:\/\/tandoorvietnam.com\/vi\/wp-json\/wp\/v2\/product_cat?post=3064"},{"taxonomy":"product_tag","embeddable":true,"href":"https:\/\/tandoorvietnam.com\/vi\/wp-json\/wp\/v2\/product_tag?post=3064"}],"curies":[{"name":"wp","href":"https:\/\/api.w.org\/{rel}","templated":true}]}}