{"id":3066,"date":"2020-06-20T14:25:25","date_gmt":"2021-04-12T07:59:20","guid":{"rendered":"http:\/\/tandoorvietnam.com\/product\/uncategorized\/banh-mi-bo-toi-nuong-lo-tandoor\/"},"modified":"2023-05-07T15:17:05","modified_gmt":"2023-05-07T15:17:05","slug":"banh-mi-bo-toi-nuong-lo-tandoor","status":"publish","type":"product","link":"https:\/\/tandoorvietnam.com\/vi\/sanpham\/cac-mon-banh-ro-ti\/banh-mi-bo-toi-nuong-lo-tandoor\/","title":{"rendered":"Garlic Nan (B\u00c1NH M\u00cc T\u1eceI N\u01af\u1edaNG L\u00d2 TANDOOR)"},"content":{"rendered":"<p>B\u00e1nh m\u00ec b\u01a1 t\u1ecfi n\u01b0\u1edbng l\u00e0 m\u1ed9t trong nh\u1eefng m\u00f3n \u0103n \u0111\u1eb7c tr\u01b0ng c\u1ee7a <a href=\"https:\/\/tandoorvietnam.com\/\">Tandoor Vietnam<\/a>, mang \u0111\u1ebfn cho th\u1ef1c kh\u00e1ch tr\u1ea3i nghi\u1ec7m \u1ea9m th\u1ef1c \u0111\u1eb7c bi\u1ec7t v\u00e0 \u0111a d\u1ea1ng. V\u1edbi l\u1edbp v\u1ecf gi\u00f2n tan v\u00e0 b\u00ean trong l\u00e0 ph\u1ea7n nh\u00e2n b\u01a1 t\u1ecfi th\u01a1m ngon, m\u00f3n \u0103n n\u00e0y s\u1ebd chinh ph\u1ee5c \u0111\u01b0\u1ee3c c\u1ea3 nh\u1eefng th\u1ef1c kh\u00e1ch kh\u00f3 t\u00ednh nh\u1ea5t.<\/p>\n<p>Nguy\u00ean li\u1ec7u ch\u00ednh c\u1ee7a Garlic Nan n\u01b0\u1edbng l\u00e0 b\u1ed9t m\u00ec, b\u01a1, t\u1ecfi v\u00e0 gia v\u1ecb. T\u1ea5t c\u1ea3 c\u00e1c nguy\u00ean li\u1ec7u \u0111\u01b0\u1ee3c ch\u1ecdn l\u1ef1a k\u1ef9 c\u00e0ng, \u0111\u1ea3m b\u1ea3o \u0111\u1ed9 t\u01b0\u01a1i m\u1edbi v\u00e0 ch\u1ea5t l\u01b0\u1ee3ng t\u1ed1t nh\u1ea5t. L\u1edbp v\u1ecf b\u00e1nh \u0111\u01b0\u1ee3c n\u01b0\u1edbng tr\u00ean lo tandoor, m\u1ed9t lo\u1ea1i l\u00f2 nung \u0111\u1eb7c tr\u01b0ng c\u1ee7a \u1ea4n \u0110\u1ed9, gi\u00fap t\u0103ng c\u01b0\u1eddng h\u01b0\u01a1ng v\u1ecb v\u00e0 \u0111\u1ed9 gi\u00f2n cho b\u00e1nh.<\/p>\n<p>Ph\u1ea7n nh\u00e2n b\u01a1 t\u1ecfi \u0111\u01b0\u1ee3c ch\u1ebf bi\u1ebfn t\u1eeb b\u01a1 t\u01b0\u01a1i, t\u1ecfi b\u0103m nh\u1ecf, b\u1ed9t m\u00ec v\u00e0 gia v\u1ecb. \u0110\u00e2y l\u00e0 m\u1ed9t ph\u1ea7n quan tr\u1ecdng t\u1ea1o n\u00ean h\u01b0\u01a1ng v\u1ecb \u0111\u1eb7c tr\u01b0ng cho b\u00e1nh m\u00ec b\u01a1 t\u1ecfi n\u01b0\u1edbng. S\u1ef1 k\u1ebft h\u1ee3p gi\u1eefa l\u1edbp v\u1ecf gi\u00f2n tan v\u00e0 ph\u1ea7n nh\u00e2n b\u01a1 t\u1ecfi th\u01a1m ngon, \u0111\u1eadm \u0111\u00e0 s\u1ebd l\u00e0m cho b\u1ea1n mu\u1ed1n \u0103n m\u00e3i kh\u00f4ng th\u00f4i.<\/p>\n<p>B\u00e1nh m\u00ec b\u01a1 t\u1ecfi n\u01b0\u1edbng th\u01b0\u1eddng \u0111\u01b0\u1ee3c ph\u1ee5c v\u1ee5 c\u00f9ng v\u1edbi s\u1ed1t chua ng\u1ecdt, t\u1ea1o th\u00e0nh m\u1ed9t s\u1ef1 k\u1ebft h\u1ee3p tuy\u1ec7t v\u1eddi gi\u1eefa h\u01b0\u01a1ng v\u1ecb b\u00e9o ng\u1eady c\u1ee7a b\u01a1, m\u00f9i th\u01a1m c\u1ee7a t\u1ecfi v\u00e0 v\u1ecb ng\u1ecdt thanh c\u1ee7a s\u1ed1t. M\u00f3n \u0103n n\u00e0y th\u00edch h\u1ee3p \u0111\u1ec3 \u0103n s\u00e1ng ho\u1eb7c \u0103n nh\u1eb9 v\u00e0o b\u1ea5t c\u1ee9 th\u1eddi \u0111i\u1ec3m n\u00e0o trong ng\u00e0y.<\/p>\n","protected":false},"excerpt":{"rendered":"<p>&nbsp;<\/p>\n<table width=\"723\">\n<tbody>\n<tr>\n<td width=\"412\">Unleavened supper fine flour bread flavored with garlic<\/td>\n<\/tr>\n<tr>\n<td width=\"412\"><em>B\u00e1nh l\u00e0m t\u1eeb b\u1ed9t m\u00ec h\u1ea3o h\u1ea1ng n\u01b0\u1edbng v\u1edbi t\u1ecfi th\u01a1m l\u1eebng trong l\u00f2 Tandoor<\/em><\/td>\n<\/tr>\n<\/tbody>\n<\/table>\n","protected":false},"featured_media":3067,"template":"","meta":[],"product_brand":[],"product_cat":[219],"product_tag":[],"class_list":{"0":"post-3066","1":"product","2":"type-product","3":"status-publish","4":"has-post-thumbnail","6":"product_cat-cac-mon-banh-ro-ti","8":"first","9":"instock","10":"taxable","11":"shipping-taxable","12":"purchasable","13":"product-type-simple"},"yoast_head":"<!-- This site is optimized with the Yoast SEO Premium plugin v22.3 (Yoast SEO v27.4) - https:\/\/yoast.com\/product\/yoast-seo-premium-wordpress\/ -->\n<title>Garlic Nan (B\u00c1NH M\u00cc T\u1eceI N\u01af\u1edaNG L\u00d2 TANDOOR)<\/title>\n<meta name=\"description\" content=\"B\u00e1nh m\u00ec b\u01a1 t\u1ecfi n\u01b0\u1edbng c\u1ee7a Tandoor Vietnam v\u1edbi l\u1edbp v\u1ecf gi\u00f2n tan, b\u00ean trong l\u00e0 ph\u1ea7n nh\u00e2n b\u01a1 t\u1ecfi th\u01a1m ngon, \u0111em l\u1ea1i tr\u1ea3i nghi\u1ec7m \u1ea9m th\u1ef1c \u0111\u1eb7c bi\u1ec7t cho b\u1ea1n.\" \/>\n<meta name=\"robots\" content=\"index, follow, max-snippet:-1, max-image-preview:large, max-video-preview:-1\" \/>\n<link rel=\"canonical\" href=\"https:\/\/tandoorvietnam.com\/vi\/sanpham\/cac-mon-banh-ro-ti\/banh-mi-bo-toi-nuong-lo-tandoor\/\" \/>\n<meta property=\"og:locale\" content=\"vi_VN\" \/>\n<meta property=\"og:type\" content=\"article\" \/>\n<meta property=\"og:title\" content=\"Garlic Nan (B\u00c1NH M\u00cc T\u1eceI N\u01af\u1edaNG L\u00d2 TANDOOR)\" \/>\n<meta property=\"og:description\" content=\"B\u00e1nh m\u00ec b\u01a1 t\u1ecfi n\u01b0\u1edbng c\u1ee7a Tandoor Vietnam v\u1edbi l\u1edbp v\u1ecf gi\u00f2n tan, b\u00ean trong l\u00e0 ph\u1ea7n nh\u00e2n b\u01a1 t\u1ecfi th\u01a1m ngon, \u0111em l\u1ea1i tr\u1ea3i nghi\u1ec7m \u1ea9m th\u1ef1c \u0111\u1eb7c bi\u1ec7t cho b\u1ea1n.\" \/>\n<meta property=\"og:url\" content=\"https:\/\/tandoorvietnam.com\/vi\/sanpham\/cac-mon-banh-ro-ti\/banh-mi-bo-toi-nuong-lo-tandoor\/\" \/>\n<meta property=\"og:site_name\" content=\"Tandoor Vi\u1ec7t Nam\" \/>\n<meta property=\"article:publisher\" content=\"https:\/\/www.facebook.com\/tandoor.hcmc\/\" \/>\n<meta property=\"article:modified_time\" content=\"2023-05-07T15:17:05+00:00\" \/>\n<meta property=\"og:image\" content=\"https:\/\/tandoorvietnam.com\/wp-content\/uploads\/2020\/06\/Garlic-nan.jpg\" \/>\n\t<meta property=\"og:image:width\" content=\"1400\" \/>\n\t<meta property=\"og:image:height\" content=\"1400\" \/>\n\t<meta property=\"og:image:type\" content=\"image\/jpeg\" \/>\n<meta name=\"twitter:card\" content=\"summary_large_image\" \/>\n<meta name=\"twitter:label1\" content=\"Est. reading time\" \/>\n\t<meta name=\"twitter:data1\" content=\"2 minutes\" \/>\n<script type=\"application\/ld+json\" class=\"yoast-schema-graph\">{\"@context\":\"https:\\\/\\\/schema.org\",\"@graph\":[{\"@type\":\"WebPage\",\"@id\":\"https:\\\/\\\/tandoorvietnam.com\\\/vi\\\/sanpham\\\/cac-mon-banh-ro-ti\\\/banh-mi-bo-toi-nuong-lo-tandoor\\\/\",\"url\":\"https:\\\/\\\/tandoorvietnam.com\\\/vi\\\/sanpham\\\/cac-mon-banh-ro-ti\\\/banh-mi-bo-toi-nuong-lo-tandoor\\\/\",\"name\":\"Garlic Nan (B\u00c1NH M\u00cc T\u1eceI N\u01af\u1edaNG L\u00d2 TANDOOR)\",\"isPartOf\":{\"@id\":\"https:\\\/\\\/tandoorvietnam.com\\\/vi\\\/#website\"},\"primaryImageOfPage\":{\"@id\":\"https:\\\/\\\/tandoorvietnam.com\\\/vi\\\/sanpham\\\/cac-mon-banh-ro-ti\\\/banh-mi-bo-toi-nuong-lo-tandoor\\\/#primaryimage\"},\"image\":{\"@id\":\"https:\\\/\\\/tandoorvietnam.com\\\/vi\\\/sanpham\\\/cac-mon-banh-ro-ti\\\/banh-mi-bo-toi-nuong-lo-tandoor\\\/#primaryimage\"},\"thumbnailUrl\":\"https:\\\/\\\/tandoorvietnam.com\\\/wp-content\\\/uploads\\\/2020\\\/06\\\/Garlic-nan.jpg\",\"datePublished\":\"2021-04-12T07:59:20+00:00\",\"dateModified\":\"2023-05-07T15:17:05+00:00\",\"description\":\"B\u00e1nh m\u00ec b\u01a1 t\u1ecfi n\u01b0\u1edbng c\u1ee7a Tandoor Vietnam v\u1edbi l\u1edbp v\u1ecf gi\u00f2n tan, b\u00ean trong l\u00e0 ph\u1ea7n nh\u00e2n b\u01a1 t\u1ecfi th\u01a1m ngon, \u0111em l\u1ea1i tr\u1ea3i nghi\u1ec7m \u1ea9m th\u1ef1c \u0111\u1eb7c bi\u1ec7t cho b\u1ea1n.\",\"breadcrumb\":{\"@id\":\"https:\\\/\\\/tandoorvietnam.com\\\/vi\\\/sanpham\\\/cac-mon-banh-ro-ti\\\/banh-mi-bo-toi-nuong-lo-tandoor\\\/#breadcrumb\"},\"inLanguage\":\"vi-VN\",\"potentialAction\":[{\"@type\":\"ReadAction\",\"target\":[\"https:\\\/\\\/tandoorvietnam.com\\\/vi\\\/sanpham\\\/cac-mon-banh-ro-ti\\\/banh-mi-bo-toi-nuong-lo-tandoor\\\/\"]}]},{\"@type\":\"ImageObject\",\"inLanguage\":\"vi-VN\",\"@id\":\"https:\\\/\\\/tandoorvietnam.com\\\/vi\\\/sanpham\\\/cac-mon-banh-ro-ti\\\/banh-mi-bo-toi-nuong-lo-tandoor\\\/#primaryimage\",\"url\":\"https:\\\/\\\/tandoorvietnam.com\\\/wp-content\\\/uploads\\\/2020\\\/06\\\/Garlic-nan.jpg\",\"contentUrl\":\"https:\\\/\\\/tandoorvietnam.com\\\/wp-content\\\/uploads\\\/2020\\\/06\\\/Garlic-nan.jpg\",\"width\":1400,\"height\":1400,\"caption\":\"B\u00c1NH M\u00cc T\u1eceI N\u01af\u1edaNG L\u00d2 TANDOOR\"},{\"@type\":\"BreadcrumbList\",\"@id\":\"https:\\\/\\\/tandoorvietnam.com\\\/vi\\\/sanpham\\\/cac-mon-banh-ro-ti\\\/banh-mi-bo-toi-nuong-lo-tandoor\\\/#breadcrumb\",\"itemListElement\":[{\"@type\":\"ListItem\",\"position\":1,\"name\":\"Trang Ch\u1ee7\",\"item\":\"https:\\\/\\\/tandoorvietnam.com\\\/vi\\\/\"},{\"@type\":\"ListItem\",\"position\":2,\"name\":\"Shop\",\"item\":\"https:\\\/\\\/tandoorvietnam.com\\\/shop\\\/\"},{\"@type\":\"ListItem\",\"position\":3,\"name\":\"Garlic Nan (B\u00c1NH M\u00cc T\u1eceI N\u01af\u1edaNG L\u00d2 TANDOOR)\"}]},{\"@type\":\"WebSite\",\"@id\":\"https:\\\/\\\/tandoorvietnam.com\\\/vi\\\/#website\",\"url\":\"https:\\\/\\\/tandoorvietnam.com\\\/vi\\\/\",\"name\":\"Tandoor Vietnam\",\"description\":\"Nh\u00e0 h\u00e0ng ngon h\u1ed3 ch\u00ed minh\",\"publisher\":{\"@id\":\"https:\\\/\\\/tandoorvietnam.com\\\/vi\\\/#organization\"},\"potentialAction\":[{\"@type\":\"SearchAction\",\"target\":{\"@type\":\"EntryPoint\",\"urlTemplate\":\"https:\\\/\\\/tandoorvietnam.com\\\/vi\\\/?s={search_term_string}\"},\"query-input\":{\"@type\":\"PropertyValueSpecification\",\"valueRequired\":true,\"valueName\":\"search_term_string\"}}],\"inLanguage\":\"vi-VN\"},{\"@type\":\"Organization\",\"@id\":\"https:\\\/\\\/tandoorvietnam.com\\\/vi\\\/#organization\",\"name\":\"Tandoor Vietnam\",\"url\":\"https:\\\/\\\/tandoorvietnam.com\\\/vi\\\/\",\"logo\":{\"@type\":\"ImageObject\",\"inLanguage\":\"vi-VN\",\"@id\":\"https:\\\/\\\/tandoorvietnam.com\\\/vi\\\/#\\\/schema\\\/logo\\\/image\\\/\",\"url\":\"https:\\\/\\\/tandoorvietnam.com\\\/wp-content\\\/uploads\\\/2020\\\/07\\\/logo.png\",\"contentUrl\":\"https:\\\/\\\/tandoorvietnam.com\\\/wp-content\\\/uploads\\\/2020\\\/07\\\/logo.png\",\"width\":133,\"height\":75,\"caption\":\"Tandoor Vietnam\"},\"image\":{\"@id\":\"https:\\\/\\\/tandoorvietnam.com\\\/vi\\\/#\\\/schema\\\/logo\\\/image\\\/\"},\"sameAs\":[\"https:\\\/\\\/www.facebook.com\\\/tandoor.hcmc\\\/\"]}]}<\/script>\n<!-- \/ Yoast SEO Premium plugin. -->","yoast_head_json":{"title":"Garlic Nan (B\u00c1NH M\u00cc T\u1eceI N\u01af\u1edaNG L\u00d2 TANDOOR)","description":"B\u00e1nh m\u00ec b\u01a1 t\u1ecfi n\u01b0\u1edbng c\u1ee7a Tandoor Vietnam v\u1edbi l\u1edbp v\u1ecf gi\u00f2n tan, b\u00ean trong l\u00e0 ph\u1ea7n nh\u00e2n b\u01a1 t\u1ecfi th\u01a1m ngon, \u0111em l\u1ea1i tr\u1ea3i nghi\u1ec7m \u1ea9m th\u1ef1c \u0111\u1eb7c bi\u1ec7t cho b\u1ea1n.","robots":{"index":"index","follow":"follow","max-snippet":"max-snippet:-1","max-image-preview":"max-image-preview:large","max-video-preview":"max-video-preview:-1"},"canonical":"https:\/\/tandoorvietnam.com\/vi\/sanpham\/cac-mon-banh-ro-ti\/banh-mi-bo-toi-nuong-lo-tandoor\/","og_locale":"vi_VN","og_type":"article","og_title":"Garlic Nan (B\u00c1NH M\u00cc T\u1eceI N\u01af\u1edaNG L\u00d2 TANDOOR)","og_description":"B\u00e1nh m\u00ec b\u01a1 t\u1ecfi n\u01b0\u1edbng c\u1ee7a Tandoor Vietnam v\u1edbi l\u1edbp v\u1ecf gi\u00f2n tan, b\u00ean trong l\u00e0 ph\u1ea7n nh\u00e2n b\u01a1 t\u1ecfi th\u01a1m ngon, \u0111em l\u1ea1i tr\u1ea3i nghi\u1ec7m \u1ea9m th\u1ef1c \u0111\u1eb7c bi\u1ec7t cho b\u1ea1n.","og_url":"https:\/\/tandoorvietnam.com\/vi\/sanpham\/cac-mon-banh-ro-ti\/banh-mi-bo-toi-nuong-lo-tandoor\/","og_site_name":"Tandoor Vi\u1ec7t Nam","article_publisher":"https:\/\/www.facebook.com\/tandoor.hcmc\/","article_modified_time":"2023-05-07T15:17:05+00:00","og_image":[{"width":1400,"height":1400,"url":"https:\/\/tandoorvietnam.com\/wp-content\/uploads\/2020\/06\/Garlic-nan.jpg","type":"image\/jpeg"}],"twitter_card":"summary_large_image","twitter_misc":{"Est. reading time":"2 minutes"},"schema":{"@context":"https:\/\/schema.org","@graph":[{"@type":"WebPage","@id":"https:\/\/tandoorvietnam.com\/vi\/sanpham\/cac-mon-banh-ro-ti\/banh-mi-bo-toi-nuong-lo-tandoor\/","url":"https:\/\/tandoorvietnam.com\/vi\/sanpham\/cac-mon-banh-ro-ti\/banh-mi-bo-toi-nuong-lo-tandoor\/","name":"Garlic Nan (B\u00c1NH M\u00cc T\u1eceI N\u01af\u1edaNG L\u00d2 TANDOOR)","isPartOf":{"@id":"https:\/\/tandoorvietnam.com\/vi\/#website"},"primaryImageOfPage":{"@id":"https:\/\/tandoorvietnam.com\/vi\/sanpham\/cac-mon-banh-ro-ti\/banh-mi-bo-toi-nuong-lo-tandoor\/#primaryimage"},"image":{"@id":"https:\/\/tandoorvietnam.com\/vi\/sanpham\/cac-mon-banh-ro-ti\/banh-mi-bo-toi-nuong-lo-tandoor\/#primaryimage"},"thumbnailUrl":"https:\/\/tandoorvietnam.com\/wp-content\/uploads\/2020\/06\/Garlic-nan.jpg","datePublished":"2021-04-12T07:59:20+00:00","dateModified":"2023-05-07T15:17:05+00:00","description":"B\u00e1nh m\u00ec b\u01a1 t\u1ecfi n\u01b0\u1edbng c\u1ee7a Tandoor Vietnam v\u1edbi l\u1edbp v\u1ecf gi\u00f2n tan, b\u00ean trong l\u00e0 ph\u1ea7n nh\u00e2n b\u01a1 t\u1ecfi th\u01a1m ngon, \u0111em l\u1ea1i tr\u1ea3i nghi\u1ec7m \u1ea9m th\u1ef1c \u0111\u1eb7c bi\u1ec7t cho b\u1ea1n.","breadcrumb":{"@id":"https:\/\/tandoorvietnam.com\/vi\/sanpham\/cac-mon-banh-ro-ti\/banh-mi-bo-toi-nuong-lo-tandoor\/#breadcrumb"},"inLanguage":"vi-VN","potentialAction":[{"@type":"ReadAction","target":["https:\/\/tandoorvietnam.com\/vi\/sanpham\/cac-mon-banh-ro-ti\/banh-mi-bo-toi-nuong-lo-tandoor\/"]}]},{"@type":"ImageObject","inLanguage":"vi-VN","@id":"https:\/\/tandoorvietnam.com\/vi\/sanpham\/cac-mon-banh-ro-ti\/banh-mi-bo-toi-nuong-lo-tandoor\/#primaryimage","url":"https:\/\/tandoorvietnam.com\/wp-content\/uploads\/2020\/06\/Garlic-nan.jpg","contentUrl":"https:\/\/tandoorvietnam.com\/wp-content\/uploads\/2020\/06\/Garlic-nan.jpg","width":1400,"height":1400,"caption":"B\u00c1NH M\u00cc T\u1eceI N\u01af\u1edaNG L\u00d2 TANDOOR"},{"@type":"BreadcrumbList","@id":"https:\/\/tandoorvietnam.com\/vi\/sanpham\/cac-mon-banh-ro-ti\/banh-mi-bo-toi-nuong-lo-tandoor\/#breadcrumb","itemListElement":[{"@type":"ListItem","position":1,"name":"Trang Ch\u1ee7","item":"https:\/\/tandoorvietnam.com\/vi\/"},{"@type":"ListItem","position":2,"name":"Shop","item":"https:\/\/tandoorvietnam.com\/shop\/"},{"@type":"ListItem","position":3,"name":"Garlic Nan (B\u00c1NH M\u00cc T\u1eceI N\u01af\u1edaNG L\u00d2 TANDOOR)"}]},{"@type":"WebSite","@id":"https:\/\/tandoorvietnam.com\/vi\/#website","url":"https:\/\/tandoorvietnam.com\/vi\/","name":"Tandoor Vietnam","description":"Nh\u00e0 h\u00e0ng ngon h\u1ed3 ch\u00ed minh","publisher":{"@id":"https:\/\/tandoorvietnam.com\/vi\/#organization"},"potentialAction":[{"@type":"SearchAction","target":{"@type":"EntryPoint","urlTemplate":"https:\/\/tandoorvietnam.com\/vi\/?s={search_term_string}"},"query-input":{"@type":"PropertyValueSpecification","valueRequired":true,"valueName":"search_term_string"}}],"inLanguage":"vi-VN"},{"@type":"Organization","@id":"https:\/\/tandoorvietnam.com\/vi\/#organization","name":"Tandoor Vietnam","url":"https:\/\/tandoorvietnam.com\/vi\/","logo":{"@type":"ImageObject","inLanguage":"vi-VN","@id":"https:\/\/tandoorvietnam.com\/vi\/#\/schema\/logo\/image\/","url":"https:\/\/tandoorvietnam.com\/wp-content\/uploads\/2020\/07\/logo.png","contentUrl":"https:\/\/tandoorvietnam.com\/wp-content\/uploads\/2020\/07\/logo.png","width":133,"height":75,"caption":"Tandoor Vietnam"},"image":{"@id":"https:\/\/tandoorvietnam.com\/vi\/#\/schema\/logo\/image\/"},"sameAs":["https:\/\/www.facebook.com\/tandoor.hcmc\/"]}]}},"_links":{"self":[{"href":"https:\/\/tandoorvietnam.com\/vi\/wp-json\/wp\/v2\/product\/3066","targetHints":{"allow":["GET"]}}],"collection":[{"href":"https:\/\/tandoorvietnam.com\/vi\/wp-json\/wp\/v2\/product"}],"about":[{"href":"https:\/\/tandoorvietnam.com\/vi\/wp-json\/wp\/v2\/types\/product"}],"wp:featuredmedia":[{"embeddable":true,"href":"https:\/\/tandoorvietnam.com\/vi\/wp-json\/wp\/v2\/media\/3067"}],"wp:attachment":[{"href":"https:\/\/tandoorvietnam.com\/vi\/wp-json\/wp\/v2\/media?parent=3066"}],"wp:term":[{"taxonomy":"product_brand","embeddable":true,"href":"https:\/\/tandoorvietnam.com\/vi\/wp-json\/wp\/v2\/product_brand?post=3066"},{"taxonomy":"product_cat","embeddable":true,"href":"https:\/\/tandoorvietnam.com\/vi\/wp-json\/wp\/v2\/product_cat?post=3066"},{"taxonomy":"product_tag","embeddable":true,"href":"https:\/\/tandoorvietnam.com\/vi\/wp-json\/wp\/v2\/product_tag?post=3066"}],"curies":[{"name":"wp","href":"https:\/\/api.w.org\/{rel}","templated":true}]}}