{"id":3068,"date":"2020-06-20T14:19:38","date_gmt":"2021-04-12T08:00:32","guid":{"rendered":"http:\/\/tandoorvietnam.com\/product\/uncategorized\/banh-mi-sup-lo-cay-nuong-chao\/"},"modified":"2023-05-08T10:18:54","modified_gmt":"2023-05-08T10:18:54","slug":"banh-mi-sup-lo-cay-nuong-chao","status":"publish","type":"product","link":"https:\/\/tandoorvietnam.com\/vi\/sanpham\/cac-mon-banh-ro-ti\/banh-mi-sup-lo-cay-nuong-chao\/","title":{"rendered":"Gobi Paratha (B\u00c1NH M\u00cc S\u00daP L\u01a0 CAY N\u01af\u1edaNG CH\u1ea2O)"},"content":{"rendered":"<p>B\u00e1nh m\u00ec s\u00fap l\u01a1 cay n\u01b0\u1edbng ch\u1ea3o l\u00e0 m\u1ed9t m\u00f3n \u0103n \u0111\u1eb7c bi\u1ec7t v\u00e0 h\u1ea5p d\u1eabn t\u1ea1i Tandoor Vietnam. B\u00e1nh \u0111\u01b0\u1ee3c l\u00e0m t\u1eeb b\u1ed9t m\u00ec nguy\u00ean ch\u1ea5t, v\u1edbi m\u1ed9t l\u1edbp v\u1ecf gi\u00f2n tan b\u00ean ngo\u00e0i v\u00e0 nh\u00e2n s\u00fap l\u01a1 cay n\u00f3ng h\u1ed5i b\u00ean trong.<\/p>\n<p>Nh\u00e2n s\u00fap l\u01a1 \u0111\u01b0\u1ee3c ch\u1ebf bi\u1ebfn t\u1eeb s\u00fap l\u01a1 c\u00f9ng v\u1edbi m\u1ed9t s\u1ed1 gia v\u1ecb \u0111\u1eb7c tr\u01b0ng nh\u01b0 t\u1ecfi, h\u00e0nh, \u1edbt v\u00e0 c\u00e1c lo\u1ea1i rau c\u1ee7 kh\u00e1c. Khi \u0103n, b\u1ea1n s\u1ebd c\u1ea3m nh\u1eadn \u0111\u01b0\u1ee3c v\u1ecb gi\u00f2n c\u1ee7a v\u1ecf b\u00e1nh k\u1ebft h\u1ee3p v\u1edbi h\u01b0\u01a1ng v\u1ecb th\u01a1m ngon c\u1ee7a s\u00fap l\u01a1 cay, m\u1ec1m m\u1ecbn v\u00e0 \u0111\u1eadm \u0111\u00e0.<\/p>\n<p>Gobi Paratha n\u01b0\u1edbng ch\u1ea3o c\u00f3 th\u1ec3 \u0111\u01b0\u1ee3c \u0103n k\u00e8m v\u1edbi n\u01b0\u1edbc s\u1ed1t chua ng\u1ecdt, t\u0103ng th\u00eam h\u01b0\u01a1ng v\u1ecb \u0111\u1eb7c tr\u01b0ng c\u1ee7a m\u00f3n \u0103n. N\u01b0\u1edbc s\u1ed1t \u0111\u01b0\u1ee3c l\u00e0m t\u1eeb c\u00e1c nguy\u00ean li\u1ec7u nh\u01b0 n\u01b0\u1edbc c\u1ed1t d\u1eeba, \u0111\u01b0\u1eddng, d\u1ea5m v\u00e0 m\u1ed9t s\u1ed1 gia v\u1ecb nh\u01b0 t\u1ecfi, \u1edbt v\u00e0 rau th\u01a1m. Khi k\u1ebft h\u1ee3p c\u00f9ng b\u00e1nh m\u00ec, n\u01b0\u1edbc s\u1ed1t s\u1ebd t\u1ea1o ra m\u1ed9t h\u01b0\u01a1ng v\u1ecb \u0111\u1ed9c \u0111\u00e1o v\u00e0 th\u01a1m ngon.<\/p>\n<p>V\u1edbi h\u01b0\u01a1ng v\u1ecb \u0111\u1ed9c \u0111\u00e1o v\u00e0 c\u00e1ch ch\u1ebf bi\u1ebfn tinh t\u1ebf, Gobi Paratha n\u01b0\u1edbng ch\u1ea3o s\u1ebd l\u00e0 m\u1ed9t l\u1ef1a ch\u1ecdn tuy\u1ec7t v\u1eddi cho nh\u1eefng ng\u01b0\u1eddi y\u00eau th\u00edch \u1ea9m th\u1ef1c. H\u00e3y \u0111\u1ebfn <a href=\"https:\/\/tandoorvietnam.com\/\">Tandoor Vietnam<\/a> \u0111\u1ec3 th\u01b0\u1edfng th\u1ee9c m\u00f3n \u0103n \u0111\u1eb7c s\u1eafc n\u00e0y v\u00e0 tr\u1ea3i nghi\u1ec7m h\u01b0\u01a1ng v\u1ecb \u0111\u1ea7y m\u1edbi l\u1ea1.<\/p>\n","protected":false},"excerpt":{"rendered":"<p>&nbsp;<\/p>\n<table width=\"723\">\n<tbody>\n<tr>\n<td width=\"412\">Whole wheat flour bread with spicy cauliflower filling on a hot plate<\/td>\n<\/tr>\n<tr>\n<td width=\"412\"><em>B\u00e1nh l\u00e0m t\u1eeb b\u1ed9t m\u00ec nguy\u00ean ch\u1ea5t nh\u00e2n s\u00fap l\u01a1 cay n\u01b0\u1edbng chin m\u1ec1m tr\u00ean ch\u1ea3o<\/em><\/td>\n<\/tr>\n<\/tbody>\n<\/table>\n","protected":false},"featured_media":3069,"template":"","meta":[],"product_brand":[],"product_cat":[219],"product_tag":[],"class_list":{"0":"post-3068","1":"product","2":"type-product","3":"status-publish","4":"has-post-thumbnail","6":"product_cat-cac-mon-banh-ro-ti","8":"first","9":"instock","10":"taxable","11":"shipping-taxable","12":"purchasable","13":"product-type-simple"},"yoast_head":"<!-- This site is optimized with the Yoast SEO Premium plugin v22.3 (Yoast SEO v27.4) - https:\/\/yoast.com\/product\/yoast-seo-premium-wordpress\/ -->\n<title>Gobi Paratha (B\u00c1NH M\u00cc S\u00daP L\u01a0 CAY N\u01af\u1edaNG CH\u1ea2O)<\/title>\n<meta name=\"description\" content=\"Th\u01b0\u1edfng th\u1ee9c b\u00e1nh m\u00ec s\u00fap l\u01a1 cay, h\u01b0\u01a1ng v\u1ecb \u0111\u1eadm \u0111\u00e0 \u0111\u1ebfn t\u1eeb Tandoor Vietnam - nh\u00e0 h\u00e0ng cung c\u1ea5p \u0111a d\u1ea1ng c\u00e1c m\u00f3n \u0103n ch\u1ea5t l\u01b0\u1ee3ng t\u1eeb \u1ea4n \u0110\u1ed9.\" \/>\n<meta name=\"robots\" content=\"index, follow, max-snippet:-1, max-image-preview:large, max-video-preview:-1\" \/>\n<link rel=\"canonical\" href=\"https:\/\/tandoorvietnam.com\/vi\/sanpham\/cac-mon-banh-ro-ti\/banh-mi-sup-lo-cay-nuong-chao\/\" \/>\n<meta property=\"og:locale\" content=\"vi_VN\" \/>\n<meta property=\"og:type\" content=\"article\" \/>\n<meta property=\"og:title\" content=\"Gobi Paratha (B\u00c1NH M\u00cc S\u00daP L\u01a0 CAY N\u01af\u1edaNG CH\u1ea2O)\" \/>\n<meta property=\"og:description\" content=\"Th\u01b0\u1edfng th\u1ee9c b\u00e1nh m\u00ec s\u00fap l\u01a1 cay, h\u01b0\u01a1ng v\u1ecb \u0111\u1eadm \u0111\u00e0 \u0111\u1ebfn t\u1eeb Tandoor Vietnam - nh\u00e0 h\u00e0ng cung c\u1ea5p \u0111a d\u1ea1ng c\u00e1c m\u00f3n \u0103n ch\u1ea5t l\u01b0\u1ee3ng t\u1eeb \u1ea4n \u0110\u1ed9.\" \/>\n<meta property=\"og:url\" content=\"https:\/\/tandoorvietnam.com\/vi\/sanpham\/cac-mon-banh-ro-ti\/banh-mi-sup-lo-cay-nuong-chao\/\" \/>\n<meta property=\"og:site_name\" content=\"Tandoor Vi\u1ec7t Nam\" \/>\n<meta property=\"article:publisher\" content=\"https:\/\/www.facebook.com\/tandoor.hcmc\/\" \/>\n<meta property=\"article:modified_time\" content=\"2023-05-08T10:18:54+00:00\" \/>\n<meta property=\"og:image\" content=\"https:\/\/tandoorvietnam.com\/wp-content\/uploads\/2020\/06\/Gobi-paratha.jpg\" \/>\n\t<meta property=\"og:image:width\" content=\"1400\" \/>\n\t<meta property=\"og:image:height\" content=\"1400\" \/>\n\t<meta property=\"og:image:type\" content=\"image\/jpeg\" \/>\n<meta name=\"twitter:card\" content=\"summary_large_image\" \/>\n<meta name=\"twitter:label1\" content=\"Est. reading time\" \/>\n\t<meta name=\"twitter:data1\" content=\"1 minute\" \/>\n<script type=\"application\/ld+json\" class=\"yoast-schema-graph\">{\"@context\":\"https:\\\/\\\/schema.org\",\"@graph\":[{\"@type\":\"WebPage\",\"@id\":\"https:\\\/\\\/tandoorvietnam.com\\\/vi\\\/sanpham\\\/cac-mon-banh-ro-ti\\\/banh-mi-sup-lo-cay-nuong-chao\\\/\",\"url\":\"https:\\\/\\\/tandoorvietnam.com\\\/vi\\\/sanpham\\\/cac-mon-banh-ro-ti\\\/banh-mi-sup-lo-cay-nuong-chao\\\/\",\"name\":\"Gobi Paratha (B\u00c1NH M\u00cc S\u00daP L\u01a0 CAY N\u01af\u1edaNG CH\u1ea2O)\",\"isPartOf\":{\"@id\":\"https:\\\/\\\/tandoorvietnam.com\\\/vi\\\/#website\"},\"primaryImageOfPage\":{\"@id\":\"https:\\\/\\\/tandoorvietnam.com\\\/vi\\\/sanpham\\\/cac-mon-banh-ro-ti\\\/banh-mi-sup-lo-cay-nuong-chao\\\/#primaryimage\"},\"image\":{\"@id\":\"https:\\\/\\\/tandoorvietnam.com\\\/vi\\\/sanpham\\\/cac-mon-banh-ro-ti\\\/banh-mi-sup-lo-cay-nuong-chao\\\/#primaryimage\"},\"thumbnailUrl\":\"https:\\\/\\\/tandoorvietnam.com\\\/wp-content\\\/uploads\\\/2020\\\/06\\\/Gobi-paratha.jpg\",\"datePublished\":\"2021-04-12T08:00:32+00:00\",\"dateModified\":\"2023-05-08T10:18:54+00:00\",\"description\":\"Th\u01b0\u1edfng th\u1ee9c b\u00e1nh m\u00ec s\u00fap l\u01a1 cay, h\u01b0\u01a1ng v\u1ecb \u0111\u1eadm \u0111\u00e0 \u0111\u1ebfn t\u1eeb Tandoor Vietnam - nh\u00e0 h\u00e0ng cung c\u1ea5p \u0111a d\u1ea1ng c\u00e1c m\u00f3n \u0103n ch\u1ea5t l\u01b0\u1ee3ng t\u1eeb \u1ea4n \u0110\u1ed9.\",\"breadcrumb\":{\"@id\":\"https:\\\/\\\/tandoorvietnam.com\\\/vi\\\/sanpham\\\/cac-mon-banh-ro-ti\\\/banh-mi-sup-lo-cay-nuong-chao\\\/#breadcrumb\"},\"inLanguage\":\"vi-VN\",\"potentialAction\":[{\"@type\":\"ReadAction\",\"target\":[\"https:\\\/\\\/tandoorvietnam.com\\\/vi\\\/sanpham\\\/cac-mon-banh-ro-ti\\\/banh-mi-sup-lo-cay-nuong-chao\\\/\"]}]},{\"@type\":\"ImageObject\",\"inLanguage\":\"vi-VN\",\"@id\":\"https:\\\/\\\/tandoorvietnam.com\\\/vi\\\/sanpham\\\/cac-mon-banh-ro-ti\\\/banh-mi-sup-lo-cay-nuong-chao\\\/#primaryimage\",\"url\":\"https:\\\/\\\/tandoorvietnam.com\\\/wp-content\\\/uploads\\\/2020\\\/06\\\/Gobi-paratha.jpg\",\"contentUrl\":\"https:\\\/\\\/tandoorvietnam.com\\\/wp-content\\\/uploads\\\/2020\\\/06\\\/Gobi-paratha.jpg\",\"width\":1400,\"height\":1400,\"caption\":\"Gobi Paratha\"},{\"@type\":\"BreadcrumbList\",\"@id\":\"https:\\\/\\\/tandoorvietnam.com\\\/vi\\\/sanpham\\\/cac-mon-banh-ro-ti\\\/banh-mi-sup-lo-cay-nuong-chao\\\/#breadcrumb\",\"itemListElement\":[{\"@type\":\"ListItem\",\"position\":1,\"name\":\"Trang Ch\u1ee7\",\"item\":\"https:\\\/\\\/tandoorvietnam.com\\\/vi\\\/\"},{\"@type\":\"ListItem\",\"position\":2,\"name\":\"Shop\",\"item\":\"https:\\\/\\\/tandoorvietnam.com\\\/shop\\\/\"},{\"@type\":\"ListItem\",\"position\":3,\"name\":\"Gobi Paratha (B\u00c1NH M\u00cc S\u00daP L\u01a0 CAY N\u01af\u1edaNG CH\u1ea2O)\"}]},{\"@type\":\"WebSite\",\"@id\":\"https:\\\/\\\/tandoorvietnam.com\\\/vi\\\/#website\",\"url\":\"https:\\\/\\\/tandoorvietnam.com\\\/vi\\\/\",\"name\":\"Tandoor Vietnam\",\"description\":\"Nh\u00e0 h\u00e0ng ngon h\u1ed3 ch\u00ed minh\",\"publisher\":{\"@id\":\"https:\\\/\\\/tandoorvietnam.com\\\/vi\\\/#organization\"},\"potentialAction\":[{\"@type\":\"SearchAction\",\"target\":{\"@type\":\"EntryPoint\",\"urlTemplate\":\"https:\\\/\\\/tandoorvietnam.com\\\/vi\\\/?s={search_term_string}\"},\"query-input\":{\"@type\":\"PropertyValueSpecification\",\"valueRequired\":true,\"valueName\":\"search_term_string\"}}],\"inLanguage\":\"vi-VN\"},{\"@type\":\"Organization\",\"@id\":\"https:\\\/\\\/tandoorvietnam.com\\\/vi\\\/#organization\",\"name\":\"Tandoor Vietnam\",\"url\":\"https:\\\/\\\/tandoorvietnam.com\\\/vi\\\/\",\"logo\":{\"@type\":\"ImageObject\",\"inLanguage\":\"vi-VN\",\"@id\":\"https:\\\/\\\/tandoorvietnam.com\\\/vi\\\/#\\\/schema\\\/logo\\\/image\\\/\",\"url\":\"https:\\\/\\\/tandoorvietnam.com\\\/wp-content\\\/uploads\\\/2020\\\/07\\\/logo.png\",\"contentUrl\":\"https:\\\/\\\/tandoorvietnam.com\\\/wp-content\\\/uploads\\\/2020\\\/07\\\/logo.png\",\"width\":133,\"height\":75,\"caption\":\"Tandoor Vietnam\"},\"image\":{\"@id\":\"https:\\\/\\\/tandoorvietnam.com\\\/vi\\\/#\\\/schema\\\/logo\\\/image\\\/\"},\"sameAs\":[\"https:\\\/\\\/www.facebook.com\\\/tandoor.hcmc\\\/\"]}]}<\/script>\n<!-- \/ Yoast SEO Premium plugin. -->","yoast_head_json":{"title":"Gobi Paratha (B\u00c1NH M\u00cc S\u00daP L\u01a0 CAY N\u01af\u1edaNG CH\u1ea2O)","description":"Th\u01b0\u1edfng th\u1ee9c b\u00e1nh m\u00ec s\u00fap l\u01a1 cay, h\u01b0\u01a1ng v\u1ecb \u0111\u1eadm \u0111\u00e0 \u0111\u1ebfn t\u1eeb Tandoor Vietnam - nh\u00e0 h\u00e0ng cung c\u1ea5p \u0111a d\u1ea1ng c\u00e1c m\u00f3n \u0103n ch\u1ea5t l\u01b0\u1ee3ng t\u1eeb \u1ea4n \u0110\u1ed9.","robots":{"index":"index","follow":"follow","max-snippet":"max-snippet:-1","max-image-preview":"max-image-preview:large","max-video-preview":"max-video-preview:-1"},"canonical":"https:\/\/tandoorvietnam.com\/vi\/sanpham\/cac-mon-banh-ro-ti\/banh-mi-sup-lo-cay-nuong-chao\/","og_locale":"vi_VN","og_type":"article","og_title":"Gobi Paratha (B\u00c1NH M\u00cc S\u00daP L\u01a0 CAY N\u01af\u1edaNG CH\u1ea2O)","og_description":"Th\u01b0\u1edfng th\u1ee9c b\u00e1nh m\u00ec s\u00fap l\u01a1 cay, h\u01b0\u01a1ng v\u1ecb \u0111\u1eadm \u0111\u00e0 \u0111\u1ebfn t\u1eeb Tandoor Vietnam - nh\u00e0 h\u00e0ng cung c\u1ea5p \u0111a d\u1ea1ng c\u00e1c m\u00f3n \u0103n ch\u1ea5t l\u01b0\u1ee3ng t\u1eeb \u1ea4n \u0110\u1ed9.","og_url":"https:\/\/tandoorvietnam.com\/vi\/sanpham\/cac-mon-banh-ro-ti\/banh-mi-sup-lo-cay-nuong-chao\/","og_site_name":"Tandoor Vi\u1ec7t Nam","article_publisher":"https:\/\/www.facebook.com\/tandoor.hcmc\/","article_modified_time":"2023-05-08T10:18:54+00:00","og_image":[{"width":1400,"height":1400,"url":"https:\/\/tandoorvietnam.com\/wp-content\/uploads\/2020\/06\/Gobi-paratha.jpg","type":"image\/jpeg"}],"twitter_card":"summary_large_image","twitter_misc":{"Est. reading time":"1 minute"},"schema":{"@context":"https:\/\/schema.org","@graph":[{"@type":"WebPage","@id":"https:\/\/tandoorvietnam.com\/vi\/sanpham\/cac-mon-banh-ro-ti\/banh-mi-sup-lo-cay-nuong-chao\/","url":"https:\/\/tandoorvietnam.com\/vi\/sanpham\/cac-mon-banh-ro-ti\/banh-mi-sup-lo-cay-nuong-chao\/","name":"Gobi Paratha (B\u00c1NH M\u00cc S\u00daP L\u01a0 CAY N\u01af\u1edaNG CH\u1ea2O)","isPartOf":{"@id":"https:\/\/tandoorvietnam.com\/vi\/#website"},"primaryImageOfPage":{"@id":"https:\/\/tandoorvietnam.com\/vi\/sanpham\/cac-mon-banh-ro-ti\/banh-mi-sup-lo-cay-nuong-chao\/#primaryimage"},"image":{"@id":"https:\/\/tandoorvietnam.com\/vi\/sanpham\/cac-mon-banh-ro-ti\/banh-mi-sup-lo-cay-nuong-chao\/#primaryimage"},"thumbnailUrl":"https:\/\/tandoorvietnam.com\/wp-content\/uploads\/2020\/06\/Gobi-paratha.jpg","datePublished":"2021-04-12T08:00:32+00:00","dateModified":"2023-05-08T10:18:54+00:00","description":"Th\u01b0\u1edfng th\u1ee9c b\u00e1nh m\u00ec s\u00fap l\u01a1 cay, h\u01b0\u01a1ng v\u1ecb \u0111\u1eadm \u0111\u00e0 \u0111\u1ebfn t\u1eeb Tandoor Vietnam - nh\u00e0 h\u00e0ng cung c\u1ea5p \u0111a d\u1ea1ng c\u00e1c m\u00f3n \u0103n ch\u1ea5t l\u01b0\u1ee3ng t\u1eeb \u1ea4n \u0110\u1ed9.","breadcrumb":{"@id":"https:\/\/tandoorvietnam.com\/vi\/sanpham\/cac-mon-banh-ro-ti\/banh-mi-sup-lo-cay-nuong-chao\/#breadcrumb"},"inLanguage":"vi-VN","potentialAction":[{"@type":"ReadAction","target":["https:\/\/tandoorvietnam.com\/vi\/sanpham\/cac-mon-banh-ro-ti\/banh-mi-sup-lo-cay-nuong-chao\/"]}]},{"@type":"ImageObject","inLanguage":"vi-VN","@id":"https:\/\/tandoorvietnam.com\/vi\/sanpham\/cac-mon-banh-ro-ti\/banh-mi-sup-lo-cay-nuong-chao\/#primaryimage","url":"https:\/\/tandoorvietnam.com\/wp-content\/uploads\/2020\/06\/Gobi-paratha.jpg","contentUrl":"https:\/\/tandoorvietnam.com\/wp-content\/uploads\/2020\/06\/Gobi-paratha.jpg","width":1400,"height":1400,"caption":"Gobi Paratha"},{"@type":"BreadcrumbList","@id":"https:\/\/tandoorvietnam.com\/vi\/sanpham\/cac-mon-banh-ro-ti\/banh-mi-sup-lo-cay-nuong-chao\/#breadcrumb","itemListElement":[{"@type":"ListItem","position":1,"name":"Trang Ch\u1ee7","item":"https:\/\/tandoorvietnam.com\/vi\/"},{"@type":"ListItem","position":2,"name":"Shop","item":"https:\/\/tandoorvietnam.com\/shop\/"},{"@type":"ListItem","position":3,"name":"Gobi Paratha (B\u00c1NH M\u00cc S\u00daP L\u01a0 CAY N\u01af\u1edaNG CH\u1ea2O)"}]},{"@type":"WebSite","@id":"https:\/\/tandoorvietnam.com\/vi\/#website","url":"https:\/\/tandoorvietnam.com\/vi\/","name":"Tandoor Vietnam","description":"Nh\u00e0 h\u00e0ng ngon h\u1ed3 ch\u00ed minh","publisher":{"@id":"https:\/\/tandoorvietnam.com\/vi\/#organization"},"potentialAction":[{"@type":"SearchAction","target":{"@type":"EntryPoint","urlTemplate":"https:\/\/tandoorvietnam.com\/vi\/?s={search_term_string}"},"query-input":{"@type":"PropertyValueSpecification","valueRequired":true,"valueName":"search_term_string"}}],"inLanguage":"vi-VN"},{"@type":"Organization","@id":"https:\/\/tandoorvietnam.com\/vi\/#organization","name":"Tandoor Vietnam","url":"https:\/\/tandoorvietnam.com\/vi\/","logo":{"@type":"ImageObject","inLanguage":"vi-VN","@id":"https:\/\/tandoorvietnam.com\/vi\/#\/schema\/logo\/image\/","url":"https:\/\/tandoorvietnam.com\/wp-content\/uploads\/2020\/07\/logo.png","contentUrl":"https:\/\/tandoorvietnam.com\/wp-content\/uploads\/2020\/07\/logo.png","width":133,"height":75,"caption":"Tandoor Vietnam"},"image":{"@id":"https:\/\/tandoorvietnam.com\/vi\/#\/schema\/logo\/image\/"},"sameAs":["https:\/\/www.facebook.com\/tandoor.hcmc\/"]}]}},"_links":{"self":[{"href":"https:\/\/tandoorvietnam.com\/vi\/wp-json\/wp\/v2\/product\/3068","targetHints":{"allow":["GET"]}}],"collection":[{"href":"https:\/\/tandoorvietnam.com\/vi\/wp-json\/wp\/v2\/product"}],"about":[{"href":"https:\/\/tandoorvietnam.com\/vi\/wp-json\/wp\/v2\/types\/product"}],"wp:featuredmedia":[{"embeddable":true,"href":"https:\/\/tandoorvietnam.com\/vi\/wp-json\/wp\/v2\/media\/3069"}],"wp:attachment":[{"href":"https:\/\/tandoorvietnam.com\/vi\/wp-json\/wp\/v2\/media?parent=3068"}],"wp:term":[{"taxonomy":"product_brand","embeddable":true,"href":"https:\/\/tandoorvietnam.com\/vi\/wp-json\/wp\/v2\/product_brand?post=3068"},{"taxonomy":"product_cat","embeddable":true,"href":"https:\/\/tandoorvietnam.com\/vi\/wp-json\/wp\/v2\/product_cat?post=3068"},{"taxonomy":"product_tag","embeddable":true,"href":"https:\/\/tandoorvietnam.com\/vi\/wp-json\/wp\/v2\/product_tag?post=3068"}],"curies":[{"name":"wp","href":"https:\/\/api.w.org\/{rel}","templated":true}]}}