{"id":3070,"date":"2020-06-20T14:30:19","date_gmt":"2021-04-12T08:01:28","guid":{"rendered":"http:\/\/tandoorvietnam.com\/product\/uncategorized\/banh-mi-nhan-thit-cuu-nuong-lo-tandoor\/"},"modified":"2023-05-19T17:13:38","modified_gmt":"2023-05-19T17:13:38","slug":"banh-mi-nhan-thit-cuu-nuong-lo-tandoor","status":"publish","type":"product","link":"https:\/\/tandoorvietnam.com\/vi\/sanpham\/cac-mon-banh-ro-ti\/banh-mi-nhan-thit-cuu-nuong-lo-tandoor\/","title":{"rendered":"Keema Nan (B\u00c1NH M\u00cc NH\u00c2N TH\u1ecaT C\u1eeaU N\u01af\u1edaNG L\u00d2 TANDOOR)"},"content":{"rendered":"<p>B\u00e1nh m\u00ec nh\u00e2n th\u1ecbt c\u1eebu n\u01b0\u1edbng l\u00f2 Tandoor (Keema Nan) l\u00e0 m\u1ed9t m\u00f3n \u0103n \u0111\u1eb7c bi\u1ec7t t\u1ea1i Tandoor Vietnam. Ch\u00fang t\u00f4i s\u1eed d\u1ee5ng th\u1ecbt c\u1eebu t\u01b0\u01a1i ngon, \u0111\u01b0\u1ee3c n\u01b0\u1edbng trong l\u00f2 Tandoor \u0111\u1eb7c bi\u1ec7t \u0111\u1ec3 t\u1ea1o ra h\u01b0\u01a1ng v\u1ecb \u0111\u1ed9c \u0111\u00e1o.<\/p>\n<p>Th\u1ecbt c\u1eebu \u0111\u01b0\u1ee3c \u01b0\u1edbp gia v\u1ecb th\u1ea5m \u0111\u1ec1u, t\u1ea1o n\u00ean m\u1ed9t l\u1edbp v\u1ecf gi\u00f2n m\u00e0u v\u00e0ng n\u00e2u h\u1ea5p d\u1eabn. B\u00ean trong, th\u1ecbt c\u1eebu m\u1ec1m, th\u01a1m ngon v\u00e0 th\u1ea5m \u0111\u01b0\u1ee3m v\u1ecb gia v\u1ecb.<\/p>\n<p>B\u00e1nh m\u00ec nh\u00e2n th\u1ecbt c\u1eebu n\u01b0\u1edbng l\u00f2 Tandoor \u0111\u01b0\u1ee3c ch\u1ebf bi\u1ebfn \u0111\u1eb7c bi\u1ec7t \u0111\u1ec3 t\u1ea1o ra s\u1ef1 k\u1ebft h\u1ee3p ho\u00e0n h\u1ea3o gi\u1eefa v\u1ecb gi\u00f2n c\u1ee7a b\u00e1nh m\u00ec v\u00e0 h\u01b0\u01a1ng v\u1ecb \u0111\u1eadm \u0111\u00e0 c\u1ee7a th\u1ecbt c\u1eebu.<\/p>\n<p>M\u00f3n \u0103n n\u00e0y th\u01b0\u1eddng \u0111\u01b0\u1ee3c \u0103n k\u00e8m v\u1edbi rau s\u1ed1ng t\u01b0\u01a1i m\u00e1t v\u00e0 c\u00e1c lo\u1ea1i s\u1ed1t ngon, t\u1ea1o ra m\u1ed9t tr\u1ea3i nghi\u1ec7m \u1ea9m th\u1ef1c \u0111\u1ed9c \u0111\u00e1o. Keema Nan l\u00e0 s\u1ef1 k\u1ebft h\u1ee3p ho\u00e0n h\u1ea3o gi\u1eefa h\u01b0\u01a1ng v\u1ecb truy\u1ec1n th\u1ed1ng c\u1ee7a \u1ea4n \u0110\u1ed9 v\u00e0 phong c\u00e1ch \u1ea9m th\u1ef1c hi\u1ec7n \u0111\u1ea1i.<\/p>\n<p>T\u1ea1i <a href=\"https:\/\/tandoorvietnam.com\/\">Tandoor Vietnam<\/a>, ch\u00fang t\u00f4i cam k\u1ebft \u0111\u1ea3m b\u1ea3o ch\u1ea5t l\u01b0\u1ee3ng v\u00e0 h\u01b0\u01a1ng v\u1ecb tuy\u1ec7t v\u1eddi cho m\u1ed7i chi\u1ebfc Keema Nan.<\/p>\n<p>H\u00e3y \u0111\u1ebfn v\u00e0 th\u01b0\u1edfng th\u1ee9c m\u00f3n \u0103n \u0111\u1ed9c \u0111\u00e1o n\u00e0y, b\u1ea1n s\u1ebd \u0111\u01b0\u1ee3c tr\u1ea3i nghi\u1ec7m h\u01b0\u01a1ng v\u1ecb \u1ea5n t\u01b0\u1ee3ng c\u1ee7a th\u1ecbt c\u1eebu n\u01b0\u1edbng l\u00f2 Tandoor h\u00f2a quy\u1ec7n v\u1edbi s\u1ef1 gi\u00f2n tan c\u1ee7a b\u00e1nh m\u00ec t\u01b0\u01a1i ngon.<\/p>\n","protected":false},"excerpt":{"rendered":"<p>&nbsp;<\/p>\n<table width=\"723\">\n<tbody>\n<tr>\n<td width=\"412\">Unleavened supper fine flour bread with spicy minced lamb filling<\/td>\n<\/tr>\n<tr>\n<td width=\"412\"><em>B\u00e1nh l\u00e0m t\u1eeb b\u1ed9t m\u00ec h\u1ea3o h\u1ea1ng nh\u00e2n th\u1ecbt c\u1eebu b\u0103m v\u1edbi rau th\u01a1m n\u01b0\u1edbng trong l\u00f2 Tandoor<\/em><\/td>\n<\/tr>\n<\/tbody>\n<\/table>\n","protected":false},"featured_media":3071,"template":"","meta":[],"product_brand":[],"product_cat":[219],"product_tag":[],"class_list":{"0":"post-3070","1":"product","2":"type-product","3":"status-publish","4":"has-post-thumbnail","6":"product_cat-cac-mon-banh-ro-ti","8":"first","9":"instock","10":"taxable","11":"shipping-taxable","12":"purchasable","13":"product-type-simple"},"yoast_head":"<!-- This site is optimized with the Yoast SEO Premium plugin v22.3 (Yoast SEO v27.4) - https:\/\/yoast.com\/product\/yoast-seo-premium-wordpress\/ -->\n<title>Keema Nan (B\u00c1NH M\u00cc NH\u00c2N TH\u1ecaT C\u1eeaU N\u01af\u1edaNG L\u00d2 TANDOOR)<\/title>\n<meta name=\"description\" content=\"B\u00e1nh m\u00ec nh\u00e2n th\u1ecbt c\u1eebu n\u01b0\u1edbng l\u00f2 Tandoor t\u1ea1i Tandoor Vietnam. H\u01b0\u01a1ng v\u1ecb \u0111\u1eadm \u0111\u00e0, th\u1ecbt c\u1eebu th\u01a1m ngon h\u00f2a quy\u1ec7n c\u00f9ng v\u1ecb gi\u00f2n c\u1ee7a b\u00e1nh m\u00ec.\" \/>\n<meta name=\"robots\" content=\"index, follow, max-snippet:-1, max-image-preview:large, max-video-preview:-1\" \/>\n<link rel=\"canonical\" href=\"https:\/\/tandoorvietnam.com\/vi\/sanpham\/cac-mon-banh-ro-ti\/banh-mi-nhan-thit-cuu-nuong-lo-tandoor\/\" \/>\n<meta property=\"og:locale\" content=\"vi_VN\" \/>\n<meta property=\"og:type\" content=\"article\" \/>\n<meta property=\"og:title\" content=\"Keema Nan (B\u00c1NH M\u00cc NH\u00c2N TH\u1ecaT C\u1eeaU N\u01af\u1edaNG L\u00d2 TANDOOR)\" \/>\n<meta property=\"og:description\" content=\"B\u00e1nh m\u00ec nh\u00e2n th\u1ecbt c\u1eebu n\u01b0\u1edbng l\u00f2 Tandoor t\u1ea1i Tandoor Vietnam. H\u01b0\u01a1ng v\u1ecb \u0111\u1eadm \u0111\u00e0, th\u1ecbt c\u1eebu th\u01a1m ngon h\u00f2a quy\u1ec7n c\u00f9ng v\u1ecb gi\u00f2n c\u1ee7a b\u00e1nh m\u00ec.\" \/>\n<meta property=\"og:url\" content=\"https:\/\/tandoorvietnam.com\/vi\/sanpham\/cac-mon-banh-ro-ti\/banh-mi-nhan-thit-cuu-nuong-lo-tandoor\/\" \/>\n<meta property=\"og:site_name\" content=\"Tandoor Vi\u1ec7t Nam\" \/>\n<meta property=\"article:publisher\" content=\"https:\/\/www.facebook.com\/tandoor.hcmc\/\" \/>\n<meta property=\"article:modified_time\" content=\"2023-05-19T17:13:38+00:00\" \/>\n<meta property=\"og:image\" content=\"https:\/\/tandoorvietnam.com\/wp-content\/uploads\/2020\/06\/Keema-Nan_.jpg\" \/>\n\t<meta property=\"og:image:width\" content=\"1400\" \/>\n\t<meta property=\"og:image:height\" content=\"1400\" \/>\n\t<meta property=\"og:image:type\" content=\"image\/jpeg\" \/>\n<meta name=\"twitter:card\" content=\"summary_large_image\" \/>\n<meta name=\"twitter:label1\" content=\"Est. reading time\" \/>\n\t<meta name=\"twitter:data1\" content=\"1 minute\" \/>\n<script type=\"application\/ld+json\" class=\"yoast-schema-graph\">{\"@context\":\"https:\\\/\\\/schema.org\",\"@graph\":[{\"@type\":\"WebPage\",\"@id\":\"https:\\\/\\\/tandoorvietnam.com\\\/vi\\\/sanpham\\\/cac-mon-banh-ro-ti\\\/banh-mi-nhan-thit-cuu-nuong-lo-tandoor\\\/\",\"url\":\"https:\\\/\\\/tandoorvietnam.com\\\/vi\\\/sanpham\\\/cac-mon-banh-ro-ti\\\/banh-mi-nhan-thit-cuu-nuong-lo-tandoor\\\/\",\"name\":\"Keema Nan (B\u00c1NH M\u00cc NH\u00c2N TH\u1ecaT C\u1eeaU N\u01af\u1edaNG L\u00d2 TANDOOR)\",\"isPartOf\":{\"@id\":\"https:\\\/\\\/tandoorvietnam.com\\\/vi\\\/#website\"},\"primaryImageOfPage\":{\"@id\":\"https:\\\/\\\/tandoorvietnam.com\\\/vi\\\/sanpham\\\/cac-mon-banh-ro-ti\\\/banh-mi-nhan-thit-cuu-nuong-lo-tandoor\\\/#primaryimage\"},\"image\":{\"@id\":\"https:\\\/\\\/tandoorvietnam.com\\\/vi\\\/sanpham\\\/cac-mon-banh-ro-ti\\\/banh-mi-nhan-thit-cuu-nuong-lo-tandoor\\\/#primaryimage\"},\"thumbnailUrl\":\"https:\\\/\\\/tandoorvietnam.com\\\/wp-content\\\/uploads\\\/2020\\\/06\\\/Keema-Nan_.jpg\",\"datePublished\":\"2021-04-12T08:01:28+00:00\",\"dateModified\":\"2023-05-19T17:13:38+00:00\",\"description\":\"B\u00e1nh m\u00ec nh\u00e2n th\u1ecbt c\u1eebu n\u01b0\u1edbng l\u00f2 Tandoor t\u1ea1i Tandoor Vietnam. H\u01b0\u01a1ng v\u1ecb \u0111\u1eadm \u0111\u00e0, th\u1ecbt c\u1eebu th\u01a1m ngon h\u00f2a quy\u1ec7n c\u00f9ng v\u1ecb gi\u00f2n c\u1ee7a b\u00e1nh m\u00ec.\",\"breadcrumb\":{\"@id\":\"https:\\\/\\\/tandoorvietnam.com\\\/vi\\\/sanpham\\\/cac-mon-banh-ro-ti\\\/banh-mi-nhan-thit-cuu-nuong-lo-tandoor\\\/#breadcrumb\"},\"inLanguage\":\"vi-VN\",\"potentialAction\":[{\"@type\":\"ReadAction\",\"target\":[\"https:\\\/\\\/tandoorvietnam.com\\\/vi\\\/sanpham\\\/cac-mon-banh-ro-ti\\\/banh-mi-nhan-thit-cuu-nuong-lo-tandoor\\\/\"]}]},{\"@type\":\"ImageObject\",\"inLanguage\":\"vi-VN\",\"@id\":\"https:\\\/\\\/tandoorvietnam.com\\\/vi\\\/sanpham\\\/cac-mon-banh-ro-ti\\\/banh-mi-nhan-thit-cuu-nuong-lo-tandoor\\\/#primaryimage\",\"url\":\"https:\\\/\\\/tandoorvietnam.com\\\/wp-content\\\/uploads\\\/2020\\\/06\\\/Keema-Nan_.jpg\",\"contentUrl\":\"https:\\\/\\\/tandoorvietnam.com\\\/wp-content\\\/uploads\\\/2020\\\/06\\\/Keema-Nan_.jpg\",\"width\":1400,\"height\":1400,\"caption\":\"Keema Naan\"},{\"@type\":\"BreadcrumbList\",\"@id\":\"https:\\\/\\\/tandoorvietnam.com\\\/vi\\\/sanpham\\\/cac-mon-banh-ro-ti\\\/banh-mi-nhan-thit-cuu-nuong-lo-tandoor\\\/#breadcrumb\",\"itemListElement\":[{\"@type\":\"ListItem\",\"position\":1,\"name\":\"Trang Ch\u1ee7\",\"item\":\"https:\\\/\\\/tandoorvietnam.com\\\/vi\\\/\"},{\"@type\":\"ListItem\",\"position\":2,\"name\":\"Shop\",\"item\":\"https:\\\/\\\/tandoorvietnam.com\\\/shop\\\/\"},{\"@type\":\"ListItem\",\"position\":3,\"name\":\"Keema Nan (B\u00c1NH M\u00cc NH\u00c2N TH\u1ecaT C\u1eeaU N\u01af\u1edaNG L\u00d2 TANDOOR)\"}]},{\"@type\":\"WebSite\",\"@id\":\"https:\\\/\\\/tandoorvietnam.com\\\/vi\\\/#website\",\"url\":\"https:\\\/\\\/tandoorvietnam.com\\\/vi\\\/\",\"name\":\"Tandoor Vietnam\",\"description\":\"Nh\u00e0 h\u00e0ng ngon h\u1ed3 ch\u00ed minh\",\"publisher\":{\"@id\":\"https:\\\/\\\/tandoorvietnam.com\\\/vi\\\/#organization\"},\"potentialAction\":[{\"@type\":\"SearchAction\",\"target\":{\"@type\":\"EntryPoint\",\"urlTemplate\":\"https:\\\/\\\/tandoorvietnam.com\\\/vi\\\/?s={search_term_string}\"},\"query-input\":{\"@type\":\"PropertyValueSpecification\",\"valueRequired\":true,\"valueName\":\"search_term_string\"}}],\"inLanguage\":\"vi-VN\"},{\"@type\":\"Organization\",\"@id\":\"https:\\\/\\\/tandoorvietnam.com\\\/vi\\\/#organization\",\"name\":\"Tandoor Vietnam\",\"url\":\"https:\\\/\\\/tandoorvietnam.com\\\/vi\\\/\",\"logo\":{\"@type\":\"ImageObject\",\"inLanguage\":\"vi-VN\",\"@id\":\"https:\\\/\\\/tandoorvietnam.com\\\/vi\\\/#\\\/schema\\\/logo\\\/image\\\/\",\"url\":\"https:\\\/\\\/tandoorvietnam.com\\\/wp-content\\\/uploads\\\/2020\\\/07\\\/logo.png\",\"contentUrl\":\"https:\\\/\\\/tandoorvietnam.com\\\/wp-content\\\/uploads\\\/2020\\\/07\\\/logo.png\",\"width\":133,\"height\":75,\"caption\":\"Tandoor Vietnam\"},\"image\":{\"@id\":\"https:\\\/\\\/tandoorvietnam.com\\\/vi\\\/#\\\/schema\\\/logo\\\/image\\\/\"},\"sameAs\":[\"https:\\\/\\\/www.facebook.com\\\/tandoor.hcmc\\\/\"]}]}<\/script>\n<!-- \/ Yoast SEO Premium plugin. -->","yoast_head_json":{"title":"Keema Nan (B\u00c1NH M\u00cc NH\u00c2N TH\u1ecaT C\u1eeaU N\u01af\u1edaNG L\u00d2 TANDOOR)","description":"B\u00e1nh m\u00ec nh\u00e2n th\u1ecbt c\u1eebu n\u01b0\u1edbng l\u00f2 Tandoor t\u1ea1i Tandoor Vietnam. H\u01b0\u01a1ng v\u1ecb \u0111\u1eadm \u0111\u00e0, th\u1ecbt c\u1eebu th\u01a1m ngon h\u00f2a quy\u1ec7n c\u00f9ng v\u1ecb gi\u00f2n c\u1ee7a b\u00e1nh m\u00ec.","robots":{"index":"index","follow":"follow","max-snippet":"max-snippet:-1","max-image-preview":"max-image-preview:large","max-video-preview":"max-video-preview:-1"},"canonical":"https:\/\/tandoorvietnam.com\/vi\/sanpham\/cac-mon-banh-ro-ti\/banh-mi-nhan-thit-cuu-nuong-lo-tandoor\/","og_locale":"vi_VN","og_type":"article","og_title":"Keema Nan (B\u00c1NH M\u00cc NH\u00c2N TH\u1ecaT C\u1eeaU N\u01af\u1edaNG L\u00d2 TANDOOR)","og_description":"B\u00e1nh m\u00ec nh\u00e2n th\u1ecbt c\u1eebu n\u01b0\u1edbng l\u00f2 Tandoor t\u1ea1i Tandoor Vietnam. H\u01b0\u01a1ng v\u1ecb \u0111\u1eadm \u0111\u00e0, th\u1ecbt c\u1eebu th\u01a1m ngon h\u00f2a quy\u1ec7n c\u00f9ng v\u1ecb gi\u00f2n c\u1ee7a b\u00e1nh m\u00ec.","og_url":"https:\/\/tandoorvietnam.com\/vi\/sanpham\/cac-mon-banh-ro-ti\/banh-mi-nhan-thit-cuu-nuong-lo-tandoor\/","og_site_name":"Tandoor Vi\u1ec7t Nam","article_publisher":"https:\/\/www.facebook.com\/tandoor.hcmc\/","article_modified_time":"2023-05-19T17:13:38+00:00","og_image":[{"width":1400,"height":1400,"url":"https:\/\/tandoorvietnam.com\/wp-content\/uploads\/2020\/06\/Keema-Nan_.jpg","type":"image\/jpeg"}],"twitter_card":"summary_large_image","twitter_misc":{"Est. reading time":"1 minute"},"schema":{"@context":"https:\/\/schema.org","@graph":[{"@type":"WebPage","@id":"https:\/\/tandoorvietnam.com\/vi\/sanpham\/cac-mon-banh-ro-ti\/banh-mi-nhan-thit-cuu-nuong-lo-tandoor\/","url":"https:\/\/tandoorvietnam.com\/vi\/sanpham\/cac-mon-banh-ro-ti\/banh-mi-nhan-thit-cuu-nuong-lo-tandoor\/","name":"Keema Nan (B\u00c1NH M\u00cc NH\u00c2N TH\u1ecaT C\u1eeaU N\u01af\u1edaNG L\u00d2 TANDOOR)","isPartOf":{"@id":"https:\/\/tandoorvietnam.com\/vi\/#website"},"primaryImageOfPage":{"@id":"https:\/\/tandoorvietnam.com\/vi\/sanpham\/cac-mon-banh-ro-ti\/banh-mi-nhan-thit-cuu-nuong-lo-tandoor\/#primaryimage"},"image":{"@id":"https:\/\/tandoorvietnam.com\/vi\/sanpham\/cac-mon-banh-ro-ti\/banh-mi-nhan-thit-cuu-nuong-lo-tandoor\/#primaryimage"},"thumbnailUrl":"https:\/\/tandoorvietnam.com\/wp-content\/uploads\/2020\/06\/Keema-Nan_.jpg","datePublished":"2021-04-12T08:01:28+00:00","dateModified":"2023-05-19T17:13:38+00:00","description":"B\u00e1nh m\u00ec nh\u00e2n th\u1ecbt c\u1eebu n\u01b0\u1edbng l\u00f2 Tandoor t\u1ea1i Tandoor Vietnam. H\u01b0\u01a1ng v\u1ecb \u0111\u1eadm \u0111\u00e0, th\u1ecbt c\u1eebu th\u01a1m ngon h\u00f2a quy\u1ec7n c\u00f9ng v\u1ecb gi\u00f2n c\u1ee7a b\u00e1nh m\u00ec.","breadcrumb":{"@id":"https:\/\/tandoorvietnam.com\/vi\/sanpham\/cac-mon-banh-ro-ti\/banh-mi-nhan-thit-cuu-nuong-lo-tandoor\/#breadcrumb"},"inLanguage":"vi-VN","potentialAction":[{"@type":"ReadAction","target":["https:\/\/tandoorvietnam.com\/vi\/sanpham\/cac-mon-banh-ro-ti\/banh-mi-nhan-thit-cuu-nuong-lo-tandoor\/"]}]},{"@type":"ImageObject","inLanguage":"vi-VN","@id":"https:\/\/tandoorvietnam.com\/vi\/sanpham\/cac-mon-banh-ro-ti\/banh-mi-nhan-thit-cuu-nuong-lo-tandoor\/#primaryimage","url":"https:\/\/tandoorvietnam.com\/wp-content\/uploads\/2020\/06\/Keema-Nan_.jpg","contentUrl":"https:\/\/tandoorvietnam.com\/wp-content\/uploads\/2020\/06\/Keema-Nan_.jpg","width":1400,"height":1400,"caption":"Keema Naan"},{"@type":"BreadcrumbList","@id":"https:\/\/tandoorvietnam.com\/vi\/sanpham\/cac-mon-banh-ro-ti\/banh-mi-nhan-thit-cuu-nuong-lo-tandoor\/#breadcrumb","itemListElement":[{"@type":"ListItem","position":1,"name":"Trang Ch\u1ee7","item":"https:\/\/tandoorvietnam.com\/vi\/"},{"@type":"ListItem","position":2,"name":"Shop","item":"https:\/\/tandoorvietnam.com\/shop\/"},{"@type":"ListItem","position":3,"name":"Keema Nan (B\u00c1NH M\u00cc NH\u00c2N TH\u1ecaT C\u1eeaU N\u01af\u1edaNG L\u00d2 TANDOOR)"}]},{"@type":"WebSite","@id":"https:\/\/tandoorvietnam.com\/vi\/#website","url":"https:\/\/tandoorvietnam.com\/vi\/","name":"Tandoor Vietnam","description":"Nh\u00e0 h\u00e0ng ngon h\u1ed3 ch\u00ed minh","publisher":{"@id":"https:\/\/tandoorvietnam.com\/vi\/#organization"},"potentialAction":[{"@type":"SearchAction","target":{"@type":"EntryPoint","urlTemplate":"https:\/\/tandoorvietnam.com\/vi\/?s={search_term_string}"},"query-input":{"@type":"PropertyValueSpecification","valueRequired":true,"valueName":"search_term_string"}}],"inLanguage":"vi-VN"},{"@type":"Organization","@id":"https:\/\/tandoorvietnam.com\/vi\/#organization","name":"Tandoor Vietnam","url":"https:\/\/tandoorvietnam.com\/vi\/","logo":{"@type":"ImageObject","inLanguage":"vi-VN","@id":"https:\/\/tandoorvietnam.com\/vi\/#\/schema\/logo\/image\/","url":"https:\/\/tandoorvietnam.com\/wp-content\/uploads\/2020\/07\/logo.png","contentUrl":"https:\/\/tandoorvietnam.com\/wp-content\/uploads\/2020\/07\/logo.png","width":133,"height":75,"caption":"Tandoor Vietnam"},"image":{"@id":"https:\/\/tandoorvietnam.com\/vi\/#\/schema\/logo\/image\/"},"sameAs":["https:\/\/www.facebook.com\/tandoor.hcmc\/"]}]}},"_links":{"self":[{"href":"https:\/\/tandoorvietnam.com\/vi\/wp-json\/wp\/v2\/product\/3070","targetHints":{"allow":["GET"]}}],"collection":[{"href":"https:\/\/tandoorvietnam.com\/vi\/wp-json\/wp\/v2\/product"}],"about":[{"href":"https:\/\/tandoorvietnam.com\/vi\/wp-json\/wp\/v2\/types\/product"}],"wp:featuredmedia":[{"embeddable":true,"href":"https:\/\/tandoorvietnam.com\/vi\/wp-json\/wp\/v2\/media\/3071"}],"wp:attachment":[{"href":"https:\/\/tandoorvietnam.com\/vi\/wp-json\/wp\/v2\/media?parent=3070"}],"wp:term":[{"taxonomy":"product_brand","embeddable":true,"href":"https:\/\/tandoorvietnam.com\/vi\/wp-json\/wp\/v2\/product_brand?post=3070"},{"taxonomy":"product_cat","embeddable":true,"href":"https:\/\/tandoorvietnam.com\/vi\/wp-json\/wp\/v2\/product_cat?post=3070"},{"taxonomy":"product_tag","embeddable":true,"href":"https:\/\/tandoorvietnam.com\/vi\/wp-json\/wp\/v2\/product_tag?post=3070"}],"curies":[{"name":"wp","href":"https:\/\/api.w.org\/{rel}","templated":true}]}}