{"id":3076,"date":"2020-06-20T14:27:41","date_gmt":"2021-04-12T08:04:38","guid":{"rendered":"http:\/\/tandoorvietnam.com\/product\/uncategorized\/banh-mi-nhan-khoai-tay-cay\/"},"modified":"2023-05-20T09:09:52","modified_gmt":"2023-05-20T09:09:52","slug":"banh-mi-nhan-khoai-tay-cay","status":"publish","type":"product","link":"https:\/\/tandoorvietnam.com\/vi\/sanpham\/cac-mon-banh-ro-ti\/banh-mi-nhan-khoai-tay-cay\/","title":{"rendered":"Masala Kulcha (B\u00c1NH M\u00cc NH\u00c2N KHOAI T\u00c2Y CAY)"},"content":{"rendered":"<p>B\u00e1nh m\u00ec nh\u00e2n khoai t\u00e2y cay (Masala Kulcha) l\u00e0 m\u1ed9t m\u00f3n \u0103n h\u1ea5p d\u1eabn v\u00e0 \u0111\u1ed9c \u0111\u00e1o t\u1ea1i Tandoor Vietnam. Ch\u00fang t\u00f4i ch\u1ebf bi\u1ebfn b\u00e1nh m\u00ec t\u1eebng mi\u1ebfng m\u1ec1m m\u1ecbn v\u00e0 gi\u00f2n tan. B\u00ean trong, ch\u00fang t\u00f4i s\u1eed d\u1ee5ng nh\u00e2n khoai t\u00e2y \u0111\u00e3 \u0111\u01b0\u1ee3c ch\u1ebf bi\u1ebfn v\u1edbi gia v\u1ecb cay \u0111\u1eb7c tr\u01b0ng, t\u1ea1o n\u00ean m\u1ed9t h\u01b0\u01a1ng v\u1ecb th\u00fa v\u1ecb v\u00e0 \u0111\u1eadm \u0111\u00e0.<\/p>\n<p>Nh\u00e2n khoai t\u00e2y cay mang \u0111\u1ebfn m\u1ed9t c\u1ea3m gi\u00e1c n\u00f3ng h\u1ed5i v\u00e0 m\u1ed9t m\u00f9i th\u01a1m h\u1ea5p d\u1eabn. Khi nh\u1ea5m nh\u00e1p t\u1eebng mi\u1ebfng b\u00e1nh, b\u1ea1n s\u1ebd c\u1ea3m nh\u1eadn \u0111\u01b0\u1ee3c s\u1ef1 k\u1ebft h\u1ee3p tuy\u1ec7t v\u1eddi gi\u1eefa v\u1ecb gi\u00f2n c\u1ee7a b\u00e1nh m\u00ec v\u00e0 v\u1ecb cay c\u1ee7a khoai t\u00e2y. \u0110\u00e2y l\u00e0 m\u1ed9t m\u00f3n \u0103n l\u00fd t\u01b0\u1edfng cho nh\u1eefng ai y\u00eau th\u00edch c\u1ea3m gi\u00e1c cay n\u1ed3ng v\u00e0 mu\u1ed1n kh\u00e1m ph\u00e1 h\u01b0\u01a1ng v\u1ecb \u0111\u1eb7c tr\u01b0ng c\u1ee7a \u1ea4n \u0110\u1ed9.<\/p>\n<p>Masala Kulcha l\u00e0 m\u1ed9t m\u00f3n \u0103n ph\u1ed5 bi\u1ebfn v\u00e0 \u0111\u01b0\u1ee3c \u01b0a chu\u1ed9ng t\u1ea1i Tandoor Vietnam. Ch\u00fang t\u00f4i cam k\u1ebft s\u1eed d\u1ee5ng nguy\u00ean li\u1ec7u t\u01b0\u01a1i ngon v\u00e0 ch\u1ea5t l\u01b0\u1ee3ng \u0111\u1ec3 t\u1ea1o ra m\u00f3n \u0103n \u0111\u1eadm \u0111\u00e0 v\u00e0 h\u1ea5p d\u1eabn n\u00e0y. B\u1ea1n c\u00f3 th\u1ec3 th\u01b0\u1edfng th\u1ee9c b\u00e1nh m\u00ec n\u00e0y trong b\u1eefa s\u00e1ng, b\u1eefa tr\u01b0a ho\u1eb7c b\u1eefa t\u1ed1i, k\u00e8m theo c\u00e1c lo\u1ea1i n\u01b0\u1edbc u\u1ed1ng m\u00e1t l\u1ea1nh.<\/p>\n<p>H\u00e3y \u0111\u1ebfn <a href=\"https:\/\/tandoorvietnam.com\/\">Tandoor Vietnam<\/a> v\u00e0 kh\u00e1m ph\u00e1 m\u00f3n b\u00e1nh m\u00ec nh\u00e2n khoai t\u00e2y cay \u0111\u1ed9c \u0111\u00e1o v\u00e0 th\u00fa v\u1ecb. V\u1edbi h\u01b0\u01a1ng v\u1ecb \u0111\u1eadm \u0111\u00e0 v\u00e0 gia v\u1ecb cay n\u1ed3ng, m\u00f3n \u0103n n\u00e0y s\u1ebd \u0111em \u0111\u1ebfn cho b\u1ea1n m\u1ed9t tr\u1ea3i nghi\u1ec7m \u1ea9m th\u1ef1c \u0111\u1ed9c \u0111\u00e1o v\u00e0 \u0111\u1ea7y h\u1ea5p d\u1eabn t\u1eeb \u1ea4n \u0110\u1ed9.<\/p>\n","protected":false},"excerpt":{"rendered":"<p>&nbsp;<\/p>\n<table width=\"723\">\n<tbody>\n<tr>\n<td width=\"412\">Unleavened supper fine flour bread with spicy potato filling<\/td>\n<\/tr>\n<tr>\n<td width=\"412\"><em>B\u00e1nh l\u00e0m t\u1eeb b\u1ed9t m\u00ec h\u1ea3o h\u1ea1ng nh\u00e2n khoaii t\u00e2y va gia v\u1ecb cay n\u01b0\u1edbng trong l\u00f2 Tandoor<\/em><\/td>\n<\/tr>\n<\/tbody>\n<\/table>\n","protected":false},"featured_media":3077,"template":"","meta":[],"product_brand":[],"product_cat":[219],"product_tag":[],"class_list":{"0":"post-3076","1":"product","2":"type-product","3":"status-publish","4":"has-post-thumbnail","6":"product_cat-cac-mon-banh-ro-ti","8":"first","9":"instock","10":"taxable","11":"shipping-taxable","12":"purchasable","13":"product-type-simple"},"yoast_head":"<!-- This site is optimized with the Yoast SEO Premium plugin v22.3 (Yoast SEO v27.4) - https:\/\/yoast.com\/product\/yoast-seo-premium-wordpress\/ -->\n<title>Masala Kulcha (B\u00c1NH M\u00cc NH\u00c2N KHOAI T\u00c2Y CAY)<\/title>\n<meta name=\"description\" content=\"B\u00e1nh m\u00ec nh\u00e2n khoai t\u00e2y cay - m\u1ed9t m\u00f3n \u0103n h\u1ea5p d\u1eabn v\u1edbi nh\u00e2n khoai t\u00e2y cay n\u00f3ng h\u1ed5i, t\u1ea1o n\u00ean s\u1ef1 k\u1ebft h\u1ee3p \u0111\u1ed9c \u0111\u00e1o v\u00e0 \u0111\u1eadm \u0111\u00e0. Kh\u00e1m ph\u00e1 t\u1ea1i Tandoor Vietnam.\" \/>\n<meta name=\"robots\" content=\"index, follow, max-snippet:-1, max-image-preview:large, max-video-preview:-1\" \/>\n<link rel=\"canonical\" href=\"https:\/\/tandoorvietnam.com\/vi\/sanpham\/cac-mon-banh-ro-ti\/banh-mi-nhan-khoai-tay-cay\/\" \/>\n<meta property=\"og:locale\" content=\"vi_VN\" \/>\n<meta property=\"og:type\" content=\"article\" \/>\n<meta property=\"og:title\" content=\"Masala Kulcha (B\u00c1NH M\u00cc NH\u00c2N KHOAI T\u00c2Y CAY)\" \/>\n<meta property=\"og:description\" content=\"B\u00e1nh m\u00ec nh\u00e2n khoai t\u00e2y cay - m\u1ed9t m\u00f3n \u0103n h\u1ea5p d\u1eabn v\u1edbi nh\u00e2n khoai t\u00e2y cay n\u00f3ng h\u1ed5i, t\u1ea1o n\u00ean s\u1ef1 k\u1ebft h\u1ee3p \u0111\u1ed9c \u0111\u00e1o v\u00e0 \u0111\u1eadm \u0111\u00e0. Kh\u00e1m ph\u00e1 t\u1ea1i Tandoor Vietnam.\" \/>\n<meta property=\"og:url\" content=\"https:\/\/tandoorvietnam.com\/vi\/sanpham\/cac-mon-banh-ro-ti\/banh-mi-nhan-khoai-tay-cay\/\" \/>\n<meta property=\"og:site_name\" content=\"Tandoor Vi\u1ec7t Nam\" \/>\n<meta property=\"article:publisher\" content=\"https:\/\/www.facebook.com\/tandoor.hcmc\/\" \/>\n<meta property=\"article:modified_time\" content=\"2023-05-20T09:09:52+00:00\" \/>\n<meta property=\"og:image\" content=\"https:\/\/tandoorvietnam.com\/wp-content\/uploads\/2020\/06\/Masala-Kulcha.jpg\" \/>\n\t<meta property=\"og:image:width\" content=\"800\" \/>\n\t<meta property=\"og:image:height\" content=\"800\" \/>\n\t<meta property=\"og:image:type\" content=\"image\/jpeg\" \/>\n<meta name=\"twitter:card\" content=\"summary_large_image\" \/>\n<meta name=\"twitter:label1\" content=\"Est. reading time\" \/>\n\t<meta name=\"twitter:data1\" content=\"2 minutes\" \/>\n<script type=\"application\/ld+json\" class=\"yoast-schema-graph\">{\"@context\":\"https:\\\/\\\/schema.org\",\"@graph\":[{\"@type\":\"WebPage\",\"@id\":\"https:\\\/\\\/tandoorvietnam.com\\\/vi\\\/sanpham\\\/cac-mon-banh-ro-ti\\\/banh-mi-nhan-khoai-tay-cay\\\/\",\"url\":\"https:\\\/\\\/tandoorvietnam.com\\\/vi\\\/sanpham\\\/cac-mon-banh-ro-ti\\\/banh-mi-nhan-khoai-tay-cay\\\/\",\"name\":\"Masala Kulcha (B\u00c1NH M\u00cc NH\u00c2N KHOAI T\u00c2Y CAY)\",\"isPartOf\":{\"@id\":\"https:\\\/\\\/tandoorvietnam.com\\\/vi\\\/#website\"},\"primaryImageOfPage\":{\"@id\":\"https:\\\/\\\/tandoorvietnam.com\\\/vi\\\/sanpham\\\/cac-mon-banh-ro-ti\\\/banh-mi-nhan-khoai-tay-cay\\\/#primaryimage\"},\"image\":{\"@id\":\"https:\\\/\\\/tandoorvietnam.com\\\/vi\\\/sanpham\\\/cac-mon-banh-ro-ti\\\/banh-mi-nhan-khoai-tay-cay\\\/#primaryimage\"},\"thumbnailUrl\":\"https:\\\/\\\/tandoorvietnam.com\\\/wp-content\\\/uploads\\\/2020\\\/06\\\/Masala-Kulcha.jpg\",\"datePublished\":\"2021-04-12T08:04:38+00:00\",\"dateModified\":\"2023-05-20T09:09:52+00:00\",\"description\":\"B\u00e1nh m\u00ec nh\u00e2n khoai t\u00e2y cay - m\u1ed9t m\u00f3n \u0103n h\u1ea5p d\u1eabn v\u1edbi nh\u00e2n khoai t\u00e2y cay n\u00f3ng h\u1ed5i, t\u1ea1o n\u00ean s\u1ef1 k\u1ebft h\u1ee3p \u0111\u1ed9c \u0111\u00e1o v\u00e0 \u0111\u1eadm \u0111\u00e0. Kh\u00e1m ph\u00e1 t\u1ea1i Tandoor Vietnam.\",\"breadcrumb\":{\"@id\":\"https:\\\/\\\/tandoorvietnam.com\\\/vi\\\/sanpham\\\/cac-mon-banh-ro-ti\\\/banh-mi-nhan-khoai-tay-cay\\\/#breadcrumb\"},\"inLanguage\":\"vi-VN\",\"potentialAction\":[{\"@type\":\"ReadAction\",\"target\":[\"https:\\\/\\\/tandoorvietnam.com\\\/vi\\\/sanpham\\\/cac-mon-banh-ro-ti\\\/banh-mi-nhan-khoai-tay-cay\\\/\"]}]},{\"@type\":\"ImageObject\",\"inLanguage\":\"vi-VN\",\"@id\":\"https:\\\/\\\/tandoorvietnam.com\\\/vi\\\/sanpham\\\/cac-mon-banh-ro-ti\\\/banh-mi-nhan-khoai-tay-cay\\\/#primaryimage\",\"url\":\"https:\\\/\\\/tandoorvietnam.com\\\/wp-content\\\/uploads\\\/2020\\\/06\\\/Masala-Kulcha.jpg\",\"contentUrl\":\"https:\\\/\\\/tandoorvietnam.com\\\/wp-content\\\/uploads\\\/2020\\\/06\\\/Masala-Kulcha.jpg\",\"width\":800,\"height\":800,\"caption\":\"B\u00c1NH M\u00cc NH\u00c2N KHOAI T\u00c2Y CAY\"},{\"@type\":\"BreadcrumbList\",\"@id\":\"https:\\\/\\\/tandoorvietnam.com\\\/vi\\\/sanpham\\\/cac-mon-banh-ro-ti\\\/banh-mi-nhan-khoai-tay-cay\\\/#breadcrumb\",\"itemListElement\":[{\"@type\":\"ListItem\",\"position\":1,\"name\":\"Trang Ch\u1ee7\",\"item\":\"https:\\\/\\\/tandoorvietnam.com\\\/vi\\\/\"},{\"@type\":\"ListItem\",\"position\":2,\"name\":\"Shop\",\"item\":\"https:\\\/\\\/tandoorvietnam.com\\\/shop\\\/\"},{\"@type\":\"ListItem\",\"position\":3,\"name\":\"Masala Kulcha (B\u00c1NH M\u00cc NH\u00c2N KHOAI T\u00c2Y CAY)\"}]},{\"@type\":\"WebSite\",\"@id\":\"https:\\\/\\\/tandoorvietnam.com\\\/vi\\\/#website\",\"url\":\"https:\\\/\\\/tandoorvietnam.com\\\/vi\\\/\",\"name\":\"Tandoor Vietnam\",\"description\":\"Nh\u00e0 h\u00e0ng ngon h\u1ed3 ch\u00ed minh\",\"publisher\":{\"@id\":\"https:\\\/\\\/tandoorvietnam.com\\\/vi\\\/#organization\"},\"potentialAction\":[{\"@type\":\"SearchAction\",\"target\":{\"@type\":\"EntryPoint\",\"urlTemplate\":\"https:\\\/\\\/tandoorvietnam.com\\\/vi\\\/?s={search_term_string}\"},\"query-input\":{\"@type\":\"PropertyValueSpecification\",\"valueRequired\":true,\"valueName\":\"search_term_string\"}}],\"inLanguage\":\"vi-VN\"},{\"@type\":\"Organization\",\"@id\":\"https:\\\/\\\/tandoorvietnam.com\\\/vi\\\/#organization\",\"name\":\"Tandoor Vietnam\",\"url\":\"https:\\\/\\\/tandoorvietnam.com\\\/vi\\\/\",\"logo\":{\"@type\":\"ImageObject\",\"inLanguage\":\"vi-VN\",\"@id\":\"https:\\\/\\\/tandoorvietnam.com\\\/vi\\\/#\\\/schema\\\/logo\\\/image\\\/\",\"url\":\"https:\\\/\\\/tandoorvietnam.com\\\/wp-content\\\/uploads\\\/2020\\\/07\\\/logo.png\",\"contentUrl\":\"https:\\\/\\\/tandoorvietnam.com\\\/wp-content\\\/uploads\\\/2020\\\/07\\\/logo.png\",\"width\":133,\"height\":75,\"caption\":\"Tandoor Vietnam\"},\"image\":{\"@id\":\"https:\\\/\\\/tandoorvietnam.com\\\/vi\\\/#\\\/schema\\\/logo\\\/image\\\/\"},\"sameAs\":[\"https:\\\/\\\/www.facebook.com\\\/tandoor.hcmc\\\/\"]}]}<\/script>\n<!-- \/ Yoast SEO Premium plugin. -->","yoast_head_json":{"title":"Masala Kulcha (B\u00c1NH M\u00cc NH\u00c2N KHOAI T\u00c2Y CAY)","description":"B\u00e1nh m\u00ec nh\u00e2n khoai t\u00e2y cay - m\u1ed9t m\u00f3n \u0103n h\u1ea5p d\u1eabn v\u1edbi nh\u00e2n khoai t\u00e2y cay n\u00f3ng h\u1ed5i, t\u1ea1o n\u00ean s\u1ef1 k\u1ebft h\u1ee3p \u0111\u1ed9c \u0111\u00e1o v\u00e0 \u0111\u1eadm \u0111\u00e0. Kh\u00e1m ph\u00e1 t\u1ea1i Tandoor Vietnam.","robots":{"index":"index","follow":"follow","max-snippet":"max-snippet:-1","max-image-preview":"max-image-preview:large","max-video-preview":"max-video-preview:-1"},"canonical":"https:\/\/tandoorvietnam.com\/vi\/sanpham\/cac-mon-banh-ro-ti\/banh-mi-nhan-khoai-tay-cay\/","og_locale":"vi_VN","og_type":"article","og_title":"Masala Kulcha (B\u00c1NH M\u00cc NH\u00c2N KHOAI T\u00c2Y CAY)","og_description":"B\u00e1nh m\u00ec nh\u00e2n khoai t\u00e2y cay - m\u1ed9t m\u00f3n \u0103n h\u1ea5p d\u1eabn v\u1edbi nh\u00e2n khoai t\u00e2y cay n\u00f3ng h\u1ed5i, t\u1ea1o n\u00ean s\u1ef1 k\u1ebft h\u1ee3p \u0111\u1ed9c \u0111\u00e1o v\u00e0 \u0111\u1eadm \u0111\u00e0. Kh\u00e1m ph\u00e1 t\u1ea1i Tandoor Vietnam.","og_url":"https:\/\/tandoorvietnam.com\/vi\/sanpham\/cac-mon-banh-ro-ti\/banh-mi-nhan-khoai-tay-cay\/","og_site_name":"Tandoor Vi\u1ec7t Nam","article_publisher":"https:\/\/www.facebook.com\/tandoor.hcmc\/","article_modified_time":"2023-05-20T09:09:52+00:00","og_image":[{"width":800,"height":800,"url":"https:\/\/tandoorvietnam.com\/wp-content\/uploads\/2020\/06\/Masala-Kulcha.jpg","type":"image\/jpeg"}],"twitter_card":"summary_large_image","twitter_misc":{"Est. reading time":"2 minutes"},"schema":{"@context":"https:\/\/schema.org","@graph":[{"@type":"WebPage","@id":"https:\/\/tandoorvietnam.com\/vi\/sanpham\/cac-mon-banh-ro-ti\/banh-mi-nhan-khoai-tay-cay\/","url":"https:\/\/tandoorvietnam.com\/vi\/sanpham\/cac-mon-banh-ro-ti\/banh-mi-nhan-khoai-tay-cay\/","name":"Masala Kulcha (B\u00c1NH M\u00cc NH\u00c2N KHOAI T\u00c2Y CAY)","isPartOf":{"@id":"https:\/\/tandoorvietnam.com\/vi\/#website"},"primaryImageOfPage":{"@id":"https:\/\/tandoorvietnam.com\/vi\/sanpham\/cac-mon-banh-ro-ti\/banh-mi-nhan-khoai-tay-cay\/#primaryimage"},"image":{"@id":"https:\/\/tandoorvietnam.com\/vi\/sanpham\/cac-mon-banh-ro-ti\/banh-mi-nhan-khoai-tay-cay\/#primaryimage"},"thumbnailUrl":"https:\/\/tandoorvietnam.com\/wp-content\/uploads\/2020\/06\/Masala-Kulcha.jpg","datePublished":"2021-04-12T08:04:38+00:00","dateModified":"2023-05-20T09:09:52+00:00","description":"B\u00e1nh m\u00ec nh\u00e2n khoai t\u00e2y cay - m\u1ed9t m\u00f3n \u0103n h\u1ea5p d\u1eabn v\u1edbi nh\u00e2n khoai t\u00e2y cay n\u00f3ng h\u1ed5i, t\u1ea1o n\u00ean s\u1ef1 k\u1ebft h\u1ee3p \u0111\u1ed9c \u0111\u00e1o v\u00e0 \u0111\u1eadm \u0111\u00e0. Kh\u00e1m ph\u00e1 t\u1ea1i Tandoor Vietnam.","breadcrumb":{"@id":"https:\/\/tandoorvietnam.com\/vi\/sanpham\/cac-mon-banh-ro-ti\/banh-mi-nhan-khoai-tay-cay\/#breadcrumb"},"inLanguage":"vi-VN","potentialAction":[{"@type":"ReadAction","target":["https:\/\/tandoorvietnam.com\/vi\/sanpham\/cac-mon-banh-ro-ti\/banh-mi-nhan-khoai-tay-cay\/"]}]},{"@type":"ImageObject","inLanguage":"vi-VN","@id":"https:\/\/tandoorvietnam.com\/vi\/sanpham\/cac-mon-banh-ro-ti\/banh-mi-nhan-khoai-tay-cay\/#primaryimage","url":"https:\/\/tandoorvietnam.com\/wp-content\/uploads\/2020\/06\/Masala-Kulcha.jpg","contentUrl":"https:\/\/tandoorvietnam.com\/wp-content\/uploads\/2020\/06\/Masala-Kulcha.jpg","width":800,"height":800,"caption":"B\u00c1NH M\u00cc NH\u00c2N KHOAI T\u00c2Y CAY"},{"@type":"BreadcrumbList","@id":"https:\/\/tandoorvietnam.com\/vi\/sanpham\/cac-mon-banh-ro-ti\/banh-mi-nhan-khoai-tay-cay\/#breadcrumb","itemListElement":[{"@type":"ListItem","position":1,"name":"Trang Ch\u1ee7","item":"https:\/\/tandoorvietnam.com\/vi\/"},{"@type":"ListItem","position":2,"name":"Shop","item":"https:\/\/tandoorvietnam.com\/shop\/"},{"@type":"ListItem","position":3,"name":"Masala Kulcha (B\u00c1NH M\u00cc NH\u00c2N KHOAI T\u00c2Y CAY)"}]},{"@type":"WebSite","@id":"https:\/\/tandoorvietnam.com\/vi\/#website","url":"https:\/\/tandoorvietnam.com\/vi\/","name":"Tandoor Vietnam","description":"Nh\u00e0 h\u00e0ng ngon h\u1ed3 ch\u00ed minh","publisher":{"@id":"https:\/\/tandoorvietnam.com\/vi\/#organization"},"potentialAction":[{"@type":"SearchAction","target":{"@type":"EntryPoint","urlTemplate":"https:\/\/tandoorvietnam.com\/vi\/?s={search_term_string}"},"query-input":{"@type":"PropertyValueSpecification","valueRequired":true,"valueName":"search_term_string"}}],"inLanguage":"vi-VN"},{"@type":"Organization","@id":"https:\/\/tandoorvietnam.com\/vi\/#organization","name":"Tandoor Vietnam","url":"https:\/\/tandoorvietnam.com\/vi\/","logo":{"@type":"ImageObject","inLanguage":"vi-VN","@id":"https:\/\/tandoorvietnam.com\/vi\/#\/schema\/logo\/image\/","url":"https:\/\/tandoorvietnam.com\/wp-content\/uploads\/2020\/07\/logo.png","contentUrl":"https:\/\/tandoorvietnam.com\/wp-content\/uploads\/2020\/07\/logo.png","width":133,"height":75,"caption":"Tandoor Vietnam"},"image":{"@id":"https:\/\/tandoorvietnam.com\/vi\/#\/schema\/logo\/image\/"},"sameAs":["https:\/\/www.facebook.com\/tandoor.hcmc\/"]}]}},"_links":{"self":[{"href":"https:\/\/tandoorvietnam.com\/vi\/wp-json\/wp\/v2\/product\/3076","targetHints":{"allow":["GET"]}}],"collection":[{"href":"https:\/\/tandoorvietnam.com\/vi\/wp-json\/wp\/v2\/product"}],"about":[{"href":"https:\/\/tandoorvietnam.com\/vi\/wp-json\/wp\/v2\/types\/product"}],"wp:featuredmedia":[{"embeddable":true,"href":"https:\/\/tandoorvietnam.com\/vi\/wp-json\/wp\/v2\/media\/3077"}],"wp:attachment":[{"href":"https:\/\/tandoorvietnam.com\/vi\/wp-json\/wp\/v2\/media?parent=3076"}],"wp:term":[{"taxonomy":"product_brand","embeddable":true,"href":"https:\/\/tandoorvietnam.com\/vi\/wp-json\/wp\/v2\/product_brand?post=3076"},{"taxonomy":"product_cat","embeddable":true,"href":"https:\/\/tandoorvietnam.com\/vi\/wp-json\/wp\/v2\/product_cat?post=3076"},{"taxonomy":"product_tag","embeddable":true,"href":"https:\/\/tandoorvietnam.com\/vi\/wp-json\/wp\/v2\/product_tag?post=3076"}],"curies":[{"name":"wp","href":"https:\/\/api.w.org\/{rel}","templated":true}]}}