{"id":3080,"date":"2020-06-20T14:21:30","date_gmt":"2021-04-12T08:06:34","guid":{"rendered":"http:\/\/tandoorvietnam.com\/product\/uncategorized\/banh-mi-nhan-hanh-tay-nuong-chao\/"},"modified":"2023-05-07T15:53:45","modified_gmt":"2023-05-07T15:53:45","slug":"banh-mi-nhan-hanh-tay-nuong-chao","status":"publish","type":"product","link":"https:\/\/tandoorvietnam.com\/vi\/sanpham\/cac-mon-banh-ro-ti\/banh-mi-nhan-hanh-tay-nuong-chao\/","title":{"rendered":"Onion Paratha (B\u00c1NH M\u00cc NH\u00c2N H\u00c0NH T\u00c2Y N\u01af\u1edaNG CH\u1ea2O)"},"content":{"rendered":"<p>B\u00e1nh m\u00ec n\u00f3ng h\u1ed5i l\u00e0 m\u00f3n \u0103n \u0111\u1eb7c tr\u01b0ng c\u1ee7a nhi\u1ec1u qu\u1ed1c gia tr\u00ean th\u1ebf gi\u1edbi, v\u00e0 b\u00e1nh m\u00ec nhanh h\u00e0nh t\u00e2y n\u01b0\u1edbng ch\u1ea3o c\u1ee7a Tandoor Vietnam l\u00e0 m\u1ed9t s\u1ef1 l\u1ef1a ch\u1ecdn tuy\u1ec7t v\u1eddi cho b\u1eefa \u0103n c\u1ee7a b\u1ea1n. V\u1edbi b\u1ed9t m\u00ec nguy\u00ean ch\u1ea5t v\u00e0 nh\u00e2n h\u00e0nh t\u00e2y cay, b\u00e1nh m\u00ec n\u00e0y mang \u0111\u1ebfn h\u01b0\u01a1ng v\u1ecb \u0111\u1eadm \u0111\u00e0 v\u00e0 b\u00f9i ngon \u0111\u1ebfn t\u1eebng mi\u1ebfng.<\/p>\n<p>\u0110\u01b0\u1ee3c l\u00e0m t\u1eeb b\u1ed9t m\u00ec nguy\u00ean ch\u1ea5t, b\u00e1nh m\u00ec nhanh h\u00e0nh t\u00e2y c\u1ee7a Tandoor Vietnam \u0111\u01b0\u1ee3c nh\u00e0 b\u1ebfp ch\u00fang t\u00f4i n\u01b0\u1edbng tr\u00ean ch\u1ea3o, mang \u0111\u1ebfn m\u1ed9t l\u1edbp v\u1ecf b\u00e1nh gi\u00f2n tan b\u00ean ngo\u00e0i v\u00e0 b\u00ean trong l\u00e0 nh\u00e2n h\u00e0nh t\u00e2y cay n\u1ed3ng, \u0111\u1ea3m b\u1ea3o t\u1ea1o n\u00ean m\u1ed9t h\u01b0\u01a1ng v\u1ecb kh\u00f3 qu\u00ean cho ng\u01b0\u1eddi \u0103n. Nh\u00e2n b\u00e1nh \u0111\u01b0\u1ee3c l\u00e0m t\u1eeb h\u00e0nh t\u00e2y \u0111\u01b0\u1ee3c t\u1ea9m \u01b0\u1edbp v\u1edbi c\u00e1c lo\u1ea1i gia v\u1ecb \u0111\u1eb7c tr\u01b0ng c\u1ee7a \u1ea4n \u0110\u1ed9, gi\u00fap t\u1ea1o n\u00ean m\u1ed9t h\u01b0\u01a1ng v\u1ecb \u0111\u1eadm \u0111\u00e0 v\u00e0 cay n\u1ed3ng \u0111\u1eb7c tr\u01b0ng c\u1ee7a c\u00e1c m\u00f3n \u0103n \u1ea4n \u0110\u1ed9.<\/p>\n<p>B\u00e1nh m\u00ec nhanh h\u00e0nh t\u00e2y n\u01b0\u1edbng ch\u1ea3o l\u00e0 m\u1ed9t m\u00f3n \u0103n ph\u1ed5 bi\u1ebfn v\u00e0 \u0111\u01b0\u1ee3c \u01b0a chu\u1ed9ng t\u1ea1i <a href=\"https:\/\/tandoorvietnam.com\/\">nh\u00e0 h\u00e0ng Tandoor<\/a>. V\u1edbi v\u1ecb cay n\u1ed3ng c\u1ee7a h\u00e0nh t\u00e2y, m\u00f3n \u0103n n\u00e0y c\u00f3 th\u1ec3 \u0111\u01b0\u1ee3c k\u1ebft h\u1ee3p v\u1edbi nhi\u1ec1u lo\u1ea1i n\u01b0\u1edbc ch\u1ea5m kh\u00e1c nhau nh\u01b0 s\u1ed1t t\u01b0\u01a1ng, s\u1ed1t chua ng\u1ecdt, ho\u1eb7c s\u1ed1t c\u00e0. B\u1ea1n c\u00f3 th\u1ec3 th\u01b0\u1edfng th\u1ee9c m\u00f3n \u0103n n\u00e0y nh\u01b0 m\u1ed9t b\u1eefa \u0103n nh\u1eb9 ho\u1eb7c nh\u01b0 m\u1ed9t ph\u1ea7n c\u1ee7a b\u1eefa t\u1ed1i c\u1ee7a b\u1ea1n.<\/p>\n<p>N\u1ebfu b\u1ea1n \u0111ang t\u00ecm ki\u1ebfm m\u1ed9t m\u00f3n \u0103n \u0111\u01a1n gi\u1ea3n nh\u01b0ng \u0111\u1ea7y h\u01b0\u01a1ng v\u1ecb, h\u00e3y \u0111\u1ebfn Tandoor Vietnam v\u00e0 th\u1eed b\u00e1nh m\u00ec nhanh h\u00e0nh t\u00e2y n\u01b0\u1edbng ch\u1ea3o c\u1ee7a ch\u00fang t\u00f4i. Ch\u1eafc ch\u1eafn b\u1ea1n s\u1ebd kh\u00f4ng th\u1ea5t v\u1ecdng v\u1edbi h\u01b0\u01a1ng v\u1ecb cay n\u1ed3ng v\u00e0 \u0111\u1eadm \u0111\u00e0 c\u1ee7a m\u00f3n \u0103n n\u00e0y.<\/p>\n","protected":false},"excerpt":{"rendered":"<p>&nbsp;<\/p>\n<table width=\"723\">\n<tbody>\n<tr>\n<td width=\"412\">Whole wheat flour bread with spicy onion filling on a hot plate<\/td>\n<\/tr>\n<tr>\n<td width=\"412\"><em>B\u00e1nh l\u00e0m t\u1eeb b\u1ed9t m\u00ec nguy\u00ean ch\u1ea5t nh\u00e2n h\u00e0nh cay n\u01b0\u1edbng chin m\u1ec1m tr\u00ean ch\u1ea3o <\/em><\/td>\n<\/tr>\n<\/tbody>\n<\/table>\n","protected":false},"featured_media":3081,"template":"","meta":[],"product_brand":[],"product_cat":[219],"product_tag":[],"class_list":{"0":"post-3080","1":"product","2":"type-product","3":"status-publish","4":"has-post-thumbnail","6":"product_cat-cac-mon-banh-ro-ti","8":"first","9":"instock","10":"taxable","11":"shipping-taxable","12":"purchasable","13":"product-type-simple"},"yoast_head":"<!-- This site is optimized with the Yoast SEO Premium plugin v22.3 (Yoast SEO v27.5) - https:\/\/yoast.com\/product\/yoast-seo-premium-wordpress\/ -->\n<title>Onion Paratha (B\u00c1NH M\u00cc NH\u00c2N H\u00c0NH T\u00c2Y N\u01af\u1edaNG CH\u1ea2O)<\/title>\n<meta name=\"description\" content=\"Th\u01b0\u1edfng th\u1ee9c b\u00e1nh m\u00ec n\u00f3ng h\u1ed5i v\u1edbi nh\u00e2n h\u00e0nh t\u00e2y n\u01b0\u1edbng t\u1ea1i Tandoor Vietnam. B\u00e1nh m\u00ec ngon \u0111\u01b0\u1ee3c l\u00e0m t\u1eeb b\u1ed9t m\u00ec nguy\u00ean ch\u1ea5t v\u00e0 nh\u00e2n h\u00e0nh cay th\u01a1m ngon\" \/>\n<meta name=\"robots\" content=\"index, follow, max-snippet:-1, max-image-preview:large, max-video-preview:-1\" \/>\n<link rel=\"canonical\" href=\"https:\/\/tandoorvietnam.com\/vi\/sanpham\/cac-mon-banh-ro-ti\/banh-mi-nhan-hanh-tay-nuong-chao\/\" \/>\n<meta property=\"og:locale\" content=\"vi_VN\" \/>\n<meta property=\"og:type\" content=\"article\" \/>\n<meta property=\"og:title\" content=\"Onion Paratha (B\u00c1NH M\u00cc NH\u00c2N H\u00c0NH T\u00c2Y N\u01af\u1edaNG CH\u1ea2O)\" \/>\n<meta property=\"og:description\" content=\"Th\u01b0\u1edfng th\u1ee9c b\u00e1nh m\u00ec n\u00f3ng h\u1ed5i v\u1edbi nh\u00e2n h\u00e0nh t\u00e2y n\u01b0\u1edbng t\u1ea1i Tandoor Vietnam. B\u00e1nh m\u00ec ngon \u0111\u01b0\u1ee3c l\u00e0m t\u1eeb b\u1ed9t m\u00ec nguy\u00ean ch\u1ea5t v\u00e0 nh\u00e2n h\u00e0nh cay th\u01a1m ngon\" \/>\n<meta property=\"og:url\" content=\"https:\/\/tandoorvietnam.com\/vi\/sanpham\/cac-mon-banh-ro-ti\/banh-mi-nhan-hanh-tay-nuong-chao\/\" \/>\n<meta property=\"og:site_name\" content=\"Tandoor Vi\u1ec7t Nam\" \/>\n<meta property=\"article:publisher\" content=\"https:\/\/www.facebook.com\/tandoor.hcmc\/\" \/>\n<meta property=\"article:modified_time\" content=\"2023-05-07T15:53:45+00:00\" \/>\n<meta property=\"og:image\" content=\"https:\/\/tandoorvietnam.com\/wp-content\/uploads\/2020\/06\/Onion-Paratha1.jpg\" \/>\n\t<meta property=\"og:image:width\" content=\"1400\" \/>\n\t<meta property=\"og:image:height\" content=\"1400\" \/>\n\t<meta property=\"og:image:type\" content=\"image\/jpeg\" \/>\n<meta name=\"twitter:card\" content=\"summary_large_image\" \/>\n<meta name=\"twitter:label1\" content=\"Est. reading time\" \/>\n\t<meta name=\"twitter:data1\" content=\"2 minutes\" \/>\n<script type=\"application\/ld+json\" class=\"yoast-schema-graph\">{\"@context\":\"https:\\\/\\\/schema.org\",\"@graph\":[{\"@type\":\"WebPage\",\"@id\":\"https:\\\/\\\/tandoorvietnam.com\\\/vi\\\/sanpham\\\/cac-mon-banh-ro-ti\\\/banh-mi-nhan-hanh-tay-nuong-chao\\\/\",\"url\":\"https:\\\/\\\/tandoorvietnam.com\\\/vi\\\/sanpham\\\/cac-mon-banh-ro-ti\\\/banh-mi-nhan-hanh-tay-nuong-chao\\\/\",\"name\":\"Onion Paratha (B\u00c1NH M\u00cc NH\u00c2N H\u00c0NH T\u00c2Y N\u01af\u1edaNG CH\u1ea2O)\",\"isPartOf\":{\"@id\":\"https:\\\/\\\/tandoorvietnam.com\\\/vi\\\/#website\"},\"primaryImageOfPage\":{\"@id\":\"https:\\\/\\\/tandoorvietnam.com\\\/vi\\\/sanpham\\\/cac-mon-banh-ro-ti\\\/banh-mi-nhan-hanh-tay-nuong-chao\\\/#primaryimage\"},\"image\":{\"@id\":\"https:\\\/\\\/tandoorvietnam.com\\\/vi\\\/sanpham\\\/cac-mon-banh-ro-ti\\\/banh-mi-nhan-hanh-tay-nuong-chao\\\/#primaryimage\"},\"thumbnailUrl\":\"https:\\\/\\\/tandoorvietnam.com\\\/wp-content\\\/uploads\\\/2020\\\/06\\\/Onion-Paratha1.jpg\",\"datePublished\":\"2021-04-12T08:06:34+00:00\",\"dateModified\":\"2023-05-07T15:53:45+00:00\",\"description\":\"Th\u01b0\u1edfng th\u1ee9c b\u00e1nh m\u00ec n\u00f3ng h\u1ed5i v\u1edbi nh\u00e2n h\u00e0nh t\u00e2y n\u01b0\u1edbng t\u1ea1i Tandoor Vietnam. B\u00e1nh m\u00ec ngon \u0111\u01b0\u1ee3c l\u00e0m t\u1eeb b\u1ed9t m\u00ec nguy\u00ean ch\u1ea5t v\u00e0 nh\u00e2n h\u00e0nh cay th\u01a1m ngon\",\"breadcrumb\":{\"@id\":\"https:\\\/\\\/tandoorvietnam.com\\\/vi\\\/sanpham\\\/cac-mon-banh-ro-ti\\\/banh-mi-nhan-hanh-tay-nuong-chao\\\/#breadcrumb\"},\"inLanguage\":\"vi-VN\",\"potentialAction\":[{\"@type\":\"ReadAction\",\"target\":[\"https:\\\/\\\/tandoorvietnam.com\\\/vi\\\/sanpham\\\/cac-mon-banh-ro-ti\\\/banh-mi-nhan-hanh-tay-nuong-chao\\\/\"]}]},{\"@type\":\"ImageObject\",\"inLanguage\":\"vi-VN\",\"@id\":\"https:\\\/\\\/tandoorvietnam.com\\\/vi\\\/sanpham\\\/cac-mon-banh-ro-ti\\\/banh-mi-nhan-hanh-tay-nuong-chao\\\/#primaryimage\",\"url\":\"https:\\\/\\\/tandoorvietnam.com\\\/wp-content\\\/uploads\\\/2020\\\/06\\\/Onion-Paratha1.jpg\",\"contentUrl\":\"https:\\\/\\\/tandoorvietnam.com\\\/wp-content\\\/uploads\\\/2020\\\/06\\\/Onion-Paratha1.jpg\",\"width\":1400,\"height\":1400,\"caption\":\"Onion Paratha\"},{\"@type\":\"BreadcrumbList\",\"@id\":\"https:\\\/\\\/tandoorvietnam.com\\\/vi\\\/sanpham\\\/cac-mon-banh-ro-ti\\\/banh-mi-nhan-hanh-tay-nuong-chao\\\/#breadcrumb\",\"itemListElement\":[{\"@type\":\"ListItem\",\"position\":1,\"name\":\"Trang Ch\u1ee7\",\"item\":\"https:\\\/\\\/tandoorvietnam.com\\\/vi\\\/\"},{\"@type\":\"ListItem\",\"position\":2,\"name\":\"Shop\",\"item\":\"https:\\\/\\\/tandoorvietnam.com\\\/shop\\\/\"},{\"@type\":\"ListItem\",\"position\":3,\"name\":\"Onion Paratha (B\u00c1NH M\u00cc NH\u00c2N H\u00c0NH T\u00c2Y N\u01af\u1edaNG CH\u1ea2O)\"}]},{\"@type\":\"WebSite\",\"@id\":\"https:\\\/\\\/tandoorvietnam.com\\\/vi\\\/#website\",\"url\":\"https:\\\/\\\/tandoorvietnam.com\\\/vi\\\/\",\"name\":\"Tandoor Vietnam\",\"description\":\"Nh\u00e0 h\u00e0ng ngon h\u1ed3 ch\u00ed minh\",\"publisher\":{\"@id\":\"https:\\\/\\\/tandoorvietnam.com\\\/vi\\\/#organization\"},\"potentialAction\":[{\"@type\":\"SearchAction\",\"target\":{\"@type\":\"EntryPoint\",\"urlTemplate\":\"https:\\\/\\\/tandoorvietnam.com\\\/vi\\\/?s={search_term_string}\"},\"query-input\":{\"@type\":\"PropertyValueSpecification\",\"valueRequired\":true,\"valueName\":\"search_term_string\"}}],\"inLanguage\":\"vi-VN\"},{\"@type\":\"Organization\",\"@id\":\"https:\\\/\\\/tandoorvietnam.com\\\/vi\\\/#organization\",\"name\":\"Tandoor Vietnam\",\"url\":\"https:\\\/\\\/tandoorvietnam.com\\\/vi\\\/\",\"logo\":{\"@type\":\"ImageObject\",\"inLanguage\":\"vi-VN\",\"@id\":\"https:\\\/\\\/tandoorvietnam.com\\\/vi\\\/#\\\/schema\\\/logo\\\/image\\\/\",\"url\":\"https:\\\/\\\/tandoorvietnam.com\\\/wp-content\\\/uploads\\\/2020\\\/07\\\/logo.png\",\"contentUrl\":\"https:\\\/\\\/tandoorvietnam.com\\\/wp-content\\\/uploads\\\/2020\\\/07\\\/logo.png\",\"width\":133,\"height\":75,\"caption\":\"Tandoor Vietnam\"},\"image\":{\"@id\":\"https:\\\/\\\/tandoorvietnam.com\\\/vi\\\/#\\\/schema\\\/logo\\\/image\\\/\"},\"sameAs\":[\"https:\\\/\\\/www.facebook.com\\\/tandoor.hcmc\\\/\"]}]}<\/script>\n<!-- \/ Yoast SEO Premium plugin. -->","yoast_head_json":{"title":"Onion Paratha (B\u00c1NH M\u00cc NH\u00c2N H\u00c0NH T\u00c2Y N\u01af\u1edaNG CH\u1ea2O)","description":"Th\u01b0\u1edfng th\u1ee9c b\u00e1nh m\u00ec n\u00f3ng h\u1ed5i v\u1edbi nh\u00e2n h\u00e0nh t\u00e2y n\u01b0\u1edbng t\u1ea1i Tandoor Vietnam. B\u00e1nh m\u00ec ngon \u0111\u01b0\u1ee3c l\u00e0m t\u1eeb b\u1ed9t m\u00ec nguy\u00ean ch\u1ea5t v\u00e0 nh\u00e2n h\u00e0nh cay th\u01a1m ngon","robots":{"index":"index","follow":"follow","max-snippet":"max-snippet:-1","max-image-preview":"max-image-preview:large","max-video-preview":"max-video-preview:-1"},"canonical":"https:\/\/tandoorvietnam.com\/vi\/sanpham\/cac-mon-banh-ro-ti\/banh-mi-nhan-hanh-tay-nuong-chao\/","og_locale":"vi_VN","og_type":"article","og_title":"Onion Paratha (B\u00c1NH M\u00cc NH\u00c2N H\u00c0NH T\u00c2Y N\u01af\u1edaNG CH\u1ea2O)","og_description":"Th\u01b0\u1edfng th\u1ee9c b\u00e1nh m\u00ec n\u00f3ng h\u1ed5i v\u1edbi nh\u00e2n h\u00e0nh t\u00e2y n\u01b0\u1edbng t\u1ea1i Tandoor Vietnam. B\u00e1nh m\u00ec ngon \u0111\u01b0\u1ee3c l\u00e0m t\u1eeb b\u1ed9t m\u00ec nguy\u00ean ch\u1ea5t v\u00e0 nh\u00e2n h\u00e0nh cay th\u01a1m ngon","og_url":"https:\/\/tandoorvietnam.com\/vi\/sanpham\/cac-mon-banh-ro-ti\/banh-mi-nhan-hanh-tay-nuong-chao\/","og_site_name":"Tandoor Vi\u1ec7t Nam","article_publisher":"https:\/\/www.facebook.com\/tandoor.hcmc\/","article_modified_time":"2023-05-07T15:53:45+00:00","og_image":[{"width":1400,"height":1400,"url":"https:\/\/tandoorvietnam.com\/wp-content\/uploads\/2020\/06\/Onion-Paratha1.jpg","type":"image\/jpeg"}],"twitter_card":"summary_large_image","twitter_misc":{"Est. reading time":"2 minutes"},"schema":{"@context":"https:\/\/schema.org","@graph":[{"@type":"WebPage","@id":"https:\/\/tandoorvietnam.com\/vi\/sanpham\/cac-mon-banh-ro-ti\/banh-mi-nhan-hanh-tay-nuong-chao\/","url":"https:\/\/tandoorvietnam.com\/vi\/sanpham\/cac-mon-banh-ro-ti\/banh-mi-nhan-hanh-tay-nuong-chao\/","name":"Onion Paratha (B\u00c1NH M\u00cc NH\u00c2N H\u00c0NH T\u00c2Y N\u01af\u1edaNG CH\u1ea2O)","isPartOf":{"@id":"https:\/\/tandoorvietnam.com\/vi\/#website"},"primaryImageOfPage":{"@id":"https:\/\/tandoorvietnam.com\/vi\/sanpham\/cac-mon-banh-ro-ti\/banh-mi-nhan-hanh-tay-nuong-chao\/#primaryimage"},"image":{"@id":"https:\/\/tandoorvietnam.com\/vi\/sanpham\/cac-mon-banh-ro-ti\/banh-mi-nhan-hanh-tay-nuong-chao\/#primaryimage"},"thumbnailUrl":"https:\/\/tandoorvietnam.com\/wp-content\/uploads\/2020\/06\/Onion-Paratha1.jpg","datePublished":"2021-04-12T08:06:34+00:00","dateModified":"2023-05-07T15:53:45+00:00","description":"Th\u01b0\u1edfng th\u1ee9c b\u00e1nh m\u00ec n\u00f3ng h\u1ed5i v\u1edbi nh\u00e2n h\u00e0nh t\u00e2y n\u01b0\u1edbng t\u1ea1i Tandoor Vietnam. B\u00e1nh m\u00ec ngon \u0111\u01b0\u1ee3c l\u00e0m t\u1eeb b\u1ed9t m\u00ec nguy\u00ean ch\u1ea5t v\u00e0 nh\u00e2n h\u00e0nh cay th\u01a1m ngon","breadcrumb":{"@id":"https:\/\/tandoorvietnam.com\/vi\/sanpham\/cac-mon-banh-ro-ti\/banh-mi-nhan-hanh-tay-nuong-chao\/#breadcrumb"},"inLanguage":"vi-VN","potentialAction":[{"@type":"ReadAction","target":["https:\/\/tandoorvietnam.com\/vi\/sanpham\/cac-mon-banh-ro-ti\/banh-mi-nhan-hanh-tay-nuong-chao\/"]}]},{"@type":"ImageObject","inLanguage":"vi-VN","@id":"https:\/\/tandoorvietnam.com\/vi\/sanpham\/cac-mon-banh-ro-ti\/banh-mi-nhan-hanh-tay-nuong-chao\/#primaryimage","url":"https:\/\/tandoorvietnam.com\/wp-content\/uploads\/2020\/06\/Onion-Paratha1.jpg","contentUrl":"https:\/\/tandoorvietnam.com\/wp-content\/uploads\/2020\/06\/Onion-Paratha1.jpg","width":1400,"height":1400,"caption":"Onion Paratha"},{"@type":"BreadcrumbList","@id":"https:\/\/tandoorvietnam.com\/vi\/sanpham\/cac-mon-banh-ro-ti\/banh-mi-nhan-hanh-tay-nuong-chao\/#breadcrumb","itemListElement":[{"@type":"ListItem","position":1,"name":"Trang Ch\u1ee7","item":"https:\/\/tandoorvietnam.com\/vi\/"},{"@type":"ListItem","position":2,"name":"Shop","item":"https:\/\/tandoorvietnam.com\/shop\/"},{"@type":"ListItem","position":3,"name":"Onion Paratha (B\u00c1NH M\u00cc NH\u00c2N H\u00c0NH T\u00c2Y N\u01af\u1edaNG CH\u1ea2O)"}]},{"@type":"WebSite","@id":"https:\/\/tandoorvietnam.com\/vi\/#website","url":"https:\/\/tandoorvietnam.com\/vi\/","name":"Tandoor Vietnam","description":"Nh\u00e0 h\u00e0ng ngon h\u1ed3 ch\u00ed minh","publisher":{"@id":"https:\/\/tandoorvietnam.com\/vi\/#organization"},"potentialAction":[{"@type":"SearchAction","target":{"@type":"EntryPoint","urlTemplate":"https:\/\/tandoorvietnam.com\/vi\/?s={search_term_string}"},"query-input":{"@type":"PropertyValueSpecification","valueRequired":true,"valueName":"search_term_string"}}],"inLanguage":"vi-VN"},{"@type":"Organization","@id":"https:\/\/tandoorvietnam.com\/vi\/#organization","name":"Tandoor Vietnam","url":"https:\/\/tandoorvietnam.com\/vi\/","logo":{"@type":"ImageObject","inLanguage":"vi-VN","@id":"https:\/\/tandoorvietnam.com\/vi\/#\/schema\/logo\/image\/","url":"https:\/\/tandoorvietnam.com\/wp-content\/uploads\/2020\/07\/logo.png","contentUrl":"https:\/\/tandoorvietnam.com\/wp-content\/uploads\/2020\/07\/logo.png","width":133,"height":75,"caption":"Tandoor Vietnam"},"image":{"@id":"https:\/\/tandoorvietnam.com\/vi\/#\/schema\/logo\/image\/"},"sameAs":["https:\/\/www.facebook.com\/tandoor.hcmc\/"]}]}},"_links":{"self":[{"href":"https:\/\/tandoorvietnam.com\/vi\/wp-json\/wp\/v2\/product\/3080","targetHints":{"allow":["GET"]}}],"collection":[{"href":"https:\/\/tandoorvietnam.com\/vi\/wp-json\/wp\/v2\/product"}],"about":[{"href":"https:\/\/tandoorvietnam.com\/vi\/wp-json\/wp\/v2\/types\/product"}],"wp:featuredmedia":[{"embeddable":true,"href":"https:\/\/tandoorvietnam.com\/vi\/wp-json\/wp\/v2\/media\/3081"}],"wp:attachment":[{"href":"https:\/\/tandoorvietnam.com\/vi\/wp-json\/wp\/v2\/media?parent=3080"}],"wp:term":[{"taxonomy":"product_brand","embeddable":true,"href":"https:\/\/tandoorvietnam.com\/vi\/wp-json\/wp\/v2\/product_brand?post=3080"},{"taxonomy":"product_cat","embeddable":true,"href":"https:\/\/tandoorvietnam.com\/vi\/wp-json\/wp\/v2\/product_cat?post=3080"},{"taxonomy":"product_tag","embeddable":true,"href":"https:\/\/tandoorvietnam.com\/vi\/wp-json\/wp\/v2\/product_tag?post=3080"}],"curies":[{"name":"wp","href":"https:\/\/api.w.org\/{rel}","templated":true}]}}