{"id":3082,"date":"2020-06-20T14:30:17","date_gmt":"2021-04-12T08:07:48","guid":{"rendered":"http:\/\/tandoorvietnam.com\/product\/uncategorized\/banh-mi-pho-mai-paneer-cay-nuong-chao\/"},"modified":"2023-05-20T08:44:36","modified_gmt":"2023-05-20T08:44:36","slug":"banh-mi-pho-mai-paneer-cay-nuong-chao","status":"publish","type":"product","link":"https:\/\/tandoorvietnam.com\/vi\/sanpham\/cac-mon-banh-ro-ti\/banh-mi-pho-mai-paneer-cay-nuong-chao\/","title":{"rendered":"Paneer Kulcha (B\u00c1NH M\u00cc PH\u00d4 MAI PANEER CAY N\u01af\u1edaNG CH\u1ea2O)"},"content":{"rendered":"<p>B\u00e1nh m\u00ec Ph\u00f4 Mai Paneer Cay n\u01b0\u1edbng ch\u1ea3o (Paneer Kulcha) l\u00e0 m\u1ed9t m\u00f3n \u0103n \u0111\u1ed9c \u0111\u00e1o v\u00e0 h\u1ea5p d\u1eabn t\u1ea1i Tandoor Vietnam. V\u1edbi h\u01b0\u01a1ng v\u1ecb \u0111\u1eadm \u0111\u00e0 t\u1eeb ph\u00f4 mai paneer v\u00e0 gia v\u1ecb cay n\u1ed3ng, m\u00f3n \u0103n n\u00e0y s\u1ebd l\u00e0m say l\u00f2ng nh\u1eefng ng\u01b0\u1eddi y\u00eau th\u00edch \u1ea9m th\u1ef1c \u1ea4n \u0110\u1ed9.<\/p>\n<p>Ch\u00fang t\u00f4i s\u1eed d\u1ee5ng b\u00e1nh m\u00ec n\u01b0\u1edbng gi\u00f2n tan l\u00e0m b\u00e1nh m\u00ec cu\u1ed1n, b\u00ean trong l\u00e0 l\u1edbp ph\u00f4 mai paneer m\u1ec1m m\u1ecbn v\u00e0 th\u01a1m ngon. Ph\u00f4 mai paneer l\u00e0 m\u1ed9t lo\u1ea1i ph\u00f4 mai truy\u1ec1n th\u1ed1ng c\u1ee7a \u1ea4n \u0110\u1ed9, \u0111\u01b0\u1ee3c l\u00e0m t\u1eeb s\u1eefa v\u00e0 c\u00f3 c\u1ea5u tr\u00fac \u0111\u1eb7c bi\u1ec7t, gi\u00fap mang \u0111\u1ebfn s\u1ef1 ngon mi\u1ec7ng v\u00e0 th\u00fa v\u1ecb cho m\u00f3n \u0103n.<\/p>\n<p>\u0110\u1eb7c bi\u1ec7t, ch\u00fang t\u00f4i t\u1ea9m \u01b0\u1edbp ph\u00f4 mai paneer v\u1edbi c\u00e1c gia v\u1ecb cay n\u1ed3ng, t\u1ea1o ra m\u1ed9t h\u01b0\u01a1ng v\u1ecb \u0111\u1eb7c tr\u01b0ng v\u00e0 th\u00fa v\u1ecb. Khi n\u01b0\u1edbng ch\u1ea3o, ph\u00f4 mai paneer s\u1ebd ch\u1ea3y ra, t\u1ea1o th\u00e0nh m\u1ed9t l\u1edbp m\u1ecfng v\u00e0ng \u01b0\u01a1m b\u00ean ngo\u00e0i b\u00e1nh m\u00ec, l\u00e0m t\u0103ng th\u00eam h\u01b0\u01a1ng v\u1ecb v\u00e0 s\u1ef1 h\u1ea5p d\u1eabn cho m\u00f3n \u0103n.<\/p>\n<p>Paneer Kulcha l\u00e0 m\u1ed9t l\u1ef1a ch\u1ecdn tuy\u1ec7t v\u1eddi cho b\u1eefa \u0103n nh\u1eb9 ho\u1eb7c ti\u1ec7c nh\u1ecf. B\u1ea1n c\u00f3 th\u1ec3 th\u01b0\u1edfng th\u1ee9c m\u00f3n \u0103n n\u00e0y trong kh\u00f4ng gian \u1ea5m c\u00fang v\u00e0 ph\u1ee5c v\u1ee5 nh\u01b0 m\u1ed9t m\u00f3n khai v\u1ecb h\u1ea5p d\u1eabn. K\u1ebft h\u1ee3p v\u1edbi c\u00e1c lo\u1ea1i n\u01b0\u1edbc s\u1ed1t t\u00f9y ch\u1ecdn, m\u00f3n \u0103n s\u1ebd mang \u0111\u1ebfn tr\u1ea3i nghi\u1ec7m \u1ea9m th\u1ef1c \u0111\u1ed9c \u0111\u00e1o v\u00e0 th\u00fa v\u1ecb.<\/p>\n<p>H\u00e3y \u0111\u1ebfn <a href=\"https:\/\/tandoorvietnam.com\/\">Tandoor Vietnam<\/a> \u0111\u1ec3 kh\u00e1m ph\u00e1 v\u00e0 th\u01b0\u1edfng th\u1ee9c Paneer Kulcha, m\u1ed9t m\u00f3n \u0103n \u0111\u1eb7c s\u1ea3n \u0111\u1ea7y h\u01b0\u01a1ng v\u1ecb v\u00e0 s\u1ef1 h\u1ea5p d\u1eabn c\u1ee7a \u1ea9m th\u1ef1c \u1ea4n \u0110\u1ed9.<\/p>\n","protected":false},"excerpt":{"rendered":"<p>&nbsp;<\/p>\n<table width=\"723\">\n<tbody>\n<tr>\n<td width=\"412\">Unleavened supper fine flour bread with spicy cottage cheese filling<\/td>\n<\/tr>\n<tr>\n<td width=\"412\"><em>B\u00e1nh l\u00e0m t\u1eeb b\u1ed9t m\u00ec h\u1ea3o h\u1ea1ng nh\u00e2n phomai tr\u1eafng v\u00e0 gia v\u1ecb cay n\u01b0\u1edbng trong l\u00f2 Tandoor<\/em><\/td>\n<\/tr>\n<\/tbody>\n<\/table>\n","protected":false},"featured_media":3083,"template":"","meta":[],"product_brand":[],"product_cat":[219],"product_tag":[],"class_list":{"0":"post-3082","1":"product","2":"type-product","3":"status-publish","4":"has-post-thumbnail","6":"product_cat-cac-mon-banh-ro-ti","8":"first","9":"instock","10":"taxable","11":"shipping-taxable","12":"purchasable","13":"product-type-simple"},"yoast_head":"<!-- This site is optimized with the Yoast SEO Premium plugin v22.3 (Yoast SEO v27.5) - https:\/\/yoast.com\/product\/yoast-seo-premium-wordpress\/ -->\n<title>B\u00c1NH M\u00cc PH\u00d4 MAI PANEER CAY N\u01af\u1edaNG CH\u1ea2O<\/title>\n<meta name=\"description\" content=\"B\u00e1nh m\u00ec Ph\u00f4 Mai Paneer Cay n\u01b0\u1edbng ch\u1ea3o v\u1edbi h\u01b0\u01a1ng v\u1ecb \u0111\u1ed9c \u0111\u00e1o t\u1eeb ph\u00f4 mai paneer v\u00e0 gia v\u1ecb cay n\u1ed3ng. Th\u01b0\u1edfng th\u1ee9c m\u00f3n \u0103n \u0111\u1eb7c s\u1ea3n c\u1ee7a Tandoor Vietnam.\" \/>\n<meta name=\"robots\" content=\"index, follow, max-snippet:-1, max-image-preview:large, max-video-preview:-1\" \/>\n<link rel=\"canonical\" href=\"https:\/\/tandoorvietnam.com\/vi\/sanpham\/cac-mon-banh-ro-ti\/banh-mi-pho-mai-paneer-cay-nuong-chao\/\" \/>\n<meta property=\"og:locale\" content=\"vi_VN\" \/>\n<meta property=\"og:type\" content=\"article\" \/>\n<meta property=\"og:title\" content=\"Paneer Kulcha (B\u00c1NH M\u00cc PH\u00d4 MAI PANEER CAY N\u01af\u1edaNG CH\u1ea2O)\" \/>\n<meta property=\"og:description\" content=\"B\u00e1nh m\u00ec Ph\u00f4 Mai Paneer Cay n\u01b0\u1edbng ch\u1ea3o v\u1edbi h\u01b0\u01a1ng v\u1ecb \u0111\u1ed9c \u0111\u00e1o t\u1eeb ph\u00f4 mai paneer v\u00e0 gia v\u1ecb cay n\u1ed3ng. Th\u01b0\u1edfng th\u1ee9c m\u00f3n \u0103n \u0111\u1eb7c s\u1ea3n c\u1ee7a Tandoor Vietnam.\" \/>\n<meta property=\"og:url\" content=\"https:\/\/tandoorvietnam.com\/vi\/sanpham\/cac-mon-banh-ro-ti\/banh-mi-pho-mai-paneer-cay-nuong-chao\/\" \/>\n<meta property=\"og:site_name\" content=\"Tandoor Vi\u1ec7t Nam\" \/>\n<meta property=\"article:publisher\" content=\"https:\/\/www.facebook.com\/tandoor.hcmc\/\" \/>\n<meta property=\"article:modified_time\" content=\"2023-05-20T08:44:36+00:00\" \/>\n<meta property=\"og:image\" content=\"https:\/\/tandoorvietnam.com\/wp-content\/uploads\/2020\/06\/Paneer-kulcha1.jpg\" \/>\n\t<meta property=\"og:image:width\" content=\"1400\" \/>\n\t<meta property=\"og:image:height\" content=\"1400\" \/>\n\t<meta property=\"og:image:type\" content=\"image\/jpeg\" \/>\n<meta name=\"twitter:card\" content=\"summary_large_image\" \/>\n<meta name=\"twitter:label1\" content=\"Est. reading time\" \/>\n\t<meta name=\"twitter:data1\" content=\"2 minutes\" \/>\n<script type=\"application\/ld+json\" class=\"yoast-schema-graph\">{\"@context\":\"https:\\\/\\\/schema.org\",\"@graph\":[{\"@type\":\"WebPage\",\"@id\":\"https:\\\/\\\/tandoorvietnam.com\\\/vi\\\/sanpham\\\/cac-mon-banh-ro-ti\\\/banh-mi-pho-mai-paneer-cay-nuong-chao\\\/\",\"url\":\"https:\\\/\\\/tandoorvietnam.com\\\/vi\\\/sanpham\\\/cac-mon-banh-ro-ti\\\/banh-mi-pho-mai-paneer-cay-nuong-chao\\\/\",\"name\":\"B\u00c1NH M\u00cc PH\u00d4 MAI PANEER CAY N\u01af\u1edaNG CH\u1ea2O\",\"isPartOf\":{\"@id\":\"https:\\\/\\\/tandoorvietnam.com\\\/vi\\\/#website\"},\"primaryImageOfPage\":{\"@id\":\"https:\\\/\\\/tandoorvietnam.com\\\/vi\\\/sanpham\\\/cac-mon-banh-ro-ti\\\/banh-mi-pho-mai-paneer-cay-nuong-chao\\\/#primaryimage\"},\"image\":{\"@id\":\"https:\\\/\\\/tandoorvietnam.com\\\/vi\\\/sanpham\\\/cac-mon-banh-ro-ti\\\/banh-mi-pho-mai-paneer-cay-nuong-chao\\\/#primaryimage\"},\"thumbnailUrl\":\"https:\\\/\\\/tandoorvietnam.com\\\/wp-content\\\/uploads\\\/2020\\\/06\\\/Paneer-kulcha1.jpg\",\"datePublished\":\"2021-04-12T08:07:48+00:00\",\"dateModified\":\"2023-05-20T08:44:36+00:00\",\"description\":\"B\u00e1nh m\u00ec Ph\u00f4 Mai Paneer Cay n\u01b0\u1edbng ch\u1ea3o v\u1edbi h\u01b0\u01a1ng v\u1ecb \u0111\u1ed9c \u0111\u00e1o t\u1eeb ph\u00f4 mai paneer v\u00e0 gia v\u1ecb cay n\u1ed3ng. Th\u01b0\u1edfng th\u1ee9c m\u00f3n \u0103n \u0111\u1eb7c s\u1ea3n c\u1ee7a Tandoor Vietnam.\",\"breadcrumb\":{\"@id\":\"https:\\\/\\\/tandoorvietnam.com\\\/vi\\\/sanpham\\\/cac-mon-banh-ro-ti\\\/banh-mi-pho-mai-paneer-cay-nuong-chao\\\/#breadcrumb\"},\"inLanguage\":\"vi-VN\",\"potentialAction\":[{\"@type\":\"ReadAction\",\"target\":[\"https:\\\/\\\/tandoorvietnam.com\\\/vi\\\/sanpham\\\/cac-mon-banh-ro-ti\\\/banh-mi-pho-mai-paneer-cay-nuong-chao\\\/\"]}]},{\"@type\":\"ImageObject\",\"inLanguage\":\"vi-VN\",\"@id\":\"https:\\\/\\\/tandoorvietnam.com\\\/vi\\\/sanpham\\\/cac-mon-banh-ro-ti\\\/banh-mi-pho-mai-paneer-cay-nuong-chao\\\/#primaryimage\",\"url\":\"https:\\\/\\\/tandoorvietnam.com\\\/wp-content\\\/uploads\\\/2020\\\/06\\\/Paneer-kulcha1.jpg\",\"contentUrl\":\"https:\\\/\\\/tandoorvietnam.com\\\/wp-content\\\/uploads\\\/2020\\\/06\\\/Paneer-kulcha1.jpg\",\"width\":1400,\"height\":1400,\"caption\":\"Paneer Kulcha\"},{\"@type\":\"BreadcrumbList\",\"@id\":\"https:\\\/\\\/tandoorvietnam.com\\\/vi\\\/sanpham\\\/cac-mon-banh-ro-ti\\\/banh-mi-pho-mai-paneer-cay-nuong-chao\\\/#breadcrumb\",\"itemListElement\":[{\"@type\":\"ListItem\",\"position\":1,\"name\":\"Trang Ch\u1ee7\",\"item\":\"https:\\\/\\\/tandoorvietnam.com\\\/vi\\\/\"},{\"@type\":\"ListItem\",\"position\":2,\"name\":\"Shop\",\"item\":\"https:\\\/\\\/tandoorvietnam.com\\\/shop\\\/\"},{\"@type\":\"ListItem\",\"position\":3,\"name\":\"Paneer Kulcha (B\u00c1NH M\u00cc PH\u00d4 MAI PANEER CAY N\u01af\u1edaNG CH\u1ea2O)\"}]},{\"@type\":\"WebSite\",\"@id\":\"https:\\\/\\\/tandoorvietnam.com\\\/vi\\\/#website\",\"url\":\"https:\\\/\\\/tandoorvietnam.com\\\/vi\\\/\",\"name\":\"Tandoor Vietnam\",\"description\":\"Nh\u00e0 h\u00e0ng ngon h\u1ed3 ch\u00ed minh\",\"publisher\":{\"@id\":\"https:\\\/\\\/tandoorvietnam.com\\\/vi\\\/#organization\"},\"potentialAction\":[{\"@type\":\"SearchAction\",\"target\":{\"@type\":\"EntryPoint\",\"urlTemplate\":\"https:\\\/\\\/tandoorvietnam.com\\\/vi\\\/?s={search_term_string}\"},\"query-input\":{\"@type\":\"PropertyValueSpecification\",\"valueRequired\":true,\"valueName\":\"search_term_string\"}}],\"inLanguage\":\"vi-VN\"},{\"@type\":\"Organization\",\"@id\":\"https:\\\/\\\/tandoorvietnam.com\\\/vi\\\/#organization\",\"name\":\"Tandoor Vietnam\",\"url\":\"https:\\\/\\\/tandoorvietnam.com\\\/vi\\\/\",\"logo\":{\"@type\":\"ImageObject\",\"inLanguage\":\"vi-VN\",\"@id\":\"https:\\\/\\\/tandoorvietnam.com\\\/vi\\\/#\\\/schema\\\/logo\\\/image\\\/\",\"url\":\"https:\\\/\\\/tandoorvietnam.com\\\/wp-content\\\/uploads\\\/2020\\\/07\\\/logo.png\",\"contentUrl\":\"https:\\\/\\\/tandoorvietnam.com\\\/wp-content\\\/uploads\\\/2020\\\/07\\\/logo.png\",\"width\":133,\"height\":75,\"caption\":\"Tandoor Vietnam\"},\"image\":{\"@id\":\"https:\\\/\\\/tandoorvietnam.com\\\/vi\\\/#\\\/schema\\\/logo\\\/image\\\/\"},\"sameAs\":[\"https:\\\/\\\/www.facebook.com\\\/tandoor.hcmc\\\/\"]}]}<\/script>\n<!-- \/ Yoast SEO Premium plugin. -->","yoast_head_json":{"title":"B\u00c1NH M\u00cc PH\u00d4 MAI PANEER CAY N\u01af\u1edaNG CH\u1ea2O","description":"B\u00e1nh m\u00ec Ph\u00f4 Mai Paneer Cay n\u01b0\u1edbng ch\u1ea3o v\u1edbi h\u01b0\u01a1ng v\u1ecb \u0111\u1ed9c \u0111\u00e1o t\u1eeb ph\u00f4 mai paneer v\u00e0 gia v\u1ecb cay n\u1ed3ng. Th\u01b0\u1edfng th\u1ee9c m\u00f3n \u0103n \u0111\u1eb7c s\u1ea3n c\u1ee7a Tandoor Vietnam.","robots":{"index":"index","follow":"follow","max-snippet":"max-snippet:-1","max-image-preview":"max-image-preview:large","max-video-preview":"max-video-preview:-1"},"canonical":"https:\/\/tandoorvietnam.com\/vi\/sanpham\/cac-mon-banh-ro-ti\/banh-mi-pho-mai-paneer-cay-nuong-chao\/","og_locale":"vi_VN","og_type":"article","og_title":"Paneer Kulcha (B\u00c1NH M\u00cc PH\u00d4 MAI PANEER CAY N\u01af\u1edaNG CH\u1ea2O)","og_description":"B\u00e1nh m\u00ec Ph\u00f4 Mai Paneer Cay n\u01b0\u1edbng ch\u1ea3o v\u1edbi h\u01b0\u01a1ng v\u1ecb \u0111\u1ed9c \u0111\u00e1o t\u1eeb ph\u00f4 mai paneer v\u00e0 gia v\u1ecb cay n\u1ed3ng. Th\u01b0\u1edfng th\u1ee9c m\u00f3n \u0103n \u0111\u1eb7c s\u1ea3n c\u1ee7a Tandoor Vietnam.","og_url":"https:\/\/tandoorvietnam.com\/vi\/sanpham\/cac-mon-banh-ro-ti\/banh-mi-pho-mai-paneer-cay-nuong-chao\/","og_site_name":"Tandoor Vi\u1ec7t Nam","article_publisher":"https:\/\/www.facebook.com\/tandoor.hcmc\/","article_modified_time":"2023-05-20T08:44:36+00:00","og_image":[{"width":1400,"height":1400,"url":"https:\/\/tandoorvietnam.com\/wp-content\/uploads\/2020\/06\/Paneer-kulcha1.jpg","type":"image\/jpeg"}],"twitter_card":"summary_large_image","twitter_misc":{"Est. reading time":"2 minutes"},"schema":{"@context":"https:\/\/schema.org","@graph":[{"@type":"WebPage","@id":"https:\/\/tandoorvietnam.com\/vi\/sanpham\/cac-mon-banh-ro-ti\/banh-mi-pho-mai-paneer-cay-nuong-chao\/","url":"https:\/\/tandoorvietnam.com\/vi\/sanpham\/cac-mon-banh-ro-ti\/banh-mi-pho-mai-paneer-cay-nuong-chao\/","name":"B\u00c1NH M\u00cc PH\u00d4 MAI PANEER CAY N\u01af\u1edaNG CH\u1ea2O","isPartOf":{"@id":"https:\/\/tandoorvietnam.com\/vi\/#website"},"primaryImageOfPage":{"@id":"https:\/\/tandoorvietnam.com\/vi\/sanpham\/cac-mon-banh-ro-ti\/banh-mi-pho-mai-paneer-cay-nuong-chao\/#primaryimage"},"image":{"@id":"https:\/\/tandoorvietnam.com\/vi\/sanpham\/cac-mon-banh-ro-ti\/banh-mi-pho-mai-paneer-cay-nuong-chao\/#primaryimage"},"thumbnailUrl":"https:\/\/tandoorvietnam.com\/wp-content\/uploads\/2020\/06\/Paneer-kulcha1.jpg","datePublished":"2021-04-12T08:07:48+00:00","dateModified":"2023-05-20T08:44:36+00:00","description":"B\u00e1nh m\u00ec Ph\u00f4 Mai Paneer Cay n\u01b0\u1edbng ch\u1ea3o v\u1edbi h\u01b0\u01a1ng v\u1ecb \u0111\u1ed9c \u0111\u00e1o t\u1eeb ph\u00f4 mai paneer v\u00e0 gia v\u1ecb cay n\u1ed3ng. Th\u01b0\u1edfng th\u1ee9c m\u00f3n \u0103n \u0111\u1eb7c s\u1ea3n c\u1ee7a Tandoor Vietnam.","breadcrumb":{"@id":"https:\/\/tandoorvietnam.com\/vi\/sanpham\/cac-mon-banh-ro-ti\/banh-mi-pho-mai-paneer-cay-nuong-chao\/#breadcrumb"},"inLanguage":"vi-VN","potentialAction":[{"@type":"ReadAction","target":["https:\/\/tandoorvietnam.com\/vi\/sanpham\/cac-mon-banh-ro-ti\/banh-mi-pho-mai-paneer-cay-nuong-chao\/"]}]},{"@type":"ImageObject","inLanguage":"vi-VN","@id":"https:\/\/tandoorvietnam.com\/vi\/sanpham\/cac-mon-banh-ro-ti\/banh-mi-pho-mai-paneer-cay-nuong-chao\/#primaryimage","url":"https:\/\/tandoorvietnam.com\/wp-content\/uploads\/2020\/06\/Paneer-kulcha1.jpg","contentUrl":"https:\/\/tandoorvietnam.com\/wp-content\/uploads\/2020\/06\/Paneer-kulcha1.jpg","width":1400,"height":1400,"caption":"Paneer Kulcha"},{"@type":"BreadcrumbList","@id":"https:\/\/tandoorvietnam.com\/vi\/sanpham\/cac-mon-banh-ro-ti\/banh-mi-pho-mai-paneer-cay-nuong-chao\/#breadcrumb","itemListElement":[{"@type":"ListItem","position":1,"name":"Trang Ch\u1ee7","item":"https:\/\/tandoorvietnam.com\/vi\/"},{"@type":"ListItem","position":2,"name":"Shop","item":"https:\/\/tandoorvietnam.com\/shop\/"},{"@type":"ListItem","position":3,"name":"Paneer Kulcha (B\u00c1NH M\u00cc PH\u00d4 MAI PANEER CAY N\u01af\u1edaNG CH\u1ea2O)"}]},{"@type":"WebSite","@id":"https:\/\/tandoorvietnam.com\/vi\/#website","url":"https:\/\/tandoorvietnam.com\/vi\/","name":"Tandoor Vietnam","description":"Nh\u00e0 h\u00e0ng ngon h\u1ed3 ch\u00ed minh","publisher":{"@id":"https:\/\/tandoorvietnam.com\/vi\/#organization"},"potentialAction":[{"@type":"SearchAction","target":{"@type":"EntryPoint","urlTemplate":"https:\/\/tandoorvietnam.com\/vi\/?s={search_term_string}"},"query-input":{"@type":"PropertyValueSpecification","valueRequired":true,"valueName":"search_term_string"}}],"inLanguage":"vi-VN"},{"@type":"Organization","@id":"https:\/\/tandoorvietnam.com\/vi\/#organization","name":"Tandoor Vietnam","url":"https:\/\/tandoorvietnam.com\/vi\/","logo":{"@type":"ImageObject","inLanguage":"vi-VN","@id":"https:\/\/tandoorvietnam.com\/vi\/#\/schema\/logo\/image\/","url":"https:\/\/tandoorvietnam.com\/wp-content\/uploads\/2020\/07\/logo.png","contentUrl":"https:\/\/tandoorvietnam.com\/wp-content\/uploads\/2020\/07\/logo.png","width":133,"height":75,"caption":"Tandoor Vietnam"},"image":{"@id":"https:\/\/tandoorvietnam.com\/vi\/#\/schema\/logo\/image\/"},"sameAs":["https:\/\/www.facebook.com\/tandoor.hcmc\/"]}]}},"_links":{"self":[{"href":"https:\/\/tandoorvietnam.com\/vi\/wp-json\/wp\/v2\/product\/3082","targetHints":{"allow":["GET"]}}],"collection":[{"href":"https:\/\/tandoorvietnam.com\/vi\/wp-json\/wp\/v2\/product"}],"about":[{"href":"https:\/\/tandoorvietnam.com\/vi\/wp-json\/wp\/v2\/types\/product"}],"wp:featuredmedia":[{"embeddable":true,"href":"https:\/\/tandoorvietnam.com\/vi\/wp-json\/wp\/v2\/media\/3083"}],"wp:attachment":[{"href":"https:\/\/tandoorvietnam.com\/vi\/wp-json\/wp\/v2\/media?parent=3082"}],"wp:term":[{"taxonomy":"product_brand","embeddable":true,"href":"https:\/\/tandoorvietnam.com\/vi\/wp-json\/wp\/v2\/product_brand?post=3082"},{"taxonomy":"product_cat","embeddable":true,"href":"https:\/\/tandoorvietnam.com\/vi\/wp-json\/wp\/v2\/product_cat?post=3082"},{"taxonomy":"product_tag","embeddable":true,"href":"https:\/\/tandoorvietnam.com\/vi\/wp-json\/wp\/v2\/product_tag?post=3082"}],"curies":[{"name":"wp","href":"https:\/\/api.w.org\/{rel}","templated":true}]}}