{"id":3084,"date":"2020-06-20T14:30:17","date_gmt":"2021-04-12T08:09:21","guid":{"rendered":"http:\/\/tandoorvietnam.com\/product\/uncategorized\/banh-mi-hat-de-tam-mut-nuong-lo-tandoor\/"},"modified":"2023-05-19T17:20:40","modified_gmt":"2023-05-19T17:20:40","slug":"banh-mi-hat-de-tam-mut-nuong-lo-tandoor","status":"publish","type":"product","link":"https:\/\/tandoorvietnam.com\/vi\/sanpham\/cac-mon-banh-ro-ti\/banh-mi-hat-de-tam-mut-nuong-lo-tandoor\/","title":{"rendered":"Peshawari Nan (B\u00c1NH M\u00cc H\u1ea0T D\u1eba T\u1ea8M M\u1ee8T N\u01af\u1edaNG L\u00d2 TANDOOR)"},"content":{"rendered":"<p>B\u00e1nh m\u00ec h\u1ea1t d\u1ebb t\u1ea9m m\u1ee9t n\u01b0\u1edbng (Peshawari Nan) l\u00e0 m\u1ed9t m\u00f3n \u0103n \u0111\u1ed9c \u0111\u00e1o v\u00e0 h\u1ea5p d\u1eabn t\u1ea1i Tandoor Vietnam. Ch\u00fang t\u00f4i s\u1eed d\u1ee5ng b\u00e1nh m\u00ec t\u01b0\u01a1i ngon v\u00e0 t\u1ea9m h\u1ea1t d\u1ebb \u0111\u1ec3 t\u1ea1o ra m\u1ed9t s\u1ef1 k\u1ebft h\u1ee3p ho\u00e0n h\u1ea3o gi\u1eefa v\u1ecb ng\u1ecdt c\u1ee7a m\u1ee9t v\u00e0 h\u01b0\u01a1ng th\u01a1m \u0111\u1eb7c tr\u01b0ng c\u1ee7a h\u1ea1t d\u1ebb.<\/p>\n<p>B\u00e1nh m\u00ec \u0111\u01b0\u1ee3c n\u01b0\u1edbng t\u1ea1i l\u00f2 Tandoor, t\u1ea1o n\u00ean l\u1edbp v\u1ecf gi\u00f2n tan b\u00ean ngo\u00e0i, b\u00ean trong l\u00e0 ph\u1ea7n ru\u1ed9t m\u1ec1m m\u1ecbn. M\u1ee9t th\u01a1m ngon v\u00e0 ng\u1ecdt ng\u00e0o \u0111\u01b0\u1ee3c thoa \u0111\u1ec1u l\u00ean b\u1ec1 m\u1eb7t b\u00e1nh m\u00ec, t\u1ea1o n\u00ean m\u1ed9t h\u01b0\u01a1ng v\u1ecb tuy\u1ec7t v\u1eddi m\u00e0 b\u1ea1n kh\u00f4ng th\u1ec3 ch\u1ed1i t\u1eeb.<\/p>\n<p>S\u1ef1 k\u1ebft h\u1ee3p gi\u1eefa v\u1ecb ng\u1ecdt c\u1ee7a m\u1ee9t v\u00e0 h\u01b0\u01a1ng th\u01a1m \u0111\u1eb7c tr\u01b0ng c\u1ee7a h\u1ea1t d\u1ebb mang \u0111\u1ebfn tr\u1ea3i nghi\u1ec7m \u1ea9m th\u1ef1c \u0111\u1ed9c \u0111\u00e1o. Peshawari Nan l\u00e0 m\u1ed9t m\u00f3n \u0103n ph\u00f9 h\u1ee3p cho c\u1ea3 b\u1eefa s\u00e1ng, bu\u1ed5i tr\u01b0a hay bu\u1ed5i t\u1ed1i.<\/p>\n<p>T\u1ea1i <a href=\"https:\/\/tandoorvietnam.com\/\">Tandoor Vietnam<\/a>, ch\u00fang t\u00f4i lu\u00f4n \u0111\u1ea3m b\u1ea3o ch\u1ea5t l\u01b0\u1ee3ng v\u00e0 t\u01b0\u01a1i ngon c\u1ee7a c\u00e1c nguy\u00ean li\u1ec7u s\u1eed d\u1ee5ng \u0111\u1ec3 t\u1ea1o ra m\u00f3n \u0103n n\u00e0y. M\u1ed7i chi\u1ebfc b\u00e1nh m\u00ec \u0111\u01b0\u1ee3c l\u00e0m th\u1ee7 c\u00f4ng v\u00e0 \u0111\u1ea3m b\u1ea3o s\u1ef1 t\u1ec9 m\u1ec9 trong t\u1eebng chi ti\u1ebft.<\/p>\n<p>H\u00e3y th\u01b0\u1edfng th\u1ee9c Peshawari Nan \u0111\u1ec3 tr\u1ea3i nghi\u1ec7m h\u01b0\u01a1ng v\u1ecb \u0111\u1ed9c \u0111\u00e1o v\u00e0 kh\u00e1m ph\u00e1 s\u1ef1 k\u1ebft h\u1ee3p tuy\u1ec7t v\u1eddi gi\u1eefa v\u1ecb ng\u1ecdt v\u00e0 h\u01b0\u01a1ng th\u01a1m. B\u1ea1n c\u00f3 th\u1ec3 \u0103n tr\u1ef1c ti\u1ebfp ho\u1eb7c k\u1ebft h\u1ee3p v\u1edbi n\u01b0\u1edbc \u00e9p tr\u00e1i c\u00e2y t\u01b0\u01a1i m\u00e1t. \u0110\u1ebfn Tandoor Vietnam v\u00e0 kh\u00e1m ph\u00e1 m\u00f3n \u0103n \u0111\u1eb7c s\u1ea3n n\u00e0y ngay h\u00f4m nay!<\/p>\n","protected":false},"excerpt":{"rendered":"<p>&nbsp;<\/p>\n<table width=\"723\">\n<tbody>\n<tr>\n<td width=\"412\">Unleavened supper fine flour bread flavoured with raisins and nuts (sweet)<\/td>\n<\/tr>\n<tr>\n<td width=\"412\"><em>B\u00e1nh l\u00e0m t\u1eeb b\u1ed9t m\u00ec h\u1ea3o h\u1ea1ng t\u1ea9m m\u1ee9t v\u00e0 h\u1ea1t d\u1ebb n\u01b0\u1edbng chin m\u1ec1m trong l\u00f2 Tandoor<\/em><\/td>\n<\/tr>\n<\/tbody>\n<\/table>\n","protected":false},"featured_media":3085,"template":"","meta":[],"product_brand":[],"product_cat":[219],"product_tag":[],"class_list":{"0":"post-3084","1":"product","2":"type-product","3":"status-publish","4":"has-post-thumbnail","6":"product_cat-cac-mon-banh-ro-ti","8":"first","9":"instock","10":"taxable","11":"shipping-taxable","12":"purchasable","13":"product-type-simple"},"yoast_head":"<!-- This site is optimized with the Yoast SEO Premium plugin v22.3 (Yoast SEO v27.5) - https:\/\/yoast.com\/product\/yoast-seo-premium-wordpress\/ -->\n<title>B\u00c1NH M\u00cc H\u1ea0T D\u1eba T\u1ea8M M\u1ee8T N\u01af\u1edaNG L\u00d2 TANDOOR<\/title>\n<meta name=\"description\" content=\"B\u00e1nh m\u00ec h\u1ea1t d\u1ebb t\u1ea9m m\u1ee9t n\u01b0\u1edbng l\u00f2 Tandoor mang \u0111\u1ebfn s\u1ef1 k\u1ebft h\u1ee3p \u0111\u1ed9c \u0111\u00e1o gi\u1eefa v\u1ecb ng\u1ecdt c\u1ee7a m\u1ee9t v\u00e0 h\u01b0\u01a1ng th\u01a1m c\u1ee7a h\u1ea1t d\u1ebb. Kh\u00e1m ph\u00e1 m\u00f3n \u0103n n\u00e0y t\u1ea1i Tandoor Vietnam.\" \/>\n<meta name=\"robots\" content=\"index, follow, max-snippet:-1, max-image-preview:large, max-video-preview:-1\" \/>\n<link rel=\"canonical\" href=\"https:\/\/tandoorvietnam.com\/vi\/sanpham\/cac-mon-banh-ro-ti\/banh-mi-hat-de-tam-mut-nuong-lo-tandoor\/\" \/>\n<meta property=\"og:locale\" content=\"vi_VN\" \/>\n<meta property=\"og:type\" content=\"article\" \/>\n<meta property=\"og:title\" content=\"Peshawari Nan (B\u00c1NH M\u00cc H\u1ea0T D\u1eba T\u1ea8M M\u1ee8T N\u01af\u1edaNG L\u00d2 TANDOOR)\" \/>\n<meta property=\"og:description\" content=\"B\u00e1nh m\u00ec h\u1ea1t d\u1ebb t\u1ea9m m\u1ee9t n\u01b0\u1edbng l\u00f2 Tandoor mang \u0111\u1ebfn s\u1ef1 k\u1ebft h\u1ee3p \u0111\u1ed9c \u0111\u00e1o gi\u1eefa v\u1ecb ng\u1ecdt c\u1ee7a m\u1ee9t v\u00e0 h\u01b0\u01a1ng th\u01a1m c\u1ee7a h\u1ea1t d\u1ebb. Kh\u00e1m ph\u00e1 m\u00f3n \u0103n n\u00e0y t\u1ea1i Tandoor Vietnam.\" \/>\n<meta property=\"og:url\" content=\"https:\/\/tandoorvietnam.com\/vi\/sanpham\/cac-mon-banh-ro-ti\/banh-mi-hat-de-tam-mut-nuong-lo-tandoor\/\" \/>\n<meta property=\"og:site_name\" content=\"Tandoor Vi\u1ec7t Nam\" \/>\n<meta property=\"article:publisher\" content=\"https:\/\/www.facebook.com\/tandoor.hcmc\/\" \/>\n<meta property=\"article:modified_time\" content=\"2023-05-19T17:20:40+00:00\" \/>\n<meta property=\"og:image\" content=\"https:\/\/tandoorvietnam.com\/wp-content\/uploads\/2020\/06\/Peshawari-nan.jpg\" \/>\n\t<meta property=\"og:image:width\" content=\"1400\" \/>\n\t<meta property=\"og:image:height\" content=\"1400\" \/>\n\t<meta property=\"og:image:type\" content=\"image\/jpeg\" \/>\n<meta name=\"twitter:card\" content=\"summary_large_image\" \/>\n<meta name=\"twitter:label1\" content=\"Est. reading time\" \/>\n\t<meta name=\"twitter:data1\" content=\"2 minutes\" \/>\n<script type=\"application\/ld+json\" class=\"yoast-schema-graph\">{\"@context\":\"https:\\\/\\\/schema.org\",\"@graph\":[{\"@type\":\"WebPage\",\"@id\":\"https:\\\/\\\/tandoorvietnam.com\\\/vi\\\/sanpham\\\/cac-mon-banh-ro-ti\\\/banh-mi-hat-de-tam-mut-nuong-lo-tandoor\\\/\",\"url\":\"https:\\\/\\\/tandoorvietnam.com\\\/vi\\\/sanpham\\\/cac-mon-banh-ro-ti\\\/banh-mi-hat-de-tam-mut-nuong-lo-tandoor\\\/\",\"name\":\"B\u00c1NH M\u00cc H\u1ea0T D\u1eba T\u1ea8M M\u1ee8T N\u01af\u1edaNG L\u00d2 TANDOOR\",\"isPartOf\":{\"@id\":\"https:\\\/\\\/tandoorvietnam.com\\\/vi\\\/#website\"},\"primaryImageOfPage\":{\"@id\":\"https:\\\/\\\/tandoorvietnam.com\\\/vi\\\/sanpham\\\/cac-mon-banh-ro-ti\\\/banh-mi-hat-de-tam-mut-nuong-lo-tandoor\\\/#primaryimage\"},\"image\":{\"@id\":\"https:\\\/\\\/tandoorvietnam.com\\\/vi\\\/sanpham\\\/cac-mon-banh-ro-ti\\\/banh-mi-hat-de-tam-mut-nuong-lo-tandoor\\\/#primaryimage\"},\"thumbnailUrl\":\"https:\\\/\\\/tandoorvietnam.com\\\/wp-content\\\/uploads\\\/2020\\\/06\\\/Peshawari-nan.jpg\",\"datePublished\":\"2021-04-12T08:09:21+00:00\",\"dateModified\":\"2023-05-19T17:20:40+00:00\",\"description\":\"B\u00e1nh m\u00ec h\u1ea1t d\u1ebb t\u1ea9m m\u1ee9t n\u01b0\u1edbng l\u00f2 Tandoor mang \u0111\u1ebfn s\u1ef1 k\u1ebft h\u1ee3p \u0111\u1ed9c \u0111\u00e1o gi\u1eefa v\u1ecb ng\u1ecdt c\u1ee7a m\u1ee9t v\u00e0 h\u01b0\u01a1ng th\u01a1m c\u1ee7a h\u1ea1t d\u1ebb. Kh\u00e1m ph\u00e1 m\u00f3n \u0103n n\u00e0y t\u1ea1i Tandoor Vietnam.\",\"breadcrumb\":{\"@id\":\"https:\\\/\\\/tandoorvietnam.com\\\/vi\\\/sanpham\\\/cac-mon-banh-ro-ti\\\/banh-mi-hat-de-tam-mut-nuong-lo-tandoor\\\/#breadcrumb\"},\"inLanguage\":\"vi-VN\",\"potentialAction\":[{\"@type\":\"ReadAction\",\"target\":[\"https:\\\/\\\/tandoorvietnam.com\\\/vi\\\/sanpham\\\/cac-mon-banh-ro-ti\\\/banh-mi-hat-de-tam-mut-nuong-lo-tandoor\\\/\"]}]},{\"@type\":\"ImageObject\",\"inLanguage\":\"vi-VN\",\"@id\":\"https:\\\/\\\/tandoorvietnam.com\\\/vi\\\/sanpham\\\/cac-mon-banh-ro-ti\\\/banh-mi-hat-de-tam-mut-nuong-lo-tandoor\\\/#primaryimage\",\"url\":\"https:\\\/\\\/tandoorvietnam.com\\\/wp-content\\\/uploads\\\/2020\\\/06\\\/Peshawari-nan.jpg\",\"contentUrl\":\"https:\\\/\\\/tandoorvietnam.com\\\/wp-content\\\/uploads\\\/2020\\\/06\\\/Peshawari-nan.jpg\",\"width\":1400,\"height\":1400,\"caption\":\"B\u00c1NH M\u00cc H\u1ea0T D\u1eba T\u1ea8M M\u1ee8T N\u01af\u1edaNG L\u00d2 TANDOOR\"},{\"@type\":\"BreadcrumbList\",\"@id\":\"https:\\\/\\\/tandoorvietnam.com\\\/vi\\\/sanpham\\\/cac-mon-banh-ro-ti\\\/banh-mi-hat-de-tam-mut-nuong-lo-tandoor\\\/#breadcrumb\",\"itemListElement\":[{\"@type\":\"ListItem\",\"position\":1,\"name\":\"Trang Ch\u1ee7\",\"item\":\"https:\\\/\\\/tandoorvietnam.com\\\/vi\\\/\"},{\"@type\":\"ListItem\",\"position\":2,\"name\":\"Shop\",\"item\":\"https:\\\/\\\/tandoorvietnam.com\\\/shop\\\/\"},{\"@type\":\"ListItem\",\"position\":3,\"name\":\"Peshawari Nan (B\u00c1NH M\u00cc H\u1ea0T D\u1eba T\u1ea8M M\u1ee8T N\u01af\u1edaNG L\u00d2 TANDOOR)\"}]},{\"@type\":\"WebSite\",\"@id\":\"https:\\\/\\\/tandoorvietnam.com\\\/vi\\\/#website\",\"url\":\"https:\\\/\\\/tandoorvietnam.com\\\/vi\\\/\",\"name\":\"Tandoor Vietnam\",\"description\":\"Nh\u00e0 h\u00e0ng ngon h\u1ed3 ch\u00ed minh\",\"publisher\":{\"@id\":\"https:\\\/\\\/tandoorvietnam.com\\\/vi\\\/#organization\"},\"potentialAction\":[{\"@type\":\"SearchAction\",\"target\":{\"@type\":\"EntryPoint\",\"urlTemplate\":\"https:\\\/\\\/tandoorvietnam.com\\\/vi\\\/?s={search_term_string}\"},\"query-input\":{\"@type\":\"PropertyValueSpecification\",\"valueRequired\":true,\"valueName\":\"search_term_string\"}}],\"inLanguage\":\"vi-VN\"},{\"@type\":\"Organization\",\"@id\":\"https:\\\/\\\/tandoorvietnam.com\\\/vi\\\/#organization\",\"name\":\"Tandoor Vietnam\",\"url\":\"https:\\\/\\\/tandoorvietnam.com\\\/vi\\\/\",\"logo\":{\"@type\":\"ImageObject\",\"inLanguage\":\"vi-VN\",\"@id\":\"https:\\\/\\\/tandoorvietnam.com\\\/vi\\\/#\\\/schema\\\/logo\\\/image\\\/\",\"url\":\"https:\\\/\\\/tandoorvietnam.com\\\/wp-content\\\/uploads\\\/2020\\\/07\\\/logo.png\",\"contentUrl\":\"https:\\\/\\\/tandoorvietnam.com\\\/wp-content\\\/uploads\\\/2020\\\/07\\\/logo.png\",\"width\":133,\"height\":75,\"caption\":\"Tandoor Vietnam\"},\"image\":{\"@id\":\"https:\\\/\\\/tandoorvietnam.com\\\/vi\\\/#\\\/schema\\\/logo\\\/image\\\/\"},\"sameAs\":[\"https:\\\/\\\/www.facebook.com\\\/tandoor.hcmc\\\/\"]}]}<\/script>\n<!-- \/ Yoast SEO Premium plugin. -->","yoast_head_json":{"title":"B\u00c1NH M\u00cc H\u1ea0T D\u1eba T\u1ea8M M\u1ee8T N\u01af\u1edaNG L\u00d2 TANDOOR","description":"B\u00e1nh m\u00ec h\u1ea1t d\u1ebb t\u1ea9m m\u1ee9t n\u01b0\u1edbng l\u00f2 Tandoor mang \u0111\u1ebfn s\u1ef1 k\u1ebft h\u1ee3p \u0111\u1ed9c \u0111\u00e1o gi\u1eefa v\u1ecb ng\u1ecdt c\u1ee7a m\u1ee9t v\u00e0 h\u01b0\u01a1ng th\u01a1m c\u1ee7a h\u1ea1t d\u1ebb. Kh\u00e1m ph\u00e1 m\u00f3n \u0103n n\u00e0y t\u1ea1i Tandoor Vietnam.","robots":{"index":"index","follow":"follow","max-snippet":"max-snippet:-1","max-image-preview":"max-image-preview:large","max-video-preview":"max-video-preview:-1"},"canonical":"https:\/\/tandoorvietnam.com\/vi\/sanpham\/cac-mon-banh-ro-ti\/banh-mi-hat-de-tam-mut-nuong-lo-tandoor\/","og_locale":"vi_VN","og_type":"article","og_title":"Peshawari Nan (B\u00c1NH M\u00cc H\u1ea0T D\u1eba T\u1ea8M M\u1ee8T N\u01af\u1edaNG L\u00d2 TANDOOR)","og_description":"B\u00e1nh m\u00ec h\u1ea1t d\u1ebb t\u1ea9m m\u1ee9t n\u01b0\u1edbng l\u00f2 Tandoor mang \u0111\u1ebfn s\u1ef1 k\u1ebft h\u1ee3p \u0111\u1ed9c \u0111\u00e1o gi\u1eefa v\u1ecb ng\u1ecdt c\u1ee7a m\u1ee9t v\u00e0 h\u01b0\u01a1ng th\u01a1m c\u1ee7a h\u1ea1t d\u1ebb. Kh\u00e1m ph\u00e1 m\u00f3n \u0103n n\u00e0y t\u1ea1i Tandoor Vietnam.","og_url":"https:\/\/tandoorvietnam.com\/vi\/sanpham\/cac-mon-banh-ro-ti\/banh-mi-hat-de-tam-mut-nuong-lo-tandoor\/","og_site_name":"Tandoor Vi\u1ec7t Nam","article_publisher":"https:\/\/www.facebook.com\/tandoor.hcmc\/","article_modified_time":"2023-05-19T17:20:40+00:00","og_image":[{"width":1400,"height":1400,"url":"https:\/\/tandoorvietnam.com\/wp-content\/uploads\/2020\/06\/Peshawari-nan.jpg","type":"image\/jpeg"}],"twitter_card":"summary_large_image","twitter_misc":{"Est. reading time":"2 minutes"},"schema":{"@context":"https:\/\/schema.org","@graph":[{"@type":"WebPage","@id":"https:\/\/tandoorvietnam.com\/vi\/sanpham\/cac-mon-banh-ro-ti\/banh-mi-hat-de-tam-mut-nuong-lo-tandoor\/","url":"https:\/\/tandoorvietnam.com\/vi\/sanpham\/cac-mon-banh-ro-ti\/banh-mi-hat-de-tam-mut-nuong-lo-tandoor\/","name":"B\u00c1NH M\u00cc H\u1ea0T D\u1eba T\u1ea8M M\u1ee8T N\u01af\u1edaNG L\u00d2 TANDOOR","isPartOf":{"@id":"https:\/\/tandoorvietnam.com\/vi\/#website"},"primaryImageOfPage":{"@id":"https:\/\/tandoorvietnam.com\/vi\/sanpham\/cac-mon-banh-ro-ti\/banh-mi-hat-de-tam-mut-nuong-lo-tandoor\/#primaryimage"},"image":{"@id":"https:\/\/tandoorvietnam.com\/vi\/sanpham\/cac-mon-banh-ro-ti\/banh-mi-hat-de-tam-mut-nuong-lo-tandoor\/#primaryimage"},"thumbnailUrl":"https:\/\/tandoorvietnam.com\/wp-content\/uploads\/2020\/06\/Peshawari-nan.jpg","datePublished":"2021-04-12T08:09:21+00:00","dateModified":"2023-05-19T17:20:40+00:00","description":"B\u00e1nh m\u00ec h\u1ea1t d\u1ebb t\u1ea9m m\u1ee9t n\u01b0\u1edbng l\u00f2 Tandoor mang \u0111\u1ebfn s\u1ef1 k\u1ebft h\u1ee3p \u0111\u1ed9c \u0111\u00e1o gi\u1eefa v\u1ecb ng\u1ecdt c\u1ee7a m\u1ee9t v\u00e0 h\u01b0\u01a1ng th\u01a1m c\u1ee7a h\u1ea1t d\u1ebb. Kh\u00e1m ph\u00e1 m\u00f3n \u0103n n\u00e0y t\u1ea1i Tandoor Vietnam.","breadcrumb":{"@id":"https:\/\/tandoorvietnam.com\/vi\/sanpham\/cac-mon-banh-ro-ti\/banh-mi-hat-de-tam-mut-nuong-lo-tandoor\/#breadcrumb"},"inLanguage":"vi-VN","potentialAction":[{"@type":"ReadAction","target":["https:\/\/tandoorvietnam.com\/vi\/sanpham\/cac-mon-banh-ro-ti\/banh-mi-hat-de-tam-mut-nuong-lo-tandoor\/"]}]},{"@type":"ImageObject","inLanguage":"vi-VN","@id":"https:\/\/tandoorvietnam.com\/vi\/sanpham\/cac-mon-banh-ro-ti\/banh-mi-hat-de-tam-mut-nuong-lo-tandoor\/#primaryimage","url":"https:\/\/tandoorvietnam.com\/wp-content\/uploads\/2020\/06\/Peshawari-nan.jpg","contentUrl":"https:\/\/tandoorvietnam.com\/wp-content\/uploads\/2020\/06\/Peshawari-nan.jpg","width":1400,"height":1400,"caption":"B\u00c1NH M\u00cc H\u1ea0T D\u1eba T\u1ea8M M\u1ee8T N\u01af\u1edaNG L\u00d2 TANDOOR"},{"@type":"BreadcrumbList","@id":"https:\/\/tandoorvietnam.com\/vi\/sanpham\/cac-mon-banh-ro-ti\/banh-mi-hat-de-tam-mut-nuong-lo-tandoor\/#breadcrumb","itemListElement":[{"@type":"ListItem","position":1,"name":"Trang Ch\u1ee7","item":"https:\/\/tandoorvietnam.com\/vi\/"},{"@type":"ListItem","position":2,"name":"Shop","item":"https:\/\/tandoorvietnam.com\/shop\/"},{"@type":"ListItem","position":3,"name":"Peshawari Nan (B\u00c1NH M\u00cc H\u1ea0T D\u1eba T\u1ea8M M\u1ee8T N\u01af\u1edaNG L\u00d2 TANDOOR)"}]},{"@type":"WebSite","@id":"https:\/\/tandoorvietnam.com\/vi\/#website","url":"https:\/\/tandoorvietnam.com\/vi\/","name":"Tandoor Vietnam","description":"Nh\u00e0 h\u00e0ng ngon h\u1ed3 ch\u00ed minh","publisher":{"@id":"https:\/\/tandoorvietnam.com\/vi\/#organization"},"potentialAction":[{"@type":"SearchAction","target":{"@type":"EntryPoint","urlTemplate":"https:\/\/tandoorvietnam.com\/vi\/?s={search_term_string}"},"query-input":{"@type":"PropertyValueSpecification","valueRequired":true,"valueName":"search_term_string"}}],"inLanguage":"vi-VN"},{"@type":"Organization","@id":"https:\/\/tandoorvietnam.com\/vi\/#organization","name":"Tandoor Vietnam","url":"https:\/\/tandoorvietnam.com\/vi\/","logo":{"@type":"ImageObject","inLanguage":"vi-VN","@id":"https:\/\/tandoorvietnam.com\/vi\/#\/schema\/logo\/image\/","url":"https:\/\/tandoorvietnam.com\/wp-content\/uploads\/2020\/07\/logo.png","contentUrl":"https:\/\/tandoorvietnam.com\/wp-content\/uploads\/2020\/07\/logo.png","width":133,"height":75,"caption":"Tandoor Vietnam"},"image":{"@id":"https:\/\/tandoorvietnam.com\/vi\/#\/schema\/logo\/image\/"},"sameAs":["https:\/\/www.facebook.com\/tandoor.hcmc\/"]}]}},"_links":{"self":[{"href":"https:\/\/tandoorvietnam.com\/vi\/wp-json\/wp\/v2\/product\/3084","targetHints":{"allow":["GET"]}}],"collection":[{"href":"https:\/\/tandoorvietnam.com\/vi\/wp-json\/wp\/v2\/product"}],"about":[{"href":"https:\/\/tandoorvietnam.com\/vi\/wp-json\/wp\/v2\/types\/product"}],"wp:featuredmedia":[{"embeddable":true,"href":"https:\/\/tandoorvietnam.com\/vi\/wp-json\/wp\/v2\/media\/3085"}],"wp:attachment":[{"href":"https:\/\/tandoorvietnam.com\/vi\/wp-json\/wp\/v2\/media?parent=3084"}],"wp:term":[{"taxonomy":"product_brand","embeddable":true,"href":"https:\/\/tandoorvietnam.com\/vi\/wp-json\/wp\/v2\/product_brand?post=3084"},{"taxonomy":"product_cat","embeddable":true,"href":"https:\/\/tandoorvietnam.com\/vi\/wp-json\/wp\/v2\/product_cat?post=3084"},{"taxonomy":"product_tag","embeddable":true,"href":"https:\/\/tandoorvietnam.com\/vi\/wp-json\/wp\/v2\/product_tag?post=3084"}],"curies":[{"name":"wp","href":"https:\/\/api.w.org\/{rel}","templated":true}]}}