{"id":3086,"date":"2020-06-20T14:22:13","date_gmt":"2021-04-12T08:10:25","guid":{"rendered":"http:\/\/tandoorvietnam.com\/product\/uncategorized\/banh-mi-rau-thom-nuong-lo-tandoor\/"},"modified":"2023-05-07T14:29:26","modified_gmt":"2023-05-07T14:29:26","slug":"banh-mi-rau-thom-nuong-lo-tandoor","status":"publish","type":"product","link":"https:\/\/tandoorvietnam.com\/vi\/sanpham\/cac-mon-banh-ro-ti\/banh-mi-rau-thom-nuong-lo-tandoor\/","title":{"rendered":"Pudina Paratha (B\u00c1NH M\u00cc RAU TH\u01a0M N\u01af\u1edaNG L\u00d2 TANDOOR)"},"content":{"rendered":"<p>B\u00e1nh m\u00ec rau th\u01a1m n\u01b0\u1edbng l\u00f2 Tandoor l\u00e0 m\u1ed9t trong nh\u1eefng m\u00f3n \u0103n v\u00f4 c\u00f9ng ph\u1ed5 bi\u1ebfn t\u1ea1i nh\u00e0 h\u00e0ng Tandoor Vietnam. V\u1edbi nh\u1eefng l\u00e1t b\u00e1nh m\u00ec gi\u00f2n tan, \u0111\u01b0\u1ee3c ph\u1ee7 \u0111\u1ea7y s\u1ed1t tandoor tinh t\u1ebf, c\u00f9ng v\u1edbi l\u1edbp rau th\u01a1m n\u01b0\u1edbng t\u01b0\u01a1i ngon, m\u00f3n \u0103n n\u00e0y ch\u1eafc ch\u1eafn s\u1ebd l\u00e0m h\u00e0i l\u00f2ng b\u1ea5t k\u1ef3 ai y\u00eau th\u00edch b\u00e1nh m\u00ec v\u00e0 \u1ea9m th\u1ef1c \u1ea4n \u0110\u1ed9.<\/p>\n<p><a href=\"https:\/\/tandoorvietnam.com\/\">Tandoor Vietnam<\/a> s\u1eed d\u1ee5ng nh\u1eefng nguy\u00ean li\u1ec7u t\u01b0\u01a1i ngon v\u00e0 ch\u1ebf bi\u1ebfn m\u00f3n \u0103n theo ph\u01b0\u01a1ng ph\u00e1p truy\u1ec1n th\u1ed1ng, mang \u0111\u1ebfn h\u01b0\u01a1ng v\u1ecb \u0111\u1eadm \u0111\u00e0 v\u00e0 \u0111\u1ea7y tinh t\u1ebf cho Pudina Paratha. \u0110\u1eb7c bi\u1ec7t, s\u1ed1t \u0111\u01b0\u1ee3c l\u00e0m t\u1eeb c\u00e1c lo\u1ea1i gia v\u1ecb \u1ea4n \u0110\u1ed9 \u0111\u1eb7c tr\u01b0ng, gi\u00fap t\u0103ng th\u00eam h\u01b0\u01a1ng v\u1ecb cho m\u00f3n \u0103n.<\/p>\n<p>B\u00e1nh m\u00ec rau th\u01a1m n\u01b0\u1edbng l\u00f2 Tandoor c\u00f3 th\u1ec3 \u0111\u01b0\u1ee3c d\u00f9ng nh\u01b0 m\u1ed9t b\u1eefa \u0103n nh\u1eb9 v\u00e0o b\u1ea5t k\u1ef3 th\u1eddi \u0111i\u1ec3m n\u00e0o trong ng\u00e0y, ho\u1eb7c k\u1ebft h\u1ee3p v\u1edbi c\u00e1c m\u00f3n khai v\u1ecb ho\u1eb7c n\u01b0\u1edbc u\u1ed1ng \u0111\u1ec3 t\u0103ng th\u00eam tr\u1ea3i nghi\u1ec7m \u1ea9m th\u1ef1c t\u1ea1i nh\u00e0 h\u00e0ng Tandoor Vietnam.<\/p>\n<p>N\u1ebfu b\u1ea1n \u0111ang t\u00ecm ki\u1ebfm m\u1ed9t m\u00f3n \u0103n v\u1eeba \u0111\u1ee7 dinh d\u01b0\u1ee1ng v\u00e0 ngon mi\u1ec7ng \u0111\u1ec3 th\u01b0\u1edfng th\u1ee9c, h\u00e3y \u0111\u1ebfn v\u1edbi Tandoor Vietnam v\u00e0 th\u1eed Pudina Paratha\u00a0Tandoor. Ch\u1eafc ch\u1eafn b\u1ea1n s\u1ebd c\u00f3 m\u1ed9t tr\u1ea3i nghi\u1ec7m \u1ea9m th\u1ef1c tuy\u1ec7t v\u1eddi.<\/p>\n","protected":false},"excerpt":{"rendered":"<p>&nbsp;<\/p>\n<table width=\"723\">\n<tbody>\n<tr>\n<td width=\"412\">Crispy unleavened mint flavored bread<\/td>\n<\/tr>\n<tr>\n<td width=\"412\"><em>B\u00e1nh l\u00e0m t\u1eeb b\u1ed9t m\u00ec nguy\u00ean ch\u1ea5t khoanh tr\u00f2n th\u00e0nh l\u1edbp n\u01b0\u1edbng v\u1edbi rau th\u01a1m trong l\u00f2 Tandoor<\/em><\/td>\n<\/tr>\n<\/tbody>\n<\/table>\n","protected":false},"featured_media":3087,"template":"","meta":[],"product_brand":[],"product_cat":[219],"product_tag":[],"class_list":{"0":"post-3086","1":"product","2":"type-product","3":"status-publish","4":"has-post-thumbnail","6":"product_cat-cac-mon-banh-ro-ti","8":"first","9":"instock","10":"taxable","11":"shipping-taxable","12":"purchasable","13":"product-type-simple"},"yoast_head":"<!-- This site is optimized with the Yoast SEO Premium plugin v22.3 (Yoast SEO v27.5) - https:\/\/yoast.com\/product\/yoast-seo-premium-wordpress\/ -->\n<title>Pudina Paratha (B\u00c1NH M\u00cc RAU TH\u01a0M N\u01af\u1edaNG L\u00d2 TANDOOR)<\/title>\n<meta name=\"description\" content=\"C\u1ea3m nh\u1eadn h\u01b0\u01a1ng v\u1ecb ng\u1ecdt c\u1ee7a b\u00e1nh m\u00ec rau th\u01a1m gi\u00f2n tan, ph\u1ee7 l\u1edbp s\u1ed1t tandoor tinh t\u1ebf. B\u00e1nh m\u00ec rau th\u01a1m n\u01b0\u1edbng l\u00f2 t\u1ea1i Tandoor Vi\u1ec7t Nam\" \/>\n<meta name=\"robots\" content=\"index, follow, max-snippet:-1, max-image-preview:large, max-video-preview:-1\" \/>\n<link rel=\"canonical\" href=\"https:\/\/tandoorvietnam.com\/vi\/sanpham\/cac-mon-banh-ro-ti\/banh-mi-rau-thom-nuong-lo-tandoor\/\" \/>\n<meta property=\"og:locale\" content=\"vi_VN\" \/>\n<meta property=\"og:type\" content=\"article\" \/>\n<meta property=\"og:title\" content=\"Pudina Paratha (B\u00c1NH M\u00cc RAU TH\u01a0M N\u01af\u1edaNG L\u00d2 TANDOOR)\" \/>\n<meta property=\"og:description\" content=\"C\u1ea3m nh\u1eadn h\u01b0\u01a1ng v\u1ecb ng\u1ecdt c\u1ee7a b\u00e1nh m\u00ec rau th\u01a1m gi\u00f2n tan, ph\u1ee7 l\u1edbp s\u1ed1t tandoor tinh t\u1ebf. B\u00e1nh m\u00ec rau th\u01a1m n\u01b0\u1edbng l\u00f2 t\u1ea1i Tandoor Vi\u1ec7t Nam\" \/>\n<meta property=\"og:url\" content=\"https:\/\/tandoorvietnam.com\/vi\/sanpham\/cac-mon-banh-ro-ti\/banh-mi-rau-thom-nuong-lo-tandoor\/\" \/>\n<meta property=\"og:site_name\" content=\"Tandoor Vi\u1ec7t Nam\" \/>\n<meta property=\"article:publisher\" content=\"https:\/\/www.facebook.com\/tandoor.hcmc\/\" \/>\n<meta property=\"article:modified_time\" content=\"2023-05-07T14:29:26+00:00\" \/>\n<meta property=\"og:image\" content=\"https:\/\/tandoorvietnam.com\/wp-content\/uploads\/2020\/06\/Pudina-Paratha.jpg\" \/>\n\t<meta property=\"og:image:width\" content=\"800\" \/>\n\t<meta property=\"og:image:height\" content=\"532\" \/>\n\t<meta property=\"og:image:type\" content=\"image\/jpeg\" \/>\n<meta name=\"twitter:card\" content=\"summary_large_image\" \/>\n<meta name=\"twitter:label1\" content=\"Est. reading time\" \/>\n\t<meta name=\"twitter:data1\" content=\"1 minute\" \/>\n<script type=\"application\/ld+json\" class=\"yoast-schema-graph\">{\"@context\":\"https:\\\/\\\/schema.org\",\"@graph\":[{\"@type\":\"WebPage\",\"@id\":\"https:\\\/\\\/tandoorvietnam.com\\\/vi\\\/sanpham\\\/cac-mon-banh-ro-ti\\\/banh-mi-rau-thom-nuong-lo-tandoor\\\/\",\"url\":\"https:\\\/\\\/tandoorvietnam.com\\\/vi\\\/sanpham\\\/cac-mon-banh-ro-ti\\\/banh-mi-rau-thom-nuong-lo-tandoor\\\/\",\"name\":\"Pudina Paratha (B\u00c1NH M\u00cc RAU TH\u01a0M N\u01af\u1edaNG L\u00d2 TANDOOR)\",\"isPartOf\":{\"@id\":\"https:\\\/\\\/tandoorvietnam.com\\\/vi\\\/#website\"},\"primaryImageOfPage\":{\"@id\":\"https:\\\/\\\/tandoorvietnam.com\\\/vi\\\/sanpham\\\/cac-mon-banh-ro-ti\\\/banh-mi-rau-thom-nuong-lo-tandoor\\\/#primaryimage\"},\"image\":{\"@id\":\"https:\\\/\\\/tandoorvietnam.com\\\/vi\\\/sanpham\\\/cac-mon-banh-ro-ti\\\/banh-mi-rau-thom-nuong-lo-tandoor\\\/#primaryimage\"},\"thumbnailUrl\":\"https:\\\/\\\/tandoorvietnam.com\\\/wp-content\\\/uploads\\\/2020\\\/06\\\/Pudina-Paratha.jpg\",\"datePublished\":\"2021-04-12T08:10:25+00:00\",\"dateModified\":\"2023-05-07T14:29:26+00:00\",\"description\":\"C\u1ea3m nh\u1eadn h\u01b0\u01a1ng v\u1ecb ng\u1ecdt c\u1ee7a b\u00e1nh m\u00ec rau th\u01a1m gi\u00f2n tan, ph\u1ee7 l\u1edbp s\u1ed1t tandoor tinh t\u1ebf. B\u00e1nh m\u00ec rau th\u01a1m n\u01b0\u1edbng l\u00f2 t\u1ea1i Tandoor Vi\u1ec7t Nam\",\"breadcrumb\":{\"@id\":\"https:\\\/\\\/tandoorvietnam.com\\\/vi\\\/sanpham\\\/cac-mon-banh-ro-ti\\\/banh-mi-rau-thom-nuong-lo-tandoor\\\/#breadcrumb\"},\"inLanguage\":\"vi-VN\",\"potentialAction\":[{\"@type\":\"ReadAction\",\"target\":[\"https:\\\/\\\/tandoorvietnam.com\\\/vi\\\/sanpham\\\/cac-mon-banh-ro-ti\\\/banh-mi-rau-thom-nuong-lo-tandoor\\\/\"]}]},{\"@type\":\"ImageObject\",\"inLanguage\":\"vi-VN\",\"@id\":\"https:\\\/\\\/tandoorvietnam.com\\\/vi\\\/sanpham\\\/cac-mon-banh-ro-ti\\\/banh-mi-rau-thom-nuong-lo-tandoor\\\/#primaryimage\",\"url\":\"https:\\\/\\\/tandoorvietnam.com\\\/wp-content\\\/uploads\\\/2020\\\/06\\\/Pudina-Paratha.jpg\",\"contentUrl\":\"https:\\\/\\\/tandoorvietnam.com\\\/wp-content\\\/uploads\\\/2020\\\/06\\\/Pudina-Paratha.jpg\",\"width\":800,\"height\":532,\"caption\":\"Tandoor\"},{\"@type\":\"BreadcrumbList\",\"@id\":\"https:\\\/\\\/tandoorvietnam.com\\\/vi\\\/sanpham\\\/cac-mon-banh-ro-ti\\\/banh-mi-rau-thom-nuong-lo-tandoor\\\/#breadcrumb\",\"itemListElement\":[{\"@type\":\"ListItem\",\"position\":1,\"name\":\"Trang Ch\u1ee7\",\"item\":\"https:\\\/\\\/tandoorvietnam.com\\\/vi\\\/\"},{\"@type\":\"ListItem\",\"position\":2,\"name\":\"Shop\",\"item\":\"https:\\\/\\\/tandoorvietnam.com\\\/shop\\\/\"},{\"@type\":\"ListItem\",\"position\":3,\"name\":\"Pudina Paratha (B\u00c1NH M\u00cc RAU TH\u01a0M N\u01af\u1edaNG L\u00d2 TANDOOR)\"}]},{\"@type\":\"WebSite\",\"@id\":\"https:\\\/\\\/tandoorvietnam.com\\\/vi\\\/#website\",\"url\":\"https:\\\/\\\/tandoorvietnam.com\\\/vi\\\/\",\"name\":\"Tandoor Vietnam\",\"description\":\"Nh\u00e0 h\u00e0ng ngon h\u1ed3 ch\u00ed minh\",\"publisher\":{\"@id\":\"https:\\\/\\\/tandoorvietnam.com\\\/vi\\\/#organization\"},\"potentialAction\":[{\"@type\":\"SearchAction\",\"target\":{\"@type\":\"EntryPoint\",\"urlTemplate\":\"https:\\\/\\\/tandoorvietnam.com\\\/vi\\\/?s={search_term_string}\"},\"query-input\":{\"@type\":\"PropertyValueSpecification\",\"valueRequired\":true,\"valueName\":\"search_term_string\"}}],\"inLanguage\":\"vi-VN\"},{\"@type\":\"Organization\",\"@id\":\"https:\\\/\\\/tandoorvietnam.com\\\/vi\\\/#organization\",\"name\":\"Tandoor Vietnam\",\"url\":\"https:\\\/\\\/tandoorvietnam.com\\\/vi\\\/\",\"logo\":{\"@type\":\"ImageObject\",\"inLanguage\":\"vi-VN\",\"@id\":\"https:\\\/\\\/tandoorvietnam.com\\\/vi\\\/#\\\/schema\\\/logo\\\/image\\\/\",\"url\":\"https:\\\/\\\/tandoorvietnam.com\\\/wp-content\\\/uploads\\\/2020\\\/07\\\/logo.png\",\"contentUrl\":\"https:\\\/\\\/tandoorvietnam.com\\\/wp-content\\\/uploads\\\/2020\\\/07\\\/logo.png\",\"width\":133,\"height\":75,\"caption\":\"Tandoor Vietnam\"},\"image\":{\"@id\":\"https:\\\/\\\/tandoorvietnam.com\\\/vi\\\/#\\\/schema\\\/logo\\\/image\\\/\"},\"sameAs\":[\"https:\\\/\\\/www.facebook.com\\\/tandoor.hcmc\\\/\"]}]}<\/script>\n<!-- \/ Yoast SEO Premium plugin. -->","yoast_head_json":{"title":"Pudina Paratha (B\u00c1NH M\u00cc RAU TH\u01a0M N\u01af\u1edaNG L\u00d2 TANDOOR)","description":"C\u1ea3m nh\u1eadn h\u01b0\u01a1ng v\u1ecb ng\u1ecdt c\u1ee7a b\u00e1nh m\u00ec rau th\u01a1m gi\u00f2n tan, ph\u1ee7 l\u1edbp s\u1ed1t tandoor tinh t\u1ebf. B\u00e1nh m\u00ec rau th\u01a1m n\u01b0\u1edbng l\u00f2 t\u1ea1i Tandoor Vi\u1ec7t Nam","robots":{"index":"index","follow":"follow","max-snippet":"max-snippet:-1","max-image-preview":"max-image-preview:large","max-video-preview":"max-video-preview:-1"},"canonical":"https:\/\/tandoorvietnam.com\/vi\/sanpham\/cac-mon-banh-ro-ti\/banh-mi-rau-thom-nuong-lo-tandoor\/","og_locale":"vi_VN","og_type":"article","og_title":"Pudina Paratha (B\u00c1NH M\u00cc RAU TH\u01a0M N\u01af\u1edaNG L\u00d2 TANDOOR)","og_description":"C\u1ea3m nh\u1eadn h\u01b0\u01a1ng v\u1ecb ng\u1ecdt c\u1ee7a b\u00e1nh m\u00ec rau th\u01a1m gi\u00f2n tan, ph\u1ee7 l\u1edbp s\u1ed1t tandoor tinh t\u1ebf. B\u00e1nh m\u00ec rau th\u01a1m n\u01b0\u1edbng l\u00f2 t\u1ea1i Tandoor Vi\u1ec7t Nam","og_url":"https:\/\/tandoorvietnam.com\/vi\/sanpham\/cac-mon-banh-ro-ti\/banh-mi-rau-thom-nuong-lo-tandoor\/","og_site_name":"Tandoor Vi\u1ec7t Nam","article_publisher":"https:\/\/www.facebook.com\/tandoor.hcmc\/","article_modified_time":"2023-05-07T14:29:26+00:00","og_image":[{"width":800,"height":532,"url":"https:\/\/tandoorvietnam.com\/wp-content\/uploads\/2020\/06\/Pudina-Paratha.jpg","type":"image\/jpeg"}],"twitter_card":"summary_large_image","twitter_misc":{"Est. reading time":"1 minute"},"schema":{"@context":"https:\/\/schema.org","@graph":[{"@type":"WebPage","@id":"https:\/\/tandoorvietnam.com\/vi\/sanpham\/cac-mon-banh-ro-ti\/banh-mi-rau-thom-nuong-lo-tandoor\/","url":"https:\/\/tandoorvietnam.com\/vi\/sanpham\/cac-mon-banh-ro-ti\/banh-mi-rau-thom-nuong-lo-tandoor\/","name":"Pudina Paratha (B\u00c1NH M\u00cc RAU TH\u01a0M N\u01af\u1edaNG L\u00d2 TANDOOR)","isPartOf":{"@id":"https:\/\/tandoorvietnam.com\/vi\/#website"},"primaryImageOfPage":{"@id":"https:\/\/tandoorvietnam.com\/vi\/sanpham\/cac-mon-banh-ro-ti\/banh-mi-rau-thom-nuong-lo-tandoor\/#primaryimage"},"image":{"@id":"https:\/\/tandoorvietnam.com\/vi\/sanpham\/cac-mon-banh-ro-ti\/banh-mi-rau-thom-nuong-lo-tandoor\/#primaryimage"},"thumbnailUrl":"https:\/\/tandoorvietnam.com\/wp-content\/uploads\/2020\/06\/Pudina-Paratha.jpg","datePublished":"2021-04-12T08:10:25+00:00","dateModified":"2023-05-07T14:29:26+00:00","description":"C\u1ea3m nh\u1eadn h\u01b0\u01a1ng v\u1ecb ng\u1ecdt c\u1ee7a b\u00e1nh m\u00ec rau th\u01a1m gi\u00f2n tan, ph\u1ee7 l\u1edbp s\u1ed1t tandoor tinh t\u1ebf. B\u00e1nh m\u00ec rau th\u01a1m n\u01b0\u1edbng l\u00f2 t\u1ea1i Tandoor Vi\u1ec7t Nam","breadcrumb":{"@id":"https:\/\/tandoorvietnam.com\/vi\/sanpham\/cac-mon-banh-ro-ti\/banh-mi-rau-thom-nuong-lo-tandoor\/#breadcrumb"},"inLanguage":"vi-VN","potentialAction":[{"@type":"ReadAction","target":["https:\/\/tandoorvietnam.com\/vi\/sanpham\/cac-mon-banh-ro-ti\/banh-mi-rau-thom-nuong-lo-tandoor\/"]}]},{"@type":"ImageObject","inLanguage":"vi-VN","@id":"https:\/\/tandoorvietnam.com\/vi\/sanpham\/cac-mon-banh-ro-ti\/banh-mi-rau-thom-nuong-lo-tandoor\/#primaryimage","url":"https:\/\/tandoorvietnam.com\/wp-content\/uploads\/2020\/06\/Pudina-Paratha.jpg","contentUrl":"https:\/\/tandoorvietnam.com\/wp-content\/uploads\/2020\/06\/Pudina-Paratha.jpg","width":800,"height":532,"caption":"Tandoor"},{"@type":"BreadcrumbList","@id":"https:\/\/tandoorvietnam.com\/vi\/sanpham\/cac-mon-banh-ro-ti\/banh-mi-rau-thom-nuong-lo-tandoor\/#breadcrumb","itemListElement":[{"@type":"ListItem","position":1,"name":"Trang Ch\u1ee7","item":"https:\/\/tandoorvietnam.com\/vi\/"},{"@type":"ListItem","position":2,"name":"Shop","item":"https:\/\/tandoorvietnam.com\/shop\/"},{"@type":"ListItem","position":3,"name":"Pudina Paratha (B\u00c1NH M\u00cc RAU TH\u01a0M N\u01af\u1edaNG L\u00d2 TANDOOR)"}]},{"@type":"WebSite","@id":"https:\/\/tandoorvietnam.com\/vi\/#website","url":"https:\/\/tandoorvietnam.com\/vi\/","name":"Tandoor Vietnam","description":"Nh\u00e0 h\u00e0ng ngon h\u1ed3 ch\u00ed minh","publisher":{"@id":"https:\/\/tandoorvietnam.com\/vi\/#organization"},"potentialAction":[{"@type":"SearchAction","target":{"@type":"EntryPoint","urlTemplate":"https:\/\/tandoorvietnam.com\/vi\/?s={search_term_string}"},"query-input":{"@type":"PropertyValueSpecification","valueRequired":true,"valueName":"search_term_string"}}],"inLanguage":"vi-VN"},{"@type":"Organization","@id":"https:\/\/tandoorvietnam.com\/vi\/#organization","name":"Tandoor Vietnam","url":"https:\/\/tandoorvietnam.com\/vi\/","logo":{"@type":"ImageObject","inLanguage":"vi-VN","@id":"https:\/\/tandoorvietnam.com\/vi\/#\/schema\/logo\/image\/","url":"https:\/\/tandoorvietnam.com\/wp-content\/uploads\/2020\/07\/logo.png","contentUrl":"https:\/\/tandoorvietnam.com\/wp-content\/uploads\/2020\/07\/logo.png","width":133,"height":75,"caption":"Tandoor Vietnam"},"image":{"@id":"https:\/\/tandoorvietnam.com\/vi\/#\/schema\/logo\/image\/"},"sameAs":["https:\/\/www.facebook.com\/tandoor.hcmc\/"]}]}},"_links":{"self":[{"href":"https:\/\/tandoorvietnam.com\/vi\/wp-json\/wp\/v2\/product\/3086","targetHints":{"allow":["GET"]}}],"collection":[{"href":"https:\/\/tandoorvietnam.com\/vi\/wp-json\/wp\/v2\/product"}],"about":[{"href":"https:\/\/tandoorvietnam.com\/vi\/wp-json\/wp\/v2\/types\/product"}],"wp:featuredmedia":[{"embeddable":true,"href":"https:\/\/tandoorvietnam.com\/vi\/wp-json\/wp\/v2\/media\/3087"}],"wp:attachment":[{"href":"https:\/\/tandoorvietnam.com\/vi\/wp-json\/wp\/v2\/media?parent=3086"}],"wp:term":[{"taxonomy":"product_brand","embeddable":true,"href":"https:\/\/tandoorvietnam.com\/vi\/wp-json\/wp\/v2\/product_brand?post=3086"},{"taxonomy":"product_cat","embeddable":true,"href":"https:\/\/tandoorvietnam.com\/vi\/wp-json\/wp\/v2\/product_cat?post=3086"},{"taxonomy":"product_tag","embeddable":true,"href":"https:\/\/tandoorvietnam.com\/vi\/wp-json\/wp\/v2\/product_tag?post=3086"}],"curies":[{"name":"wp","href":"https:\/\/api.w.org\/{rel}","templated":true}]}}