{"id":3090,"date":"2020-06-26T11:39:06","date_gmt":"2020-06-26T11:39:06","guid":{"rendered":"http:\/\/tandoorvietnam.com\/product\/uncategorized\/banh-dau-nang-den-chien-gion-6-cai\/"},"modified":"2023-05-20T09:17:00","modified_gmt":"2023-05-20T09:17:00","slug":"banh-dau-nang-den-chien-gion-6-cai","status":"publish","type":"product","link":"https:\/\/tandoorvietnam.com\/vi\/sanpham\/cac-mon-an-vat-chaats\/banh-dau-nang-den-chien-gion-6-cai\/","title":{"rendered":"Dahi mysore bhonda - 6pcs (B\u00c1NH \u0110\u1eacU N\u0102NG \u0110EN CHI\u00caN GI\u00d2N - 6 C\u00c1I)"},"content":{"rendered":"<p>B\u00e1nh \u0110\u1eadu N\u0103ng \u0110en chi\u00ean gi\u00f2n (Dahi mysore bhonda) l\u00e0 m\u1ed9t m\u00f3n \u0103n v\u1eb7t Chaat \u0111\u1ed9c \u0111\u00e1o v\u00e0 h\u1ea5p d\u1eabn trong \u1ea9m th\u1ef1c \u1ea4n \u0110\u1ed9. T\u1ea1i Tandoor Vietnam, ch\u00fang t\u00f4i mang \u0111\u1ebfn cho b\u1ea1n b\u00e1nh c\u00f3 v\u1ecf gi\u00f2n tan b\u00ean ngo\u00e0i v\u00e0 nh\u00e2n \u0111\u1eadu n\u0103ng \u0111en th\u01a1m ngon b\u00ean trong.<\/p>\n<p>Dahi mysore bhonda l\u00e0 m\u1ed9t lo\u1ea1i \u0111\u1eadu c\u00f3 m\u00e0u \u0111en \u0111\u1eb7c tr\u01b0ng, c\u00f3 h\u00e0m l\u01b0\u1ee3ng dinh d\u01b0\u1ee1ng cao v\u00e0 h\u01b0\u01a1ng v\u1ecb \u0111\u1ed9c \u0111\u00e1o. Ch\u00fang t\u00f4i k\u1ebft h\u1ee3p \u0111\u1eadu n\u0103ng \u0111en v\u1edbi c\u00e1c gia v\u1ecb v\u00e0 th\u1ea3o m\u1ed9c t\u1ea1o n\u00ean h\u01b0\u01a1ng v\u1ecb \u0111\u1eb7c bi\u1ec7t cho b\u00e1nh.<\/p>\n<p>Khi chi\u00ean, b\u00e1nh c\u00f3 l\u1edbp v\u1ecf gi\u00f2n r\u1ee5m, t\u1ea1o n\u00ean m\u1ed9t tr\u1ea3i nghi\u1ec7m \u0103n ngon kh\u00f3 c\u01b0\u1ee1ng. B\u00ean trong, nh\u00e2n \u0111\u1eadu n\u0103ng \u0111en th\u01a1m ngon v\u00e0 b\u00e9o ng\u1eady, k\u1ebft h\u1ee3p ho\u00e0n h\u1ea3o v\u1edbi v\u1ecb gi\u00f2n c\u1ee7a v\u1ecf b\u00e1nh.<\/p>\n<p>Dahi mysore bhonda th\u01b0\u1eddng \u0111\u01b0\u1ee3c \u0103n k\u00e8m v\u1edbi c\u00e1c lo\u1ea1i s\u1ed1t chua ng\u1ecdt, t\u1ea1o s\u1ef1 c\u00e2n b\u1eb1ng v\u1ecb gi\u1eefa chua, ng\u1ecdt v\u00e0 gi\u00f2n tan. M\u00f3n \u0103n n\u00e0y th\u01b0\u1eddng \u0111\u01b0\u1ee3c th\u01b0\u1edfng th\u1ee9c nh\u01b0 m\u1ed9t m\u00f3n \u0103n v\u1eb7t nh\u1eb9 nh\u00e0ng trong su\u1ed1t c\u1ea3 ng\u00e0y.<\/p>\n<p>T\u1ea1i Tandoor Vietnam, ch\u00fang t\u00f4i lu\u00f4n ch\u00fa tr\u1ecdng \u0111\u1ebfn ch\u1ea5t l\u01b0\u1ee3ng v\u00e0 t\u01b0\u01a1i ngon c\u1ee7a nguy\u00ean li\u1ec7u. Dahi mysore bhonda \u0111\u01b0\u1ee3c ch\u1ebf bi\u1ebfn c\u00f4ng phu v\u00e0 tinh t\u1ebf, mang \u0111\u1ebfn h\u01b0\u01a1ng v\u1ecb \u0111\u1eb7c tr\u01b0ng c\u1ee7a \u1ea9m th\u1ef1c \u1ea4n \u0110\u1ed9.<\/p>\n<p>H\u00e3y th\u01b0\u1edfng th\u1ee9c B\u00e1nh \u0110\u1eadu N\u0103ng \u0110en chi\u00ean gi\u00f2n t\u1ea1i <a href=\"https:\/\/tandoorvietnam.com\/\">Tandoor Vietnam<\/a> v\u00e0 kh\u00e1m ph\u00e1 v\u0103n h\u00f3a \u1ea9m th\u1ef1c phong ph\u00fa v\u00e0 \u0111a d\u1ea1ng c\u1ee7a \u1ea4n \u0110\u1ed9.<\/p>\n","protected":false},"excerpt":{"rendered":"<p>&nbsp;<\/p>\n<table width=\"723\">\n<tbody>\n<tr>\n<td width=\"412\">Crispy black lentil fermented flour snack that topped with yoghurt and chutneys<\/td>\n<\/tr>\n<tr>\n<td width=\"412\"><em>B\u00e1nh \u0111\u1eadu l\u0103ng \u0111en chi\u00ean gi\u00f2n ph\u1ee7 s\u1eefa chua v\u00e0 s\u1ed1t chua ng\u1ecdt<\/em><\/td>\n<\/tr>\n<\/tbody>\n<\/table>\n","protected":false},"featured_media":3091,"template":"","meta":[],"product_brand":[],"product_cat":[220],"product_tag":[],"class_list":{"0":"post-3090","1":"product","2":"type-product","3":"status-publish","4":"has-post-thumbnail","6":"product_cat-cac-mon-an-vat-chaats","8":"first","9":"instock","10":"purchasable","11":"product-type-simple"},"yoast_head":"<!-- This site is optimized with the Yoast SEO Premium plugin v22.3 (Yoast SEO v27.4) - https:\/\/yoast.com\/product\/yoast-seo-premium-wordpress\/ -->\n<title>B\u00c1NH \u0110\u1eacU N\u0102NG \u0110EN CHI\u00caN GI\u00d2N - 6 C\u00c1I<\/title>\n<meta name=\"description\" content=\"B\u00e1nh \u0110\u1eadu N\u0103ng \u0110en chi\u00ean gi\u00f2n - m\u00f3n \u0103n v\u1eb7t Chaat h\u1ea5p d\u1eabn v\u1edbi b\u00e1nh gi\u00f2n gi\u00f2n b\u00ean ngo\u00e0i v\u00e0 nh\u00e2n \u0111\u1eadu n\u0103ng \u0111en \u0111\u1eb7c tr\u01b0ng b\u00ean trong.\" \/>\n<meta name=\"robots\" content=\"index, follow, max-snippet:-1, max-image-preview:large, max-video-preview:-1\" \/>\n<link rel=\"canonical\" href=\"https:\/\/tandoorvietnam.com\/vi\/sanpham\/cac-mon-an-vat-chaats\/banh-dau-nang-den-chien-gion-6-cai\/\" \/>\n<meta property=\"og:locale\" content=\"vi_VN\" \/>\n<meta property=\"og:type\" content=\"article\" \/>\n<meta property=\"og:title\" content=\"Dahi mysore bhonda - 6pcs (B\u00c1NH \u0110\u1eacU N\u0102NG \u0110EN CHI\u00caN GI\u00d2N - 6 C\u00c1I)\" \/>\n<meta property=\"og:description\" content=\"B\u00e1nh \u0110\u1eadu N\u0103ng \u0110en chi\u00ean gi\u00f2n - m\u00f3n \u0103n v\u1eb7t Chaat h\u1ea5p d\u1eabn v\u1edbi b\u00e1nh gi\u00f2n gi\u00f2n b\u00ean ngo\u00e0i v\u00e0 nh\u00e2n \u0111\u1eadu n\u0103ng \u0111en \u0111\u1eb7c tr\u01b0ng b\u00ean trong.\" \/>\n<meta property=\"og:url\" content=\"https:\/\/tandoorvietnam.com\/vi\/sanpham\/cac-mon-an-vat-chaats\/banh-dau-nang-den-chien-gion-6-cai\/\" \/>\n<meta property=\"og:site_name\" content=\"Tandoor Vi\u1ec7t Nam\" \/>\n<meta property=\"article:publisher\" content=\"https:\/\/www.facebook.com\/tandoor.hcmc\/\" \/>\n<meta property=\"article:modified_time\" content=\"2023-05-20T09:17:00+00:00\" \/>\n<meta property=\"og:image\" content=\"https:\/\/tandoorvietnam.com\/wp-content\/uploads\/2020\/06\/Mysore-bhoonda.jpg\" \/>\n\t<meta property=\"og:image:width\" content=\"800\" \/>\n\t<meta property=\"og:image:height\" content=\"800\" \/>\n\t<meta property=\"og:image:type\" content=\"image\/jpeg\" \/>\n<meta name=\"twitter:card\" content=\"summary_large_image\" \/>\n<meta name=\"twitter:label1\" content=\"Est. reading time\" \/>\n\t<meta name=\"twitter:data1\" content=\"2 minutes\" \/>\n<script type=\"application\/ld+json\" class=\"yoast-schema-graph\">{\"@context\":\"https:\\\/\\\/schema.org\",\"@graph\":[{\"@type\":\"WebPage\",\"@id\":\"https:\\\/\\\/tandoorvietnam.com\\\/vi\\\/sanpham\\\/cac-mon-an-vat-chaats\\\/banh-dau-nang-den-chien-gion-6-cai\\\/\",\"url\":\"https:\\\/\\\/tandoorvietnam.com\\\/vi\\\/sanpham\\\/cac-mon-an-vat-chaats\\\/banh-dau-nang-den-chien-gion-6-cai\\\/\",\"name\":\"B\u00c1NH \u0110\u1eacU N\u0102NG \u0110EN CHI\u00caN GI\u00d2N - 6 C\u00c1I\",\"isPartOf\":{\"@id\":\"https:\\\/\\\/tandoorvietnam.com\\\/vi\\\/#website\"},\"primaryImageOfPage\":{\"@id\":\"https:\\\/\\\/tandoorvietnam.com\\\/vi\\\/sanpham\\\/cac-mon-an-vat-chaats\\\/banh-dau-nang-den-chien-gion-6-cai\\\/#primaryimage\"},\"image\":{\"@id\":\"https:\\\/\\\/tandoorvietnam.com\\\/vi\\\/sanpham\\\/cac-mon-an-vat-chaats\\\/banh-dau-nang-den-chien-gion-6-cai\\\/#primaryimage\"},\"thumbnailUrl\":\"https:\\\/\\\/tandoorvietnam.com\\\/wp-content\\\/uploads\\\/2020\\\/06\\\/Mysore-bhoonda.jpg\",\"datePublished\":\"2020-06-26T11:39:06+00:00\",\"dateModified\":\"2023-05-20T09:17:00+00:00\",\"description\":\"B\u00e1nh \u0110\u1eadu N\u0103ng \u0110en chi\u00ean gi\u00f2n - m\u00f3n \u0103n v\u1eb7t Chaat h\u1ea5p d\u1eabn v\u1edbi b\u00e1nh gi\u00f2n gi\u00f2n b\u00ean ngo\u00e0i v\u00e0 nh\u00e2n \u0111\u1eadu n\u0103ng \u0111en \u0111\u1eb7c tr\u01b0ng b\u00ean trong.\",\"breadcrumb\":{\"@id\":\"https:\\\/\\\/tandoorvietnam.com\\\/vi\\\/sanpham\\\/cac-mon-an-vat-chaats\\\/banh-dau-nang-den-chien-gion-6-cai\\\/#breadcrumb\"},\"inLanguage\":\"vi-VN\",\"potentialAction\":[{\"@type\":\"ReadAction\",\"target\":[\"https:\\\/\\\/tandoorvietnam.com\\\/vi\\\/sanpham\\\/cac-mon-an-vat-chaats\\\/banh-dau-nang-den-chien-gion-6-cai\\\/\"]}]},{\"@type\":\"ImageObject\",\"inLanguage\":\"vi-VN\",\"@id\":\"https:\\\/\\\/tandoorvietnam.com\\\/vi\\\/sanpham\\\/cac-mon-an-vat-chaats\\\/banh-dau-nang-den-chien-gion-6-cai\\\/#primaryimage\",\"url\":\"https:\\\/\\\/tandoorvietnam.com\\\/wp-content\\\/uploads\\\/2020\\\/06\\\/Mysore-bhoonda.jpg\",\"contentUrl\":\"https:\\\/\\\/tandoorvietnam.com\\\/wp-content\\\/uploads\\\/2020\\\/06\\\/Mysore-bhoonda.jpg\",\"width\":800,\"height\":800,\"caption\":\"B\u00c1NH \u0110\u1eacU N\u0102NG \u0110EN CHI\u00caN GI\u00d2N\"},{\"@type\":\"BreadcrumbList\",\"@id\":\"https:\\\/\\\/tandoorvietnam.com\\\/vi\\\/sanpham\\\/cac-mon-an-vat-chaats\\\/banh-dau-nang-den-chien-gion-6-cai\\\/#breadcrumb\",\"itemListElement\":[{\"@type\":\"ListItem\",\"position\":1,\"name\":\"Trang Ch\u1ee7\",\"item\":\"https:\\\/\\\/tandoorvietnam.com\\\/vi\\\/\"},{\"@type\":\"ListItem\",\"position\":2,\"name\":\"Shop\",\"item\":\"https:\\\/\\\/tandoorvietnam.com\\\/shop\\\/\"},{\"@type\":\"ListItem\",\"position\":3,\"name\":\"Dahi mysore bhonda &#8211; 6pcs (B\u00c1NH \u0110\u1eacU N\u0102NG \u0110EN CHI\u00caN GI\u00d2N &#8211; 6 C\u00c1I)\"}]},{\"@type\":\"WebSite\",\"@id\":\"https:\\\/\\\/tandoorvietnam.com\\\/vi\\\/#website\",\"url\":\"https:\\\/\\\/tandoorvietnam.com\\\/vi\\\/\",\"name\":\"Tandoor Vietnam\",\"description\":\"Nh\u00e0 h\u00e0ng ngon h\u1ed3 ch\u00ed minh\",\"publisher\":{\"@id\":\"https:\\\/\\\/tandoorvietnam.com\\\/vi\\\/#organization\"},\"potentialAction\":[{\"@type\":\"SearchAction\",\"target\":{\"@type\":\"EntryPoint\",\"urlTemplate\":\"https:\\\/\\\/tandoorvietnam.com\\\/vi\\\/?s={search_term_string}\"},\"query-input\":{\"@type\":\"PropertyValueSpecification\",\"valueRequired\":true,\"valueName\":\"search_term_string\"}}],\"inLanguage\":\"vi-VN\"},{\"@type\":\"Organization\",\"@id\":\"https:\\\/\\\/tandoorvietnam.com\\\/vi\\\/#organization\",\"name\":\"Tandoor Vietnam\",\"url\":\"https:\\\/\\\/tandoorvietnam.com\\\/vi\\\/\",\"logo\":{\"@type\":\"ImageObject\",\"inLanguage\":\"vi-VN\",\"@id\":\"https:\\\/\\\/tandoorvietnam.com\\\/vi\\\/#\\\/schema\\\/logo\\\/image\\\/\",\"url\":\"https:\\\/\\\/tandoorvietnam.com\\\/wp-content\\\/uploads\\\/2020\\\/07\\\/logo.png\",\"contentUrl\":\"https:\\\/\\\/tandoorvietnam.com\\\/wp-content\\\/uploads\\\/2020\\\/07\\\/logo.png\",\"width\":133,\"height\":75,\"caption\":\"Tandoor Vietnam\"},\"image\":{\"@id\":\"https:\\\/\\\/tandoorvietnam.com\\\/vi\\\/#\\\/schema\\\/logo\\\/image\\\/\"},\"sameAs\":[\"https:\\\/\\\/www.facebook.com\\\/tandoor.hcmc\\\/\"]}]}<\/script>\n<!-- \/ Yoast SEO Premium plugin. -->","yoast_head_json":{"title":"B\u00c1NH \u0110\u1eacU N\u0102NG \u0110EN CHI\u00caN GI\u00d2N - 6 C\u00c1I","description":"B\u00e1nh \u0110\u1eadu N\u0103ng \u0110en chi\u00ean gi\u00f2n - m\u00f3n \u0103n v\u1eb7t Chaat h\u1ea5p d\u1eabn v\u1edbi b\u00e1nh gi\u00f2n gi\u00f2n b\u00ean ngo\u00e0i v\u00e0 nh\u00e2n \u0111\u1eadu n\u0103ng \u0111en \u0111\u1eb7c tr\u01b0ng b\u00ean trong.","robots":{"index":"index","follow":"follow","max-snippet":"max-snippet:-1","max-image-preview":"max-image-preview:large","max-video-preview":"max-video-preview:-1"},"canonical":"https:\/\/tandoorvietnam.com\/vi\/sanpham\/cac-mon-an-vat-chaats\/banh-dau-nang-den-chien-gion-6-cai\/","og_locale":"vi_VN","og_type":"article","og_title":"Dahi mysore bhonda - 6pcs (B\u00c1NH \u0110\u1eacU N\u0102NG \u0110EN CHI\u00caN GI\u00d2N - 6 C\u00c1I)","og_description":"B\u00e1nh \u0110\u1eadu N\u0103ng \u0110en chi\u00ean gi\u00f2n - m\u00f3n \u0103n v\u1eb7t Chaat h\u1ea5p d\u1eabn v\u1edbi b\u00e1nh gi\u00f2n gi\u00f2n b\u00ean ngo\u00e0i v\u00e0 nh\u00e2n \u0111\u1eadu n\u0103ng \u0111en \u0111\u1eb7c tr\u01b0ng b\u00ean trong.","og_url":"https:\/\/tandoorvietnam.com\/vi\/sanpham\/cac-mon-an-vat-chaats\/banh-dau-nang-den-chien-gion-6-cai\/","og_site_name":"Tandoor Vi\u1ec7t Nam","article_publisher":"https:\/\/www.facebook.com\/tandoor.hcmc\/","article_modified_time":"2023-05-20T09:17:00+00:00","og_image":[{"width":800,"height":800,"url":"https:\/\/tandoorvietnam.com\/wp-content\/uploads\/2020\/06\/Mysore-bhoonda.jpg","type":"image\/jpeg"}],"twitter_card":"summary_large_image","twitter_misc":{"Est. reading time":"2 minutes"},"schema":{"@context":"https:\/\/schema.org","@graph":[{"@type":"WebPage","@id":"https:\/\/tandoorvietnam.com\/vi\/sanpham\/cac-mon-an-vat-chaats\/banh-dau-nang-den-chien-gion-6-cai\/","url":"https:\/\/tandoorvietnam.com\/vi\/sanpham\/cac-mon-an-vat-chaats\/banh-dau-nang-den-chien-gion-6-cai\/","name":"B\u00c1NH \u0110\u1eacU N\u0102NG \u0110EN CHI\u00caN GI\u00d2N - 6 C\u00c1I","isPartOf":{"@id":"https:\/\/tandoorvietnam.com\/vi\/#website"},"primaryImageOfPage":{"@id":"https:\/\/tandoorvietnam.com\/vi\/sanpham\/cac-mon-an-vat-chaats\/banh-dau-nang-den-chien-gion-6-cai\/#primaryimage"},"image":{"@id":"https:\/\/tandoorvietnam.com\/vi\/sanpham\/cac-mon-an-vat-chaats\/banh-dau-nang-den-chien-gion-6-cai\/#primaryimage"},"thumbnailUrl":"https:\/\/tandoorvietnam.com\/wp-content\/uploads\/2020\/06\/Mysore-bhoonda.jpg","datePublished":"2020-06-26T11:39:06+00:00","dateModified":"2023-05-20T09:17:00+00:00","description":"B\u00e1nh \u0110\u1eadu N\u0103ng \u0110en chi\u00ean gi\u00f2n - m\u00f3n \u0103n v\u1eb7t Chaat h\u1ea5p d\u1eabn v\u1edbi b\u00e1nh gi\u00f2n gi\u00f2n b\u00ean ngo\u00e0i v\u00e0 nh\u00e2n \u0111\u1eadu n\u0103ng \u0111en \u0111\u1eb7c tr\u01b0ng b\u00ean trong.","breadcrumb":{"@id":"https:\/\/tandoorvietnam.com\/vi\/sanpham\/cac-mon-an-vat-chaats\/banh-dau-nang-den-chien-gion-6-cai\/#breadcrumb"},"inLanguage":"vi-VN","potentialAction":[{"@type":"ReadAction","target":["https:\/\/tandoorvietnam.com\/vi\/sanpham\/cac-mon-an-vat-chaats\/banh-dau-nang-den-chien-gion-6-cai\/"]}]},{"@type":"ImageObject","inLanguage":"vi-VN","@id":"https:\/\/tandoorvietnam.com\/vi\/sanpham\/cac-mon-an-vat-chaats\/banh-dau-nang-den-chien-gion-6-cai\/#primaryimage","url":"https:\/\/tandoorvietnam.com\/wp-content\/uploads\/2020\/06\/Mysore-bhoonda.jpg","contentUrl":"https:\/\/tandoorvietnam.com\/wp-content\/uploads\/2020\/06\/Mysore-bhoonda.jpg","width":800,"height":800,"caption":"B\u00c1NH \u0110\u1eacU N\u0102NG \u0110EN CHI\u00caN GI\u00d2N"},{"@type":"BreadcrumbList","@id":"https:\/\/tandoorvietnam.com\/vi\/sanpham\/cac-mon-an-vat-chaats\/banh-dau-nang-den-chien-gion-6-cai\/#breadcrumb","itemListElement":[{"@type":"ListItem","position":1,"name":"Trang Ch\u1ee7","item":"https:\/\/tandoorvietnam.com\/vi\/"},{"@type":"ListItem","position":2,"name":"Shop","item":"https:\/\/tandoorvietnam.com\/shop\/"},{"@type":"ListItem","position":3,"name":"Dahi mysore bhonda &#8211; 6pcs (B\u00c1NH \u0110\u1eacU N\u0102NG \u0110EN CHI\u00caN GI\u00d2N &#8211; 6 C\u00c1I)"}]},{"@type":"WebSite","@id":"https:\/\/tandoorvietnam.com\/vi\/#website","url":"https:\/\/tandoorvietnam.com\/vi\/","name":"Tandoor Vietnam","description":"Nh\u00e0 h\u00e0ng ngon h\u1ed3 ch\u00ed minh","publisher":{"@id":"https:\/\/tandoorvietnam.com\/vi\/#organization"},"potentialAction":[{"@type":"SearchAction","target":{"@type":"EntryPoint","urlTemplate":"https:\/\/tandoorvietnam.com\/vi\/?s={search_term_string}"},"query-input":{"@type":"PropertyValueSpecification","valueRequired":true,"valueName":"search_term_string"}}],"inLanguage":"vi-VN"},{"@type":"Organization","@id":"https:\/\/tandoorvietnam.com\/vi\/#organization","name":"Tandoor Vietnam","url":"https:\/\/tandoorvietnam.com\/vi\/","logo":{"@type":"ImageObject","inLanguage":"vi-VN","@id":"https:\/\/tandoorvietnam.com\/vi\/#\/schema\/logo\/image\/","url":"https:\/\/tandoorvietnam.com\/wp-content\/uploads\/2020\/07\/logo.png","contentUrl":"https:\/\/tandoorvietnam.com\/wp-content\/uploads\/2020\/07\/logo.png","width":133,"height":75,"caption":"Tandoor Vietnam"},"image":{"@id":"https:\/\/tandoorvietnam.com\/vi\/#\/schema\/logo\/image\/"},"sameAs":["https:\/\/www.facebook.com\/tandoor.hcmc\/"]}]}},"_links":{"self":[{"href":"https:\/\/tandoorvietnam.com\/vi\/wp-json\/wp\/v2\/product\/3090","targetHints":{"allow":["GET"]}}],"collection":[{"href":"https:\/\/tandoorvietnam.com\/vi\/wp-json\/wp\/v2\/product"}],"about":[{"href":"https:\/\/tandoorvietnam.com\/vi\/wp-json\/wp\/v2\/types\/product"}],"wp:featuredmedia":[{"embeddable":true,"href":"https:\/\/tandoorvietnam.com\/vi\/wp-json\/wp\/v2\/media\/3091"}],"wp:attachment":[{"href":"https:\/\/tandoorvietnam.com\/vi\/wp-json\/wp\/v2\/media?parent=3090"}],"wp:term":[{"taxonomy":"product_brand","embeddable":true,"href":"https:\/\/tandoorvietnam.com\/vi\/wp-json\/wp\/v2\/product_brand?post=3090"},{"taxonomy":"product_cat","embeddable":true,"href":"https:\/\/tandoorvietnam.com\/vi\/wp-json\/wp\/v2\/product_cat?post=3090"},{"taxonomy":"product_tag","embeddable":true,"href":"https:\/\/tandoorvietnam.com\/vi\/wp-json\/wp\/v2\/product_tag?post=3090"}],"curies":[{"name":"wp","href":"https:\/\/api.w.org\/{rel}","templated":true}]}}