{"id":3100,"date":"2020-06-16T15:23:59","date_gmt":"2021-04-12T08:37:44","guid":{"rendered":"http:\/\/tandoorvietnam.com\/product\/uncategorized\/banh-goi-nhan-khoai-dau\/"},"modified":"2023-05-14T15:10:09","modified_gmt":"2023-05-14T15:10:09","slug":"banh-goi-nhan-khoai-dau","status":"publish","type":"product","link":"https:\/\/tandoorvietnam.com\/vi\/sanpham\/cac-mon-an-vat-chaats\/banh-goi-nhan-khoai-dau\/","title":{"rendered":"Samosa chaat (B\u00c1NH G\u1ed0I NH\u00c2N KHOAI \u0110\u1eacU)"},"content":{"rendered":"<p>B\u00e1nh g\u1ed1i nh\u00e2n khoai \u0111\u1eadu l\u00e0 m\u1ed9t m\u00f3n \u0103n v\u1eb7t ph\u1ed5 bi\u1ebfn trong \u1ea9m th\u1ef1c \u1ea4n \u0110\u1ed9, \u0111\u01b0\u1ee3c l\u00e0m t\u1eeb b\u1ed9t m\u00ec v\u00e0 c\u00f3 h\u00ecnh d\u00e1ng gi\u1ed1ng nh\u01b0 m\u1ed9t c\u00e1i g\u1ed1i nh\u1ecf. T\u1ea1i Tandoor Vietnam, ch\u00fang t\u00f4i \u0111\u00e3 n\u00e2ng t\u1ea7m m\u00f3n \u0103n n\u00e0y b\u1eb1ng c\u00e1ch t\u1ea1o ra phi\u00ean b\u1ea3n \u0111\u1ed9c \u0111\u00e1o v\u1edbi nh\u00e2n khoai t\u00e2y v\u00e0 \u0111\u1eadu tibo chi\u00ean gi\u00f2n, ph\u1ee7 \u0111\u1eadu n\u0103ng v\u00e0 s\u1ed1t ng\u00f2, me chua ng\u1ecdt.<\/p>\n<p>B\u00e1nh g\u1ed1i c\u00f3 v\u1ecf b\u00e1nh gi\u00f2n tan, b\u00ean trong l\u00e0 nh\u00e2n khoai t\u00e2y v\u00e0 \u0111\u1eadu tibo chi\u00ean gi\u00f2n, mang l\u1ea1i s\u1ef1 k\u1ebft h\u1ee3p gi\u1eefa v\u1ecb ng\u1ecdt c\u1ee7a khoai t\u00e2y v\u00e0 h\u01b0\u01a1ng v\u1ecb \u0111\u1eadm \u0111\u00e0 c\u1ee7a \u0111\u1eadu tibo. Sau \u0111\u00f3, m\u00f3n \u0103n \u0111\u01b0\u1ee3c ph\u1ee7 \u0111\u1eadu n\u0103ng th\u01a1m ngon v\u00e0 s\u1ed1t ng\u00f2, me chua ng\u1ecdt t\u1ea1o n\u00ean s\u1ef1 c\u00e2n b\u1eb1ng ho\u00e0n h\u1ea3o gi\u1eefa v\u1ecb chua v\u00e0 ng\u1ecdt.<\/p>\n<p>\u0110\u00e2y l\u00e0 m\u00f3n \u0103n v\u1eb7t l\u00fd t\u01b0\u1edfng \u0111\u1ec3 th\u01b0\u1edfng th\u1ee9c v\u00e0o b\u1ea5t k\u1ef3 th\u1eddi \u0111i\u1ec3m n\u00e0o trong ng\u00e0y, \u0111\u1eb7c bi\u1ec7t l\u00e0 khi b\u1ea1n \u0111ang c\u1ea3m th\u1ea5y \u0111\u00f3i b\u1ee5ng ho\u1eb7c mu\u1ed1n m\u1ed9t m\u00f3n \u0103n nh\u1eb9 nh\u00e0ng. B\u00e1nh g\u1ed1i c\u0169ng l\u00e0 m\u1ed9t l\u1ef1a ch\u1ecdn tuy\u1ec7t v\u1eddi cho b\u1eefa ti\u1ec7c ho\u1eb7c khi b\u1ea1n mu\u1ed1n chia s\u1ebb v\u1edbi gia \u0111\u00ecnh v\u00e0 b\u1ea1n b\u00e8.<\/p>\n<p>T\u1ea1i <a href=\"https:\/\/tandoorvietnam.com\/\">Tandoor Vietnam<\/a>, ch\u00fang t\u00f4i cam k\u1ebft cung c\u1ea5p cho b\u1ea1n nh\u1eefng m\u00f3n \u0103n ch\u1ea5t l\u01b0\u1ee3ng v\u00e0 ngon nh\u1ea5t, v\u00e0 Samosa chaat l\u00e0 m\u1ed9t trong nh\u1eefng s\u1ea3n ph\u1ea9m tuy\u1ec7t v\u1eddi nh\u1ea5t c\u1ee7a ch\u00fang t\u00f4i.<\/p>\n","protected":false},"excerpt":{"rendered":"<p>&nbsp;<\/p>\n<table width=\"723\">\n<tbody>\n<tr>\n<td width=\"412\">A crushed crunchy potato stuffed samosa that topped with chickpeas, yoghurt, sweet and tangy chutneys .<\/td>\n<\/tr>\n<tr>\n<td width=\"412\"><em>B\u00e1nh g\u1ed1i nh\u00e2n khoai t\u00e2y v\u00e0 \u0111\u1eadu tibo chi\u00ean gi\u00f2n ph\u1ee7 \u0111\u1eadu n\u0103ng, s\u1eefa chua v\u00e0 s\u1ed1t ng\u00f2, me chua ng\u1ecdt<\/em><\/td>\n<\/tr>\n<\/tbody>\n<\/table>\n","protected":false},"featured_media":3101,"template":"","meta":[],"product_brand":[],"product_cat":[220],"product_tag":[],"class_list":{"0":"post-3100","1":"product","2":"type-product","3":"status-publish","4":"has-post-thumbnail","6":"product_cat-cac-mon-an-vat-chaats","8":"first","9":"instock","10":"taxable","11":"shipping-taxable","12":"purchasable","13":"product-type-simple"},"yoast_head":"<!-- This site is optimized with the Yoast SEO Premium plugin v22.3 (Yoast SEO v27.6) - https:\/\/yoast.com\/product\/yoast-seo-premium-wordpress\/ -->\n<title>Samosa chaat (B\u00c1NH G\u1ed0I NH\u00c2N KHOAI \u0110\u1eacU) - Tandoor Vi\u1ec7t Nam<\/title>\n<meta name=\"description\" content=\"Kh\u00e1m ph\u00e1 m\u00f3n \u0103n v\u1eb7t tuy\u1ec7t v\u1eddi - B\u00e1nh g\u1ed1i n\u00f3ng h\u1ed5i v\u1edbi nh\u00e2n khoai t\u00e2y v\u00e0 \u0111\u1eadu tibo chi\u00ean gi\u00f2n, ph\u1ee7 \u0111\u1eadu n\u0103ng v\u00e0 s\u1ed1t ng\u00f2, me chua ng\u1ecdt t\u1ea1i Tandoor Vietnam.\" \/>\n<meta name=\"robots\" content=\"index, follow, max-snippet:-1, max-image-preview:large, max-video-preview:-1\" \/>\n<link rel=\"canonical\" href=\"https:\/\/tandoorvietnam.com\/vi\/sanpham\/cac-mon-an-vat-chaats\/banh-goi-nhan-khoai-dau\/\" \/>\n<meta property=\"og:locale\" content=\"vi_VN\" \/>\n<meta property=\"og:type\" content=\"article\" \/>\n<meta property=\"og:title\" content=\"Samosa chaat (B\u00c1NH G\u1ed0I NH\u00c2N KHOAI \u0110\u1eacU)\" \/>\n<meta property=\"og:description\" content=\"Kh\u00e1m ph\u00e1 m\u00f3n \u0103n v\u1eb7t tuy\u1ec7t v\u1eddi - B\u00e1nh g\u1ed1i n\u00f3ng h\u1ed5i v\u1edbi nh\u00e2n khoai t\u00e2y v\u00e0 \u0111\u1eadu tibo chi\u00ean gi\u00f2n, ph\u1ee7 \u0111\u1eadu n\u0103ng v\u00e0 s\u1ed1t ng\u00f2, me chua ng\u1ecdt t\u1ea1i Tandoor Vietnam.\" \/>\n<meta property=\"og:url\" content=\"https:\/\/tandoorvietnam.com\/vi\/sanpham\/cac-mon-an-vat-chaats\/banh-goi-nhan-khoai-dau\/\" \/>\n<meta property=\"og:site_name\" content=\"Tandoor Vi\u1ec7t Nam\" \/>\n<meta property=\"article:publisher\" content=\"https:\/\/www.facebook.com\/tandoor.hcmc\/\" \/>\n<meta property=\"article:modified_time\" content=\"2023-05-14T15:10:09+00:00\" \/>\n<meta property=\"og:image\" content=\"https:\/\/tandoorvietnam.com\/wp-content\/uploads\/2020\/06\/Samosa-Chaat-2.jpg\" \/>\n\t<meta property=\"og:image:width\" content=\"800\" \/>\n\t<meta property=\"og:image:height\" content=\"800\" \/>\n\t<meta property=\"og:image:type\" content=\"image\/jpeg\" \/>\n<meta name=\"twitter:card\" content=\"summary_large_image\" \/>\n<meta name=\"twitter:label1\" content=\"Est. reading time\" \/>\n\t<meta name=\"twitter:data1\" content=\"2 minutes\" \/>\n<script type=\"application\/ld+json\" class=\"yoast-schema-graph\">{\"@context\":\"https:\\\/\\\/schema.org\",\"@graph\":[{\"@type\":\"WebPage\",\"@id\":\"https:\\\/\\\/tandoorvietnam.com\\\/vi\\\/sanpham\\\/cac-mon-an-vat-chaats\\\/banh-goi-nhan-khoai-dau\\\/\",\"url\":\"https:\\\/\\\/tandoorvietnam.com\\\/vi\\\/sanpham\\\/cac-mon-an-vat-chaats\\\/banh-goi-nhan-khoai-dau\\\/\",\"name\":\"Samosa chaat (B\u00c1NH G\u1ed0I NH\u00c2N KHOAI \u0110\u1eacU) - Tandoor Vi\u1ec7t Nam\",\"isPartOf\":{\"@id\":\"https:\\\/\\\/tandoorvietnam.com\\\/vi\\\/#website\"},\"primaryImageOfPage\":{\"@id\":\"https:\\\/\\\/tandoorvietnam.com\\\/vi\\\/sanpham\\\/cac-mon-an-vat-chaats\\\/banh-goi-nhan-khoai-dau\\\/#primaryimage\"},\"image\":{\"@id\":\"https:\\\/\\\/tandoorvietnam.com\\\/vi\\\/sanpham\\\/cac-mon-an-vat-chaats\\\/banh-goi-nhan-khoai-dau\\\/#primaryimage\"},\"thumbnailUrl\":\"https:\\\/\\\/tandoorvietnam.com\\\/wp-content\\\/uploads\\\/2020\\\/06\\\/Samosa-Chaat-2.jpg\",\"datePublished\":\"2021-04-12T08:37:44+00:00\",\"dateModified\":\"2023-05-14T15:10:09+00:00\",\"description\":\"Kh\u00e1m ph\u00e1 m\u00f3n \u0103n v\u1eb7t tuy\u1ec7t v\u1eddi - B\u00e1nh g\u1ed1i n\u00f3ng h\u1ed5i v\u1edbi nh\u00e2n khoai t\u00e2y v\u00e0 \u0111\u1eadu tibo chi\u00ean gi\u00f2n, ph\u1ee7 \u0111\u1eadu n\u0103ng v\u00e0 s\u1ed1t ng\u00f2, me chua ng\u1ecdt t\u1ea1i Tandoor Vietnam.\",\"breadcrumb\":{\"@id\":\"https:\\\/\\\/tandoorvietnam.com\\\/vi\\\/sanpham\\\/cac-mon-an-vat-chaats\\\/banh-goi-nhan-khoai-dau\\\/#breadcrumb\"},\"inLanguage\":\"vi-VN\",\"potentialAction\":[{\"@type\":\"ReadAction\",\"target\":[\"https:\\\/\\\/tandoorvietnam.com\\\/vi\\\/sanpham\\\/cac-mon-an-vat-chaats\\\/banh-goi-nhan-khoai-dau\\\/\"]}]},{\"@type\":\"ImageObject\",\"inLanguage\":\"vi-VN\",\"@id\":\"https:\\\/\\\/tandoorvietnam.com\\\/vi\\\/sanpham\\\/cac-mon-an-vat-chaats\\\/banh-goi-nhan-khoai-dau\\\/#primaryimage\",\"url\":\"https:\\\/\\\/tandoorvietnam.com\\\/wp-content\\\/uploads\\\/2020\\\/06\\\/Samosa-Chaat-2.jpg\",\"contentUrl\":\"https:\\\/\\\/tandoorvietnam.com\\\/wp-content\\\/uploads\\\/2020\\\/06\\\/Samosa-Chaat-2.jpg\",\"width\":800,\"height\":800,\"caption\":\"B\u00c1NH G\u1ed0I NH\u00c2N KHOAI \u0110\u1eacU\"},{\"@type\":\"BreadcrumbList\",\"@id\":\"https:\\\/\\\/tandoorvietnam.com\\\/vi\\\/sanpham\\\/cac-mon-an-vat-chaats\\\/banh-goi-nhan-khoai-dau\\\/#breadcrumb\",\"itemListElement\":[{\"@type\":\"ListItem\",\"position\":1,\"name\":\"Trang Ch\u1ee7\",\"item\":\"https:\\\/\\\/tandoorvietnam.com\\\/vi\\\/\"},{\"@type\":\"ListItem\",\"position\":2,\"name\":\"Shop\",\"item\":\"https:\\\/\\\/tandoorvietnam.com\\\/shop\\\/\"},{\"@type\":\"ListItem\",\"position\":3,\"name\":\"Samosa chaat (B\u00c1NH G\u1ed0I NH\u00c2N KHOAI \u0110\u1eacU)\"}]},{\"@type\":\"WebSite\",\"@id\":\"https:\\\/\\\/tandoorvietnam.com\\\/vi\\\/#website\",\"url\":\"https:\\\/\\\/tandoorvietnam.com\\\/vi\\\/\",\"name\":\"Tandoor Vietnam\",\"description\":\"Nh\u00e0 h\u00e0ng ngon h\u1ed3 ch\u00ed minh\",\"publisher\":{\"@id\":\"https:\\\/\\\/tandoorvietnam.com\\\/vi\\\/#organization\"},\"potentialAction\":[{\"@type\":\"SearchAction\",\"target\":{\"@type\":\"EntryPoint\",\"urlTemplate\":\"https:\\\/\\\/tandoorvietnam.com\\\/vi\\\/?s={search_term_string}\"},\"query-input\":{\"@type\":\"PropertyValueSpecification\",\"valueRequired\":true,\"valueName\":\"search_term_string\"}}],\"inLanguage\":\"vi-VN\"},{\"@type\":\"Organization\",\"@id\":\"https:\\\/\\\/tandoorvietnam.com\\\/vi\\\/#organization\",\"name\":\"Tandoor Vietnam\",\"url\":\"https:\\\/\\\/tandoorvietnam.com\\\/vi\\\/\",\"logo\":{\"@type\":\"ImageObject\",\"inLanguage\":\"vi-VN\",\"@id\":\"https:\\\/\\\/tandoorvietnam.com\\\/vi\\\/#\\\/schema\\\/logo\\\/image\\\/\",\"url\":\"https:\\\/\\\/tandoorvietnam.com\\\/wp-content\\\/uploads\\\/2020\\\/07\\\/logo.png\",\"contentUrl\":\"https:\\\/\\\/tandoorvietnam.com\\\/wp-content\\\/uploads\\\/2020\\\/07\\\/logo.png\",\"width\":133,\"height\":75,\"caption\":\"Tandoor Vietnam\"},\"image\":{\"@id\":\"https:\\\/\\\/tandoorvietnam.com\\\/vi\\\/#\\\/schema\\\/logo\\\/image\\\/\"},\"sameAs\":[\"https:\\\/\\\/www.facebook.com\\\/tandoor.hcmc\\\/\"]}]}<\/script>\n<!-- \/ Yoast SEO Premium plugin. -->","yoast_head_json":{"title":"Samosa chaat (B\u00c1NH G\u1ed0I NH\u00c2N KHOAI \u0110\u1eacU) - Tandoor Vi\u1ec7t Nam","description":"Kh\u00e1m ph\u00e1 m\u00f3n \u0103n v\u1eb7t tuy\u1ec7t v\u1eddi - B\u00e1nh g\u1ed1i n\u00f3ng h\u1ed5i v\u1edbi nh\u00e2n khoai t\u00e2y v\u00e0 \u0111\u1eadu tibo chi\u00ean gi\u00f2n, ph\u1ee7 \u0111\u1eadu n\u0103ng v\u00e0 s\u1ed1t ng\u00f2, me chua ng\u1ecdt t\u1ea1i Tandoor Vietnam.","robots":{"index":"index","follow":"follow","max-snippet":"max-snippet:-1","max-image-preview":"max-image-preview:large","max-video-preview":"max-video-preview:-1"},"canonical":"https:\/\/tandoorvietnam.com\/vi\/sanpham\/cac-mon-an-vat-chaats\/banh-goi-nhan-khoai-dau\/","og_locale":"vi_VN","og_type":"article","og_title":"Samosa chaat (B\u00c1NH G\u1ed0I NH\u00c2N KHOAI \u0110\u1eacU)","og_description":"Kh\u00e1m ph\u00e1 m\u00f3n \u0103n v\u1eb7t tuy\u1ec7t v\u1eddi - B\u00e1nh g\u1ed1i n\u00f3ng h\u1ed5i v\u1edbi nh\u00e2n khoai t\u00e2y v\u00e0 \u0111\u1eadu tibo chi\u00ean gi\u00f2n, ph\u1ee7 \u0111\u1eadu n\u0103ng v\u00e0 s\u1ed1t ng\u00f2, me chua ng\u1ecdt t\u1ea1i Tandoor Vietnam.","og_url":"https:\/\/tandoorvietnam.com\/vi\/sanpham\/cac-mon-an-vat-chaats\/banh-goi-nhan-khoai-dau\/","og_site_name":"Tandoor Vi\u1ec7t Nam","article_publisher":"https:\/\/www.facebook.com\/tandoor.hcmc\/","article_modified_time":"2023-05-14T15:10:09+00:00","og_image":[{"width":800,"height":800,"url":"https:\/\/tandoorvietnam.com\/wp-content\/uploads\/2020\/06\/Samosa-Chaat-2.jpg","type":"image\/jpeg"}],"twitter_card":"summary_large_image","twitter_misc":{"Est. reading time":"2 minutes"},"schema":{"@context":"https:\/\/schema.org","@graph":[{"@type":"WebPage","@id":"https:\/\/tandoorvietnam.com\/vi\/sanpham\/cac-mon-an-vat-chaats\/banh-goi-nhan-khoai-dau\/","url":"https:\/\/tandoorvietnam.com\/vi\/sanpham\/cac-mon-an-vat-chaats\/banh-goi-nhan-khoai-dau\/","name":"Samosa chaat (B\u00c1NH G\u1ed0I NH\u00c2N KHOAI \u0110\u1eacU) - Tandoor Vi\u1ec7t Nam","isPartOf":{"@id":"https:\/\/tandoorvietnam.com\/vi\/#website"},"primaryImageOfPage":{"@id":"https:\/\/tandoorvietnam.com\/vi\/sanpham\/cac-mon-an-vat-chaats\/banh-goi-nhan-khoai-dau\/#primaryimage"},"image":{"@id":"https:\/\/tandoorvietnam.com\/vi\/sanpham\/cac-mon-an-vat-chaats\/banh-goi-nhan-khoai-dau\/#primaryimage"},"thumbnailUrl":"https:\/\/tandoorvietnam.com\/wp-content\/uploads\/2020\/06\/Samosa-Chaat-2.jpg","datePublished":"2021-04-12T08:37:44+00:00","dateModified":"2023-05-14T15:10:09+00:00","description":"Kh\u00e1m ph\u00e1 m\u00f3n \u0103n v\u1eb7t tuy\u1ec7t v\u1eddi - B\u00e1nh g\u1ed1i n\u00f3ng h\u1ed5i v\u1edbi nh\u00e2n khoai t\u00e2y v\u00e0 \u0111\u1eadu tibo chi\u00ean gi\u00f2n, ph\u1ee7 \u0111\u1eadu n\u0103ng v\u00e0 s\u1ed1t ng\u00f2, me chua ng\u1ecdt t\u1ea1i Tandoor Vietnam.","breadcrumb":{"@id":"https:\/\/tandoorvietnam.com\/vi\/sanpham\/cac-mon-an-vat-chaats\/banh-goi-nhan-khoai-dau\/#breadcrumb"},"inLanguage":"vi-VN","potentialAction":[{"@type":"ReadAction","target":["https:\/\/tandoorvietnam.com\/vi\/sanpham\/cac-mon-an-vat-chaats\/banh-goi-nhan-khoai-dau\/"]}]},{"@type":"ImageObject","inLanguage":"vi-VN","@id":"https:\/\/tandoorvietnam.com\/vi\/sanpham\/cac-mon-an-vat-chaats\/banh-goi-nhan-khoai-dau\/#primaryimage","url":"https:\/\/tandoorvietnam.com\/wp-content\/uploads\/2020\/06\/Samosa-Chaat-2.jpg","contentUrl":"https:\/\/tandoorvietnam.com\/wp-content\/uploads\/2020\/06\/Samosa-Chaat-2.jpg","width":800,"height":800,"caption":"B\u00c1NH G\u1ed0I NH\u00c2N KHOAI \u0110\u1eacU"},{"@type":"BreadcrumbList","@id":"https:\/\/tandoorvietnam.com\/vi\/sanpham\/cac-mon-an-vat-chaats\/banh-goi-nhan-khoai-dau\/#breadcrumb","itemListElement":[{"@type":"ListItem","position":1,"name":"Trang Ch\u1ee7","item":"https:\/\/tandoorvietnam.com\/vi\/"},{"@type":"ListItem","position":2,"name":"Shop","item":"https:\/\/tandoorvietnam.com\/shop\/"},{"@type":"ListItem","position":3,"name":"Samosa chaat (B\u00c1NH G\u1ed0I NH\u00c2N KHOAI \u0110\u1eacU)"}]},{"@type":"WebSite","@id":"https:\/\/tandoorvietnam.com\/vi\/#website","url":"https:\/\/tandoorvietnam.com\/vi\/","name":"Tandoor Vietnam","description":"Nh\u00e0 h\u00e0ng ngon h\u1ed3 ch\u00ed minh","publisher":{"@id":"https:\/\/tandoorvietnam.com\/vi\/#organization"},"potentialAction":[{"@type":"SearchAction","target":{"@type":"EntryPoint","urlTemplate":"https:\/\/tandoorvietnam.com\/vi\/?s={search_term_string}"},"query-input":{"@type":"PropertyValueSpecification","valueRequired":true,"valueName":"search_term_string"}}],"inLanguage":"vi-VN"},{"@type":"Organization","@id":"https:\/\/tandoorvietnam.com\/vi\/#organization","name":"Tandoor Vietnam","url":"https:\/\/tandoorvietnam.com\/vi\/","logo":{"@type":"ImageObject","inLanguage":"vi-VN","@id":"https:\/\/tandoorvietnam.com\/vi\/#\/schema\/logo\/image\/","url":"https:\/\/tandoorvietnam.com\/wp-content\/uploads\/2020\/07\/logo.png","contentUrl":"https:\/\/tandoorvietnam.com\/wp-content\/uploads\/2020\/07\/logo.png","width":133,"height":75,"caption":"Tandoor Vietnam"},"image":{"@id":"https:\/\/tandoorvietnam.com\/vi\/#\/schema\/logo\/image\/"},"sameAs":["https:\/\/www.facebook.com\/tandoor.hcmc\/"]}]}},"_links":{"self":[{"href":"https:\/\/tandoorvietnam.com\/vi\/wp-json\/wp\/v2\/product\/3100","targetHints":{"allow":["GET"]}}],"collection":[{"href":"https:\/\/tandoorvietnam.com\/vi\/wp-json\/wp\/v2\/product"}],"about":[{"href":"https:\/\/tandoorvietnam.com\/vi\/wp-json\/wp\/v2\/types\/product"}],"wp:featuredmedia":[{"embeddable":true,"href":"https:\/\/tandoorvietnam.com\/vi\/wp-json\/wp\/v2\/media\/3101"}],"wp:attachment":[{"href":"https:\/\/tandoorvietnam.com\/vi\/wp-json\/wp\/v2\/media?parent=3100"}],"wp:term":[{"taxonomy":"product_brand","embeddable":true,"href":"https:\/\/tandoorvietnam.com\/vi\/wp-json\/wp\/v2\/product_brand?post=3100"},{"taxonomy":"product_cat","embeddable":true,"href":"https:\/\/tandoorvietnam.com\/vi\/wp-json\/wp\/v2\/product_cat?post=3100"},{"taxonomy":"product_tag","embeddable":true,"href":"https:\/\/tandoorvietnam.com\/vi\/wp-json\/wp\/v2\/product_tag?post=3100"}],"curies":[{"name":"wp","href":"https:\/\/api.w.org\/{rel}","templated":true}]}}