{"id":3103,"date":"2020-06-26T11:43:42","date_gmt":"2020-06-26T11:43:42","guid":{"rendered":"http:\/\/tandoorvietnam.com\/product\/uncategorized\/banh-cuon-ga-cay\/"},"modified":"2025-12-26T18:43:06","modified_gmt":"2025-12-26T11:43:06","slug":"banh-cuon-ga-cay","status":"publish","type":"product","link":"https:\/\/tandoorvietnam.com\/vi\/sanpham\/cac-mon-cuon\/banh-cuon-ga-cay\/","title":{"rendered":"Chicken Kathi Roll (B\u00c1NH CU\u1ed8N G\u00c0 CAY)"},"content":{"rendered":"<p>B\u00e1nh cu\u1ed9n g\u00e0 cay l\u00e0 m\u1ed9t m\u00f3n \u0103n ngon \u0111\u1ebfn t\u1eeb \u1ea4n \u0110\u1ed9. T\u1ea1i <a href=\"https:\/\/tandoorvietnam.com\/vi\/\">nh\u00e0 h\u00e0ng Tandoor Vietnam<\/a>, ch\u00fang t\u00f4i mang \u0111\u1ebfn cho b\u1ea1n m\u00f3n \u0103n n\u00e0y v\u1edbi h\u01b0\u01a1ng v\u1ecb \u0111\u1ed9c \u0111\u00e1o v\u00e0 c\u1ea3m gi\u00e1c cay n\u00f3ng tuy\u1ec7t v\u1eddi.<\/p>\n<p>M\u00f3n b\u00e1nh cu\u1ed9n g\u00e0 cay c\u1ee7a ch\u00fang t\u00f4i \u0111\u01b0\u1ee3c ch\u1ebf bi\u1ebfn t\u1eeb nh\u1eefng l\u00e1 b\u00e1nh m\u1ecfng v\u00e0 m\u1ec1m, \u0111\u01b0\u1ee3c cu\u1ed9n k\u00edn v\u1edbi nh\u00e2n g\u00e0 xay c\u00f9ng v\u1edbi gia v\u1ecb \u0111\u1eb7c tr\u01b0ng c\u1ee7a \u1ea4n \u0110\u1ed9. Nh\u1eefng mi\u1ebfng b\u00e1nh cu\u1ed1n sau \u0111\u00f3 \u0111\u01b0\u1ee3c chi\u00ean gi\u00f2n v\u00e0 \u0103n k\u00e8m v\u1edbi n\u01b0\u1edbc ch\u1ea5m \u0111\u1eadm \u0111\u00e0.<\/p>\n<p>H\u01b0\u01a1ng v\u1ecb c\u1ee7a b\u00e1nh cu\u1ed9n g\u00e0 cay l\u00e0 s\u1ef1 k\u1ebft h\u1ee3p ho\u00e0n h\u1ea3o gi\u1eefa gia v\u1ecb cay n\u00f3ng, ng\u1ecdt v\u00e0 chua c\u1ee7a n\u01b0\u1edbc ch\u1ea5m c\u00f9ng v\u1edbi v\u1ecb b\u00f9i c\u1ee7a th\u1ecbt g\u00e0 v\u00e0 m\u1ec1m m\u1ecbn c\u1ee7a b\u00e1nh cu\u1ed1n. \u0110\u00e2y l\u00e0 m\u1ed9t m\u00f3n \u0103n r\u1ea5t th\u00fa v\u1ecb v\u00e0 \u0111\u01b0\u1ee3c kh\u00e1ch h\u00e0ng y\u00eau th\u00edch t\u1ea1i Tandoor Vietnam.<\/p>\n<p>Ngo\u00e0i ra, m\u00f3n b\u00e1nh cun g\u00e0 cay c\u00f2n l\u00e0 m\u1ed9t m\u00f3n \u0103n r\u1ea5t t\u1ed1t cho s\u1ee9c kh\u1ecfe. G\u00e0 l\u00e0 m\u1ed9t ngu\u1ed3n th\u1ef1c ph\u1ea9m gi\u00e0u protein v\u00e0 c\u00e1c ch\u1ea5t dinh d\u01b0\u1ee1ng kh\u00e1c, gi\u00fap cung c\u1ea5p n\u0103ng l\u01b0\u1ee3ng cho c\u01a1 th\u1ec3 v\u00e0 t\u0103ng c\u01b0\u1eddng s\u1ee9c \u0111\u1ec1 kh\u00e1ng. B\u00e1nh cu\u1ed1n c\u0169ng l\u00e0 m\u1ed9t lo\u1ea1i th\u1ef1c ph\u1ea9m d\u1ec5 ti\u00eau h\u00f3a, gi\u00fap t\u0103ng c\u01b0\u1eddng h\u1ec7 ti\u00eau h\u00f3a v\u00e0 c\u1ea3i thi\u1ec7n s\u1ee9c kh\u1ecfe t\u1ed5ng th\u1ec3.<\/p>\n","protected":false},"excerpt":{"rendered":"<table width=\"723\">\n<tbody>\n<tr>\n<td width=\"412\">B\u00e1nh paratha gi\u00f2n tan l\u00e0m t\u1eeb b\u1ed9t m\u00ec h\u1ea3o h\u1ea1ng, b\u00ean trong l\u00e0 th\u1ecbt g\u00e0 n\u01b0\u1edbng v\u00e0 rau c\u1ee7.<\/td>\n<\/tr>\n<tr>\n<td width=\"412\"><em>B\u00e1nh b\u1ed9t m\u00ec h\u1ea3o h\u1ea1ng cu\u1ed9n v\u1edbi g\u00e0 n\u01b0\u1edbng gia v\u1ecb cay v\u00e0 rau<\/em><\/td>\n<\/tr>\n<\/tbody>\n<\/table>\n","protected":false},"featured_media":3104,"template":"","meta":[],"product_brand":[],"product_cat":[218],"product_tag":[],"class_list":{"0":"post-3103","1":"product","2":"type-product","3":"status-publish","4":"has-post-thumbnail","6":"product_cat-cac-mon-cuon","8":"first","9":"instock","10":"purchasable","11":"product-type-simple"},"yoast_head":"<!-- This site is optimized with the Yoast SEO Premium plugin v22.3 (Yoast SEO v27.6) - https:\/\/yoast.com\/product\/yoast-seo-premium-wordpress\/ -->\n<title>Chicken Kathi Roll (B\u00c1NH CU\u1ed8N G\u00c0 CAY) - Tandoor Vi\u1ec7t Nam<\/title>\n<meta name=\"description\" content=\"Th\u01b0\u1edfng th\u1ee9c m\u00f3n b\u00e1nh cu\u1ed9n g\u00e0 cay n\u00f3ng h\u1ed5i v\u1edbi nh\u1eefng mi\u1ebfng g\u00e0 cay ch\u1ea5m c\u00f9ng n\u01b0\u1edbc ch\u1ea5m \u0111\u1eadm \u0111\u00e0 t\u1ea1i Tandoor Vietnam - M\u1ed9t m\u00f3n \u0103n t\u1eeb \u1ea4n \u0110\u1ed9 \u0111\u1ea7y th\u00fa v\u1ecb\" \/>\n<meta name=\"robots\" content=\"index, follow, max-snippet:-1, max-image-preview:large, max-video-preview:-1\" \/>\n<link rel=\"canonical\" href=\"https:\/\/tandoorvietnam.com\/vi\/sanpham\/cac-mon-cuon\/banh-cuon-ga-cay\/\" \/>\n<meta property=\"og:locale\" content=\"vi_VN\" \/>\n<meta property=\"og:type\" content=\"article\" \/>\n<meta property=\"og:title\" content=\"Chicken Kathi Roll (B\u00c1NH CU\u1ed8N G\u00c0 CAY)\" \/>\n<meta property=\"og:description\" content=\"Th\u01b0\u1edfng th\u1ee9c m\u00f3n b\u00e1nh cu\u1ed9n g\u00e0 cay n\u00f3ng h\u1ed5i v\u1edbi nh\u1eefng mi\u1ebfng g\u00e0 cay ch\u1ea5m c\u00f9ng n\u01b0\u1edbc ch\u1ea5m \u0111\u1eadm \u0111\u00e0 t\u1ea1i Tandoor Vietnam - M\u1ed9t m\u00f3n \u0103n t\u1eeb \u1ea4n \u0110\u1ed9 \u0111\u1ea7y th\u00fa v\u1ecb\" \/>\n<meta property=\"og:url\" content=\"https:\/\/tandoorvietnam.com\/vi\/sanpham\/cac-mon-cuon\/banh-cuon-ga-cay\/\" \/>\n<meta property=\"og:site_name\" content=\"Tandoor Vi\u1ec7t Nam\" \/>\n<meta property=\"article:publisher\" content=\"https:\/\/www.facebook.com\/tandoor.hcmc\/\" \/>\n<meta property=\"article:modified_time\" content=\"2025-12-26T11:43:06+00:00\" \/>\n<meta property=\"og:image\" content=\"https:\/\/tandoorvietnam.com\/wp-content\/uploads\/2020\/06\/Chicken-kathi-roll.jpg\" \/>\n\t<meta property=\"og:image:width\" content=\"800\" \/>\n\t<meta property=\"og:image:height\" content=\"800\" \/>\n\t<meta property=\"og:image:type\" content=\"image\/jpeg\" \/>\n<meta name=\"twitter:card\" content=\"summary_large_image\" \/>\n<meta name=\"twitter:label1\" content=\"Est. reading time\" \/>\n\t<meta name=\"twitter:data1\" content=\"1 minute\" \/>\n<script type=\"application\/ld+json\" class=\"yoast-schema-graph\">{\"@context\":\"https:\\\/\\\/schema.org\",\"@graph\":[{\"@type\":\"WebPage\",\"@id\":\"https:\\\/\\\/tandoorvietnam.com\\\/vi\\\/sanpham\\\/cac-mon-cuon\\\/banh-cuon-ga-cay\\\/\",\"url\":\"https:\\\/\\\/tandoorvietnam.com\\\/vi\\\/sanpham\\\/cac-mon-cuon\\\/banh-cuon-ga-cay\\\/\",\"name\":\"Chicken Kathi Roll (B\u00c1NH CU\u1ed8N G\u00c0 CAY) - Tandoor Vi\u1ec7t Nam\",\"isPartOf\":{\"@id\":\"https:\\\/\\\/tandoorvietnam.com\\\/vi\\\/#website\"},\"primaryImageOfPage\":{\"@id\":\"https:\\\/\\\/tandoorvietnam.com\\\/vi\\\/sanpham\\\/cac-mon-cuon\\\/banh-cuon-ga-cay\\\/#primaryimage\"},\"image\":{\"@id\":\"https:\\\/\\\/tandoorvietnam.com\\\/vi\\\/sanpham\\\/cac-mon-cuon\\\/banh-cuon-ga-cay\\\/#primaryimage\"},\"thumbnailUrl\":\"https:\\\/\\\/tandoorvietnam.com\\\/wp-content\\\/uploads\\\/2020\\\/06\\\/Chicken-kathi-roll.jpg\",\"datePublished\":\"2020-06-26T11:43:42+00:00\",\"dateModified\":\"2025-12-26T11:43:06+00:00\",\"description\":\"Th\u01b0\u1edfng th\u1ee9c m\u00f3n b\u00e1nh cu\u1ed9n g\u00e0 cay n\u00f3ng h\u1ed5i v\u1edbi nh\u1eefng mi\u1ebfng g\u00e0 cay ch\u1ea5m c\u00f9ng n\u01b0\u1edbc ch\u1ea5m \u0111\u1eadm \u0111\u00e0 t\u1ea1i Tandoor Vietnam - M\u1ed9t m\u00f3n \u0103n t\u1eeb \u1ea4n \u0110\u1ed9 \u0111\u1ea7y th\u00fa v\u1ecb\",\"breadcrumb\":{\"@id\":\"https:\\\/\\\/tandoorvietnam.com\\\/vi\\\/sanpham\\\/cac-mon-cuon\\\/banh-cuon-ga-cay\\\/#breadcrumb\"},\"inLanguage\":\"vi-VN\",\"potentialAction\":[{\"@type\":\"ReadAction\",\"target\":[\"https:\\\/\\\/tandoorvietnam.com\\\/vi\\\/sanpham\\\/cac-mon-cuon\\\/banh-cuon-ga-cay\\\/\"]}]},{\"@type\":\"ImageObject\",\"inLanguage\":\"vi-VN\",\"@id\":\"https:\\\/\\\/tandoorvietnam.com\\\/vi\\\/sanpham\\\/cac-mon-cuon\\\/banh-cuon-ga-cay\\\/#primaryimage\",\"url\":\"https:\\\/\\\/tandoorvietnam.com\\\/wp-content\\\/uploads\\\/2020\\\/06\\\/Chicken-kathi-roll.jpg\",\"contentUrl\":\"https:\\\/\\\/tandoorvietnam.com\\\/wp-content\\\/uploads\\\/2020\\\/06\\\/Chicken-kathi-roll.jpg\",\"width\":800,\"height\":800,\"caption\":\"tandoor\"},{\"@type\":\"BreadcrumbList\",\"@id\":\"https:\\\/\\\/tandoorvietnam.com\\\/vi\\\/sanpham\\\/cac-mon-cuon\\\/banh-cuon-ga-cay\\\/#breadcrumb\",\"itemListElement\":[{\"@type\":\"ListItem\",\"position\":1,\"name\":\"Trang Ch\u1ee7\",\"item\":\"https:\\\/\\\/tandoorvietnam.com\\\/vi\\\/\"},{\"@type\":\"ListItem\",\"position\":2,\"name\":\"Shop\",\"item\":\"https:\\\/\\\/tandoorvietnam.com\\\/shop\\\/\"},{\"@type\":\"ListItem\",\"position\":3,\"name\":\"Chicken Kathi Roll (B\u00c1NH CU\u1ed8N G\u00c0 CAY)\"}]},{\"@type\":\"WebSite\",\"@id\":\"https:\\\/\\\/tandoorvietnam.com\\\/vi\\\/#website\",\"url\":\"https:\\\/\\\/tandoorvietnam.com\\\/vi\\\/\",\"name\":\"Tandoor Vietnam\",\"description\":\"Nh\u00e0 h\u00e0ng ngon h\u1ed3 ch\u00ed minh\",\"publisher\":{\"@id\":\"https:\\\/\\\/tandoorvietnam.com\\\/vi\\\/#organization\"},\"potentialAction\":[{\"@type\":\"SearchAction\",\"target\":{\"@type\":\"EntryPoint\",\"urlTemplate\":\"https:\\\/\\\/tandoorvietnam.com\\\/vi\\\/?s={search_term_string}\"},\"query-input\":{\"@type\":\"PropertyValueSpecification\",\"valueRequired\":true,\"valueName\":\"search_term_string\"}}],\"inLanguage\":\"vi-VN\"},{\"@type\":\"Organization\",\"@id\":\"https:\\\/\\\/tandoorvietnam.com\\\/vi\\\/#organization\",\"name\":\"Tandoor Vietnam\",\"url\":\"https:\\\/\\\/tandoorvietnam.com\\\/vi\\\/\",\"logo\":{\"@type\":\"ImageObject\",\"inLanguage\":\"vi-VN\",\"@id\":\"https:\\\/\\\/tandoorvietnam.com\\\/vi\\\/#\\\/schema\\\/logo\\\/image\\\/\",\"url\":\"https:\\\/\\\/tandoorvietnam.com\\\/wp-content\\\/uploads\\\/2020\\\/07\\\/logo.png\",\"contentUrl\":\"https:\\\/\\\/tandoorvietnam.com\\\/wp-content\\\/uploads\\\/2020\\\/07\\\/logo.png\",\"width\":133,\"height\":75,\"caption\":\"Tandoor Vietnam\"},\"image\":{\"@id\":\"https:\\\/\\\/tandoorvietnam.com\\\/vi\\\/#\\\/schema\\\/logo\\\/image\\\/\"},\"sameAs\":[\"https:\\\/\\\/www.facebook.com\\\/tandoor.hcmc\\\/\"]}]}<\/script>\n<!-- \/ Yoast SEO Premium plugin. -->","yoast_head_json":{"title":"Chicken Kathi Roll (B\u00c1NH CU\u1ed8N G\u00c0 CAY) - Tandoor Vi\u1ec7t Nam","description":"Th\u01b0\u1edfng th\u1ee9c m\u00f3n b\u00e1nh cu\u1ed9n g\u00e0 cay n\u00f3ng h\u1ed5i v\u1edbi nh\u1eefng mi\u1ebfng g\u00e0 cay ch\u1ea5m c\u00f9ng n\u01b0\u1edbc ch\u1ea5m \u0111\u1eadm \u0111\u00e0 t\u1ea1i Tandoor Vietnam - M\u1ed9t m\u00f3n \u0103n t\u1eeb \u1ea4n \u0110\u1ed9 \u0111\u1ea7y th\u00fa v\u1ecb","robots":{"index":"index","follow":"follow","max-snippet":"max-snippet:-1","max-image-preview":"max-image-preview:large","max-video-preview":"max-video-preview:-1"},"canonical":"https:\/\/tandoorvietnam.com\/vi\/sanpham\/cac-mon-cuon\/banh-cuon-ga-cay\/","og_locale":"vi_VN","og_type":"article","og_title":"Chicken Kathi Roll (B\u00c1NH CU\u1ed8N G\u00c0 CAY)","og_description":"Th\u01b0\u1edfng th\u1ee9c m\u00f3n b\u00e1nh cu\u1ed9n g\u00e0 cay n\u00f3ng h\u1ed5i v\u1edbi nh\u1eefng mi\u1ebfng g\u00e0 cay ch\u1ea5m c\u00f9ng n\u01b0\u1edbc ch\u1ea5m \u0111\u1eadm \u0111\u00e0 t\u1ea1i Tandoor Vietnam - M\u1ed9t m\u00f3n \u0103n t\u1eeb \u1ea4n \u0110\u1ed9 \u0111\u1ea7y th\u00fa v\u1ecb","og_url":"https:\/\/tandoorvietnam.com\/vi\/sanpham\/cac-mon-cuon\/banh-cuon-ga-cay\/","og_site_name":"Tandoor Vi\u1ec7t Nam","article_publisher":"https:\/\/www.facebook.com\/tandoor.hcmc\/","article_modified_time":"2025-12-26T11:43:06+00:00","og_image":[{"width":800,"height":800,"url":"https:\/\/tandoorvietnam.com\/wp-content\/uploads\/2020\/06\/Chicken-kathi-roll.jpg","type":"image\/jpeg"}],"twitter_card":"summary_large_image","twitter_misc":{"Est. reading time":"1 minute"},"schema":{"@context":"https:\/\/schema.org","@graph":[{"@type":"WebPage","@id":"https:\/\/tandoorvietnam.com\/vi\/sanpham\/cac-mon-cuon\/banh-cuon-ga-cay\/","url":"https:\/\/tandoorvietnam.com\/vi\/sanpham\/cac-mon-cuon\/banh-cuon-ga-cay\/","name":"Chicken Kathi Roll (B\u00c1NH CU\u1ed8N G\u00c0 CAY) - Tandoor Vi\u1ec7t Nam","isPartOf":{"@id":"https:\/\/tandoorvietnam.com\/vi\/#website"},"primaryImageOfPage":{"@id":"https:\/\/tandoorvietnam.com\/vi\/sanpham\/cac-mon-cuon\/banh-cuon-ga-cay\/#primaryimage"},"image":{"@id":"https:\/\/tandoorvietnam.com\/vi\/sanpham\/cac-mon-cuon\/banh-cuon-ga-cay\/#primaryimage"},"thumbnailUrl":"https:\/\/tandoorvietnam.com\/wp-content\/uploads\/2020\/06\/Chicken-kathi-roll.jpg","datePublished":"2020-06-26T11:43:42+00:00","dateModified":"2025-12-26T11:43:06+00:00","description":"Th\u01b0\u1edfng th\u1ee9c m\u00f3n b\u00e1nh cu\u1ed9n g\u00e0 cay n\u00f3ng h\u1ed5i v\u1edbi nh\u1eefng mi\u1ebfng g\u00e0 cay ch\u1ea5m c\u00f9ng n\u01b0\u1edbc ch\u1ea5m \u0111\u1eadm \u0111\u00e0 t\u1ea1i Tandoor Vietnam - M\u1ed9t m\u00f3n \u0103n t\u1eeb \u1ea4n \u0110\u1ed9 \u0111\u1ea7y th\u00fa v\u1ecb","breadcrumb":{"@id":"https:\/\/tandoorvietnam.com\/vi\/sanpham\/cac-mon-cuon\/banh-cuon-ga-cay\/#breadcrumb"},"inLanguage":"vi-VN","potentialAction":[{"@type":"ReadAction","target":["https:\/\/tandoorvietnam.com\/vi\/sanpham\/cac-mon-cuon\/banh-cuon-ga-cay\/"]}]},{"@type":"ImageObject","inLanguage":"vi-VN","@id":"https:\/\/tandoorvietnam.com\/vi\/sanpham\/cac-mon-cuon\/banh-cuon-ga-cay\/#primaryimage","url":"https:\/\/tandoorvietnam.com\/wp-content\/uploads\/2020\/06\/Chicken-kathi-roll.jpg","contentUrl":"https:\/\/tandoorvietnam.com\/wp-content\/uploads\/2020\/06\/Chicken-kathi-roll.jpg","width":800,"height":800,"caption":"tandoor"},{"@type":"BreadcrumbList","@id":"https:\/\/tandoorvietnam.com\/vi\/sanpham\/cac-mon-cuon\/banh-cuon-ga-cay\/#breadcrumb","itemListElement":[{"@type":"ListItem","position":1,"name":"Trang Ch\u1ee7","item":"https:\/\/tandoorvietnam.com\/vi\/"},{"@type":"ListItem","position":2,"name":"Shop","item":"https:\/\/tandoorvietnam.com\/shop\/"},{"@type":"ListItem","position":3,"name":"Chicken Kathi Roll (B\u00c1NH CU\u1ed8N G\u00c0 CAY)"}]},{"@type":"WebSite","@id":"https:\/\/tandoorvietnam.com\/vi\/#website","url":"https:\/\/tandoorvietnam.com\/vi\/","name":"Tandoor Vietnam","description":"Nh\u00e0 h\u00e0ng ngon h\u1ed3 ch\u00ed minh","publisher":{"@id":"https:\/\/tandoorvietnam.com\/vi\/#organization"},"potentialAction":[{"@type":"SearchAction","target":{"@type":"EntryPoint","urlTemplate":"https:\/\/tandoorvietnam.com\/vi\/?s={search_term_string}"},"query-input":{"@type":"PropertyValueSpecification","valueRequired":true,"valueName":"search_term_string"}}],"inLanguage":"vi-VN"},{"@type":"Organization","@id":"https:\/\/tandoorvietnam.com\/vi\/#organization","name":"Tandoor Vietnam","url":"https:\/\/tandoorvietnam.com\/vi\/","logo":{"@type":"ImageObject","inLanguage":"vi-VN","@id":"https:\/\/tandoorvietnam.com\/vi\/#\/schema\/logo\/image\/","url":"https:\/\/tandoorvietnam.com\/wp-content\/uploads\/2020\/07\/logo.png","contentUrl":"https:\/\/tandoorvietnam.com\/wp-content\/uploads\/2020\/07\/logo.png","width":133,"height":75,"caption":"Tandoor Vietnam"},"image":{"@id":"https:\/\/tandoorvietnam.com\/vi\/#\/schema\/logo\/image\/"},"sameAs":["https:\/\/www.facebook.com\/tandoor.hcmc\/"]}]}},"_links":{"self":[{"href":"https:\/\/tandoorvietnam.com\/vi\/wp-json\/wp\/v2\/product\/3103","targetHints":{"allow":["GET"]}}],"collection":[{"href":"https:\/\/tandoorvietnam.com\/vi\/wp-json\/wp\/v2\/product"}],"about":[{"href":"https:\/\/tandoorvietnam.com\/vi\/wp-json\/wp\/v2\/types\/product"}],"wp:featuredmedia":[{"embeddable":true,"href":"https:\/\/tandoorvietnam.com\/vi\/wp-json\/wp\/v2\/media\/3104"}],"wp:attachment":[{"href":"https:\/\/tandoorvietnam.com\/vi\/wp-json\/wp\/v2\/media?parent=3103"}],"wp:term":[{"taxonomy":"product_brand","embeddable":true,"href":"https:\/\/tandoorvietnam.com\/vi\/wp-json\/wp\/v2\/product_brand?post=3103"},{"taxonomy":"product_cat","embeddable":true,"href":"https:\/\/tandoorvietnam.com\/vi\/wp-json\/wp\/v2\/product_cat?post=3103"},{"taxonomy":"product_tag","embeddable":true,"href":"https:\/\/tandoorvietnam.com\/vi\/wp-json\/wp\/v2\/product_tag?post=3103"}],"curies":[{"name":"wp","href":"https:\/\/api.w.org\/{rel}","templated":true}]}}