{"id":3105,"date":"2020-06-26T11:42:57","date_gmt":"2020-06-26T11:42:57","guid":{"rendered":"http:\/\/tandoorvietnam.com\/product\/uncategorized\/banh-cuon-trung-rau-cay\/"},"modified":"2025-12-26T18:43:40","modified_gmt":"2025-12-26T11:43:40","slug":"banh-cuon-trung-rau-cay","status":"publish","type":"product","link":"https:\/\/tandoorvietnam.com\/vi\/sanpham\/cac-mon-cuon\/banh-cuon-trung-rau-cay\/","title":{"rendered":"Egg Kathi Roll (B\u00c1NH CU\u1ed8N TR\u1ee8NG RAU CAY)"},"content":{"rendered":"<p>B\u00e1nh cu\u1ed9n tr\u1ee9ng v\u00e0 rau cay l\u00e0 m\u1ed9t trong nh\u1eefng m\u00f3n \u0103n \u0111\u1eb7c tr\u01b0ng c\u1ee7a \u1ea9m th\u1ef1c Vi\u1ec7t Nam, \u0111\u01b0\u1ee3c Tandoor Vietnam mang \u0111\u1ebfn v\u1edbi h\u01b0\u01a1ng v\u1ecb m\u1edbi m\u1ebb v\u00e0 \u0111\u1ea7y h\u1ea5p d\u1eabn. \u0110\u01b0\u1ee3c l\u00e0m t\u1eeb b\u1ed9t m\u00ec t\u01b0\u01a1i, tr\u1ee9ng g\u00e0 v\u00e0 rau c\u1ee7 t\u01b0\u01a1i ngon, m\u00f3n b\u00e1nh cu\u1ed9n tr\u1ee9ng v\u00e0 rau cay l\u00e0 s\u1ef1 k\u1ebft h\u1ee3p ho\u00e0n h\u1ea3o c\u1ee7a v\u1ecb ng\u1ecdt, v\u1ecb m\u1eb7n v\u00e0 v\u1ecb cay.<\/p>\n<p>B\u00e1nh cu\u1ed9n tr\u1ee9ng v\u00e0 rau cay t\u1ea1i <a href=\"https:\/\/tandoorvietnam.com\/vi\/\">nh\u00e0 h\u00e0ng Tandoor<\/a> \u0111\u01b0\u1ee3c ch\u1ebf bi\u1ebfn theo ph\u01b0\u01a1ng ph\u00e1p truy\u1ec1n th\u1ed1ng, mang \u0111\u1ebfn cho kh\u00e1ch h\u00e0ng m\u1ed9t tr\u1ea3i nghi\u1ec7m \u1ea9m th\u1ef1c \u0111\u1ed9c \u0111\u00e1o v\u00e0 \u0111\u1ea7y \u0111\u1ee7 dinh d\u01b0\u1ee1ng. Nguy\u00ean li\u1ec7u \u0111\u01b0\u1ee3c ch\u1ecdn l\u1ef1a k\u1ef9 c\u00e0ng, ch\u1ebf bi\u1ebfn tinh t\u1ebf \u0111\u1ec3 gi\u1eef \u0111\u01b0\u1ee3c \u0111\u1ed9 gi\u00f2n, m\u1ec1m m\u01b0\u1ee3t v\u00e0 \u0111\u1ea3m b\u1ea3o s\u1ee9c kh\u1ecfe cho th\u1ef1c kh\u00e1ch.<\/p>\n<p>M\u00f3n Egg Kathi Roll v\u00e0 rau cay l\u00e0 s\u1ef1 k\u1ebft h\u1ee3p h\u00e0i h\u00f2a c\u1ee7a nh\u1eefng nguy\u00ean li\u1ec7u ch\u00ednh l\u00e0 b\u1ed9t m\u00ec t\u01b0\u01a1i, tr\u1ee9ng g\u00e0 v\u00e0 rau c\u1ee7. Nguy\u00ean li\u1ec7u \u0111\u01b0\u1ee3c x\u1eed l\u00fd v\u00e0 ch\u1ebf bi\u1ebfn ho\u00e0n to\u00e0n b\u1eb1ng tay, b\u1ea3o \u0111\u1ea3m an to\u00e0n v\u1ec7 sinh th\u1ef1c ph\u1ea9m v\u00e0 t\u0103ng t\u00ednh th\u1ea9m m\u1ef9 c\u1ee7a m\u00f3n \u0103n.<\/p>\n<p>\u0110i\u1ec3m \u0111\u1eb7c bi\u1ec7t c\u1ee7a Egg Kathi Roll\u00a0v\u00e0 rau cay t\u1ea1i Tandoor Vietnam ch\u00ednh l\u00e0 h\u01b0\u01a1ng v\u1ecb cay n\u1ed3ng \u0111\u1ebfn t\u1eeb rau c\u1ee7 t\u01b0\u01a1i, gi\u00fap k\u00edch th\u00edch v\u1ecb gi\u00e1c v\u00e0 c\u00e2n b\u1eb1ng kh\u1ea9u v\u1ecb. B\u00e1nh cu\u1ed9n tr\u1ee9ng v\u00e0 rau cay \u0111\u01b0\u1ee3c ph\u1ee5c v\u1ee5 n\u00f3ng h\u1ed5i, th\u01a1m ngon v\u00e0 \u0111\u1ea7y h\u1ea5p d\u1eabn.<\/p>\n","protected":false},"excerpt":{"rendered":"<table width=\"723\">\n<tbody>\n<tr>\n<td width=\"412\">B\u00e1nh paratha gi\u00f2n tan l\u00e0m t\u1eeb b\u1ed9t m\u00ec h\u1ea3o h\u1ea1ng, b\u00ean trong l\u00e0 tr\u1ee9ng tr\u00e1ng cay v\u00e0 rau c\u1ee7.<\/td>\n<\/tr>\n<tr>\n<td width=\"412\"><em>B\u00e1nh b\u1ed9t m\u00ec h\u1ea3o h\u1ea1ng cu\u1ed9n tr\u1ee9ng v\u00e0 rau cay<\/em><\/td>\n<\/tr>\n<\/tbody>\n<\/table>\n","protected":false},"featured_media":3106,"template":"","meta":[],"product_brand":[],"product_cat":[218],"product_tag":[],"class_list":{"0":"post-3105","1":"product","2":"type-product","3":"status-publish","4":"has-post-thumbnail","6":"product_cat-cac-mon-cuon","8":"first","9":"instock","10":"purchasable","11":"product-type-simple"},"yoast_head":"<!-- This site is optimized with the Yoast SEO Premium plugin v22.3 (Yoast SEO v27.4) - https:\/\/yoast.com\/product\/yoast-seo-premium-wordpress\/ -->\n<title>Egg Kathi Roll (B\u00c1NH CU\u1ed8N TR\u1ee8NG RAU CAY)<\/title>\n<meta name=\"description\" content=\"Kh\u00e1m ph\u00e1 h\u01b0\u01a1ng v\u1ecb tuy\u1ec7t v\u1eddi c\u1ee7a b\u00e1nh cu\u1ed9n tr\u1ee9ng v\u00e0 rau cay t\u1ea1i Tandoor Vietnam. M\u00f3n \u0103n ngon \u0111\u1eadm \u0111\u00e0 cho m\u1ed9t b\u1eefa \u0103n s\u00e1ng ho\u1eb7c \u0103n nh\u1eb9.\" \/>\n<meta name=\"robots\" content=\"index, follow, max-snippet:-1, max-image-preview:large, max-video-preview:-1\" \/>\n<link rel=\"canonical\" href=\"https:\/\/tandoorvietnam.com\/vi\/sanpham\/cac-mon-cuon\/banh-cuon-trung-rau-cay\/\" \/>\n<meta property=\"og:locale\" content=\"vi_VN\" \/>\n<meta property=\"og:type\" content=\"article\" \/>\n<meta property=\"og:title\" content=\"Egg Kathi Roll (B\u00c1NH CU\u1ed8N TR\u1ee8NG RAU CAY)\" \/>\n<meta property=\"og:description\" content=\"Kh\u00e1m ph\u00e1 h\u01b0\u01a1ng v\u1ecb tuy\u1ec7t v\u1eddi c\u1ee7a b\u00e1nh cu\u1ed9n tr\u1ee9ng v\u00e0 rau cay t\u1ea1i Tandoor Vietnam. M\u00f3n \u0103n ngon \u0111\u1eadm \u0111\u00e0 cho m\u1ed9t b\u1eefa \u0103n s\u00e1ng ho\u1eb7c \u0103n nh\u1eb9.\" \/>\n<meta property=\"og:url\" content=\"https:\/\/tandoorvietnam.com\/vi\/sanpham\/cac-mon-cuon\/banh-cuon-trung-rau-cay\/\" \/>\n<meta property=\"og:site_name\" content=\"Tandoor Vi\u1ec7t Nam\" \/>\n<meta property=\"article:publisher\" content=\"https:\/\/www.facebook.com\/tandoor.hcmc\/\" \/>\n<meta property=\"article:modified_time\" content=\"2025-12-26T11:43:40+00:00\" \/>\n<meta property=\"og:image\" content=\"https:\/\/tandoorvietnam.com\/wp-content\/uploads\/2020\/06\/Egg-kathi-roll.jpg\" \/>\n\t<meta property=\"og:image:width\" content=\"800\" \/>\n\t<meta property=\"og:image:height\" content=\"800\" \/>\n\t<meta property=\"og:image:type\" content=\"image\/jpeg\" \/>\n<meta name=\"twitter:card\" content=\"summary_large_image\" \/>\n<meta name=\"twitter:label1\" content=\"Est. reading time\" \/>\n\t<meta name=\"twitter:data1\" content=\"2 minutes\" \/>\n<script type=\"application\/ld+json\" class=\"yoast-schema-graph\">{\"@context\":\"https:\\\/\\\/schema.org\",\"@graph\":[{\"@type\":\"WebPage\",\"@id\":\"https:\\\/\\\/tandoorvietnam.com\\\/vi\\\/sanpham\\\/cac-mon-cuon\\\/banh-cuon-trung-rau-cay\\\/\",\"url\":\"https:\\\/\\\/tandoorvietnam.com\\\/vi\\\/sanpham\\\/cac-mon-cuon\\\/banh-cuon-trung-rau-cay\\\/\",\"name\":\"Egg Kathi Roll (B\u00c1NH CU\u1ed8N TR\u1ee8NG RAU CAY)\",\"isPartOf\":{\"@id\":\"https:\\\/\\\/tandoorvietnam.com\\\/vi\\\/#website\"},\"primaryImageOfPage\":{\"@id\":\"https:\\\/\\\/tandoorvietnam.com\\\/vi\\\/sanpham\\\/cac-mon-cuon\\\/banh-cuon-trung-rau-cay\\\/#primaryimage\"},\"image\":{\"@id\":\"https:\\\/\\\/tandoorvietnam.com\\\/vi\\\/sanpham\\\/cac-mon-cuon\\\/banh-cuon-trung-rau-cay\\\/#primaryimage\"},\"thumbnailUrl\":\"https:\\\/\\\/tandoorvietnam.com\\\/wp-content\\\/uploads\\\/2020\\\/06\\\/Egg-kathi-roll.jpg\",\"datePublished\":\"2020-06-26T11:42:57+00:00\",\"dateModified\":\"2025-12-26T11:43:40+00:00\",\"description\":\"Kh\u00e1m ph\u00e1 h\u01b0\u01a1ng v\u1ecb tuy\u1ec7t v\u1eddi c\u1ee7a b\u00e1nh cu\u1ed9n tr\u1ee9ng v\u00e0 rau cay t\u1ea1i Tandoor Vietnam. M\u00f3n \u0103n ngon \u0111\u1eadm \u0111\u00e0 cho m\u1ed9t b\u1eefa \u0103n s\u00e1ng ho\u1eb7c \u0103n nh\u1eb9.\",\"breadcrumb\":{\"@id\":\"https:\\\/\\\/tandoorvietnam.com\\\/vi\\\/sanpham\\\/cac-mon-cuon\\\/banh-cuon-trung-rau-cay\\\/#breadcrumb\"},\"inLanguage\":\"vi-VN\",\"potentialAction\":[{\"@type\":\"ReadAction\",\"target\":[\"https:\\\/\\\/tandoorvietnam.com\\\/vi\\\/sanpham\\\/cac-mon-cuon\\\/banh-cuon-trung-rau-cay\\\/\"]}]},{\"@type\":\"ImageObject\",\"inLanguage\":\"vi-VN\",\"@id\":\"https:\\\/\\\/tandoorvietnam.com\\\/vi\\\/sanpham\\\/cac-mon-cuon\\\/banh-cuon-trung-rau-cay\\\/#primaryimage\",\"url\":\"https:\\\/\\\/tandoorvietnam.com\\\/wp-content\\\/uploads\\\/2020\\\/06\\\/Egg-kathi-roll.jpg\",\"contentUrl\":\"https:\\\/\\\/tandoorvietnam.com\\\/wp-content\\\/uploads\\\/2020\\\/06\\\/Egg-kathi-roll.jpg\",\"width\":800,\"height\":800},{\"@type\":\"BreadcrumbList\",\"@id\":\"https:\\\/\\\/tandoorvietnam.com\\\/vi\\\/sanpham\\\/cac-mon-cuon\\\/banh-cuon-trung-rau-cay\\\/#breadcrumb\",\"itemListElement\":[{\"@type\":\"ListItem\",\"position\":1,\"name\":\"Trang Ch\u1ee7\",\"item\":\"https:\\\/\\\/tandoorvietnam.com\\\/vi\\\/\"},{\"@type\":\"ListItem\",\"position\":2,\"name\":\"Shop\",\"item\":\"https:\\\/\\\/tandoorvietnam.com\\\/shop\\\/\"},{\"@type\":\"ListItem\",\"position\":3,\"name\":\"Egg Kathi Roll (B\u00c1NH CU\u1ed8N TR\u1ee8NG RAU CAY)\"}]},{\"@type\":\"WebSite\",\"@id\":\"https:\\\/\\\/tandoorvietnam.com\\\/vi\\\/#website\",\"url\":\"https:\\\/\\\/tandoorvietnam.com\\\/vi\\\/\",\"name\":\"Tandoor Vietnam\",\"description\":\"Nh\u00e0 h\u00e0ng ngon h\u1ed3 ch\u00ed minh\",\"publisher\":{\"@id\":\"https:\\\/\\\/tandoorvietnam.com\\\/vi\\\/#organization\"},\"potentialAction\":[{\"@type\":\"SearchAction\",\"target\":{\"@type\":\"EntryPoint\",\"urlTemplate\":\"https:\\\/\\\/tandoorvietnam.com\\\/vi\\\/?s={search_term_string}\"},\"query-input\":{\"@type\":\"PropertyValueSpecification\",\"valueRequired\":true,\"valueName\":\"search_term_string\"}}],\"inLanguage\":\"vi-VN\"},{\"@type\":\"Organization\",\"@id\":\"https:\\\/\\\/tandoorvietnam.com\\\/vi\\\/#organization\",\"name\":\"Tandoor Vietnam\",\"url\":\"https:\\\/\\\/tandoorvietnam.com\\\/vi\\\/\",\"logo\":{\"@type\":\"ImageObject\",\"inLanguage\":\"vi-VN\",\"@id\":\"https:\\\/\\\/tandoorvietnam.com\\\/vi\\\/#\\\/schema\\\/logo\\\/image\\\/\",\"url\":\"https:\\\/\\\/tandoorvietnam.com\\\/wp-content\\\/uploads\\\/2020\\\/07\\\/logo.png\",\"contentUrl\":\"https:\\\/\\\/tandoorvietnam.com\\\/wp-content\\\/uploads\\\/2020\\\/07\\\/logo.png\",\"width\":133,\"height\":75,\"caption\":\"Tandoor Vietnam\"},\"image\":{\"@id\":\"https:\\\/\\\/tandoorvietnam.com\\\/vi\\\/#\\\/schema\\\/logo\\\/image\\\/\"},\"sameAs\":[\"https:\\\/\\\/www.facebook.com\\\/tandoor.hcmc\\\/\"]}]}<\/script>\n<!-- \/ Yoast SEO Premium plugin. -->","yoast_head_json":{"title":"Egg Kathi Roll (B\u00c1NH CU\u1ed8N TR\u1ee8NG RAU CAY)","description":"Kh\u00e1m ph\u00e1 h\u01b0\u01a1ng v\u1ecb tuy\u1ec7t v\u1eddi c\u1ee7a b\u00e1nh cu\u1ed9n tr\u1ee9ng v\u00e0 rau cay t\u1ea1i Tandoor Vietnam. M\u00f3n \u0103n ngon \u0111\u1eadm \u0111\u00e0 cho m\u1ed9t b\u1eefa \u0103n s\u00e1ng ho\u1eb7c \u0103n nh\u1eb9.","robots":{"index":"index","follow":"follow","max-snippet":"max-snippet:-1","max-image-preview":"max-image-preview:large","max-video-preview":"max-video-preview:-1"},"canonical":"https:\/\/tandoorvietnam.com\/vi\/sanpham\/cac-mon-cuon\/banh-cuon-trung-rau-cay\/","og_locale":"vi_VN","og_type":"article","og_title":"Egg Kathi Roll (B\u00c1NH CU\u1ed8N TR\u1ee8NG RAU CAY)","og_description":"Kh\u00e1m ph\u00e1 h\u01b0\u01a1ng v\u1ecb tuy\u1ec7t v\u1eddi c\u1ee7a b\u00e1nh cu\u1ed9n tr\u1ee9ng v\u00e0 rau cay t\u1ea1i Tandoor Vietnam. M\u00f3n \u0103n ngon \u0111\u1eadm \u0111\u00e0 cho m\u1ed9t b\u1eefa \u0103n s\u00e1ng ho\u1eb7c \u0103n nh\u1eb9.","og_url":"https:\/\/tandoorvietnam.com\/vi\/sanpham\/cac-mon-cuon\/banh-cuon-trung-rau-cay\/","og_site_name":"Tandoor Vi\u1ec7t Nam","article_publisher":"https:\/\/www.facebook.com\/tandoor.hcmc\/","article_modified_time":"2025-12-26T11:43:40+00:00","og_image":[{"width":800,"height":800,"url":"https:\/\/tandoorvietnam.com\/wp-content\/uploads\/2020\/06\/Egg-kathi-roll.jpg","type":"image\/jpeg"}],"twitter_card":"summary_large_image","twitter_misc":{"Est. reading time":"2 minutes"},"schema":{"@context":"https:\/\/schema.org","@graph":[{"@type":"WebPage","@id":"https:\/\/tandoorvietnam.com\/vi\/sanpham\/cac-mon-cuon\/banh-cuon-trung-rau-cay\/","url":"https:\/\/tandoorvietnam.com\/vi\/sanpham\/cac-mon-cuon\/banh-cuon-trung-rau-cay\/","name":"Egg Kathi Roll (B\u00c1NH CU\u1ed8N TR\u1ee8NG RAU CAY)","isPartOf":{"@id":"https:\/\/tandoorvietnam.com\/vi\/#website"},"primaryImageOfPage":{"@id":"https:\/\/tandoorvietnam.com\/vi\/sanpham\/cac-mon-cuon\/banh-cuon-trung-rau-cay\/#primaryimage"},"image":{"@id":"https:\/\/tandoorvietnam.com\/vi\/sanpham\/cac-mon-cuon\/banh-cuon-trung-rau-cay\/#primaryimage"},"thumbnailUrl":"https:\/\/tandoorvietnam.com\/wp-content\/uploads\/2020\/06\/Egg-kathi-roll.jpg","datePublished":"2020-06-26T11:42:57+00:00","dateModified":"2025-12-26T11:43:40+00:00","description":"Kh\u00e1m ph\u00e1 h\u01b0\u01a1ng v\u1ecb tuy\u1ec7t v\u1eddi c\u1ee7a b\u00e1nh cu\u1ed9n tr\u1ee9ng v\u00e0 rau cay t\u1ea1i Tandoor Vietnam. M\u00f3n \u0103n ngon \u0111\u1eadm \u0111\u00e0 cho m\u1ed9t b\u1eefa \u0103n s\u00e1ng ho\u1eb7c \u0103n nh\u1eb9.","breadcrumb":{"@id":"https:\/\/tandoorvietnam.com\/vi\/sanpham\/cac-mon-cuon\/banh-cuon-trung-rau-cay\/#breadcrumb"},"inLanguage":"vi-VN","potentialAction":[{"@type":"ReadAction","target":["https:\/\/tandoorvietnam.com\/vi\/sanpham\/cac-mon-cuon\/banh-cuon-trung-rau-cay\/"]}]},{"@type":"ImageObject","inLanguage":"vi-VN","@id":"https:\/\/tandoorvietnam.com\/vi\/sanpham\/cac-mon-cuon\/banh-cuon-trung-rau-cay\/#primaryimage","url":"https:\/\/tandoorvietnam.com\/wp-content\/uploads\/2020\/06\/Egg-kathi-roll.jpg","contentUrl":"https:\/\/tandoorvietnam.com\/wp-content\/uploads\/2020\/06\/Egg-kathi-roll.jpg","width":800,"height":800},{"@type":"BreadcrumbList","@id":"https:\/\/tandoorvietnam.com\/vi\/sanpham\/cac-mon-cuon\/banh-cuon-trung-rau-cay\/#breadcrumb","itemListElement":[{"@type":"ListItem","position":1,"name":"Trang Ch\u1ee7","item":"https:\/\/tandoorvietnam.com\/vi\/"},{"@type":"ListItem","position":2,"name":"Shop","item":"https:\/\/tandoorvietnam.com\/shop\/"},{"@type":"ListItem","position":3,"name":"Egg Kathi Roll (B\u00c1NH CU\u1ed8N TR\u1ee8NG RAU CAY)"}]},{"@type":"WebSite","@id":"https:\/\/tandoorvietnam.com\/vi\/#website","url":"https:\/\/tandoorvietnam.com\/vi\/","name":"Tandoor Vietnam","description":"Nh\u00e0 h\u00e0ng ngon h\u1ed3 ch\u00ed minh","publisher":{"@id":"https:\/\/tandoorvietnam.com\/vi\/#organization"},"potentialAction":[{"@type":"SearchAction","target":{"@type":"EntryPoint","urlTemplate":"https:\/\/tandoorvietnam.com\/vi\/?s={search_term_string}"},"query-input":{"@type":"PropertyValueSpecification","valueRequired":true,"valueName":"search_term_string"}}],"inLanguage":"vi-VN"},{"@type":"Organization","@id":"https:\/\/tandoorvietnam.com\/vi\/#organization","name":"Tandoor Vietnam","url":"https:\/\/tandoorvietnam.com\/vi\/","logo":{"@type":"ImageObject","inLanguage":"vi-VN","@id":"https:\/\/tandoorvietnam.com\/vi\/#\/schema\/logo\/image\/","url":"https:\/\/tandoorvietnam.com\/wp-content\/uploads\/2020\/07\/logo.png","contentUrl":"https:\/\/tandoorvietnam.com\/wp-content\/uploads\/2020\/07\/logo.png","width":133,"height":75,"caption":"Tandoor Vietnam"},"image":{"@id":"https:\/\/tandoorvietnam.com\/vi\/#\/schema\/logo\/image\/"},"sameAs":["https:\/\/www.facebook.com\/tandoor.hcmc\/"]}]}},"_links":{"self":[{"href":"https:\/\/tandoorvietnam.com\/vi\/wp-json\/wp\/v2\/product\/3105","targetHints":{"allow":["GET"]}}],"collection":[{"href":"https:\/\/tandoorvietnam.com\/vi\/wp-json\/wp\/v2\/product"}],"about":[{"href":"https:\/\/tandoorvietnam.com\/vi\/wp-json\/wp\/v2\/types\/product"}],"wp:featuredmedia":[{"embeddable":true,"href":"https:\/\/tandoorvietnam.com\/vi\/wp-json\/wp\/v2\/media\/3106"}],"wp:attachment":[{"href":"https:\/\/tandoorvietnam.com\/vi\/wp-json\/wp\/v2\/media?parent=3105"}],"wp:term":[{"taxonomy":"product_brand","embeddable":true,"href":"https:\/\/tandoorvietnam.com\/vi\/wp-json\/wp\/v2\/product_brand?post=3105"},{"taxonomy":"product_cat","embeddable":true,"href":"https:\/\/tandoorvietnam.com\/vi\/wp-json\/wp\/v2\/product_cat?post=3105"},{"taxonomy":"product_tag","embeddable":true,"href":"https:\/\/tandoorvietnam.com\/vi\/wp-json\/wp\/v2\/product_tag?post=3105"}],"curies":[{"name":"wp","href":"https:\/\/api.w.org\/{rel}","templated":true}]}}