{"id":3114,"date":"2020-06-20T11:28:53","date_gmt":"2021-04-12T08:56:46","guid":{"rendered":"http:\/\/tandoorvietnam.com\/product\/uncategorized\/khoai-tay-nau-kho-voi-hat-thi-la-gia-vi-cay\/"},"modified":"2023-05-07T14:37:23","modified_gmt":"2023-05-07T14:37:23","slug":"khoai-tay-nau-kho-voi-hat-thi-la-gia-vi-cay","status":"publish","type":"product","link":"https:\/\/tandoorvietnam.com\/vi\/sanpham\/cac-mon-rau-cu\/khoai-tay-nau-kho-voi-hat-thi-la-gia-vi-cay\/","title":{"rendered":"Aloo Jeera (KHOAI T\u00c2Y N\u1ea4U KH\u00d4 V\u1edaI H\u1ea0T TH\u00cc L\u00c0 GIA V\u1eca CAY)"},"content":{"rendered":"<p>Khoai t\u00e2y n\u1ea5u kh\u00f4 v\u1edbi h\u1ea1t th\u00ec l\u00e0 l\u00e0 m\u1ed9t m\u00f3n \u0103n r\u1ea5t ph\u1ed5 bi\u1ebfn trong \u1ea9m th\u1ef1c \u1ea4n \u0110\u1ed9, \u0111\u1eb7c bi\u1ec7t \u1edf mi\u1ec1n B\u1eafc n\u01b0\u1edbc n\u00e0y. T\u1ea1i Tandoor Vietnam, ch\u00fang t\u00f4i l\u00e0m ra m\u00f3n khoai t\u00e2y n\u00e0y v\u1edbi nh\u1eefng nguy\u00ean li\u1ec7u t\u01b0\u01a1i ngon v\u00e0 c\u00e1ch ch\u1ebf bi\u1ebfn tinh t\u1ebf, mang l\u1ea1i cho th\u1ef1c kh\u00e1ch m\u1ed9t h\u01b0\u01a1ng v\u1ecb tuy\u1ec7t v\u1eddi v\u00e0 \u0111\u1ed9c \u0111\u00e1o.<\/p>\n<p>Khoai t\u00e2y \u0111\u01b0\u1ee3c th\u00e1i th\u00e0nh t\u1eebng l\u00e1t m\u1ecfng r\u1ed3i cho v\u00e0o n\u1ed3i v\u1edbi m\u1ed9t s\u1ed1 gia v\u1ecb nh\u01b0 mu\u1ed1i, h\u1ea1t ti\u00eau, \u1edbt b\u1ed9t, c\u00f9ng h\u1ea1t th\u00ec l\u00e0 rang gi\u00f2n. H\u1ea1t th\u00ec l\u00e0 c\u00f3 m\u00f9i th\u01a1m \u0111\u1eb7c tr\u01b0ng v\u00e0 h\u01a1i cay, gi\u00fap t\u0103ng th\u00eam \u0111\u1ed9 ngon c\u1ee7a khoai t\u00e2y. Sau khi khoai t\u00e2y \u0111\u01b0\u1ee3c \u01b0\u1edbp gia v\u1ecb \u0111\u1ec1u, ch\u00fang \u0111\u01b0\u1ee3c chi\u00ean kh\u00f4 \u0111\u1ebfn khi l\u1edbp v\u1ecf b\u00ean ngo\u00e0i gi\u00f2n tan v\u00e0 b\u00ean trong v\u1eabn gi\u1eef \u0111\u01b0\u1ee3c \u0111\u1ed9 gi\u00f2n m\u1ec1m.<\/p>\n<p>M\u00f3n khoai t\u00e2y n\u1ea5u kh\u00f4 v\u1edbi h\u1ea1t th\u00ec l\u00e0 t\u1ea1i <a href=\"https:\/\/tandoorvietnam.com\/\">nh\u00e0 h\u00e0ng Tandoor Vietnam<\/a> c\u00f3 m\u00f9i th\u01a1m cay n\u1ed3ng, h\u00f2a quy\u1ec7n v\u1edbi h\u01b0\u01a1ng v\u1ecb \u0111\u1eb7c tr\u01b0ng c\u1ee7a khoai t\u00e2y. \u0110\u00e2y l\u00e0 m\u00f3n \u0103n r\u1ea5t \u0111\u01b0\u1ee3c \u01b0a chu\u1ed9ng, \u0111\u1eb7c bi\u1ec7t l\u00e0 khi k\u1ebft h\u1ee3p v\u1edbi c\u00e1c m\u00f3n \u0103n kh\u00e1c nh\u01b0 c\u01a1m, b\u00e1nh m\u00ec hay salad.<\/p>\n<p>H\u00e3y \u0111\u1ebfn Tandoor Vietnam v\u00e0 th\u01b0\u1edfng th\u1ee9c m\u00f3n khoai t\u00e2y n\u1ea5u kh\u00f4 v\u1edbi h\u1ea1t th\u00ec l\u00e0 \u0111\u1eb7c bi\u1ec7t n\u00e0y \u0111\u1ec3 tr\u1ea3i nghi\u1ec7m v\u1ecb ngon tuy\u1ec7t v\u1eddi c\u1ee7a \u1ea9m th\u1ef1c \u1ea4n \u0110\u1ed9.<\/p>\n","protected":false},"excerpt":{"rendered":"<p>&nbsp;<\/p>\n<table width=\"723\">\n<tbody>\n<tr>\n<td width=\"412\">Potatoes in a cumin delicacy<\/td>\n<\/tr>\n<tr>\n<td width=\"412\"><em> Khoai t\u00e2y n\u1ea5u kh\u00f4 v\u1edbi h\u1ea1t th\u00ec l\u00e0 v\u00e0 gia v\u1ecb cay<\/em><\/td>\n<\/tr>\n<\/tbody>\n<\/table>\n","protected":false},"featured_media":3115,"template":"","meta":[],"product_brand":[],"product_cat":[221],"product_tag":[],"class_list":{"0":"post-3114","1":"product","2":"type-product","3":"status-publish","4":"has-post-thumbnail","6":"product_cat-cac-mon-rau-cu","8":"first","9":"instock","10":"taxable","11":"shipping-taxable","12":"purchasable","13":"product-type-simple"},"yoast_head":"<!-- This site is optimized with the Yoast SEO Premium plugin v22.3 (Yoast SEO v27.4) - https:\/\/yoast.com\/product\/yoast-seo-premium-wordpress\/ -->\n<title>Aloo Jeera (KHOAI T\u00c2Y N\u1ea4U KH\u00d4 V\u1edaI H\u1ea0T TH\u00cc L\u00c0 GIA V\u1eca CAY)<\/title>\n<meta name=\"description\" content=\"Th\u01b0\u1edfng th\u1ee9c m\u00f3n khoai t\u00e2y n\u1ea5u kh\u00f4 v\u1edbi h\u1ea1t th\u00ec l\u00e0, gia v\u1ecb cay n\u1ed3ng t\u1ea1i Tandoor Vietnam. M\u00f3n \u0103n ngon mi\u1ec7ng cho nh\u1eefng ai y\u00eau th\u00edch \u1ea9m th\u1ef1c \u1ea4n \u0110\u1ed9.\" \/>\n<meta name=\"robots\" content=\"index, follow, max-snippet:-1, max-image-preview:large, max-video-preview:-1\" \/>\n<link rel=\"canonical\" href=\"https:\/\/tandoorvietnam.com\/vi\/sanpham\/cac-mon-rau-cu\/khoai-tay-nau-kho-voi-hat-thi-la-gia-vi-cay\/\" \/>\n<meta property=\"og:locale\" content=\"vi_VN\" \/>\n<meta property=\"og:type\" content=\"article\" \/>\n<meta property=\"og:title\" content=\"Aloo Jeera (KHOAI T\u00c2Y N\u1ea4U KH\u00d4 V\u1edaI H\u1ea0T TH\u00cc L\u00c0 GIA V\u1eca CAY)\" \/>\n<meta property=\"og:description\" content=\"Th\u01b0\u1edfng th\u1ee9c m\u00f3n khoai t\u00e2y n\u1ea5u kh\u00f4 v\u1edbi h\u1ea1t th\u00ec l\u00e0, gia v\u1ecb cay n\u1ed3ng t\u1ea1i Tandoor Vietnam. M\u00f3n \u0103n ngon mi\u1ec7ng cho nh\u1eefng ai y\u00eau th\u00edch \u1ea9m th\u1ef1c \u1ea4n \u0110\u1ed9.\" \/>\n<meta property=\"og:url\" content=\"https:\/\/tandoorvietnam.com\/vi\/sanpham\/cac-mon-rau-cu\/khoai-tay-nau-kho-voi-hat-thi-la-gia-vi-cay\/\" \/>\n<meta property=\"og:site_name\" content=\"Tandoor Vi\u1ec7t Nam\" \/>\n<meta property=\"article:publisher\" content=\"https:\/\/www.facebook.com\/tandoor.hcmc\/\" \/>\n<meta property=\"article:modified_time\" content=\"2023-05-07T14:37:23+00:00\" \/>\n<meta property=\"og:image\" content=\"https:\/\/tandoorvietnam.com\/wp-content\/uploads\/2020\/06\/Aloo-Jeera.jpg\" \/>\n\t<meta property=\"og:image:width\" content=\"1400\" \/>\n\t<meta property=\"og:image:height\" content=\"1400\" \/>\n\t<meta property=\"og:image:type\" content=\"image\/jpeg\" \/>\n<meta name=\"twitter:card\" content=\"summary_large_image\" \/>\n<meta name=\"twitter:label1\" content=\"Est. reading time\" \/>\n\t<meta name=\"twitter:data1\" content=\"1 minute\" \/>\n<script type=\"application\/ld+json\" class=\"yoast-schema-graph\">{\"@context\":\"https:\\\/\\\/schema.org\",\"@graph\":[{\"@type\":\"WebPage\",\"@id\":\"https:\\\/\\\/tandoorvietnam.com\\\/vi\\\/sanpham\\\/cac-mon-rau-cu\\\/khoai-tay-nau-kho-voi-hat-thi-la-gia-vi-cay\\\/\",\"url\":\"https:\\\/\\\/tandoorvietnam.com\\\/vi\\\/sanpham\\\/cac-mon-rau-cu\\\/khoai-tay-nau-kho-voi-hat-thi-la-gia-vi-cay\\\/\",\"name\":\"Aloo Jeera (KHOAI T\u00c2Y N\u1ea4U KH\u00d4 V\u1edaI H\u1ea0T TH\u00cc L\u00c0 GIA V\u1eca CAY)\",\"isPartOf\":{\"@id\":\"https:\\\/\\\/tandoorvietnam.com\\\/vi\\\/#website\"},\"primaryImageOfPage\":{\"@id\":\"https:\\\/\\\/tandoorvietnam.com\\\/vi\\\/sanpham\\\/cac-mon-rau-cu\\\/khoai-tay-nau-kho-voi-hat-thi-la-gia-vi-cay\\\/#primaryimage\"},\"image\":{\"@id\":\"https:\\\/\\\/tandoorvietnam.com\\\/vi\\\/sanpham\\\/cac-mon-rau-cu\\\/khoai-tay-nau-kho-voi-hat-thi-la-gia-vi-cay\\\/#primaryimage\"},\"thumbnailUrl\":\"https:\\\/\\\/tandoorvietnam.com\\\/wp-content\\\/uploads\\\/2020\\\/06\\\/Aloo-Jeera.jpg\",\"datePublished\":\"2021-04-12T08:56:46+00:00\",\"dateModified\":\"2023-05-07T14:37:23+00:00\",\"description\":\"Th\u01b0\u1edfng th\u1ee9c m\u00f3n khoai t\u00e2y n\u1ea5u kh\u00f4 v\u1edbi h\u1ea1t th\u00ec l\u00e0, gia v\u1ecb cay n\u1ed3ng t\u1ea1i Tandoor Vietnam. M\u00f3n \u0103n ngon mi\u1ec7ng cho nh\u1eefng ai y\u00eau th\u00edch \u1ea9m th\u1ef1c \u1ea4n \u0110\u1ed9.\",\"breadcrumb\":{\"@id\":\"https:\\\/\\\/tandoorvietnam.com\\\/vi\\\/sanpham\\\/cac-mon-rau-cu\\\/khoai-tay-nau-kho-voi-hat-thi-la-gia-vi-cay\\\/#breadcrumb\"},\"inLanguage\":\"vi-VN\",\"potentialAction\":[{\"@type\":\"ReadAction\",\"target\":[\"https:\\\/\\\/tandoorvietnam.com\\\/vi\\\/sanpham\\\/cac-mon-rau-cu\\\/khoai-tay-nau-kho-voi-hat-thi-la-gia-vi-cay\\\/\"]}]},{\"@type\":\"ImageObject\",\"inLanguage\":\"vi-VN\",\"@id\":\"https:\\\/\\\/tandoorvietnam.com\\\/vi\\\/sanpham\\\/cac-mon-rau-cu\\\/khoai-tay-nau-kho-voi-hat-thi-la-gia-vi-cay\\\/#primaryimage\",\"url\":\"https:\\\/\\\/tandoorvietnam.com\\\/wp-content\\\/uploads\\\/2020\\\/06\\\/Aloo-Jeera.jpg\",\"contentUrl\":\"https:\\\/\\\/tandoorvietnam.com\\\/wp-content\\\/uploads\\\/2020\\\/06\\\/Aloo-Jeera.jpg\",\"width\":1400,\"height\":1400,\"caption\":\"KHOAI T\u00c2Y N\u1ea4U KH\u00d4 V\u1edaI H\u1ea0T TH\u00cc L\u00c0 GIA V\u1eca CAY\"},{\"@type\":\"BreadcrumbList\",\"@id\":\"https:\\\/\\\/tandoorvietnam.com\\\/vi\\\/sanpham\\\/cac-mon-rau-cu\\\/khoai-tay-nau-kho-voi-hat-thi-la-gia-vi-cay\\\/#breadcrumb\",\"itemListElement\":[{\"@type\":\"ListItem\",\"position\":1,\"name\":\"Trang Ch\u1ee7\",\"item\":\"https:\\\/\\\/tandoorvietnam.com\\\/vi\\\/\"},{\"@type\":\"ListItem\",\"position\":2,\"name\":\"Shop\",\"item\":\"https:\\\/\\\/tandoorvietnam.com\\\/shop\\\/\"},{\"@type\":\"ListItem\",\"position\":3,\"name\":\"Aloo Jeera (KHOAI T\u00c2Y N\u1ea4U KH\u00d4 V\u1edaI H\u1ea0T TH\u00cc L\u00c0 GIA V\u1eca CAY)\"}]},{\"@type\":\"WebSite\",\"@id\":\"https:\\\/\\\/tandoorvietnam.com\\\/vi\\\/#website\",\"url\":\"https:\\\/\\\/tandoorvietnam.com\\\/vi\\\/\",\"name\":\"Tandoor Vietnam\",\"description\":\"Nh\u00e0 h\u00e0ng ngon h\u1ed3 ch\u00ed minh\",\"publisher\":{\"@id\":\"https:\\\/\\\/tandoorvietnam.com\\\/vi\\\/#organization\"},\"potentialAction\":[{\"@type\":\"SearchAction\",\"target\":{\"@type\":\"EntryPoint\",\"urlTemplate\":\"https:\\\/\\\/tandoorvietnam.com\\\/vi\\\/?s={search_term_string}\"},\"query-input\":{\"@type\":\"PropertyValueSpecification\",\"valueRequired\":true,\"valueName\":\"search_term_string\"}}],\"inLanguage\":\"vi-VN\"},{\"@type\":\"Organization\",\"@id\":\"https:\\\/\\\/tandoorvietnam.com\\\/vi\\\/#organization\",\"name\":\"Tandoor Vietnam\",\"url\":\"https:\\\/\\\/tandoorvietnam.com\\\/vi\\\/\",\"logo\":{\"@type\":\"ImageObject\",\"inLanguage\":\"vi-VN\",\"@id\":\"https:\\\/\\\/tandoorvietnam.com\\\/vi\\\/#\\\/schema\\\/logo\\\/image\\\/\",\"url\":\"https:\\\/\\\/tandoorvietnam.com\\\/wp-content\\\/uploads\\\/2020\\\/07\\\/logo.png\",\"contentUrl\":\"https:\\\/\\\/tandoorvietnam.com\\\/wp-content\\\/uploads\\\/2020\\\/07\\\/logo.png\",\"width\":133,\"height\":75,\"caption\":\"Tandoor Vietnam\"},\"image\":{\"@id\":\"https:\\\/\\\/tandoorvietnam.com\\\/vi\\\/#\\\/schema\\\/logo\\\/image\\\/\"},\"sameAs\":[\"https:\\\/\\\/www.facebook.com\\\/tandoor.hcmc\\\/\"]}]}<\/script>\n<!-- \/ Yoast SEO Premium plugin. -->","yoast_head_json":{"title":"Aloo Jeera (KHOAI T\u00c2Y N\u1ea4U KH\u00d4 V\u1edaI H\u1ea0T TH\u00cc L\u00c0 GIA V\u1eca CAY)","description":"Th\u01b0\u1edfng th\u1ee9c m\u00f3n khoai t\u00e2y n\u1ea5u kh\u00f4 v\u1edbi h\u1ea1t th\u00ec l\u00e0, gia v\u1ecb cay n\u1ed3ng t\u1ea1i Tandoor Vietnam. M\u00f3n \u0103n ngon mi\u1ec7ng cho nh\u1eefng ai y\u00eau th\u00edch \u1ea9m th\u1ef1c \u1ea4n \u0110\u1ed9.","robots":{"index":"index","follow":"follow","max-snippet":"max-snippet:-1","max-image-preview":"max-image-preview:large","max-video-preview":"max-video-preview:-1"},"canonical":"https:\/\/tandoorvietnam.com\/vi\/sanpham\/cac-mon-rau-cu\/khoai-tay-nau-kho-voi-hat-thi-la-gia-vi-cay\/","og_locale":"vi_VN","og_type":"article","og_title":"Aloo Jeera (KHOAI T\u00c2Y N\u1ea4U KH\u00d4 V\u1edaI H\u1ea0T TH\u00cc L\u00c0 GIA V\u1eca CAY)","og_description":"Th\u01b0\u1edfng th\u1ee9c m\u00f3n khoai t\u00e2y n\u1ea5u kh\u00f4 v\u1edbi h\u1ea1t th\u00ec l\u00e0, gia v\u1ecb cay n\u1ed3ng t\u1ea1i Tandoor Vietnam. M\u00f3n \u0103n ngon mi\u1ec7ng cho nh\u1eefng ai y\u00eau th\u00edch \u1ea9m th\u1ef1c \u1ea4n \u0110\u1ed9.","og_url":"https:\/\/tandoorvietnam.com\/vi\/sanpham\/cac-mon-rau-cu\/khoai-tay-nau-kho-voi-hat-thi-la-gia-vi-cay\/","og_site_name":"Tandoor Vi\u1ec7t Nam","article_publisher":"https:\/\/www.facebook.com\/tandoor.hcmc\/","article_modified_time":"2023-05-07T14:37:23+00:00","og_image":[{"width":1400,"height":1400,"url":"https:\/\/tandoorvietnam.com\/wp-content\/uploads\/2020\/06\/Aloo-Jeera.jpg","type":"image\/jpeg"}],"twitter_card":"summary_large_image","twitter_misc":{"Est. reading time":"1 minute"},"schema":{"@context":"https:\/\/schema.org","@graph":[{"@type":"WebPage","@id":"https:\/\/tandoorvietnam.com\/vi\/sanpham\/cac-mon-rau-cu\/khoai-tay-nau-kho-voi-hat-thi-la-gia-vi-cay\/","url":"https:\/\/tandoorvietnam.com\/vi\/sanpham\/cac-mon-rau-cu\/khoai-tay-nau-kho-voi-hat-thi-la-gia-vi-cay\/","name":"Aloo Jeera (KHOAI T\u00c2Y N\u1ea4U KH\u00d4 V\u1edaI H\u1ea0T TH\u00cc L\u00c0 GIA V\u1eca CAY)","isPartOf":{"@id":"https:\/\/tandoorvietnam.com\/vi\/#website"},"primaryImageOfPage":{"@id":"https:\/\/tandoorvietnam.com\/vi\/sanpham\/cac-mon-rau-cu\/khoai-tay-nau-kho-voi-hat-thi-la-gia-vi-cay\/#primaryimage"},"image":{"@id":"https:\/\/tandoorvietnam.com\/vi\/sanpham\/cac-mon-rau-cu\/khoai-tay-nau-kho-voi-hat-thi-la-gia-vi-cay\/#primaryimage"},"thumbnailUrl":"https:\/\/tandoorvietnam.com\/wp-content\/uploads\/2020\/06\/Aloo-Jeera.jpg","datePublished":"2021-04-12T08:56:46+00:00","dateModified":"2023-05-07T14:37:23+00:00","description":"Th\u01b0\u1edfng th\u1ee9c m\u00f3n khoai t\u00e2y n\u1ea5u kh\u00f4 v\u1edbi h\u1ea1t th\u00ec l\u00e0, gia v\u1ecb cay n\u1ed3ng t\u1ea1i Tandoor Vietnam. M\u00f3n \u0103n ngon mi\u1ec7ng cho nh\u1eefng ai y\u00eau th\u00edch \u1ea9m th\u1ef1c \u1ea4n \u0110\u1ed9.","breadcrumb":{"@id":"https:\/\/tandoorvietnam.com\/vi\/sanpham\/cac-mon-rau-cu\/khoai-tay-nau-kho-voi-hat-thi-la-gia-vi-cay\/#breadcrumb"},"inLanguage":"vi-VN","potentialAction":[{"@type":"ReadAction","target":["https:\/\/tandoorvietnam.com\/vi\/sanpham\/cac-mon-rau-cu\/khoai-tay-nau-kho-voi-hat-thi-la-gia-vi-cay\/"]}]},{"@type":"ImageObject","inLanguage":"vi-VN","@id":"https:\/\/tandoorvietnam.com\/vi\/sanpham\/cac-mon-rau-cu\/khoai-tay-nau-kho-voi-hat-thi-la-gia-vi-cay\/#primaryimage","url":"https:\/\/tandoorvietnam.com\/wp-content\/uploads\/2020\/06\/Aloo-Jeera.jpg","contentUrl":"https:\/\/tandoorvietnam.com\/wp-content\/uploads\/2020\/06\/Aloo-Jeera.jpg","width":1400,"height":1400,"caption":"KHOAI T\u00c2Y N\u1ea4U KH\u00d4 V\u1edaI H\u1ea0T TH\u00cc L\u00c0 GIA V\u1eca CAY"},{"@type":"BreadcrumbList","@id":"https:\/\/tandoorvietnam.com\/vi\/sanpham\/cac-mon-rau-cu\/khoai-tay-nau-kho-voi-hat-thi-la-gia-vi-cay\/#breadcrumb","itemListElement":[{"@type":"ListItem","position":1,"name":"Trang Ch\u1ee7","item":"https:\/\/tandoorvietnam.com\/vi\/"},{"@type":"ListItem","position":2,"name":"Shop","item":"https:\/\/tandoorvietnam.com\/shop\/"},{"@type":"ListItem","position":3,"name":"Aloo Jeera (KHOAI T\u00c2Y N\u1ea4U KH\u00d4 V\u1edaI H\u1ea0T TH\u00cc L\u00c0 GIA V\u1eca CAY)"}]},{"@type":"WebSite","@id":"https:\/\/tandoorvietnam.com\/vi\/#website","url":"https:\/\/tandoorvietnam.com\/vi\/","name":"Tandoor Vietnam","description":"Nh\u00e0 h\u00e0ng ngon h\u1ed3 ch\u00ed minh","publisher":{"@id":"https:\/\/tandoorvietnam.com\/vi\/#organization"},"potentialAction":[{"@type":"SearchAction","target":{"@type":"EntryPoint","urlTemplate":"https:\/\/tandoorvietnam.com\/vi\/?s={search_term_string}"},"query-input":{"@type":"PropertyValueSpecification","valueRequired":true,"valueName":"search_term_string"}}],"inLanguage":"vi-VN"},{"@type":"Organization","@id":"https:\/\/tandoorvietnam.com\/vi\/#organization","name":"Tandoor Vietnam","url":"https:\/\/tandoorvietnam.com\/vi\/","logo":{"@type":"ImageObject","inLanguage":"vi-VN","@id":"https:\/\/tandoorvietnam.com\/vi\/#\/schema\/logo\/image\/","url":"https:\/\/tandoorvietnam.com\/wp-content\/uploads\/2020\/07\/logo.png","contentUrl":"https:\/\/tandoorvietnam.com\/wp-content\/uploads\/2020\/07\/logo.png","width":133,"height":75,"caption":"Tandoor Vietnam"},"image":{"@id":"https:\/\/tandoorvietnam.com\/vi\/#\/schema\/logo\/image\/"},"sameAs":["https:\/\/www.facebook.com\/tandoor.hcmc\/"]}]}},"_links":{"self":[{"href":"https:\/\/tandoorvietnam.com\/vi\/wp-json\/wp\/v2\/product\/3114","targetHints":{"allow":["GET"]}}],"collection":[{"href":"https:\/\/tandoorvietnam.com\/vi\/wp-json\/wp\/v2\/product"}],"about":[{"href":"https:\/\/tandoorvietnam.com\/vi\/wp-json\/wp\/v2\/types\/product"}],"wp:featuredmedia":[{"embeddable":true,"href":"https:\/\/tandoorvietnam.com\/vi\/wp-json\/wp\/v2\/media\/3115"}],"wp:attachment":[{"href":"https:\/\/tandoorvietnam.com\/vi\/wp-json\/wp\/v2\/media?parent=3114"}],"wp:term":[{"taxonomy":"product_brand","embeddable":true,"href":"https:\/\/tandoorvietnam.com\/vi\/wp-json\/wp\/v2\/product_brand?post=3114"},{"taxonomy":"product_cat","embeddable":true,"href":"https:\/\/tandoorvietnam.com\/vi\/wp-json\/wp\/v2\/product_cat?post=3114"},{"taxonomy":"product_tag","embeddable":true,"href":"https:\/\/tandoorvietnam.com\/vi\/wp-json\/wp\/v2\/product_tag?post=3114"}],"curies":[{"name":"wp","href":"https:\/\/api.w.org\/{rel}","templated":true}]}}