{"id":3118,"date":"2020-06-20T11:28:02","date_gmt":"2021-04-12T09:03:29","guid":{"rendered":"http:\/\/tandoorvietnam.com\/product\/uncategorized\/khoai-tay-nau-voi-rau-bo-xoi-va-hat-thi-la\/"},"modified":"2023-05-19T17:40:38","modified_gmt":"2023-05-19T17:40:38","slug":"khoai-tay-nau-voi-rau-bo-xoi-va-hat-thi-la","status":"publish","type":"product","link":"https:\/\/tandoorvietnam.com\/vi\/sanpham\/cac-mon-rau-cu\/khoai-tay-nau-voi-rau-bo-xoi-va-hat-thi-la\/","title":{"rendered":"Aloo Palak dry (KHOAI T\u00c2Y N\u1ea4U V\u1edaI RAU B\u00d3 X\u00d4I V\u00c0 H\u1ea0T TH\u00cc L\u00c0)"},"content":{"rendered":"<p>Khoai t\u00e2y n\u1ea5u v\u1edbi rau b\u00f3 x\u00f4i v\u00e0 h\u1ea1t th\u00ec l\u00e0 l\u00e0 m\u1ed9t m\u00f3n \u0103n ngon v\u00e0 b\u1ed5 d\u01b0\u1ee1ng \u0111\u01b0\u1ee3c ph\u1ee5c v\u1ee5 t\u1ea1i Tandoor Vietnam. Ch\u00fang t\u00f4i s\u1eed d\u1ee5ng khoai t\u00e2y t\u01b0\u01a1i ngon, rau b\u00f3 x\u00f4i t\u01b0\u01a1i m\u00e1t v\u00e0 h\u1ea1t th\u00ec l\u00e0 th\u01a1m ngon \u0111\u1ec3 t\u1ea1o n\u00ean m\u1ed9t m\u00f3n \u0103n \u0111\u1ed9c \u0111\u00e1o v\u00e0 h\u1ea5p d\u1eabn.<\/p>\n<p>Khoai t\u00e2y \u0111\u01b0\u1ee3c n\u1ea5u ch\u00edn m\u1ec1m, gi\u1eef nguy\u00ean h\u01b0\u01a1ng v\u1ecb t\u1ef1 nhi\u00ean v\u00e0 \u0111\u1ed9 gi\u00f2n c\u1ee7a t\u1eebng l\u00e1t khoai. Rau b\u00f3 x\u00f4i cung c\u1ea5p m\u1ed9t m\u00e0u xanh t\u01b0\u01a1i s\u1eafc v\u00e0 h\u01b0\u01a1ng v\u1ecb \u0111\u1eb7c tr\u01b0ng, t\u1ea1o s\u1ef1 c\u00e2n b\u1eb1ng v\u00e0 h\u00e0i h\u00f2a cho m\u00f3n \u0103n. H\u1ea1t th\u00ec l\u00e0 th\u00eam h\u01b0\u01a1ng v\u1ecb \u0111\u1ed9c \u0111\u00e1o v\u00e0 gi\u00f2n ngon, l\u00e0m cho m\u00f3n khoai t\u00e2y tr\u1edf n\u00ean th\u00fa v\u1ecb h\u01a1n bao gi\u1edd h\u1ebft.<\/p>\n<p>Khoai t\u00e2y n\u1ea5u v\u1edbi rau b\u00f3 x\u00f4i v\u00e0 h\u1ea1t th\u00ec l\u00e0 kh\u00f4ng ch\u1ec9 l\u00e0 m\u1ed9t m\u00f3n \u0103n ngon m\u00e0 c\u00f2n r\u1ea5t b\u1ed5 d\u01b0\u1ee1ng. Khoai t\u00e2y l\u00e0 ngu\u1ed3n cung c\u1ea5p ch\u1ea5t x\u01a1, vitamin C v\u00e0 kali, gi\u00fap t\u0103ng c\u01b0\u1eddng h\u1ec7 ti\u00eau h\u00f3a v\u00e0 h\u1ed7 tr\u1ee3 s\u1ee9c kh\u1ecfe tim m\u1ea1ch. Rau b\u00f3 x\u00f4i cung c\u1ea5p nhi\u1ec1u ch\u1ea5t ch\u1ed1ng oxi h\u00f3a v\u00e0 ch\u1ea5t x\u01a1, c\u00f3 l\u1ee3i cho s\u1ee9c kh\u1ecfe c\u1ee7a h\u1ec7 ti\u00eau h\u00f3a. H\u1ea1t th\u00ec l\u00e0 ch\u1ee9a nhi\u1ec1u ch\u1ea5t ch\u1ed1ng vi khu\u1ea9n v\u00e0 ch\u1ea5t ch\u1ed1ng vi\u00eam, gi\u00fap t\u0103ng c\u01b0\u1eddng h\u1ec7 mi\u1ec5n d\u1ecbch.<\/p>\n<p>T\u1ea1i <a href=\"https:\/\/tandoorvietnam.com\/\">Tandoor Vietnam<\/a>, ch\u00fang t\u00f4i lu\u00f4n cam k\u1ebft \u0111\u1ea3m b\u1ea3o ch\u1ea5t l\u01b0\u1ee3ng v\u00e0 s\u1ef1 t\u01b0\u01a1i ngon c\u1ee7a c\u00e1c nguy\u00ean li\u1ec7u s\u1eed d\u1ee5ng. Aloo Palak dry m\u1ed9t s\u1ef1 l\u1ef1a ch\u1ecdn tuy\u1ec7t v\u1eddi cho nh\u1eefng ai y\u00eau th\u00edch m\u00f3n \u0103n ngon, b\u1ed5 d\u01b0\u1ee1ng v\u00e0 \u0111\u1ed9c \u0111\u00e1o t\u1eeb rau c\u1ee7. H\u00e3y th\u1eed m\u00f3n \u0103n n\u00e0y ngay h\u00f4m nay v\u00e0 kh\u00e1m ph\u00e1 h\u01b0\u01a1ng v\u1ecb \u0111\u1ed9c \u0111\u00e1o m\u00e0 n\u00f3 mang l\u1ea1i.<\/p>\n","protected":false},"excerpt":{"rendered":"<p>&nbsp;<\/p>\n<table width=\"723\">\n<tbody>\n<tr>\n<td width=\"412\">Potatoes and fresh spinach in dry preparation<\/td>\n<\/tr>\n<tr>\n<td width=\"412\"><em> Khoai t\u00e2y n\u1ea5u s\u1ed1t rau b\u00f3 x\u00f4i v\u00e0 h\u1ea1t th\u00ec l\u00e0<\/em><\/td>\n<\/tr>\n<\/tbody>\n<\/table>\n","protected":false},"featured_media":3119,"template":"","meta":[],"product_brand":[],"product_cat":[221],"product_tag":[],"class_list":{"0":"post-3118","1":"product","2":"type-product","3":"status-publish","4":"has-post-thumbnail","6":"product_cat-cac-mon-rau-cu","8":"first","9":"instock","10":"taxable","11":"shipping-taxable","12":"purchasable","13":"product-type-simple"},"yoast_head":"<!-- This site is optimized with the Yoast SEO Premium plugin v22.3 (Yoast SEO v27.4) - https:\/\/yoast.com\/product\/yoast-seo-premium-wordpress\/ -->\n<title>KHOAI T\u00c2Y N\u1ea4U V\u1edaI RAU B\u00d3 X\u00d4I V\u00c0 H\u1ea0T TH\u00cc L\u00c0<\/title>\n<meta name=\"description\" content=\"Khoai t\u00e2y n\u1ea5u v\u1edbi rau b\u00f3 x\u00f4i v\u00e0 h\u1ea1t th\u00ec l\u00e0, m\u1ed9t m\u00f3n \u0103n ngon v\u00e0 b\u1ed5 d\u01b0\u1ee1ng t\u1ea1i Tandoor Vietnam. Kh\u00e1m ph\u00e1 h\u01b0\u01a1ng v\u1ecb \u0111\u1ed9c \u0111\u00e1o c\u1ee7a m\u00f3n n\u00e0y ngay h\u00f4m nay!\" \/>\n<meta name=\"robots\" content=\"index, follow, max-snippet:-1, max-image-preview:large, max-video-preview:-1\" \/>\n<link rel=\"canonical\" href=\"https:\/\/tandoorvietnam.com\/vi\/sanpham\/cac-mon-rau-cu\/khoai-tay-nau-voi-rau-bo-xoi-va-hat-thi-la\/\" \/>\n<meta property=\"og:locale\" content=\"vi_VN\" \/>\n<meta property=\"og:type\" content=\"article\" \/>\n<meta property=\"og:title\" content=\"Aloo Palak dry (KHOAI T\u00c2Y N\u1ea4U V\u1edaI RAU B\u00d3 X\u00d4I V\u00c0 H\u1ea0T TH\u00cc L\u00c0)\" \/>\n<meta property=\"og:description\" content=\"Khoai t\u00e2y n\u1ea5u v\u1edbi rau b\u00f3 x\u00f4i v\u00e0 h\u1ea1t th\u00ec l\u00e0, m\u1ed9t m\u00f3n \u0103n ngon v\u00e0 b\u1ed5 d\u01b0\u1ee1ng t\u1ea1i Tandoor Vietnam. Kh\u00e1m ph\u00e1 h\u01b0\u01a1ng v\u1ecb \u0111\u1ed9c \u0111\u00e1o c\u1ee7a m\u00f3n n\u00e0y ngay h\u00f4m nay!\" \/>\n<meta property=\"og:url\" content=\"https:\/\/tandoorvietnam.com\/vi\/sanpham\/cac-mon-rau-cu\/khoai-tay-nau-voi-rau-bo-xoi-va-hat-thi-la\/\" \/>\n<meta property=\"og:site_name\" content=\"Tandoor Vi\u1ec7t Nam\" \/>\n<meta property=\"article:publisher\" content=\"https:\/\/www.facebook.com\/tandoor.hcmc\/\" \/>\n<meta property=\"article:modified_time\" content=\"2023-05-19T17:40:38+00:00\" \/>\n<meta property=\"og:image\" content=\"https:\/\/tandoorvietnam.com\/wp-content\/uploads\/2020\/06\/Aloo-palak-dry.jpg\" \/>\n\t<meta property=\"og:image:width\" content=\"800\" \/>\n\t<meta property=\"og:image:height\" content=\"533\" \/>\n\t<meta property=\"og:image:type\" content=\"image\/jpeg\" \/>\n<meta name=\"twitter:card\" content=\"summary_large_image\" \/>\n<meta name=\"twitter:label1\" content=\"Est. reading time\" \/>\n\t<meta name=\"twitter:data1\" content=\"2 minutes\" \/>\n<script type=\"application\/ld+json\" class=\"yoast-schema-graph\">{\"@context\":\"https:\\\/\\\/schema.org\",\"@graph\":[{\"@type\":\"WebPage\",\"@id\":\"https:\\\/\\\/tandoorvietnam.com\\\/vi\\\/sanpham\\\/cac-mon-rau-cu\\\/khoai-tay-nau-voi-rau-bo-xoi-va-hat-thi-la\\\/\",\"url\":\"https:\\\/\\\/tandoorvietnam.com\\\/vi\\\/sanpham\\\/cac-mon-rau-cu\\\/khoai-tay-nau-voi-rau-bo-xoi-va-hat-thi-la\\\/\",\"name\":\"KHOAI T\u00c2Y N\u1ea4U V\u1edaI RAU B\u00d3 X\u00d4I V\u00c0 H\u1ea0T TH\u00cc L\u00c0\",\"isPartOf\":{\"@id\":\"https:\\\/\\\/tandoorvietnam.com\\\/vi\\\/#website\"},\"primaryImageOfPage\":{\"@id\":\"https:\\\/\\\/tandoorvietnam.com\\\/vi\\\/sanpham\\\/cac-mon-rau-cu\\\/khoai-tay-nau-voi-rau-bo-xoi-va-hat-thi-la\\\/#primaryimage\"},\"image\":{\"@id\":\"https:\\\/\\\/tandoorvietnam.com\\\/vi\\\/sanpham\\\/cac-mon-rau-cu\\\/khoai-tay-nau-voi-rau-bo-xoi-va-hat-thi-la\\\/#primaryimage\"},\"thumbnailUrl\":\"https:\\\/\\\/tandoorvietnam.com\\\/wp-content\\\/uploads\\\/2020\\\/06\\\/Aloo-palak-dry.jpg\",\"datePublished\":\"2021-04-12T09:03:29+00:00\",\"dateModified\":\"2023-05-19T17:40:38+00:00\",\"description\":\"Khoai t\u00e2y n\u1ea5u v\u1edbi rau b\u00f3 x\u00f4i v\u00e0 h\u1ea1t th\u00ec l\u00e0, m\u1ed9t m\u00f3n \u0103n ngon v\u00e0 b\u1ed5 d\u01b0\u1ee1ng t\u1ea1i Tandoor Vietnam. Kh\u00e1m ph\u00e1 h\u01b0\u01a1ng v\u1ecb \u0111\u1ed9c \u0111\u00e1o c\u1ee7a m\u00f3n n\u00e0y ngay h\u00f4m nay!\",\"breadcrumb\":{\"@id\":\"https:\\\/\\\/tandoorvietnam.com\\\/vi\\\/sanpham\\\/cac-mon-rau-cu\\\/khoai-tay-nau-voi-rau-bo-xoi-va-hat-thi-la\\\/#breadcrumb\"},\"inLanguage\":\"vi-VN\",\"potentialAction\":[{\"@type\":\"ReadAction\",\"target\":[\"https:\\\/\\\/tandoorvietnam.com\\\/vi\\\/sanpham\\\/cac-mon-rau-cu\\\/khoai-tay-nau-voi-rau-bo-xoi-va-hat-thi-la\\\/\"]}]},{\"@type\":\"ImageObject\",\"inLanguage\":\"vi-VN\",\"@id\":\"https:\\\/\\\/tandoorvietnam.com\\\/vi\\\/sanpham\\\/cac-mon-rau-cu\\\/khoai-tay-nau-voi-rau-bo-xoi-va-hat-thi-la\\\/#primaryimage\",\"url\":\"https:\\\/\\\/tandoorvietnam.com\\\/wp-content\\\/uploads\\\/2020\\\/06\\\/Aloo-palak-dry.jpg\",\"contentUrl\":\"https:\\\/\\\/tandoorvietnam.com\\\/wp-content\\\/uploads\\\/2020\\\/06\\\/Aloo-palak-dry.jpg\",\"width\":800,\"height\":533,\"caption\":\"KHOAI T\u00c2Y N\u1ea4U V\u1edaI RAU B\u00d3 X\u00d4I V\u00c0 H\u1ea0T TH\u00cc L\u00c0\"},{\"@type\":\"BreadcrumbList\",\"@id\":\"https:\\\/\\\/tandoorvietnam.com\\\/vi\\\/sanpham\\\/cac-mon-rau-cu\\\/khoai-tay-nau-voi-rau-bo-xoi-va-hat-thi-la\\\/#breadcrumb\",\"itemListElement\":[{\"@type\":\"ListItem\",\"position\":1,\"name\":\"Trang Ch\u1ee7\",\"item\":\"https:\\\/\\\/tandoorvietnam.com\\\/vi\\\/\"},{\"@type\":\"ListItem\",\"position\":2,\"name\":\"Shop\",\"item\":\"https:\\\/\\\/tandoorvietnam.com\\\/shop\\\/\"},{\"@type\":\"ListItem\",\"position\":3,\"name\":\"Aloo Palak dry (KHOAI T\u00c2Y N\u1ea4U V\u1edaI RAU B\u00d3 X\u00d4I V\u00c0 H\u1ea0T TH\u00cc L\u00c0)\"}]},{\"@type\":\"WebSite\",\"@id\":\"https:\\\/\\\/tandoorvietnam.com\\\/vi\\\/#website\",\"url\":\"https:\\\/\\\/tandoorvietnam.com\\\/vi\\\/\",\"name\":\"Tandoor Vietnam\",\"description\":\"Nh\u00e0 h\u00e0ng ngon h\u1ed3 ch\u00ed minh\",\"publisher\":{\"@id\":\"https:\\\/\\\/tandoorvietnam.com\\\/vi\\\/#organization\"},\"potentialAction\":[{\"@type\":\"SearchAction\",\"target\":{\"@type\":\"EntryPoint\",\"urlTemplate\":\"https:\\\/\\\/tandoorvietnam.com\\\/vi\\\/?s={search_term_string}\"},\"query-input\":{\"@type\":\"PropertyValueSpecification\",\"valueRequired\":true,\"valueName\":\"search_term_string\"}}],\"inLanguage\":\"vi-VN\"},{\"@type\":\"Organization\",\"@id\":\"https:\\\/\\\/tandoorvietnam.com\\\/vi\\\/#organization\",\"name\":\"Tandoor Vietnam\",\"url\":\"https:\\\/\\\/tandoorvietnam.com\\\/vi\\\/\",\"logo\":{\"@type\":\"ImageObject\",\"inLanguage\":\"vi-VN\",\"@id\":\"https:\\\/\\\/tandoorvietnam.com\\\/vi\\\/#\\\/schema\\\/logo\\\/image\\\/\",\"url\":\"https:\\\/\\\/tandoorvietnam.com\\\/wp-content\\\/uploads\\\/2020\\\/07\\\/logo.png\",\"contentUrl\":\"https:\\\/\\\/tandoorvietnam.com\\\/wp-content\\\/uploads\\\/2020\\\/07\\\/logo.png\",\"width\":133,\"height\":75,\"caption\":\"Tandoor Vietnam\"},\"image\":{\"@id\":\"https:\\\/\\\/tandoorvietnam.com\\\/vi\\\/#\\\/schema\\\/logo\\\/image\\\/\"},\"sameAs\":[\"https:\\\/\\\/www.facebook.com\\\/tandoor.hcmc\\\/\"]}]}<\/script>\n<!-- \/ Yoast SEO Premium plugin. -->","yoast_head_json":{"title":"KHOAI T\u00c2Y N\u1ea4U V\u1edaI RAU B\u00d3 X\u00d4I V\u00c0 H\u1ea0T TH\u00cc L\u00c0","description":"Khoai t\u00e2y n\u1ea5u v\u1edbi rau b\u00f3 x\u00f4i v\u00e0 h\u1ea1t th\u00ec l\u00e0, m\u1ed9t m\u00f3n \u0103n ngon v\u00e0 b\u1ed5 d\u01b0\u1ee1ng t\u1ea1i Tandoor Vietnam. Kh\u00e1m ph\u00e1 h\u01b0\u01a1ng v\u1ecb \u0111\u1ed9c \u0111\u00e1o c\u1ee7a m\u00f3n n\u00e0y ngay h\u00f4m nay!","robots":{"index":"index","follow":"follow","max-snippet":"max-snippet:-1","max-image-preview":"max-image-preview:large","max-video-preview":"max-video-preview:-1"},"canonical":"https:\/\/tandoorvietnam.com\/vi\/sanpham\/cac-mon-rau-cu\/khoai-tay-nau-voi-rau-bo-xoi-va-hat-thi-la\/","og_locale":"vi_VN","og_type":"article","og_title":"Aloo Palak dry (KHOAI T\u00c2Y N\u1ea4U V\u1edaI RAU B\u00d3 X\u00d4I V\u00c0 H\u1ea0T TH\u00cc L\u00c0)","og_description":"Khoai t\u00e2y n\u1ea5u v\u1edbi rau b\u00f3 x\u00f4i v\u00e0 h\u1ea1t th\u00ec l\u00e0, m\u1ed9t m\u00f3n \u0103n ngon v\u00e0 b\u1ed5 d\u01b0\u1ee1ng t\u1ea1i Tandoor Vietnam. Kh\u00e1m ph\u00e1 h\u01b0\u01a1ng v\u1ecb \u0111\u1ed9c \u0111\u00e1o c\u1ee7a m\u00f3n n\u00e0y ngay h\u00f4m nay!","og_url":"https:\/\/tandoorvietnam.com\/vi\/sanpham\/cac-mon-rau-cu\/khoai-tay-nau-voi-rau-bo-xoi-va-hat-thi-la\/","og_site_name":"Tandoor Vi\u1ec7t Nam","article_publisher":"https:\/\/www.facebook.com\/tandoor.hcmc\/","article_modified_time":"2023-05-19T17:40:38+00:00","og_image":[{"width":800,"height":533,"url":"https:\/\/tandoorvietnam.com\/wp-content\/uploads\/2020\/06\/Aloo-palak-dry.jpg","type":"image\/jpeg"}],"twitter_card":"summary_large_image","twitter_misc":{"Est. reading time":"2 minutes"},"schema":{"@context":"https:\/\/schema.org","@graph":[{"@type":"WebPage","@id":"https:\/\/tandoorvietnam.com\/vi\/sanpham\/cac-mon-rau-cu\/khoai-tay-nau-voi-rau-bo-xoi-va-hat-thi-la\/","url":"https:\/\/tandoorvietnam.com\/vi\/sanpham\/cac-mon-rau-cu\/khoai-tay-nau-voi-rau-bo-xoi-va-hat-thi-la\/","name":"KHOAI T\u00c2Y N\u1ea4U V\u1edaI RAU B\u00d3 X\u00d4I V\u00c0 H\u1ea0T TH\u00cc L\u00c0","isPartOf":{"@id":"https:\/\/tandoorvietnam.com\/vi\/#website"},"primaryImageOfPage":{"@id":"https:\/\/tandoorvietnam.com\/vi\/sanpham\/cac-mon-rau-cu\/khoai-tay-nau-voi-rau-bo-xoi-va-hat-thi-la\/#primaryimage"},"image":{"@id":"https:\/\/tandoorvietnam.com\/vi\/sanpham\/cac-mon-rau-cu\/khoai-tay-nau-voi-rau-bo-xoi-va-hat-thi-la\/#primaryimage"},"thumbnailUrl":"https:\/\/tandoorvietnam.com\/wp-content\/uploads\/2020\/06\/Aloo-palak-dry.jpg","datePublished":"2021-04-12T09:03:29+00:00","dateModified":"2023-05-19T17:40:38+00:00","description":"Khoai t\u00e2y n\u1ea5u v\u1edbi rau b\u00f3 x\u00f4i v\u00e0 h\u1ea1t th\u00ec l\u00e0, m\u1ed9t m\u00f3n \u0103n ngon v\u00e0 b\u1ed5 d\u01b0\u1ee1ng t\u1ea1i Tandoor Vietnam. Kh\u00e1m ph\u00e1 h\u01b0\u01a1ng v\u1ecb \u0111\u1ed9c \u0111\u00e1o c\u1ee7a m\u00f3n n\u00e0y ngay h\u00f4m nay!","breadcrumb":{"@id":"https:\/\/tandoorvietnam.com\/vi\/sanpham\/cac-mon-rau-cu\/khoai-tay-nau-voi-rau-bo-xoi-va-hat-thi-la\/#breadcrumb"},"inLanguage":"vi-VN","potentialAction":[{"@type":"ReadAction","target":["https:\/\/tandoorvietnam.com\/vi\/sanpham\/cac-mon-rau-cu\/khoai-tay-nau-voi-rau-bo-xoi-va-hat-thi-la\/"]}]},{"@type":"ImageObject","inLanguage":"vi-VN","@id":"https:\/\/tandoorvietnam.com\/vi\/sanpham\/cac-mon-rau-cu\/khoai-tay-nau-voi-rau-bo-xoi-va-hat-thi-la\/#primaryimage","url":"https:\/\/tandoorvietnam.com\/wp-content\/uploads\/2020\/06\/Aloo-palak-dry.jpg","contentUrl":"https:\/\/tandoorvietnam.com\/wp-content\/uploads\/2020\/06\/Aloo-palak-dry.jpg","width":800,"height":533,"caption":"KHOAI T\u00c2Y N\u1ea4U V\u1edaI RAU B\u00d3 X\u00d4I V\u00c0 H\u1ea0T TH\u00cc L\u00c0"},{"@type":"BreadcrumbList","@id":"https:\/\/tandoorvietnam.com\/vi\/sanpham\/cac-mon-rau-cu\/khoai-tay-nau-voi-rau-bo-xoi-va-hat-thi-la\/#breadcrumb","itemListElement":[{"@type":"ListItem","position":1,"name":"Trang Ch\u1ee7","item":"https:\/\/tandoorvietnam.com\/vi\/"},{"@type":"ListItem","position":2,"name":"Shop","item":"https:\/\/tandoorvietnam.com\/shop\/"},{"@type":"ListItem","position":3,"name":"Aloo Palak dry (KHOAI T\u00c2Y N\u1ea4U V\u1edaI RAU B\u00d3 X\u00d4I V\u00c0 H\u1ea0T TH\u00cc L\u00c0)"}]},{"@type":"WebSite","@id":"https:\/\/tandoorvietnam.com\/vi\/#website","url":"https:\/\/tandoorvietnam.com\/vi\/","name":"Tandoor Vietnam","description":"Nh\u00e0 h\u00e0ng ngon h\u1ed3 ch\u00ed minh","publisher":{"@id":"https:\/\/tandoorvietnam.com\/vi\/#organization"},"potentialAction":[{"@type":"SearchAction","target":{"@type":"EntryPoint","urlTemplate":"https:\/\/tandoorvietnam.com\/vi\/?s={search_term_string}"},"query-input":{"@type":"PropertyValueSpecification","valueRequired":true,"valueName":"search_term_string"}}],"inLanguage":"vi-VN"},{"@type":"Organization","@id":"https:\/\/tandoorvietnam.com\/vi\/#organization","name":"Tandoor Vietnam","url":"https:\/\/tandoorvietnam.com\/vi\/","logo":{"@type":"ImageObject","inLanguage":"vi-VN","@id":"https:\/\/tandoorvietnam.com\/vi\/#\/schema\/logo\/image\/","url":"https:\/\/tandoorvietnam.com\/wp-content\/uploads\/2020\/07\/logo.png","contentUrl":"https:\/\/tandoorvietnam.com\/wp-content\/uploads\/2020\/07\/logo.png","width":133,"height":75,"caption":"Tandoor Vietnam"},"image":{"@id":"https:\/\/tandoorvietnam.com\/vi\/#\/schema\/logo\/image\/"},"sameAs":["https:\/\/www.facebook.com\/tandoor.hcmc\/"]}]}},"_links":{"self":[{"href":"https:\/\/tandoorvietnam.com\/vi\/wp-json\/wp\/v2\/product\/3118","targetHints":{"allow":["GET"]}}],"collection":[{"href":"https:\/\/tandoorvietnam.com\/vi\/wp-json\/wp\/v2\/product"}],"about":[{"href":"https:\/\/tandoorvietnam.com\/vi\/wp-json\/wp\/v2\/types\/product"}],"wp:featuredmedia":[{"embeddable":true,"href":"https:\/\/tandoorvietnam.com\/vi\/wp-json\/wp\/v2\/media\/3119"}],"wp:attachment":[{"href":"https:\/\/tandoorvietnam.com\/vi\/wp-json\/wp\/v2\/media?parent=3118"}],"wp:term":[{"taxonomy":"product_brand","embeddable":true,"href":"https:\/\/tandoorvietnam.com\/vi\/wp-json\/wp\/v2\/product_brand?post=3118"},{"taxonomy":"product_cat","embeddable":true,"href":"https:\/\/tandoorvietnam.com\/vi\/wp-json\/wp\/v2\/product_cat?post=3118"},{"taxonomy":"product_tag","embeddable":true,"href":"https:\/\/tandoorvietnam.com\/vi\/wp-json\/wp\/v2\/product_tag?post=3118"}],"curies":[{"name":"wp","href":"https:\/\/api.w.org\/{rel}","templated":true}]}}