{"id":3121,"date":"2020-06-20T11:44:57","date_gmt":"2021-04-12T09:04:28","guid":{"rendered":"http:\/\/tandoorvietnam.com\/product\/uncategorized\/trung-sot-hanh-tay-gia-vi-cay\/"},"modified":"2023-05-10T09:22:50","modified_gmt":"2023-05-10T09:22:50","slug":"trung-sot-hanh-tay-gia-vi-cay","status":"publish","type":"product","link":"https:\/\/tandoorvietnam.com\/vi\/sanpham\/cac-mon-rau-cu\/trung-sot-hanh-tay-gia-vi-cay\/","title":{"rendered":"Anda Bhurji (TR\u1ee8NG S\u1ed0T H\u00c0NH T\u00c2Y, GIA V\u1eca CAY)"},"content":{"rendered":"<p>Tr\u1ee9ng s\u1ed1t h\u00e0nh t\u00e2y, \u1edbt v\u00e0 gia v\u1ecb cay l\u00e0 m\u1ed9t trong nh\u1eefng m\u00f3n \u0103n rau c\u1ee7 \u0111\u1eb7c s\u1eafc t\u1ea1i Tandoor Vietnam. V\u1edbi h\u01b0\u01a1ng v\u1ecb \u0111\u1eadm \u0111\u00e0, \u0111\u1ed9 gi\u00f2n gi\u00f2n c\u1ee7a tr\u1ee9ng, v\u00e0 h\u01b0\u01a1ng th\u01a1m c\u1ee7a h\u00e0nh t\u00e2y ch\u00edn v\u00e0 \u1edbt t\u01b0\u01a1i, m\u00f3n \u0103n n\u00e0y s\u1ebd chinh ph\u1ee5c c\u1ea3 nh\u1eefng th\u1ef1c kh\u00e1ch kh\u00f3 t\u00ednh nh\u1ea5t.<\/p>\n<p>M\u00f3n \u0103n \u0111\u01b0\u1ee3c ch\u1ebf bi\u1ebfn t\u1eeb tr\u1ee9ng \u0111\u01b0\u1ee3c tr\u1ed9n v\u1edbi gia v\u1ecb cay v\u00e0 s\u1ed1t h\u00e0nh t\u00e2y, c\u00f9ng v\u1edbi nh\u1eefng l\u00e1t h\u00e0nh t\u00e2y v\u00e0 \u1edbt t\u01b0\u01a1i th\u00e1i nh\u1ecf. Khi th\u01b0\u1edfng th\u1ee9c, b\u1ea1n s\u1ebd c\u1ea3m nh\u1eadn \u0111\u01b0\u1ee3c \u0111\u1ed9 gi\u00f2n tan c\u1ee7a tr\u1ee9ng, v\u1ecb \u0111\u1eadm \u0111\u00e0 c\u1ee7a gia v\u1ecb cay, v\u00e0 h\u01b0\u01a1ng th\u01a1m c\u1ee7a h\u00e0nh t\u00e2y v\u00e0 \u1edbt t\u01b0\u01a1i.<\/p>\n<p>Tr\u1ee9ng s\u1ed1t h\u00e0nh t\u00e2y, \u1edbt v\u00e0 gia v\u1ecb cay c\u00f3 th\u1ec3 \u0111\u01b0\u1ee3c d\u00f9ng l\u00e0m m\u00f3n khai v\u1ecb ho\u1eb7c k\u00e8m v\u1edbi c\u01a1m, b\u00e1nh m\u00ec, ho\u1eb7c c\u00e1c m\u00f3n \u0103n kh\u00e1c t\u1ea1i Tandoor Vietnam. \u0110\u00e2y l\u00e0 m\u00f3n \u0103n r\u1ea5t ph\u1ed5 bi\u1ebfn v\u00e0 \u0111\u01b0\u1ee3c y\u00eau th\u00edch t\u1ea1i \u1ea4n \u0110\u1ed9, v\u00e0 \u0111\u01b0\u1ee3c ch\u1ebf bi\u1ebfn theo c\u00e1ch \u0111\u1eb7c tr\u01b0ng c\u1ee7a v\u00f9ng B\u1eafc \u1ea4n \u0110\u1ed9.<\/p>\n<p>T\u1ea1i <a href=\"https:\/\/tandoorvietnam.com\/\">Tandoor Vietnam<\/a>, ch\u00fang t\u00f4i cam k\u1ebft ch\u1ec9 s\u1eed d\u1ee5ng nguy\u00ean li\u1ec7u t\u01b0\u01a1i v\u00e0 ch\u1ea5t l\u01b0\u1ee3ng nh\u1ea5t \u0111\u1ec3 t\u1ea1o n\u00ean m\u00f3n \u0103n \u0111\u1ea7y h\u01b0\u01a1ng v\u1ecb v\u00e0 dinh d\u01b0\u1ee1ng cho kh\u00e1ch h\u00e0ng. V\u00e0 \u0111\u1ed9i ng\u0169 \u0111\u1ea7u b\u1ebfp chuy\u00ean nghi\u1ec7p v\u00e0 gi\u00e0u kinh nghi\u1ec7m c\u1ee7a ch\u00fang t\u00f4i s\u1ebd mang \u0111\u1ebfn cho b\u1ea1n tr\u1ea3i nghi\u1ec7m \u1ea9m th\u1ef1c tuy\u1ec7t v\u1eddi nh\u1ea5t.<\/p>\n","protected":false},"excerpt":{"rendered":"<p>&nbsp;<\/p>\n<table width=\"723\">\n<tbody>\n<tr>\n<td width=\"412\">Preparation of egg with chopped onion,chilli and spices<\/td>\n<\/tr>\n<tr>\n<td width=\"412\"><em> Tr\u1ee9ng s\u1ed1t h\u00e0nh t\u00e2y, \u1edbt v\u00e0 gia v\u1ecb cay<\/em><\/td>\n<\/tr>\n<\/tbody>\n<\/table>\n","protected":false},"featured_media":3122,"template":"","meta":[],"product_brand":[],"product_cat":[221],"product_tag":[],"class_list":{"0":"post-3121","1":"product","2":"type-product","3":"status-publish","4":"has-post-thumbnail","6":"product_cat-cac-mon-rau-cu","8":"first","9":"instock","10":"taxable","11":"shipping-taxable","12":"purchasable","13":"product-type-simple"},"yoast_head":"<!-- This site is optimized with the Yoast SEO Premium plugin v22.3 (Yoast SEO v27.4) - https:\/\/yoast.com\/product\/yoast-seo-premium-wordpress\/ -->\n<title>Anda Bhurji (TR\u1ee8NG S\u1ed0T H\u00c0NH T\u00c2Y, GIA V\u1eca CAY)<\/title>\n<meta name=\"description\" content=\"Th\u01b0\u1edfng th\u1ee9c tr\u1ee9ng s\u1ed1t h\u00e0nh t\u00e2y, \u1edbt v\u00e0 gia v\u1ecb cay t\u1ea1i nh\u00e0 h\u00e0ng Tandoor Vietnam, m\u00f3n \u0103n rau c\u1ee7 \u0111\u1ea7y m\u00ea ho\u1eb7c t\u1eeb \u1ea9m th\u1ef1c \u1ea4n \u0110\u1ed9.\" \/>\n<meta name=\"robots\" content=\"index, follow, max-snippet:-1, max-image-preview:large, max-video-preview:-1\" \/>\n<link rel=\"canonical\" href=\"https:\/\/tandoorvietnam.com\/vi\/sanpham\/cac-mon-rau-cu\/trung-sot-hanh-tay-gia-vi-cay\/\" \/>\n<meta property=\"og:locale\" content=\"vi_VN\" \/>\n<meta property=\"og:type\" content=\"article\" \/>\n<meta property=\"og:title\" content=\"Anda Bhurji (TR\u1ee8NG S\u1ed0T H\u00c0NH T\u00c2Y, GIA V\u1eca CAY)\" \/>\n<meta property=\"og:description\" content=\"Th\u01b0\u1edfng th\u1ee9c tr\u1ee9ng s\u1ed1t h\u00e0nh t\u00e2y, \u1edbt v\u00e0 gia v\u1ecb cay t\u1ea1i nh\u00e0 h\u00e0ng Tandoor Vietnam, m\u00f3n \u0103n rau c\u1ee7 \u0111\u1ea7y m\u00ea ho\u1eb7c t\u1eeb \u1ea9m th\u1ef1c \u1ea4n \u0110\u1ed9.\" \/>\n<meta property=\"og:url\" content=\"https:\/\/tandoorvietnam.com\/vi\/sanpham\/cac-mon-rau-cu\/trung-sot-hanh-tay-gia-vi-cay\/\" \/>\n<meta property=\"og:site_name\" content=\"Tandoor Vi\u1ec7t Nam\" \/>\n<meta property=\"article:publisher\" content=\"https:\/\/www.facebook.com\/tandoor.hcmc\/\" \/>\n<meta property=\"article:modified_time\" content=\"2023-05-10T09:22:50+00:00\" \/>\n<meta property=\"og:image\" content=\"https:\/\/tandoorvietnam.com\/wp-content\/uploads\/2020\/06\/Anda-Bhurji.jpg\" \/>\n\t<meta property=\"og:image:width\" content=\"800\" \/>\n\t<meta property=\"og:image:height\" content=\"800\" \/>\n\t<meta property=\"og:image:type\" content=\"image\/jpeg\" \/>\n<meta name=\"twitter:card\" content=\"summary_large_image\" \/>\n<meta name=\"twitter:label1\" content=\"Est. reading time\" \/>\n\t<meta name=\"twitter:data1\" content=\"1 minute\" \/>\n<script type=\"application\/ld+json\" class=\"yoast-schema-graph\">{\"@context\":\"https:\\\/\\\/schema.org\",\"@graph\":[{\"@type\":\"WebPage\",\"@id\":\"https:\\\/\\\/tandoorvietnam.com\\\/vi\\\/sanpham\\\/cac-mon-rau-cu\\\/trung-sot-hanh-tay-gia-vi-cay\\\/\",\"url\":\"https:\\\/\\\/tandoorvietnam.com\\\/vi\\\/sanpham\\\/cac-mon-rau-cu\\\/trung-sot-hanh-tay-gia-vi-cay\\\/\",\"name\":\"Anda Bhurji (TR\u1ee8NG S\u1ed0T H\u00c0NH T\u00c2Y, GIA V\u1eca CAY)\",\"isPartOf\":{\"@id\":\"https:\\\/\\\/tandoorvietnam.com\\\/vi\\\/#website\"},\"primaryImageOfPage\":{\"@id\":\"https:\\\/\\\/tandoorvietnam.com\\\/vi\\\/sanpham\\\/cac-mon-rau-cu\\\/trung-sot-hanh-tay-gia-vi-cay\\\/#primaryimage\"},\"image\":{\"@id\":\"https:\\\/\\\/tandoorvietnam.com\\\/vi\\\/sanpham\\\/cac-mon-rau-cu\\\/trung-sot-hanh-tay-gia-vi-cay\\\/#primaryimage\"},\"thumbnailUrl\":\"https:\\\/\\\/tandoorvietnam.com\\\/wp-content\\\/uploads\\\/2020\\\/06\\\/Anda-Bhurji.jpg\",\"datePublished\":\"2021-04-12T09:04:28+00:00\",\"dateModified\":\"2023-05-10T09:22:50+00:00\",\"description\":\"Th\u01b0\u1edfng th\u1ee9c tr\u1ee9ng s\u1ed1t h\u00e0nh t\u00e2y, \u1edbt v\u00e0 gia v\u1ecb cay t\u1ea1i nh\u00e0 h\u00e0ng Tandoor Vietnam, m\u00f3n \u0103n rau c\u1ee7 \u0111\u1ea7y m\u00ea ho\u1eb7c t\u1eeb \u1ea9m th\u1ef1c \u1ea4n \u0110\u1ed9.\",\"breadcrumb\":{\"@id\":\"https:\\\/\\\/tandoorvietnam.com\\\/vi\\\/sanpham\\\/cac-mon-rau-cu\\\/trung-sot-hanh-tay-gia-vi-cay\\\/#breadcrumb\"},\"inLanguage\":\"vi-VN\",\"potentialAction\":[{\"@type\":\"ReadAction\",\"target\":[\"https:\\\/\\\/tandoorvietnam.com\\\/vi\\\/sanpham\\\/cac-mon-rau-cu\\\/trung-sot-hanh-tay-gia-vi-cay\\\/\"]}]},{\"@type\":\"ImageObject\",\"inLanguage\":\"vi-VN\",\"@id\":\"https:\\\/\\\/tandoorvietnam.com\\\/vi\\\/sanpham\\\/cac-mon-rau-cu\\\/trung-sot-hanh-tay-gia-vi-cay\\\/#primaryimage\",\"url\":\"https:\\\/\\\/tandoorvietnam.com\\\/wp-content\\\/uploads\\\/2020\\\/06\\\/Anda-Bhurji.jpg\",\"contentUrl\":\"https:\\\/\\\/tandoorvietnam.com\\\/wp-content\\\/uploads\\\/2020\\\/06\\\/Anda-Bhurji.jpg\",\"width\":800,\"height\":800,\"caption\":\"TR\u1ee8NG S\u1ed0T H\u00c0NH T\u00c2Y, GIA V\u1eca CAY\"},{\"@type\":\"BreadcrumbList\",\"@id\":\"https:\\\/\\\/tandoorvietnam.com\\\/vi\\\/sanpham\\\/cac-mon-rau-cu\\\/trung-sot-hanh-tay-gia-vi-cay\\\/#breadcrumb\",\"itemListElement\":[{\"@type\":\"ListItem\",\"position\":1,\"name\":\"Trang Ch\u1ee7\",\"item\":\"https:\\\/\\\/tandoorvietnam.com\\\/vi\\\/\"},{\"@type\":\"ListItem\",\"position\":2,\"name\":\"Shop\",\"item\":\"https:\\\/\\\/tandoorvietnam.com\\\/shop\\\/\"},{\"@type\":\"ListItem\",\"position\":3,\"name\":\"Anda Bhurji (TR\u1ee8NG S\u1ed0T H\u00c0NH T\u00c2Y, GIA V\u1eca CAY)\"}]},{\"@type\":\"WebSite\",\"@id\":\"https:\\\/\\\/tandoorvietnam.com\\\/vi\\\/#website\",\"url\":\"https:\\\/\\\/tandoorvietnam.com\\\/vi\\\/\",\"name\":\"Tandoor Vietnam\",\"description\":\"Nh\u00e0 h\u00e0ng ngon h\u1ed3 ch\u00ed minh\",\"publisher\":{\"@id\":\"https:\\\/\\\/tandoorvietnam.com\\\/vi\\\/#organization\"},\"potentialAction\":[{\"@type\":\"SearchAction\",\"target\":{\"@type\":\"EntryPoint\",\"urlTemplate\":\"https:\\\/\\\/tandoorvietnam.com\\\/vi\\\/?s={search_term_string}\"},\"query-input\":{\"@type\":\"PropertyValueSpecification\",\"valueRequired\":true,\"valueName\":\"search_term_string\"}}],\"inLanguage\":\"vi-VN\"},{\"@type\":\"Organization\",\"@id\":\"https:\\\/\\\/tandoorvietnam.com\\\/vi\\\/#organization\",\"name\":\"Tandoor Vietnam\",\"url\":\"https:\\\/\\\/tandoorvietnam.com\\\/vi\\\/\",\"logo\":{\"@type\":\"ImageObject\",\"inLanguage\":\"vi-VN\",\"@id\":\"https:\\\/\\\/tandoorvietnam.com\\\/vi\\\/#\\\/schema\\\/logo\\\/image\\\/\",\"url\":\"https:\\\/\\\/tandoorvietnam.com\\\/wp-content\\\/uploads\\\/2020\\\/07\\\/logo.png\",\"contentUrl\":\"https:\\\/\\\/tandoorvietnam.com\\\/wp-content\\\/uploads\\\/2020\\\/07\\\/logo.png\",\"width\":133,\"height\":75,\"caption\":\"Tandoor Vietnam\"},\"image\":{\"@id\":\"https:\\\/\\\/tandoorvietnam.com\\\/vi\\\/#\\\/schema\\\/logo\\\/image\\\/\"},\"sameAs\":[\"https:\\\/\\\/www.facebook.com\\\/tandoor.hcmc\\\/\"]}]}<\/script>\n<!-- \/ Yoast SEO Premium plugin. -->","yoast_head_json":{"title":"Anda Bhurji (TR\u1ee8NG S\u1ed0T H\u00c0NH T\u00c2Y, GIA V\u1eca CAY)","description":"Th\u01b0\u1edfng th\u1ee9c tr\u1ee9ng s\u1ed1t h\u00e0nh t\u00e2y, \u1edbt v\u00e0 gia v\u1ecb cay t\u1ea1i nh\u00e0 h\u00e0ng Tandoor Vietnam, m\u00f3n \u0103n rau c\u1ee7 \u0111\u1ea7y m\u00ea ho\u1eb7c t\u1eeb \u1ea9m th\u1ef1c \u1ea4n \u0110\u1ed9.","robots":{"index":"index","follow":"follow","max-snippet":"max-snippet:-1","max-image-preview":"max-image-preview:large","max-video-preview":"max-video-preview:-1"},"canonical":"https:\/\/tandoorvietnam.com\/vi\/sanpham\/cac-mon-rau-cu\/trung-sot-hanh-tay-gia-vi-cay\/","og_locale":"vi_VN","og_type":"article","og_title":"Anda Bhurji (TR\u1ee8NG S\u1ed0T H\u00c0NH T\u00c2Y, GIA V\u1eca CAY)","og_description":"Th\u01b0\u1edfng th\u1ee9c tr\u1ee9ng s\u1ed1t h\u00e0nh t\u00e2y, \u1edbt v\u00e0 gia v\u1ecb cay t\u1ea1i nh\u00e0 h\u00e0ng Tandoor Vietnam, m\u00f3n \u0103n rau c\u1ee7 \u0111\u1ea7y m\u00ea ho\u1eb7c t\u1eeb \u1ea9m th\u1ef1c \u1ea4n \u0110\u1ed9.","og_url":"https:\/\/tandoorvietnam.com\/vi\/sanpham\/cac-mon-rau-cu\/trung-sot-hanh-tay-gia-vi-cay\/","og_site_name":"Tandoor Vi\u1ec7t Nam","article_publisher":"https:\/\/www.facebook.com\/tandoor.hcmc\/","article_modified_time":"2023-05-10T09:22:50+00:00","og_image":[{"width":800,"height":800,"url":"https:\/\/tandoorvietnam.com\/wp-content\/uploads\/2020\/06\/Anda-Bhurji.jpg","type":"image\/jpeg"}],"twitter_card":"summary_large_image","twitter_misc":{"Est. reading time":"1 minute"},"schema":{"@context":"https:\/\/schema.org","@graph":[{"@type":"WebPage","@id":"https:\/\/tandoorvietnam.com\/vi\/sanpham\/cac-mon-rau-cu\/trung-sot-hanh-tay-gia-vi-cay\/","url":"https:\/\/tandoorvietnam.com\/vi\/sanpham\/cac-mon-rau-cu\/trung-sot-hanh-tay-gia-vi-cay\/","name":"Anda Bhurji (TR\u1ee8NG S\u1ed0T H\u00c0NH T\u00c2Y, GIA V\u1eca CAY)","isPartOf":{"@id":"https:\/\/tandoorvietnam.com\/vi\/#website"},"primaryImageOfPage":{"@id":"https:\/\/tandoorvietnam.com\/vi\/sanpham\/cac-mon-rau-cu\/trung-sot-hanh-tay-gia-vi-cay\/#primaryimage"},"image":{"@id":"https:\/\/tandoorvietnam.com\/vi\/sanpham\/cac-mon-rau-cu\/trung-sot-hanh-tay-gia-vi-cay\/#primaryimage"},"thumbnailUrl":"https:\/\/tandoorvietnam.com\/wp-content\/uploads\/2020\/06\/Anda-Bhurji.jpg","datePublished":"2021-04-12T09:04:28+00:00","dateModified":"2023-05-10T09:22:50+00:00","description":"Th\u01b0\u1edfng th\u1ee9c tr\u1ee9ng s\u1ed1t h\u00e0nh t\u00e2y, \u1edbt v\u00e0 gia v\u1ecb cay t\u1ea1i nh\u00e0 h\u00e0ng Tandoor Vietnam, m\u00f3n \u0103n rau c\u1ee7 \u0111\u1ea7y m\u00ea ho\u1eb7c t\u1eeb \u1ea9m th\u1ef1c \u1ea4n \u0110\u1ed9.","breadcrumb":{"@id":"https:\/\/tandoorvietnam.com\/vi\/sanpham\/cac-mon-rau-cu\/trung-sot-hanh-tay-gia-vi-cay\/#breadcrumb"},"inLanguage":"vi-VN","potentialAction":[{"@type":"ReadAction","target":["https:\/\/tandoorvietnam.com\/vi\/sanpham\/cac-mon-rau-cu\/trung-sot-hanh-tay-gia-vi-cay\/"]}]},{"@type":"ImageObject","inLanguage":"vi-VN","@id":"https:\/\/tandoorvietnam.com\/vi\/sanpham\/cac-mon-rau-cu\/trung-sot-hanh-tay-gia-vi-cay\/#primaryimage","url":"https:\/\/tandoorvietnam.com\/wp-content\/uploads\/2020\/06\/Anda-Bhurji.jpg","contentUrl":"https:\/\/tandoorvietnam.com\/wp-content\/uploads\/2020\/06\/Anda-Bhurji.jpg","width":800,"height":800,"caption":"TR\u1ee8NG S\u1ed0T H\u00c0NH T\u00c2Y, GIA V\u1eca CAY"},{"@type":"BreadcrumbList","@id":"https:\/\/tandoorvietnam.com\/vi\/sanpham\/cac-mon-rau-cu\/trung-sot-hanh-tay-gia-vi-cay\/#breadcrumb","itemListElement":[{"@type":"ListItem","position":1,"name":"Trang Ch\u1ee7","item":"https:\/\/tandoorvietnam.com\/vi\/"},{"@type":"ListItem","position":2,"name":"Shop","item":"https:\/\/tandoorvietnam.com\/shop\/"},{"@type":"ListItem","position":3,"name":"Anda Bhurji (TR\u1ee8NG S\u1ed0T H\u00c0NH T\u00c2Y, GIA V\u1eca CAY)"}]},{"@type":"WebSite","@id":"https:\/\/tandoorvietnam.com\/vi\/#website","url":"https:\/\/tandoorvietnam.com\/vi\/","name":"Tandoor Vietnam","description":"Nh\u00e0 h\u00e0ng ngon h\u1ed3 ch\u00ed minh","publisher":{"@id":"https:\/\/tandoorvietnam.com\/vi\/#organization"},"potentialAction":[{"@type":"SearchAction","target":{"@type":"EntryPoint","urlTemplate":"https:\/\/tandoorvietnam.com\/vi\/?s={search_term_string}"},"query-input":{"@type":"PropertyValueSpecification","valueRequired":true,"valueName":"search_term_string"}}],"inLanguage":"vi-VN"},{"@type":"Organization","@id":"https:\/\/tandoorvietnam.com\/vi\/#organization","name":"Tandoor Vietnam","url":"https:\/\/tandoorvietnam.com\/vi\/","logo":{"@type":"ImageObject","inLanguage":"vi-VN","@id":"https:\/\/tandoorvietnam.com\/vi\/#\/schema\/logo\/image\/","url":"https:\/\/tandoorvietnam.com\/wp-content\/uploads\/2020\/07\/logo.png","contentUrl":"https:\/\/tandoorvietnam.com\/wp-content\/uploads\/2020\/07\/logo.png","width":133,"height":75,"caption":"Tandoor Vietnam"},"image":{"@id":"https:\/\/tandoorvietnam.com\/vi\/#\/schema\/logo\/image\/"},"sameAs":["https:\/\/www.facebook.com\/tandoor.hcmc\/"]}]}},"_links":{"self":[{"href":"https:\/\/tandoorvietnam.com\/vi\/wp-json\/wp\/v2\/product\/3121","targetHints":{"allow":["GET"]}}],"collection":[{"href":"https:\/\/tandoorvietnam.com\/vi\/wp-json\/wp\/v2\/product"}],"about":[{"href":"https:\/\/tandoorvietnam.com\/vi\/wp-json\/wp\/v2\/types\/product"}],"wp:featuredmedia":[{"embeddable":true,"href":"https:\/\/tandoorvietnam.com\/vi\/wp-json\/wp\/v2\/media\/3122"}],"wp:attachment":[{"href":"https:\/\/tandoorvietnam.com\/vi\/wp-json\/wp\/v2\/media?parent=3121"}],"wp:term":[{"taxonomy":"product_brand","embeddable":true,"href":"https:\/\/tandoorvietnam.com\/vi\/wp-json\/wp\/v2\/product_brand?post=3121"},{"taxonomy":"product_cat","embeddable":true,"href":"https:\/\/tandoorvietnam.com\/vi\/wp-json\/wp\/v2\/product_cat?post=3121"},{"taxonomy":"product_tag","embeddable":true,"href":"https:\/\/tandoorvietnam.com\/vi\/wp-json\/wp\/v2\/product_tag?post=3121"}],"curies":[{"name":"wp","href":"https:\/\/api.w.org\/{rel}","templated":true}]}}