{"id":3131,"date":"2020-06-20T12:01:16","date_gmt":"2021-04-12T09:14:07","guid":{"rendered":"http:\/\/tandoorvietnam.com\/product\/uncategorized\/dau-bap-nau-hanh-va-gia-vi-cay\/"},"modified":"2023-05-09T08:04:09","modified_gmt":"2023-05-09T08:04:09","slug":"dau-bap-nau-hanh-va-gia-vi-cay","status":"publish","type":"product","link":"https:\/\/tandoorvietnam.com\/vi\/sanpham\/cac-mon-rau-cu\/dau-bap-nau-hanh-va-gia-vi-cay\/","title":{"rendered":"Bhindi Do Piaza (\u0110\u1eacU B\u1eaeP N\u1ea4U H\u00c0NH V\u00c0 GIA V\u1eca CAY)"},"content":{"rendered":"<p>\u0110\u1eadu b\u1eafp n\u1ea5u h\u00e0nh v\u00e0 gia v\u1ecb cay l\u00e0 m\u1ed9t m\u00f3n \u0103n chay truy\u1ec1n th\u1ed1ng c\u1ee7a \u1ea4n \u0110\u1ed9. M\u00f3n \u0103n n\u00e0y kh\u00f4ng ch\u1ec9 c\u00f3 h\u01b0\u01a1ng v\u1ecb th\u01a1m ngon m\u00e0 c\u00f2n r\u1ea5t gi\u00e0u dinh d\u01b0\u1ee1ng. \u1ede Tandoor Vietnam, \u0111\u1eadu b\u1eafp \u0111\u01b0\u1ee3c ch\u1ecdn l\u1ecdc v\u00e0 c\u1eaft kh\u00fac v\u1eeba \u0111\u1ee7, sau \u0111\u00f3 \u0111\u01b0\u1ee3c n\u1ea5u v\u1edbi h\u00e0nh v\u00e0 gia v\u1ecb cay \u0111\u1ec3 t\u1ea1o ra m\u1ed9t m\u00f3n \u0103n chay \u0111\u1eadm \u0111\u00e0, cay n\u1ed3ng v\u00e0 th\u01a1m ngon.<\/p>\n<p>\u0110\u1eadu b\u1eafp l\u00e0 m\u1ed9t ngu\u1ed3n cung c\u1ea5p ch\u1ea5t x\u01a1 v\u00e0 ch\u1ea5t dinh d\u01b0\u1ee1ng cho c\u01a1 th\u1ec3. \u0110\u1eadu b\u1eafp c\u00f3 ch\u1ee9a h\u00e0m l\u01b0\u1ee3ng vitamin C v\u00e0 vitamin K cao, c\u0169ng nh\u01b0 ch\u1ea5t ch\u1ed1ng oxy h\u00f3a. Ngo\u00e0i ra, \u0111\u1eadu b\u1eafp c\u0169ng cung c\u1ea5p nhi\u1ec1u protein v\u00e0 ch\u1ea5t b\u00e9o kh\u00f4ng b\u00e3o h\u00f2a cho c\u01a1 th\u1ec3. Khi k\u1ebft h\u1ee3p v\u1edbi h\u00e0nh v\u00e0 gia v\u1ecb cay, \u0111\u1eadu b\u1eafp tr\u1edf th\u00e0nh m\u1ed9t m\u00f3n \u0103n chay th\u01a1m ngon v\u00e0 gi\u00e0u dinh d\u01b0\u1ee1ng.<\/p>\n<p>Bhindi Do Piaza th\u01b0\u1eddng \u0111\u01b0\u1ee3c \u0103n k\u00e8m v\u1edbi b\u00e1nh m\u00ec ho\u1eb7c c\u01a1m. N\u00f3 c\u0169ng c\u00f3 th\u1ec3 \u0111\u01b0\u1ee3c \u0103n nh\u01b0 m\u1ed9t m\u00f3n \u0103n chay khai v\u1ecb ho\u1eb7c m\u00f3n \u0103n nh\u1eb9. N\u1ebfu b\u1ea1n y\u00eau th\u00edch \u1ea9m th\u1ef1c chay ho\u1eb7c \u0111ang t\u00ecm ki\u1ebfm m\u1ed9t m\u00f3n \u0103n chay m\u1edbi \u0111\u1ec3 th\u01b0\u1edfng th\u1ee9c, h\u00e3y \u0111\u1ebfn v\u1edbi<a href=\"https:\/\/tandoorvietnam.com\/\"> nh\u00e0 h\u00e0ng Tandoor Vietnam<\/a> v\u00e0 th\u1eed \u0111\u1eadu b\u1eafp n\u1ea5u h\u00e0nh v\u00e0 gia v\u1ecb cay c\u1ee7a ch\u00fang t\u00f4i.<\/p>\n","protected":false},"excerpt":{"rendered":"<p>&nbsp;<\/p>\n<table width=\"723\">\n<tbody>\n<tr>\n<td width=\"412\">Preparation of Okra (ladies finger) with onion and spices<\/td>\n<\/tr>\n<tr>\n<td width=\"412\"><em> \u0110\u1eadu b\u1eafp c\u1eaft kh\u00fac n\u1ea5u v\u1edbi h\u00e0nh v\u00e0 gia v\u1ecb cay<\/em><\/td>\n<\/tr>\n<\/tbody>\n<\/table>\n","protected":false},"featured_media":3132,"template":"","meta":[],"product_brand":[],"product_cat":[221],"product_tag":[],"class_list":{"0":"post-3131","1":"product","2":"type-product","3":"status-publish","4":"has-post-thumbnail","6":"product_cat-cac-mon-rau-cu","8":"first","9":"instock","10":"taxable","11":"shipping-taxable","12":"purchasable","13":"product-type-simple"},"yoast_head":"<!-- This site is optimized with the Yoast SEO Premium plugin v22.3 (Yoast SEO v27.6) - https:\/\/yoast.com\/product\/yoast-seo-premium-wordpress\/ -->\n<title>Bhindi Do Piaza (\u0110\u1eacU B\u1eaeP N\u1ea4U H\u00c0NH V\u00c0 GIA V\u1eca CAY)<\/title>\n<meta name=\"description\" content=\"\u0110\u1eadu b\u1eafp n\u1ea5u h\u00e0nh v\u00e0 gia v\u1ecb cay t\u1ea1i Tandoor Vietnam. M\u00f3n \u0103n chay tuy\u1ec7t v\u1eddi cho c\u00e1c t\u00edn \u0111\u1ed3 \u0103n chay ho\u1eb7c nh\u1eefng ai y\u00eau th\u00edch \u1ea9m th\u1ef1c chay.\" \/>\n<meta name=\"robots\" content=\"index, follow, max-snippet:-1, max-image-preview:large, max-video-preview:-1\" \/>\n<link rel=\"canonical\" href=\"https:\/\/tandoorvietnam.com\/vi\/sanpham\/cac-mon-rau-cu\/dau-bap-nau-hanh-va-gia-vi-cay\/\" \/>\n<meta property=\"og:locale\" content=\"vi_VN\" \/>\n<meta property=\"og:type\" content=\"article\" \/>\n<meta property=\"og:title\" content=\"Bhindi Do Piaza (\u0110\u1eacU B\u1eaeP N\u1ea4U H\u00c0NH V\u00c0 GIA V\u1eca CAY)\" \/>\n<meta property=\"og:description\" content=\"\u0110\u1eadu b\u1eafp n\u1ea5u h\u00e0nh v\u00e0 gia v\u1ecb cay t\u1ea1i Tandoor Vietnam. M\u00f3n \u0103n chay tuy\u1ec7t v\u1eddi cho c\u00e1c t\u00edn \u0111\u1ed3 \u0103n chay ho\u1eb7c nh\u1eefng ai y\u00eau th\u00edch \u1ea9m th\u1ef1c chay.\" \/>\n<meta property=\"og:url\" content=\"https:\/\/tandoorvietnam.com\/vi\/sanpham\/cac-mon-rau-cu\/dau-bap-nau-hanh-va-gia-vi-cay\/\" \/>\n<meta property=\"og:site_name\" content=\"Tandoor Vi\u1ec7t Nam\" \/>\n<meta property=\"article:publisher\" content=\"https:\/\/www.facebook.com\/tandoor.hcmc\/\" \/>\n<meta property=\"article:modified_time\" content=\"2023-05-09T08:04:09+00:00\" \/>\n<meta property=\"og:image\" content=\"https:\/\/tandoorvietnam.com\/wp-content\/uploads\/2020\/06\/Bhindi-do-piaza1.jpg\" \/>\n\t<meta property=\"og:image:width\" content=\"1400\" \/>\n\t<meta property=\"og:image:height\" content=\"1400\" \/>\n\t<meta property=\"og:image:type\" content=\"image\/jpeg\" \/>\n<meta name=\"twitter:card\" content=\"summary_large_image\" \/>\n<meta name=\"twitter:label1\" content=\"Est. reading time\" \/>\n\t<meta name=\"twitter:data1\" content=\"1 minute\" \/>\n<script type=\"application\/ld+json\" class=\"yoast-schema-graph\">{\"@context\":\"https:\\\/\\\/schema.org\",\"@graph\":[{\"@type\":\"WebPage\",\"@id\":\"https:\\\/\\\/tandoorvietnam.com\\\/vi\\\/sanpham\\\/cac-mon-rau-cu\\\/dau-bap-nau-hanh-va-gia-vi-cay\\\/\",\"url\":\"https:\\\/\\\/tandoorvietnam.com\\\/vi\\\/sanpham\\\/cac-mon-rau-cu\\\/dau-bap-nau-hanh-va-gia-vi-cay\\\/\",\"name\":\"Bhindi Do Piaza (\u0110\u1eacU B\u1eaeP N\u1ea4U H\u00c0NH V\u00c0 GIA V\u1eca CAY)\",\"isPartOf\":{\"@id\":\"https:\\\/\\\/tandoorvietnam.com\\\/vi\\\/#website\"},\"primaryImageOfPage\":{\"@id\":\"https:\\\/\\\/tandoorvietnam.com\\\/vi\\\/sanpham\\\/cac-mon-rau-cu\\\/dau-bap-nau-hanh-va-gia-vi-cay\\\/#primaryimage\"},\"image\":{\"@id\":\"https:\\\/\\\/tandoorvietnam.com\\\/vi\\\/sanpham\\\/cac-mon-rau-cu\\\/dau-bap-nau-hanh-va-gia-vi-cay\\\/#primaryimage\"},\"thumbnailUrl\":\"https:\\\/\\\/tandoorvietnam.com\\\/wp-content\\\/uploads\\\/2020\\\/06\\\/Bhindi-do-piaza1.jpg\",\"datePublished\":\"2021-04-12T09:14:07+00:00\",\"dateModified\":\"2023-05-09T08:04:09+00:00\",\"description\":\"\u0110\u1eadu b\u1eafp n\u1ea5u h\u00e0nh v\u00e0 gia v\u1ecb cay t\u1ea1i Tandoor Vietnam. M\u00f3n \u0103n chay tuy\u1ec7t v\u1eddi cho c\u00e1c t\u00edn \u0111\u1ed3 \u0103n chay ho\u1eb7c nh\u1eefng ai y\u00eau th\u00edch \u1ea9m th\u1ef1c chay.\",\"breadcrumb\":{\"@id\":\"https:\\\/\\\/tandoorvietnam.com\\\/vi\\\/sanpham\\\/cac-mon-rau-cu\\\/dau-bap-nau-hanh-va-gia-vi-cay\\\/#breadcrumb\"},\"inLanguage\":\"vi-VN\",\"potentialAction\":[{\"@type\":\"ReadAction\",\"target\":[\"https:\\\/\\\/tandoorvietnam.com\\\/vi\\\/sanpham\\\/cac-mon-rau-cu\\\/dau-bap-nau-hanh-va-gia-vi-cay\\\/\"]}]},{\"@type\":\"ImageObject\",\"inLanguage\":\"vi-VN\",\"@id\":\"https:\\\/\\\/tandoorvietnam.com\\\/vi\\\/sanpham\\\/cac-mon-rau-cu\\\/dau-bap-nau-hanh-va-gia-vi-cay\\\/#primaryimage\",\"url\":\"https:\\\/\\\/tandoorvietnam.com\\\/wp-content\\\/uploads\\\/2020\\\/06\\\/Bhindi-do-piaza1.jpg\",\"contentUrl\":\"https:\\\/\\\/tandoorvietnam.com\\\/wp-content\\\/uploads\\\/2020\\\/06\\\/Bhindi-do-piaza1.jpg\",\"width\":1400,\"height\":1400,\"caption\":\"\u0110\u1eacU B\u1eaeP N\u1ea4U H\u00c0NH V\u00c0 GIA V\u1eca CAY\"},{\"@type\":\"BreadcrumbList\",\"@id\":\"https:\\\/\\\/tandoorvietnam.com\\\/vi\\\/sanpham\\\/cac-mon-rau-cu\\\/dau-bap-nau-hanh-va-gia-vi-cay\\\/#breadcrumb\",\"itemListElement\":[{\"@type\":\"ListItem\",\"position\":1,\"name\":\"Trang Ch\u1ee7\",\"item\":\"https:\\\/\\\/tandoorvietnam.com\\\/vi\\\/\"},{\"@type\":\"ListItem\",\"position\":2,\"name\":\"Shop\",\"item\":\"https:\\\/\\\/tandoorvietnam.com\\\/shop\\\/\"},{\"@type\":\"ListItem\",\"position\":3,\"name\":\"Bhindi Do Piaza (\u0110\u1eacU B\u1eaeP N\u1ea4U H\u00c0NH V\u00c0 GIA V\u1eca CAY)\"}]},{\"@type\":\"WebSite\",\"@id\":\"https:\\\/\\\/tandoorvietnam.com\\\/vi\\\/#website\",\"url\":\"https:\\\/\\\/tandoorvietnam.com\\\/vi\\\/\",\"name\":\"Tandoor Vietnam\",\"description\":\"Nh\u00e0 h\u00e0ng ngon h\u1ed3 ch\u00ed minh\",\"publisher\":{\"@id\":\"https:\\\/\\\/tandoorvietnam.com\\\/vi\\\/#organization\"},\"potentialAction\":[{\"@type\":\"SearchAction\",\"target\":{\"@type\":\"EntryPoint\",\"urlTemplate\":\"https:\\\/\\\/tandoorvietnam.com\\\/vi\\\/?s={search_term_string}\"},\"query-input\":{\"@type\":\"PropertyValueSpecification\",\"valueRequired\":true,\"valueName\":\"search_term_string\"}}],\"inLanguage\":\"vi-VN\"},{\"@type\":\"Organization\",\"@id\":\"https:\\\/\\\/tandoorvietnam.com\\\/vi\\\/#organization\",\"name\":\"Tandoor Vietnam\",\"url\":\"https:\\\/\\\/tandoorvietnam.com\\\/vi\\\/\",\"logo\":{\"@type\":\"ImageObject\",\"inLanguage\":\"vi-VN\",\"@id\":\"https:\\\/\\\/tandoorvietnam.com\\\/vi\\\/#\\\/schema\\\/logo\\\/image\\\/\",\"url\":\"https:\\\/\\\/tandoorvietnam.com\\\/wp-content\\\/uploads\\\/2020\\\/07\\\/logo.png\",\"contentUrl\":\"https:\\\/\\\/tandoorvietnam.com\\\/wp-content\\\/uploads\\\/2020\\\/07\\\/logo.png\",\"width\":133,\"height\":75,\"caption\":\"Tandoor Vietnam\"},\"image\":{\"@id\":\"https:\\\/\\\/tandoorvietnam.com\\\/vi\\\/#\\\/schema\\\/logo\\\/image\\\/\"},\"sameAs\":[\"https:\\\/\\\/www.facebook.com\\\/tandoor.hcmc\\\/\"]}]}<\/script>\n<!-- \/ Yoast SEO Premium plugin. -->","yoast_head_json":{"title":"Bhindi Do Piaza (\u0110\u1eacU B\u1eaeP N\u1ea4U H\u00c0NH V\u00c0 GIA V\u1eca CAY)","description":"\u0110\u1eadu b\u1eafp n\u1ea5u h\u00e0nh v\u00e0 gia v\u1ecb cay t\u1ea1i Tandoor Vietnam. M\u00f3n \u0103n chay tuy\u1ec7t v\u1eddi cho c\u00e1c t\u00edn \u0111\u1ed3 \u0103n chay ho\u1eb7c nh\u1eefng ai y\u00eau th\u00edch \u1ea9m th\u1ef1c chay.","robots":{"index":"index","follow":"follow","max-snippet":"max-snippet:-1","max-image-preview":"max-image-preview:large","max-video-preview":"max-video-preview:-1"},"canonical":"https:\/\/tandoorvietnam.com\/vi\/sanpham\/cac-mon-rau-cu\/dau-bap-nau-hanh-va-gia-vi-cay\/","og_locale":"vi_VN","og_type":"article","og_title":"Bhindi Do Piaza (\u0110\u1eacU B\u1eaeP N\u1ea4U H\u00c0NH V\u00c0 GIA V\u1eca CAY)","og_description":"\u0110\u1eadu b\u1eafp n\u1ea5u h\u00e0nh v\u00e0 gia v\u1ecb cay t\u1ea1i Tandoor Vietnam. M\u00f3n \u0103n chay tuy\u1ec7t v\u1eddi cho c\u00e1c t\u00edn \u0111\u1ed3 \u0103n chay ho\u1eb7c nh\u1eefng ai y\u00eau th\u00edch \u1ea9m th\u1ef1c chay.","og_url":"https:\/\/tandoorvietnam.com\/vi\/sanpham\/cac-mon-rau-cu\/dau-bap-nau-hanh-va-gia-vi-cay\/","og_site_name":"Tandoor Vi\u1ec7t Nam","article_publisher":"https:\/\/www.facebook.com\/tandoor.hcmc\/","article_modified_time":"2023-05-09T08:04:09+00:00","og_image":[{"width":1400,"height":1400,"url":"https:\/\/tandoorvietnam.com\/wp-content\/uploads\/2020\/06\/Bhindi-do-piaza1.jpg","type":"image\/jpeg"}],"twitter_card":"summary_large_image","twitter_misc":{"Est. reading time":"1 minute"},"schema":{"@context":"https:\/\/schema.org","@graph":[{"@type":"WebPage","@id":"https:\/\/tandoorvietnam.com\/vi\/sanpham\/cac-mon-rau-cu\/dau-bap-nau-hanh-va-gia-vi-cay\/","url":"https:\/\/tandoorvietnam.com\/vi\/sanpham\/cac-mon-rau-cu\/dau-bap-nau-hanh-va-gia-vi-cay\/","name":"Bhindi Do Piaza (\u0110\u1eacU B\u1eaeP N\u1ea4U H\u00c0NH V\u00c0 GIA V\u1eca CAY)","isPartOf":{"@id":"https:\/\/tandoorvietnam.com\/vi\/#website"},"primaryImageOfPage":{"@id":"https:\/\/tandoorvietnam.com\/vi\/sanpham\/cac-mon-rau-cu\/dau-bap-nau-hanh-va-gia-vi-cay\/#primaryimage"},"image":{"@id":"https:\/\/tandoorvietnam.com\/vi\/sanpham\/cac-mon-rau-cu\/dau-bap-nau-hanh-va-gia-vi-cay\/#primaryimage"},"thumbnailUrl":"https:\/\/tandoorvietnam.com\/wp-content\/uploads\/2020\/06\/Bhindi-do-piaza1.jpg","datePublished":"2021-04-12T09:14:07+00:00","dateModified":"2023-05-09T08:04:09+00:00","description":"\u0110\u1eadu b\u1eafp n\u1ea5u h\u00e0nh v\u00e0 gia v\u1ecb cay t\u1ea1i Tandoor Vietnam. M\u00f3n \u0103n chay tuy\u1ec7t v\u1eddi cho c\u00e1c t\u00edn \u0111\u1ed3 \u0103n chay ho\u1eb7c nh\u1eefng ai y\u00eau th\u00edch \u1ea9m th\u1ef1c chay.","breadcrumb":{"@id":"https:\/\/tandoorvietnam.com\/vi\/sanpham\/cac-mon-rau-cu\/dau-bap-nau-hanh-va-gia-vi-cay\/#breadcrumb"},"inLanguage":"vi-VN","potentialAction":[{"@type":"ReadAction","target":["https:\/\/tandoorvietnam.com\/vi\/sanpham\/cac-mon-rau-cu\/dau-bap-nau-hanh-va-gia-vi-cay\/"]}]},{"@type":"ImageObject","inLanguage":"vi-VN","@id":"https:\/\/tandoorvietnam.com\/vi\/sanpham\/cac-mon-rau-cu\/dau-bap-nau-hanh-va-gia-vi-cay\/#primaryimage","url":"https:\/\/tandoorvietnam.com\/wp-content\/uploads\/2020\/06\/Bhindi-do-piaza1.jpg","contentUrl":"https:\/\/tandoorvietnam.com\/wp-content\/uploads\/2020\/06\/Bhindi-do-piaza1.jpg","width":1400,"height":1400,"caption":"\u0110\u1eacU B\u1eaeP N\u1ea4U H\u00c0NH V\u00c0 GIA V\u1eca CAY"},{"@type":"BreadcrumbList","@id":"https:\/\/tandoorvietnam.com\/vi\/sanpham\/cac-mon-rau-cu\/dau-bap-nau-hanh-va-gia-vi-cay\/#breadcrumb","itemListElement":[{"@type":"ListItem","position":1,"name":"Trang Ch\u1ee7","item":"https:\/\/tandoorvietnam.com\/vi\/"},{"@type":"ListItem","position":2,"name":"Shop","item":"https:\/\/tandoorvietnam.com\/shop\/"},{"@type":"ListItem","position":3,"name":"Bhindi Do Piaza (\u0110\u1eacU B\u1eaeP N\u1ea4U H\u00c0NH V\u00c0 GIA V\u1eca CAY)"}]},{"@type":"WebSite","@id":"https:\/\/tandoorvietnam.com\/vi\/#website","url":"https:\/\/tandoorvietnam.com\/vi\/","name":"Tandoor Vietnam","description":"Nh\u00e0 h\u00e0ng ngon h\u1ed3 ch\u00ed minh","publisher":{"@id":"https:\/\/tandoorvietnam.com\/vi\/#organization"},"potentialAction":[{"@type":"SearchAction","target":{"@type":"EntryPoint","urlTemplate":"https:\/\/tandoorvietnam.com\/vi\/?s={search_term_string}"},"query-input":{"@type":"PropertyValueSpecification","valueRequired":true,"valueName":"search_term_string"}}],"inLanguage":"vi-VN"},{"@type":"Organization","@id":"https:\/\/tandoorvietnam.com\/vi\/#organization","name":"Tandoor Vietnam","url":"https:\/\/tandoorvietnam.com\/vi\/","logo":{"@type":"ImageObject","inLanguage":"vi-VN","@id":"https:\/\/tandoorvietnam.com\/vi\/#\/schema\/logo\/image\/","url":"https:\/\/tandoorvietnam.com\/wp-content\/uploads\/2020\/07\/logo.png","contentUrl":"https:\/\/tandoorvietnam.com\/wp-content\/uploads\/2020\/07\/logo.png","width":133,"height":75,"caption":"Tandoor Vietnam"},"image":{"@id":"https:\/\/tandoorvietnam.com\/vi\/#\/schema\/logo\/image\/"},"sameAs":["https:\/\/www.facebook.com\/tandoor.hcmc\/"]}]}},"_links":{"self":[{"href":"https:\/\/tandoorvietnam.com\/vi\/wp-json\/wp\/v2\/product\/3131","targetHints":{"allow":["GET"]}}],"collection":[{"href":"https:\/\/tandoorvietnam.com\/vi\/wp-json\/wp\/v2\/product"}],"about":[{"href":"https:\/\/tandoorvietnam.com\/vi\/wp-json\/wp\/v2\/types\/product"}],"wp:featuredmedia":[{"embeddable":true,"href":"https:\/\/tandoorvietnam.com\/vi\/wp-json\/wp\/v2\/media\/3132"}],"wp:attachment":[{"href":"https:\/\/tandoorvietnam.com\/vi\/wp-json\/wp\/v2\/media?parent=3131"}],"wp:term":[{"taxonomy":"product_brand","embeddable":true,"href":"https:\/\/tandoorvietnam.com\/vi\/wp-json\/wp\/v2\/product_brand?post=3131"},{"taxonomy":"product_cat","embeddable":true,"href":"https:\/\/tandoorvietnam.com\/vi\/wp-json\/wp\/v2\/product_cat?post=3131"},{"taxonomy":"product_tag","embeddable":true,"href":"https:\/\/tandoorvietnam.com\/vi\/wp-json\/wp\/v2\/product_tag?post=3131"}],"curies":[{"name":"wp","href":"https:\/\/api.w.org\/{rel}","templated":true}]}}