{"id":3135,"date":"2020-06-20T11:29:40","date_gmt":"2021-04-12T09:16:45","guid":{"rendered":"http:\/\/tandoorvietnam.com\/product\/uncategorized\/sup-lo-sot-kho-voi-hanh-va-hat-thi-la\/"},"modified":"2023-05-11T04:33:42","modified_gmt":"2023-05-11T04:33:42","slug":"sup-lo-sot-kho-voi-hanh-va-hat-thi-la","status":"publish","type":"product","link":"https:\/\/tandoorvietnam.com\/vi\/sanpham\/cac-mon-rau-cu\/sup-lo-sot-kho-voi-hanh-va-hat-thi-la\/","title":{"rendered":"Cauliflower dry (S\u00daP L\u01a0 S\u1ed0T KH\u00d4 V\u1edaI H\u00c0NH V\u00c0 H\u1ea0T TH\u00cc L\u00c0)"},"content":{"rendered":"<p>S\u00fap l\u01a1 v\u1edbi s\u1ed1t kh\u00f4 l\u00e0 m\u00f3n \u0103n d\u00e2n d\u00e3 \u0111\u1eadm ch\u1ea5t \u1ea4n \u0110\u1ed9, \u0111\u01b0\u1ee3c ch\u1ebf bi\u1ebfn t\u1eeb nh\u1eefng nguy\u00ean li\u1ec7u \u0111\u01a1n gi\u1ea3n nh\u01b0 c\u00e0 r\u1ed1t, khoai t\u00e2y, h\u00e0nh t\u00e2y v\u00e0 l\u01a1 xanh. Tuy nhi\u00ean, nh\u1eefng nguy\u00ean li\u1ec7u n\u00e0y \u0111\u01b0\u1ee3c ch\u1ebf bi\u1ebfn theo phong c\u00e1ch Tandoor Vietnam \u0111\u1ec3 t\u1ea1o n\u00ean m\u1ed9t h\u01b0\u01a1ng v\u1ecb \u0111\u1ed9c \u0111\u00e1o v\u00e0 h\u1ea5p d\u1eabn.<\/p>\n<p>\u0110i\u1ec3m nh\u1ea5n c\u1ee7a m\u00f3n s\u00fap l\u01a1 s\u1ed1t kh\u00f4 n\u00e0y ch\u00ednh l\u00e0 h\u00e0nh t\u00e2y v\u00e0 h\u1ea1t th\u00ec l\u00e0 \u0111\u01b0\u1ee3c r\u1eafc l\u00ean tr\u00ean b\u1ec1 m\u1eb7t. H\u00e0nh t\u00e2y t\u1ea1o n\u00ean h\u01b0\u01a1ng v\u1ecb th\u01a1m ngon v\u00e0 cung c\u1ea5p cho b\u1ea1n c\u00e1c ch\u1ea5t dinh d\u01b0\u1ee1ng c\u1ea7n thi\u1ebft. H\u1ea1t th\u00ec l\u00e0 gi\u00fap cho m\u00f3n \u0103n th\u00eam ph\u1ea7n h\u1ea5p d\u1eabn, t\u1ea1o c\u1ea3m gi\u00e1c gi\u00f2n tan cho kh\u1ea9u ph\u1ea7n.<\/p>\n<p>M\u00f3n Cauliflower dry t\u1ea1i Tandoor Vietnam \u0111\u01b0\u1ee3c n\u1ea5u t\u1eeb nh\u1eefng nguy\u00ean li\u1ec7u t\u01b0\u01a1i ngon, kh\u00f4ng ch\u1ee9a ch\u1ea5t b\u1ea3o qu\u1ea3n v\u00e0 h\u00f3a ch\u1ea5t \u0111\u1ed9c h\u1ea1i, \u0111\u1ea3m b\u1ea3o mang l\u1ea1i s\u1ee9c kh\u1ecfe cho th\u1ef1c kh\u00e1ch. S\u00fap \u0111\u01b0\u1ee3c n\u1ea5u ch\u00edn m\u1ec1m v\u00e0 th\u1ea5m \u0111\u1ec1u v\u1ecb s\u1ed1t kh\u00f4, t\u1ea1o n\u00ean h\u01b0\u01a1ng v\u1ecb \u0111\u1eadm \u0111\u00e0 v\u00e0 \u0111\u1ea7y th\u00fa v\u1ecb.<\/p>\n<p>H\u00e3y t\u1eadn h\u01b0\u1edfng m\u00f3n s\u00fap l\u01a1 s\u1ed1t kh\u00f4 v\u1edbi h\u00e0nh t\u00e2y v\u00e0 h\u1ea1t th\u00ec l\u00e0 t\u01b0\u01a1i ngon t\u1ea1i <a href=\"https:\/\/tandoorvietnam.com\/\">Tandoor Vietnam<\/a> \u0111\u1ec3 th\u01b0\u1edfng th\u1ee9c m\u1ed9t b\u1eefa \u0103n \u0111\u1ea7y \u0111\u1ee7 dinh d\u01b0\u1ee1ng v\u00e0 v\u1ecb ngon \u0111\u1eb7c tr\u01b0ng c\u1ee7a \u1ea4n \u0110\u1ed9.<\/p>\n","protected":false},"excerpt":{"rendered":"<p>&nbsp;<\/p>\n<table width=\"723\">\n<tbody>\n<tr>\n<td width=\"412\">Cauliflower in spicy onion and cumin seed ( dry preparation)<\/td>\n<\/tr>\n<tr>\n<td width=\"412\"><em>S\u00fap l\u01a1 s\u1ed1t kh\u00f4 v\u1edbi h\u00e0nh v\u00e0 h\u1ea1t th\u00ec l\u00e0 <\/em><\/td>\n<\/tr>\n<\/tbody>\n<\/table>\n","protected":false},"featured_media":3136,"template":"","meta":[],"product_brand":[],"product_cat":[221],"product_tag":[],"class_list":{"0":"post-3135","1":"product","2":"type-product","3":"status-publish","4":"has-post-thumbnail","6":"product_cat-cac-mon-rau-cu","8":"first","9":"instock","10":"taxable","11":"shipping-taxable","12":"purchasable","13":"product-type-simple"},"yoast_head":"<!-- This site is optimized with the Yoast SEO Premium plugin v22.3 (Yoast SEO v27.6) - https:\/\/yoast.com\/product\/yoast-seo-premium-wordpress\/ -->\n<title>Cauliflower dry (S\u00daP L\u01a0 S\u1ed0T KH\u00d4 V\u1edaI H\u00c0NH V\u00c0 H\u1ea0T TH\u00cc L\u00c0)<\/title>\n<meta name=\"description\" content=\"Tandoor Vietnam mang \u0111\u1ebfn cho b\u1ea1n m\u00f3n s\u00fap l\u01a1 h\u1ea5p d\u1eabn v\u1edbi s\u1ed1t kh\u00f4 th\u01a1m ngon, \u0111\u01b0\u1ee3c trang tr\u00ed b\u1eb1ng h\u00e0nh t\u00e2y v\u00e0 h\u1ea1t th\u00ec l\u00e0 t\u01b0\u01a1i ngon. H\u00e3y th\u01b0\u1edfng th\u1ee9c ngay!\" \/>\n<meta name=\"robots\" content=\"index, follow, max-snippet:-1, max-image-preview:large, max-video-preview:-1\" \/>\n<link rel=\"canonical\" href=\"https:\/\/tandoorvietnam.com\/vi\/sanpham\/cac-mon-rau-cu\/sup-lo-sot-kho-voi-hanh-va-hat-thi-la\/\" \/>\n<meta property=\"og:locale\" content=\"vi_VN\" \/>\n<meta property=\"og:type\" content=\"article\" \/>\n<meta property=\"og:title\" content=\"Cauliflower dry (S\u00daP L\u01a0 S\u1ed0T KH\u00d4 V\u1edaI H\u00c0NH V\u00c0 H\u1ea0T TH\u00cc L\u00c0)\" \/>\n<meta property=\"og:description\" content=\"Tandoor Vietnam mang \u0111\u1ebfn cho b\u1ea1n m\u00f3n s\u00fap l\u01a1 h\u1ea5p d\u1eabn v\u1edbi s\u1ed1t kh\u00f4 th\u01a1m ngon, \u0111\u01b0\u1ee3c trang tr\u00ed b\u1eb1ng h\u00e0nh t\u00e2y v\u00e0 h\u1ea1t th\u00ec l\u00e0 t\u01b0\u01a1i ngon. H\u00e3y th\u01b0\u1edfng th\u1ee9c ngay!\" \/>\n<meta property=\"og:url\" content=\"https:\/\/tandoorvietnam.com\/vi\/sanpham\/cac-mon-rau-cu\/sup-lo-sot-kho-voi-hanh-va-hat-thi-la\/\" \/>\n<meta property=\"og:site_name\" content=\"Tandoor Vi\u1ec7t Nam\" \/>\n<meta property=\"article:publisher\" content=\"https:\/\/www.facebook.com\/tandoor.hcmc\/\" \/>\n<meta property=\"article:modified_time\" content=\"2023-05-11T04:33:42+00:00\" \/>\n<meta property=\"og:image\" content=\"https:\/\/tandoorvietnam.com\/wp-content\/uploads\/2020\/06\/cauliflower-dry.jpg\" \/>\n\t<meta property=\"og:image:width\" content=\"800\" \/>\n\t<meta property=\"og:image:height\" content=\"533\" \/>\n\t<meta property=\"og:image:type\" content=\"image\/jpeg\" \/>\n<meta name=\"twitter:card\" content=\"summary_large_image\" \/>\n<meta name=\"twitter:label1\" content=\"Est. reading time\" \/>\n\t<meta name=\"twitter:data1\" content=\"1 minute\" \/>\n<script type=\"application\/ld+json\" class=\"yoast-schema-graph\">{\"@context\":\"https:\\\/\\\/schema.org\",\"@graph\":[{\"@type\":\"WebPage\",\"@id\":\"https:\\\/\\\/tandoorvietnam.com\\\/vi\\\/sanpham\\\/cac-mon-rau-cu\\\/sup-lo-sot-kho-voi-hanh-va-hat-thi-la\\\/\",\"url\":\"https:\\\/\\\/tandoorvietnam.com\\\/vi\\\/sanpham\\\/cac-mon-rau-cu\\\/sup-lo-sot-kho-voi-hanh-va-hat-thi-la\\\/\",\"name\":\"Cauliflower dry (S\u00daP L\u01a0 S\u1ed0T KH\u00d4 V\u1edaI H\u00c0NH V\u00c0 H\u1ea0T TH\u00cc L\u00c0)\",\"isPartOf\":{\"@id\":\"https:\\\/\\\/tandoorvietnam.com\\\/vi\\\/#website\"},\"primaryImageOfPage\":{\"@id\":\"https:\\\/\\\/tandoorvietnam.com\\\/vi\\\/sanpham\\\/cac-mon-rau-cu\\\/sup-lo-sot-kho-voi-hanh-va-hat-thi-la\\\/#primaryimage\"},\"image\":{\"@id\":\"https:\\\/\\\/tandoorvietnam.com\\\/vi\\\/sanpham\\\/cac-mon-rau-cu\\\/sup-lo-sot-kho-voi-hanh-va-hat-thi-la\\\/#primaryimage\"},\"thumbnailUrl\":\"https:\\\/\\\/tandoorvietnam.com\\\/wp-content\\\/uploads\\\/2020\\\/06\\\/cauliflower-dry.jpg\",\"datePublished\":\"2021-04-12T09:16:45+00:00\",\"dateModified\":\"2023-05-11T04:33:42+00:00\",\"description\":\"Tandoor Vietnam mang \u0111\u1ebfn cho b\u1ea1n m\u00f3n s\u00fap l\u01a1 h\u1ea5p d\u1eabn v\u1edbi s\u1ed1t kh\u00f4 th\u01a1m ngon, \u0111\u01b0\u1ee3c trang tr\u00ed b\u1eb1ng h\u00e0nh t\u00e2y v\u00e0 h\u1ea1t th\u00ec l\u00e0 t\u01b0\u01a1i ngon. H\u00e3y th\u01b0\u1edfng th\u1ee9c ngay!\",\"breadcrumb\":{\"@id\":\"https:\\\/\\\/tandoorvietnam.com\\\/vi\\\/sanpham\\\/cac-mon-rau-cu\\\/sup-lo-sot-kho-voi-hanh-va-hat-thi-la\\\/#breadcrumb\"},\"inLanguage\":\"vi-VN\",\"potentialAction\":[{\"@type\":\"ReadAction\",\"target\":[\"https:\\\/\\\/tandoorvietnam.com\\\/vi\\\/sanpham\\\/cac-mon-rau-cu\\\/sup-lo-sot-kho-voi-hanh-va-hat-thi-la\\\/\"]}]},{\"@type\":\"ImageObject\",\"inLanguage\":\"vi-VN\",\"@id\":\"https:\\\/\\\/tandoorvietnam.com\\\/vi\\\/sanpham\\\/cac-mon-rau-cu\\\/sup-lo-sot-kho-voi-hanh-va-hat-thi-la\\\/#primaryimage\",\"url\":\"https:\\\/\\\/tandoorvietnam.com\\\/wp-content\\\/uploads\\\/2020\\\/06\\\/cauliflower-dry.jpg\",\"contentUrl\":\"https:\\\/\\\/tandoorvietnam.com\\\/wp-content\\\/uploads\\\/2020\\\/06\\\/cauliflower-dry.jpg\",\"width\":800,\"height\":533,\"caption\":\"S\u00daP L\u01a0 S\u1ed0T KH\u00d4 V\u1edaI H\u00c0NH V\u00c0 H\u1ea0T TH\u00cc L\u00c0\"},{\"@type\":\"BreadcrumbList\",\"@id\":\"https:\\\/\\\/tandoorvietnam.com\\\/vi\\\/sanpham\\\/cac-mon-rau-cu\\\/sup-lo-sot-kho-voi-hanh-va-hat-thi-la\\\/#breadcrumb\",\"itemListElement\":[{\"@type\":\"ListItem\",\"position\":1,\"name\":\"Trang Ch\u1ee7\",\"item\":\"https:\\\/\\\/tandoorvietnam.com\\\/vi\\\/\"},{\"@type\":\"ListItem\",\"position\":2,\"name\":\"Shop\",\"item\":\"https:\\\/\\\/tandoorvietnam.com\\\/shop\\\/\"},{\"@type\":\"ListItem\",\"position\":3,\"name\":\"Cauliflower dry (S\u00daP L\u01a0 S\u1ed0T KH\u00d4 V\u1edaI H\u00c0NH V\u00c0 H\u1ea0T TH\u00cc L\u00c0)\"}]},{\"@type\":\"WebSite\",\"@id\":\"https:\\\/\\\/tandoorvietnam.com\\\/vi\\\/#website\",\"url\":\"https:\\\/\\\/tandoorvietnam.com\\\/vi\\\/\",\"name\":\"Tandoor Vietnam\",\"description\":\"Nh\u00e0 h\u00e0ng ngon h\u1ed3 ch\u00ed minh\",\"publisher\":{\"@id\":\"https:\\\/\\\/tandoorvietnam.com\\\/vi\\\/#organization\"},\"potentialAction\":[{\"@type\":\"SearchAction\",\"target\":{\"@type\":\"EntryPoint\",\"urlTemplate\":\"https:\\\/\\\/tandoorvietnam.com\\\/vi\\\/?s={search_term_string}\"},\"query-input\":{\"@type\":\"PropertyValueSpecification\",\"valueRequired\":true,\"valueName\":\"search_term_string\"}}],\"inLanguage\":\"vi-VN\"},{\"@type\":\"Organization\",\"@id\":\"https:\\\/\\\/tandoorvietnam.com\\\/vi\\\/#organization\",\"name\":\"Tandoor Vietnam\",\"url\":\"https:\\\/\\\/tandoorvietnam.com\\\/vi\\\/\",\"logo\":{\"@type\":\"ImageObject\",\"inLanguage\":\"vi-VN\",\"@id\":\"https:\\\/\\\/tandoorvietnam.com\\\/vi\\\/#\\\/schema\\\/logo\\\/image\\\/\",\"url\":\"https:\\\/\\\/tandoorvietnam.com\\\/wp-content\\\/uploads\\\/2020\\\/07\\\/logo.png\",\"contentUrl\":\"https:\\\/\\\/tandoorvietnam.com\\\/wp-content\\\/uploads\\\/2020\\\/07\\\/logo.png\",\"width\":133,\"height\":75,\"caption\":\"Tandoor Vietnam\"},\"image\":{\"@id\":\"https:\\\/\\\/tandoorvietnam.com\\\/vi\\\/#\\\/schema\\\/logo\\\/image\\\/\"},\"sameAs\":[\"https:\\\/\\\/www.facebook.com\\\/tandoor.hcmc\\\/\"]}]}<\/script>\n<!-- \/ Yoast SEO Premium plugin. -->","yoast_head_json":{"title":"Cauliflower dry (S\u00daP L\u01a0 S\u1ed0T KH\u00d4 V\u1edaI H\u00c0NH V\u00c0 H\u1ea0T TH\u00cc L\u00c0)","description":"Tandoor Vietnam mang \u0111\u1ebfn cho b\u1ea1n m\u00f3n s\u00fap l\u01a1 h\u1ea5p d\u1eabn v\u1edbi s\u1ed1t kh\u00f4 th\u01a1m ngon, \u0111\u01b0\u1ee3c trang tr\u00ed b\u1eb1ng h\u00e0nh t\u00e2y v\u00e0 h\u1ea1t th\u00ec l\u00e0 t\u01b0\u01a1i ngon. H\u00e3y th\u01b0\u1edfng th\u1ee9c ngay!","robots":{"index":"index","follow":"follow","max-snippet":"max-snippet:-1","max-image-preview":"max-image-preview:large","max-video-preview":"max-video-preview:-1"},"canonical":"https:\/\/tandoorvietnam.com\/vi\/sanpham\/cac-mon-rau-cu\/sup-lo-sot-kho-voi-hanh-va-hat-thi-la\/","og_locale":"vi_VN","og_type":"article","og_title":"Cauliflower dry (S\u00daP L\u01a0 S\u1ed0T KH\u00d4 V\u1edaI H\u00c0NH V\u00c0 H\u1ea0T TH\u00cc L\u00c0)","og_description":"Tandoor Vietnam mang \u0111\u1ebfn cho b\u1ea1n m\u00f3n s\u00fap l\u01a1 h\u1ea5p d\u1eabn v\u1edbi s\u1ed1t kh\u00f4 th\u01a1m ngon, \u0111\u01b0\u1ee3c trang tr\u00ed b\u1eb1ng h\u00e0nh t\u00e2y v\u00e0 h\u1ea1t th\u00ec l\u00e0 t\u01b0\u01a1i ngon. H\u00e3y th\u01b0\u1edfng th\u1ee9c ngay!","og_url":"https:\/\/tandoorvietnam.com\/vi\/sanpham\/cac-mon-rau-cu\/sup-lo-sot-kho-voi-hanh-va-hat-thi-la\/","og_site_name":"Tandoor Vi\u1ec7t Nam","article_publisher":"https:\/\/www.facebook.com\/tandoor.hcmc\/","article_modified_time":"2023-05-11T04:33:42+00:00","og_image":[{"width":800,"height":533,"url":"https:\/\/tandoorvietnam.com\/wp-content\/uploads\/2020\/06\/cauliflower-dry.jpg","type":"image\/jpeg"}],"twitter_card":"summary_large_image","twitter_misc":{"Est. reading time":"1 minute"},"schema":{"@context":"https:\/\/schema.org","@graph":[{"@type":"WebPage","@id":"https:\/\/tandoorvietnam.com\/vi\/sanpham\/cac-mon-rau-cu\/sup-lo-sot-kho-voi-hanh-va-hat-thi-la\/","url":"https:\/\/tandoorvietnam.com\/vi\/sanpham\/cac-mon-rau-cu\/sup-lo-sot-kho-voi-hanh-va-hat-thi-la\/","name":"Cauliflower dry (S\u00daP L\u01a0 S\u1ed0T KH\u00d4 V\u1edaI H\u00c0NH V\u00c0 H\u1ea0T TH\u00cc L\u00c0)","isPartOf":{"@id":"https:\/\/tandoorvietnam.com\/vi\/#website"},"primaryImageOfPage":{"@id":"https:\/\/tandoorvietnam.com\/vi\/sanpham\/cac-mon-rau-cu\/sup-lo-sot-kho-voi-hanh-va-hat-thi-la\/#primaryimage"},"image":{"@id":"https:\/\/tandoorvietnam.com\/vi\/sanpham\/cac-mon-rau-cu\/sup-lo-sot-kho-voi-hanh-va-hat-thi-la\/#primaryimage"},"thumbnailUrl":"https:\/\/tandoorvietnam.com\/wp-content\/uploads\/2020\/06\/cauliflower-dry.jpg","datePublished":"2021-04-12T09:16:45+00:00","dateModified":"2023-05-11T04:33:42+00:00","description":"Tandoor Vietnam mang \u0111\u1ebfn cho b\u1ea1n m\u00f3n s\u00fap l\u01a1 h\u1ea5p d\u1eabn v\u1edbi s\u1ed1t kh\u00f4 th\u01a1m ngon, \u0111\u01b0\u1ee3c trang tr\u00ed b\u1eb1ng h\u00e0nh t\u00e2y v\u00e0 h\u1ea1t th\u00ec l\u00e0 t\u01b0\u01a1i ngon. H\u00e3y th\u01b0\u1edfng th\u1ee9c ngay!","breadcrumb":{"@id":"https:\/\/tandoorvietnam.com\/vi\/sanpham\/cac-mon-rau-cu\/sup-lo-sot-kho-voi-hanh-va-hat-thi-la\/#breadcrumb"},"inLanguage":"vi-VN","potentialAction":[{"@type":"ReadAction","target":["https:\/\/tandoorvietnam.com\/vi\/sanpham\/cac-mon-rau-cu\/sup-lo-sot-kho-voi-hanh-va-hat-thi-la\/"]}]},{"@type":"ImageObject","inLanguage":"vi-VN","@id":"https:\/\/tandoorvietnam.com\/vi\/sanpham\/cac-mon-rau-cu\/sup-lo-sot-kho-voi-hanh-va-hat-thi-la\/#primaryimage","url":"https:\/\/tandoorvietnam.com\/wp-content\/uploads\/2020\/06\/cauliflower-dry.jpg","contentUrl":"https:\/\/tandoorvietnam.com\/wp-content\/uploads\/2020\/06\/cauliflower-dry.jpg","width":800,"height":533,"caption":"S\u00daP L\u01a0 S\u1ed0T KH\u00d4 V\u1edaI H\u00c0NH V\u00c0 H\u1ea0T TH\u00cc L\u00c0"},{"@type":"BreadcrumbList","@id":"https:\/\/tandoorvietnam.com\/vi\/sanpham\/cac-mon-rau-cu\/sup-lo-sot-kho-voi-hanh-va-hat-thi-la\/#breadcrumb","itemListElement":[{"@type":"ListItem","position":1,"name":"Trang Ch\u1ee7","item":"https:\/\/tandoorvietnam.com\/vi\/"},{"@type":"ListItem","position":2,"name":"Shop","item":"https:\/\/tandoorvietnam.com\/shop\/"},{"@type":"ListItem","position":3,"name":"Cauliflower dry (S\u00daP L\u01a0 S\u1ed0T KH\u00d4 V\u1edaI H\u00c0NH V\u00c0 H\u1ea0T TH\u00cc L\u00c0)"}]},{"@type":"WebSite","@id":"https:\/\/tandoorvietnam.com\/vi\/#website","url":"https:\/\/tandoorvietnam.com\/vi\/","name":"Tandoor Vietnam","description":"Nh\u00e0 h\u00e0ng ngon h\u1ed3 ch\u00ed minh","publisher":{"@id":"https:\/\/tandoorvietnam.com\/vi\/#organization"},"potentialAction":[{"@type":"SearchAction","target":{"@type":"EntryPoint","urlTemplate":"https:\/\/tandoorvietnam.com\/vi\/?s={search_term_string}"},"query-input":{"@type":"PropertyValueSpecification","valueRequired":true,"valueName":"search_term_string"}}],"inLanguage":"vi-VN"},{"@type":"Organization","@id":"https:\/\/tandoorvietnam.com\/vi\/#organization","name":"Tandoor Vietnam","url":"https:\/\/tandoorvietnam.com\/vi\/","logo":{"@type":"ImageObject","inLanguage":"vi-VN","@id":"https:\/\/tandoorvietnam.com\/vi\/#\/schema\/logo\/image\/","url":"https:\/\/tandoorvietnam.com\/wp-content\/uploads\/2020\/07\/logo.png","contentUrl":"https:\/\/tandoorvietnam.com\/wp-content\/uploads\/2020\/07\/logo.png","width":133,"height":75,"caption":"Tandoor Vietnam"},"image":{"@id":"https:\/\/tandoorvietnam.com\/vi\/#\/schema\/logo\/image\/"},"sameAs":["https:\/\/www.facebook.com\/tandoor.hcmc\/"]}]}},"_links":{"self":[{"href":"https:\/\/tandoorvietnam.com\/vi\/wp-json\/wp\/v2\/product\/3135","targetHints":{"allow":["GET"]}}],"collection":[{"href":"https:\/\/tandoorvietnam.com\/vi\/wp-json\/wp\/v2\/product"}],"about":[{"href":"https:\/\/tandoorvietnam.com\/vi\/wp-json\/wp\/v2\/types\/product"}],"wp:featuredmedia":[{"embeddable":true,"href":"https:\/\/tandoorvietnam.com\/vi\/wp-json\/wp\/v2\/media\/3136"}],"wp:attachment":[{"href":"https:\/\/tandoorvietnam.com\/vi\/wp-json\/wp\/v2\/media?parent=3135"}],"wp:term":[{"taxonomy":"product_brand","embeddable":true,"href":"https:\/\/tandoorvietnam.com\/vi\/wp-json\/wp\/v2\/product_brand?post=3135"},{"taxonomy":"product_cat","embeddable":true,"href":"https:\/\/tandoorvietnam.com\/vi\/wp-json\/wp\/v2\/product_cat?post=3135"},{"taxonomy":"product_tag","embeddable":true,"href":"https:\/\/tandoorvietnam.com\/vi\/wp-json\/wp\/v2\/product_tag?post=3135"}],"curies":[{"name":"wp","href":"https:\/\/api.w.org\/{rel}","templated":true}]}}