{"id":3140,"date":"2020-06-20T12:00:53","date_gmt":"2021-04-12T09:24:23","guid":{"rendered":"http:\/\/tandoorvietnam.com\/product\/uncategorized\/dau-bap-nau-gia-vi-cay-va-sua-chua\/"},"modified":"2023-05-17T09:56:03","modified_gmt":"2023-05-17T09:56:03","slug":"dau-bap-nau-gia-vi-cay-va-sua-chua","status":"publish","type":"product","link":"https:\/\/tandoorvietnam.com\/vi\/sanpham\/cac-mon-rau-cu\/dau-bap-nau-gia-vi-cay-va-sua-chua\/","title":{"rendered":"Dahi Bhindi (\u0110\u1eacU B\u1eaeP N\u1ea4U GIA V\u1eca CAY V\u00c0 S\u1eeeA CHUA)"},"content":{"rendered":"<div class=\"flex-1 overflow-hidden\">\n<div class=\"react-scroll-to-bottom--css-xueru-79elbk h-full dark:bg-gray-800\">\n<div class=\"react-scroll-to-bottom--css-xueru-1n7m0yu\">\n<div class=\"flex flex-col items-center text-sm dark:bg-gray-800\">\n<div class=\"group w-full text-gray-800 dark:text-gray-100 border-b border-black\/10 dark:border-gray-900\/50 bg-gray-50 dark:bg-[#444654]\">\n<div class=\"flex p-4 gap-4 text-base md:gap-6 md:max-w-2xl lg:max-w-xl xl:max-w-3xl md:py-6 lg:px-0 m-auto\">\n<div class=\"relative flex w-[calc(100%-50px)] flex-col gap-1 md:gap-3 lg:w-[calc(100%-115px)]\">\n<div class=\"flex flex-grow flex-col gap-3\">\n<div class=\"min-h-[20px] flex flex-col items-start gap-4 whitespace-pre-wrap break-words\">\n<div class=\"markdown prose w-full break-words dark:prose-invert light\">\n<p>\u0110\u1eadu B\u1eafp n\u1ea5u gia v\u1ecb cay v\u00e0 s\u1eefa chua l\u00e0 m\u1ed9t m\u00f3n rau cu\u1ed1n h\u00fat v\u1edbi h\u01b0\u01a1ng v\u1ecb cay n\u1ed3ng v\u00e0 s\u1ef1 t\u01b0\u01a1i ngon c\u1ee7a s\u1eefa chua. T\u1ea1i Tandoor Vietnam, ch\u00fang t\u00f4i ch\u1ecdn l\u1ef1a \u0111\u1eadu b\u1eafp t\u01b0\u01a1i ngon v\u00e0 gia v\u1ecb \u0111\u1eb7c tr\u01b0ng c\u1ee7a \u1ea4n \u0110\u1ed9 \u0111\u1ec3 t\u1ea1o n\u00ean m\u1ed9t m\u00f3n \u0103n h\u1ea5p d\u1eabn.<\/p>\n<p>\u0110\u1eadu B\u1eafp \u0111\u01b0\u1ee3c n\u1ea5u ch\u00edn m\u1ec1m nh\u01b0ng v\u1eabn gi\u1eef nguy\u00ean \u0111\u1ed9 gi\u00f2n c\u1ee7a t\u1eebng h\u1ea1t. Ch\u00fang t\u00f4i s\u1eed d\u1ee5ng c\u00e1c gia v\u1ecb cay nh\u01b0 \u1edbt, ti\u00eau, h\u1ea1t cumin, v\u00e0 c\u00e1c lo\u1ea1i gia v\u1ecb kh\u00e1c \u0111\u1ec3 t\u0103ng th\u00eam h\u01b0\u01a1ng v\u1ecb \u0111\u1eadm \u0111\u00e0 v\u00e0 cay n\u1ed3ng cho m\u00f3n \u0103n.<\/p>\n<p>\u0110i\u1ec3m nh\u1ea5n \u0111\u1eb7c bi\u1ec7t c\u1ee7a m\u00f3n n\u00e0y l\u00e0 s\u1ef1 k\u1ebft h\u1ee3p v\u1edbi s\u1eefa chua t\u01b0\u01a1i ngon. S\u1eefa chua kh\u00f4ng ch\u1ec9 mang l\u1ea1i s\u1ef1 m\u00e1t l\u00e0nh m\u00e0 c\u00f2n t\u1ea1o ra m\u1ed9t s\u1ef1 k\u1ebft h\u1ee3p h\u00e0i h\u00f2a gi\u1eefa h\u01b0\u01a1ng v\u1ecb cay v\u00e0 chua, t\u1ea1o n\u00ean m\u1ed9t tr\u1ea3i nghi\u1ec7m \u1ea9m th\u1ef1c \u0111\u1ed9c \u0111\u00e1o.<\/p>\n<p>Dahi Bhindi l\u00e0 m\u1ed9t m\u00f3n \u0103n tuy\u1ec7t v\u1eddi cho nh\u1eefng ai y\u00eau th\u00edch \u1ea9m th\u1ef1c \u1ea4n \u0110\u1ed9 ho\u1eb7c mu\u1ed1n kh\u00e1m ph\u00e1 h\u01b0\u01a1ng v\u1ecb m\u1edbi m\u1ebb. M\u00f3n n\u00e0y c\u00f3 th\u1ec3 \u0111\u01b0\u1ee3c d\u00f9ng l\u00e0m m\u00f3n khai v\u1ecb ho\u1eb7c m\u00f3n ch\u00ednh trong b\u1eefa \u0103n.<\/p>\n<p>T\u1ea1i <a href=\"https:\/\/tandoorvietnam.com\/\">Tandoor Vietnam<\/a>, ch\u00fang t\u00f4i cam k\u1ebft s\u1eed d\u1ee5ng nguy\u00ean li\u1ec7u t\u01b0\u01a1i ngon v\u00e0 c\u00e1c ph\u01b0\u01a1ng ph\u00e1p ch\u1ebf bi\u1ebfn chuy\u00ean nghi\u1ec7p \u0111\u1ec3 mang \u0111\u1ebfn cho b\u1ea1n nh\u1eefng m\u00f3n \u0103n ch\u1ea5t l\u01b0\u1ee3ng nh\u1ea5t. \u0110\u1eadu B\u1eafp n\u1ea5u gia v\u1ecb cay v\u00e0 s\u1eefa chua l\u00e0 m\u1ed9t trong nh\u1eefng m\u00f3n \u0103n \u0111\u1eb7c s\u1eafc m\u00e0 ch\u00fang t\u00f4i t\u1ef1 h\u00e0o gi\u1edbi thi\u1ec7u \u0111\u1ebfn kh\u00e1ch h\u00e0ng.<\/p>\n<\/div>\n<\/div>\n<\/div>\n<\/div>\n<\/div>\n<\/div>\n<\/div>\n<\/div>\n<\/div>\n<\/div>\n","protected":false},"excerpt":{"rendered":"<p>&nbsp;<\/p>\n<table width=\"723\">\n<tbody>\n<tr>\n<td width=\"412\">Preparation of okra (ladies finger) and yoghurt<\/td>\n<\/tr>\n<tr>\n<td width=\"412\"><em> \u0110\u1eadu b\u1eafp c\u1eaft kh\u00fac n\u1ea5u v\u1edbi s\u1ed1t gia v\u1ecb cay v\u00e0 s\u1eefa chua<\/em><\/td>\n<\/tr>\n<\/tbody>\n<\/table>\n","protected":false},"featured_media":3141,"template":"","meta":[],"product_brand":[],"product_cat":[221],"product_tag":[],"class_list":{"0":"post-3140","1":"product","2":"type-product","3":"status-publish","4":"has-post-thumbnail","6":"product_cat-cac-mon-rau-cu","8":"first","9":"instock","10":"taxable","11":"shipping-taxable","12":"purchasable","13":"product-type-simple"},"yoast_head":"<!-- This site is optimized with the Yoast SEO Premium plugin v22.3 (Yoast SEO v27.4) - https:\/\/yoast.com\/product\/yoast-seo-premium-wordpress\/ -->\n<title>Dahi Bhindi (\u0110\u1eacU B\u1eaeP N\u1ea4U GIA V\u1eca CAY V\u00c0 S\u1eeeA CHUA)<\/title>\n<meta name=\"description\" content=\"\u0110\u1eadu B\u1eafp n\u1ea5u gia v\u1ecb cay v\u00e0 s\u1eefa chua - M\u1ed9t m\u00f3n rau cu\u1ed1n h\u00fat v\u1edbi h\u01b0\u01a1ng v\u1ecb cay n\u1ed3ng v\u00e0 s\u1ef1 t\u01b0\u01a1i ngon c\u1ee7a s\u1eefa chua. Kh\u00e1m ph\u00e1 \u1ea9m th\u1ef1c \u1ea4n \u0110\u1ed9 t\u1ea1i Tandoor Vietnam.\" \/>\n<meta name=\"robots\" content=\"index, follow, max-snippet:-1, max-image-preview:large, max-video-preview:-1\" \/>\n<link rel=\"canonical\" href=\"https:\/\/tandoorvietnam.com\/vi\/sanpham\/cac-mon-rau-cu\/dau-bap-nau-gia-vi-cay-va-sua-chua\/\" \/>\n<meta property=\"og:locale\" content=\"vi_VN\" \/>\n<meta property=\"og:type\" content=\"article\" \/>\n<meta property=\"og:title\" content=\"Dahi Bhindi (\u0110\u1eacU B\u1eaeP N\u1ea4U GIA V\u1eca CAY V\u00c0 S\u1eeeA CHUA)\" \/>\n<meta property=\"og:description\" content=\"\u0110\u1eadu B\u1eafp n\u1ea5u gia v\u1ecb cay v\u00e0 s\u1eefa chua - M\u1ed9t m\u00f3n rau cu\u1ed1n h\u00fat v\u1edbi h\u01b0\u01a1ng v\u1ecb cay n\u1ed3ng v\u00e0 s\u1ef1 t\u01b0\u01a1i ngon c\u1ee7a s\u1eefa chua. Kh\u00e1m ph\u00e1 \u1ea9m th\u1ef1c \u1ea4n \u0110\u1ed9 t\u1ea1i Tandoor Vietnam.\" \/>\n<meta property=\"og:url\" content=\"https:\/\/tandoorvietnam.com\/vi\/sanpham\/cac-mon-rau-cu\/dau-bap-nau-gia-vi-cay-va-sua-chua\/\" \/>\n<meta property=\"og:site_name\" content=\"Tandoor Vi\u1ec7t Nam\" \/>\n<meta property=\"article:publisher\" content=\"https:\/\/www.facebook.com\/tandoor.hcmc\/\" \/>\n<meta property=\"article:modified_time\" content=\"2023-05-17T09:56:03+00:00\" \/>\n<meta property=\"og:image\" content=\"https:\/\/tandoorvietnam.com\/wp-content\/uploads\/2020\/06\/Dahi-bhindi.jpg\" \/>\n\t<meta property=\"og:image:width\" content=\"1400\" \/>\n\t<meta property=\"og:image:height\" content=\"1400\" \/>\n\t<meta property=\"og:image:type\" content=\"image\/jpeg\" \/>\n<meta name=\"twitter:card\" content=\"summary_large_image\" \/>\n<meta name=\"twitter:label1\" content=\"Est. reading time\" \/>\n\t<meta name=\"twitter:data1\" content=\"2 minutes\" \/>\n<script type=\"application\/ld+json\" class=\"yoast-schema-graph\">{\"@context\":\"https:\\\/\\\/schema.org\",\"@graph\":[{\"@type\":\"WebPage\",\"@id\":\"https:\\\/\\\/tandoorvietnam.com\\\/vi\\\/sanpham\\\/cac-mon-rau-cu\\\/dau-bap-nau-gia-vi-cay-va-sua-chua\\\/\",\"url\":\"https:\\\/\\\/tandoorvietnam.com\\\/vi\\\/sanpham\\\/cac-mon-rau-cu\\\/dau-bap-nau-gia-vi-cay-va-sua-chua\\\/\",\"name\":\"Dahi Bhindi (\u0110\u1eacU B\u1eaeP N\u1ea4U GIA V\u1eca CAY V\u00c0 S\u1eeeA CHUA)\",\"isPartOf\":{\"@id\":\"https:\\\/\\\/tandoorvietnam.com\\\/vi\\\/#website\"},\"primaryImageOfPage\":{\"@id\":\"https:\\\/\\\/tandoorvietnam.com\\\/vi\\\/sanpham\\\/cac-mon-rau-cu\\\/dau-bap-nau-gia-vi-cay-va-sua-chua\\\/#primaryimage\"},\"image\":{\"@id\":\"https:\\\/\\\/tandoorvietnam.com\\\/vi\\\/sanpham\\\/cac-mon-rau-cu\\\/dau-bap-nau-gia-vi-cay-va-sua-chua\\\/#primaryimage\"},\"thumbnailUrl\":\"https:\\\/\\\/tandoorvietnam.com\\\/wp-content\\\/uploads\\\/2020\\\/06\\\/Dahi-bhindi.jpg\",\"datePublished\":\"2021-04-12T09:24:23+00:00\",\"dateModified\":\"2023-05-17T09:56:03+00:00\",\"description\":\"\u0110\u1eadu B\u1eafp n\u1ea5u gia v\u1ecb cay v\u00e0 s\u1eefa chua - M\u1ed9t m\u00f3n rau cu\u1ed1n h\u00fat v\u1edbi h\u01b0\u01a1ng v\u1ecb cay n\u1ed3ng v\u00e0 s\u1ef1 t\u01b0\u01a1i ngon c\u1ee7a s\u1eefa chua. Kh\u00e1m ph\u00e1 \u1ea9m th\u1ef1c \u1ea4n \u0110\u1ed9 t\u1ea1i Tandoor Vietnam.\",\"breadcrumb\":{\"@id\":\"https:\\\/\\\/tandoorvietnam.com\\\/vi\\\/sanpham\\\/cac-mon-rau-cu\\\/dau-bap-nau-gia-vi-cay-va-sua-chua\\\/#breadcrumb\"},\"inLanguage\":\"vi-VN\",\"potentialAction\":[{\"@type\":\"ReadAction\",\"target\":[\"https:\\\/\\\/tandoorvietnam.com\\\/vi\\\/sanpham\\\/cac-mon-rau-cu\\\/dau-bap-nau-gia-vi-cay-va-sua-chua\\\/\"]}]},{\"@type\":\"ImageObject\",\"inLanguage\":\"vi-VN\",\"@id\":\"https:\\\/\\\/tandoorvietnam.com\\\/vi\\\/sanpham\\\/cac-mon-rau-cu\\\/dau-bap-nau-gia-vi-cay-va-sua-chua\\\/#primaryimage\",\"url\":\"https:\\\/\\\/tandoorvietnam.com\\\/wp-content\\\/uploads\\\/2020\\\/06\\\/Dahi-bhindi.jpg\",\"contentUrl\":\"https:\\\/\\\/tandoorvietnam.com\\\/wp-content\\\/uploads\\\/2020\\\/06\\\/Dahi-bhindi.jpg\",\"width\":1400,\"height\":1400,\"caption\":\"\u0110\u1eacU B\u1eaeP N\u1ea4U GIA V\u1eca CAY V\u00c0 S\u1eeeA CHUA\"},{\"@type\":\"BreadcrumbList\",\"@id\":\"https:\\\/\\\/tandoorvietnam.com\\\/vi\\\/sanpham\\\/cac-mon-rau-cu\\\/dau-bap-nau-gia-vi-cay-va-sua-chua\\\/#breadcrumb\",\"itemListElement\":[{\"@type\":\"ListItem\",\"position\":1,\"name\":\"Trang Ch\u1ee7\",\"item\":\"https:\\\/\\\/tandoorvietnam.com\\\/vi\\\/\"},{\"@type\":\"ListItem\",\"position\":2,\"name\":\"Shop\",\"item\":\"https:\\\/\\\/tandoorvietnam.com\\\/shop\\\/\"},{\"@type\":\"ListItem\",\"position\":3,\"name\":\"Dahi Bhindi (\u0110\u1eacU B\u1eaeP N\u1ea4U GIA V\u1eca CAY V\u00c0 S\u1eeeA CHUA)\"}]},{\"@type\":\"WebSite\",\"@id\":\"https:\\\/\\\/tandoorvietnam.com\\\/vi\\\/#website\",\"url\":\"https:\\\/\\\/tandoorvietnam.com\\\/vi\\\/\",\"name\":\"Tandoor Vietnam\",\"description\":\"Nh\u00e0 h\u00e0ng ngon h\u1ed3 ch\u00ed minh\",\"publisher\":{\"@id\":\"https:\\\/\\\/tandoorvietnam.com\\\/vi\\\/#organization\"},\"potentialAction\":[{\"@type\":\"SearchAction\",\"target\":{\"@type\":\"EntryPoint\",\"urlTemplate\":\"https:\\\/\\\/tandoorvietnam.com\\\/vi\\\/?s={search_term_string}\"},\"query-input\":{\"@type\":\"PropertyValueSpecification\",\"valueRequired\":true,\"valueName\":\"search_term_string\"}}],\"inLanguage\":\"vi-VN\"},{\"@type\":\"Organization\",\"@id\":\"https:\\\/\\\/tandoorvietnam.com\\\/vi\\\/#organization\",\"name\":\"Tandoor Vietnam\",\"url\":\"https:\\\/\\\/tandoorvietnam.com\\\/vi\\\/\",\"logo\":{\"@type\":\"ImageObject\",\"inLanguage\":\"vi-VN\",\"@id\":\"https:\\\/\\\/tandoorvietnam.com\\\/vi\\\/#\\\/schema\\\/logo\\\/image\\\/\",\"url\":\"https:\\\/\\\/tandoorvietnam.com\\\/wp-content\\\/uploads\\\/2020\\\/07\\\/logo.png\",\"contentUrl\":\"https:\\\/\\\/tandoorvietnam.com\\\/wp-content\\\/uploads\\\/2020\\\/07\\\/logo.png\",\"width\":133,\"height\":75,\"caption\":\"Tandoor Vietnam\"},\"image\":{\"@id\":\"https:\\\/\\\/tandoorvietnam.com\\\/vi\\\/#\\\/schema\\\/logo\\\/image\\\/\"},\"sameAs\":[\"https:\\\/\\\/www.facebook.com\\\/tandoor.hcmc\\\/\"]}]}<\/script>\n<!-- \/ Yoast SEO Premium plugin. -->","yoast_head_json":{"title":"Dahi Bhindi (\u0110\u1eacU B\u1eaeP N\u1ea4U GIA V\u1eca CAY V\u00c0 S\u1eeeA CHUA)","description":"\u0110\u1eadu B\u1eafp n\u1ea5u gia v\u1ecb cay v\u00e0 s\u1eefa chua - M\u1ed9t m\u00f3n rau cu\u1ed1n h\u00fat v\u1edbi h\u01b0\u01a1ng v\u1ecb cay n\u1ed3ng v\u00e0 s\u1ef1 t\u01b0\u01a1i ngon c\u1ee7a s\u1eefa chua. Kh\u00e1m ph\u00e1 \u1ea9m th\u1ef1c \u1ea4n \u0110\u1ed9 t\u1ea1i Tandoor Vietnam.","robots":{"index":"index","follow":"follow","max-snippet":"max-snippet:-1","max-image-preview":"max-image-preview:large","max-video-preview":"max-video-preview:-1"},"canonical":"https:\/\/tandoorvietnam.com\/vi\/sanpham\/cac-mon-rau-cu\/dau-bap-nau-gia-vi-cay-va-sua-chua\/","og_locale":"vi_VN","og_type":"article","og_title":"Dahi Bhindi (\u0110\u1eacU B\u1eaeP N\u1ea4U GIA V\u1eca CAY V\u00c0 S\u1eeeA CHUA)","og_description":"\u0110\u1eadu B\u1eafp n\u1ea5u gia v\u1ecb cay v\u00e0 s\u1eefa chua - M\u1ed9t m\u00f3n rau cu\u1ed1n h\u00fat v\u1edbi h\u01b0\u01a1ng v\u1ecb cay n\u1ed3ng v\u00e0 s\u1ef1 t\u01b0\u01a1i ngon c\u1ee7a s\u1eefa chua. Kh\u00e1m ph\u00e1 \u1ea9m th\u1ef1c \u1ea4n \u0110\u1ed9 t\u1ea1i Tandoor Vietnam.","og_url":"https:\/\/tandoorvietnam.com\/vi\/sanpham\/cac-mon-rau-cu\/dau-bap-nau-gia-vi-cay-va-sua-chua\/","og_site_name":"Tandoor Vi\u1ec7t Nam","article_publisher":"https:\/\/www.facebook.com\/tandoor.hcmc\/","article_modified_time":"2023-05-17T09:56:03+00:00","og_image":[{"width":1400,"height":1400,"url":"https:\/\/tandoorvietnam.com\/wp-content\/uploads\/2020\/06\/Dahi-bhindi.jpg","type":"image\/jpeg"}],"twitter_card":"summary_large_image","twitter_misc":{"Est. reading time":"2 minutes"},"schema":{"@context":"https:\/\/schema.org","@graph":[{"@type":"WebPage","@id":"https:\/\/tandoorvietnam.com\/vi\/sanpham\/cac-mon-rau-cu\/dau-bap-nau-gia-vi-cay-va-sua-chua\/","url":"https:\/\/tandoorvietnam.com\/vi\/sanpham\/cac-mon-rau-cu\/dau-bap-nau-gia-vi-cay-va-sua-chua\/","name":"Dahi Bhindi (\u0110\u1eacU B\u1eaeP N\u1ea4U GIA V\u1eca CAY V\u00c0 S\u1eeeA CHUA)","isPartOf":{"@id":"https:\/\/tandoorvietnam.com\/vi\/#website"},"primaryImageOfPage":{"@id":"https:\/\/tandoorvietnam.com\/vi\/sanpham\/cac-mon-rau-cu\/dau-bap-nau-gia-vi-cay-va-sua-chua\/#primaryimage"},"image":{"@id":"https:\/\/tandoorvietnam.com\/vi\/sanpham\/cac-mon-rau-cu\/dau-bap-nau-gia-vi-cay-va-sua-chua\/#primaryimage"},"thumbnailUrl":"https:\/\/tandoorvietnam.com\/wp-content\/uploads\/2020\/06\/Dahi-bhindi.jpg","datePublished":"2021-04-12T09:24:23+00:00","dateModified":"2023-05-17T09:56:03+00:00","description":"\u0110\u1eadu B\u1eafp n\u1ea5u gia v\u1ecb cay v\u00e0 s\u1eefa chua - M\u1ed9t m\u00f3n rau cu\u1ed1n h\u00fat v\u1edbi h\u01b0\u01a1ng v\u1ecb cay n\u1ed3ng v\u00e0 s\u1ef1 t\u01b0\u01a1i ngon c\u1ee7a s\u1eefa chua. Kh\u00e1m ph\u00e1 \u1ea9m th\u1ef1c \u1ea4n \u0110\u1ed9 t\u1ea1i Tandoor Vietnam.","breadcrumb":{"@id":"https:\/\/tandoorvietnam.com\/vi\/sanpham\/cac-mon-rau-cu\/dau-bap-nau-gia-vi-cay-va-sua-chua\/#breadcrumb"},"inLanguage":"vi-VN","potentialAction":[{"@type":"ReadAction","target":["https:\/\/tandoorvietnam.com\/vi\/sanpham\/cac-mon-rau-cu\/dau-bap-nau-gia-vi-cay-va-sua-chua\/"]}]},{"@type":"ImageObject","inLanguage":"vi-VN","@id":"https:\/\/tandoorvietnam.com\/vi\/sanpham\/cac-mon-rau-cu\/dau-bap-nau-gia-vi-cay-va-sua-chua\/#primaryimage","url":"https:\/\/tandoorvietnam.com\/wp-content\/uploads\/2020\/06\/Dahi-bhindi.jpg","contentUrl":"https:\/\/tandoorvietnam.com\/wp-content\/uploads\/2020\/06\/Dahi-bhindi.jpg","width":1400,"height":1400,"caption":"\u0110\u1eacU B\u1eaeP N\u1ea4U GIA V\u1eca CAY V\u00c0 S\u1eeeA CHUA"},{"@type":"BreadcrumbList","@id":"https:\/\/tandoorvietnam.com\/vi\/sanpham\/cac-mon-rau-cu\/dau-bap-nau-gia-vi-cay-va-sua-chua\/#breadcrumb","itemListElement":[{"@type":"ListItem","position":1,"name":"Trang Ch\u1ee7","item":"https:\/\/tandoorvietnam.com\/vi\/"},{"@type":"ListItem","position":2,"name":"Shop","item":"https:\/\/tandoorvietnam.com\/shop\/"},{"@type":"ListItem","position":3,"name":"Dahi Bhindi (\u0110\u1eacU B\u1eaeP N\u1ea4U GIA V\u1eca CAY V\u00c0 S\u1eeeA CHUA)"}]},{"@type":"WebSite","@id":"https:\/\/tandoorvietnam.com\/vi\/#website","url":"https:\/\/tandoorvietnam.com\/vi\/","name":"Tandoor Vietnam","description":"Nh\u00e0 h\u00e0ng ngon h\u1ed3 ch\u00ed minh","publisher":{"@id":"https:\/\/tandoorvietnam.com\/vi\/#organization"},"potentialAction":[{"@type":"SearchAction","target":{"@type":"EntryPoint","urlTemplate":"https:\/\/tandoorvietnam.com\/vi\/?s={search_term_string}"},"query-input":{"@type":"PropertyValueSpecification","valueRequired":true,"valueName":"search_term_string"}}],"inLanguage":"vi-VN"},{"@type":"Organization","@id":"https:\/\/tandoorvietnam.com\/vi\/#organization","name":"Tandoor Vietnam","url":"https:\/\/tandoorvietnam.com\/vi\/","logo":{"@type":"ImageObject","inLanguage":"vi-VN","@id":"https:\/\/tandoorvietnam.com\/vi\/#\/schema\/logo\/image\/","url":"https:\/\/tandoorvietnam.com\/wp-content\/uploads\/2020\/07\/logo.png","contentUrl":"https:\/\/tandoorvietnam.com\/wp-content\/uploads\/2020\/07\/logo.png","width":133,"height":75,"caption":"Tandoor Vietnam"},"image":{"@id":"https:\/\/tandoorvietnam.com\/vi\/#\/schema\/logo\/image\/"},"sameAs":["https:\/\/www.facebook.com\/tandoor.hcmc\/"]}]}},"_links":{"self":[{"href":"https:\/\/tandoorvietnam.com\/vi\/wp-json\/wp\/v2\/product\/3140","targetHints":{"allow":["GET"]}}],"collection":[{"href":"https:\/\/tandoorvietnam.com\/vi\/wp-json\/wp\/v2\/product"}],"about":[{"href":"https:\/\/tandoorvietnam.com\/vi\/wp-json\/wp\/v2\/types\/product"}],"wp:featuredmedia":[{"embeddable":true,"href":"https:\/\/tandoorvietnam.com\/vi\/wp-json\/wp\/v2\/media\/3141"}],"wp:attachment":[{"href":"https:\/\/tandoorvietnam.com\/vi\/wp-json\/wp\/v2\/media?parent=3140"}],"wp:term":[{"taxonomy":"product_brand","embeddable":true,"href":"https:\/\/tandoorvietnam.com\/vi\/wp-json\/wp\/v2\/product_brand?post=3140"},{"taxonomy":"product_cat","embeddable":true,"href":"https:\/\/tandoorvietnam.com\/vi\/wp-json\/wp\/v2\/product_cat?post=3140"},{"taxonomy":"product_tag","embeddable":true,"href":"https:\/\/tandoorvietnam.com\/vi\/wp-json\/wp\/v2\/product_tag?post=3140"}],"curies":[{"name":"wp","href":"https:\/\/api.w.org\/{rel}","templated":true}]}}