{"id":3142,"date":"2020-06-20T11:19:33","date_gmt":"2021-04-12T09:25:44","guid":{"rendered":"http:\/\/tandoorvietnam.com\/product\/uncategorized\/dau-den-nau-gia-vi-cay-va-bo\/"},"modified":"2023-05-17T09:18:44","modified_gmt":"2023-05-17T09:18:44","slug":"dau-den-nau-gia-vi-cay-va-bo","status":"publish","type":"product","link":"https:\/\/tandoorvietnam.com\/vi\/sanpham\/cac-mon-rau-cu\/dau-den-nau-gia-vi-cay-va-bo\/","title":{"rendered":"Dal Makhani (\u0110\u1eacU \u0110EN N\u1ea4U GIA V\u1eca CAY V\u00c0 B\u01a0)"},"content":{"rendered":"<div class=\"flex-1 overflow-hidden\">\n<div class=\"react-scroll-to-bottom--css-xueru-79elbk h-full dark:bg-gray-800\">\n<div class=\"react-scroll-to-bottom--css-xueru-1n7m0yu\">\n<div class=\"flex flex-col items-center text-sm dark:bg-gray-800\">\n<div class=\"group w-full text-gray-800 dark:text-gray-100 border-b border-black\/10 dark:border-gray-900\/50 bg-gray-50 dark:bg-[#444654]\">\n<div class=\"flex p-4 gap-4 text-base md:gap-6 md:max-w-2xl lg:max-w-xl xl:max-w-3xl md:py-6 lg:px-0 m-auto\">\n<div class=\"relative flex w-[calc(100%-50px)] flex-col gap-1 md:gap-3 lg:w-[calc(100%-115px)]\">\n<div class=\"flex flex-grow flex-col gap-3\">\n<div class=\"min-h-[20px] flex flex-col items-start gap-4 whitespace-pre-wrap break-words\">\n<div class=\"markdown prose w-full break-words dark:prose-invert light\">\n<p>\u0110\u1eadu \u0111en n\u1ea5u gia v\u1ecb cay v\u00e0 b\u01a1 (Dal Makhani) l\u00e0 m\u1ed9t m\u00f3n \u0103n \u0111\u1eb7c tr\u01b0ng c\u1ee7a \u1ea4n \u0110\u1ed9, n\u1ed5i ti\u1ebfng v\u1edbi h\u01b0\u01a1ng v\u1ecb \u0111\u1eadm \u0111\u00e0 v\u00e0 h\u1ea5p d\u1eabn. T\u1ea1i Tandoor Vietnam, ch\u00fang t\u00f4i s\u1eed d\u1ee5ng \u0111\u1eadu \u0111en t\u01b0\u01a1i ngon v\u00e0 n\u1ea5u ch\u00edn k\u1ef9 c\u00f9ng v\u1edbi c\u00e1c gia v\u1ecb cay v\u00e0 b\u01a1 th\u01a1m ngon.<\/p>\n<p>\u0110\u1eadu \u0111en \u0111\u01b0\u1ee3c \u01b0\u1edbp gia v\u1ecb cay, t\u1ea1o n\u00ean h\u01b0\u01a1ng v\u1ecb \u0111\u1eb7c tr\u01b0ng v\u00e0 mang \u0111\u1ebfn m\u1ed9t tr\u1ea3i nghi\u1ec7m \u1ea9m th\u1ef1c \u0111\u1eadm \u0111\u00e0. S\u1ef1 k\u1ebft h\u1ee3p gi\u1eefa gia v\u1ecb cay, b\u01a1 v\u00e0 \u0111\u1eadu \u0111en t\u1ea1o n\u00ean m\u1ed9t m\u00f3n \u0103n th\u01a1m ngon, m\u1ec1m m\u1ecbn v\u00e0 \u0111\u1ea7y dinh d\u01b0\u1ee1ng.<\/p>\n<p>M\u00f3n \u0103n n\u00e0y l\u00e0 m\u1ed9t l\u1ef1a ch\u1ecdn tuy\u1ec7t v\u1eddi cho nh\u1eefng ng\u01b0\u1eddi \u01b0a th\u00edch h\u01b0\u01a1ng v\u1ecb \u0111\u1eadm \u0111\u00e0 v\u00e0 gia v\u1ecb cay. Dal Makhani\u00a0th\u01b0\u1eddng \u0111\u01b0\u1ee3c \u0103n k\u00e8m v\u1edbi c\u01a1m ho\u1eb7c b\u00e1nh m\u00ec, t\u1ea1o n\u00ean m\u1ed9t b\u1eefa \u0103n ngon mi\u1ec7ng v\u00e0 b\u1ed5 d\u01b0\u1ee1ng.<\/p>\n<p>T\u1ea1i<a href=\"https:\/\/tandoorvietnam.com\/\"> Tandoor Vietnam<\/a>, ch\u00fang t\u00f4i cam k\u1ebft mang \u0111\u1ebfn cho kh\u00e1ch h\u00e0ng nh\u1eefng m\u00f3n \u0103n t\u01b0\u01a1i ngon v\u00e0 ch\u1ea5t l\u01b0\u1ee3ng. Dal Makhani c\u1ee7a ch\u00fang t\u00f4i \u0111\u01b0\u1ee3c ch\u1ebf bi\u1ebfn t\u1ec9 m\u1ec9 v\u00e0 tinh t\u1ebf, \u0111\u1ec3 t\u1ea1o ra h\u01b0\u01a1ng v\u1ecb tuy\u1ec7t v\u1eddi v\u00e0 \u0111\u00e1p \u1ee9ng s\u1ef1 mong \u0111\u1ee3i c\u1ee7a th\u1ef1c kh\u00e1ch.<\/p>\n<p>H\u00e3y \u0111\u1ebfn Tandoor Vietnam v\u00e0 th\u01b0\u1edfng th\u1ee9c m\u00f3n Dal Makhani \u0111\u1eb7c tr\u01b0ng c\u1ee7a ch\u00fang t\u00f4i. Nh\u00e0 h\u00e0ng ch\u00fang t\u00f4i t\u1ef1 h\u00e0o mang \u0111\u1ebfn nh\u1eefng tr\u1ea3i nghi\u1ec7m \u1ea9m th\u1ef1c \u0111\u1ed9c \u0111\u00e1o t\u1eeb \u1ea4n \u0110\u1ed9, gi\u00fap b\u1ea1n kh\u00e1m ph\u00e1 h\u01b0\u01a1ng v\u1ecb tuy\u1ec7t v\u1eddi c\u1ee7a \u1ea9m th\u1ef1c \u1ea4n \u0110\u1ed9 ngay t\u1ea1i Vi\u1ec7t Nam.<\/p>\n<\/div>\n<\/div>\n<\/div>\n<\/div>\n<\/div>\n<\/div>\n<\/div>\n<\/div>\n<\/div>\n<\/div>\n","protected":false},"excerpt":{"rendered":"<p>&nbsp;<\/p>\n<table width=\"723\">\n<tbody>\n<tr>\n<td width=\"412\">Black lentils cooked in a rich creamy gravy<\/td>\n<\/tr>\n<tr>\n<td width=\"412\"><em> H\u1ed7n h\u1ee3p \u0111\u1eadu \u0111en n\u1ea5u gia v\u1ecb cay v\u00e0 b\u01a1<\/em><\/td>\n<\/tr>\n<\/tbody>\n<\/table>\n","protected":false},"featured_media":3143,"template":"","meta":[],"product_brand":[],"product_cat":[221],"product_tag":[],"class_list":{"0":"post-3142","1":"product","2":"type-product","3":"status-publish","4":"has-post-thumbnail","6":"product_cat-cac-mon-rau-cu","8":"first","9":"instock","10":"taxable","11":"shipping-taxable","12":"purchasable","13":"product-type-simple"},"yoast_head":"<!-- This site is optimized with the Yoast SEO Premium plugin v22.3 (Yoast SEO v27.6) - https:\/\/yoast.com\/product\/yoast-seo-premium-wordpress\/ -->\n<title>Dal Makhani (\u0110\u1eacU \u0110EN N\u1ea4U GIA V\u1eca CAY V\u00c0 B\u01a0)<\/title>\n<meta name=\"description\" content=\"\u0110\u1eadu \u0111en n\u1ea5u gia v\u1ecb cay v\u00e0 b\u01a1 t\u1ea1i Tandoor Vietnam, m\u00f3n \u0103n \u0111\u1eadm \u0111\u00e0 h\u01b0\u01a1ng v\u1ecb v\u00e0 h\u1ea5p d\u1eabn. T\u1eadn h\u01b0\u1edfng h\u01b0\u01a1ng v\u1ecb \u1ea4n \u0110\u1ed9 t\u1ea1i nh\u00e0 h\u00e0ng ch\u00fang t\u00f4i.\" \/>\n<meta name=\"robots\" content=\"index, follow, max-snippet:-1, max-image-preview:large, max-video-preview:-1\" \/>\n<link rel=\"canonical\" href=\"https:\/\/tandoorvietnam.com\/vi\/sanpham\/cac-mon-rau-cu\/dau-den-nau-gia-vi-cay-va-bo\/\" \/>\n<meta property=\"og:locale\" content=\"vi_VN\" \/>\n<meta property=\"og:type\" content=\"article\" \/>\n<meta property=\"og:title\" content=\"Dal Makhani (\u0110\u1eacU \u0110EN N\u1ea4U GIA V\u1eca CAY V\u00c0 B\u01a0)\" \/>\n<meta property=\"og:description\" content=\"\u0110\u1eadu \u0111en n\u1ea5u gia v\u1ecb cay v\u00e0 b\u01a1 t\u1ea1i Tandoor Vietnam, m\u00f3n \u0103n \u0111\u1eadm \u0111\u00e0 h\u01b0\u01a1ng v\u1ecb v\u00e0 h\u1ea5p d\u1eabn. T\u1eadn h\u01b0\u1edfng h\u01b0\u01a1ng v\u1ecb \u1ea4n \u0110\u1ed9 t\u1ea1i nh\u00e0 h\u00e0ng ch\u00fang t\u00f4i.\" \/>\n<meta property=\"og:url\" content=\"https:\/\/tandoorvietnam.com\/vi\/sanpham\/cac-mon-rau-cu\/dau-den-nau-gia-vi-cay-va-bo\/\" \/>\n<meta property=\"og:site_name\" content=\"Tandoor Vi\u1ec7t Nam\" \/>\n<meta property=\"article:publisher\" content=\"https:\/\/www.facebook.com\/tandoor.hcmc\/\" \/>\n<meta property=\"article:modified_time\" content=\"2023-05-17T09:18:44+00:00\" \/>\n<meta property=\"og:image\" content=\"https:\/\/tandoorvietnam.com\/wp-content\/uploads\/2020\/06\/Dal-Makhni.jpg\" \/>\n\t<meta property=\"og:image:width\" content=\"800\" \/>\n\t<meta property=\"og:image:height\" content=\"800\" \/>\n\t<meta property=\"og:image:type\" content=\"image\/jpeg\" \/>\n<meta name=\"twitter:card\" content=\"summary_large_image\" \/>\n<meta name=\"twitter:label1\" content=\"Est. reading time\" \/>\n\t<meta name=\"twitter:data1\" content=\"2 minutes\" \/>\n<script type=\"application\/ld+json\" class=\"yoast-schema-graph\">{\"@context\":\"https:\\\/\\\/schema.org\",\"@graph\":[{\"@type\":\"WebPage\",\"@id\":\"https:\\\/\\\/tandoorvietnam.com\\\/vi\\\/sanpham\\\/cac-mon-rau-cu\\\/dau-den-nau-gia-vi-cay-va-bo\\\/\",\"url\":\"https:\\\/\\\/tandoorvietnam.com\\\/vi\\\/sanpham\\\/cac-mon-rau-cu\\\/dau-den-nau-gia-vi-cay-va-bo\\\/\",\"name\":\"Dal Makhani (\u0110\u1eacU \u0110EN N\u1ea4U GIA V\u1eca CAY V\u00c0 B\u01a0)\",\"isPartOf\":{\"@id\":\"https:\\\/\\\/tandoorvietnam.com\\\/vi\\\/#website\"},\"primaryImageOfPage\":{\"@id\":\"https:\\\/\\\/tandoorvietnam.com\\\/vi\\\/sanpham\\\/cac-mon-rau-cu\\\/dau-den-nau-gia-vi-cay-va-bo\\\/#primaryimage\"},\"image\":{\"@id\":\"https:\\\/\\\/tandoorvietnam.com\\\/vi\\\/sanpham\\\/cac-mon-rau-cu\\\/dau-den-nau-gia-vi-cay-va-bo\\\/#primaryimage\"},\"thumbnailUrl\":\"https:\\\/\\\/tandoorvietnam.com\\\/wp-content\\\/uploads\\\/2020\\\/06\\\/Dal-Makhni.jpg\",\"datePublished\":\"2021-04-12T09:25:44+00:00\",\"dateModified\":\"2023-05-17T09:18:44+00:00\",\"description\":\"\u0110\u1eadu \u0111en n\u1ea5u gia v\u1ecb cay v\u00e0 b\u01a1 t\u1ea1i Tandoor Vietnam, m\u00f3n \u0103n \u0111\u1eadm \u0111\u00e0 h\u01b0\u01a1ng v\u1ecb v\u00e0 h\u1ea5p d\u1eabn. T\u1eadn h\u01b0\u1edfng h\u01b0\u01a1ng v\u1ecb \u1ea4n \u0110\u1ed9 t\u1ea1i nh\u00e0 h\u00e0ng ch\u00fang t\u00f4i.\",\"breadcrumb\":{\"@id\":\"https:\\\/\\\/tandoorvietnam.com\\\/vi\\\/sanpham\\\/cac-mon-rau-cu\\\/dau-den-nau-gia-vi-cay-va-bo\\\/#breadcrumb\"},\"inLanguage\":\"vi-VN\",\"potentialAction\":[{\"@type\":\"ReadAction\",\"target\":[\"https:\\\/\\\/tandoorvietnam.com\\\/vi\\\/sanpham\\\/cac-mon-rau-cu\\\/dau-den-nau-gia-vi-cay-va-bo\\\/\"]}]},{\"@type\":\"ImageObject\",\"inLanguage\":\"vi-VN\",\"@id\":\"https:\\\/\\\/tandoorvietnam.com\\\/vi\\\/sanpham\\\/cac-mon-rau-cu\\\/dau-den-nau-gia-vi-cay-va-bo\\\/#primaryimage\",\"url\":\"https:\\\/\\\/tandoorvietnam.com\\\/wp-content\\\/uploads\\\/2020\\\/06\\\/Dal-Makhni.jpg\",\"contentUrl\":\"https:\\\/\\\/tandoorvietnam.com\\\/wp-content\\\/uploads\\\/2020\\\/06\\\/Dal-Makhni.jpg\",\"width\":800,\"height\":800,\"caption\":\"\u0110\u1eacU \u0110EN N\u1ea4U GIA V\u1eca CAY V\u00c0 B\u01a0\"},{\"@type\":\"BreadcrumbList\",\"@id\":\"https:\\\/\\\/tandoorvietnam.com\\\/vi\\\/sanpham\\\/cac-mon-rau-cu\\\/dau-den-nau-gia-vi-cay-va-bo\\\/#breadcrumb\",\"itemListElement\":[{\"@type\":\"ListItem\",\"position\":1,\"name\":\"Trang Ch\u1ee7\",\"item\":\"https:\\\/\\\/tandoorvietnam.com\\\/vi\\\/\"},{\"@type\":\"ListItem\",\"position\":2,\"name\":\"Shop\",\"item\":\"https:\\\/\\\/tandoorvietnam.com\\\/shop\\\/\"},{\"@type\":\"ListItem\",\"position\":3,\"name\":\"Dal Makhani (\u0110\u1eacU \u0110EN N\u1ea4U GIA V\u1eca CAY V\u00c0 B\u01a0)\"}]},{\"@type\":\"WebSite\",\"@id\":\"https:\\\/\\\/tandoorvietnam.com\\\/vi\\\/#website\",\"url\":\"https:\\\/\\\/tandoorvietnam.com\\\/vi\\\/\",\"name\":\"Tandoor Vietnam\",\"description\":\"Nh\u00e0 h\u00e0ng ngon h\u1ed3 ch\u00ed minh\",\"publisher\":{\"@id\":\"https:\\\/\\\/tandoorvietnam.com\\\/vi\\\/#organization\"},\"potentialAction\":[{\"@type\":\"SearchAction\",\"target\":{\"@type\":\"EntryPoint\",\"urlTemplate\":\"https:\\\/\\\/tandoorvietnam.com\\\/vi\\\/?s={search_term_string}\"},\"query-input\":{\"@type\":\"PropertyValueSpecification\",\"valueRequired\":true,\"valueName\":\"search_term_string\"}}],\"inLanguage\":\"vi-VN\"},{\"@type\":\"Organization\",\"@id\":\"https:\\\/\\\/tandoorvietnam.com\\\/vi\\\/#organization\",\"name\":\"Tandoor Vietnam\",\"url\":\"https:\\\/\\\/tandoorvietnam.com\\\/vi\\\/\",\"logo\":{\"@type\":\"ImageObject\",\"inLanguage\":\"vi-VN\",\"@id\":\"https:\\\/\\\/tandoorvietnam.com\\\/vi\\\/#\\\/schema\\\/logo\\\/image\\\/\",\"url\":\"https:\\\/\\\/tandoorvietnam.com\\\/wp-content\\\/uploads\\\/2020\\\/07\\\/logo.png\",\"contentUrl\":\"https:\\\/\\\/tandoorvietnam.com\\\/wp-content\\\/uploads\\\/2020\\\/07\\\/logo.png\",\"width\":133,\"height\":75,\"caption\":\"Tandoor Vietnam\"},\"image\":{\"@id\":\"https:\\\/\\\/tandoorvietnam.com\\\/vi\\\/#\\\/schema\\\/logo\\\/image\\\/\"},\"sameAs\":[\"https:\\\/\\\/www.facebook.com\\\/tandoor.hcmc\\\/\"]}]}<\/script>\n<!-- \/ Yoast SEO Premium plugin. -->","yoast_head_json":{"title":"Dal Makhani (\u0110\u1eacU \u0110EN N\u1ea4U GIA V\u1eca CAY V\u00c0 B\u01a0)","description":"\u0110\u1eadu \u0111en n\u1ea5u gia v\u1ecb cay v\u00e0 b\u01a1 t\u1ea1i Tandoor Vietnam, m\u00f3n \u0103n \u0111\u1eadm \u0111\u00e0 h\u01b0\u01a1ng v\u1ecb v\u00e0 h\u1ea5p d\u1eabn. T\u1eadn h\u01b0\u1edfng h\u01b0\u01a1ng v\u1ecb \u1ea4n \u0110\u1ed9 t\u1ea1i nh\u00e0 h\u00e0ng ch\u00fang t\u00f4i.","robots":{"index":"index","follow":"follow","max-snippet":"max-snippet:-1","max-image-preview":"max-image-preview:large","max-video-preview":"max-video-preview:-1"},"canonical":"https:\/\/tandoorvietnam.com\/vi\/sanpham\/cac-mon-rau-cu\/dau-den-nau-gia-vi-cay-va-bo\/","og_locale":"vi_VN","og_type":"article","og_title":"Dal Makhani (\u0110\u1eacU \u0110EN N\u1ea4U GIA V\u1eca CAY V\u00c0 B\u01a0)","og_description":"\u0110\u1eadu \u0111en n\u1ea5u gia v\u1ecb cay v\u00e0 b\u01a1 t\u1ea1i Tandoor Vietnam, m\u00f3n \u0103n \u0111\u1eadm \u0111\u00e0 h\u01b0\u01a1ng v\u1ecb v\u00e0 h\u1ea5p d\u1eabn. T\u1eadn h\u01b0\u1edfng h\u01b0\u01a1ng v\u1ecb \u1ea4n \u0110\u1ed9 t\u1ea1i nh\u00e0 h\u00e0ng ch\u00fang t\u00f4i.","og_url":"https:\/\/tandoorvietnam.com\/vi\/sanpham\/cac-mon-rau-cu\/dau-den-nau-gia-vi-cay-va-bo\/","og_site_name":"Tandoor Vi\u1ec7t Nam","article_publisher":"https:\/\/www.facebook.com\/tandoor.hcmc\/","article_modified_time":"2023-05-17T09:18:44+00:00","og_image":[{"width":800,"height":800,"url":"https:\/\/tandoorvietnam.com\/wp-content\/uploads\/2020\/06\/Dal-Makhni.jpg","type":"image\/jpeg"}],"twitter_card":"summary_large_image","twitter_misc":{"Est. reading time":"2 minutes"},"schema":{"@context":"https:\/\/schema.org","@graph":[{"@type":"WebPage","@id":"https:\/\/tandoorvietnam.com\/vi\/sanpham\/cac-mon-rau-cu\/dau-den-nau-gia-vi-cay-va-bo\/","url":"https:\/\/tandoorvietnam.com\/vi\/sanpham\/cac-mon-rau-cu\/dau-den-nau-gia-vi-cay-va-bo\/","name":"Dal Makhani (\u0110\u1eacU \u0110EN N\u1ea4U GIA V\u1eca CAY V\u00c0 B\u01a0)","isPartOf":{"@id":"https:\/\/tandoorvietnam.com\/vi\/#website"},"primaryImageOfPage":{"@id":"https:\/\/tandoorvietnam.com\/vi\/sanpham\/cac-mon-rau-cu\/dau-den-nau-gia-vi-cay-va-bo\/#primaryimage"},"image":{"@id":"https:\/\/tandoorvietnam.com\/vi\/sanpham\/cac-mon-rau-cu\/dau-den-nau-gia-vi-cay-va-bo\/#primaryimage"},"thumbnailUrl":"https:\/\/tandoorvietnam.com\/wp-content\/uploads\/2020\/06\/Dal-Makhni.jpg","datePublished":"2021-04-12T09:25:44+00:00","dateModified":"2023-05-17T09:18:44+00:00","description":"\u0110\u1eadu \u0111en n\u1ea5u gia v\u1ecb cay v\u00e0 b\u01a1 t\u1ea1i Tandoor Vietnam, m\u00f3n \u0103n \u0111\u1eadm \u0111\u00e0 h\u01b0\u01a1ng v\u1ecb v\u00e0 h\u1ea5p d\u1eabn. T\u1eadn h\u01b0\u1edfng h\u01b0\u01a1ng v\u1ecb \u1ea4n \u0110\u1ed9 t\u1ea1i nh\u00e0 h\u00e0ng ch\u00fang t\u00f4i.","breadcrumb":{"@id":"https:\/\/tandoorvietnam.com\/vi\/sanpham\/cac-mon-rau-cu\/dau-den-nau-gia-vi-cay-va-bo\/#breadcrumb"},"inLanguage":"vi-VN","potentialAction":[{"@type":"ReadAction","target":["https:\/\/tandoorvietnam.com\/vi\/sanpham\/cac-mon-rau-cu\/dau-den-nau-gia-vi-cay-va-bo\/"]}]},{"@type":"ImageObject","inLanguage":"vi-VN","@id":"https:\/\/tandoorvietnam.com\/vi\/sanpham\/cac-mon-rau-cu\/dau-den-nau-gia-vi-cay-va-bo\/#primaryimage","url":"https:\/\/tandoorvietnam.com\/wp-content\/uploads\/2020\/06\/Dal-Makhni.jpg","contentUrl":"https:\/\/tandoorvietnam.com\/wp-content\/uploads\/2020\/06\/Dal-Makhni.jpg","width":800,"height":800,"caption":"\u0110\u1eacU \u0110EN N\u1ea4U GIA V\u1eca CAY V\u00c0 B\u01a0"},{"@type":"BreadcrumbList","@id":"https:\/\/tandoorvietnam.com\/vi\/sanpham\/cac-mon-rau-cu\/dau-den-nau-gia-vi-cay-va-bo\/#breadcrumb","itemListElement":[{"@type":"ListItem","position":1,"name":"Trang Ch\u1ee7","item":"https:\/\/tandoorvietnam.com\/vi\/"},{"@type":"ListItem","position":2,"name":"Shop","item":"https:\/\/tandoorvietnam.com\/shop\/"},{"@type":"ListItem","position":3,"name":"Dal Makhani (\u0110\u1eacU \u0110EN N\u1ea4U GIA V\u1eca CAY V\u00c0 B\u01a0)"}]},{"@type":"WebSite","@id":"https:\/\/tandoorvietnam.com\/vi\/#website","url":"https:\/\/tandoorvietnam.com\/vi\/","name":"Tandoor Vietnam","description":"Nh\u00e0 h\u00e0ng ngon h\u1ed3 ch\u00ed minh","publisher":{"@id":"https:\/\/tandoorvietnam.com\/vi\/#organization"},"potentialAction":[{"@type":"SearchAction","target":{"@type":"EntryPoint","urlTemplate":"https:\/\/tandoorvietnam.com\/vi\/?s={search_term_string}"},"query-input":{"@type":"PropertyValueSpecification","valueRequired":true,"valueName":"search_term_string"}}],"inLanguage":"vi-VN"},{"@type":"Organization","@id":"https:\/\/tandoorvietnam.com\/vi\/#organization","name":"Tandoor Vietnam","url":"https:\/\/tandoorvietnam.com\/vi\/","logo":{"@type":"ImageObject","inLanguage":"vi-VN","@id":"https:\/\/tandoorvietnam.com\/vi\/#\/schema\/logo\/image\/","url":"https:\/\/tandoorvietnam.com\/wp-content\/uploads\/2020\/07\/logo.png","contentUrl":"https:\/\/tandoorvietnam.com\/wp-content\/uploads\/2020\/07\/logo.png","width":133,"height":75,"caption":"Tandoor Vietnam"},"image":{"@id":"https:\/\/tandoorvietnam.com\/vi\/#\/schema\/logo\/image\/"},"sameAs":["https:\/\/www.facebook.com\/tandoor.hcmc\/"]}]}},"_links":{"self":[{"href":"https:\/\/tandoorvietnam.com\/vi\/wp-json\/wp\/v2\/product\/3142","targetHints":{"allow":["GET"]}}],"collection":[{"href":"https:\/\/tandoorvietnam.com\/vi\/wp-json\/wp\/v2\/product"}],"about":[{"href":"https:\/\/tandoorvietnam.com\/vi\/wp-json\/wp\/v2\/types\/product"}],"wp:featuredmedia":[{"embeddable":true,"href":"https:\/\/tandoorvietnam.com\/vi\/wp-json\/wp\/v2\/media\/3143"}],"wp:attachment":[{"href":"https:\/\/tandoorvietnam.com\/vi\/wp-json\/wp\/v2\/media?parent=3142"}],"wp:term":[{"taxonomy":"product_brand","embeddable":true,"href":"https:\/\/tandoorvietnam.com\/vi\/wp-json\/wp\/v2\/product_brand?post=3142"},{"taxonomy":"product_cat","embeddable":true,"href":"https:\/\/tandoorvietnam.com\/vi\/wp-json\/wp\/v2\/product_cat?post=3142"},{"taxonomy":"product_tag","embeddable":true,"href":"https:\/\/tandoorvietnam.com\/vi\/wp-json\/wp\/v2\/product_tag?post=3142"}],"curies":[{"name":"wp","href":"https:\/\/api.w.org\/{rel}","templated":true}]}}