{"id":3155,"date":"2020-06-20T12:04:58","date_gmt":"2021-04-12T09:37:10","guid":{"rendered":"http:\/\/tandoorvietnam.com\/product\/uncategorized\/ca-ri-chay-hat-dieu-cay\/"},"modified":"2023-05-21T04:46:01","modified_gmt":"2023-05-21T04:46:01","slug":"ca-ri-chay-hat-dieu-cay","status":"publish","type":"product","link":"https:\/\/tandoorvietnam.com\/vi\/sanpham\/cac-mon-rau-cu\/ca-ri-chay-hat-dieu-cay\/","title":{"rendered":"Khumb Hara Dhania (C\u00c0 RI CHAY H\u1ea0T \u0110I\u1ec0U CAY)"},"content":{"rendered":"<p>C\u00e0 ri chay h\u1ea1t \u0111i\u1ec1u cay (Khumb Hara Dhania) l\u00e0 m\u1ed9t m\u00f3n \u0103n \u0111\u1eadm \u0111\u00e0 v\u00e0 th\u01a1m ngon thu\u1ed9c \u1ea9m th\u1ef1c \u1ea4n \u0110\u1ed9. T\u1ea1i Tandoor Vietnam, ch\u00fang t\u00f4i mang \u0111\u1ebfn m\u1ed9t phi\u00ean b\u1ea3n chay c\u1ee7a m\u00f3n \u0103n n\u00e0y, mang \u0111\u1eadm h\u01b0\u01a1ng v\u1ecb v\u00e0 ch\u1ea5t li\u1ec7u truy\u1ec1n th\u1ed1ng.<\/p>\n<p>C\u00e0 ri chay \u0111\u01b0\u1ee3c l\u00e0m t\u1eeb c\u00e1c lo\u1ea1i rau c\u1ee7 t\u01b0\u01a1i ngon nh\u01b0 c\u00e0 r\u1ed1t, khoai t\u00e2y, h\u00e0nh t\u00e2y, \u1edbt v\u00e0 c\u00e0 chua. Ch\u00fang \u0111\u01b0\u1ee3c n\u1ea5u ch\u00edn m\u1ec1m trong n\u01b0\u1edbc d\u00f9ng c\u00e0 ri th\u01a1m ngon v\u00e0 h\u01b0\u01a1ng v\u1ecb cay cay \u0111\u1eb7c tr\u01b0ng. H\u1ea1t \u0111i\u1ec1u gi\u00f2n r\u1ee5m v\u00e0 th\u00eam m\u1ed9t l\u1edbp v\u1ecb \u0111\u1eb7c bi\u1ec7t cho m\u00f3n \u0103n n\u00e0y.<\/p>\n<p>H\u01b0\u01a1ng v\u1ecb cay n\u1ed3ng v\u00e0 h\u1ea5p d\u1eabn c\u1ee7a c\u00e0 ri chay h\u1ea1t \u0111i\u1ec1u c\u00f9ng v\u1edbi s\u1ef1 \u0111a d\u1ea1ng c\u1ee7a c\u00e1c lo\u1ea1i rau c\u1ee7 t\u1ea1o n\u00ean m\u1ed9t tr\u1ea3i nghi\u1ec7m \u1ea9m th\u1ef1c \u0111\u1ed9c \u0111\u00e1o. M\u00f3n \u0103n n\u00e0y th\u01b0\u1eddng \u0111\u01b0\u1ee3c \u0103n k\u00e8m v\u1edbi c\u01a1m tr\u1eafng th\u01a1m m\u1ec1m ho\u1eb7c b\u00e1nh m\u00ec t\u01b0\u01a1i.<\/p>\n<p>T\u1ea1i <a href=\"https:\/\/tandoorvietnam.com\/\">Tandoor Vietnam<\/a>, ch\u00fang t\u00f4i cam k\u1ebft s\u1eed d\u1ee5ng nguy\u00ean li\u1ec7u t\u01b0\u01a1i ngon v\u00e0 ch\u1ebf bi\u1ebfn m\u00f3n \u0103n v\u1edbi s\u1ef1 t\u1eadn t\u00e2m. Khumb Hara Dhania l\u00e0 m\u1ed9t s\u1ef1 l\u1ef1a ch\u1ecdn tuy\u1ec7t v\u1eddi cho nh\u1eefng ng\u01b0\u1eddi \u01b0a th\u00edch \u1ea9m th\u1ef1c chay ho\u1eb7c mu\u1ed1n kh\u00e1m ph\u00e1 h\u01b0\u01a1ng v\u1ecb \u1ea4n \u0110\u1ed9 \u0111\u1ed9c \u0111\u00e1o.<\/p>\n<p>H\u00e3y th\u01b0\u1edfng th\u1ee9c Khumb Hara Dhania\u00a0t\u1ea1i Tandoor Vietnam v\u00e0 tr\u1ea3i nghi\u1ec7m m\u1ed9t m\u00f3n \u0103n \u0111\u1eadm \u0111\u00e0, th\u01a1m ngon v\u00e0 \u0111\u1ea7y m\u00e0u s\u1eafc c\u1ee7a \u1ea9m th\u1ef1c \u1ea4n \u0110\u1ed9.<\/p>\n","protected":false},"excerpt":{"rendered":"<p>&nbsp;<\/p>\n<table width=\"723\">\n<tbody>\n<tr>\n<td width=\"412\">A rich vegetarian curry with mushroom and fresh coriander<\/td>\n<\/tr>\n<tr>\n<td width=\"412\"><em> C\u00e0 ri n\u1ea5m chay n\u1ea5u v\u1edbi s\u1ed1t h\u1ea1t \u0111i\u1ec1u cay v\u00e0 ng\u00f2<\/em><\/td>\n<\/tr>\n<\/tbody>\n<\/table>\n","protected":false},"featured_media":3156,"template":"","meta":[],"product_brand":[],"product_cat":[221],"product_tag":[],"class_list":{"0":"post-3155","1":"product","2":"type-product","3":"status-publish","4":"has-post-thumbnail","6":"product_cat-cac-mon-rau-cu","8":"first","9":"instock","10":"taxable","11":"shipping-taxable","12":"purchasable","13":"product-type-simple"},"yoast_head":"<!-- This site is optimized with the Yoast SEO Premium plugin v22.3 (Yoast SEO v27.4) - https:\/\/yoast.com\/product\/yoast-seo-premium-wordpress\/ -->\n<title>Khumb Hara Dhania (C\u00c0 RI CHAY H\u1ea0T \u0110I\u1ec0U CAY)<\/title>\n<meta name=\"description\" content=\"C\u00e0 ri chay h\u1ea1t \u0111i\u1ec1u cay - M\u00f3n \u0103n h\u01b0\u01a1ng v\u1ecb \u1ea4n \u0110\u1ed9 t\u1ea1i nh\u00e0 h\u00e0ng Tandoor Vietnam, k\u1ebft h\u1ee3p c\u00e0 ri th\u01a1m ngon v\u00e0 h\u1ea1t \u0111i\u1ec1u gi\u00f2n r\u1ee5m.\" \/>\n<meta name=\"robots\" content=\"index, follow, max-snippet:-1, max-image-preview:large, max-video-preview:-1\" \/>\n<link rel=\"canonical\" href=\"https:\/\/tandoorvietnam.com\/vi\/sanpham\/cac-mon-rau-cu\/ca-ri-chay-hat-dieu-cay\/\" \/>\n<meta property=\"og:locale\" content=\"vi_VN\" \/>\n<meta property=\"og:type\" content=\"article\" \/>\n<meta property=\"og:title\" content=\"Khumb Hara Dhania (C\u00c0 RI CHAY H\u1ea0T \u0110I\u1ec0U CAY)\" \/>\n<meta property=\"og:description\" content=\"C\u00e0 ri chay h\u1ea1t \u0111i\u1ec1u cay - M\u00f3n \u0103n h\u01b0\u01a1ng v\u1ecb \u1ea4n \u0110\u1ed9 t\u1ea1i nh\u00e0 h\u00e0ng Tandoor Vietnam, k\u1ebft h\u1ee3p c\u00e0 ri th\u01a1m ngon v\u00e0 h\u1ea1t \u0111i\u1ec1u gi\u00f2n r\u1ee5m.\" \/>\n<meta property=\"og:url\" content=\"https:\/\/tandoorvietnam.com\/vi\/sanpham\/cac-mon-rau-cu\/ca-ri-chay-hat-dieu-cay\/\" \/>\n<meta property=\"og:site_name\" content=\"Tandoor Vi\u1ec7t Nam\" \/>\n<meta property=\"article:publisher\" content=\"https:\/\/www.facebook.com\/tandoor.hcmc\/\" \/>\n<meta property=\"article:modified_time\" content=\"2023-05-21T04:46:01+00:00\" \/>\n<meta property=\"og:image\" content=\"https:\/\/tandoorvietnam.com\/wp-content\/uploads\/2020\/06\/Khumb-Hara-Dhania.jpg\" \/>\n\t<meta property=\"og:image:width\" content=\"800\" \/>\n\t<meta property=\"og:image:height\" content=\"800\" \/>\n\t<meta property=\"og:image:type\" content=\"image\/jpeg\" \/>\n<meta name=\"twitter:card\" content=\"summary_large_image\" \/>\n<meta name=\"twitter:label1\" content=\"Est. reading time\" \/>\n\t<meta name=\"twitter:data1\" content=\"2 minutes\" \/>\n<script type=\"application\/ld+json\" class=\"yoast-schema-graph\">{\"@context\":\"https:\\\/\\\/schema.org\",\"@graph\":[{\"@type\":\"WebPage\",\"@id\":\"https:\\\/\\\/tandoorvietnam.com\\\/vi\\\/sanpham\\\/cac-mon-rau-cu\\\/ca-ri-chay-hat-dieu-cay\\\/\",\"url\":\"https:\\\/\\\/tandoorvietnam.com\\\/vi\\\/sanpham\\\/cac-mon-rau-cu\\\/ca-ri-chay-hat-dieu-cay\\\/\",\"name\":\"Khumb Hara Dhania (C\u00c0 RI CHAY H\u1ea0T \u0110I\u1ec0U CAY)\",\"isPartOf\":{\"@id\":\"https:\\\/\\\/tandoorvietnam.com\\\/vi\\\/#website\"},\"primaryImageOfPage\":{\"@id\":\"https:\\\/\\\/tandoorvietnam.com\\\/vi\\\/sanpham\\\/cac-mon-rau-cu\\\/ca-ri-chay-hat-dieu-cay\\\/#primaryimage\"},\"image\":{\"@id\":\"https:\\\/\\\/tandoorvietnam.com\\\/vi\\\/sanpham\\\/cac-mon-rau-cu\\\/ca-ri-chay-hat-dieu-cay\\\/#primaryimage\"},\"thumbnailUrl\":\"https:\\\/\\\/tandoorvietnam.com\\\/wp-content\\\/uploads\\\/2020\\\/06\\\/Khumb-Hara-Dhania.jpg\",\"datePublished\":\"2021-04-12T09:37:10+00:00\",\"dateModified\":\"2023-05-21T04:46:01+00:00\",\"description\":\"C\u00e0 ri chay h\u1ea1t \u0111i\u1ec1u cay - M\u00f3n \u0103n h\u01b0\u01a1ng v\u1ecb \u1ea4n \u0110\u1ed9 t\u1ea1i nh\u00e0 h\u00e0ng Tandoor Vietnam, k\u1ebft h\u1ee3p c\u00e0 ri th\u01a1m ngon v\u00e0 h\u1ea1t \u0111i\u1ec1u gi\u00f2n r\u1ee5m.\",\"breadcrumb\":{\"@id\":\"https:\\\/\\\/tandoorvietnam.com\\\/vi\\\/sanpham\\\/cac-mon-rau-cu\\\/ca-ri-chay-hat-dieu-cay\\\/#breadcrumb\"},\"inLanguage\":\"vi-VN\",\"potentialAction\":[{\"@type\":\"ReadAction\",\"target\":[\"https:\\\/\\\/tandoorvietnam.com\\\/vi\\\/sanpham\\\/cac-mon-rau-cu\\\/ca-ri-chay-hat-dieu-cay\\\/\"]}]},{\"@type\":\"ImageObject\",\"inLanguage\":\"vi-VN\",\"@id\":\"https:\\\/\\\/tandoorvietnam.com\\\/vi\\\/sanpham\\\/cac-mon-rau-cu\\\/ca-ri-chay-hat-dieu-cay\\\/#primaryimage\",\"url\":\"https:\\\/\\\/tandoorvietnam.com\\\/wp-content\\\/uploads\\\/2020\\\/06\\\/Khumb-Hara-Dhania.jpg\",\"contentUrl\":\"https:\\\/\\\/tandoorvietnam.com\\\/wp-content\\\/uploads\\\/2020\\\/06\\\/Khumb-Hara-Dhania.jpg\",\"width\":800,\"height\":800,\"caption\":\"C\u00c0 RI CHAY H\u1ea0T \u0110I\u1ec0U CAY\"},{\"@type\":\"BreadcrumbList\",\"@id\":\"https:\\\/\\\/tandoorvietnam.com\\\/vi\\\/sanpham\\\/cac-mon-rau-cu\\\/ca-ri-chay-hat-dieu-cay\\\/#breadcrumb\",\"itemListElement\":[{\"@type\":\"ListItem\",\"position\":1,\"name\":\"Trang Ch\u1ee7\",\"item\":\"https:\\\/\\\/tandoorvietnam.com\\\/vi\\\/\"},{\"@type\":\"ListItem\",\"position\":2,\"name\":\"Shop\",\"item\":\"https:\\\/\\\/tandoorvietnam.com\\\/shop\\\/\"},{\"@type\":\"ListItem\",\"position\":3,\"name\":\"Khumb Hara Dhania (C\u00c0 RI CHAY H\u1ea0T \u0110I\u1ec0U CAY)\"}]},{\"@type\":\"WebSite\",\"@id\":\"https:\\\/\\\/tandoorvietnam.com\\\/vi\\\/#website\",\"url\":\"https:\\\/\\\/tandoorvietnam.com\\\/vi\\\/\",\"name\":\"Tandoor Vietnam\",\"description\":\"Nh\u00e0 h\u00e0ng ngon h\u1ed3 ch\u00ed minh\",\"publisher\":{\"@id\":\"https:\\\/\\\/tandoorvietnam.com\\\/vi\\\/#organization\"},\"potentialAction\":[{\"@type\":\"SearchAction\",\"target\":{\"@type\":\"EntryPoint\",\"urlTemplate\":\"https:\\\/\\\/tandoorvietnam.com\\\/vi\\\/?s={search_term_string}\"},\"query-input\":{\"@type\":\"PropertyValueSpecification\",\"valueRequired\":true,\"valueName\":\"search_term_string\"}}],\"inLanguage\":\"vi-VN\"},{\"@type\":\"Organization\",\"@id\":\"https:\\\/\\\/tandoorvietnam.com\\\/vi\\\/#organization\",\"name\":\"Tandoor Vietnam\",\"url\":\"https:\\\/\\\/tandoorvietnam.com\\\/vi\\\/\",\"logo\":{\"@type\":\"ImageObject\",\"inLanguage\":\"vi-VN\",\"@id\":\"https:\\\/\\\/tandoorvietnam.com\\\/vi\\\/#\\\/schema\\\/logo\\\/image\\\/\",\"url\":\"https:\\\/\\\/tandoorvietnam.com\\\/wp-content\\\/uploads\\\/2020\\\/07\\\/logo.png\",\"contentUrl\":\"https:\\\/\\\/tandoorvietnam.com\\\/wp-content\\\/uploads\\\/2020\\\/07\\\/logo.png\",\"width\":133,\"height\":75,\"caption\":\"Tandoor Vietnam\"},\"image\":{\"@id\":\"https:\\\/\\\/tandoorvietnam.com\\\/vi\\\/#\\\/schema\\\/logo\\\/image\\\/\"},\"sameAs\":[\"https:\\\/\\\/www.facebook.com\\\/tandoor.hcmc\\\/\"]}]}<\/script>\n<!-- \/ Yoast SEO Premium plugin. -->","yoast_head_json":{"title":"Khumb Hara Dhania (C\u00c0 RI CHAY H\u1ea0T \u0110I\u1ec0U CAY)","description":"C\u00e0 ri chay h\u1ea1t \u0111i\u1ec1u cay - M\u00f3n \u0103n h\u01b0\u01a1ng v\u1ecb \u1ea4n \u0110\u1ed9 t\u1ea1i nh\u00e0 h\u00e0ng Tandoor Vietnam, k\u1ebft h\u1ee3p c\u00e0 ri th\u01a1m ngon v\u00e0 h\u1ea1t \u0111i\u1ec1u gi\u00f2n r\u1ee5m.","robots":{"index":"index","follow":"follow","max-snippet":"max-snippet:-1","max-image-preview":"max-image-preview:large","max-video-preview":"max-video-preview:-1"},"canonical":"https:\/\/tandoorvietnam.com\/vi\/sanpham\/cac-mon-rau-cu\/ca-ri-chay-hat-dieu-cay\/","og_locale":"vi_VN","og_type":"article","og_title":"Khumb Hara Dhania (C\u00c0 RI CHAY H\u1ea0T \u0110I\u1ec0U CAY)","og_description":"C\u00e0 ri chay h\u1ea1t \u0111i\u1ec1u cay - M\u00f3n \u0103n h\u01b0\u01a1ng v\u1ecb \u1ea4n \u0110\u1ed9 t\u1ea1i nh\u00e0 h\u00e0ng Tandoor Vietnam, k\u1ebft h\u1ee3p c\u00e0 ri th\u01a1m ngon v\u00e0 h\u1ea1t \u0111i\u1ec1u gi\u00f2n r\u1ee5m.","og_url":"https:\/\/tandoorvietnam.com\/vi\/sanpham\/cac-mon-rau-cu\/ca-ri-chay-hat-dieu-cay\/","og_site_name":"Tandoor Vi\u1ec7t Nam","article_publisher":"https:\/\/www.facebook.com\/tandoor.hcmc\/","article_modified_time":"2023-05-21T04:46:01+00:00","og_image":[{"width":800,"height":800,"url":"https:\/\/tandoorvietnam.com\/wp-content\/uploads\/2020\/06\/Khumb-Hara-Dhania.jpg","type":"image\/jpeg"}],"twitter_card":"summary_large_image","twitter_misc":{"Est. reading time":"2 minutes"},"schema":{"@context":"https:\/\/schema.org","@graph":[{"@type":"WebPage","@id":"https:\/\/tandoorvietnam.com\/vi\/sanpham\/cac-mon-rau-cu\/ca-ri-chay-hat-dieu-cay\/","url":"https:\/\/tandoorvietnam.com\/vi\/sanpham\/cac-mon-rau-cu\/ca-ri-chay-hat-dieu-cay\/","name":"Khumb Hara Dhania (C\u00c0 RI CHAY H\u1ea0T \u0110I\u1ec0U CAY)","isPartOf":{"@id":"https:\/\/tandoorvietnam.com\/vi\/#website"},"primaryImageOfPage":{"@id":"https:\/\/tandoorvietnam.com\/vi\/sanpham\/cac-mon-rau-cu\/ca-ri-chay-hat-dieu-cay\/#primaryimage"},"image":{"@id":"https:\/\/tandoorvietnam.com\/vi\/sanpham\/cac-mon-rau-cu\/ca-ri-chay-hat-dieu-cay\/#primaryimage"},"thumbnailUrl":"https:\/\/tandoorvietnam.com\/wp-content\/uploads\/2020\/06\/Khumb-Hara-Dhania.jpg","datePublished":"2021-04-12T09:37:10+00:00","dateModified":"2023-05-21T04:46:01+00:00","description":"C\u00e0 ri chay h\u1ea1t \u0111i\u1ec1u cay - M\u00f3n \u0103n h\u01b0\u01a1ng v\u1ecb \u1ea4n \u0110\u1ed9 t\u1ea1i nh\u00e0 h\u00e0ng Tandoor Vietnam, k\u1ebft h\u1ee3p c\u00e0 ri th\u01a1m ngon v\u00e0 h\u1ea1t \u0111i\u1ec1u gi\u00f2n r\u1ee5m.","breadcrumb":{"@id":"https:\/\/tandoorvietnam.com\/vi\/sanpham\/cac-mon-rau-cu\/ca-ri-chay-hat-dieu-cay\/#breadcrumb"},"inLanguage":"vi-VN","potentialAction":[{"@type":"ReadAction","target":["https:\/\/tandoorvietnam.com\/vi\/sanpham\/cac-mon-rau-cu\/ca-ri-chay-hat-dieu-cay\/"]}]},{"@type":"ImageObject","inLanguage":"vi-VN","@id":"https:\/\/tandoorvietnam.com\/vi\/sanpham\/cac-mon-rau-cu\/ca-ri-chay-hat-dieu-cay\/#primaryimage","url":"https:\/\/tandoorvietnam.com\/wp-content\/uploads\/2020\/06\/Khumb-Hara-Dhania.jpg","contentUrl":"https:\/\/tandoorvietnam.com\/wp-content\/uploads\/2020\/06\/Khumb-Hara-Dhania.jpg","width":800,"height":800,"caption":"C\u00c0 RI CHAY H\u1ea0T \u0110I\u1ec0U CAY"},{"@type":"BreadcrumbList","@id":"https:\/\/tandoorvietnam.com\/vi\/sanpham\/cac-mon-rau-cu\/ca-ri-chay-hat-dieu-cay\/#breadcrumb","itemListElement":[{"@type":"ListItem","position":1,"name":"Trang Ch\u1ee7","item":"https:\/\/tandoorvietnam.com\/vi\/"},{"@type":"ListItem","position":2,"name":"Shop","item":"https:\/\/tandoorvietnam.com\/shop\/"},{"@type":"ListItem","position":3,"name":"Khumb Hara Dhania (C\u00c0 RI CHAY H\u1ea0T \u0110I\u1ec0U CAY)"}]},{"@type":"WebSite","@id":"https:\/\/tandoorvietnam.com\/vi\/#website","url":"https:\/\/tandoorvietnam.com\/vi\/","name":"Tandoor Vietnam","description":"Nh\u00e0 h\u00e0ng ngon h\u1ed3 ch\u00ed minh","publisher":{"@id":"https:\/\/tandoorvietnam.com\/vi\/#organization"},"potentialAction":[{"@type":"SearchAction","target":{"@type":"EntryPoint","urlTemplate":"https:\/\/tandoorvietnam.com\/vi\/?s={search_term_string}"},"query-input":{"@type":"PropertyValueSpecification","valueRequired":true,"valueName":"search_term_string"}}],"inLanguage":"vi-VN"},{"@type":"Organization","@id":"https:\/\/tandoorvietnam.com\/vi\/#organization","name":"Tandoor Vietnam","url":"https:\/\/tandoorvietnam.com\/vi\/","logo":{"@type":"ImageObject","inLanguage":"vi-VN","@id":"https:\/\/tandoorvietnam.com\/vi\/#\/schema\/logo\/image\/","url":"https:\/\/tandoorvietnam.com\/wp-content\/uploads\/2020\/07\/logo.png","contentUrl":"https:\/\/tandoorvietnam.com\/wp-content\/uploads\/2020\/07\/logo.png","width":133,"height":75,"caption":"Tandoor Vietnam"},"image":{"@id":"https:\/\/tandoorvietnam.com\/vi\/#\/schema\/logo\/image\/"},"sameAs":["https:\/\/www.facebook.com\/tandoor.hcmc\/"]}]}},"_links":{"self":[{"href":"https:\/\/tandoorvietnam.com\/vi\/wp-json\/wp\/v2\/product\/3155","targetHints":{"allow":["GET"]}}],"collection":[{"href":"https:\/\/tandoorvietnam.com\/vi\/wp-json\/wp\/v2\/product"}],"about":[{"href":"https:\/\/tandoorvietnam.com\/vi\/wp-json\/wp\/v2\/types\/product"}],"wp:featuredmedia":[{"embeddable":true,"href":"https:\/\/tandoorvietnam.com\/vi\/wp-json\/wp\/v2\/media\/3156"}],"wp:attachment":[{"href":"https:\/\/tandoorvietnam.com\/vi\/wp-json\/wp\/v2\/media?parent=3155"}],"wp:term":[{"taxonomy":"product_brand","embeddable":true,"href":"https:\/\/tandoorvietnam.com\/vi\/wp-json\/wp\/v2\/product_brand?post=3155"},{"taxonomy":"product_cat","embeddable":true,"href":"https:\/\/tandoorvietnam.com\/vi\/wp-json\/wp\/v2\/product_cat?post=3155"},{"taxonomy":"product_tag","embeddable":true,"href":"https:\/\/tandoorvietnam.com\/vi\/wp-json\/wp\/v2\/product_tag?post=3155"}],"curies":[{"name":"wp","href":"https:\/\/api.w.org\/{rel}","templated":true}]}}