{"id":3167,"date":"2020-06-20T12:25:39","date_gmt":"2021-04-12T09:54:29","guid":{"rendered":"http:\/\/tandoorvietnam.com\/product\/uncategorized\/pho-mai-paneer-va-rau-cu-thap-cam-sot-ca-ri-cay\/"},"modified":"2023-05-21T04:30:37","modified_gmt":"2023-05-21T04:30:37","slug":"pho-mai-paneer-va-rau-cu-thap-cam-sot-ca-ri-cay","status":"publish","type":"product","link":"https:\/\/tandoorvietnam.com\/vi\/sanpham\/cac-mon-rau-cu\/pho-mai-paneer-va-rau-cu-thap-cam-sot-ca-ri-cay\/","title":{"rendered":"Mixed Vegetable Curry (PH\u00d4 MAI PANEER V\u00c0 RAU C\u1ee6 TH\u1eacP C\u1ea8M S\u1ed0T C\u00c0 RI CAY)"},"content":{"rendered":"<p>Ph\u00f4 Mai Paneer v\u00e0 Rau C\u1ee7 Th\u1eadp C\u1ea9m s\u1ed1t C\u00e0 Ri Cay (Mixed Vegetable Curry) l\u00e0 m\u1ed9t m\u00f3n \u0103n \u0111\u1eb7c bi\u1ec7t t\u1ea1i Tandoor Vietnam. Ph\u00f4 Mai Paneer l\u00e0 lo\u1ea1i ph\u00f4 mai \u1ea4n \u0110\u1ed9 truy\u1ec1n th\u1ed1ng \u0111\u01b0\u1ee3c l\u00e0m t\u1eeb s\u1eefa b\u00f2 t\u01b0\u01a1i ngon v\u00e0 c\u00f3 c\u1ea5u tr\u00fac \u0111\u1eb7c bi\u1ec7t. Ph\u00f4 mai paneer c\u00f3 v\u1ecb b\u00e9o ng\u1eady v\u00e0 \u0111\u1ed9 \u0111\u00e0n h\u1ed3i, gi\u00fap t\u1ea1o n\u00ean s\u1ef1 h\u1ea5p d\u1eabn \u0111\u1eb7c bi\u1ec7t cho m\u00f3n \u0103n n\u00e0y.<\/p>\n<p>Ch\u00fang t\u00f4i k\u1ebft h\u1ee3p ph\u00f4 mai paneer th\u01a1m ngon v\u1edbi m\u1ed9t lo\u1ea1t rau c\u1ee7 th\u1eadp c\u1ea9m t\u01b0\u01a1i ngon nh\u01b0 c\u00e0 r\u1ed1t, s\u00fap l\u01a1, b\u00f4ng c\u1ea3i xanh, v\u00e0 c\u00e0 chua. S\u1ef1 k\u1ebft h\u1ee3p n\u00e0y mang l\u1ea1i s\u1ef1 \u0111a d\u1ea1ng v\u00e0 dinh d\u01b0\u1ee1ng cho m\u00f3n \u0103n, v\u1eeba th\u01a1m ngon v\u1eeba b\u1ed5 d\u01b0\u1ee1ng.<\/p>\n<p>\u0110\u1eb7c bi\u1ec7t, m\u00f3n \u0103n \u0111\u01b0\u1ee3c \u01b0\u1edbp s\u1ed1t c\u00e0 ri cay n\u00f3ng b\u1ecfng, t\u1ea1o n\u00ean h\u01b0\u01a1ng v\u1ecb \u0111\u1eadm \u0111\u00e0 v\u00e0 cay n\u1ed3ng. S\u1ef1 k\u1ebft h\u1ee3p gi\u1eefa v\u1ecb b\u00e9o ng\u1eady c\u1ee7a ph\u00f4 mai paneer, h\u01b0\u01a1ng v\u1ecb t\u01b0\u01a1i ngon c\u1ee7a rau c\u1ee7 v\u00e0 h\u01b0\u01a1ng v\u1ecb cay n\u1ed3ng c\u1ee7a s\u1ed1t c\u00e0 ri t\u1ea1o n\u00ean m\u1ed9t tr\u1ea3i nghi\u1ec7m \u1ea9m th\u1ef1c tuy\u1ec7t v\u1eddi.<\/p>\n<p>Mixed Vegetable Curry l\u00e0 m\u1ed9t l\u1ef1a ch\u1ecdn tuy\u1ec7t v\u1eddi cho nh\u1eefng ng\u01b0\u1eddi y\u00eau th\u00edch \u1ea9m th\u1ef1c \u1ea4n \u0110\u1ed9 v\u00e0 mu\u1ed1n kh\u00e1m ph\u00e1 h\u01b0\u01a1ng v\u1ecb \u0111\u1ed9c \u0111\u00e1o c\u1ee7a m\u00f3n \u0103n n\u00e0y. B\u1ea1n c\u00f3 th\u1ec3 th\u01b0\u1edfng th\u1ee9c m\u00f3n n\u00e0y nh\u01b0 m\u1ed9t m\u00f3n ch\u00ednh ho\u1eb7c k\u00e8m v\u1edbi c\u01a1m, b\u00e1nh m\u00ec ho\u1eb7c b\u1ea5t k\u1ef3 lo\u1ea1i b\u00e1nh m\u00ec n\u01b0\u1edbng n\u00e0o m\u00e0 b\u1ea1n y\u00eau th\u00edch.<\/p>\n<p>T\u1ea1i Tandoor Vietnam, ch\u00fang t\u00f4i cam k\u1ebft s\u1eed d\u1ee5ng nguy\u00ean li\u1ec7u t\u01b0\u01a1i ngon v\u00e0 ch\u1ea5t l\u01b0\u1ee3ng \u0111\u1ec3 mang \u0111\u1ebfn cho b\u1ea1n nh\u1eefng m\u00f3n \u0103n \u0111\u1ed9c \u0111\u00e1o v\u00e0 ngon mi\u1ec7ng. Mixed Vegetable Curry\u00a0l\u00e0 m\u1ed9t trong nh\u1eefng l\u1ef1a ch\u1ecdn h\u1ea5p d\u1eabn kh\u00f4ng th\u1ec3 b\u1ecf qua khi \u0111\u1ebfn v\u1edbi nh\u00e0 h\u00e0ng c\u1ee7a ch\u00fang t\u00f4i.<\/p>\n","protected":false},"excerpt":{"rendered":"<p>&nbsp;<\/p>\n<table width=\"723\">\n<tbody>\n<tr>\n<td width=\"412\">Mixed vegetables in onion tomato gravy<\/td>\n<\/tr>\n<tr>\n<td width=\"412\"><em> Rau c\u1ee7 t\u01b0\u01a1i th\u1eadp c\u1ea9m + phomai tr\u1eafng n\u1ea5u s\u1ed1t cari cay<\/em><\/td>\n<\/tr>\n<\/tbody>\n<\/table>\n","protected":false},"featured_media":3168,"template":"","meta":[],"product_brand":[],"product_cat":[221],"product_tag":[],"class_list":{"0":"post-3167","1":"product","2":"type-product","3":"status-publish","4":"has-post-thumbnail","6":"product_cat-cac-mon-rau-cu","8":"first","9":"instock","10":"taxable","11":"shipping-taxable","12":"purchasable","13":"product-type-simple"},"yoast_head":"<!-- This site is optimized with the Yoast SEO Premium plugin v22.3 (Yoast SEO v27.4) - https:\/\/yoast.com\/product\/yoast-seo-premium-wordpress\/ -->\n<title>PH\u00d4 MAI PANEER V\u00c0 RAU C\u1ee6 TH\u1eacP C\u1ea8M S\u1ed0T C\u00c0 RI CAY<\/title>\n<meta name=\"description\" content=\"M\u00f3n Ph\u00f4 Mai Paneer v\u00e0 Rau C\u1ee7 Th\u1eadp C\u1ea9m s\u1ed1t C\u00e0 Ri Cay t\u1ea1i Tandoor Vietnam. H\u01b0\u01a1ng v\u1ecb \u0111\u1ed9c \u0111\u00e1o c\u1ee7a ph\u00f4 mai paneer k\u1ebft h\u1ee3p v\u1edbi rau c\u1ee7.\" \/>\n<meta name=\"robots\" content=\"index, follow, max-snippet:-1, max-image-preview:large, max-video-preview:-1\" \/>\n<link rel=\"canonical\" href=\"https:\/\/tandoorvietnam.com\/vi\/sanpham\/cac-mon-rau-cu\/pho-mai-paneer-va-rau-cu-thap-cam-sot-ca-ri-cay\/\" \/>\n<meta property=\"og:locale\" content=\"vi_VN\" \/>\n<meta property=\"og:type\" content=\"article\" \/>\n<meta property=\"og:title\" content=\"Mixed Vegetable Curry (PH\u00d4 MAI PANEER V\u00c0 RAU C\u1ee6 TH\u1eacP C\u1ea8M S\u1ed0T C\u00c0 RI CAY)\" \/>\n<meta property=\"og:description\" content=\"M\u00f3n Ph\u00f4 Mai Paneer v\u00e0 Rau C\u1ee7 Th\u1eadp C\u1ea9m s\u1ed1t C\u00e0 Ri Cay t\u1ea1i Tandoor Vietnam. H\u01b0\u01a1ng v\u1ecb \u0111\u1ed9c \u0111\u00e1o c\u1ee7a ph\u00f4 mai paneer k\u1ebft h\u1ee3p v\u1edbi rau c\u1ee7.\" \/>\n<meta property=\"og:url\" content=\"https:\/\/tandoorvietnam.com\/vi\/sanpham\/cac-mon-rau-cu\/pho-mai-paneer-va-rau-cu-thap-cam-sot-ca-ri-cay\/\" \/>\n<meta property=\"og:site_name\" content=\"Tandoor Vi\u1ec7t Nam\" \/>\n<meta property=\"article:publisher\" content=\"https:\/\/www.facebook.com\/tandoor.hcmc\/\" \/>\n<meta property=\"article:modified_time\" content=\"2023-05-21T04:30:37+00:00\" \/>\n<meta property=\"og:image\" content=\"https:\/\/tandoorvietnam.com\/wp-content\/uploads\/2020\/06\/Mix-vegetable-curry.jpg\" \/>\n\t<meta property=\"og:image:width\" content=\"1400\" \/>\n\t<meta property=\"og:image:height\" content=\"1400\" \/>\n\t<meta property=\"og:image:type\" content=\"image\/jpeg\" \/>\n<meta name=\"twitter:card\" content=\"summary_large_image\" \/>\n<meta name=\"twitter:label1\" content=\"Est. reading time\" \/>\n\t<meta name=\"twitter:data1\" content=\"2 minutes\" \/>\n<script type=\"application\/ld+json\" class=\"yoast-schema-graph\">{\"@context\":\"https:\\\/\\\/schema.org\",\"@graph\":[{\"@type\":\"WebPage\",\"@id\":\"https:\\\/\\\/tandoorvietnam.com\\\/vi\\\/sanpham\\\/cac-mon-rau-cu\\\/pho-mai-paneer-va-rau-cu-thap-cam-sot-ca-ri-cay\\\/\",\"url\":\"https:\\\/\\\/tandoorvietnam.com\\\/vi\\\/sanpham\\\/cac-mon-rau-cu\\\/pho-mai-paneer-va-rau-cu-thap-cam-sot-ca-ri-cay\\\/\",\"name\":\"PH\u00d4 MAI PANEER V\u00c0 RAU C\u1ee6 TH\u1eacP C\u1ea8M S\u1ed0T C\u00c0 RI CAY\",\"isPartOf\":{\"@id\":\"https:\\\/\\\/tandoorvietnam.com\\\/vi\\\/#website\"},\"primaryImageOfPage\":{\"@id\":\"https:\\\/\\\/tandoorvietnam.com\\\/vi\\\/sanpham\\\/cac-mon-rau-cu\\\/pho-mai-paneer-va-rau-cu-thap-cam-sot-ca-ri-cay\\\/#primaryimage\"},\"image\":{\"@id\":\"https:\\\/\\\/tandoorvietnam.com\\\/vi\\\/sanpham\\\/cac-mon-rau-cu\\\/pho-mai-paneer-va-rau-cu-thap-cam-sot-ca-ri-cay\\\/#primaryimage\"},\"thumbnailUrl\":\"https:\\\/\\\/tandoorvietnam.com\\\/wp-content\\\/uploads\\\/2020\\\/06\\\/Mix-vegetable-curry.jpg\",\"datePublished\":\"2021-04-12T09:54:29+00:00\",\"dateModified\":\"2023-05-21T04:30:37+00:00\",\"description\":\"M\u00f3n Ph\u00f4 Mai Paneer v\u00e0 Rau C\u1ee7 Th\u1eadp C\u1ea9m s\u1ed1t C\u00e0 Ri Cay t\u1ea1i Tandoor Vietnam. H\u01b0\u01a1ng v\u1ecb \u0111\u1ed9c \u0111\u00e1o c\u1ee7a ph\u00f4 mai paneer k\u1ebft h\u1ee3p v\u1edbi rau c\u1ee7.\",\"breadcrumb\":{\"@id\":\"https:\\\/\\\/tandoorvietnam.com\\\/vi\\\/sanpham\\\/cac-mon-rau-cu\\\/pho-mai-paneer-va-rau-cu-thap-cam-sot-ca-ri-cay\\\/#breadcrumb\"},\"inLanguage\":\"vi-VN\",\"potentialAction\":[{\"@type\":\"ReadAction\",\"target\":[\"https:\\\/\\\/tandoorvietnam.com\\\/vi\\\/sanpham\\\/cac-mon-rau-cu\\\/pho-mai-paneer-va-rau-cu-thap-cam-sot-ca-ri-cay\\\/\"]}]},{\"@type\":\"ImageObject\",\"inLanguage\":\"vi-VN\",\"@id\":\"https:\\\/\\\/tandoorvietnam.com\\\/vi\\\/sanpham\\\/cac-mon-rau-cu\\\/pho-mai-paneer-va-rau-cu-thap-cam-sot-ca-ri-cay\\\/#primaryimage\",\"url\":\"https:\\\/\\\/tandoorvietnam.com\\\/wp-content\\\/uploads\\\/2020\\\/06\\\/Mix-vegetable-curry.jpg\",\"contentUrl\":\"https:\\\/\\\/tandoorvietnam.com\\\/wp-content\\\/uploads\\\/2020\\\/06\\\/Mix-vegetable-curry.jpg\",\"width\":1400,\"height\":1400,\"caption\":\"PH\u00d4 MAI PANEER V\u00c0 RAU C\u1ee6 TH\u1eacP C\u1ea8M S\u1ed0T C\u00c0 RI CAY\"},{\"@type\":\"BreadcrumbList\",\"@id\":\"https:\\\/\\\/tandoorvietnam.com\\\/vi\\\/sanpham\\\/cac-mon-rau-cu\\\/pho-mai-paneer-va-rau-cu-thap-cam-sot-ca-ri-cay\\\/#breadcrumb\",\"itemListElement\":[{\"@type\":\"ListItem\",\"position\":1,\"name\":\"Trang Ch\u1ee7\",\"item\":\"https:\\\/\\\/tandoorvietnam.com\\\/vi\\\/\"},{\"@type\":\"ListItem\",\"position\":2,\"name\":\"Shop\",\"item\":\"https:\\\/\\\/tandoorvietnam.com\\\/shop\\\/\"},{\"@type\":\"ListItem\",\"position\":3,\"name\":\"Mixed Vegetable Curry (PH\u00d4 MAI PANEER V\u00c0 RAU C\u1ee6 TH\u1eacP C\u1ea8M S\u1ed0T C\u00c0 RI CAY)\"}]},{\"@type\":\"WebSite\",\"@id\":\"https:\\\/\\\/tandoorvietnam.com\\\/vi\\\/#website\",\"url\":\"https:\\\/\\\/tandoorvietnam.com\\\/vi\\\/\",\"name\":\"Tandoor Vietnam\",\"description\":\"Nh\u00e0 h\u00e0ng ngon h\u1ed3 ch\u00ed minh\",\"publisher\":{\"@id\":\"https:\\\/\\\/tandoorvietnam.com\\\/vi\\\/#organization\"},\"potentialAction\":[{\"@type\":\"SearchAction\",\"target\":{\"@type\":\"EntryPoint\",\"urlTemplate\":\"https:\\\/\\\/tandoorvietnam.com\\\/vi\\\/?s={search_term_string}\"},\"query-input\":{\"@type\":\"PropertyValueSpecification\",\"valueRequired\":true,\"valueName\":\"search_term_string\"}}],\"inLanguage\":\"vi-VN\"},{\"@type\":\"Organization\",\"@id\":\"https:\\\/\\\/tandoorvietnam.com\\\/vi\\\/#organization\",\"name\":\"Tandoor Vietnam\",\"url\":\"https:\\\/\\\/tandoorvietnam.com\\\/vi\\\/\",\"logo\":{\"@type\":\"ImageObject\",\"inLanguage\":\"vi-VN\",\"@id\":\"https:\\\/\\\/tandoorvietnam.com\\\/vi\\\/#\\\/schema\\\/logo\\\/image\\\/\",\"url\":\"https:\\\/\\\/tandoorvietnam.com\\\/wp-content\\\/uploads\\\/2020\\\/07\\\/logo.png\",\"contentUrl\":\"https:\\\/\\\/tandoorvietnam.com\\\/wp-content\\\/uploads\\\/2020\\\/07\\\/logo.png\",\"width\":133,\"height\":75,\"caption\":\"Tandoor Vietnam\"},\"image\":{\"@id\":\"https:\\\/\\\/tandoorvietnam.com\\\/vi\\\/#\\\/schema\\\/logo\\\/image\\\/\"},\"sameAs\":[\"https:\\\/\\\/www.facebook.com\\\/tandoor.hcmc\\\/\"]}]}<\/script>\n<!-- \/ Yoast SEO Premium plugin. -->","yoast_head_json":{"title":"PH\u00d4 MAI PANEER V\u00c0 RAU C\u1ee6 TH\u1eacP C\u1ea8M S\u1ed0T C\u00c0 RI CAY","description":"M\u00f3n Ph\u00f4 Mai Paneer v\u00e0 Rau C\u1ee7 Th\u1eadp C\u1ea9m s\u1ed1t C\u00e0 Ri Cay t\u1ea1i Tandoor Vietnam. H\u01b0\u01a1ng v\u1ecb \u0111\u1ed9c \u0111\u00e1o c\u1ee7a ph\u00f4 mai paneer k\u1ebft h\u1ee3p v\u1edbi rau c\u1ee7.","robots":{"index":"index","follow":"follow","max-snippet":"max-snippet:-1","max-image-preview":"max-image-preview:large","max-video-preview":"max-video-preview:-1"},"canonical":"https:\/\/tandoorvietnam.com\/vi\/sanpham\/cac-mon-rau-cu\/pho-mai-paneer-va-rau-cu-thap-cam-sot-ca-ri-cay\/","og_locale":"vi_VN","og_type":"article","og_title":"Mixed Vegetable Curry (PH\u00d4 MAI PANEER V\u00c0 RAU C\u1ee6 TH\u1eacP C\u1ea8M S\u1ed0T C\u00c0 RI CAY)","og_description":"M\u00f3n Ph\u00f4 Mai Paneer v\u00e0 Rau C\u1ee7 Th\u1eadp C\u1ea9m s\u1ed1t C\u00e0 Ri Cay t\u1ea1i Tandoor Vietnam. H\u01b0\u01a1ng v\u1ecb \u0111\u1ed9c \u0111\u00e1o c\u1ee7a ph\u00f4 mai paneer k\u1ebft h\u1ee3p v\u1edbi rau c\u1ee7.","og_url":"https:\/\/tandoorvietnam.com\/vi\/sanpham\/cac-mon-rau-cu\/pho-mai-paneer-va-rau-cu-thap-cam-sot-ca-ri-cay\/","og_site_name":"Tandoor Vi\u1ec7t Nam","article_publisher":"https:\/\/www.facebook.com\/tandoor.hcmc\/","article_modified_time":"2023-05-21T04:30:37+00:00","og_image":[{"width":1400,"height":1400,"url":"https:\/\/tandoorvietnam.com\/wp-content\/uploads\/2020\/06\/Mix-vegetable-curry.jpg","type":"image\/jpeg"}],"twitter_card":"summary_large_image","twitter_misc":{"Est. reading time":"2 minutes"},"schema":{"@context":"https:\/\/schema.org","@graph":[{"@type":"WebPage","@id":"https:\/\/tandoorvietnam.com\/vi\/sanpham\/cac-mon-rau-cu\/pho-mai-paneer-va-rau-cu-thap-cam-sot-ca-ri-cay\/","url":"https:\/\/tandoorvietnam.com\/vi\/sanpham\/cac-mon-rau-cu\/pho-mai-paneer-va-rau-cu-thap-cam-sot-ca-ri-cay\/","name":"PH\u00d4 MAI PANEER V\u00c0 RAU C\u1ee6 TH\u1eacP C\u1ea8M S\u1ed0T C\u00c0 RI CAY","isPartOf":{"@id":"https:\/\/tandoorvietnam.com\/vi\/#website"},"primaryImageOfPage":{"@id":"https:\/\/tandoorvietnam.com\/vi\/sanpham\/cac-mon-rau-cu\/pho-mai-paneer-va-rau-cu-thap-cam-sot-ca-ri-cay\/#primaryimage"},"image":{"@id":"https:\/\/tandoorvietnam.com\/vi\/sanpham\/cac-mon-rau-cu\/pho-mai-paneer-va-rau-cu-thap-cam-sot-ca-ri-cay\/#primaryimage"},"thumbnailUrl":"https:\/\/tandoorvietnam.com\/wp-content\/uploads\/2020\/06\/Mix-vegetable-curry.jpg","datePublished":"2021-04-12T09:54:29+00:00","dateModified":"2023-05-21T04:30:37+00:00","description":"M\u00f3n Ph\u00f4 Mai Paneer v\u00e0 Rau C\u1ee7 Th\u1eadp C\u1ea9m s\u1ed1t C\u00e0 Ri Cay t\u1ea1i Tandoor Vietnam. H\u01b0\u01a1ng v\u1ecb \u0111\u1ed9c \u0111\u00e1o c\u1ee7a ph\u00f4 mai paneer k\u1ebft h\u1ee3p v\u1edbi rau c\u1ee7.","breadcrumb":{"@id":"https:\/\/tandoorvietnam.com\/vi\/sanpham\/cac-mon-rau-cu\/pho-mai-paneer-va-rau-cu-thap-cam-sot-ca-ri-cay\/#breadcrumb"},"inLanguage":"vi-VN","potentialAction":[{"@type":"ReadAction","target":["https:\/\/tandoorvietnam.com\/vi\/sanpham\/cac-mon-rau-cu\/pho-mai-paneer-va-rau-cu-thap-cam-sot-ca-ri-cay\/"]}]},{"@type":"ImageObject","inLanguage":"vi-VN","@id":"https:\/\/tandoorvietnam.com\/vi\/sanpham\/cac-mon-rau-cu\/pho-mai-paneer-va-rau-cu-thap-cam-sot-ca-ri-cay\/#primaryimage","url":"https:\/\/tandoorvietnam.com\/wp-content\/uploads\/2020\/06\/Mix-vegetable-curry.jpg","contentUrl":"https:\/\/tandoorvietnam.com\/wp-content\/uploads\/2020\/06\/Mix-vegetable-curry.jpg","width":1400,"height":1400,"caption":"PH\u00d4 MAI PANEER V\u00c0 RAU C\u1ee6 TH\u1eacP C\u1ea8M S\u1ed0T C\u00c0 RI CAY"},{"@type":"BreadcrumbList","@id":"https:\/\/tandoorvietnam.com\/vi\/sanpham\/cac-mon-rau-cu\/pho-mai-paneer-va-rau-cu-thap-cam-sot-ca-ri-cay\/#breadcrumb","itemListElement":[{"@type":"ListItem","position":1,"name":"Trang Ch\u1ee7","item":"https:\/\/tandoorvietnam.com\/vi\/"},{"@type":"ListItem","position":2,"name":"Shop","item":"https:\/\/tandoorvietnam.com\/shop\/"},{"@type":"ListItem","position":3,"name":"Mixed Vegetable Curry (PH\u00d4 MAI PANEER V\u00c0 RAU C\u1ee6 TH\u1eacP C\u1ea8M S\u1ed0T C\u00c0 RI CAY)"}]},{"@type":"WebSite","@id":"https:\/\/tandoorvietnam.com\/vi\/#website","url":"https:\/\/tandoorvietnam.com\/vi\/","name":"Tandoor Vietnam","description":"Nh\u00e0 h\u00e0ng ngon h\u1ed3 ch\u00ed minh","publisher":{"@id":"https:\/\/tandoorvietnam.com\/vi\/#organization"},"potentialAction":[{"@type":"SearchAction","target":{"@type":"EntryPoint","urlTemplate":"https:\/\/tandoorvietnam.com\/vi\/?s={search_term_string}"},"query-input":{"@type":"PropertyValueSpecification","valueRequired":true,"valueName":"search_term_string"}}],"inLanguage":"vi-VN"},{"@type":"Organization","@id":"https:\/\/tandoorvietnam.com\/vi\/#organization","name":"Tandoor Vietnam","url":"https:\/\/tandoorvietnam.com\/vi\/","logo":{"@type":"ImageObject","inLanguage":"vi-VN","@id":"https:\/\/tandoorvietnam.com\/vi\/#\/schema\/logo\/image\/","url":"https:\/\/tandoorvietnam.com\/wp-content\/uploads\/2020\/07\/logo.png","contentUrl":"https:\/\/tandoorvietnam.com\/wp-content\/uploads\/2020\/07\/logo.png","width":133,"height":75,"caption":"Tandoor Vietnam"},"image":{"@id":"https:\/\/tandoorvietnam.com\/vi\/#\/schema\/logo\/image\/"},"sameAs":["https:\/\/www.facebook.com\/tandoor.hcmc\/"]}]}},"_links":{"self":[{"href":"https:\/\/tandoorvietnam.com\/vi\/wp-json\/wp\/v2\/product\/3167","targetHints":{"allow":["GET"]}}],"collection":[{"href":"https:\/\/tandoorvietnam.com\/vi\/wp-json\/wp\/v2\/product"}],"about":[{"href":"https:\/\/tandoorvietnam.com\/vi\/wp-json\/wp\/v2\/types\/product"}],"wp:featuredmedia":[{"embeddable":true,"href":"https:\/\/tandoorvietnam.com\/vi\/wp-json\/wp\/v2\/media\/3168"}],"wp:attachment":[{"href":"https:\/\/tandoorvietnam.com\/vi\/wp-json\/wp\/v2\/media?parent=3167"}],"wp:term":[{"taxonomy":"product_brand","embeddable":true,"href":"https:\/\/tandoorvietnam.com\/vi\/wp-json\/wp\/v2\/product_brand?post=3167"},{"taxonomy":"product_cat","embeddable":true,"href":"https:\/\/tandoorvietnam.com\/vi\/wp-json\/wp\/v2\/product_cat?post=3167"},{"taxonomy":"product_tag","embeddable":true,"href":"https:\/\/tandoorvietnam.com\/vi\/wp-json\/wp\/v2\/product_tag?post=3167"}],"curies":[{"name":"wp","href":"https:\/\/api.w.org\/{rel}","templated":true}]}}