{"id":3181,"date":"2020-06-20T12:25:23","date_gmt":"2021-04-12T10:02:44","guid":{"rendered":"http:\/\/tandoorvietnam.com\/product\/uncategorized\/rau-cu-tuoi-nau-kho-voi-ca-ri-cay\/"},"modified":"2023-05-20T16:58:58","modified_gmt":"2023-05-20T16:58:58","slug":"rau-cu-tuoi-nau-kho-voi-ca-ri-cay","status":"publish","type":"product","link":"https:\/\/tandoorvietnam.com\/vi\/sanpham\/cac-mon-rau-cu\/rau-cu-tuoi-nau-kho-voi-ca-ri-cay\/","title":{"rendered":"Vegetable Jalfraizi (RAU C\u1ee6 T\u01af\u01a0I N\u1ea4U KH\u00d4 V\u1edaI C\u00c0 RI CAY)"},"content":{"rendered":"<p>Rau c\u1ee7 t\u01b0\u01a1i n\u1ea5u kh\u00f4 v\u1edbi c\u00e0 ri cay l\u00e0 m\u1ed9t m\u00f3n \u0103n \u0111\u1ed9c \u0111\u00e1o v\u00e0 \u0111\u1eadm \u0111\u00e0 t\u1ea1i Tandoor Vietnam. Ch\u00fang t\u00f4i s\u1eed d\u1ee5ng nh\u1eefng lo\u1ea1i rau c\u1ee7 t\u01b0\u01a1i ngon nh\u01b0 c\u00e0 r\u1ed1t, khoai t\u00e2y, c\u1ea3i b\u1eafp v\u00e0 h\u00e0nh t\u00e2y \u0111\u1ec3 t\u1ea1o n\u00ean m\u00f3n \u0103n n\u00e0y.<\/p>\n<p>Rau c\u1ee7 \u0111\u01b0\u1ee3c t\u1ea9m \u01b0\u1edbp trong gia v\u1ecb \u0111\u1eb7c tr\u01b0ng v\u00e0 sau \u0111\u00f3 \u0111\u01b0\u1ee3c n\u1ea5u kh\u00f4 \u0111\u1ec3 gi\u1eef l\u1ea1i h\u01b0\u01a1ng v\u1ecb v\u00e0 ch\u1ea5t dinh d\u01b0\u1ee1ng c\u1ee7a ch\u00fang. C\u00e0 ri cay \u0111\u01b0\u1ee3c th\u00eam v\u00e0o \u0111\u1ec3 t\u1ea1o ra m\u1ed9t h\u01b0\u01a1ng v\u1ecb \u0111\u1eadm \u0111\u00e0, \u0111\u1ea7y cay n\u1ed3ng.<\/p>\n<p>M\u00f3n rau c\u1ee7 t\u01b0\u01a1i n\u1ea5u kh\u00f4 v\u1edbi c\u00e0 ri cay kh\u00f4ng ch\u1ec9 mang l\u1ea1i h\u01b0\u01a1ng v\u1ecb ngon l\u00e0nh m\u00e0 c\u00f2n c\u00f3 nhi\u1ec1u l\u1ee3i \u00edch cho s\u1ee9c kh\u1ecfe. Rau c\u1ee7 t\u01b0\u01a1i l\u00e0 ngu\u1ed3n cung c\u1ea5p ch\u1ea5t x\u01a1, vitamin v\u00e0 kho\u00e1ng ch\u1ea5t quan tr\u1ecdng. C\u00e0 ri cay c\u0169ng \u0111\u01b0\u1ee3c bi\u1ebft \u0111\u1ebfn v\u1edbi kh\u1ea3 n\u0103ng k\u00edch th\u00edch qu\u00e1 tr\u00ecnh ti\u00eau h\u00f3a v\u00e0 t\u0103ng c\u01b0\u1eddng h\u1ec7 mi\u1ec5n d\u1ecbch.<\/p>\n<p>B\u1ea1n c\u00f3 th\u1ec3 th\u01b0\u1edfng th\u1ee9c m\u00f3n Vegetable Jalfraizi nh\u01b0 m\u1ed9t m\u00f3n \u0103n ph\u1ee5 ho\u1eb7c k\u00e8m theo b\u1eefa ch\u00ednh. M\u00f3n \u0103n n\u00e0y th\u01b0\u1eddng \u0111\u01b0\u1ee3c \u0103n k\u00e8m v\u1edbi c\u01a1m, b\u00e1nh m\u00ec ho\u1eb7c b\u00e1nh bao. H\u01b0\u01a1ng v\u1ecb \u0111\u1eb7c tr\u01b0ng c\u1ee7a c\u00e0 ri cay v\u00e0 rau c\u1ee7 t\u01b0\u01a1i s\u1ebd mang l\u1ea1i cho b\u1ea1n m\u1ed9t tr\u1ea3i nghi\u1ec7m \u1ea9m th\u1ef1c \u0111\u1ed9c \u0111\u00e1o.<\/p>\n<p>T\u1ea1i <a href=\"https:\/\/tandoorvietnam.com\/\">Tandoor Vietnam<\/a>, ch\u00fang t\u00f4i cam k\u1ebft s\u1eed d\u1ee5ng nh\u1eefng nguy\u00ean li\u1ec7u t\u01b0\u01a1i ngon v\u00e0 t\u1ec9 m\u1ec9 trong qu\u00e1 tr\u00ecnh ch\u1ebf bi\u1ebfn \u0111\u1ec3 \u0111\u1ea3m b\u1ea3o ch\u1ea5t l\u01b0\u1ee3ng v\u00e0 h\u01b0\u01a1ng v\u1ecb tuy\u1ec7t h\u1ea3o cho m\u00f3n rau c\u1ee7 t\u01b0\u01a1i n\u1ea5u kh\u00f4 v\u1edbi c\u00e0 ri cay. H\u00e3y gh\u00e9 th\u0103m nh\u00e0 h\u00e0ng ch\u00fang t\u00f4i v\u00e0 kh\u00e1m ph\u00e1 s\u1ef1 k\u1ebft h\u1ee3p h\u00e0i h\u00f2a gi\u1eefa rau c\u1ee7 t\u01b0\u01a1i v\u00e0 gia v\u1ecb c\u00e0 ri cay t\u1ea1i Tandoor Vietnam.<\/p>\n","protected":false},"excerpt":{"rendered":"<p>&nbsp;<\/p>\n<table width=\"723\">\n<tbody>\n<tr>\n<td width=\"412\">Vegetables saut\u00e9ed in dry spices<\/td>\n<\/tr>\n<tr>\n<td width=\"412\"><em>Rau c\u1ee7 t\u01b0\u01a1i n\u1ea5u kh\u00f4 v\u1edbi cari cay<\/em><\/td>\n<\/tr>\n<\/tbody>\n<\/table>\n","protected":false},"featured_media":3182,"template":"","meta":[],"product_brand":[],"product_cat":[221],"product_tag":[],"class_list":{"0":"post-3181","1":"product","2":"type-product","3":"status-publish","4":"has-post-thumbnail","6":"product_cat-cac-mon-rau-cu","8":"first","9":"instock","10":"taxable","11":"shipping-taxable","12":"purchasable","13":"product-type-simple"},"yoast_head":"<!-- This site is optimized with the Yoast SEO Premium plugin v22.3 (Yoast SEO v27.6) - https:\/\/yoast.com\/product\/yoast-seo-premium-wordpress\/ -->\n<title>Vegetable Jalfraizi (RAU C\u1ee6 T\u01af\u01a0I N\u1ea4U KH\u00d4 V\u1edaI C\u00c0 RI CAY)<\/title>\n<meta name=\"description\" content=\"Rau c\u1ee7 t\u01b0\u01a1i \u0111\u01b0\u1ee3c n\u1ea5u kh\u00f4 h\u00f2a quy\u1ec7n v\u1edbi c\u00e0 ri cay \u0111\u1eadm \u0111\u00e0. Th\u01b0\u1edfng th\u1ee9c h\u01b0\u01a1ng v\u1ecb \u1ea4n \u0110\u1ed9 t\u1ea1i Tandoor Vietnam v\u1edbi m\u00f3n rau c\u1ee7 \u0111\u1ed9c \u0111\u00e1o n\u00e0y.\" \/>\n<meta name=\"robots\" content=\"index, follow, max-snippet:-1, max-image-preview:large, max-video-preview:-1\" \/>\n<link rel=\"canonical\" href=\"https:\/\/tandoorvietnam.com\/vi\/sanpham\/cac-mon-rau-cu\/rau-cu-tuoi-nau-kho-voi-ca-ri-cay\/\" \/>\n<meta property=\"og:locale\" content=\"vi_VN\" \/>\n<meta property=\"og:type\" content=\"article\" \/>\n<meta property=\"og:title\" content=\"Vegetable Jalfraizi (RAU C\u1ee6 T\u01af\u01a0I N\u1ea4U KH\u00d4 V\u1edaI C\u00c0 RI CAY)\" \/>\n<meta property=\"og:description\" content=\"Rau c\u1ee7 t\u01b0\u01a1i \u0111\u01b0\u1ee3c n\u1ea5u kh\u00f4 h\u00f2a quy\u1ec7n v\u1edbi c\u00e0 ri cay \u0111\u1eadm \u0111\u00e0. Th\u01b0\u1edfng th\u1ee9c h\u01b0\u01a1ng v\u1ecb \u1ea4n \u0110\u1ed9 t\u1ea1i Tandoor Vietnam v\u1edbi m\u00f3n rau c\u1ee7 \u0111\u1ed9c \u0111\u00e1o n\u00e0y.\" \/>\n<meta property=\"og:url\" content=\"https:\/\/tandoorvietnam.com\/vi\/sanpham\/cac-mon-rau-cu\/rau-cu-tuoi-nau-kho-voi-ca-ri-cay\/\" \/>\n<meta property=\"og:site_name\" content=\"Tandoor Vi\u1ec7t Nam\" \/>\n<meta property=\"article:publisher\" content=\"https:\/\/www.facebook.com\/tandoor.hcmc\/\" \/>\n<meta property=\"article:modified_time\" content=\"2023-05-20T16:58:58+00:00\" \/>\n<meta property=\"og:image\" content=\"https:\/\/tandoorvietnam.com\/wp-content\/uploads\/2020\/06\/Vegetable-Jalfraizi.jpg\" \/>\n\t<meta property=\"og:image:width\" content=\"1400\" \/>\n\t<meta property=\"og:image:height\" content=\"1400\" \/>\n\t<meta property=\"og:image:type\" content=\"image\/jpeg\" \/>\n<meta name=\"twitter:card\" content=\"summary_large_image\" \/>\n<meta name=\"twitter:label1\" content=\"Est. reading time\" \/>\n\t<meta name=\"twitter:data1\" content=\"2 minutes\" \/>\n<script type=\"application\/ld+json\" class=\"yoast-schema-graph\">{\"@context\":\"https:\\\/\\\/schema.org\",\"@graph\":[{\"@type\":\"WebPage\",\"@id\":\"https:\\\/\\\/tandoorvietnam.com\\\/vi\\\/sanpham\\\/cac-mon-rau-cu\\\/rau-cu-tuoi-nau-kho-voi-ca-ri-cay\\\/\",\"url\":\"https:\\\/\\\/tandoorvietnam.com\\\/vi\\\/sanpham\\\/cac-mon-rau-cu\\\/rau-cu-tuoi-nau-kho-voi-ca-ri-cay\\\/\",\"name\":\"Vegetable Jalfraizi (RAU C\u1ee6 T\u01af\u01a0I N\u1ea4U KH\u00d4 V\u1edaI C\u00c0 RI CAY)\",\"isPartOf\":{\"@id\":\"https:\\\/\\\/tandoorvietnam.com\\\/vi\\\/#website\"},\"primaryImageOfPage\":{\"@id\":\"https:\\\/\\\/tandoorvietnam.com\\\/vi\\\/sanpham\\\/cac-mon-rau-cu\\\/rau-cu-tuoi-nau-kho-voi-ca-ri-cay\\\/#primaryimage\"},\"image\":{\"@id\":\"https:\\\/\\\/tandoorvietnam.com\\\/vi\\\/sanpham\\\/cac-mon-rau-cu\\\/rau-cu-tuoi-nau-kho-voi-ca-ri-cay\\\/#primaryimage\"},\"thumbnailUrl\":\"https:\\\/\\\/tandoorvietnam.com\\\/wp-content\\\/uploads\\\/2020\\\/06\\\/Vegetable-Jalfraizi.jpg\",\"datePublished\":\"2021-04-12T10:02:44+00:00\",\"dateModified\":\"2023-05-20T16:58:58+00:00\",\"description\":\"Rau c\u1ee7 t\u01b0\u01a1i \u0111\u01b0\u1ee3c n\u1ea5u kh\u00f4 h\u00f2a quy\u1ec7n v\u1edbi c\u00e0 ri cay \u0111\u1eadm \u0111\u00e0. Th\u01b0\u1edfng th\u1ee9c h\u01b0\u01a1ng v\u1ecb \u1ea4n \u0110\u1ed9 t\u1ea1i Tandoor Vietnam v\u1edbi m\u00f3n rau c\u1ee7 \u0111\u1ed9c \u0111\u00e1o n\u00e0y.\",\"breadcrumb\":{\"@id\":\"https:\\\/\\\/tandoorvietnam.com\\\/vi\\\/sanpham\\\/cac-mon-rau-cu\\\/rau-cu-tuoi-nau-kho-voi-ca-ri-cay\\\/#breadcrumb\"},\"inLanguage\":\"vi-VN\",\"potentialAction\":[{\"@type\":\"ReadAction\",\"target\":[\"https:\\\/\\\/tandoorvietnam.com\\\/vi\\\/sanpham\\\/cac-mon-rau-cu\\\/rau-cu-tuoi-nau-kho-voi-ca-ri-cay\\\/\"]}]},{\"@type\":\"ImageObject\",\"inLanguage\":\"vi-VN\",\"@id\":\"https:\\\/\\\/tandoorvietnam.com\\\/vi\\\/sanpham\\\/cac-mon-rau-cu\\\/rau-cu-tuoi-nau-kho-voi-ca-ri-cay\\\/#primaryimage\",\"url\":\"https:\\\/\\\/tandoorvietnam.com\\\/wp-content\\\/uploads\\\/2020\\\/06\\\/Vegetable-Jalfraizi.jpg\",\"contentUrl\":\"https:\\\/\\\/tandoorvietnam.com\\\/wp-content\\\/uploads\\\/2020\\\/06\\\/Vegetable-Jalfraizi.jpg\",\"width\":1400,\"height\":1400,\"caption\":\"RAU C\u1ee6 T\u01af\u01a0I N\u1ea4U KH\u00d4 V\u1edaI C\u00c0 RI CAY\"},{\"@type\":\"BreadcrumbList\",\"@id\":\"https:\\\/\\\/tandoorvietnam.com\\\/vi\\\/sanpham\\\/cac-mon-rau-cu\\\/rau-cu-tuoi-nau-kho-voi-ca-ri-cay\\\/#breadcrumb\",\"itemListElement\":[{\"@type\":\"ListItem\",\"position\":1,\"name\":\"Trang Ch\u1ee7\",\"item\":\"https:\\\/\\\/tandoorvietnam.com\\\/vi\\\/\"},{\"@type\":\"ListItem\",\"position\":2,\"name\":\"Shop\",\"item\":\"https:\\\/\\\/tandoorvietnam.com\\\/shop\\\/\"},{\"@type\":\"ListItem\",\"position\":3,\"name\":\"Vegetable Jalfraizi (RAU C\u1ee6 T\u01af\u01a0I N\u1ea4U KH\u00d4 V\u1edaI C\u00c0 RI CAY)\"}]},{\"@type\":\"WebSite\",\"@id\":\"https:\\\/\\\/tandoorvietnam.com\\\/vi\\\/#website\",\"url\":\"https:\\\/\\\/tandoorvietnam.com\\\/vi\\\/\",\"name\":\"Tandoor Vietnam\",\"description\":\"Nh\u00e0 h\u00e0ng ngon h\u1ed3 ch\u00ed minh\",\"publisher\":{\"@id\":\"https:\\\/\\\/tandoorvietnam.com\\\/vi\\\/#organization\"},\"potentialAction\":[{\"@type\":\"SearchAction\",\"target\":{\"@type\":\"EntryPoint\",\"urlTemplate\":\"https:\\\/\\\/tandoorvietnam.com\\\/vi\\\/?s={search_term_string}\"},\"query-input\":{\"@type\":\"PropertyValueSpecification\",\"valueRequired\":true,\"valueName\":\"search_term_string\"}}],\"inLanguage\":\"vi-VN\"},{\"@type\":\"Organization\",\"@id\":\"https:\\\/\\\/tandoorvietnam.com\\\/vi\\\/#organization\",\"name\":\"Tandoor Vietnam\",\"url\":\"https:\\\/\\\/tandoorvietnam.com\\\/vi\\\/\",\"logo\":{\"@type\":\"ImageObject\",\"inLanguage\":\"vi-VN\",\"@id\":\"https:\\\/\\\/tandoorvietnam.com\\\/vi\\\/#\\\/schema\\\/logo\\\/image\\\/\",\"url\":\"https:\\\/\\\/tandoorvietnam.com\\\/wp-content\\\/uploads\\\/2020\\\/07\\\/logo.png\",\"contentUrl\":\"https:\\\/\\\/tandoorvietnam.com\\\/wp-content\\\/uploads\\\/2020\\\/07\\\/logo.png\",\"width\":133,\"height\":75,\"caption\":\"Tandoor Vietnam\"},\"image\":{\"@id\":\"https:\\\/\\\/tandoorvietnam.com\\\/vi\\\/#\\\/schema\\\/logo\\\/image\\\/\"},\"sameAs\":[\"https:\\\/\\\/www.facebook.com\\\/tandoor.hcmc\\\/\"]}]}<\/script>\n<!-- \/ Yoast SEO Premium plugin. -->","yoast_head_json":{"title":"Vegetable Jalfraizi (RAU C\u1ee6 T\u01af\u01a0I N\u1ea4U KH\u00d4 V\u1edaI C\u00c0 RI CAY)","description":"Rau c\u1ee7 t\u01b0\u01a1i \u0111\u01b0\u1ee3c n\u1ea5u kh\u00f4 h\u00f2a quy\u1ec7n v\u1edbi c\u00e0 ri cay \u0111\u1eadm \u0111\u00e0. Th\u01b0\u1edfng th\u1ee9c h\u01b0\u01a1ng v\u1ecb \u1ea4n \u0110\u1ed9 t\u1ea1i Tandoor Vietnam v\u1edbi m\u00f3n rau c\u1ee7 \u0111\u1ed9c \u0111\u00e1o n\u00e0y.","robots":{"index":"index","follow":"follow","max-snippet":"max-snippet:-1","max-image-preview":"max-image-preview:large","max-video-preview":"max-video-preview:-1"},"canonical":"https:\/\/tandoorvietnam.com\/vi\/sanpham\/cac-mon-rau-cu\/rau-cu-tuoi-nau-kho-voi-ca-ri-cay\/","og_locale":"vi_VN","og_type":"article","og_title":"Vegetable Jalfraizi (RAU C\u1ee6 T\u01af\u01a0I N\u1ea4U KH\u00d4 V\u1edaI C\u00c0 RI CAY)","og_description":"Rau c\u1ee7 t\u01b0\u01a1i \u0111\u01b0\u1ee3c n\u1ea5u kh\u00f4 h\u00f2a quy\u1ec7n v\u1edbi c\u00e0 ri cay \u0111\u1eadm \u0111\u00e0. Th\u01b0\u1edfng th\u1ee9c h\u01b0\u01a1ng v\u1ecb \u1ea4n \u0110\u1ed9 t\u1ea1i Tandoor Vietnam v\u1edbi m\u00f3n rau c\u1ee7 \u0111\u1ed9c \u0111\u00e1o n\u00e0y.","og_url":"https:\/\/tandoorvietnam.com\/vi\/sanpham\/cac-mon-rau-cu\/rau-cu-tuoi-nau-kho-voi-ca-ri-cay\/","og_site_name":"Tandoor Vi\u1ec7t Nam","article_publisher":"https:\/\/www.facebook.com\/tandoor.hcmc\/","article_modified_time":"2023-05-20T16:58:58+00:00","og_image":[{"width":1400,"height":1400,"url":"https:\/\/tandoorvietnam.com\/wp-content\/uploads\/2020\/06\/Vegetable-Jalfraizi.jpg","type":"image\/jpeg"}],"twitter_card":"summary_large_image","twitter_misc":{"Est. reading time":"2 minutes"},"schema":{"@context":"https:\/\/schema.org","@graph":[{"@type":"WebPage","@id":"https:\/\/tandoorvietnam.com\/vi\/sanpham\/cac-mon-rau-cu\/rau-cu-tuoi-nau-kho-voi-ca-ri-cay\/","url":"https:\/\/tandoorvietnam.com\/vi\/sanpham\/cac-mon-rau-cu\/rau-cu-tuoi-nau-kho-voi-ca-ri-cay\/","name":"Vegetable Jalfraizi (RAU C\u1ee6 T\u01af\u01a0I N\u1ea4U KH\u00d4 V\u1edaI C\u00c0 RI CAY)","isPartOf":{"@id":"https:\/\/tandoorvietnam.com\/vi\/#website"},"primaryImageOfPage":{"@id":"https:\/\/tandoorvietnam.com\/vi\/sanpham\/cac-mon-rau-cu\/rau-cu-tuoi-nau-kho-voi-ca-ri-cay\/#primaryimage"},"image":{"@id":"https:\/\/tandoorvietnam.com\/vi\/sanpham\/cac-mon-rau-cu\/rau-cu-tuoi-nau-kho-voi-ca-ri-cay\/#primaryimage"},"thumbnailUrl":"https:\/\/tandoorvietnam.com\/wp-content\/uploads\/2020\/06\/Vegetable-Jalfraizi.jpg","datePublished":"2021-04-12T10:02:44+00:00","dateModified":"2023-05-20T16:58:58+00:00","description":"Rau c\u1ee7 t\u01b0\u01a1i \u0111\u01b0\u1ee3c n\u1ea5u kh\u00f4 h\u00f2a quy\u1ec7n v\u1edbi c\u00e0 ri cay \u0111\u1eadm \u0111\u00e0. Th\u01b0\u1edfng th\u1ee9c h\u01b0\u01a1ng v\u1ecb \u1ea4n \u0110\u1ed9 t\u1ea1i Tandoor Vietnam v\u1edbi m\u00f3n rau c\u1ee7 \u0111\u1ed9c \u0111\u00e1o n\u00e0y.","breadcrumb":{"@id":"https:\/\/tandoorvietnam.com\/vi\/sanpham\/cac-mon-rau-cu\/rau-cu-tuoi-nau-kho-voi-ca-ri-cay\/#breadcrumb"},"inLanguage":"vi-VN","potentialAction":[{"@type":"ReadAction","target":["https:\/\/tandoorvietnam.com\/vi\/sanpham\/cac-mon-rau-cu\/rau-cu-tuoi-nau-kho-voi-ca-ri-cay\/"]}]},{"@type":"ImageObject","inLanguage":"vi-VN","@id":"https:\/\/tandoorvietnam.com\/vi\/sanpham\/cac-mon-rau-cu\/rau-cu-tuoi-nau-kho-voi-ca-ri-cay\/#primaryimage","url":"https:\/\/tandoorvietnam.com\/wp-content\/uploads\/2020\/06\/Vegetable-Jalfraizi.jpg","contentUrl":"https:\/\/tandoorvietnam.com\/wp-content\/uploads\/2020\/06\/Vegetable-Jalfraizi.jpg","width":1400,"height":1400,"caption":"RAU C\u1ee6 T\u01af\u01a0I N\u1ea4U KH\u00d4 V\u1edaI C\u00c0 RI CAY"},{"@type":"BreadcrumbList","@id":"https:\/\/tandoorvietnam.com\/vi\/sanpham\/cac-mon-rau-cu\/rau-cu-tuoi-nau-kho-voi-ca-ri-cay\/#breadcrumb","itemListElement":[{"@type":"ListItem","position":1,"name":"Trang Ch\u1ee7","item":"https:\/\/tandoorvietnam.com\/vi\/"},{"@type":"ListItem","position":2,"name":"Shop","item":"https:\/\/tandoorvietnam.com\/shop\/"},{"@type":"ListItem","position":3,"name":"Vegetable Jalfraizi (RAU C\u1ee6 T\u01af\u01a0I N\u1ea4U KH\u00d4 V\u1edaI C\u00c0 RI CAY)"}]},{"@type":"WebSite","@id":"https:\/\/tandoorvietnam.com\/vi\/#website","url":"https:\/\/tandoorvietnam.com\/vi\/","name":"Tandoor Vietnam","description":"Nh\u00e0 h\u00e0ng ngon h\u1ed3 ch\u00ed minh","publisher":{"@id":"https:\/\/tandoorvietnam.com\/vi\/#organization"},"potentialAction":[{"@type":"SearchAction","target":{"@type":"EntryPoint","urlTemplate":"https:\/\/tandoorvietnam.com\/vi\/?s={search_term_string}"},"query-input":{"@type":"PropertyValueSpecification","valueRequired":true,"valueName":"search_term_string"}}],"inLanguage":"vi-VN"},{"@type":"Organization","@id":"https:\/\/tandoorvietnam.com\/vi\/#organization","name":"Tandoor Vietnam","url":"https:\/\/tandoorvietnam.com\/vi\/","logo":{"@type":"ImageObject","inLanguage":"vi-VN","@id":"https:\/\/tandoorvietnam.com\/vi\/#\/schema\/logo\/image\/","url":"https:\/\/tandoorvietnam.com\/wp-content\/uploads\/2020\/07\/logo.png","contentUrl":"https:\/\/tandoorvietnam.com\/wp-content\/uploads\/2020\/07\/logo.png","width":133,"height":75,"caption":"Tandoor Vietnam"},"image":{"@id":"https:\/\/tandoorvietnam.com\/vi\/#\/schema\/logo\/image\/"},"sameAs":["https:\/\/www.facebook.com\/tandoor.hcmc\/"]}]}},"_links":{"self":[{"href":"https:\/\/tandoorvietnam.com\/vi\/wp-json\/wp\/v2\/product\/3181","targetHints":{"allow":["GET"]}}],"collection":[{"href":"https:\/\/tandoorvietnam.com\/vi\/wp-json\/wp\/v2\/product"}],"about":[{"href":"https:\/\/tandoorvietnam.com\/vi\/wp-json\/wp\/v2\/types\/product"}],"wp:featuredmedia":[{"embeddable":true,"href":"https:\/\/tandoorvietnam.com\/vi\/wp-json\/wp\/v2\/media\/3182"}],"wp:attachment":[{"href":"https:\/\/tandoorvietnam.com\/vi\/wp-json\/wp\/v2\/media?parent=3181"}],"wp:term":[{"taxonomy":"product_brand","embeddable":true,"href":"https:\/\/tandoorvietnam.com\/vi\/wp-json\/wp\/v2\/product_brand?post=3181"},{"taxonomy":"product_cat","embeddable":true,"href":"https:\/\/tandoorvietnam.com\/vi\/wp-json\/wp\/v2\/product_cat?post=3181"},{"taxonomy":"product_tag","embeddable":true,"href":"https:\/\/tandoorvietnam.com\/vi\/wp-json\/wp\/v2\/product_tag?post=3181"}],"curies":[{"name":"wp","href":"https:\/\/api.w.org\/{rel}","templated":true}]}}