{"id":3205,"date":"2020-06-23T11:49:51","date_gmt":"2021-04-14T04:56:49","guid":{"rendered":"http:\/\/tandoorvietnam.com\/product\/uncategorized\/rau-cu-ninh-korma\/"},"modified":"2023-05-11T06:22:51","modified_gmt":"2023-05-11T06:22:51","slug":"rau-cu-ninh-korma","status":"publish","type":"product","link":"https:\/\/tandoorvietnam.com\/vi\/sanpham\/dac-san-nam-an\/rau-cu-ninh-korma\/","title":{"rendered":"Vegetable Korma (RAU C\u1ee6 NINH KORMA)"},"content":{"rendered":"<p>Rau c\u1ee7 ninh Korma l\u00e0 m\u1ed9t m\u00f3n \u0103n truy\u1ec1n th\u1ed1ng c\u1ee7a \u1ea4n \u0110\u1ed9 \u0111\u01b0\u1ee3c n\u1ea5u t\u1eeb rau c\u1ee7 t\u01b0\u01a1i, n\u1ea5m v\u00e0 s\u1eefa d\u1eeba c\u00f9ng v\u1edbi nhi\u1ec1u lo\u1ea1i gia v\u1ecb. Tandoor Vietnam t\u1ef1 h\u00e0o l\u00e0 \u0111\u1ecba ch\u1ec9 \u0111em \u0111\u1ebfn m\u00f3n rau c\u1ee7 ninh Korma \u0111\u1eadm \u0111\u00e0, h\u1ea5p d\u1eabn nh\u1ea5t cho th\u1ef1c kh\u00e1ch y\u00eau th\u00edch \u1ea9m th\u1ef1c \u1ea4n \u0110\u1ed9.<\/p>\n<p>M\u00f3n \u0103n \u0111\u01b0\u1ee3c n\u1ea5u t\u1eeb rau c\u1ee7 t\u01b0\u01a1i nh\u01b0 c\u00e0 r\u1ed1t, khoai t\u00e2y, b\u00ed \u0111\u1ecf, c\u1ea3i b\u00f3 x\u00f4i v\u00e0 n\u1ea5m, \u0111\u01b0\u1ee3c ninh trong m\u1ed9t n\u1ed3i gia v\u1ecb v\u00e0 s\u1eefa d\u1eeba t\u01b0\u01a1i ngon. S\u1ef1 k\u1ebft h\u1ee3p c\u1ee7a c\u00e1c lo\u1ea1i rau c\u1ee7 t\u01b0\u01a1i c\u00f9ng v\u1edbi n\u1ea5m mang l\u1ea1i cho m\u00f3n \u0103n h\u01b0\u01a1ng v\u1ecb \u0111\u1eb7c tr\u01b0ng, \u0111\u1eadm \u0111\u00e0 v\u00e0 thanh m\u00e1t.<\/p>\n<p>V\u1edbi s\u1ef1 k\u1ebft h\u1ee3p c\u1ee7a c\u00e1c lo\u1ea1i gia v\u1ecb nh\u01b0 h\u00e0nh t\u00e2y, t\u1ecfi, \u1edbt, c\u00e0 ri, cumin v\u00e0 g\u1eebng, m\u00f3n rau c\u1ee7 ninh Korma c\u1ee7a Tandoor Vietnam c\u00f3 h\u01b0\u01a1ng v\u1ecb \u0111a d\u1ea1ng, phong ph\u00fa v\u00e0 \u1ea5n t\u01b0\u1ee3ng. \u0110\u1eb7c bi\u1ec7t, n\u01b0\u1edbc c\u1ed1t d\u1eeba t\u01b0\u01a1i l\u00e0 th\u00e0nh ph\u1ea7n ch\u00ednh c\u1ee7a m\u00f3n \u0103n, mang l\u1ea1i s\u1ef1 b\u00e9o ng\u1eady v\u00e0 m\u1ec1m m\u1ecbn cho kh\u1ea9u v\u1ecb c\u1ee7a th\u1ef1c kh\u00e1ch.<\/p>\n<p>Vegetable Korma l\u00e0 m\u00f3n \u0103n v\u1eeba ngon mi\u1ec7ng l\u1ea1i v\u1eeba b\u1ed5 d\u01b0\u1ee1ng, \u0111\u1eb7c bi\u1ec7t th\u00edch h\u1ee3p cho nh\u1eefng ng\u01b0\u1eddi \u0103n chay ho\u1eb7c mu\u1ed1n t\u00ecm ki\u1ebfm m\u1ed9t b\u1eefa \u0103n l\u00e0nh m\u1ea1nh. Th\u01b0\u1edfng th\u1ee9c m\u00f3n \u0103n n\u00e0y c\u00f9ng v\u1edbi b\u00e1nh roti, c\u01a1m ho\u1eb7c m\u00ec \u1ea4n \u0110\u1ed9 l\u00e0 m\u1ed9t tr\u1ea3i nghi\u1ec7m \u1ea9m th\u1ef1c \u0111\u00e1ng nh\u1edb t\u1ea1i <a href=\"https:\/\/tandoorvietnam.com\/\">nh\u00e0 h\u00e0ng \u1ea4n \u0110\u1ed9 Tandoor Vietnam<\/a>.<\/p>\n","protected":false},"excerpt":{"rendered":"<p>Rau tr\u1ed9n v\u1edbi n\u01b0\u1edbc c\u1ed1t d\u1eeba<\/p>\n","protected":false},"featured_media":3206,"template":"","meta":[],"product_brand":[],"product_cat":[224],"product_tag":[],"class_list":{"0":"post-3205","1":"product","2":"type-product","3":"status-publish","4":"has-post-thumbnail","6":"product_cat-dac-san-nam-an","8":"first","9":"instock","10":"taxable","11":"shipping-taxable","12":"purchasable","13":"product-type-simple"},"yoast_head":"<!-- This site is optimized with the Yoast SEO Premium plugin v22.3 (Yoast SEO v27.4) - https:\/\/yoast.com\/product\/yoast-seo-premium-wordpress\/ -->\n<title>Vegetable Korma (RAU C\u1ee6 NINH KORMA) - Tandoor Vi\u1ec7t Nam<\/title>\n<meta name=\"description\" content=\"M\u00f3n rau c\u1ee7 ninh Korma c\u1ee7a Tandoor Vietnam v\u1edbi h\u01b0\u01a1ng v\u1ecb \u0111\u1eadm \u0111\u00e0, h\u1ea5p d\u1eabn l\u00e0 s\u1ef1 k\u1ebft h\u1ee3p ho\u00e0n h\u1ea3o gi\u1eefa rau c\u1ee7 t\u01b0\u01a1i ngon, mang \u0111\u1ebfn tr\u1ea3i nghi\u1ec7m \u1ea9m th\u1ef1c tuy\u1ec7t v\u1eddi.\" \/>\n<meta name=\"robots\" content=\"index, follow, max-snippet:-1, max-image-preview:large, max-video-preview:-1\" \/>\n<link rel=\"canonical\" href=\"https:\/\/tandoorvietnam.com\/vi\/sanpham\/dac-san-nam-an\/rau-cu-ninh-korma\/\" \/>\n<meta property=\"og:locale\" content=\"vi_VN\" \/>\n<meta property=\"og:type\" content=\"article\" \/>\n<meta property=\"og:title\" content=\"Vegetable Korma (RAU C\u1ee6 NINH KORMA)\" \/>\n<meta property=\"og:description\" content=\"M\u00f3n rau c\u1ee7 ninh Korma c\u1ee7a Tandoor Vietnam v\u1edbi h\u01b0\u01a1ng v\u1ecb \u0111\u1eadm \u0111\u00e0, h\u1ea5p d\u1eabn l\u00e0 s\u1ef1 k\u1ebft h\u1ee3p ho\u00e0n h\u1ea3o gi\u1eefa rau c\u1ee7 t\u01b0\u01a1i ngon, mang \u0111\u1ebfn tr\u1ea3i nghi\u1ec7m \u1ea9m th\u1ef1c tuy\u1ec7t v\u1eddi.\" \/>\n<meta property=\"og:url\" content=\"https:\/\/tandoorvietnam.com\/vi\/sanpham\/dac-san-nam-an\/rau-cu-ninh-korma\/\" \/>\n<meta property=\"og:site_name\" content=\"Tandoor Vi\u1ec7t Nam\" \/>\n<meta property=\"article:publisher\" content=\"https:\/\/www.facebook.com\/tandoor.hcmc\/\" \/>\n<meta property=\"article:modified_time\" content=\"2023-05-11T06:22:51+00:00\" \/>\n<meta property=\"og:image\" content=\"https:\/\/tandoorvietnam.com\/wp-content\/uploads\/2020\/06\/Vegetable-Korma.jpg\" \/>\n\t<meta property=\"og:image:width\" content=\"800\" \/>\n\t<meta property=\"og:image:height\" content=\"800\" \/>\n\t<meta property=\"og:image:type\" content=\"image\/jpeg\" \/>\n<meta name=\"twitter:card\" content=\"summary_large_image\" \/>\n<meta name=\"twitter:label1\" content=\"Est. reading time\" \/>\n\t<meta name=\"twitter:data1\" content=\"2 minutes\" \/>\n<script type=\"application\/ld+json\" class=\"yoast-schema-graph\">{\"@context\":\"https:\\\/\\\/schema.org\",\"@graph\":[{\"@type\":\"WebPage\",\"@id\":\"https:\\\/\\\/tandoorvietnam.com\\\/vi\\\/sanpham\\\/dac-san-nam-an\\\/rau-cu-ninh-korma\\\/\",\"url\":\"https:\\\/\\\/tandoorvietnam.com\\\/vi\\\/sanpham\\\/dac-san-nam-an\\\/rau-cu-ninh-korma\\\/\",\"name\":\"Vegetable Korma (RAU C\u1ee6 NINH KORMA) - Tandoor Vi\u1ec7t Nam\",\"isPartOf\":{\"@id\":\"https:\\\/\\\/tandoorvietnam.com\\\/vi\\\/#website\"},\"primaryImageOfPage\":{\"@id\":\"https:\\\/\\\/tandoorvietnam.com\\\/vi\\\/sanpham\\\/dac-san-nam-an\\\/rau-cu-ninh-korma\\\/#primaryimage\"},\"image\":{\"@id\":\"https:\\\/\\\/tandoorvietnam.com\\\/vi\\\/sanpham\\\/dac-san-nam-an\\\/rau-cu-ninh-korma\\\/#primaryimage\"},\"thumbnailUrl\":\"https:\\\/\\\/tandoorvietnam.com\\\/wp-content\\\/uploads\\\/2020\\\/06\\\/Vegetable-Korma.jpg\",\"datePublished\":\"2021-04-14T04:56:49+00:00\",\"dateModified\":\"2023-05-11T06:22:51+00:00\",\"description\":\"M\u00f3n rau c\u1ee7 ninh Korma c\u1ee7a Tandoor Vietnam v\u1edbi h\u01b0\u01a1ng v\u1ecb \u0111\u1eadm \u0111\u00e0, h\u1ea5p d\u1eabn l\u00e0 s\u1ef1 k\u1ebft h\u1ee3p ho\u00e0n h\u1ea3o gi\u1eefa rau c\u1ee7 t\u01b0\u01a1i ngon, mang \u0111\u1ebfn tr\u1ea3i nghi\u1ec7m \u1ea9m th\u1ef1c tuy\u1ec7t v\u1eddi.\",\"breadcrumb\":{\"@id\":\"https:\\\/\\\/tandoorvietnam.com\\\/vi\\\/sanpham\\\/dac-san-nam-an\\\/rau-cu-ninh-korma\\\/#breadcrumb\"},\"inLanguage\":\"vi-VN\",\"potentialAction\":[{\"@type\":\"ReadAction\",\"target\":[\"https:\\\/\\\/tandoorvietnam.com\\\/vi\\\/sanpham\\\/dac-san-nam-an\\\/rau-cu-ninh-korma\\\/\"]}]},{\"@type\":\"ImageObject\",\"inLanguage\":\"vi-VN\",\"@id\":\"https:\\\/\\\/tandoorvietnam.com\\\/vi\\\/sanpham\\\/dac-san-nam-an\\\/rau-cu-ninh-korma\\\/#primaryimage\",\"url\":\"https:\\\/\\\/tandoorvietnam.com\\\/wp-content\\\/uploads\\\/2020\\\/06\\\/Vegetable-Korma.jpg\",\"contentUrl\":\"https:\\\/\\\/tandoorvietnam.com\\\/wp-content\\\/uploads\\\/2020\\\/06\\\/Vegetable-Korma.jpg\",\"width\":800,\"height\":800,\"caption\":\"RAU C\u1ee6 NINH KORMA\"},{\"@type\":\"BreadcrumbList\",\"@id\":\"https:\\\/\\\/tandoorvietnam.com\\\/vi\\\/sanpham\\\/dac-san-nam-an\\\/rau-cu-ninh-korma\\\/#breadcrumb\",\"itemListElement\":[{\"@type\":\"ListItem\",\"position\":1,\"name\":\"Trang Ch\u1ee7\",\"item\":\"https:\\\/\\\/tandoorvietnam.com\\\/vi\\\/\"},{\"@type\":\"ListItem\",\"position\":2,\"name\":\"Shop\",\"item\":\"https:\\\/\\\/tandoorvietnam.com\\\/shop\\\/\"},{\"@type\":\"ListItem\",\"position\":3,\"name\":\"Vegetable Korma (RAU C\u1ee6 NINH KORMA)\"}]},{\"@type\":\"WebSite\",\"@id\":\"https:\\\/\\\/tandoorvietnam.com\\\/vi\\\/#website\",\"url\":\"https:\\\/\\\/tandoorvietnam.com\\\/vi\\\/\",\"name\":\"Tandoor Vietnam\",\"description\":\"Nh\u00e0 h\u00e0ng ngon h\u1ed3 ch\u00ed minh\",\"publisher\":{\"@id\":\"https:\\\/\\\/tandoorvietnam.com\\\/vi\\\/#organization\"},\"potentialAction\":[{\"@type\":\"SearchAction\",\"target\":{\"@type\":\"EntryPoint\",\"urlTemplate\":\"https:\\\/\\\/tandoorvietnam.com\\\/vi\\\/?s={search_term_string}\"},\"query-input\":{\"@type\":\"PropertyValueSpecification\",\"valueRequired\":true,\"valueName\":\"search_term_string\"}}],\"inLanguage\":\"vi-VN\"},{\"@type\":\"Organization\",\"@id\":\"https:\\\/\\\/tandoorvietnam.com\\\/vi\\\/#organization\",\"name\":\"Tandoor Vietnam\",\"url\":\"https:\\\/\\\/tandoorvietnam.com\\\/vi\\\/\",\"logo\":{\"@type\":\"ImageObject\",\"inLanguage\":\"vi-VN\",\"@id\":\"https:\\\/\\\/tandoorvietnam.com\\\/vi\\\/#\\\/schema\\\/logo\\\/image\\\/\",\"url\":\"https:\\\/\\\/tandoorvietnam.com\\\/wp-content\\\/uploads\\\/2020\\\/07\\\/logo.png\",\"contentUrl\":\"https:\\\/\\\/tandoorvietnam.com\\\/wp-content\\\/uploads\\\/2020\\\/07\\\/logo.png\",\"width\":133,\"height\":75,\"caption\":\"Tandoor Vietnam\"},\"image\":{\"@id\":\"https:\\\/\\\/tandoorvietnam.com\\\/vi\\\/#\\\/schema\\\/logo\\\/image\\\/\"},\"sameAs\":[\"https:\\\/\\\/www.facebook.com\\\/tandoor.hcmc\\\/\"]}]}<\/script>\n<!-- \/ Yoast SEO Premium plugin. -->","yoast_head_json":{"title":"Vegetable Korma (RAU C\u1ee6 NINH KORMA) - Tandoor Vi\u1ec7t Nam","description":"M\u00f3n rau c\u1ee7 ninh Korma c\u1ee7a Tandoor Vietnam v\u1edbi h\u01b0\u01a1ng v\u1ecb \u0111\u1eadm \u0111\u00e0, h\u1ea5p d\u1eabn l\u00e0 s\u1ef1 k\u1ebft h\u1ee3p ho\u00e0n h\u1ea3o gi\u1eefa rau c\u1ee7 t\u01b0\u01a1i ngon, mang \u0111\u1ebfn tr\u1ea3i nghi\u1ec7m \u1ea9m th\u1ef1c tuy\u1ec7t v\u1eddi.","robots":{"index":"index","follow":"follow","max-snippet":"max-snippet:-1","max-image-preview":"max-image-preview:large","max-video-preview":"max-video-preview:-1"},"canonical":"https:\/\/tandoorvietnam.com\/vi\/sanpham\/dac-san-nam-an\/rau-cu-ninh-korma\/","og_locale":"vi_VN","og_type":"article","og_title":"Vegetable Korma (RAU C\u1ee6 NINH KORMA)","og_description":"M\u00f3n rau c\u1ee7 ninh Korma c\u1ee7a Tandoor Vietnam v\u1edbi h\u01b0\u01a1ng v\u1ecb \u0111\u1eadm \u0111\u00e0, h\u1ea5p d\u1eabn l\u00e0 s\u1ef1 k\u1ebft h\u1ee3p ho\u00e0n h\u1ea3o gi\u1eefa rau c\u1ee7 t\u01b0\u01a1i ngon, mang \u0111\u1ebfn tr\u1ea3i nghi\u1ec7m \u1ea9m th\u1ef1c tuy\u1ec7t v\u1eddi.","og_url":"https:\/\/tandoorvietnam.com\/vi\/sanpham\/dac-san-nam-an\/rau-cu-ninh-korma\/","og_site_name":"Tandoor Vi\u1ec7t Nam","article_publisher":"https:\/\/www.facebook.com\/tandoor.hcmc\/","article_modified_time":"2023-05-11T06:22:51+00:00","og_image":[{"width":800,"height":800,"url":"https:\/\/tandoorvietnam.com\/wp-content\/uploads\/2020\/06\/Vegetable-Korma.jpg","type":"image\/jpeg"}],"twitter_card":"summary_large_image","twitter_misc":{"Est. reading time":"2 minutes"},"schema":{"@context":"https:\/\/schema.org","@graph":[{"@type":"WebPage","@id":"https:\/\/tandoorvietnam.com\/vi\/sanpham\/dac-san-nam-an\/rau-cu-ninh-korma\/","url":"https:\/\/tandoorvietnam.com\/vi\/sanpham\/dac-san-nam-an\/rau-cu-ninh-korma\/","name":"Vegetable Korma (RAU C\u1ee6 NINH KORMA) - Tandoor Vi\u1ec7t Nam","isPartOf":{"@id":"https:\/\/tandoorvietnam.com\/vi\/#website"},"primaryImageOfPage":{"@id":"https:\/\/tandoorvietnam.com\/vi\/sanpham\/dac-san-nam-an\/rau-cu-ninh-korma\/#primaryimage"},"image":{"@id":"https:\/\/tandoorvietnam.com\/vi\/sanpham\/dac-san-nam-an\/rau-cu-ninh-korma\/#primaryimage"},"thumbnailUrl":"https:\/\/tandoorvietnam.com\/wp-content\/uploads\/2020\/06\/Vegetable-Korma.jpg","datePublished":"2021-04-14T04:56:49+00:00","dateModified":"2023-05-11T06:22:51+00:00","description":"M\u00f3n rau c\u1ee7 ninh Korma c\u1ee7a Tandoor Vietnam v\u1edbi h\u01b0\u01a1ng v\u1ecb \u0111\u1eadm \u0111\u00e0, h\u1ea5p d\u1eabn l\u00e0 s\u1ef1 k\u1ebft h\u1ee3p ho\u00e0n h\u1ea3o gi\u1eefa rau c\u1ee7 t\u01b0\u01a1i ngon, mang \u0111\u1ebfn tr\u1ea3i nghi\u1ec7m \u1ea9m th\u1ef1c tuy\u1ec7t v\u1eddi.","breadcrumb":{"@id":"https:\/\/tandoorvietnam.com\/vi\/sanpham\/dac-san-nam-an\/rau-cu-ninh-korma\/#breadcrumb"},"inLanguage":"vi-VN","potentialAction":[{"@type":"ReadAction","target":["https:\/\/tandoorvietnam.com\/vi\/sanpham\/dac-san-nam-an\/rau-cu-ninh-korma\/"]}]},{"@type":"ImageObject","inLanguage":"vi-VN","@id":"https:\/\/tandoorvietnam.com\/vi\/sanpham\/dac-san-nam-an\/rau-cu-ninh-korma\/#primaryimage","url":"https:\/\/tandoorvietnam.com\/wp-content\/uploads\/2020\/06\/Vegetable-Korma.jpg","contentUrl":"https:\/\/tandoorvietnam.com\/wp-content\/uploads\/2020\/06\/Vegetable-Korma.jpg","width":800,"height":800,"caption":"RAU C\u1ee6 NINH KORMA"},{"@type":"BreadcrumbList","@id":"https:\/\/tandoorvietnam.com\/vi\/sanpham\/dac-san-nam-an\/rau-cu-ninh-korma\/#breadcrumb","itemListElement":[{"@type":"ListItem","position":1,"name":"Trang Ch\u1ee7","item":"https:\/\/tandoorvietnam.com\/vi\/"},{"@type":"ListItem","position":2,"name":"Shop","item":"https:\/\/tandoorvietnam.com\/shop\/"},{"@type":"ListItem","position":3,"name":"Vegetable Korma (RAU C\u1ee6 NINH KORMA)"}]},{"@type":"WebSite","@id":"https:\/\/tandoorvietnam.com\/vi\/#website","url":"https:\/\/tandoorvietnam.com\/vi\/","name":"Tandoor Vietnam","description":"Nh\u00e0 h\u00e0ng ngon h\u1ed3 ch\u00ed minh","publisher":{"@id":"https:\/\/tandoorvietnam.com\/vi\/#organization"},"potentialAction":[{"@type":"SearchAction","target":{"@type":"EntryPoint","urlTemplate":"https:\/\/tandoorvietnam.com\/vi\/?s={search_term_string}"},"query-input":{"@type":"PropertyValueSpecification","valueRequired":true,"valueName":"search_term_string"}}],"inLanguage":"vi-VN"},{"@type":"Organization","@id":"https:\/\/tandoorvietnam.com\/vi\/#organization","name":"Tandoor Vietnam","url":"https:\/\/tandoorvietnam.com\/vi\/","logo":{"@type":"ImageObject","inLanguage":"vi-VN","@id":"https:\/\/tandoorvietnam.com\/vi\/#\/schema\/logo\/image\/","url":"https:\/\/tandoorvietnam.com\/wp-content\/uploads\/2020\/07\/logo.png","contentUrl":"https:\/\/tandoorvietnam.com\/wp-content\/uploads\/2020\/07\/logo.png","width":133,"height":75,"caption":"Tandoor Vietnam"},"image":{"@id":"https:\/\/tandoorvietnam.com\/vi\/#\/schema\/logo\/image\/"},"sameAs":["https:\/\/www.facebook.com\/tandoor.hcmc\/"]}]}},"_links":{"self":[{"href":"https:\/\/tandoorvietnam.com\/vi\/wp-json\/wp\/v2\/product\/3205","targetHints":{"allow":["GET"]}}],"collection":[{"href":"https:\/\/tandoorvietnam.com\/vi\/wp-json\/wp\/v2\/product"}],"about":[{"href":"https:\/\/tandoorvietnam.com\/vi\/wp-json\/wp\/v2\/types\/product"}],"wp:featuredmedia":[{"embeddable":true,"href":"https:\/\/tandoorvietnam.com\/vi\/wp-json\/wp\/v2\/media\/3206"}],"wp:attachment":[{"href":"https:\/\/tandoorvietnam.com\/vi\/wp-json\/wp\/v2\/media?parent=3205"}],"wp:term":[{"taxonomy":"product_brand","embeddable":true,"href":"https:\/\/tandoorvietnam.com\/vi\/wp-json\/wp\/v2\/product_brand?post=3205"},{"taxonomy":"product_cat","embeddable":true,"href":"https:\/\/tandoorvietnam.com\/vi\/wp-json\/wp\/v2\/product_cat?post=3205"},{"taxonomy":"product_tag","embeddable":true,"href":"https:\/\/tandoorvietnam.com\/vi\/wp-json\/wp\/v2\/product_tag?post=3205"}],"curies":[{"name":"wp","href":"https:\/\/api.w.org\/{rel}","templated":true}]}}