{"id":3208,"date":"2020-06-16T13:27:13","date_gmt":"2021-04-14T05:00:54","guid":{"rendered":"http:\/\/tandoorvietnam.com\/product\/uncategorized\/banh-xeo-gion-masala-cay\/"},"modified":"2023-05-19T16:47:54","modified_gmt":"2023-05-19T16:47:54","slug":"banh-xeo-gion-masala-cay","status":"publish","type":"product","link":"https:\/\/tandoorvietnam.com\/vi\/sanpham\/cac-mon-banh-dosa\/banh-xeo-gion-masala-cay\/","title":{"rendered":"Mysore Masala Dosa (B\u00c1NH X\u00c8O GI\u00d2N MASALA CAY)"},"content":{"rendered":"<p>B\u00e1nh x\u00e8o gi\u00f2n Masala cay l\u00e0 m\u1ed9t m\u00f3n \u0103n \u0111\u1ed9c \u0111\u00e1o v\u00e0 h\u1ea5p d\u1eabn trong danh s\u00e1ch c\u00e1c m\u00f3n \u0103n t\u1ea1i Tandoor Vietnam. V\u1edbi v\u1ecf b\u00e1nh gi\u00f2n r\u1ee5m v\u00e0 h\u01b0\u01a1ng v\u1ecb Masala \u0111\u1eadm \u0111\u00e0, m\u00f3n \u0103n n\u00e0y h\u1ee9a h\u1eb9n mang \u0111\u1ebfn cho b\u1ea1n m\u1ed9t tr\u1ea3i nghi\u1ec7m \u1ea9m th\u1ef1c tuy\u1ec7t v\u1eddi.<\/p>\n<p>Ch\u00fang t\u00f4i t\u1ea1o n\u00ean v\u1ecf b\u00e1nh x\u00e8o gi\u00f2n ngon b\u1eb1ng c\u00e1ch k\u1ebft h\u1ee3p b\u1ed9t g\u1ea1o, b\u1ed9t m\u1ef3, v\u00e0 c\u00e1c nguy\u00ean li\u1ec7u t\u1ea1o \u0111\u1ed9 gi\u00f2n nh\u01b0 n\u01b0\u1edbc s\u1eefa v\u00e0 qu\u1ea3 tr\u1ee9ng. V\u1ecf b\u00e1nh x\u00e8o \u0111\u01b0\u1ee3c chi\u00ean gi\u00f2n t\u1ea1i nhi\u1ec7t \u0111\u1ed9 cao \u0111\u1ec3 mang l\u1ea1i \u0111\u1ed9 gi\u00f2n v\u00e0 r\u1ee5m r\u1ea5t \u0111\u1eb7c tr\u01b0ng.<\/p>\n<p>B\u00ean trong, ch\u00fang t\u00f4i s\u1eed d\u1ee5ng gia v\u1ecb Masala - m\u1ed9t h\u1ed7n h\u1ee3p gia v\u1ecb \u1ea4n \u0110\u1ed9 \u0111\u1ed9c \u0111\u00e1o - \u0111\u1ec3 t\u1ea1o n\u00ean h\u01b0\u01a1ng v\u1ecb \u0111\u1eadm \u0111\u00e0 v\u00e0 th\u00fa v\u1ecb cho b\u00e1nh. Gia v\u1ecb Masala bao g\u1ed3m c\u00e1c lo\u1ea1i gia v\u1ecb nh\u01b0 h\u1ea1t ti\u00eau \u0111en, h\u1ea1t cumin, h\u1ea1t \u0111i\u1ec1u, h\u00e0nh kh\u00f4, \u1edbt v\u00e0 nhi\u1ec1u lo\u1ea1i gia v\u1ecb kh\u00e1c, t\u1ea1o ra h\u01b0\u01a1ng v\u1ecb \u0111\u1eb7c tr\u01b0ng v\u00e0 h\u1ea5p d\u1eabn.<\/p>\n<p>B\u00e1nh x\u00e8o gi\u00f2n Masala cay l\u00e0 m\u1ed9t m\u00f3n \u0103n ph\u1ed5 bi\u1ebfn trong \u1ea9m th\u1ef1c \u1ea4n \u0110\u1ed9, th\u01b0\u1eddng \u0111\u01b0\u1ee3c \u0103n k\u00e8m v\u1edbi n\u01b0\u1edbc ch\u1ea5m t\u01b0\u01a1ng \u1edbt ho\u1eb7c n\u01b0\u1edbc m\u1eafm chanh. B\u1ea1n c\u00f3 th\u1ec3 th\u01b0\u1edfng th\u1ee9c m\u00f3n \u0103n n\u00e0y nh\u01b0 m\u1ed9t m\u00f3n khai v\u1ecb tuy\u1ec7t v\u1eddi ho\u1eb7c m\u1ed9t m\u00f3n \u0103n nh\u1eb9 trong b\u1eefa tr\u01b0a ho\u1eb7c t\u1ed1i.<\/p>\n<p>T\u1ea1i <a href=\"https:\/\/tandoorvietnam.com\/\">Tandoor Vietnam<\/a>, ch\u00fang t\u00f4i cam k\u1ebft mang \u0111\u1ebfn cho b\u1ea1n nh\u1eefng m\u00f3n \u0103n t\u01b0\u01a1i ngon v\u00e0 \u0111\u1ed9c \u0111\u00e1o t\u1eeb \u1ea4n \u0110\u1ed9. B\u00e1nh x\u00e8o gi\u00f2n Masala cay l\u00e0 m\u1ed9t l\u1ef1a ch\u1ecdn tuy\u1ec7t v\u1eddi \u0111\u1ec3 kh\u00e1m ph\u00e1 h\u01b0\u01a1ng v\u1ecb \u1ea9m th\u1ef1c \u0111\u1ed9c \u0111\u00e1o v\u00e0 th\u01b0\u1edfng th\u1ee9c nh\u1eefng m\u00f3n \u0103n truy\u1ec1n th\u1ed1ng c\u1ee7a \u1ea4n \u0110\u1ed9.<\/p>\n","protected":false},"excerpt":{"rendered":"<p>B\u00e1nh Dosa v\u1edbi t\u01b0\u01a1ng \u1edbt c\u00e0 chua cay v\u00e0 nh\u00e2n khoai t\u00e2y<\/p>\n","protected":false},"featured_media":3209,"template":"","meta":[],"product_brand":[],"product_cat":[223],"product_tag":[],"class_list":{"0":"post-3208","1":"product","2":"type-product","3":"status-publish","4":"has-post-thumbnail","6":"product_cat-cac-mon-banh-dosa","8":"first","9":"instock","10":"taxable","11":"shipping-taxable","12":"purchasable","13":"product-type-simple"},"yoast_head":"<!-- This site is optimized with the Yoast SEO Premium plugin v22.3 (Yoast SEO v27.6) - https:\/\/yoast.com\/product\/yoast-seo-premium-wordpress\/ -->\n<title>Mysore Masala Dosa (B\u00c1NH X\u00c8O GI\u00d2N MASALA CAY)<\/title>\n<meta name=\"description\" content=\"B\u00e1nh x\u00e8o gi\u00f2n Masala cay t\u1ea1i nh\u00e0 h\u00e0ng \u1ea4n \u0110\u1ed9 Tandoor Vietnam. H\u01b0\u01a1ng v\u1ecb \u0111\u1ed9c \u0111\u00e1o, v\u1ecf b\u00e1nh gi\u00f2n r\u1ee5m, k\u1ebft h\u1ee3p gia v\u1ecb Masala \u0111\u1eadm \u0111\u00e0.\" \/>\n<meta name=\"robots\" content=\"index, follow, max-snippet:-1, max-image-preview:large, max-video-preview:-1\" \/>\n<link rel=\"canonical\" href=\"https:\/\/tandoorvietnam.com\/vi\/sanpham\/cac-mon-banh-dosa\/banh-xeo-gion-masala-cay\/\" \/>\n<meta property=\"og:locale\" content=\"vi_VN\" \/>\n<meta property=\"og:type\" content=\"article\" \/>\n<meta property=\"og:title\" content=\"Mysore Masala Dosa (B\u00c1NH X\u00c8O GI\u00d2N MASALA CAY)\" \/>\n<meta property=\"og:description\" content=\"B\u00e1nh x\u00e8o gi\u00f2n Masala cay t\u1ea1i nh\u00e0 h\u00e0ng \u1ea4n \u0110\u1ed9 Tandoor Vietnam. H\u01b0\u01a1ng v\u1ecb \u0111\u1ed9c \u0111\u00e1o, v\u1ecf b\u00e1nh gi\u00f2n r\u1ee5m, k\u1ebft h\u1ee3p gia v\u1ecb Masala \u0111\u1eadm \u0111\u00e0.\" \/>\n<meta property=\"og:url\" content=\"https:\/\/tandoorvietnam.com\/vi\/sanpham\/cac-mon-banh-dosa\/banh-xeo-gion-masala-cay\/\" \/>\n<meta property=\"og:site_name\" content=\"Tandoor Vi\u1ec7t Nam\" \/>\n<meta property=\"article:publisher\" content=\"https:\/\/www.facebook.com\/tandoor.hcmc\/\" \/>\n<meta property=\"article:modified_time\" content=\"2023-05-19T16:47:54+00:00\" \/>\n<meta property=\"og:image\" content=\"https:\/\/tandoorvietnam.com\/wp-content\/uploads\/2020\/06\/Mysore-masala-dosa.jpg\" \/>\n\t<meta property=\"og:image:width\" content=\"800\" \/>\n\t<meta property=\"og:image:height\" content=\"800\" \/>\n\t<meta property=\"og:image:type\" content=\"image\/jpeg\" \/>\n<meta name=\"twitter:card\" content=\"summary_large_image\" \/>\n<meta name=\"twitter:label1\" content=\"Est. reading time\" \/>\n\t<meta name=\"twitter:data1\" content=\"2 minutes\" \/>\n<script type=\"application\/ld+json\" class=\"yoast-schema-graph\">{\"@context\":\"https:\\\/\\\/schema.org\",\"@graph\":[{\"@type\":\"WebPage\",\"@id\":\"https:\\\/\\\/tandoorvietnam.com\\\/vi\\\/sanpham\\\/cac-mon-banh-dosa\\\/banh-xeo-gion-masala-cay\\\/\",\"url\":\"https:\\\/\\\/tandoorvietnam.com\\\/vi\\\/sanpham\\\/cac-mon-banh-dosa\\\/banh-xeo-gion-masala-cay\\\/\",\"name\":\"Mysore Masala Dosa (B\u00c1NH X\u00c8O GI\u00d2N MASALA CAY)\",\"isPartOf\":{\"@id\":\"https:\\\/\\\/tandoorvietnam.com\\\/vi\\\/#website\"},\"primaryImageOfPage\":{\"@id\":\"https:\\\/\\\/tandoorvietnam.com\\\/vi\\\/sanpham\\\/cac-mon-banh-dosa\\\/banh-xeo-gion-masala-cay\\\/#primaryimage\"},\"image\":{\"@id\":\"https:\\\/\\\/tandoorvietnam.com\\\/vi\\\/sanpham\\\/cac-mon-banh-dosa\\\/banh-xeo-gion-masala-cay\\\/#primaryimage\"},\"thumbnailUrl\":\"https:\\\/\\\/tandoorvietnam.com\\\/wp-content\\\/uploads\\\/2020\\\/06\\\/Mysore-masala-dosa.jpg\",\"datePublished\":\"2021-04-14T05:00:54+00:00\",\"dateModified\":\"2023-05-19T16:47:54+00:00\",\"description\":\"B\u00e1nh x\u00e8o gi\u00f2n Masala cay t\u1ea1i nh\u00e0 h\u00e0ng \u1ea4n \u0110\u1ed9 Tandoor Vietnam. H\u01b0\u01a1ng v\u1ecb \u0111\u1ed9c \u0111\u00e1o, v\u1ecf b\u00e1nh gi\u00f2n r\u1ee5m, k\u1ebft h\u1ee3p gia v\u1ecb Masala \u0111\u1eadm \u0111\u00e0.\",\"breadcrumb\":{\"@id\":\"https:\\\/\\\/tandoorvietnam.com\\\/vi\\\/sanpham\\\/cac-mon-banh-dosa\\\/banh-xeo-gion-masala-cay\\\/#breadcrumb\"},\"inLanguage\":\"vi-VN\",\"potentialAction\":[{\"@type\":\"ReadAction\",\"target\":[\"https:\\\/\\\/tandoorvietnam.com\\\/vi\\\/sanpham\\\/cac-mon-banh-dosa\\\/banh-xeo-gion-masala-cay\\\/\"]}]},{\"@type\":\"ImageObject\",\"inLanguage\":\"vi-VN\",\"@id\":\"https:\\\/\\\/tandoorvietnam.com\\\/vi\\\/sanpham\\\/cac-mon-banh-dosa\\\/banh-xeo-gion-masala-cay\\\/#primaryimage\",\"url\":\"https:\\\/\\\/tandoorvietnam.com\\\/wp-content\\\/uploads\\\/2020\\\/06\\\/Mysore-masala-dosa.jpg\",\"contentUrl\":\"https:\\\/\\\/tandoorvietnam.com\\\/wp-content\\\/uploads\\\/2020\\\/06\\\/Mysore-masala-dosa.jpg\",\"width\":800,\"height\":800,\"caption\":\"B\u00c1NH X\u00c8O GI\u00d2N MASALA CAY\"},{\"@type\":\"BreadcrumbList\",\"@id\":\"https:\\\/\\\/tandoorvietnam.com\\\/vi\\\/sanpham\\\/cac-mon-banh-dosa\\\/banh-xeo-gion-masala-cay\\\/#breadcrumb\",\"itemListElement\":[{\"@type\":\"ListItem\",\"position\":1,\"name\":\"Trang Ch\u1ee7\",\"item\":\"https:\\\/\\\/tandoorvietnam.com\\\/vi\\\/\"},{\"@type\":\"ListItem\",\"position\":2,\"name\":\"Shop\",\"item\":\"https:\\\/\\\/tandoorvietnam.com\\\/shop\\\/\"},{\"@type\":\"ListItem\",\"position\":3,\"name\":\"Mysore Masala Dosa (B\u00c1NH X\u00c8O GI\u00d2N MASALA CAY)\"}]},{\"@type\":\"WebSite\",\"@id\":\"https:\\\/\\\/tandoorvietnam.com\\\/vi\\\/#website\",\"url\":\"https:\\\/\\\/tandoorvietnam.com\\\/vi\\\/\",\"name\":\"Tandoor Vietnam\",\"description\":\"Nh\u00e0 h\u00e0ng ngon h\u1ed3 ch\u00ed minh\",\"publisher\":{\"@id\":\"https:\\\/\\\/tandoorvietnam.com\\\/vi\\\/#organization\"},\"potentialAction\":[{\"@type\":\"SearchAction\",\"target\":{\"@type\":\"EntryPoint\",\"urlTemplate\":\"https:\\\/\\\/tandoorvietnam.com\\\/vi\\\/?s={search_term_string}\"},\"query-input\":{\"@type\":\"PropertyValueSpecification\",\"valueRequired\":true,\"valueName\":\"search_term_string\"}}],\"inLanguage\":\"vi-VN\"},{\"@type\":\"Organization\",\"@id\":\"https:\\\/\\\/tandoorvietnam.com\\\/vi\\\/#organization\",\"name\":\"Tandoor Vietnam\",\"url\":\"https:\\\/\\\/tandoorvietnam.com\\\/vi\\\/\",\"logo\":{\"@type\":\"ImageObject\",\"inLanguage\":\"vi-VN\",\"@id\":\"https:\\\/\\\/tandoorvietnam.com\\\/vi\\\/#\\\/schema\\\/logo\\\/image\\\/\",\"url\":\"https:\\\/\\\/tandoorvietnam.com\\\/wp-content\\\/uploads\\\/2020\\\/07\\\/logo.png\",\"contentUrl\":\"https:\\\/\\\/tandoorvietnam.com\\\/wp-content\\\/uploads\\\/2020\\\/07\\\/logo.png\",\"width\":133,\"height\":75,\"caption\":\"Tandoor Vietnam\"},\"image\":{\"@id\":\"https:\\\/\\\/tandoorvietnam.com\\\/vi\\\/#\\\/schema\\\/logo\\\/image\\\/\"},\"sameAs\":[\"https:\\\/\\\/www.facebook.com\\\/tandoor.hcmc\\\/\"]}]}<\/script>\n<!-- \/ Yoast SEO Premium plugin. -->","yoast_head_json":{"title":"Mysore Masala Dosa (B\u00c1NH X\u00c8O GI\u00d2N MASALA CAY)","description":"B\u00e1nh x\u00e8o gi\u00f2n Masala cay t\u1ea1i nh\u00e0 h\u00e0ng \u1ea4n \u0110\u1ed9 Tandoor Vietnam. H\u01b0\u01a1ng v\u1ecb \u0111\u1ed9c \u0111\u00e1o, v\u1ecf b\u00e1nh gi\u00f2n r\u1ee5m, k\u1ebft h\u1ee3p gia v\u1ecb Masala \u0111\u1eadm \u0111\u00e0.","robots":{"index":"index","follow":"follow","max-snippet":"max-snippet:-1","max-image-preview":"max-image-preview:large","max-video-preview":"max-video-preview:-1"},"canonical":"https:\/\/tandoorvietnam.com\/vi\/sanpham\/cac-mon-banh-dosa\/banh-xeo-gion-masala-cay\/","og_locale":"vi_VN","og_type":"article","og_title":"Mysore Masala Dosa (B\u00c1NH X\u00c8O GI\u00d2N MASALA CAY)","og_description":"B\u00e1nh x\u00e8o gi\u00f2n Masala cay t\u1ea1i nh\u00e0 h\u00e0ng \u1ea4n \u0110\u1ed9 Tandoor Vietnam. H\u01b0\u01a1ng v\u1ecb \u0111\u1ed9c \u0111\u00e1o, v\u1ecf b\u00e1nh gi\u00f2n r\u1ee5m, k\u1ebft h\u1ee3p gia v\u1ecb Masala \u0111\u1eadm \u0111\u00e0.","og_url":"https:\/\/tandoorvietnam.com\/vi\/sanpham\/cac-mon-banh-dosa\/banh-xeo-gion-masala-cay\/","og_site_name":"Tandoor Vi\u1ec7t Nam","article_publisher":"https:\/\/www.facebook.com\/tandoor.hcmc\/","article_modified_time":"2023-05-19T16:47:54+00:00","og_image":[{"width":800,"height":800,"url":"https:\/\/tandoorvietnam.com\/wp-content\/uploads\/2020\/06\/Mysore-masala-dosa.jpg","type":"image\/jpeg"}],"twitter_card":"summary_large_image","twitter_misc":{"Est. reading time":"2 minutes"},"schema":{"@context":"https:\/\/schema.org","@graph":[{"@type":"WebPage","@id":"https:\/\/tandoorvietnam.com\/vi\/sanpham\/cac-mon-banh-dosa\/banh-xeo-gion-masala-cay\/","url":"https:\/\/tandoorvietnam.com\/vi\/sanpham\/cac-mon-banh-dosa\/banh-xeo-gion-masala-cay\/","name":"Mysore Masala Dosa (B\u00c1NH X\u00c8O GI\u00d2N MASALA CAY)","isPartOf":{"@id":"https:\/\/tandoorvietnam.com\/vi\/#website"},"primaryImageOfPage":{"@id":"https:\/\/tandoorvietnam.com\/vi\/sanpham\/cac-mon-banh-dosa\/banh-xeo-gion-masala-cay\/#primaryimage"},"image":{"@id":"https:\/\/tandoorvietnam.com\/vi\/sanpham\/cac-mon-banh-dosa\/banh-xeo-gion-masala-cay\/#primaryimage"},"thumbnailUrl":"https:\/\/tandoorvietnam.com\/wp-content\/uploads\/2020\/06\/Mysore-masala-dosa.jpg","datePublished":"2021-04-14T05:00:54+00:00","dateModified":"2023-05-19T16:47:54+00:00","description":"B\u00e1nh x\u00e8o gi\u00f2n Masala cay t\u1ea1i nh\u00e0 h\u00e0ng \u1ea4n \u0110\u1ed9 Tandoor Vietnam. H\u01b0\u01a1ng v\u1ecb \u0111\u1ed9c \u0111\u00e1o, v\u1ecf b\u00e1nh gi\u00f2n r\u1ee5m, k\u1ebft h\u1ee3p gia v\u1ecb Masala \u0111\u1eadm \u0111\u00e0.","breadcrumb":{"@id":"https:\/\/tandoorvietnam.com\/vi\/sanpham\/cac-mon-banh-dosa\/banh-xeo-gion-masala-cay\/#breadcrumb"},"inLanguage":"vi-VN","potentialAction":[{"@type":"ReadAction","target":["https:\/\/tandoorvietnam.com\/vi\/sanpham\/cac-mon-banh-dosa\/banh-xeo-gion-masala-cay\/"]}]},{"@type":"ImageObject","inLanguage":"vi-VN","@id":"https:\/\/tandoorvietnam.com\/vi\/sanpham\/cac-mon-banh-dosa\/banh-xeo-gion-masala-cay\/#primaryimage","url":"https:\/\/tandoorvietnam.com\/wp-content\/uploads\/2020\/06\/Mysore-masala-dosa.jpg","contentUrl":"https:\/\/tandoorvietnam.com\/wp-content\/uploads\/2020\/06\/Mysore-masala-dosa.jpg","width":800,"height":800,"caption":"B\u00c1NH X\u00c8O GI\u00d2N MASALA CAY"},{"@type":"BreadcrumbList","@id":"https:\/\/tandoorvietnam.com\/vi\/sanpham\/cac-mon-banh-dosa\/banh-xeo-gion-masala-cay\/#breadcrumb","itemListElement":[{"@type":"ListItem","position":1,"name":"Trang Ch\u1ee7","item":"https:\/\/tandoorvietnam.com\/vi\/"},{"@type":"ListItem","position":2,"name":"Shop","item":"https:\/\/tandoorvietnam.com\/shop\/"},{"@type":"ListItem","position":3,"name":"Mysore Masala Dosa (B\u00c1NH X\u00c8O GI\u00d2N MASALA CAY)"}]},{"@type":"WebSite","@id":"https:\/\/tandoorvietnam.com\/vi\/#website","url":"https:\/\/tandoorvietnam.com\/vi\/","name":"Tandoor Vietnam","description":"Nh\u00e0 h\u00e0ng ngon h\u1ed3 ch\u00ed minh","publisher":{"@id":"https:\/\/tandoorvietnam.com\/vi\/#organization"},"potentialAction":[{"@type":"SearchAction","target":{"@type":"EntryPoint","urlTemplate":"https:\/\/tandoorvietnam.com\/vi\/?s={search_term_string}"},"query-input":{"@type":"PropertyValueSpecification","valueRequired":true,"valueName":"search_term_string"}}],"inLanguage":"vi-VN"},{"@type":"Organization","@id":"https:\/\/tandoorvietnam.com\/vi\/#organization","name":"Tandoor Vietnam","url":"https:\/\/tandoorvietnam.com\/vi\/","logo":{"@type":"ImageObject","inLanguage":"vi-VN","@id":"https:\/\/tandoorvietnam.com\/vi\/#\/schema\/logo\/image\/","url":"https:\/\/tandoorvietnam.com\/wp-content\/uploads\/2020\/07\/logo.png","contentUrl":"https:\/\/tandoorvietnam.com\/wp-content\/uploads\/2020\/07\/logo.png","width":133,"height":75,"caption":"Tandoor Vietnam"},"image":{"@id":"https:\/\/tandoorvietnam.com\/vi\/#\/schema\/logo\/image\/"},"sameAs":["https:\/\/www.facebook.com\/tandoor.hcmc\/"]}]}},"_links":{"self":[{"href":"https:\/\/tandoorvietnam.com\/vi\/wp-json\/wp\/v2\/product\/3208","targetHints":{"allow":["GET"]}}],"collection":[{"href":"https:\/\/tandoorvietnam.com\/vi\/wp-json\/wp\/v2\/product"}],"about":[{"href":"https:\/\/tandoorvietnam.com\/vi\/wp-json\/wp\/v2\/types\/product"}],"wp:featuredmedia":[{"embeddable":true,"href":"https:\/\/tandoorvietnam.com\/vi\/wp-json\/wp\/v2\/media\/3209"}],"wp:attachment":[{"href":"https:\/\/tandoorvietnam.com\/vi\/wp-json\/wp\/v2\/media?parent=3208"}],"wp:term":[{"taxonomy":"product_brand","embeddable":true,"href":"https:\/\/tandoorvietnam.com\/vi\/wp-json\/wp\/v2\/product_brand?post=3208"},{"taxonomy":"product_cat","embeddable":true,"href":"https:\/\/tandoorvietnam.com\/vi\/wp-json\/wp\/v2\/product_cat?post=3208"},{"taxonomy":"product_tag","embeddable":true,"href":"https:\/\/tandoorvietnam.com\/vi\/wp-json\/wp\/v2\/product_tag?post=3208"}],"curies":[{"name":"wp","href":"https:\/\/api.w.org\/{rel}","templated":true}]}}