{"id":3210,"date":"2020-06-16T13:30:26","date_gmt":"2021-04-14T07:16:39","guid":{"rendered":"http:\/\/tandoorvietnam.com\/product\/uncategorized\/banh-xeo-gion-rava-hanh\/"},"modified":"2023-05-17T09:22:00","modified_gmt":"2023-05-17T09:22:00","slug":"banh-xeo-gion-rava-hanh","status":"publish","type":"product","link":"https:\/\/tandoorvietnam.com\/vi\/sanpham\/cac-mon-banh-dosa\/banh-xeo-gion-rava-hanh\/","title":{"rendered":"Onion Rava Dosa (B\u00c1NH X\u00c8O GI\u00d2N RAVA H\u00c0NH)"},"content":{"rendered":"<p>B\u00e1nh x\u00e8o gi\u00f2n Rava h\u00e0nh l\u00e0 m\u1ed9t m\u00f3n \u0103n \u0111\u1eb7c s\u1ea3n \u0111\u1ebfn t\u1eeb \u1ea4n \u0110\u1ed9. T\u1ea1i Tandoor Vietnam, ch\u00fang t\u00f4i mang \u0111\u1ebfn cho b\u1ea1n m\u1ed9t phi\u00ean b\u1ea3n \u0111\u1ed9c \u0111\u00e1o c\u1ee7a b\u00e1nh x\u00e8o, v\u1edbi v\u1ecf b\u00e1nh \u0111\u01b0\u1ee3c l\u00e0m t\u1eeb b\u1ed9t Rava, t\u1ea1o n\u00ean m\u1ed9t l\u1edbp v\u1ecf gi\u00f2n r\u1ee5m \u0111\u1eb7c tr\u01b0ng.<\/p>\n<p>B\u00ean trong b\u00e1nh, ch\u00fang t\u00f4i k\u1ebft h\u1ee3p nh\u1eefng h\u00e0nh t\u01b0\u01a1i th\u01a1m v\u00e0 c\u00e1c gia v\u1ecb \u0111\u1eb7c bi\u1ec7t \u0111\u1ec3 t\u0103ng th\u00eam h\u01b0\u01a1ng v\u1ecb cho m\u00f3n \u0103n. Onion Rava Dosa\u00a0\u0111\u01b0\u1ee3c chi\u00ean \u0111\u1ebfn khi l\u1edbp v\u1ecf ngo\u00e0i gi\u00f2n r\u1ee5m v\u00e0ng \u01b0\u01a1m, t\u1ea1o ra m\u1ed9t s\u1ef1 k\u1ebft h\u1ee3p ho\u00e0n h\u1ea3o gi\u1eefa v\u1ecb gi\u00f2n v\u00e0 h\u01b0\u01a1ng v\u1ecb th\u01a1m ngon.<\/p>\n<p>V\u1edbi h\u01b0\u01a1ng v\u1ecb \u0111\u1ed9c \u0111\u00e1o v\u00e0 c\u00e1ch ch\u1ebf bi\u1ebfn tinh t\u1ebf, Onion <a href=\"https:\/\/en.wikipedia.org\/wiki\/Dosa_(food)\">Rava Dosa<\/a> l\u00e0 m\u1ed9t m\u00f3n \u0103n tuy\u1ec7t v\u1eddi \u0111\u1ec3 th\u01b0\u1edfng th\u1ee9c. B\u1ea1n c\u00f3 th\u1ec3 \u0103n n\u00f3 nh\u01b0 m\u1ed9t m\u00f3n khai v\u1ecb ho\u1eb7c k\u1ebft h\u1ee3p v\u1edbi c\u00e1c m\u00f3n kh\u00e1c trong b\u1eefa \u0103n ch\u00ednh.<\/p>\n<p>T\u1ea1i Tandoor Vietnam, ch\u00fang t\u00f4i lu\u00f4n \u0111\u1ea3m b\u1ea3o ch\u1ea5t l\u01b0\u1ee3ng v\u00e0 t\u01b0\u01a1i ngon c\u1ee7a c\u00e1c nguy\u00ean li\u1ec7u s\u1eed d\u1ee5ng trong m\u00f3n \u0103n. M\u1ed7i chi\u1ebfc b\u00e1nh x\u00e8o gi\u00f2n Rava h\u00e0nh \u0111\u01b0\u1ee3c ch\u1ebf bi\u1ebfn m\u1ed9t c\u00e1ch c\u1ea9n th\u1eadn \u0111\u1ec3 \u0111\u1ea3m b\u1ea3o r\u1eb1ng b\u1ea1n nh\u1eadn \u0111\u01b0\u1ee3c m\u1ed9t tr\u1ea3i nghi\u1ec7m \u1ea9m th\u1ef1c \u0111\u1ed9c \u0111\u00e1o v\u00e0 th\u00fa v\u1ecb.<\/p>\n<p>Onion Rava Dosa l\u00e0 m\u1ed9t m\u00f3n \u0103n ngon mi\u1ec7ng v\u00e0 h\u1ea5p d\u1eabn, mang \u0111\u1ebfn cho b\u1ea1n m\u1ed9t ph\u1ea7n c\u1ee7a h\u01b0\u01a1ng v\u1ecb \u1ea4n \u0110\u1ed9 truy\u1ec1n th\u1ed1ng. \u0110\u01b0\u1ee3c ph\u1ee5c v\u1ee5 t\u1ea1i <a href=\"https:\/\/tandoorvietnam.com\/\">Tandoor Vietnam<\/a>, n\u01a1i ch\u00fang t\u00f4i t\u1ef1 h\u00e0o l\u00e0 \u0111\u1ecba ch\u1ec9 t\u1ed1t nh\u1ea5t \u0111\u1ec3 kh\u00e1m ph\u00e1 \u1ea9m th\u1ef1c \u1ea4n \u0110\u1ed9 ch\u00e2n th\u1ef1c v\u00e0 \u0111\u1eadm ch\u1ea5t.<\/p>\n","protected":false},"excerpt":{"rendered":"<p>B\u00e1nh x\u00e8o gi\u00f2n Rava h\u00e0nh l\u00e0 m\u1ed9t m\u00f3n \u0103n \u0111\u1eb7c s\u1ea3n \u0111\u1ebfn t\u1eeb \u1ea4n \u0110\u1ed9. T\u1ea1i Tandoor Vietnam, ch\u00fang t\u00f4i mang \u0111\u1ebfn cho b\u1ea1n m\u1ed9t phi\u00ean b\u1ea3n \u0111\u1ed9c \u0111\u00e1o c\u1ee7a b\u00e1nh x\u00e8o, v\u1edbi v\u1ecf b\u00e1nh \u0111\u01b0\u1ee3c l\u00e0m t\u1eeb b\u1ed9t Rava, t\u1ea1o n\u00ean m\u1ed9t l\u1edbp v\u1ecf gi\u00f2n r\u1ee5m \u0111\u1eb7c tr\u01b0ng. B\u00ean trong b\u00e1nh, ch\u00fang t\u00f4i k\u1ebft [&hellip;]<\/p>\n","protected":false},"featured_media":0,"template":"","meta":[],"product_brand":[],"product_cat":[223],"product_tag":[],"class_list":{"0":"post-3210","1":"product","2":"type-product","3":"status-publish","5":"product_cat-cac-mon-banh-dosa","7":"first","8":"instock","9":"taxable","10":"shipping-taxable","11":"purchasable","12":"product-type-simple"},"yoast_head":"<!-- This site is optimized with the Yoast SEO Premium plugin v22.3 (Yoast SEO v27.5) - https:\/\/yoast.com\/product\/yoast-seo-premium-wordpress\/ -->\n<title>Onion Rava Dosa (B\u00c1NH X\u00c8O GI\u00d2N RAVA H\u00c0NH)<\/title>\n<meta name=\"description\" content=\"B\u00e1nh x\u00e8o gi\u00f2n Rava h\u00e0nh - m\u00f3n \u0103n \u0111\u1eb7c s\u1ea3n \u1ea4n \u0110\u1ed9. V\u1edbi v\u1ecf b\u00e1nh gi\u00f2n r\u1ee5m,h\u01b0\u01a1ng v\u1ecb th\u01a1m ngon c\u1ee7a h\u00e0nh, b\u1ea1n s\u1ebd tr\u1ea3i nghi\u1ec7m h\u01b0\u01a1ng v\u1ecb tuy\u1ec7t v\u1eddi t\u1ea1i Tandoor Vietnam.\" \/>\n<meta name=\"robots\" content=\"index, follow, max-snippet:-1, max-image-preview:large, max-video-preview:-1\" \/>\n<link rel=\"canonical\" href=\"https:\/\/tandoorvietnam.com\/vi\/sanpham\/cac-mon-banh-dosa\/banh-xeo-gion-rava-hanh\/\" \/>\n<meta property=\"og:locale\" content=\"vi_VN\" \/>\n<meta property=\"og:type\" content=\"article\" \/>\n<meta property=\"og:title\" content=\"Onion Rava Dosa (B\u00c1NH X\u00c8O GI\u00d2N RAVA H\u00c0NH)\" \/>\n<meta property=\"og:description\" content=\"B\u00e1nh x\u00e8o gi\u00f2n Rava h\u00e0nh - m\u00f3n \u0103n \u0111\u1eb7c s\u1ea3n \u1ea4n \u0110\u1ed9. V\u1edbi v\u1ecf b\u00e1nh gi\u00f2n r\u1ee5m,h\u01b0\u01a1ng v\u1ecb th\u01a1m ngon c\u1ee7a h\u00e0nh, b\u1ea1n s\u1ebd tr\u1ea3i nghi\u1ec7m h\u01b0\u01a1ng v\u1ecb tuy\u1ec7t v\u1eddi t\u1ea1i Tandoor Vietnam.\" \/>\n<meta property=\"og:url\" content=\"https:\/\/tandoorvietnam.com\/vi\/sanpham\/cac-mon-banh-dosa\/banh-xeo-gion-rava-hanh\/\" \/>\n<meta property=\"og:site_name\" content=\"Tandoor Vi\u1ec7t Nam\" \/>\n<meta property=\"article:publisher\" content=\"https:\/\/www.facebook.com\/tandoor.hcmc\/\" \/>\n<meta property=\"article:modified_time\" content=\"2023-05-17T09:22:00+00:00\" \/>\n<meta property=\"og:image\" content=\"https:\/\/tandoorvietnam.com\/wp-content\/uploads\/2020\/07\/opengraph.jpg\" \/>\n\t<meta property=\"og:image:width\" content=\"1200\" \/>\n\t<meta property=\"og:image:height\" content=\"630\" \/>\n\t<meta property=\"og:image:type\" content=\"image\/jpeg\" \/>\n<meta name=\"twitter:card\" content=\"summary_large_image\" \/>\n<meta name=\"twitter:label1\" content=\"Est. reading time\" \/>\n\t<meta name=\"twitter:data1\" content=\"2 minutes\" \/>\n<script type=\"application\/ld+json\" class=\"yoast-schema-graph\">{\"@context\":\"https:\\\/\\\/schema.org\",\"@graph\":[{\"@type\":\"WebPage\",\"@id\":\"https:\\\/\\\/tandoorvietnam.com\\\/vi\\\/sanpham\\\/cac-mon-banh-dosa\\\/banh-xeo-gion-rava-hanh\\\/\",\"url\":\"https:\\\/\\\/tandoorvietnam.com\\\/vi\\\/sanpham\\\/cac-mon-banh-dosa\\\/banh-xeo-gion-rava-hanh\\\/\",\"name\":\"Onion Rava Dosa (B\u00c1NH X\u00c8O GI\u00d2N RAVA H\u00c0NH)\",\"isPartOf\":{\"@id\":\"https:\\\/\\\/tandoorvietnam.com\\\/vi\\\/#website\"},\"datePublished\":\"2021-04-14T07:16:39+00:00\",\"dateModified\":\"2023-05-17T09:22:00+00:00\",\"description\":\"B\u00e1nh x\u00e8o gi\u00f2n Rava h\u00e0nh - m\u00f3n \u0103n \u0111\u1eb7c s\u1ea3n \u1ea4n \u0110\u1ed9. V\u1edbi v\u1ecf b\u00e1nh gi\u00f2n r\u1ee5m,h\u01b0\u01a1ng v\u1ecb th\u01a1m ngon c\u1ee7a h\u00e0nh, b\u1ea1n s\u1ebd tr\u1ea3i nghi\u1ec7m h\u01b0\u01a1ng v\u1ecb tuy\u1ec7t v\u1eddi t\u1ea1i Tandoor Vietnam.\",\"breadcrumb\":{\"@id\":\"https:\\\/\\\/tandoorvietnam.com\\\/vi\\\/sanpham\\\/cac-mon-banh-dosa\\\/banh-xeo-gion-rava-hanh\\\/#breadcrumb\"},\"inLanguage\":\"vi-VN\",\"potentialAction\":[{\"@type\":\"ReadAction\",\"target\":[\"https:\\\/\\\/tandoorvietnam.com\\\/vi\\\/sanpham\\\/cac-mon-banh-dosa\\\/banh-xeo-gion-rava-hanh\\\/\"]}]},{\"@type\":\"BreadcrumbList\",\"@id\":\"https:\\\/\\\/tandoorvietnam.com\\\/vi\\\/sanpham\\\/cac-mon-banh-dosa\\\/banh-xeo-gion-rava-hanh\\\/#breadcrumb\",\"itemListElement\":[{\"@type\":\"ListItem\",\"position\":1,\"name\":\"Trang Ch\u1ee7\",\"item\":\"https:\\\/\\\/tandoorvietnam.com\\\/vi\\\/\"},{\"@type\":\"ListItem\",\"position\":2,\"name\":\"Shop\",\"item\":\"https:\\\/\\\/tandoorvietnam.com\\\/shop\\\/\"},{\"@type\":\"ListItem\",\"position\":3,\"name\":\"Onion Rava Dosa (B\u00c1NH X\u00c8O GI\u00d2N RAVA H\u00c0NH)\"}]},{\"@type\":\"WebSite\",\"@id\":\"https:\\\/\\\/tandoorvietnam.com\\\/vi\\\/#website\",\"url\":\"https:\\\/\\\/tandoorvietnam.com\\\/vi\\\/\",\"name\":\"Tandoor Vietnam\",\"description\":\"Nh\u00e0 h\u00e0ng ngon h\u1ed3 ch\u00ed minh\",\"publisher\":{\"@id\":\"https:\\\/\\\/tandoorvietnam.com\\\/vi\\\/#organization\"},\"potentialAction\":[{\"@type\":\"SearchAction\",\"target\":{\"@type\":\"EntryPoint\",\"urlTemplate\":\"https:\\\/\\\/tandoorvietnam.com\\\/vi\\\/?s={search_term_string}\"},\"query-input\":{\"@type\":\"PropertyValueSpecification\",\"valueRequired\":true,\"valueName\":\"search_term_string\"}}],\"inLanguage\":\"vi-VN\"},{\"@type\":\"Organization\",\"@id\":\"https:\\\/\\\/tandoorvietnam.com\\\/vi\\\/#organization\",\"name\":\"Tandoor Vietnam\",\"url\":\"https:\\\/\\\/tandoorvietnam.com\\\/vi\\\/\",\"logo\":{\"@type\":\"ImageObject\",\"inLanguage\":\"vi-VN\",\"@id\":\"https:\\\/\\\/tandoorvietnam.com\\\/vi\\\/#\\\/schema\\\/logo\\\/image\\\/\",\"url\":\"https:\\\/\\\/tandoorvietnam.com\\\/wp-content\\\/uploads\\\/2020\\\/07\\\/logo.png\",\"contentUrl\":\"https:\\\/\\\/tandoorvietnam.com\\\/wp-content\\\/uploads\\\/2020\\\/07\\\/logo.png\",\"width\":133,\"height\":75,\"caption\":\"Tandoor Vietnam\"},\"image\":{\"@id\":\"https:\\\/\\\/tandoorvietnam.com\\\/vi\\\/#\\\/schema\\\/logo\\\/image\\\/\"},\"sameAs\":[\"https:\\\/\\\/www.facebook.com\\\/tandoor.hcmc\\\/\"]}]}<\/script>\n<!-- \/ Yoast SEO Premium plugin. -->","yoast_head_json":{"title":"Onion Rava Dosa (B\u00c1NH X\u00c8O GI\u00d2N RAVA H\u00c0NH)","description":"B\u00e1nh x\u00e8o gi\u00f2n Rava h\u00e0nh - m\u00f3n \u0103n \u0111\u1eb7c s\u1ea3n \u1ea4n \u0110\u1ed9. V\u1edbi v\u1ecf b\u00e1nh gi\u00f2n r\u1ee5m,h\u01b0\u01a1ng v\u1ecb th\u01a1m ngon c\u1ee7a h\u00e0nh, b\u1ea1n s\u1ebd tr\u1ea3i nghi\u1ec7m h\u01b0\u01a1ng v\u1ecb tuy\u1ec7t v\u1eddi t\u1ea1i Tandoor Vietnam.","robots":{"index":"index","follow":"follow","max-snippet":"max-snippet:-1","max-image-preview":"max-image-preview:large","max-video-preview":"max-video-preview:-1"},"canonical":"https:\/\/tandoorvietnam.com\/vi\/sanpham\/cac-mon-banh-dosa\/banh-xeo-gion-rava-hanh\/","og_locale":"vi_VN","og_type":"article","og_title":"Onion Rava Dosa (B\u00c1NH X\u00c8O GI\u00d2N RAVA H\u00c0NH)","og_description":"B\u00e1nh x\u00e8o gi\u00f2n Rava h\u00e0nh - m\u00f3n \u0103n \u0111\u1eb7c s\u1ea3n \u1ea4n \u0110\u1ed9. V\u1edbi v\u1ecf b\u00e1nh gi\u00f2n r\u1ee5m,h\u01b0\u01a1ng v\u1ecb th\u01a1m ngon c\u1ee7a h\u00e0nh, b\u1ea1n s\u1ebd tr\u1ea3i nghi\u1ec7m h\u01b0\u01a1ng v\u1ecb tuy\u1ec7t v\u1eddi t\u1ea1i Tandoor Vietnam.","og_url":"https:\/\/tandoorvietnam.com\/vi\/sanpham\/cac-mon-banh-dosa\/banh-xeo-gion-rava-hanh\/","og_site_name":"Tandoor Vi\u1ec7t Nam","article_publisher":"https:\/\/www.facebook.com\/tandoor.hcmc\/","article_modified_time":"2023-05-17T09:22:00+00:00","og_image":[{"width":1200,"height":630,"url":"https:\/\/tandoorvietnam.com\/wp-content\/uploads\/2020\/07\/opengraph.jpg","type":"image\/jpeg"}],"twitter_card":"summary_large_image","twitter_misc":{"Est. reading time":"2 minutes"},"schema":{"@context":"https:\/\/schema.org","@graph":[{"@type":"WebPage","@id":"https:\/\/tandoorvietnam.com\/vi\/sanpham\/cac-mon-banh-dosa\/banh-xeo-gion-rava-hanh\/","url":"https:\/\/tandoorvietnam.com\/vi\/sanpham\/cac-mon-banh-dosa\/banh-xeo-gion-rava-hanh\/","name":"Onion Rava Dosa (B\u00c1NH X\u00c8O GI\u00d2N RAVA H\u00c0NH)","isPartOf":{"@id":"https:\/\/tandoorvietnam.com\/vi\/#website"},"datePublished":"2021-04-14T07:16:39+00:00","dateModified":"2023-05-17T09:22:00+00:00","description":"B\u00e1nh x\u00e8o gi\u00f2n Rava h\u00e0nh - m\u00f3n \u0103n \u0111\u1eb7c s\u1ea3n \u1ea4n \u0110\u1ed9. V\u1edbi v\u1ecf b\u00e1nh gi\u00f2n r\u1ee5m,h\u01b0\u01a1ng v\u1ecb th\u01a1m ngon c\u1ee7a h\u00e0nh, b\u1ea1n s\u1ebd tr\u1ea3i nghi\u1ec7m h\u01b0\u01a1ng v\u1ecb tuy\u1ec7t v\u1eddi t\u1ea1i Tandoor Vietnam.","breadcrumb":{"@id":"https:\/\/tandoorvietnam.com\/vi\/sanpham\/cac-mon-banh-dosa\/banh-xeo-gion-rava-hanh\/#breadcrumb"},"inLanguage":"vi-VN","potentialAction":[{"@type":"ReadAction","target":["https:\/\/tandoorvietnam.com\/vi\/sanpham\/cac-mon-banh-dosa\/banh-xeo-gion-rava-hanh\/"]}]},{"@type":"BreadcrumbList","@id":"https:\/\/tandoorvietnam.com\/vi\/sanpham\/cac-mon-banh-dosa\/banh-xeo-gion-rava-hanh\/#breadcrumb","itemListElement":[{"@type":"ListItem","position":1,"name":"Trang Ch\u1ee7","item":"https:\/\/tandoorvietnam.com\/vi\/"},{"@type":"ListItem","position":2,"name":"Shop","item":"https:\/\/tandoorvietnam.com\/shop\/"},{"@type":"ListItem","position":3,"name":"Onion Rava Dosa (B\u00c1NH X\u00c8O GI\u00d2N RAVA H\u00c0NH)"}]},{"@type":"WebSite","@id":"https:\/\/tandoorvietnam.com\/vi\/#website","url":"https:\/\/tandoorvietnam.com\/vi\/","name":"Tandoor Vietnam","description":"Nh\u00e0 h\u00e0ng ngon h\u1ed3 ch\u00ed minh","publisher":{"@id":"https:\/\/tandoorvietnam.com\/vi\/#organization"},"potentialAction":[{"@type":"SearchAction","target":{"@type":"EntryPoint","urlTemplate":"https:\/\/tandoorvietnam.com\/vi\/?s={search_term_string}"},"query-input":{"@type":"PropertyValueSpecification","valueRequired":true,"valueName":"search_term_string"}}],"inLanguage":"vi-VN"},{"@type":"Organization","@id":"https:\/\/tandoorvietnam.com\/vi\/#organization","name":"Tandoor Vietnam","url":"https:\/\/tandoorvietnam.com\/vi\/","logo":{"@type":"ImageObject","inLanguage":"vi-VN","@id":"https:\/\/tandoorvietnam.com\/vi\/#\/schema\/logo\/image\/","url":"https:\/\/tandoorvietnam.com\/wp-content\/uploads\/2020\/07\/logo.png","contentUrl":"https:\/\/tandoorvietnam.com\/wp-content\/uploads\/2020\/07\/logo.png","width":133,"height":75,"caption":"Tandoor Vietnam"},"image":{"@id":"https:\/\/tandoorvietnam.com\/vi\/#\/schema\/logo\/image\/"},"sameAs":["https:\/\/www.facebook.com\/tandoor.hcmc\/"]}]}},"_links":{"self":[{"href":"https:\/\/tandoorvietnam.com\/vi\/wp-json\/wp\/v2\/product\/3210","targetHints":{"allow":["GET"]}}],"collection":[{"href":"https:\/\/tandoorvietnam.com\/vi\/wp-json\/wp\/v2\/product"}],"about":[{"href":"https:\/\/tandoorvietnam.com\/vi\/wp-json\/wp\/v2\/types\/product"}],"wp:attachment":[{"href":"https:\/\/tandoorvietnam.com\/vi\/wp-json\/wp\/v2\/media?parent=3210"}],"wp:term":[{"taxonomy":"product_brand","embeddable":true,"href":"https:\/\/tandoorvietnam.com\/vi\/wp-json\/wp\/v2\/product_brand?post=3210"},{"taxonomy":"product_cat","embeddable":true,"href":"https:\/\/tandoorvietnam.com\/vi\/wp-json\/wp\/v2\/product_cat?post=3210"},{"taxonomy":"product_tag","embeddable":true,"href":"https:\/\/tandoorvietnam.com\/vi\/wp-json\/wp\/v2\/product_tag?post=3210"}],"curies":[{"name":"wp","href":"https:\/\/api.w.org\/{rel}","templated":true}]}}