{"id":3211,"date":"2020-06-16T13:32:39","date_gmt":"2021-04-14T07:18:00","guid":{"rendered":"http:\/\/tandoorvietnam.com\/product\/uncategorized\/banh-nuong-uthapam-voi-hanh-ca-chua-pho-mai\/"},"modified":"2023-05-15T10:44:34","modified_gmt":"2023-05-15T10:44:34","slug":"banh-nuong-uthapam-voi-hanh-ca-chua-pho-mai","status":"publish","type":"product","link":"https:\/\/tandoorvietnam.com\/vi\/sanpham\/cac-mon-banh-dosa\/banh-nuong-uthapam-voi-hanh-ca-chua-pho-mai\/","title":{"rendered":"Onion Tomato Cheese Uthapam (B\u00c1NH N\u01af\u1edaNG UTHAPAM V\u1edaI H\u00c0NH, C\u00c0 CHUA, PH\u00d4 MAI)"},"content":{"rendered":"<p>B\u00e1nh n\u01b0\u1edbng Uthapam l\u00e0 m\u1ed9t m\u00f3n \u0103n \u0111\u1eb7c tr\u01b0ng t\u1eeb \u1ea4n \u0110\u1ed9, \u0111\u01b0\u1ee3c pha ch\u1ebf t\u1eeb b\u1ed9t g\u1ea1o v\u00e0 b\u1ed9t l\u00faa m\u00ec, t\u1ea1o n\u00ean m\u1ed9t v\u1ecb ng\u1ecdt t\u1ef1 nhi\u00ean v\u00e0 \u0111\u1ed9 gi\u00f2n \u0111\u1eb7c tr\u01b0ng. T\u1ea1i Tandoor Vietnam, ch\u00fang t\u00f4i mang \u0111\u1ebfn cho b\u1ea1n B\u00e1nh n\u01b0\u1edbng Uthapam h\u1ea5p d\u1eabn v\u1edbi h\u00e0nh t\u00e2y t\u01b0\u01a1i ngon, c\u00e0 chua t\u01b0\u01a1i m\u1ecdng v\u00e0 ph\u00f4 mai m\u1ec1m m\u1ea1i.<\/p>\n<p>B\u00e1nh n\u01b0\u1edbng Uthapam c\u00f3 h\u00ecnh d\u1ea1ng t\u01b0\u01a1ng t\u1ef1 nh\u01b0 m\u1ed9t chi\u1ebfc b\u00e1nh m\u1ef3 n\u01b0\u1edbng m\u1ecfng. V\u1edbi l\u1edbp v\u1ecf gi\u00f2n tan b\u00ean ngo\u00e0i v\u00e0 nh\u00e2n th\u01a1m ngon b\u00ean trong, m\u00f3n \u0103n n\u00e0y t\u1ea1o n\u00ean s\u1ef1 k\u1ebft h\u1ee3p tuy\u1ec7t v\u1eddi c\u1ee7a h\u01b0\u01a1ng v\u1ecb. H\u00e0nh t\u00e2y cung c\u1ea5p m\u1ed9t h\u01b0\u01a1ng th\u01a1m \u0111\u1eb7c tr\u01b0ng v\u00e0 m\u1ed9t ch\u00fat \u0111\u1ed9 gi\u00f2n, c\u00e0 chua t\u01b0\u01a1i th\u00eam \u0111\u1ed9 m\u1ecdng v\u00e0 t\u01b0\u01a1i m\u00e1t, c\u00f2n ph\u00f4 mai t\u1ea1o ra l\u1edbp kem m\u1ec1m m\u1ecbn v\u00e0 h\u01b0\u01a1ng v\u1ecb b\u00e9o ng\u1eady.<\/p>\n<p>Onion Tomato Cheese Uthapam c\u00f3 th\u1ec3 \u0111\u01b0\u1ee3c th\u01b0\u1edfng th\u1ee9c nh\u01b0 m\u1ed9t m\u00f3n \u0103n s\u00e1ng ho\u1eb7c m\u1ed9t m\u00f3n \u0103n nh\u1eb9 trong su\u1ed1t c\u1ea3 ng\u00e0y. N\u00f3 th\u01b0\u1eddng \u0111\u01b0\u1ee3c \u0103n k\u00e8m v\u1edbi chutney \u0111\u1eadu ph\u1ee5ng ho\u1eb7c n\u01b0\u1edbc ch\u1ea5m \u1ea5m c\u00fang.<\/p>\n<p>B\u1ea1n c\u00f3 th\u1ec3 t\u1eadn h\u01b0\u1edfng m\u00f3n \u0103n n\u00e0y t\u1ea1i <a href=\"https:\/\/tandoorvietnam.com\/\">Tandoor Vietnam<\/a>, n\u01a1i ch\u00fang t\u00f4i cam k\u1ebft s\u1eed d\u1ee5ng nguy\u00ean li\u1ec7u t\u01b0\u01a1i ngon v\u00e0 ch\u1ebf bi\u1ebfn v\u1edbi s\u1ef1 t\u1ec9 m\u1ec9 \u0111\u1ec3 mang \u0111\u1ebfn cho b\u1ea1n nh\u1eefng tr\u1ea3i nghi\u1ec7m \u1ea9m th\u1ef1c \u1ea4n \u0110\u1ed9 \u0111\u1ed9c \u0111\u00e1o v\u00e0 tuy\u1ec7t v\u1eddi.<\/p>\n","protected":false},"excerpt":{"rendered":"<p>B\u00e1nh d\u00e0y v\u00e0 m\u1ec1m v\u1edbi h\u00e0nh t\u00e2y, c\u00e0 chua v\u00e0 ph\u00f4 mai<\/p>\n","protected":false},"featured_media":3212,"template":"","meta":[],"product_brand":[],"product_cat":[223],"product_tag":[],"class_list":{"0":"post-3211","1":"product","2":"type-product","3":"status-publish","4":"has-post-thumbnail","6":"product_cat-cac-mon-banh-dosa","8":"first","9":"instock","10":"taxable","11":"shipping-taxable","12":"purchasable","13":"product-type-simple"},"yoast_head":"<!-- This site is optimized with the Yoast SEO Premium plugin v22.3 (Yoast SEO v27.5) - https:\/\/yoast.com\/product\/yoast-seo-premium-wordpress\/ -->\n<title>B\u00c1NH N\u01af\u1edaNG UTHAPAM V\u1edaI H\u00c0NH, C\u00c0 CHUA, PH\u00d4 MAI<\/title>\n<meta name=\"description\" content=\"B\u00e1nh n\u01b0\u1edbng Uthapam v\u1edbi h\u00e0nh, c\u00e0 chua v\u00e0 ph\u00f4 mai. M\u00f3n \u0103n \u0111\u1eb7c tr\u01b0ng t\u1eeb \u1ea4n \u0110\u1ed9 t\u1ea1i Tandoor Vietnam, h\u00f2a quy\u1ec7n h\u01b0\u01a1ng v\u1ecb \u0111\u1ed9c \u0111\u00e1o v\u00e0 ngon l\u00e0nh.\" \/>\n<meta name=\"robots\" content=\"index, follow, max-snippet:-1, max-image-preview:large, max-video-preview:-1\" \/>\n<link rel=\"canonical\" href=\"https:\/\/tandoorvietnam.com\/vi\/sanpham\/cac-mon-banh-dosa\/banh-nuong-uthapam-voi-hanh-ca-chua-pho-mai\/\" \/>\n<meta property=\"og:locale\" content=\"vi_VN\" \/>\n<meta property=\"og:type\" content=\"article\" \/>\n<meta property=\"og:title\" content=\"Onion Tomato Cheese Uthapam (B\u00c1NH N\u01af\u1edaNG UTHAPAM V\u1edaI H\u00c0NH, C\u00c0 CHUA, PH\u00d4 MAI)\" \/>\n<meta property=\"og:description\" content=\"B\u00e1nh n\u01b0\u1edbng Uthapam v\u1edbi h\u00e0nh, c\u00e0 chua v\u00e0 ph\u00f4 mai. M\u00f3n \u0103n \u0111\u1eb7c tr\u01b0ng t\u1eeb \u1ea4n \u0110\u1ed9 t\u1ea1i Tandoor Vietnam, h\u00f2a quy\u1ec7n h\u01b0\u01a1ng v\u1ecb \u0111\u1ed9c \u0111\u00e1o v\u00e0 ngon l\u00e0nh.\" \/>\n<meta property=\"og:url\" content=\"https:\/\/tandoorvietnam.com\/vi\/sanpham\/cac-mon-banh-dosa\/banh-nuong-uthapam-voi-hanh-ca-chua-pho-mai\/\" \/>\n<meta property=\"og:site_name\" content=\"Tandoor Vi\u1ec7t Nam\" \/>\n<meta property=\"article:publisher\" content=\"https:\/\/www.facebook.com\/tandoor.hcmc\/\" \/>\n<meta property=\"article:modified_time\" content=\"2023-05-15T10:44:34+00:00\" \/>\n<meta property=\"og:image\" content=\"https:\/\/tandoorvietnam.com\/wp-content\/uploads\/2020\/06\/Onion-Tomato-cheese-Uthapam.jpg\" \/>\n\t<meta property=\"og:image:width\" content=\"800\" \/>\n\t<meta property=\"og:image:height\" content=\"800\" \/>\n\t<meta property=\"og:image:type\" content=\"image\/jpeg\" \/>\n<meta name=\"twitter:card\" content=\"summary_large_image\" \/>\n<meta name=\"twitter:label1\" content=\"Est. reading time\" \/>\n\t<meta name=\"twitter:data1\" content=\"1 minute\" \/>\n<script type=\"application\/ld+json\" class=\"yoast-schema-graph\">{\"@context\":\"https:\\\/\\\/schema.org\",\"@graph\":[{\"@type\":\"WebPage\",\"@id\":\"https:\\\/\\\/tandoorvietnam.com\\\/vi\\\/sanpham\\\/cac-mon-banh-dosa\\\/banh-nuong-uthapam-voi-hanh-ca-chua-pho-mai\\\/\",\"url\":\"https:\\\/\\\/tandoorvietnam.com\\\/vi\\\/sanpham\\\/cac-mon-banh-dosa\\\/banh-nuong-uthapam-voi-hanh-ca-chua-pho-mai\\\/\",\"name\":\"B\u00c1NH N\u01af\u1edaNG UTHAPAM V\u1edaI H\u00c0NH, C\u00c0 CHUA, PH\u00d4 MAI\",\"isPartOf\":{\"@id\":\"https:\\\/\\\/tandoorvietnam.com\\\/vi\\\/#website\"},\"primaryImageOfPage\":{\"@id\":\"https:\\\/\\\/tandoorvietnam.com\\\/vi\\\/sanpham\\\/cac-mon-banh-dosa\\\/banh-nuong-uthapam-voi-hanh-ca-chua-pho-mai\\\/#primaryimage\"},\"image\":{\"@id\":\"https:\\\/\\\/tandoorvietnam.com\\\/vi\\\/sanpham\\\/cac-mon-banh-dosa\\\/banh-nuong-uthapam-voi-hanh-ca-chua-pho-mai\\\/#primaryimage\"},\"thumbnailUrl\":\"https:\\\/\\\/tandoorvietnam.com\\\/wp-content\\\/uploads\\\/2020\\\/06\\\/Onion-Tomato-cheese-Uthapam.jpg\",\"datePublished\":\"2021-04-14T07:18:00+00:00\",\"dateModified\":\"2023-05-15T10:44:34+00:00\",\"description\":\"B\u00e1nh n\u01b0\u1edbng Uthapam v\u1edbi h\u00e0nh, c\u00e0 chua v\u00e0 ph\u00f4 mai. M\u00f3n \u0103n \u0111\u1eb7c tr\u01b0ng t\u1eeb \u1ea4n \u0110\u1ed9 t\u1ea1i Tandoor Vietnam, h\u00f2a quy\u1ec7n h\u01b0\u01a1ng v\u1ecb \u0111\u1ed9c \u0111\u00e1o v\u00e0 ngon l\u00e0nh.\",\"breadcrumb\":{\"@id\":\"https:\\\/\\\/tandoorvietnam.com\\\/vi\\\/sanpham\\\/cac-mon-banh-dosa\\\/banh-nuong-uthapam-voi-hanh-ca-chua-pho-mai\\\/#breadcrumb\"},\"inLanguage\":\"vi-VN\",\"potentialAction\":[{\"@type\":\"ReadAction\",\"target\":[\"https:\\\/\\\/tandoorvietnam.com\\\/vi\\\/sanpham\\\/cac-mon-banh-dosa\\\/banh-nuong-uthapam-voi-hanh-ca-chua-pho-mai\\\/\"]}]},{\"@type\":\"ImageObject\",\"inLanguage\":\"vi-VN\",\"@id\":\"https:\\\/\\\/tandoorvietnam.com\\\/vi\\\/sanpham\\\/cac-mon-banh-dosa\\\/banh-nuong-uthapam-voi-hanh-ca-chua-pho-mai\\\/#primaryimage\",\"url\":\"https:\\\/\\\/tandoorvietnam.com\\\/wp-content\\\/uploads\\\/2020\\\/06\\\/Onion-Tomato-cheese-Uthapam.jpg\",\"contentUrl\":\"https:\\\/\\\/tandoorvietnam.com\\\/wp-content\\\/uploads\\\/2020\\\/06\\\/Onion-Tomato-cheese-Uthapam.jpg\",\"width\":800,\"height\":800,\"caption\":\"B\u00c1NH N\u01af\u1edaNG UTHAPAM V\u1edaI H\u00c0NH, C\u00c0 CHUA, PH\u00d4 MAI\"},{\"@type\":\"BreadcrumbList\",\"@id\":\"https:\\\/\\\/tandoorvietnam.com\\\/vi\\\/sanpham\\\/cac-mon-banh-dosa\\\/banh-nuong-uthapam-voi-hanh-ca-chua-pho-mai\\\/#breadcrumb\",\"itemListElement\":[{\"@type\":\"ListItem\",\"position\":1,\"name\":\"Trang Ch\u1ee7\",\"item\":\"https:\\\/\\\/tandoorvietnam.com\\\/vi\\\/\"},{\"@type\":\"ListItem\",\"position\":2,\"name\":\"Shop\",\"item\":\"https:\\\/\\\/tandoorvietnam.com\\\/shop\\\/\"},{\"@type\":\"ListItem\",\"position\":3,\"name\":\"Onion Tomato Cheese Uthapam (B\u00c1NH N\u01af\u1edaNG UTHAPAM V\u1edaI H\u00c0NH, C\u00c0 CHUA, PH\u00d4 MAI)\"}]},{\"@type\":\"WebSite\",\"@id\":\"https:\\\/\\\/tandoorvietnam.com\\\/vi\\\/#website\",\"url\":\"https:\\\/\\\/tandoorvietnam.com\\\/vi\\\/\",\"name\":\"Tandoor Vietnam\",\"description\":\"Nh\u00e0 h\u00e0ng ngon h\u1ed3 ch\u00ed minh\",\"publisher\":{\"@id\":\"https:\\\/\\\/tandoorvietnam.com\\\/vi\\\/#organization\"},\"potentialAction\":[{\"@type\":\"SearchAction\",\"target\":{\"@type\":\"EntryPoint\",\"urlTemplate\":\"https:\\\/\\\/tandoorvietnam.com\\\/vi\\\/?s={search_term_string}\"},\"query-input\":{\"@type\":\"PropertyValueSpecification\",\"valueRequired\":true,\"valueName\":\"search_term_string\"}}],\"inLanguage\":\"vi-VN\"},{\"@type\":\"Organization\",\"@id\":\"https:\\\/\\\/tandoorvietnam.com\\\/vi\\\/#organization\",\"name\":\"Tandoor Vietnam\",\"url\":\"https:\\\/\\\/tandoorvietnam.com\\\/vi\\\/\",\"logo\":{\"@type\":\"ImageObject\",\"inLanguage\":\"vi-VN\",\"@id\":\"https:\\\/\\\/tandoorvietnam.com\\\/vi\\\/#\\\/schema\\\/logo\\\/image\\\/\",\"url\":\"https:\\\/\\\/tandoorvietnam.com\\\/wp-content\\\/uploads\\\/2020\\\/07\\\/logo.png\",\"contentUrl\":\"https:\\\/\\\/tandoorvietnam.com\\\/wp-content\\\/uploads\\\/2020\\\/07\\\/logo.png\",\"width\":133,\"height\":75,\"caption\":\"Tandoor Vietnam\"},\"image\":{\"@id\":\"https:\\\/\\\/tandoorvietnam.com\\\/vi\\\/#\\\/schema\\\/logo\\\/image\\\/\"},\"sameAs\":[\"https:\\\/\\\/www.facebook.com\\\/tandoor.hcmc\\\/\"]}]}<\/script>\n<!-- \/ Yoast SEO Premium plugin. -->","yoast_head_json":{"title":"B\u00c1NH N\u01af\u1edaNG UTHAPAM V\u1edaI H\u00c0NH, C\u00c0 CHUA, PH\u00d4 MAI","description":"B\u00e1nh n\u01b0\u1edbng Uthapam v\u1edbi h\u00e0nh, c\u00e0 chua v\u00e0 ph\u00f4 mai. M\u00f3n \u0103n \u0111\u1eb7c tr\u01b0ng t\u1eeb \u1ea4n \u0110\u1ed9 t\u1ea1i Tandoor Vietnam, h\u00f2a quy\u1ec7n h\u01b0\u01a1ng v\u1ecb \u0111\u1ed9c \u0111\u00e1o v\u00e0 ngon l\u00e0nh.","robots":{"index":"index","follow":"follow","max-snippet":"max-snippet:-1","max-image-preview":"max-image-preview:large","max-video-preview":"max-video-preview:-1"},"canonical":"https:\/\/tandoorvietnam.com\/vi\/sanpham\/cac-mon-banh-dosa\/banh-nuong-uthapam-voi-hanh-ca-chua-pho-mai\/","og_locale":"vi_VN","og_type":"article","og_title":"Onion Tomato Cheese Uthapam (B\u00c1NH N\u01af\u1edaNG UTHAPAM V\u1edaI H\u00c0NH, C\u00c0 CHUA, PH\u00d4 MAI)","og_description":"B\u00e1nh n\u01b0\u1edbng Uthapam v\u1edbi h\u00e0nh, c\u00e0 chua v\u00e0 ph\u00f4 mai. M\u00f3n \u0103n \u0111\u1eb7c tr\u01b0ng t\u1eeb \u1ea4n \u0110\u1ed9 t\u1ea1i Tandoor Vietnam, h\u00f2a quy\u1ec7n h\u01b0\u01a1ng v\u1ecb \u0111\u1ed9c \u0111\u00e1o v\u00e0 ngon l\u00e0nh.","og_url":"https:\/\/tandoorvietnam.com\/vi\/sanpham\/cac-mon-banh-dosa\/banh-nuong-uthapam-voi-hanh-ca-chua-pho-mai\/","og_site_name":"Tandoor Vi\u1ec7t Nam","article_publisher":"https:\/\/www.facebook.com\/tandoor.hcmc\/","article_modified_time":"2023-05-15T10:44:34+00:00","og_image":[{"width":800,"height":800,"url":"https:\/\/tandoorvietnam.com\/wp-content\/uploads\/2020\/06\/Onion-Tomato-cheese-Uthapam.jpg","type":"image\/jpeg"}],"twitter_card":"summary_large_image","twitter_misc":{"Est. reading time":"1 minute"},"schema":{"@context":"https:\/\/schema.org","@graph":[{"@type":"WebPage","@id":"https:\/\/tandoorvietnam.com\/vi\/sanpham\/cac-mon-banh-dosa\/banh-nuong-uthapam-voi-hanh-ca-chua-pho-mai\/","url":"https:\/\/tandoorvietnam.com\/vi\/sanpham\/cac-mon-banh-dosa\/banh-nuong-uthapam-voi-hanh-ca-chua-pho-mai\/","name":"B\u00c1NH N\u01af\u1edaNG UTHAPAM V\u1edaI H\u00c0NH, C\u00c0 CHUA, PH\u00d4 MAI","isPartOf":{"@id":"https:\/\/tandoorvietnam.com\/vi\/#website"},"primaryImageOfPage":{"@id":"https:\/\/tandoorvietnam.com\/vi\/sanpham\/cac-mon-banh-dosa\/banh-nuong-uthapam-voi-hanh-ca-chua-pho-mai\/#primaryimage"},"image":{"@id":"https:\/\/tandoorvietnam.com\/vi\/sanpham\/cac-mon-banh-dosa\/banh-nuong-uthapam-voi-hanh-ca-chua-pho-mai\/#primaryimage"},"thumbnailUrl":"https:\/\/tandoorvietnam.com\/wp-content\/uploads\/2020\/06\/Onion-Tomato-cheese-Uthapam.jpg","datePublished":"2021-04-14T07:18:00+00:00","dateModified":"2023-05-15T10:44:34+00:00","description":"B\u00e1nh n\u01b0\u1edbng Uthapam v\u1edbi h\u00e0nh, c\u00e0 chua v\u00e0 ph\u00f4 mai. M\u00f3n \u0103n \u0111\u1eb7c tr\u01b0ng t\u1eeb \u1ea4n \u0110\u1ed9 t\u1ea1i Tandoor Vietnam, h\u00f2a quy\u1ec7n h\u01b0\u01a1ng v\u1ecb \u0111\u1ed9c \u0111\u00e1o v\u00e0 ngon l\u00e0nh.","breadcrumb":{"@id":"https:\/\/tandoorvietnam.com\/vi\/sanpham\/cac-mon-banh-dosa\/banh-nuong-uthapam-voi-hanh-ca-chua-pho-mai\/#breadcrumb"},"inLanguage":"vi-VN","potentialAction":[{"@type":"ReadAction","target":["https:\/\/tandoorvietnam.com\/vi\/sanpham\/cac-mon-banh-dosa\/banh-nuong-uthapam-voi-hanh-ca-chua-pho-mai\/"]}]},{"@type":"ImageObject","inLanguage":"vi-VN","@id":"https:\/\/tandoorvietnam.com\/vi\/sanpham\/cac-mon-banh-dosa\/banh-nuong-uthapam-voi-hanh-ca-chua-pho-mai\/#primaryimage","url":"https:\/\/tandoorvietnam.com\/wp-content\/uploads\/2020\/06\/Onion-Tomato-cheese-Uthapam.jpg","contentUrl":"https:\/\/tandoorvietnam.com\/wp-content\/uploads\/2020\/06\/Onion-Tomato-cheese-Uthapam.jpg","width":800,"height":800,"caption":"B\u00c1NH N\u01af\u1edaNG UTHAPAM V\u1edaI H\u00c0NH, C\u00c0 CHUA, PH\u00d4 MAI"},{"@type":"BreadcrumbList","@id":"https:\/\/tandoorvietnam.com\/vi\/sanpham\/cac-mon-banh-dosa\/banh-nuong-uthapam-voi-hanh-ca-chua-pho-mai\/#breadcrumb","itemListElement":[{"@type":"ListItem","position":1,"name":"Trang Ch\u1ee7","item":"https:\/\/tandoorvietnam.com\/vi\/"},{"@type":"ListItem","position":2,"name":"Shop","item":"https:\/\/tandoorvietnam.com\/shop\/"},{"@type":"ListItem","position":3,"name":"Onion Tomato Cheese Uthapam (B\u00c1NH N\u01af\u1edaNG UTHAPAM V\u1edaI H\u00c0NH, C\u00c0 CHUA, PH\u00d4 MAI)"}]},{"@type":"WebSite","@id":"https:\/\/tandoorvietnam.com\/vi\/#website","url":"https:\/\/tandoorvietnam.com\/vi\/","name":"Tandoor Vietnam","description":"Nh\u00e0 h\u00e0ng ngon h\u1ed3 ch\u00ed minh","publisher":{"@id":"https:\/\/tandoorvietnam.com\/vi\/#organization"},"potentialAction":[{"@type":"SearchAction","target":{"@type":"EntryPoint","urlTemplate":"https:\/\/tandoorvietnam.com\/vi\/?s={search_term_string}"},"query-input":{"@type":"PropertyValueSpecification","valueRequired":true,"valueName":"search_term_string"}}],"inLanguage":"vi-VN"},{"@type":"Organization","@id":"https:\/\/tandoorvietnam.com\/vi\/#organization","name":"Tandoor Vietnam","url":"https:\/\/tandoorvietnam.com\/vi\/","logo":{"@type":"ImageObject","inLanguage":"vi-VN","@id":"https:\/\/tandoorvietnam.com\/vi\/#\/schema\/logo\/image\/","url":"https:\/\/tandoorvietnam.com\/wp-content\/uploads\/2020\/07\/logo.png","contentUrl":"https:\/\/tandoorvietnam.com\/wp-content\/uploads\/2020\/07\/logo.png","width":133,"height":75,"caption":"Tandoor Vietnam"},"image":{"@id":"https:\/\/tandoorvietnam.com\/vi\/#\/schema\/logo\/image\/"},"sameAs":["https:\/\/www.facebook.com\/tandoor.hcmc\/"]}]}},"_links":{"self":[{"href":"https:\/\/tandoorvietnam.com\/vi\/wp-json\/wp\/v2\/product\/3211","targetHints":{"allow":["GET"]}}],"collection":[{"href":"https:\/\/tandoorvietnam.com\/vi\/wp-json\/wp\/v2\/product"}],"about":[{"href":"https:\/\/tandoorvietnam.com\/vi\/wp-json\/wp\/v2\/types\/product"}],"wp:featuredmedia":[{"embeddable":true,"href":"https:\/\/tandoorvietnam.com\/vi\/wp-json\/wp\/v2\/media\/3212"}],"wp:attachment":[{"href":"https:\/\/tandoorvietnam.com\/vi\/wp-json\/wp\/v2\/media?parent=3211"}],"wp:term":[{"taxonomy":"product_brand","embeddable":true,"href":"https:\/\/tandoorvietnam.com\/vi\/wp-json\/wp\/v2\/product_brand?post=3211"},{"taxonomy":"product_cat","embeddable":true,"href":"https:\/\/tandoorvietnam.com\/vi\/wp-json\/wp\/v2\/product_cat?post=3211"},{"taxonomy":"product_tag","embeddable":true,"href":"https:\/\/tandoorvietnam.com\/vi\/wp-json\/wp\/v2\/product_tag?post=3211"}],"curies":[{"name":"wp","href":"https:\/\/api.w.org\/{rel}","templated":true}]}}