{"id":3213,"date":"2020-06-16T13:31:36","date_gmt":"2021-04-14T07:18:41","guid":{"rendered":"http:\/\/tandoorvietnam.com\/product\/uncategorized\/banh-nuong-uthapam-hanh-ca-chua\/"},"modified":"2023-05-08T02:42:14","modified_gmt":"2023-05-08T02:42:14","slug":"banh-nuong-uthapam-hanh-ca-chua","status":"publish","type":"product","link":"https:\/\/tandoorvietnam.com\/vi\/sanpham\/cac-mon-banh-dosa\/banh-nuong-uthapam-hanh-ca-chua\/","title":{"rendered":"Onion Tomato Uthapam (B\u00c1NH N\u01af\u1edaNG UTHAPAM H\u00c0NH C\u00c0 CHUA)"},"content":{"rendered":"<p>B\u00e1nh n\u01b0\u1edbng uthapam l\u00e0 m\u1ed9t m\u00f3n \u0103n \u0111\u1eb7c tr\u01b0ng c\u1ee7a mi\u1ec1n Nam \u1ea4n \u0110\u1ed9. T\u1ea1i <a href=\"https:\/\/tandoorvietnam.com\/\">Tandoor Vietnam<\/a>, ch\u00fang t\u00f4i t\u1ef1 h\u00e0o gi\u1edbi thi\u1ec7u \u0111\u1ebfn qu\u00fd kh\u00e1ch h\u00e0ng m\u00f3n \u0103n n\u00e0y v\u1edbi h\u00e0nh t\u00e2y v\u00e0 c\u00e0 chua t\u01b0\u01a1i ngon, s\u1eb5n s\u00e0ng \u0111\u1ec3 \u0111em \u0111\u1ebfn cho b\u1ea1n m\u1ed9t tr\u1ea3i nghi\u1ec7m \u1ea9m th\u1ef1c tuy\u1ec7t v\u1eddi.<\/p>\n<p>B\u00e1nh uthapam c\u00f3 h\u00ecnh d\u00e1ng gi\u1ed1ng nh\u01b0 b\u00e1nh pancake, nh\u01b0ng b\u1ec1 m\u1eb7t c\u1ee7a n\u00f3 kh\u00f4ng tr\u01a1n m\u1ecbn m\u00e0 c\u00f3 nh\u1eefng v\u1ec7t ch\u00e2n chim r\u1ea5t \u0111\u1eb9p m\u1eaft. B\u00e1nh \u0111\u01b0\u1ee3c l\u00e0m t\u1eeb b\u1ed9t l\u00faa m\u00ec v\u00e0 urad dal, sau \u0111\u00f3 \u0111\u01b0\u1ee3c ph\u1ee7 m\u1ed9t l\u1edbp m\u1ecfng t\u1eeb h\u00e0nh t\u00e2y v\u00e0 c\u00e0 chua t\u01b0\u01a1i ngon. \u0110\u1eb7c bi\u1ec7t, uthapam \u0111\u01b0\u1ee3c ch\u1ebf bi\u1ebfn b\u1eb1ng c\u00e1ch n\u01b0\u1edbng tr\u00ean m\u1ed9t chi\u1ebfc ch\u1ea3o \u0111\u1eb7c bi\u1ec7t \u0111\u01b0\u1ee3c l\u00e0m b\u1eb1ng gang ho\u1eb7c \u0111\u00e1 bazan, t\u1ea1o n\u00ean m\u1ed9t l\u1edbp v\u1ecf gi\u00f2n tan \u1edf ph\u00eda d\u01b0\u1edbi v\u00e0 m\u1ec1m m\u1ecbn \u1edf ph\u00eda tr\u00ean.<\/p>\n<p>V\u1edbi h\u01b0\u01a1ng v\u1ecb \u0111\u1eadm \u0111\u00e0 v\u00e0 th\u01a1m ngon c\u1ee7a h\u00e0nh t\u00e2y, c\u00e0 chua, v\u00e0 gia v\u1ecb \u1ea4n \u0110\u1ed9, b\u00e1nh n\u01b0\u1edbng uthapam l\u00e0 m\u1ed9t m\u00f3n \u0103n tuy\u1ec7t v\u1eddi \u0111\u1ec3 b\u1eaft \u0111\u1ea7u b\u1eefa \u0103n ho\u1eb7c th\u01b0\u1edfng th\u1ee9c v\u00e0o b\u1ea5t c\u1ee9 th\u1eddi \u0111i\u1ec3m n\u00e0o trong ng\u00e0y. H\u00e3y c\u00f9ng th\u01b0\u1edfng th\u1ee9c b\u00e1nh n\u01b0\u1edbng Uthampam c\u00f9ng ng\u01b0\u1eddi th\u00e2n v\u00e0 b\u1ea1n b\u00e8 t\u1ea1i nh\u00e0 h\u00e0ng Tandoor Vi\u1ec7t Nam nh\u00e9.<\/p>\n","protected":false},"excerpt":{"rendered":"<p>B\u00e1nh d\u00e0y v\u00e0 m\u1ec1m v\u1edbi h\u00e0nh t\u00e2y v\u00e0 c\u00e0 chua<\/p>\n","protected":false},"featured_media":3214,"template":"","meta":[],"product_brand":[],"product_cat":[223],"product_tag":[],"class_list":{"0":"post-3213","1":"product","2":"type-product","3":"status-publish","4":"has-post-thumbnail","6":"product_cat-cac-mon-banh-dosa","8":"first","9":"instock","10":"taxable","11":"shipping-taxable","12":"purchasable","13":"product-type-simple"},"yoast_head":"<!-- This site is optimized with the Yoast SEO Premium plugin v22.3 (Yoast SEO v27.5) - https:\/\/yoast.com\/product\/yoast-seo-premium-wordpress\/ -->\n<title>B\u00c1NH N\u01af\u1edaNG UTHAPAM H\u00c0NH C\u00c0 CHUA<\/title>\n<meta name=\"description\" content=\"Th\u01b0\u1edfng th\u1ee9c b\u00e1nh n\u01b0\u1edbng Uthapam h\u00e0nh c\u00e0 chua t\u1ea1i Tandoor Vietnam, m\u00f3n \u0103n \u0111\u1eb7c tr\u01b0ng t\u1eeb \u1ea4n \u0110\u1ed9 v\u1edbi h\u01b0\u01a1ng v\u1ecb \u0111\u1eb7c bi\u1ec7t v\u00e0 th\u01a1m ngon.\" \/>\n<meta name=\"robots\" content=\"index, follow, max-snippet:-1, max-image-preview:large, max-video-preview:-1\" \/>\n<link rel=\"canonical\" href=\"https:\/\/tandoorvietnam.com\/vi\/sanpham\/cac-mon-banh-dosa\/banh-nuong-uthapam-hanh-ca-chua\/\" \/>\n<meta property=\"og:locale\" content=\"vi_VN\" \/>\n<meta property=\"og:type\" content=\"article\" \/>\n<meta property=\"og:title\" content=\"Onion Tomato Uthapam (B\u00c1NH N\u01af\u1edaNG UTHAPAM H\u00c0NH C\u00c0 CHUA)\" \/>\n<meta property=\"og:description\" content=\"Th\u01b0\u1edfng th\u1ee9c b\u00e1nh n\u01b0\u1edbng Uthapam h\u00e0nh c\u00e0 chua t\u1ea1i Tandoor Vietnam, m\u00f3n \u0103n \u0111\u1eb7c tr\u01b0ng t\u1eeb \u1ea4n \u0110\u1ed9 v\u1edbi h\u01b0\u01a1ng v\u1ecb \u0111\u1eb7c bi\u1ec7t v\u00e0 th\u01a1m ngon.\" \/>\n<meta property=\"og:url\" content=\"https:\/\/tandoorvietnam.com\/vi\/sanpham\/cac-mon-banh-dosa\/banh-nuong-uthapam-hanh-ca-chua\/\" \/>\n<meta property=\"og:site_name\" content=\"Tandoor Vi\u1ec7t Nam\" \/>\n<meta property=\"article:publisher\" content=\"https:\/\/www.facebook.com\/tandoor.hcmc\/\" \/>\n<meta property=\"article:modified_time\" content=\"2023-05-08T02:42:14+00:00\" \/>\n<meta property=\"og:image\" content=\"https:\/\/tandoorvietnam.com\/wp-content\/uploads\/2020\/06\/Onion-Tomato-Uthapam.jpg\" \/>\n\t<meta property=\"og:image:width\" content=\"800\" \/>\n\t<meta property=\"og:image:height\" content=\"800\" \/>\n\t<meta property=\"og:image:type\" content=\"image\/jpeg\" \/>\n<meta name=\"twitter:card\" content=\"summary_large_image\" \/>\n<meta name=\"twitter:label1\" content=\"Est. reading time\" \/>\n\t<meta name=\"twitter:data1\" content=\"1 minute\" \/>\n<script type=\"application\/ld+json\" class=\"yoast-schema-graph\">{\"@context\":\"https:\\\/\\\/schema.org\",\"@graph\":[{\"@type\":\"WebPage\",\"@id\":\"https:\\\/\\\/tandoorvietnam.com\\\/vi\\\/sanpham\\\/cac-mon-banh-dosa\\\/banh-nuong-uthapam-hanh-ca-chua\\\/\",\"url\":\"https:\\\/\\\/tandoorvietnam.com\\\/vi\\\/sanpham\\\/cac-mon-banh-dosa\\\/banh-nuong-uthapam-hanh-ca-chua\\\/\",\"name\":\"B\u00c1NH N\u01af\u1edaNG UTHAPAM H\u00c0NH C\u00c0 CHUA\",\"isPartOf\":{\"@id\":\"https:\\\/\\\/tandoorvietnam.com\\\/vi\\\/#website\"},\"primaryImageOfPage\":{\"@id\":\"https:\\\/\\\/tandoorvietnam.com\\\/vi\\\/sanpham\\\/cac-mon-banh-dosa\\\/banh-nuong-uthapam-hanh-ca-chua\\\/#primaryimage\"},\"image\":{\"@id\":\"https:\\\/\\\/tandoorvietnam.com\\\/vi\\\/sanpham\\\/cac-mon-banh-dosa\\\/banh-nuong-uthapam-hanh-ca-chua\\\/#primaryimage\"},\"thumbnailUrl\":\"https:\\\/\\\/tandoorvietnam.com\\\/wp-content\\\/uploads\\\/2020\\\/06\\\/Onion-Tomato-Uthapam.jpg\",\"datePublished\":\"2021-04-14T07:18:41+00:00\",\"dateModified\":\"2023-05-08T02:42:14+00:00\",\"description\":\"Th\u01b0\u1edfng th\u1ee9c b\u00e1nh n\u01b0\u1edbng Uthapam h\u00e0nh c\u00e0 chua t\u1ea1i Tandoor Vietnam, m\u00f3n \u0103n \u0111\u1eb7c tr\u01b0ng t\u1eeb \u1ea4n \u0110\u1ed9 v\u1edbi h\u01b0\u01a1ng v\u1ecb \u0111\u1eb7c bi\u1ec7t v\u00e0 th\u01a1m ngon.\",\"breadcrumb\":{\"@id\":\"https:\\\/\\\/tandoorvietnam.com\\\/vi\\\/sanpham\\\/cac-mon-banh-dosa\\\/banh-nuong-uthapam-hanh-ca-chua\\\/#breadcrumb\"},\"inLanguage\":\"vi-VN\",\"potentialAction\":[{\"@type\":\"ReadAction\",\"target\":[\"https:\\\/\\\/tandoorvietnam.com\\\/vi\\\/sanpham\\\/cac-mon-banh-dosa\\\/banh-nuong-uthapam-hanh-ca-chua\\\/\"]}]},{\"@type\":\"ImageObject\",\"inLanguage\":\"vi-VN\",\"@id\":\"https:\\\/\\\/tandoorvietnam.com\\\/vi\\\/sanpham\\\/cac-mon-banh-dosa\\\/banh-nuong-uthapam-hanh-ca-chua\\\/#primaryimage\",\"url\":\"https:\\\/\\\/tandoorvietnam.com\\\/wp-content\\\/uploads\\\/2020\\\/06\\\/Onion-Tomato-Uthapam.jpg\",\"contentUrl\":\"https:\\\/\\\/tandoorvietnam.com\\\/wp-content\\\/uploads\\\/2020\\\/06\\\/Onion-Tomato-Uthapam.jpg\",\"width\":800,\"height\":800,\"caption\":\"B\u00c1NH N\u01af\u1edaNG UTHAPAM H\u00c0NH C\u00c0 CHUA\"},{\"@type\":\"BreadcrumbList\",\"@id\":\"https:\\\/\\\/tandoorvietnam.com\\\/vi\\\/sanpham\\\/cac-mon-banh-dosa\\\/banh-nuong-uthapam-hanh-ca-chua\\\/#breadcrumb\",\"itemListElement\":[{\"@type\":\"ListItem\",\"position\":1,\"name\":\"Trang Ch\u1ee7\",\"item\":\"https:\\\/\\\/tandoorvietnam.com\\\/vi\\\/\"},{\"@type\":\"ListItem\",\"position\":2,\"name\":\"Shop\",\"item\":\"https:\\\/\\\/tandoorvietnam.com\\\/shop\\\/\"},{\"@type\":\"ListItem\",\"position\":3,\"name\":\"Onion Tomato Uthapam (B\u00c1NH N\u01af\u1edaNG UTHAPAM H\u00c0NH C\u00c0 CHUA)\"}]},{\"@type\":\"WebSite\",\"@id\":\"https:\\\/\\\/tandoorvietnam.com\\\/vi\\\/#website\",\"url\":\"https:\\\/\\\/tandoorvietnam.com\\\/vi\\\/\",\"name\":\"Tandoor Vietnam\",\"description\":\"Nh\u00e0 h\u00e0ng ngon h\u1ed3 ch\u00ed minh\",\"publisher\":{\"@id\":\"https:\\\/\\\/tandoorvietnam.com\\\/vi\\\/#organization\"},\"potentialAction\":[{\"@type\":\"SearchAction\",\"target\":{\"@type\":\"EntryPoint\",\"urlTemplate\":\"https:\\\/\\\/tandoorvietnam.com\\\/vi\\\/?s={search_term_string}\"},\"query-input\":{\"@type\":\"PropertyValueSpecification\",\"valueRequired\":true,\"valueName\":\"search_term_string\"}}],\"inLanguage\":\"vi-VN\"},{\"@type\":\"Organization\",\"@id\":\"https:\\\/\\\/tandoorvietnam.com\\\/vi\\\/#organization\",\"name\":\"Tandoor Vietnam\",\"url\":\"https:\\\/\\\/tandoorvietnam.com\\\/vi\\\/\",\"logo\":{\"@type\":\"ImageObject\",\"inLanguage\":\"vi-VN\",\"@id\":\"https:\\\/\\\/tandoorvietnam.com\\\/vi\\\/#\\\/schema\\\/logo\\\/image\\\/\",\"url\":\"https:\\\/\\\/tandoorvietnam.com\\\/wp-content\\\/uploads\\\/2020\\\/07\\\/logo.png\",\"contentUrl\":\"https:\\\/\\\/tandoorvietnam.com\\\/wp-content\\\/uploads\\\/2020\\\/07\\\/logo.png\",\"width\":133,\"height\":75,\"caption\":\"Tandoor Vietnam\"},\"image\":{\"@id\":\"https:\\\/\\\/tandoorvietnam.com\\\/vi\\\/#\\\/schema\\\/logo\\\/image\\\/\"},\"sameAs\":[\"https:\\\/\\\/www.facebook.com\\\/tandoor.hcmc\\\/\"]}]}<\/script>\n<!-- \/ Yoast SEO Premium plugin. -->","yoast_head_json":{"title":"B\u00c1NH N\u01af\u1edaNG UTHAPAM H\u00c0NH C\u00c0 CHUA","description":"Th\u01b0\u1edfng th\u1ee9c b\u00e1nh n\u01b0\u1edbng Uthapam h\u00e0nh c\u00e0 chua t\u1ea1i Tandoor Vietnam, m\u00f3n \u0103n \u0111\u1eb7c tr\u01b0ng t\u1eeb \u1ea4n \u0110\u1ed9 v\u1edbi h\u01b0\u01a1ng v\u1ecb \u0111\u1eb7c bi\u1ec7t v\u00e0 th\u01a1m ngon.","robots":{"index":"index","follow":"follow","max-snippet":"max-snippet:-1","max-image-preview":"max-image-preview:large","max-video-preview":"max-video-preview:-1"},"canonical":"https:\/\/tandoorvietnam.com\/vi\/sanpham\/cac-mon-banh-dosa\/banh-nuong-uthapam-hanh-ca-chua\/","og_locale":"vi_VN","og_type":"article","og_title":"Onion Tomato Uthapam (B\u00c1NH N\u01af\u1edaNG UTHAPAM H\u00c0NH C\u00c0 CHUA)","og_description":"Th\u01b0\u1edfng th\u1ee9c b\u00e1nh n\u01b0\u1edbng Uthapam h\u00e0nh c\u00e0 chua t\u1ea1i Tandoor Vietnam, m\u00f3n \u0103n \u0111\u1eb7c tr\u01b0ng t\u1eeb \u1ea4n \u0110\u1ed9 v\u1edbi h\u01b0\u01a1ng v\u1ecb \u0111\u1eb7c bi\u1ec7t v\u00e0 th\u01a1m ngon.","og_url":"https:\/\/tandoorvietnam.com\/vi\/sanpham\/cac-mon-banh-dosa\/banh-nuong-uthapam-hanh-ca-chua\/","og_site_name":"Tandoor Vi\u1ec7t Nam","article_publisher":"https:\/\/www.facebook.com\/tandoor.hcmc\/","article_modified_time":"2023-05-08T02:42:14+00:00","og_image":[{"width":800,"height":800,"url":"https:\/\/tandoorvietnam.com\/wp-content\/uploads\/2020\/06\/Onion-Tomato-Uthapam.jpg","type":"image\/jpeg"}],"twitter_card":"summary_large_image","twitter_misc":{"Est. reading time":"1 minute"},"schema":{"@context":"https:\/\/schema.org","@graph":[{"@type":"WebPage","@id":"https:\/\/tandoorvietnam.com\/vi\/sanpham\/cac-mon-banh-dosa\/banh-nuong-uthapam-hanh-ca-chua\/","url":"https:\/\/tandoorvietnam.com\/vi\/sanpham\/cac-mon-banh-dosa\/banh-nuong-uthapam-hanh-ca-chua\/","name":"B\u00c1NH N\u01af\u1edaNG UTHAPAM H\u00c0NH C\u00c0 CHUA","isPartOf":{"@id":"https:\/\/tandoorvietnam.com\/vi\/#website"},"primaryImageOfPage":{"@id":"https:\/\/tandoorvietnam.com\/vi\/sanpham\/cac-mon-banh-dosa\/banh-nuong-uthapam-hanh-ca-chua\/#primaryimage"},"image":{"@id":"https:\/\/tandoorvietnam.com\/vi\/sanpham\/cac-mon-banh-dosa\/banh-nuong-uthapam-hanh-ca-chua\/#primaryimage"},"thumbnailUrl":"https:\/\/tandoorvietnam.com\/wp-content\/uploads\/2020\/06\/Onion-Tomato-Uthapam.jpg","datePublished":"2021-04-14T07:18:41+00:00","dateModified":"2023-05-08T02:42:14+00:00","description":"Th\u01b0\u1edfng th\u1ee9c b\u00e1nh n\u01b0\u1edbng Uthapam h\u00e0nh c\u00e0 chua t\u1ea1i Tandoor Vietnam, m\u00f3n \u0103n \u0111\u1eb7c tr\u01b0ng t\u1eeb \u1ea4n \u0110\u1ed9 v\u1edbi h\u01b0\u01a1ng v\u1ecb \u0111\u1eb7c bi\u1ec7t v\u00e0 th\u01a1m ngon.","breadcrumb":{"@id":"https:\/\/tandoorvietnam.com\/vi\/sanpham\/cac-mon-banh-dosa\/banh-nuong-uthapam-hanh-ca-chua\/#breadcrumb"},"inLanguage":"vi-VN","potentialAction":[{"@type":"ReadAction","target":["https:\/\/tandoorvietnam.com\/vi\/sanpham\/cac-mon-banh-dosa\/banh-nuong-uthapam-hanh-ca-chua\/"]}]},{"@type":"ImageObject","inLanguage":"vi-VN","@id":"https:\/\/tandoorvietnam.com\/vi\/sanpham\/cac-mon-banh-dosa\/banh-nuong-uthapam-hanh-ca-chua\/#primaryimage","url":"https:\/\/tandoorvietnam.com\/wp-content\/uploads\/2020\/06\/Onion-Tomato-Uthapam.jpg","contentUrl":"https:\/\/tandoorvietnam.com\/wp-content\/uploads\/2020\/06\/Onion-Tomato-Uthapam.jpg","width":800,"height":800,"caption":"B\u00c1NH N\u01af\u1edaNG UTHAPAM H\u00c0NH C\u00c0 CHUA"},{"@type":"BreadcrumbList","@id":"https:\/\/tandoorvietnam.com\/vi\/sanpham\/cac-mon-banh-dosa\/banh-nuong-uthapam-hanh-ca-chua\/#breadcrumb","itemListElement":[{"@type":"ListItem","position":1,"name":"Trang Ch\u1ee7","item":"https:\/\/tandoorvietnam.com\/vi\/"},{"@type":"ListItem","position":2,"name":"Shop","item":"https:\/\/tandoorvietnam.com\/shop\/"},{"@type":"ListItem","position":3,"name":"Onion Tomato Uthapam (B\u00c1NH N\u01af\u1edaNG UTHAPAM H\u00c0NH C\u00c0 CHUA)"}]},{"@type":"WebSite","@id":"https:\/\/tandoorvietnam.com\/vi\/#website","url":"https:\/\/tandoorvietnam.com\/vi\/","name":"Tandoor Vietnam","description":"Nh\u00e0 h\u00e0ng ngon h\u1ed3 ch\u00ed minh","publisher":{"@id":"https:\/\/tandoorvietnam.com\/vi\/#organization"},"potentialAction":[{"@type":"SearchAction","target":{"@type":"EntryPoint","urlTemplate":"https:\/\/tandoorvietnam.com\/vi\/?s={search_term_string}"},"query-input":{"@type":"PropertyValueSpecification","valueRequired":true,"valueName":"search_term_string"}}],"inLanguage":"vi-VN"},{"@type":"Organization","@id":"https:\/\/tandoorvietnam.com\/vi\/#organization","name":"Tandoor Vietnam","url":"https:\/\/tandoorvietnam.com\/vi\/","logo":{"@type":"ImageObject","inLanguage":"vi-VN","@id":"https:\/\/tandoorvietnam.com\/vi\/#\/schema\/logo\/image\/","url":"https:\/\/tandoorvietnam.com\/wp-content\/uploads\/2020\/07\/logo.png","contentUrl":"https:\/\/tandoorvietnam.com\/wp-content\/uploads\/2020\/07\/logo.png","width":133,"height":75,"caption":"Tandoor Vietnam"},"image":{"@id":"https:\/\/tandoorvietnam.com\/vi\/#\/schema\/logo\/image\/"},"sameAs":["https:\/\/www.facebook.com\/tandoor.hcmc\/"]}]}},"_links":{"self":[{"href":"https:\/\/tandoorvietnam.com\/vi\/wp-json\/wp\/v2\/product\/3213","targetHints":{"allow":["GET"]}}],"collection":[{"href":"https:\/\/tandoorvietnam.com\/vi\/wp-json\/wp\/v2\/product"}],"about":[{"href":"https:\/\/tandoorvietnam.com\/vi\/wp-json\/wp\/v2\/types\/product"}],"wp:featuredmedia":[{"embeddable":true,"href":"https:\/\/tandoorvietnam.com\/vi\/wp-json\/wp\/v2\/media\/3214"}],"wp:attachment":[{"href":"https:\/\/tandoorvietnam.com\/vi\/wp-json\/wp\/v2\/media?parent=3213"}],"wp:term":[{"taxonomy":"product_brand","embeddable":true,"href":"https:\/\/tandoorvietnam.com\/vi\/wp-json\/wp\/v2\/product_brand?post=3213"},{"taxonomy":"product_cat","embeddable":true,"href":"https:\/\/tandoorvietnam.com\/vi\/wp-json\/wp\/v2\/product_cat?post=3213"},{"taxonomy":"product_tag","embeddable":true,"href":"https:\/\/tandoorvietnam.com\/vi\/wp-json\/wp\/v2\/product_tag?post=3213"}],"curies":[{"name":"wp","href":"https:\/\/api.w.org\/{rel}","templated":true}]}}