{"id":3215,"date":"2020-06-16T13:24:03","date_gmt":"2021-04-14T07:19:46","guid":{"rendered":"http:\/\/tandoorvietnam.com\/product\/uncategorized\/banh-xeo-mong-uop-gia-vi-masala-nuong\/"},"modified":"2023-05-08T06:43:41","modified_gmt":"2023-05-08T06:43:41","slug":"banh-xeo-mong-uop-gia-vi-masala-nuong","status":"publish","type":"product","link":"https:\/\/tandoorvietnam.com\/vi\/sanpham\/cac-mon-banh-dosa\/banh-xeo-mong-uop-gia-vi-masala-nuong\/","title":{"rendered":"Paper Masala Roast (B\u00c1NH X\u00c8O M\u1eceNG \u01af\u1edaP GIA V\u1eca MASALA N\u01af\u1edaNG)"},"content":{"rendered":"<p>B\u00e1nh x\u00e8o l\u00e0 m\u1ed9t m\u00f3n \u0103n truy\u1ec1n th\u1ed1ng c\u1ee7a \u1ea9m th\u1ef1c mi\u1ec1n Nam Vi\u1ec7t Nam, nh\u01b0ng b\u00e1nh x\u00e8o m\u1ecfng \u01b0\u1edbp gia v\u1ecb masala n\u01b0\u1edbng l\u1ea1i l\u00e0 m\u00f3n \u0103n \u0111\u1ea7y h\u01b0\u01a1ng v\u1ecb c\u1ee7a \u1ea4n \u0110\u1ed9. T\u1ea1i Tandoor Vietnam, ch\u00fang t\u00f4i t\u1ef1 h\u00e0o gi\u1edbi thi\u1ec7u \u0111\u1ebfn b\u1ea1n m\u00f3n \u0103n \u0111\u1ed9c \u0111\u00e1o n\u00e0y, \u0111\u01b0\u1ee3c ch\u1ebf bi\u1ebfn t\u1eeb nh\u1eefng nguy\u00ean li\u1ec7u t\u01b0\u01a1i ngon v\u00e0 \u0111\u01b0\u1ee3c \u01b0\u1edbp gia v\u1ecb \u0111\u1eadm \u0111\u00e0, t\u1ea1o n\u00ean h\u01b0\u01a1ng v\u1ecb \u0111\u1eb7c tr\u01b0ng c\u1ee7a \u1ea9m th\u1ef1c \u1ea4n \u0110\u1ed9.<\/p>\n<p>B\u00e1nh x\u00e8o \u01b0\u1edbp gia v\u1ecb masala n\u01b0\u1edbng \u0111\u01b0\u1ee3c ch\u1ebf bi\u1ebfn t\u1eeb b\u1ed9t m\u00ec v\u00e0 n\u01b0\u1edbc d\u1eeba t\u01b0\u01a1i, k\u1ebft h\u1ee3p v\u1edbi gia v\u1ecb masala \u0111\u1eb7c tr\u01b0ng c\u1ee7a \u1ea4n \u0110\u1ed9 nh\u01b0 c\u00e0 ri, \u1edbt, h\u1ea1t ti\u00eau \u0111en, h\u1ea1t th\u00ec l\u00e0, t\u1ea1o n\u00ean m\u1ed9t h\u01b0\u01a1ng v\u1ecb \u0111\u1eadm \u0111\u00e0 v\u00e0 \u0111\u1ea7y m\u00ea ho\u1eb7c. B\u00e1nh x\u00e8o \u0111\u01b0\u1ee3c \u01b0\u1edbp gia v\u1ecb trong th\u1eddi gian \u0111\u1ee7 \u0111\u1ec3 gia v\u1ecb th\u1ea5m \u0111\u1ec1u v\u00e0o t\u1eebng l\u1edbp b\u00e1nh, t\u1ea1o n\u00ean h\u01b0\u01a1ng v\u1ecb th\u01a1m ngon v\u00e0 \u0111\u1eadm \u0111\u00e0.<\/p>\n<p>Sau khi \u01b0\u1edbp gia v\u1ecb, b\u00e1nh x\u00e8o m\u1ecfng s\u1ebd \u0111\u01b0\u1ee3c n\u01b0\u1edbng tr\u00ean l\u00f2 n\u01b0\u1edbng \u0111\u1ec3 t\u1ea1o n\u00ean l\u1edbp v\u1ecf gi\u00f2n tan b\u00ean ngo\u00e0i v\u00e0 b\u00ean trong m\u1ec1m m\u1ea1i. B\u00e1nh x\u00e8o \u01b0\u1edbp gia v\u1ecb masala n\u01b0\u1edbng th\u01b0\u1eddng \u0111\u01b0\u1ee3c \u0103n k\u00e8m v\u1edbi rau x\u00e0 l\u00e1ch, rau h\u00fang, rau m\u00f9i, rau ng\u00f2 gai, h\u00e0nh t\u00e2y v\u00e0 n\u01b0\u1edbc ch\u1ea5m t\u01b0\u01a1ng \u1edbt cay n\u1ed3ng.<\/p>\n<p>V\u1edbi h\u01b0\u01a1ng v\u1ecb \u0111\u1eadm \u0111\u00e0 v\u00e0 v\u1ecb gi\u00f2n tan c\u1ee7a v\u1ecf b\u00e1nh, b\u00e1nh x\u00e8o m\u1ecfng \u01b0\u1edbp gia v\u1ecb masala n\u01b0\u1edbng l\u00e0 m\u00f3n \u0103n v\u1eeba ngon v\u1eeba l\u1ea1, thu h\u00fat s\u1ef1 ch\u00fa \u00fd c\u1ee7a nhi\u1ec1u th\u1ef1c kh\u00e1ch. N\u1ebfu b\u1ea1n l\u00e0 ng\u01b0\u1eddi y\u00eau th\u00edch \u1ea9m th\u1ef1c \u1ea4n \u0110\u1ed9 v\u00e0 mu\u1ed1n kh\u00e1m ph\u00e1 nh\u1eefng h\u01b0\u01a1ng v\u1ecb m\u1edbi l\u1ea1, h\u00e3y \u0111\u1ebfn v\u1edbi <a href=\"https:\/\/tandoorvietnam.com\/\">nh\u00e0 h\u00e0ng Tandoor<\/a> v\u00e0 th\u01b0\u1edfng th\u1ee9c b\u00e1nh x\u00e8o \u01b0\u1edbp gia v\u1ecb masala n\u01b0\u1edbng \u0111\u1ea7y h\u01b0\u01a1ng v\u1ecb.<\/p>\n","protected":false},"excerpt":{"rendered":"<p>B\u00e1nh dosa r\u1ea5t m\u1ecfng v\u00e0 gi\u00f2n v\u1edbi nh\u00e2n khoai t\u00e2y cay<\/p>\n","protected":false},"featured_media":0,"template":"","meta":[],"product_brand":[],"product_cat":[223],"product_tag":[],"class_list":{"0":"post-3215","1":"product","2":"type-product","3":"status-publish","5":"product_cat-cac-mon-banh-dosa","7":"first","8":"instock","9":"taxable","10":"shipping-taxable","11":"purchasable","12":"product-type-simple"},"yoast_head":"<!-- This site is optimized with the Yoast SEO Premium plugin v22.3 (Yoast SEO v27.5) - https:\/\/yoast.com\/product\/yoast-seo-premium-wordpress\/ -->\n<title>B\u00c1NH X\u00c8O M\u1eceNG \u01af\u1edaP GIA V\u1eca MASALA N\u01af\u1edaNG<\/title>\n<meta name=\"description\" content=\"Kh\u00e1m ph\u00e1 h\u01b0\u01a1ng v\u1ecb th\u01a1m ngon v\u00e0 gi\u00f2n tan c\u1ee7a b\u00e1nh x\u00e8o m\u1ecfng \u0111\u01b0\u1ee3c \u01b0\u1edbp gia v\u1ecb Masala (Paper Masala Roast) n\u01b0\u1edbng t\u1ea1i nh\u00e0 h\u00e0ng Tandoor Vietnam.\" \/>\n<meta name=\"robots\" content=\"index, follow, max-snippet:-1, max-image-preview:large, max-video-preview:-1\" \/>\n<link rel=\"canonical\" href=\"https:\/\/tandoorvietnam.com\/vi\/sanpham\/cac-mon-banh-dosa\/banh-xeo-mong-uop-gia-vi-masala-nuong\/\" \/>\n<meta property=\"og:locale\" content=\"vi_VN\" \/>\n<meta property=\"og:type\" content=\"article\" \/>\n<meta property=\"og:title\" content=\"Paper Masala Roast (B\u00c1NH X\u00c8O M\u1eceNG \u01af\u1edaP GIA V\u1eca MASALA N\u01af\u1edaNG)\" \/>\n<meta property=\"og:description\" content=\"Kh\u00e1m ph\u00e1 h\u01b0\u01a1ng v\u1ecb th\u01a1m ngon v\u00e0 gi\u00f2n tan c\u1ee7a b\u00e1nh x\u00e8o m\u1ecfng \u0111\u01b0\u1ee3c \u01b0\u1edbp gia v\u1ecb Masala (Paper Masala Roast) n\u01b0\u1edbng t\u1ea1i nh\u00e0 h\u00e0ng Tandoor Vietnam.\" \/>\n<meta property=\"og:url\" content=\"https:\/\/tandoorvietnam.com\/vi\/sanpham\/cac-mon-banh-dosa\/banh-xeo-mong-uop-gia-vi-masala-nuong\/\" \/>\n<meta property=\"og:site_name\" content=\"Tandoor Vi\u1ec7t Nam\" \/>\n<meta property=\"article:publisher\" content=\"https:\/\/www.facebook.com\/tandoor.hcmc\/\" \/>\n<meta property=\"article:modified_time\" content=\"2023-05-08T06:43:41+00:00\" \/>\n<meta property=\"og:image\" content=\"https:\/\/tandoorvietnam.com\/wp-content\/uploads\/2020\/07\/opengraph.jpg\" \/>\n\t<meta property=\"og:image:width\" content=\"1200\" \/>\n\t<meta property=\"og:image:height\" content=\"630\" \/>\n\t<meta property=\"og:image:type\" content=\"image\/jpeg\" \/>\n<meta name=\"twitter:card\" content=\"summary_large_image\" \/>\n<meta name=\"twitter:label1\" content=\"Est. reading time\" \/>\n\t<meta name=\"twitter:data1\" content=\"2 minutes\" \/>\n<script type=\"application\/ld+json\" class=\"yoast-schema-graph\">{\"@context\":\"https:\\\/\\\/schema.org\",\"@graph\":[{\"@type\":\"WebPage\",\"@id\":\"https:\\\/\\\/tandoorvietnam.com\\\/vi\\\/sanpham\\\/cac-mon-banh-dosa\\\/banh-xeo-mong-uop-gia-vi-masala-nuong\\\/\",\"url\":\"https:\\\/\\\/tandoorvietnam.com\\\/vi\\\/sanpham\\\/cac-mon-banh-dosa\\\/banh-xeo-mong-uop-gia-vi-masala-nuong\\\/\",\"name\":\"B\u00c1NH X\u00c8O M\u1eceNG \u01af\u1edaP GIA V\u1eca MASALA N\u01af\u1edaNG\",\"isPartOf\":{\"@id\":\"https:\\\/\\\/tandoorvietnam.com\\\/vi\\\/#website\"},\"datePublished\":\"2021-04-14T07:19:46+00:00\",\"dateModified\":\"2023-05-08T06:43:41+00:00\",\"description\":\"Kh\u00e1m ph\u00e1 h\u01b0\u01a1ng v\u1ecb th\u01a1m ngon v\u00e0 gi\u00f2n tan c\u1ee7a b\u00e1nh x\u00e8o m\u1ecfng \u0111\u01b0\u1ee3c \u01b0\u1edbp gia v\u1ecb Masala (Paper Masala Roast) n\u01b0\u1edbng t\u1ea1i nh\u00e0 h\u00e0ng Tandoor Vietnam.\",\"breadcrumb\":{\"@id\":\"https:\\\/\\\/tandoorvietnam.com\\\/vi\\\/sanpham\\\/cac-mon-banh-dosa\\\/banh-xeo-mong-uop-gia-vi-masala-nuong\\\/#breadcrumb\"},\"inLanguage\":\"vi-VN\",\"potentialAction\":[{\"@type\":\"ReadAction\",\"target\":[\"https:\\\/\\\/tandoorvietnam.com\\\/vi\\\/sanpham\\\/cac-mon-banh-dosa\\\/banh-xeo-mong-uop-gia-vi-masala-nuong\\\/\"]}]},{\"@type\":\"BreadcrumbList\",\"@id\":\"https:\\\/\\\/tandoorvietnam.com\\\/vi\\\/sanpham\\\/cac-mon-banh-dosa\\\/banh-xeo-mong-uop-gia-vi-masala-nuong\\\/#breadcrumb\",\"itemListElement\":[{\"@type\":\"ListItem\",\"position\":1,\"name\":\"Trang Ch\u1ee7\",\"item\":\"https:\\\/\\\/tandoorvietnam.com\\\/vi\\\/\"},{\"@type\":\"ListItem\",\"position\":2,\"name\":\"Shop\",\"item\":\"https:\\\/\\\/tandoorvietnam.com\\\/shop\\\/\"},{\"@type\":\"ListItem\",\"position\":3,\"name\":\"Paper Masala Roast (B\u00c1NH X\u00c8O M\u1eceNG \u01af\u1edaP GIA V\u1eca MASALA N\u01af\u1edaNG)\"}]},{\"@type\":\"WebSite\",\"@id\":\"https:\\\/\\\/tandoorvietnam.com\\\/vi\\\/#website\",\"url\":\"https:\\\/\\\/tandoorvietnam.com\\\/vi\\\/\",\"name\":\"Tandoor Vietnam\",\"description\":\"Nh\u00e0 h\u00e0ng ngon h\u1ed3 ch\u00ed minh\",\"publisher\":{\"@id\":\"https:\\\/\\\/tandoorvietnam.com\\\/vi\\\/#organization\"},\"potentialAction\":[{\"@type\":\"SearchAction\",\"target\":{\"@type\":\"EntryPoint\",\"urlTemplate\":\"https:\\\/\\\/tandoorvietnam.com\\\/vi\\\/?s={search_term_string}\"},\"query-input\":{\"@type\":\"PropertyValueSpecification\",\"valueRequired\":true,\"valueName\":\"search_term_string\"}}],\"inLanguage\":\"vi-VN\"},{\"@type\":\"Organization\",\"@id\":\"https:\\\/\\\/tandoorvietnam.com\\\/vi\\\/#organization\",\"name\":\"Tandoor Vietnam\",\"url\":\"https:\\\/\\\/tandoorvietnam.com\\\/vi\\\/\",\"logo\":{\"@type\":\"ImageObject\",\"inLanguage\":\"vi-VN\",\"@id\":\"https:\\\/\\\/tandoorvietnam.com\\\/vi\\\/#\\\/schema\\\/logo\\\/image\\\/\",\"url\":\"https:\\\/\\\/tandoorvietnam.com\\\/wp-content\\\/uploads\\\/2020\\\/07\\\/logo.png\",\"contentUrl\":\"https:\\\/\\\/tandoorvietnam.com\\\/wp-content\\\/uploads\\\/2020\\\/07\\\/logo.png\",\"width\":133,\"height\":75,\"caption\":\"Tandoor Vietnam\"},\"image\":{\"@id\":\"https:\\\/\\\/tandoorvietnam.com\\\/vi\\\/#\\\/schema\\\/logo\\\/image\\\/\"},\"sameAs\":[\"https:\\\/\\\/www.facebook.com\\\/tandoor.hcmc\\\/\"]}]}<\/script>\n<!-- \/ Yoast SEO Premium plugin. -->","yoast_head_json":{"title":"B\u00c1NH X\u00c8O M\u1eceNG \u01af\u1edaP GIA V\u1eca MASALA N\u01af\u1edaNG","description":"Kh\u00e1m ph\u00e1 h\u01b0\u01a1ng v\u1ecb th\u01a1m ngon v\u00e0 gi\u00f2n tan c\u1ee7a b\u00e1nh x\u00e8o m\u1ecfng \u0111\u01b0\u1ee3c \u01b0\u1edbp gia v\u1ecb Masala (Paper Masala Roast) n\u01b0\u1edbng t\u1ea1i nh\u00e0 h\u00e0ng Tandoor Vietnam.","robots":{"index":"index","follow":"follow","max-snippet":"max-snippet:-1","max-image-preview":"max-image-preview:large","max-video-preview":"max-video-preview:-1"},"canonical":"https:\/\/tandoorvietnam.com\/vi\/sanpham\/cac-mon-banh-dosa\/banh-xeo-mong-uop-gia-vi-masala-nuong\/","og_locale":"vi_VN","og_type":"article","og_title":"Paper Masala Roast (B\u00c1NH X\u00c8O M\u1eceNG \u01af\u1edaP GIA V\u1eca MASALA N\u01af\u1edaNG)","og_description":"Kh\u00e1m ph\u00e1 h\u01b0\u01a1ng v\u1ecb th\u01a1m ngon v\u00e0 gi\u00f2n tan c\u1ee7a b\u00e1nh x\u00e8o m\u1ecfng \u0111\u01b0\u1ee3c \u01b0\u1edbp gia v\u1ecb Masala (Paper Masala Roast) n\u01b0\u1edbng t\u1ea1i nh\u00e0 h\u00e0ng Tandoor Vietnam.","og_url":"https:\/\/tandoorvietnam.com\/vi\/sanpham\/cac-mon-banh-dosa\/banh-xeo-mong-uop-gia-vi-masala-nuong\/","og_site_name":"Tandoor Vi\u1ec7t Nam","article_publisher":"https:\/\/www.facebook.com\/tandoor.hcmc\/","article_modified_time":"2023-05-08T06:43:41+00:00","og_image":[{"width":1200,"height":630,"url":"https:\/\/tandoorvietnam.com\/wp-content\/uploads\/2020\/07\/opengraph.jpg","type":"image\/jpeg"}],"twitter_card":"summary_large_image","twitter_misc":{"Est. reading time":"2 minutes"},"schema":{"@context":"https:\/\/schema.org","@graph":[{"@type":"WebPage","@id":"https:\/\/tandoorvietnam.com\/vi\/sanpham\/cac-mon-banh-dosa\/banh-xeo-mong-uop-gia-vi-masala-nuong\/","url":"https:\/\/tandoorvietnam.com\/vi\/sanpham\/cac-mon-banh-dosa\/banh-xeo-mong-uop-gia-vi-masala-nuong\/","name":"B\u00c1NH X\u00c8O M\u1eceNG \u01af\u1edaP GIA V\u1eca MASALA N\u01af\u1edaNG","isPartOf":{"@id":"https:\/\/tandoorvietnam.com\/vi\/#website"},"datePublished":"2021-04-14T07:19:46+00:00","dateModified":"2023-05-08T06:43:41+00:00","description":"Kh\u00e1m ph\u00e1 h\u01b0\u01a1ng v\u1ecb th\u01a1m ngon v\u00e0 gi\u00f2n tan c\u1ee7a b\u00e1nh x\u00e8o m\u1ecfng \u0111\u01b0\u1ee3c \u01b0\u1edbp gia v\u1ecb Masala (Paper Masala Roast) n\u01b0\u1edbng t\u1ea1i nh\u00e0 h\u00e0ng Tandoor Vietnam.","breadcrumb":{"@id":"https:\/\/tandoorvietnam.com\/vi\/sanpham\/cac-mon-banh-dosa\/banh-xeo-mong-uop-gia-vi-masala-nuong\/#breadcrumb"},"inLanguage":"vi-VN","potentialAction":[{"@type":"ReadAction","target":["https:\/\/tandoorvietnam.com\/vi\/sanpham\/cac-mon-banh-dosa\/banh-xeo-mong-uop-gia-vi-masala-nuong\/"]}]},{"@type":"BreadcrumbList","@id":"https:\/\/tandoorvietnam.com\/vi\/sanpham\/cac-mon-banh-dosa\/banh-xeo-mong-uop-gia-vi-masala-nuong\/#breadcrumb","itemListElement":[{"@type":"ListItem","position":1,"name":"Trang Ch\u1ee7","item":"https:\/\/tandoorvietnam.com\/vi\/"},{"@type":"ListItem","position":2,"name":"Shop","item":"https:\/\/tandoorvietnam.com\/shop\/"},{"@type":"ListItem","position":3,"name":"Paper Masala Roast (B\u00c1NH X\u00c8O M\u1eceNG \u01af\u1edaP GIA V\u1eca MASALA N\u01af\u1edaNG)"}]},{"@type":"WebSite","@id":"https:\/\/tandoorvietnam.com\/vi\/#website","url":"https:\/\/tandoorvietnam.com\/vi\/","name":"Tandoor Vietnam","description":"Nh\u00e0 h\u00e0ng ngon h\u1ed3 ch\u00ed minh","publisher":{"@id":"https:\/\/tandoorvietnam.com\/vi\/#organization"},"potentialAction":[{"@type":"SearchAction","target":{"@type":"EntryPoint","urlTemplate":"https:\/\/tandoorvietnam.com\/vi\/?s={search_term_string}"},"query-input":{"@type":"PropertyValueSpecification","valueRequired":true,"valueName":"search_term_string"}}],"inLanguage":"vi-VN"},{"@type":"Organization","@id":"https:\/\/tandoorvietnam.com\/vi\/#organization","name":"Tandoor Vietnam","url":"https:\/\/tandoorvietnam.com\/vi\/","logo":{"@type":"ImageObject","inLanguage":"vi-VN","@id":"https:\/\/tandoorvietnam.com\/vi\/#\/schema\/logo\/image\/","url":"https:\/\/tandoorvietnam.com\/wp-content\/uploads\/2020\/07\/logo.png","contentUrl":"https:\/\/tandoorvietnam.com\/wp-content\/uploads\/2020\/07\/logo.png","width":133,"height":75,"caption":"Tandoor Vietnam"},"image":{"@id":"https:\/\/tandoorvietnam.com\/vi\/#\/schema\/logo\/image\/"},"sameAs":["https:\/\/www.facebook.com\/tandoor.hcmc\/"]}]}},"_links":{"self":[{"href":"https:\/\/tandoorvietnam.com\/vi\/wp-json\/wp\/v2\/product\/3215","targetHints":{"allow":["GET"]}}],"collection":[{"href":"https:\/\/tandoorvietnam.com\/vi\/wp-json\/wp\/v2\/product"}],"about":[{"href":"https:\/\/tandoorvietnam.com\/vi\/wp-json\/wp\/v2\/types\/product"}],"wp:attachment":[{"href":"https:\/\/tandoorvietnam.com\/vi\/wp-json\/wp\/v2\/media?parent=3215"}],"wp:term":[{"taxonomy":"product_brand","embeddable":true,"href":"https:\/\/tandoorvietnam.com\/vi\/wp-json\/wp\/v2\/product_brand?post=3215"},{"taxonomy":"product_cat","embeddable":true,"href":"https:\/\/tandoorvietnam.com\/vi\/wp-json\/wp\/v2\/product_cat?post=3215"},{"taxonomy":"product_tag","embeddable":true,"href":"https:\/\/tandoorvietnam.com\/vi\/wp-json\/wp\/v2\/product_tag?post=3215"}],"curies":[{"name":"wp","href":"https:\/\/api.w.org\/{rel}","templated":true}]}}