{"id":3216,"date":"2020-06-16T13:25:29","date_gmt":"2021-04-14T07:20:12","guid":{"rendered":"http:\/\/tandoorvietnam.com\/product\/uncategorized\/banh-xeo-mong-nuong\/"},"modified":"2023-05-12T01:10:06","modified_gmt":"2023-05-12T01:10:06","slug":"banh-xeo-mong-nuong","status":"publish","type":"product","link":"https:\/\/tandoorvietnam.com\/vi\/sanpham\/cac-mon-banh-dosa\/banh-xeo-mong-nuong\/","title":{"rendered":"Paper Roast (B\u00c1NH X\u00c8O M\u1eceNG N\u01af\u1edaNG)"},"content":{"rendered":"<p>B\u00e1nh x\u00e8o m\u1ecfng n\u01b0\u1edbng l\u00e0 m\u00f3n \u0103n \u0111\u1eb7c tr\u01b0ng c\u1ee7a \u1ea4n \u0110\u1ed9, \u0111\u01b0\u1ee3c nhi\u1ec1u ng\u01b0\u1eddi bi\u1ebft \u0111\u1ebfn nh\u01b0 m\u1ed9t lo\u1ea1i b\u00e1nh tr\u00e1ng m\u1ecfng gi\u00f2n, \u0111\u01b0\u1ee3c ph\u1ee7 nh\u1eefng l\u1edbp gia v\u1ecb v\u00e0 nh\u00e2n \u0111\u1eadm \u0111\u00e0. T\u1ea1i Tandoor Vietnam, ch\u00fang t\u00f4i t\u1ef1 h\u00e0o mang \u0111\u1ebfn cho qu\u00fd kh\u00e1ch h\u00e0ng b\u00e1nh x\u00e8o m\u1ecfng n\u01b0\u1edbng ch\u1ea5t l\u01b0\u1ee3ng, v\u1edbi c\u00e1c th\u00e0nh ph\u1ea7n \u0111\u01b0\u1ee3c ch\u1ecdn l\u1ef1a k\u1ef9 c\u00e0ng, \u0111\u01b0\u1ee3c ch\u1ebf bi\u1ebfn b\u1eb1ng ph\u01b0\u01a1ng ph\u00e1p truy\u1ec1n th\u1ed1ng v\u00e0 tinh t\u1ebf.<\/p>\n<p>Paper Roast t\u1ea1i Tandoor Vietnam c\u00f3 v\u1ecf b\u00e1nh m\u1ecfng v\u00e0 gi\u00f2n, v\u1edbi m\u00e0u v\u00e0ng \u01b0\u01a1m r\u1ea5t h\u1ea5p d\u1eabn. Nh\u00e2n b\u00e1nh l\u00e0 s\u1ef1 pha tr\u1ed9n h\u00e0i h\u00f2a gi\u1eefa th\u1ecbt g\u00e0, t\u00f4m, rau c\u1ee7 v\u00e0 gia v\u1ecb, t\u1ea1o n\u00ean h\u01b0\u01a1ng v\u1ecb \u0111\u1eb7c tr\u01b0ng v\u00e0 th\u01a1m ngon \u0111\u1ebfn tuy\u1ec7t v\u1eddi.<\/p>\n<p>B\u00ean c\u1ea1nh \u0111\u00f3, Paper Roast\u00a0c\u00f2n \u0111\u01b0\u1ee3c k\u00e8m theo c\u00e1c lo\u1ea1i rau s\u1ed1ng nh\u01b0 rau th\u01a1m, rau x\u00e0 l\u00e1ch, c\u00e0 r\u1ed1t, c\u1ee7 c\u1ea3i, \u1edbt, v\u00e0 c\u00e1c lo\u1ea1i s\u1ed1t chua ng\u1ecdt cay n\u1ed3ng, t\u1ea1o n\u00ean s\u1ef1 k\u1ebft h\u1ee3p tuy\u1ec7t v\u1eddi cho m\u00f3n \u0103n.<\/p>\n<p>Paper Roast c\u1ee7a <a href=\"https:\/\/tandoorvietnam.com\/\">nh\u00e0 h\u00e0ng \u1ea4n \u0110\u1ed9 Tandoor Vietnam<\/a> l\u00e0 l\u1ef1a ch\u1ecdn tuy\u1ec7t v\u1eddi cho b\u1eefa ti\u1ec7c gia \u0111\u00ecnh, hay nh\u1eefng bu\u1ed5i g\u1eb7p m\u1eb7t b\u1ea1n b\u00e8, nh\u1eefng bu\u1ed5i ti\u1ec7c n\u01b0\u1edbng ngo\u00e0i tr\u1eddi, hay \u0111\u01a1n gi\u1ea3n l\u00e0 m\u1ed9t b\u1eefa \u0103n ngon cho b\u1ea5t k\u1ef3 d\u1ecbp n\u00e0o. H\u00e3y \u0111\u1ebfn v\u1edbi Tandoor Vietnam v\u00e0 th\u01b0\u1edfng th\u1ee9c b\u00e1nh x\u00e8o m\u1ecfng n\u01b0\u1edbng \u0111\u00fang ch\u1ea5t \u1ea4n \u0110\u1ed9!<\/p>\n","protected":false},"excerpt":{"rendered":"<p>B\u00e1nh Dosa m\u1ecfng v\u00e0 gi\u00f2n<\/p>\n","protected":false},"featured_media":3217,"template":"","meta":[],"product_brand":[],"product_cat":[223],"product_tag":[],"class_list":{"0":"post-3216","1":"product","2":"type-product","3":"status-publish","4":"has-post-thumbnail","6":"product_cat-cac-mon-banh-dosa","8":"first","9":"instock","10":"taxable","11":"shipping-taxable","12":"purchasable","13":"product-type-simple"},"yoast_head":"<!-- This site is optimized with the Yoast SEO Premium plugin v22.3 (Yoast SEO v27.5) - https:\/\/yoast.com\/product\/yoast-seo-premium-wordpress\/ -->\n<title>Paper Roast (B\u00c1NH X\u00c8O M\u1eceNG N\u01af\u1edaNG) - Tandoor Vi\u1ec7t Nam<\/title>\n<meta name=\"description\" content=\"M\u00f3n \u0103n \u1ea4n \u0110\u1ed9 \u0111\u1eb7c tr\u01b0ng v\u1edbi b\u00e1nh x\u00e8o m\u1ecfng gi\u00f2n tan v\u00e0 nh\u00e2n \u0111\u1eadm \u0111\u00e0 t\u1ea1i Tandoor Vietnam. Th\u01b0\u1edfng th\u1ee9c ngay b\u00e1nh x\u00e8o m\u1ecfng n\u01b0\u1edbng \u0111\u00fang ch\u1ea5t \u1ea4n.\" \/>\n<meta name=\"robots\" content=\"index, follow, max-snippet:-1, max-image-preview:large, max-video-preview:-1\" \/>\n<link rel=\"canonical\" href=\"https:\/\/tandoorvietnam.com\/vi\/sanpham\/cac-mon-banh-dosa\/banh-xeo-mong-nuong\/\" \/>\n<meta property=\"og:locale\" content=\"vi_VN\" \/>\n<meta property=\"og:type\" content=\"article\" \/>\n<meta property=\"og:title\" content=\"Paper Roast (B\u00c1NH X\u00c8O M\u1eceNG N\u01af\u1edaNG)\" \/>\n<meta property=\"og:description\" content=\"M\u00f3n \u0103n \u1ea4n \u0110\u1ed9 \u0111\u1eb7c tr\u01b0ng v\u1edbi b\u00e1nh x\u00e8o m\u1ecfng gi\u00f2n tan v\u00e0 nh\u00e2n \u0111\u1eadm \u0111\u00e0 t\u1ea1i Tandoor Vietnam. Th\u01b0\u1edfng th\u1ee9c ngay b\u00e1nh x\u00e8o m\u1ecfng n\u01b0\u1edbng \u0111\u00fang ch\u1ea5t \u1ea4n.\" \/>\n<meta property=\"og:url\" content=\"https:\/\/tandoorvietnam.com\/vi\/sanpham\/cac-mon-banh-dosa\/banh-xeo-mong-nuong\/\" \/>\n<meta property=\"og:site_name\" content=\"Tandoor Vi\u1ec7t Nam\" \/>\n<meta property=\"article:publisher\" content=\"https:\/\/www.facebook.com\/tandoor.hcmc\/\" \/>\n<meta property=\"article:modified_time\" content=\"2023-05-12T01:10:06+00:00\" \/>\n<meta property=\"og:image\" content=\"https:\/\/tandoorvietnam.com\/wp-content\/uploads\/2020\/06\/Paper-roast.jpg\" \/>\n\t<meta property=\"og:image:width\" content=\"800\" \/>\n\t<meta property=\"og:image:height\" content=\"800\" \/>\n\t<meta property=\"og:image:type\" content=\"image\/jpeg\" \/>\n<meta name=\"twitter:card\" content=\"summary_large_image\" \/>\n<meta name=\"twitter:label1\" content=\"Est. reading time\" \/>\n\t<meta name=\"twitter:data1\" content=\"1 minute\" \/>\n<script type=\"application\/ld+json\" class=\"yoast-schema-graph\">{\"@context\":\"https:\\\/\\\/schema.org\",\"@graph\":[{\"@type\":\"WebPage\",\"@id\":\"https:\\\/\\\/tandoorvietnam.com\\\/vi\\\/sanpham\\\/cac-mon-banh-dosa\\\/banh-xeo-mong-nuong\\\/\",\"url\":\"https:\\\/\\\/tandoorvietnam.com\\\/vi\\\/sanpham\\\/cac-mon-banh-dosa\\\/banh-xeo-mong-nuong\\\/\",\"name\":\"Paper Roast (B\u00c1NH X\u00c8O M\u1eceNG N\u01af\u1edaNG) - Tandoor Vi\u1ec7t Nam\",\"isPartOf\":{\"@id\":\"https:\\\/\\\/tandoorvietnam.com\\\/vi\\\/#website\"},\"primaryImageOfPage\":{\"@id\":\"https:\\\/\\\/tandoorvietnam.com\\\/vi\\\/sanpham\\\/cac-mon-banh-dosa\\\/banh-xeo-mong-nuong\\\/#primaryimage\"},\"image\":{\"@id\":\"https:\\\/\\\/tandoorvietnam.com\\\/vi\\\/sanpham\\\/cac-mon-banh-dosa\\\/banh-xeo-mong-nuong\\\/#primaryimage\"},\"thumbnailUrl\":\"https:\\\/\\\/tandoorvietnam.com\\\/wp-content\\\/uploads\\\/2020\\\/06\\\/Paper-roast.jpg\",\"datePublished\":\"2021-04-14T07:20:12+00:00\",\"dateModified\":\"2023-05-12T01:10:06+00:00\",\"description\":\"M\u00f3n \u0103n \u1ea4n \u0110\u1ed9 \u0111\u1eb7c tr\u01b0ng v\u1edbi b\u00e1nh x\u00e8o m\u1ecfng gi\u00f2n tan v\u00e0 nh\u00e2n \u0111\u1eadm \u0111\u00e0 t\u1ea1i Tandoor Vietnam. Th\u01b0\u1edfng th\u1ee9c ngay b\u00e1nh x\u00e8o m\u1ecfng n\u01b0\u1edbng \u0111\u00fang ch\u1ea5t \u1ea4n.\",\"breadcrumb\":{\"@id\":\"https:\\\/\\\/tandoorvietnam.com\\\/vi\\\/sanpham\\\/cac-mon-banh-dosa\\\/banh-xeo-mong-nuong\\\/#breadcrumb\"},\"inLanguage\":\"vi-VN\",\"potentialAction\":[{\"@type\":\"ReadAction\",\"target\":[\"https:\\\/\\\/tandoorvietnam.com\\\/vi\\\/sanpham\\\/cac-mon-banh-dosa\\\/banh-xeo-mong-nuong\\\/\"]}]},{\"@type\":\"ImageObject\",\"inLanguage\":\"vi-VN\",\"@id\":\"https:\\\/\\\/tandoorvietnam.com\\\/vi\\\/sanpham\\\/cac-mon-banh-dosa\\\/banh-xeo-mong-nuong\\\/#primaryimage\",\"url\":\"https:\\\/\\\/tandoorvietnam.com\\\/wp-content\\\/uploads\\\/2020\\\/06\\\/Paper-roast.jpg\",\"contentUrl\":\"https:\\\/\\\/tandoorvietnam.com\\\/wp-content\\\/uploads\\\/2020\\\/06\\\/Paper-roast.jpg\",\"width\":800,\"height\":800,\"caption\":\"B\u00c1NH X\u00c8O M\u1eceNG N\u01af\u1edaNG\"},{\"@type\":\"BreadcrumbList\",\"@id\":\"https:\\\/\\\/tandoorvietnam.com\\\/vi\\\/sanpham\\\/cac-mon-banh-dosa\\\/banh-xeo-mong-nuong\\\/#breadcrumb\",\"itemListElement\":[{\"@type\":\"ListItem\",\"position\":1,\"name\":\"Trang Ch\u1ee7\",\"item\":\"https:\\\/\\\/tandoorvietnam.com\\\/vi\\\/\"},{\"@type\":\"ListItem\",\"position\":2,\"name\":\"Shop\",\"item\":\"https:\\\/\\\/tandoorvietnam.com\\\/shop\\\/\"},{\"@type\":\"ListItem\",\"position\":3,\"name\":\"Paper Roast (B\u00c1NH X\u00c8O M\u1eceNG N\u01af\u1edaNG)\"}]},{\"@type\":\"WebSite\",\"@id\":\"https:\\\/\\\/tandoorvietnam.com\\\/vi\\\/#website\",\"url\":\"https:\\\/\\\/tandoorvietnam.com\\\/vi\\\/\",\"name\":\"Tandoor Vietnam\",\"description\":\"Nh\u00e0 h\u00e0ng ngon h\u1ed3 ch\u00ed minh\",\"publisher\":{\"@id\":\"https:\\\/\\\/tandoorvietnam.com\\\/vi\\\/#organization\"},\"potentialAction\":[{\"@type\":\"SearchAction\",\"target\":{\"@type\":\"EntryPoint\",\"urlTemplate\":\"https:\\\/\\\/tandoorvietnam.com\\\/vi\\\/?s={search_term_string}\"},\"query-input\":{\"@type\":\"PropertyValueSpecification\",\"valueRequired\":true,\"valueName\":\"search_term_string\"}}],\"inLanguage\":\"vi-VN\"},{\"@type\":\"Organization\",\"@id\":\"https:\\\/\\\/tandoorvietnam.com\\\/vi\\\/#organization\",\"name\":\"Tandoor Vietnam\",\"url\":\"https:\\\/\\\/tandoorvietnam.com\\\/vi\\\/\",\"logo\":{\"@type\":\"ImageObject\",\"inLanguage\":\"vi-VN\",\"@id\":\"https:\\\/\\\/tandoorvietnam.com\\\/vi\\\/#\\\/schema\\\/logo\\\/image\\\/\",\"url\":\"https:\\\/\\\/tandoorvietnam.com\\\/wp-content\\\/uploads\\\/2020\\\/07\\\/logo.png\",\"contentUrl\":\"https:\\\/\\\/tandoorvietnam.com\\\/wp-content\\\/uploads\\\/2020\\\/07\\\/logo.png\",\"width\":133,\"height\":75,\"caption\":\"Tandoor Vietnam\"},\"image\":{\"@id\":\"https:\\\/\\\/tandoorvietnam.com\\\/vi\\\/#\\\/schema\\\/logo\\\/image\\\/\"},\"sameAs\":[\"https:\\\/\\\/www.facebook.com\\\/tandoor.hcmc\\\/\"]}]}<\/script>\n<!-- \/ Yoast SEO Premium plugin. -->","yoast_head_json":{"title":"Paper Roast (B\u00c1NH X\u00c8O M\u1eceNG N\u01af\u1edaNG) - Tandoor Vi\u1ec7t Nam","description":"M\u00f3n \u0103n \u1ea4n \u0110\u1ed9 \u0111\u1eb7c tr\u01b0ng v\u1edbi b\u00e1nh x\u00e8o m\u1ecfng gi\u00f2n tan v\u00e0 nh\u00e2n \u0111\u1eadm \u0111\u00e0 t\u1ea1i Tandoor Vietnam. Th\u01b0\u1edfng th\u1ee9c ngay b\u00e1nh x\u00e8o m\u1ecfng n\u01b0\u1edbng \u0111\u00fang ch\u1ea5t \u1ea4n.","robots":{"index":"index","follow":"follow","max-snippet":"max-snippet:-1","max-image-preview":"max-image-preview:large","max-video-preview":"max-video-preview:-1"},"canonical":"https:\/\/tandoorvietnam.com\/vi\/sanpham\/cac-mon-banh-dosa\/banh-xeo-mong-nuong\/","og_locale":"vi_VN","og_type":"article","og_title":"Paper Roast (B\u00c1NH X\u00c8O M\u1eceNG N\u01af\u1edaNG)","og_description":"M\u00f3n \u0103n \u1ea4n \u0110\u1ed9 \u0111\u1eb7c tr\u01b0ng v\u1edbi b\u00e1nh x\u00e8o m\u1ecfng gi\u00f2n tan v\u00e0 nh\u00e2n \u0111\u1eadm \u0111\u00e0 t\u1ea1i Tandoor Vietnam. Th\u01b0\u1edfng th\u1ee9c ngay b\u00e1nh x\u00e8o m\u1ecfng n\u01b0\u1edbng \u0111\u00fang ch\u1ea5t \u1ea4n.","og_url":"https:\/\/tandoorvietnam.com\/vi\/sanpham\/cac-mon-banh-dosa\/banh-xeo-mong-nuong\/","og_site_name":"Tandoor Vi\u1ec7t Nam","article_publisher":"https:\/\/www.facebook.com\/tandoor.hcmc\/","article_modified_time":"2023-05-12T01:10:06+00:00","og_image":[{"width":800,"height":800,"url":"https:\/\/tandoorvietnam.com\/wp-content\/uploads\/2020\/06\/Paper-roast.jpg","type":"image\/jpeg"}],"twitter_card":"summary_large_image","twitter_misc":{"Est. reading time":"1 minute"},"schema":{"@context":"https:\/\/schema.org","@graph":[{"@type":"WebPage","@id":"https:\/\/tandoorvietnam.com\/vi\/sanpham\/cac-mon-banh-dosa\/banh-xeo-mong-nuong\/","url":"https:\/\/tandoorvietnam.com\/vi\/sanpham\/cac-mon-banh-dosa\/banh-xeo-mong-nuong\/","name":"Paper Roast (B\u00c1NH X\u00c8O M\u1eceNG N\u01af\u1edaNG) - Tandoor Vi\u1ec7t Nam","isPartOf":{"@id":"https:\/\/tandoorvietnam.com\/vi\/#website"},"primaryImageOfPage":{"@id":"https:\/\/tandoorvietnam.com\/vi\/sanpham\/cac-mon-banh-dosa\/banh-xeo-mong-nuong\/#primaryimage"},"image":{"@id":"https:\/\/tandoorvietnam.com\/vi\/sanpham\/cac-mon-banh-dosa\/banh-xeo-mong-nuong\/#primaryimage"},"thumbnailUrl":"https:\/\/tandoorvietnam.com\/wp-content\/uploads\/2020\/06\/Paper-roast.jpg","datePublished":"2021-04-14T07:20:12+00:00","dateModified":"2023-05-12T01:10:06+00:00","description":"M\u00f3n \u0103n \u1ea4n \u0110\u1ed9 \u0111\u1eb7c tr\u01b0ng v\u1edbi b\u00e1nh x\u00e8o m\u1ecfng gi\u00f2n tan v\u00e0 nh\u00e2n \u0111\u1eadm \u0111\u00e0 t\u1ea1i Tandoor Vietnam. Th\u01b0\u1edfng th\u1ee9c ngay b\u00e1nh x\u00e8o m\u1ecfng n\u01b0\u1edbng \u0111\u00fang ch\u1ea5t \u1ea4n.","breadcrumb":{"@id":"https:\/\/tandoorvietnam.com\/vi\/sanpham\/cac-mon-banh-dosa\/banh-xeo-mong-nuong\/#breadcrumb"},"inLanguage":"vi-VN","potentialAction":[{"@type":"ReadAction","target":["https:\/\/tandoorvietnam.com\/vi\/sanpham\/cac-mon-banh-dosa\/banh-xeo-mong-nuong\/"]}]},{"@type":"ImageObject","inLanguage":"vi-VN","@id":"https:\/\/tandoorvietnam.com\/vi\/sanpham\/cac-mon-banh-dosa\/banh-xeo-mong-nuong\/#primaryimage","url":"https:\/\/tandoorvietnam.com\/wp-content\/uploads\/2020\/06\/Paper-roast.jpg","contentUrl":"https:\/\/tandoorvietnam.com\/wp-content\/uploads\/2020\/06\/Paper-roast.jpg","width":800,"height":800,"caption":"B\u00c1NH X\u00c8O M\u1eceNG N\u01af\u1edaNG"},{"@type":"BreadcrumbList","@id":"https:\/\/tandoorvietnam.com\/vi\/sanpham\/cac-mon-banh-dosa\/banh-xeo-mong-nuong\/#breadcrumb","itemListElement":[{"@type":"ListItem","position":1,"name":"Trang Ch\u1ee7","item":"https:\/\/tandoorvietnam.com\/vi\/"},{"@type":"ListItem","position":2,"name":"Shop","item":"https:\/\/tandoorvietnam.com\/shop\/"},{"@type":"ListItem","position":3,"name":"Paper Roast (B\u00c1NH X\u00c8O M\u1eceNG N\u01af\u1edaNG)"}]},{"@type":"WebSite","@id":"https:\/\/tandoorvietnam.com\/vi\/#website","url":"https:\/\/tandoorvietnam.com\/vi\/","name":"Tandoor Vietnam","description":"Nh\u00e0 h\u00e0ng ngon h\u1ed3 ch\u00ed minh","publisher":{"@id":"https:\/\/tandoorvietnam.com\/vi\/#organization"},"potentialAction":[{"@type":"SearchAction","target":{"@type":"EntryPoint","urlTemplate":"https:\/\/tandoorvietnam.com\/vi\/?s={search_term_string}"},"query-input":{"@type":"PropertyValueSpecification","valueRequired":true,"valueName":"search_term_string"}}],"inLanguage":"vi-VN"},{"@type":"Organization","@id":"https:\/\/tandoorvietnam.com\/vi\/#organization","name":"Tandoor Vietnam","url":"https:\/\/tandoorvietnam.com\/vi\/","logo":{"@type":"ImageObject","inLanguage":"vi-VN","@id":"https:\/\/tandoorvietnam.com\/vi\/#\/schema\/logo\/image\/","url":"https:\/\/tandoorvietnam.com\/wp-content\/uploads\/2020\/07\/logo.png","contentUrl":"https:\/\/tandoorvietnam.com\/wp-content\/uploads\/2020\/07\/logo.png","width":133,"height":75,"caption":"Tandoor Vietnam"},"image":{"@id":"https:\/\/tandoorvietnam.com\/vi\/#\/schema\/logo\/image\/"},"sameAs":["https:\/\/www.facebook.com\/tandoor.hcmc\/"]}]}},"_links":{"self":[{"href":"https:\/\/tandoorvietnam.com\/vi\/wp-json\/wp\/v2\/product\/3216","targetHints":{"allow":["GET"]}}],"collection":[{"href":"https:\/\/tandoorvietnam.com\/vi\/wp-json\/wp\/v2\/product"}],"about":[{"href":"https:\/\/tandoorvietnam.com\/vi\/wp-json\/wp\/v2\/types\/product"}],"wp:featuredmedia":[{"embeddable":true,"href":"https:\/\/tandoorvietnam.com\/vi\/wp-json\/wp\/v2\/media\/3217"}],"wp:attachment":[{"href":"https:\/\/tandoorvietnam.com\/vi\/wp-json\/wp\/v2\/media?parent=3216"}],"wp:term":[{"taxonomy":"product_brand","embeddable":true,"href":"https:\/\/tandoorvietnam.com\/vi\/wp-json\/wp\/v2\/product_brand?post=3216"},{"taxonomy":"product_cat","embeddable":true,"href":"https:\/\/tandoorvietnam.com\/vi\/wp-json\/wp\/v2\/product_cat?post=3216"},{"taxonomy":"product_tag","embeddable":true,"href":"https:\/\/tandoorvietnam.com\/vi\/wp-json\/wp\/v2\/product_tag?post=3216"}],"curies":[{"name":"wp","href":"https:\/\/api.w.org\/{rel}","templated":true}]}}