{"id":3218,"date":"2020-06-16T13:29:20","date_gmt":"2021-04-14T07:21:58","guid":{"rendered":"http:\/\/tandoorvietnam.com\/product\/uncategorized\/banh-xeo-gion-rava-uop-gia-vi-masala\/"},"modified":"2023-05-20T09:24:54","modified_gmt":"2023-05-20T09:24:54","slug":"banh-xeo-gion-rava-uop-gia-vi-masala","status":"publish","type":"product","link":"https:\/\/tandoorvietnam.com\/vi\/sanpham\/cac-mon-banh-dosa\/banh-xeo-gion-rava-uop-gia-vi-masala\/","title":{"rendered":"Rava Masala Dosa (B\u00c1NH X\u00c8O GI\u00d2N RAVA \u01af\u1edaP GIA V\u1eca MASALA)"},"content":{"rendered":"<p>B\u00e1nh x\u00e8o gi\u00f2n Rava \u01b0\u1edbp gia v\u1ecb Masala (Rava Masala Dosa) l\u00e0 m\u1ed9t m\u00f3n \u0103n \u0111\u1ed9c \u0111\u00e1o v\u00e0 h\u1ea5p d\u1eabn t\u1eeb \u1ea4n \u0110\u1ed9. T\u1ea1i Tandoor Vietnam, ch\u00fang t\u00f4i s\u1eed d\u1ee5ng b\u1ed9t m\u00ec v\u00e0 b\u1ed9t Rava (s\u1eafn d\u00e2y b\u1ed9t) \u0111\u1ec3 t\u1ea1o ra l\u1edbp v\u1ecf b\u00e1nh x\u00e8o gi\u00f2n r\u1ee5m, mang \u0111\u1ebfn m\u1ed9t tr\u1ea3i nghi\u1ec7m \u1ea9m th\u1ef1c th\u00fa v\u1ecb.<\/p>\n<p>B\u00e1nh x\u00e8o \u0111\u01b0\u1ee3c \u01b0\u1edbp gia v\u1ecb Masala, m\u1ed9t h\u1ed7n h\u1ee3p gia v\u1ecb \u0111\u1eb7c tr\u01b0ng c\u1ee7a \u1ea4n \u0110\u1ed9, \u0111\u1ec3 t\u1ea1o ra h\u01b0\u01a1ng v\u1ecb \u0111\u1eadm \u0111\u00e0 v\u00e0 th\u01a1m ngon. Gia v\u1ecb Masala g\u1ed3m nhi\u1ec1u lo\u1ea1i gia v\u1ecb nh\u01b0 h\u00e0nh, t\u1ecfi, \u1edbt, h\u1ea1t cumin, h\u1ea1t ti\u00eau v\u00e0 nhi\u1ec1u lo\u1ea1i gia v\u1ecb kh\u00e1c, t\u1ea1o n\u00ean m\u1ed9t h\u1ed7n h\u1ee3p phong ph\u00fa v\u00e0 \u0111\u1ed9c \u0111\u00e1o.<\/p>\n<p>Rava Masala Dosa c\u00f3 th\u1ec3 \u0111\u01b0\u1ee3c \u0103n m\u1ed9t m\u00ecnh ho\u1eb7c k\u00e8m theo n\u01b0\u1edbc ch\u1ea5m t\u01b0\u01a1ng \u1edbt, n\u01b0\u1edbc m\u1eafm ho\u1eb7c chutney \u0111\u1ec3 t\u0103ng th\u00eam h\u01b0\u01a1ng v\u1ecb. M\u00f3n \u0103n n\u00e0y th\u01b0\u1eddng \u0111\u01b0\u1ee3c \u0103n trong b\u1eefa s\u00e1ng ho\u1eb7c b\u1eefa t\u1ed1i, v\u00e0 c\u00f3 th\u1ec3 \u0111\u01b0\u1ee3c th\u01b0\u1edfng th\u1ee9c b\u1ea5t k\u1ef3 l\u00fac n\u00e0o trong ng\u00e0y.<\/p>\n<p>T\u1ea1i <a href=\"https:\/\/tandoorvietnam.com\/\">Tandoor Vietnam<\/a>, ch\u00fang t\u00f4i cam k\u1ebft s\u1eed d\u1ee5ng c\u00e1c nguy\u00ean li\u1ec7u t\u01b0\u01a1i ngon v\u00e0 ch\u1ea5t l\u01b0\u1ee3ng \u0111\u1ec3 t\u1ea1o ra b\u00e1nh x\u00e8o gi\u00f2n Rava \u01b0\u1edbp gia v\u1ecb Masala tuy\u1ec7t h\u1ea3o. Ch\u00fang t\u00f4i \u0111\u1eb7t s\u1ef1 ch\u00fa tr\u1ecdng v\u00e0o qu\u00e1 tr\u00ecnh ch\u1ebf bi\u1ebfn t\u1ec9 m\u1ec9 v\u00e0 \u0111\u1ea3m b\u1ea3o r\u1eb1ng m\u00f3n \u0103n c\u1ee7a ch\u00fang t\u00f4i mang \u0111\u1ebfn s\u1ef1 h\u00e0i l\u00f2ng cho kh\u00e1ch h\u00e0ng.<\/p>\n<p>H\u00e3y th\u01b0\u1edfng th\u1ee9c h\u01b0\u01a1ng v\u1ecb tuy\u1ec7t v\u1eddi c\u1ee7a Rava Masala Dosa\u00a0t\u1ea1i Tandoor Vietnam v\u00e0 kh\u00e1m ph\u00e1 s\u1ef1 k\u1ebft h\u1ee3p \u0111\u1ed9c \u0111\u00e1o gi\u1eefa v\u1ecf b\u00e1nh gi\u00f2n, gia v\u1ecb Masala th\u01a1m ngon v\u00e0 h\u01b0\u01a1ng v\u1ecb \u0111\u1eb7c tr\u01b0ng c\u1ee7a \u1ea4n \u0110\u1ed9.<\/p>\n","protected":false},"excerpt":{"rendered":"<p>B\u00e1nh Rava dosa v\u1edbi nh\u00e2n khoai t\u00e2y cay<\/p>\n","protected":false},"featured_media":0,"template":"","meta":[],"product_brand":[],"product_cat":[223],"product_tag":[],"class_list":{"0":"post-3218","1":"product","2":"type-product","3":"status-publish","5":"product_cat-cac-mon-banh-dosa","7":"first","8":"instock","9":"taxable","10":"shipping-taxable","11":"purchasable","12":"product-type-simple"},"yoast_head":"<!-- This site is optimized with the Yoast SEO Premium plugin v22.3 (Yoast SEO v27.5) - https:\/\/yoast.com\/product\/yoast-seo-premium-wordpress\/ -->\n<title>B\u00c1NH X\u00c8O GI\u00d2N RAVA \u01af\u1edaP GIA V\u1eca MASALA<\/title>\n<meta name=\"description\" content=\"B\u00e1nh x\u00e8o gi\u00f2n Rava \u01b0\u1edbp gia v\u1ecb Masala, m\u00f3n \u0103n \u0111\u1eadm \u0111\u00e0 v\u00e0 h\u1ea5p d\u1eabn t\u1eeb \u1ea4n \u0110\u1ed9, t\u1ea1i Tandoor Vietnam. Th\u01b0\u1edfng th\u1ee9c h\u01b0\u01a1ng v\u1ecb tuy\u1ec7t v\u1eddi m\u00e0 kh\u00f4ng c\u1ea7n \u0111\u1ebfn \u1ea4n \u0110\u1ed9.\" \/>\n<meta name=\"robots\" content=\"index, follow, max-snippet:-1, max-image-preview:large, max-video-preview:-1\" \/>\n<link rel=\"canonical\" href=\"https:\/\/tandoorvietnam.com\/vi\/sanpham\/cac-mon-banh-dosa\/banh-xeo-gion-rava-uop-gia-vi-masala\/\" \/>\n<meta property=\"og:locale\" content=\"vi_VN\" \/>\n<meta property=\"og:type\" content=\"article\" \/>\n<meta property=\"og:title\" content=\"Rava Masala Dosa (B\u00c1NH X\u00c8O GI\u00d2N RAVA \u01af\u1edaP GIA V\u1eca MASALA)\" \/>\n<meta property=\"og:description\" content=\"B\u00e1nh x\u00e8o gi\u00f2n Rava \u01b0\u1edbp gia v\u1ecb Masala, m\u00f3n \u0103n \u0111\u1eadm \u0111\u00e0 v\u00e0 h\u1ea5p d\u1eabn t\u1eeb \u1ea4n \u0110\u1ed9, t\u1ea1i Tandoor Vietnam. Th\u01b0\u1edfng th\u1ee9c h\u01b0\u01a1ng v\u1ecb tuy\u1ec7t v\u1eddi m\u00e0 kh\u00f4ng c\u1ea7n \u0111\u1ebfn \u1ea4n \u0110\u1ed9.\" \/>\n<meta property=\"og:url\" content=\"https:\/\/tandoorvietnam.com\/vi\/sanpham\/cac-mon-banh-dosa\/banh-xeo-gion-rava-uop-gia-vi-masala\/\" \/>\n<meta property=\"og:site_name\" content=\"Tandoor Vi\u1ec7t Nam\" \/>\n<meta property=\"article:publisher\" content=\"https:\/\/www.facebook.com\/tandoor.hcmc\/\" \/>\n<meta property=\"article:modified_time\" content=\"2023-05-20T09:24:54+00:00\" \/>\n<meta property=\"og:image\" content=\"https:\/\/tandoorvietnam.com\/wp-content\/uploads\/2020\/07\/opengraph.jpg\" \/>\n\t<meta property=\"og:image:width\" content=\"1200\" \/>\n\t<meta property=\"og:image:height\" content=\"630\" \/>\n\t<meta property=\"og:image:type\" content=\"image\/jpeg\" \/>\n<meta name=\"twitter:card\" content=\"summary_large_image\" \/>\n<meta name=\"twitter:label1\" content=\"Est. reading time\" \/>\n\t<meta name=\"twitter:data1\" content=\"2 minutes\" \/>\n<script type=\"application\/ld+json\" class=\"yoast-schema-graph\">{\"@context\":\"https:\\\/\\\/schema.org\",\"@graph\":[{\"@type\":\"WebPage\",\"@id\":\"https:\\\/\\\/tandoorvietnam.com\\\/vi\\\/sanpham\\\/cac-mon-banh-dosa\\\/banh-xeo-gion-rava-uop-gia-vi-masala\\\/\",\"url\":\"https:\\\/\\\/tandoorvietnam.com\\\/vi\\\/sanpham\\\/cac-mon-banh-dosa\\\/banh-xeo-gion-rava-uop-gia-vi-masala\\\/\",\"name\":\"B\u00c1NH X\u00c8O GI\u00d2N RAVA \u01af\u1edaP GIA V\u1eca MASALA\",\"isPartOf\":{\"@id\":\"https:\\\/\\\/tandoorvietnam.com\\\/vi\\\/#website\"},\"datePublished\":\"2021-04-14T07:21:58+00:00\",\"dateModified\":\"2023-05-20T09:24:54+00:00\",\"description\":\"B\u00e1nh x\u00e8o gi\u00f2n Rava \u01b0\u1edbp gia v\u1ecb Masala, m\u00f3n \u0103n \u0111\u1eadm \u0111\u00e0 v\u00e0 h\u1ea5p d\u1eabn t\u1eeb \u1ea4n \u0110\u1ed9, t\u1ea1i Tandoor Vietnam. Th\u01b0\u1edfng th\u1ee9c h\u01b0\u01a1ng v\u1ecb tuy\u1ec7t v\u1eddi m\u00e0 kh\u00f4ng c\u1ea7n \u0111\u1ebfn \u1ea4n \u0110\u1ed9.\",\"breadcrumb\":{\"@id\":\"https:\\\/\\\/tandoorvietnam.com\\\/vi\\\/sanpham\\\/cac-mon-banh-dosa\\\/banh-xeo-gion-rava-uop-gia-vi-masala\\\/#breadcrumb\"},\"inLanguage\":\"vi-VN\",\"potentialAction\":[{\"@type\":\"ReadAction\",\"target\":[\"https:\\\/\\\/tandoorvietnam.com\\\/vi\\\/sanpham\\\/cac-mon-banh-dosa\\\/banh-xeo-gion-rava-uop-gia-vi-masala\\\/\"]}]},{\"@type\":\"BreadcrumbList\",\"@id\":\"https:\\\/\\\/tandoorvietnam.com\\\/vi\\\/sanpham\\\/cac-mon-banh-dosa\\\/banh-xeo-gion-rava-uop-gia-vi-masala\\\/#breadcrumb\",\"itemListElement\":[{\"@type\":\"ListItem\",\"position\":1,\"name\":\"Trang Ch\u1ee7\",\"item\":\"https:\\\/\\\/tandoorvietnam.com\\\/vi\\\/\"},{\"@type\":\"ListItem\",\"position\":2,\"name\":\"Shop\",\"item\":\"https:\\\/\\\/tandoorvietnam.com\\\/shop\\\/\"},{\"@type\":\"ListItem\",\"position\":3,\"name\":\"Rava Masala Dosa (B\u00c1NH X\u00c8O GI\u00d2N RAVA \u01af\u1edaP GIA V\u1eca MASALA)\"}]},{\"@type\":\"WebSite\",\"@id\":\"https:\\\/\\\/tandoorvietnam.com\\\/vi\\\/#website\",\"url\":\"https:\\\/\\\/tandoorvietnam.com\\\/vi\\\/\",\"name\":\"Tandoor Vietnam\",\"description\":\"Nh\u00e0 h\u00e0ng ngon h\u1ed3 ch\u00ed minh\",\"publisher\":{\"@id\":\"https:\\\/\\\/tandoorvietnam.com\\\/vi\\\/#organization\"},\"potentialAction\":[{\"@type\":\"SearchAction\",\"target\":{\"@type\":\"EntryPoint\",\"urlTemplate\":\"https:\\\/\\\/tandoorvietnam.com\\\/vi\\\/?s={search_term_string}\"},\"query-input\":{\"@type\":\"PropertyValueSpecification\",\"valueRequired\":true,\"valueName\":\"search_term_string\"}}],\"inLanguage\":\"vi-VN\"},{\"@type\":\"Organization\",\"@id\":\"https:\\\/\\\/tandoorvietnam.com\\\/vi\\\/#organization\",\"name\":\"Tandoor Vietnam\",\"url\":\"https:\\\/\\\/tandoorvietnam.com\\\/vi\\\/\",\"logo\":{\"@type\":\"ImageObject\",\"inLanguage\":\"vi-VN\",\"@id\":\"https:\\\/\\\/tandoorvietnam.com\\\/vi\\\/#\\\/schema\\\/logo\\\/image\\\/\",\"url\":\"https:\\\/\\\/tandoorvietnam.com\\\/wp-content\\\/uploads\\\/2020\\\/07\\\/logo.png\",\"contentUrl\":\"https:\\\/\\\/tandoorvietnam.com\\\/wp-content\\\/uploads\\\/2020\\\/07\\\/logo.png\",\"width\":133,\"height\":75,\"caption\":\"Tandoor Vietnam\"},\"image\":{\"@id\":\"https:\\\/\\\/tandoorvietnam.com\\\/vi\\\/#\\\/schema\\\/logo\\\/image\\\/\"},\"sameAs\":[\"https:\\\/\\\/www.facebook.com\\\/tandoor.hcmc\\\/\"]}]}<\/script>\n<!-- \/ Yoast SEO Premium plugin. -->","yoast_head_json":{"title":"B\u00c1NH X\u00c8O GI\u00d2N RAVA \u01af\u1edaP GIA V\u1eca MASALA","description":"B\u00e1nh x\u00e8o gi\u00f2n Rava \u01b0\u1edbp gia v\u1ecb Masala, m\u00f3n \u0103n \u0111\u1eadm \u0111\u00e0 v\u00e0 h\u1ea5p d\u1eabn t\u1eeb \u1ea4n \u0110\u1ed9, t\u1ea1i Tandoor Vietnam. Th\u01b0\u1edfng th\u1ee9c h\u01b0\u01a1ng v\u1ecb tuy\u1ec7t v\u1eddi m\u00e0 kh\u00f4ng c\u1ea7n \u0111\u1ebfn \u1ea4n \u0110\u1ed9.","robots":{"index":"index","follow":"follow","max-snippet":"max-snippet:-1","max-image-preview":"max-image-preview:large","max-video-preview":"max-video-preview:-1"},"canonical":"https:\/\/tandoorvietnam.com\/vi\/sanpham\/cac-mon-banh-dosa\/banh-xeo-gion-rava-uop-gia-vi-masala\/","og_locale":"vi_VN","og_type":"article","og_title":"Rava Masala Dosa (B\u00c1NH X\u00c8O GI\u00d2N RAVA \u01af\u1edaP GIA V\u1eca MASALA)","og_description":"B\u00e1nh x\u00e8o gi\u00f2n Rava \u01b0\u1edbp gia v\u1ecb Masala, m\u00f3n \u0103n \u0111\u1eadm \u0111\u00e0 v\u00e0 h\u1ea5p d\u1eabn t\u1eeb \u1ea4n \u0110\u1ed9, t\u1ea1i Tandoor Vietnam. Th\u01b0\u1edfng th\u1ee9c h\u01b0\u01a1ng v\u1ecb tuy\u1ec7t v\u1eddi m\u00e0 kh\u00f4ng c\u1ea7n \u0111\u1ebfn \u1ea4n \u0110\u1ed9.","og_url":"https:\/\/tandoorvietnam.com\/vi\/sanpham\/cac-mon-banh-dosa\/banh-xeo-gion-rava-uop-gia-vi-masala\/","og_site_name":"Tandoor Vi\u1ec7t Nam","article_publisher":"https:\/\/www.facebook.com\/tandoor.hcmc\/","article_modified_time":"2023-05-20T09:24:54+00:00","og_image":[{"width":1200,"height":630,"url":"https:\/\/tandoorvietnam.com\/wp-content\/uploads\/2020\/07\/opengraph.jpg","type":"image\/jpeg"}],"twitter_card":"summary_large_image","twitter_misc":{"Est. reading time":"2 minutes"},"schema":{"@context":"https:\/\/schema.org","@graph":[{"@type":"WebPage","@id":"https:\/\/tandoorvietnam.com\/vi\/sanpham\/cac-mon-banh-dosa\/banh-xeo-gion-rava-uop-gia-vi-masala\/","url":"https:\/\/tandoorvietnam.com\/vi\/sanpham\/cac-mon-banh-dosa\/banh-xeo-gion-rava-uop-gia-vi-masala\/","name":"B\u00c1NH X\u00c8O GI\u00d2N RAVA \u01af\u1edaP GIA V\u1eca MASALA","isPartOf":{"@id":"https:\/\/tandoorvietnam.com\/vi\/#website"},"datePublished":"2021-04-14T07:21:58+00:00","dateModified":"2023-05-20T09:24:54+00:00","description":"B\u00e1nh x\u00e8o gi\u00f2n Rava \u01b0\u1edbp gia v\u1ecb Masala, m\u00f3n \u0103n \u0111\u1eadm \u0111\u00e0 v\u00e0 h\u1ea5p d\u1eabn t\u1eeb \u1ea4n \u0110\u1ed9, t\u1ea1i Tandoor Vietnam. Th\u01b0\u1edfng th\u1ee9c h\u01b0\u01a1ng v\u1ecb tuy\u1ec7t v\u1eddi m\u00e0 kh\u00f4ng c\u1ea7n \u0111\u1ebfn \u1ea4n \u0110\u1ed9.","breadcrumb":{"@id":"https:\/\/tandoorvietnam.com\/vi\/sanpham\/cac-mon-banh-dosa\/banh-xeo-gion-rava-uop-gia-vi-masala\/#breadcrumb"},"inLanguage":"vi-VN","potentialAction":[{"@type":"ReadAction","target":["https:\/\/tandoorvietnam.com\/vi\/sanpham\/cac-mon-banh-dosa\/banh-xeo-gion-rava-uop-gia-vi-masala\/"]}]},{"@type":"BreadcrumbList","@id":"https:\/\/tandoorvietnam.com\/vi\/sanpham\/cac-mon-banh-dosa\/banh-xeo-gion-rava-uop-gia-vi-masala\/#breadcrumb","itemListElement":[{"@type":"ListItem","position":1,"name":"Trang Ch\u1ee7","item":"https:\/\/tandoorvietnam.com\/vi\/"},{"@type":"ListItem","position":2,"name":"Shop","item":"https:\/\/tandoorvietnam.com\/shop\/"},{"@type":"ListItem","position":3,"name":"Rava Masala Dosa (B\u00c1NH X\u00c8O GI\u00d2N RAVA \u01af\u1edaP GIA V\u1eca MASALA)"}]},{"@type":"WebSite","@id":"https:\/\/tandoorvietnam.com\/vi\/#website","url":"https:\/\/tandoorvietnam.com\/vi\/","name":"Tandoor Vietnam","description":"Nh\u00e0 h\u00e0ng ngon h\u1ed3 ch\u00ed minh","publisher":{"@id":"https:\/\/tandoorvietnam.com\/vi\/#organization"},"potentialAction":[{"@type":"SearchAction","target":{"@type":"EntryPoint","urlTemplate":"https:\/\/tandoorvietnam.com\/vi\/?s={search_term_string}"},"query-input":{"@type":"PropertyValueSpecification","valueRequired":true,"valueName":"search_term_string"}}],"inLanguage":"vi-VN"},{"@type":"Organization","@id":"https:\/\/tandoorvietnam.com\/vi\/#organization","name":"Tandoor Vietnam","url":"https:\/\/tandoorvietnam.com\/vi\/","logo":{"@type":"ImageObject","inLanguage":"vi-VN","@id":"https:\/\/tandoorvietnam.com\/vi\/#\/schema\/logo\/image\/","url":"https:\/\/tandoorvietnam.com\/wp-content\/uploads\/2020\/07\/logo.png","contentUrl":"https:\/\/tandoorvietnam.com\/wp-content\/uploads\/2020\/07\/logo.png","width":133,"height":75,"caption":"Tandoor Vietnam"},"image":{"@id":"https:\/\/tandoorvietnam.com\/vi\/#\/schema\/logo\/image\/"},"sameAs":["https:\/\/www.facebook.com\/tandoor.hcmc\/"]}]}},"_links":{"self":[{"href":"https:\/\/tandoorvietnam.com\/vi\/wp-json\/wp\/v2\/product\/3218","targetHints":{"allow":["GET"]}}],"collection":[{"href":"https:\/\/tandoorvietnam.com\/vi\/wp-json\/wp\/v2\/product"}],"about":[{"href":"https:\/\/tandoorvietnam.com\/vi\/wp-json\/wp\/v2\/types\/product"}],"wp:attachment":[{"href":"https:\/\/tandoorvietnam.com\/vi\/wp-json\/wp\/v2\/media?parent=3218"}],"wp:term":[{"taxonomy":"product_brand","embeddable":true,"href":"https:\/\/tandoorvietnam.com\/vi\/wp-json\/wp\/v2\/product_brand?post=3218"},{"taxonomy":"product_cat","embeddable":true,"href":"https:\/\/tandoorvietnam.com\/vi\/wp-json\/wp\/v2\/product_cat?post=3218"},{"taxonomy":"product_tag","embeddable":true,"href":"https:\/\/tandoorvietnam.com\/vi\/wp-json\/wp\/v2\/product_tag?post=3218"}],"curies":[{"name":"wp","href":"https:\/\/api.w.org\/{rel}","templated":true}]}}