{"id":3219,"date":"2020-06-16T13:28:14","date_gmt":"2021-04-14T07:22:13","guid":{"rendered":"http:\/\/tandoorvietnam.com\/product\/uncategorized\/banh-xeo-gion-rava\/"},"modified":"2023-05-07T15:14:06","modified_gmt":"2023-05-07T15:14:06","slug":"banh-xeo-gion-rava","status":"publish","type":"product","link":"https:\/\/tandoorvietnam.com\/vi\/sanpham\/cac-mon-banh-dosa\/banh-xeo-gion-rava\/","title":{"rendered":"Rava Dosa (B\u00c1NH X\u00c8O GI\u00d2N RAVA)"},"content":{"rendered":"<p>B\u00e1nh x\u00e8o gi\u00f2n Rava l\u00e0 m\u00f3n \u0103n \u0111\u1eb7c tr\u01b0ng c\u1ee7a mi\u1ec1n Nam \u1ea4n \u0110\u1ed9, v\u1edbi h\u01b0\u01a1ng v\u1ecb th\u01a1m ngon v\u00e0 l\u1edbp v\u1ecf gi\u00f2n tan l\u00e0m say m\u00ea kh\u00f4ng \u00edt th\u1ef1c kh\u00e1ch. T\u1ea1i Tandoor Vietnam, ch\u00fang t\u00f4i mang \u0111\u1ebfn cho b\u1ea1n m\u00f3n b\u00e1nh x\u00e8o gi\u00f2n rava \u0111\u1eb7c bi\u1ec7t v\u1edbi nh\u00e2n b\u00ean trong \u0111\u01b0\u1ee3c ch\u1ebf bi\u1ebfn t\u1eeb khoai t\u00e2y v\u00e0 h\u00e0nh t\u00e2y, t\u1ea1o n\u00ean m\u1ed9t h\u01b0\u01a1ng v\u1ecb \u0111\u1eadm \u0111\u00e0 \u0111\u1eb7c tr\u01b0ng c\u1ee7a mi\u1ec1n Nam \u1ea4n \u0110\u1ed9.<\/p>\n<p>V\u1ecf b\u00e1nh \u0111\u01b0\u1ee3c l\u00e0m t\u1eeb b\u1ed9t m\u00ec v\u00e0 Rava (b\u1ed9t m\u00ec chi\u00ean gi\u00f2n), gi\u00fap cho b\u00e1nh c\u00f3 l\u1edbp v\u1ecf gi\u00f2n tan th\u01a1m ph\u1ee9c, k\u1ebft h\u1ee3p h\u00e0i h\u00f2a v\u1edbi nh\u00e2n b\u00ean trong. B\u00e1nh \u0111\u01b0\u1ee3c ch\u1ebf bi\u1ebfn theo ph\u01b0\u01a1ng ph\u00e1p truy\u1ec1n th\u1ed1ng, t\u1ea1o n\u00ean m\u1ed9t m\u00f3n \u0103n tuy\u1ec7t v\u1eddi m\u00e0 b\u1ea1n kh\u00f4ng n\u00ean b\u1ecf l\u1ee1 khi \u0111\u1ebfn <a href=\"https:\/\/tandoorvietnam.com\/\">nh\u00e0 h\u00e0ng Tandoor Vietnam<\/a>.<\/p>\n<p>B\u00e1nh x\u00e8o gi\u00f2n Rava l\u00e0 m\u1ed9t trong nh\u1eefng m\u00f3n \u0103n \u0111\u01b0\u1ee3c kh\u00e1ch h\u00e0ng y\u00eau th\u00edch nh\u1ea5t t\u1ea1i Tandoor Vietnam, v\u1edbi h\u01b0\u01a1ng v\u1ecb \u0111\u1eadm \u0111\u00e0, \u0111\u1ed9 gi\u00f2n tan ho\u00e0n h\u1ea3o v\u00e0 k\u1ebft h\u1ee3p h\u00e0i h\u00f2a c\u00f9ng c\u00e1c lo\u1ea1i n\u01b0\u1edbc ch\u1ea5m nh\u01b0 n\u01b0\u1edbc t\u01b0\u01a1ng, n\u01b0\u1edbc tamarind v\u00e0 n\u01b0\u1edbc \u1edbt. \u0110\u1eb7c bi\u1ec7t, m\u00f3n \u0103n n\u00e0y c\u00f2n \u0111\u01b0\u1ee3c ph\u1ee5c v\u1ee5 v\u1edbi rau s\u1ed1ng t\u01b0\u01a1i ngon, t\u1ea1o n\u00ean m\u1ed9t tr\u1ea3i nghi\u1ec7m \u1ea9m th\u1ef1c \u0111\u1ea7y \u0111\u1ee7 v\u00e0 \u0111a d\u1ea1ng.<\/p>\n","protected":false},"excerpt":{"rendered":"<p>B\u00e1nh Dosa l\u00e0m t\u1eeb l\u00faa m\u00ec \u1ea4n \u0110\u1ed9 (lo\u1ea1i b\u1ed9t b\u00e1ng)<\/p>\n","protected":false},"featured_media":3220,"template":"","meta":[],"product_brand":[],"product_cat":[223],"product_tag":[],"class_list":{"0":"post-3219","1":"product","2":"type-product","3":"status-publish","4":"has-post-thumbnail","6":"product_cat-cac-mon-banh-dosa","8":"first","9":"instock","10":"taxable","11":"shipping-taxable","12":"purchasable","13":"product-type-simple"},"yoast_head":"<!-- This site is optimized with the Yoast SEO Premium plugin v22.3 (Yoast SEO v27.5) - https:\/\/yoast.com\/product\/yoast-seo-premium-wordpress\/ -->\n<title>Rava Dosa (B\u00c1NH X\u00c8O GI\u00d2N RAVA) - Tandoor Vi\u1ec7t Nam<\/title>\n<meta name=\"description\" content=\"Tandoor Vietnam mang \u0111\u1ebfn cho b\u1ea1n m\u00f3n \u0103n tuy\u1ec7t v\u1eddi t\u1eeb mi\u1ec1n Nam \u1ea4n \u0110\u1ed9 - b\u00e1nh x\u00e8o gi\u00f2n rava, th\u01a1m ngon v\u1edbi l\u1edbp v\u1ecf gi\u00f2n v\u00e0 nh\u00e2n \u0111\u1eadm \u0111\u00e0.\" \/>\n<meta name=\"robots\" content=\"index, follow, max-snippet:-1, max-image-preview:large, max-video-preview:-1\" \/>\n<link rel=\"canonical\" href=\"https:\/\/tandoorvietnam.com\/vi\/sanpham\/cac-mon-banh-dosa\/banh-xeo-gion-rava\/\" \/>\n<meta property=\"og:locale\" content=\"vi_VN\" \/>\n<meta property=\"og:type\" content=\"article\" \/>\n<meta property=\"og:title\" content=\"Rava Dosa (B\u00c1NH X\u00c8O GI\u00d2N RAVA)\" \/>\n<meta property=\"og:description\" content=\"Tandoor Vietnam mang \u0111\u1ebfn cho b\u1ea1n m\u00f3n \u0103n tuy\u1ec7t v\u1eddi t\u1eeb mi\u1ec1n Nam \u1ea4n \u0110\u1ed9 - b\u00e1nh x\u00e8o gi\u00f2n rava, th\u01a1m ngon v\u1edbi l\u1edbp v\u1ecf gi\u00f2n v\u00e0 nh\u00e2n \u0111\u1eadm \u0111\u00e0.\" \/>\n<meta property=\"og:url\" content=\"https:\/\/tandoorvietnam.com\/vi\/sanpham\/cac-mon-banh-dosa\/banh-xeo-gion-rava\/\" \/>\n<meta property=\"og:site_name\" content=\"Tandoor Vi\u1ec7t Nam\" \/>\n<meta property=\"article:publisher\" content=\"https:\/\/www.facebook.com\/tandoor.hcmc\/\" \/>\n<meta property=\"article:modified_time\" content=\"2023-05-07T15:14:06+00:00\" \/>\n<meta property=\"og:image\" content=\"https:\/\/tandoorvietnam.com\/wp-content\/uploads\/2020\/06\/Rava-dosa.jpg\" \/>\n\t<meta property=\"og:image:width\" content=\"800\" \/>\n\t<meta property=\"og:image:height\" content=\"800\" \/>\n\t<meta property=\"og:image:type\" content=\"image\/jpeg\" \/>\n<meta name=\"twitter:card\" content=\"summary_large_image\" \/>\n<meta name=\"twitter:label1\" content=\"Est. reading time\" \/>\n\t<meta name=\"twitter:data1\" content=\"1 minute\" \/>\n<script type=\"application\/ld+json\" class=\"yoast-schema-graph\">{\"@context\":\"https:\\\/\\\/schema.org\",\"@graph\":[{\"@type\":\"WebPage\",\"@id\":\"https:\\\/\\\/tandoorvietnam.com\\\/vi\\\/sanpham\\\/cac-mon-banh-dosa\\\/banh-xeo-gion-rava\\\/\",\"url\":\"https:\\\/\\\/tandoorvietnam.com\\\/vi\\\/sanpham\\\/cac-mon-banh-dosa\\\/banh-xeo-gion-rava\\\/\",\"name\":\"Rava Dosa (B\u00c1NH X\u00c8O GI\u00d2N RAVA) - Tandoor Vi\u1ec7t Nam\",\"isPartOf\":{\"@id\":\"https:\\\/\\\/tandoorvietnam.com\\\/vi\\\/#website\"},\"primaryImageOfPage\":{\"@id\":\"https:\\\/\\\/tandoorvietnam.com\\\/vi\\\/sanpham\\\/cac-mon-banh-dosa\\\/banh-xeo-gion-rava\\\/#primaryimage\"},\"image\":{\"@id\":\"https:\\\/\\\/tandoorvietnam.com\\\/vi\\\/sanpham\\\/cac-mon-banh-dosa\\\/banh-xeo-gion-rava\\\/#primaryimage\"},\"thumbnailUrl\":\"https:\\\/\\\/tandoorvietnam.com\\\/wp-content\\\/uploads\\\/2020\\\/06\\\/Rava-dosa.jpg\",\"datePublished\":\"2021-04-14T07:22:13+00:00\",\"dateModified\":\"2023-05-07T15:14:06+00:00\",\"description\":\"Tandoor Vietnam mang \u0111\u1ebfn cho b\u1ea1n m\u00f3n \u0103n tuy\u1ec7t v\u1eddi t\u1eeb mi\u1ec1n Nam \u1ea4n \u0110\u1ed9 - b\u00e1nh x\u00e8o gi\u00f2n rava, th\u01a1m ngon v\u1edbi l\u1edbp v\u1ecf gi\u00f2n v\u00e0 nh\u00e2n \u0111\u1eadm \u0111\u00e0.\",\"breadcrumb\":{\"@id\":\"https:\\\/\\\/tandoorvietnam.com\\\/vi\\\/sanpham\\\/cac-mon-banh-dosa\\\/banh-xeo-gion-rava\\\/#breadcrumb\"},\"inLanguage\":\"vi-VN\",\"potentialAction\":[{\"@type\":\"ReadAction\",\"target\":[\"https:\\\/\\\/tandoorvietnam.com\\\/vi\\\/sanpham\\\/cac-mon-banh-dosa\\\/banh-xeo-gion-rava\\\/\"]}]},{\"@type\":\"ImageObject\",\"inLanguage\":\"vi-VN\",\"@id\":\"https:\\\/\\\/tandoorvietnam.com\\\/vi\\\/sanpham\\\/cac-mon-banh-dosa\\\/banh-xeo-gion-rava\\\/#primaryimage\",\"url\":\"https:\\\/\\\/tandoorvietnam.com\\\/wp-content\\\/uploads\\\/2020\\\/06\\\/Rava-dosa.jpg\",\"contentUrl\":\"https:\\\/\\\/tandoorvietnam.com\\\/wp-content\\\/uploads\\\/2020\\\/06\\\/Rava-dosa.jpg\",\"width\":800,\"height\":800,\"caption\":\"tandoor vietnam\"},{\"@type\":\"BreadcrumbList\",\"@id\":\"https:\\\/\\\/tandoorvietnam.com\\\/vi\\\/sanpham\\\/cac-mon-banh-dosa\\\/banh-xeo-gion-rava\\\/#breadcrumb\",\"itemListElement\":[{\"@type\":\"ListItem\",\"position\":1,\"name\":\"Trang Ch\u1ee7\",\"item\":\"https:\\\/\\\/tandoorvietnam.com\\\/vi\\\/\"},{\"@type\":\"ListItem\",\"position\":2,\"name\":\"Shop\",\"item\":\"https:\\\/\\\/tandoorvietnam.com\\\/shop\\\/\"},{\"@type\":\"ListItem\",\"position\":3,\"name\":\"Rava Dosa (B\u00c1NH X\u00c8O GI\u00d2N RAVA)\"}]},{\"@type\":\"WebSite\",\"@id\":\"https:\\\/\\\/tandoorvietnam.com\\\/vi\\\/#website\",\"url\":\"https:\\\/\\\/tandoorvietnam.com\\\/vi\\\/\",\"name\":\"Tandoor Vietnam\",\"description\":\"Nh\u00e0 h\u00e0ng ngon h\u1ed3 ch\u00ed minh\",\"publisher\":{\"@id\":\"https:\\\/\\\/tandoorvietnam.com\\\/vi\\\/#organization\"},\"potentialAction\":[{\"@type\":\"SearchAction\",\"target\":{\"@type\":\"EntryPoint\",\"urlTemplate\":\"https:\\\/\\\/tandoorvietnam.com\\\/vi\\\/?s={search_term_string}\"},\"query-input\":{\"@type\":\"PropertyValueSpecification\",\"valueRequired\":true,\"valueName\":\"search_term_string\"}}],\"inLanguage\":\"vi-VN\"},{\"@type\":\"Organization\",\"@id\":\"https:\\\/\\\/tandoorvietnam.com\\\/vi\\\/#organization\",\"name\":\"Tandoor Vietnam\",\"url\":\"https:\\\/\\\/tandoorvietnam.com\\\/vi\\\/\",\"logo\":{\"@type\":\"ImageObject\",\"inLanguage\":\"vi-VN\",\"@id\":\"https:\\\/\\\/tandoorvietnam.com\\\/vi\\\/#\\\/schema\\\/logo\\\/image\\\/\",\"url\":\"https:\\\/\\\/tandoorvietnam.com\\\/wp-content\\\/uploads\\\/2020\\\/07\\\/logo.png\",\"contentUrl\":\"https:\\\/\\\/tandoorvietnam.com\\\/wp-content\\\/uploads\\\/2020\\\/07\\\/logo.png\",\"width\":133,\"height\":75,\"caption\":\"Tandoor Vietnam\"},\"image\":{\"@id\":\"https:\\\/\\\/tandoorvietnam.com\\\/vi\\\/#\\\/schema\\\/logo\\\/image\\\/\"},\"sameAs\":[\"https:\\\/\\\/www.facebook.com\\\/tandoor.hcmc\\\/\"]}]}<\/script>\n<!-- \/ Yoast SEO Premium plugin. -->","yoast_head_json":{"title":"Rava Dosa (B\u00c1NH X\u00c8O GI\u00d2N RAVA) - Tandoor Vi\u1ec7t Nam","description":"Tandoor Vietnam mang \u0111\u1ebfn cho b\u1ea1n m\u00f3n \u0103n tuy\u1ec7t v\u1eddi t\u1eeb mi\u1ec1n Nam \u1ea4n \u0110\u1ed9 - b\u00e1nh x\u00e8o gi\u00f2n rava, th\u01a1m ngon v\u1edbi l\u1edbp v\u1ecf gi\u00f2n v\u00e0 nh\u00e2n \u0111\u1eadm \u0111\u00e0.","robots":{"index":"index","follow":"follow","max-snippet":"max-snippet:-1","max-image-preview":"max-image-preview:large","max-video-preview":"max-video-preview:-1"},"canonical":"https:\/\/tandoorvietnam.com\/vi\/sanpham\/cac-mon-banh-dosa\/banh-xeo-gion-rava\/","og_locale":"vi_VN","og_type":"article","og_title":"Rava Dosa (B\u00c1NH X\u00c8O GI\u00d2N RAVA)","og_description":"Tandoor Vietnam mang \u0111\u1ebfn cho b\u1ea1n m\u00f3n \u0103n tuy\u1ec7t v\u1eddi t\u1eeb mi\u1ec1n Nam \u1ea4n \u0110\u1ed9 - b\u00e1nh x\u00e8o gi\u00f2n rava, th\u01a1m ngon v\u1edbi l\u1edbp v\u1ecf gi\u00f2n v\u00e0 nh\u00e2n \u0111\u1eadm \u0111\u00e0.","og_url":"https:\/\/tandoorvietnam.com\/vi\/sanpham\/cac-mon-banh-dosa\/banh-xeo-gion-rava\/","og_site_name":"Tandoor Vi\u1ec7t Nam","article_publisher":"https:\/\/www.facebook.com\/tandoor.hcmc\/","article_modified_time":"2023-05-07T15:14:06+00:00","og_image":[{"width":800,"height":800,"url":"https:\/\/tandoorvietnam.com\/wp-content\/uploads\/2020\/06\/Rava-dosa.jpg","type":"image\/jpeg"}],"twitter_card":"summary_large_image","twitter_misc":{"Est. reading time":"1 minute"},"schema":{"@context":"https:\/\/schema.org","@graph":[{"@type":"WebPage","@id":"https:\/\/tandoorvietnam.com\/vi\/sanpham\/cac-mon-banh-dosa\/banh-xeo-gion-rava\/","url":"https:\/\/tandoorvietnam.com\/vi\/sanpham\/cac-mon-banh-dosa\/banh-xeo-gion-rava\/","name":"Rava Dosa (B\u00c1NH X\u00c8O GI\u00d2N RAVA) - Tandoor Vi\u1ec7t Nam","isPartOf":{"@id":"https:\/\/tandoorvietnam.com\/vi\/#website"},"primaryImageOfPage":{"@id":"https:\/\/tandoorvietnam.com\/vi\/sanpham\/cac-mon-banh-dosa\/banh-xeo-gion-rava\/#primaryimage"},"image":{"@id":"https:\/\/tandoorvietnam.com\/vi\/sanpham\/cac-mon-banh-dosa\/banh-xeo-gion-rava\/#primaryimage"},"thumbnailUrl":"https:\/\/tandoorvietnam.com\/wp-content\/uploads\/2020\/06\/Rava-dosa.jpg","datePublished":"2021-04-14T07:22:13+00:00","dateModified":"2023-05-07T15:14:06+00:00","description":"Tandoor Vietnam mang \u0111\u1ebfn cho b\u1ea1n m\u00f3n \u0103n tuy\u1ec7t v\u1eddi t\u1eeb mi\u1ec1n Nam \u1ea4n \u0110\u1ed9 - b\u00e1nh x\u00e8o gi\u00f2n rava, th\u01a1m ngon v\u1edbi l\u1edbp v\u1ecf gi\u00f2n v\u00e0 nh\u00e2n \u0111\u1eadm \u0111\u00e0.","breadcrumb":{"@id":"https:\/\/tandoorvietnam.com\/vi\/sanpham\/cac-mon-banh-dosa\/banh-xeo-gion-rava\/#breadcrumb"},"inLanguage":"vi-VN","potentialAction":[{"@type":"ReadAction","target":["https:\/\/tandoorvietnam.com\/vi\/sanpham\/cac-mon-banh-dosa\/banh-xeo-gion-rava\/"]}]},{"@type":"ImageObject","inLanguage":"vi-VN","@id":"https:\/\/tandoorvietnam.com\/vi\/sanpham\/cac-mon-banh-dosa\/banh-xeo-gion-rava\/#primaryimage","url":"https:\/\/tandoorvietnam.com\/wp-content\/uploads\/2020\/06\/Rava-dosa.jpg","contentUrl":"https:\/\/tandoorvietnam.com\/wp-content\/uploads\/2020\/06\/Rava-dosa.jpg","width":800,"height":800,"caption":"tandoor vietnam"},{"@type":"BreadcrumbList","@id":"https:\/\/tandoorvietnam.com\/vi\/sanpham\/cac-mon-banh-dosa\/banh-xeo-gion-rava\/#breadcrumb","itemListElement":[{"@type":"ListItem","position":1,"name":"Trang Ch\u1ee7","item":"https:\/\/tandoorvietnam.com\/vi\/"},{"@type":"ListItem","position":2,"name":"Shop","item":"https:\/\/tandoorvietnam.com\/shop\/"},{"@type":"ListItem","position":3,"name":"Rava Dosa (B\u00c1NH X\u00c8O GI\u00d2N RAVA)"}]},{"@type":"WebSite","@id":"https:\/\/tandoorvietnam.com\/vi\/#website","url":"https:\/\/tandoorvietnam.com\/vi\/","name":"Tandoor Vietnam","description":"Nh\u00e0 h\u00e0ng ngon h\u1ed3 ch\u00ed minh","publisher":{"@id":"https:\/\/tandoorvietnam.com\/vi\/#organization"},"potentialAction":[{"@type":"SearchAction","target":{"@type":"EntryPoint","urlTemplate":"https:\/\/tandoorvietnam.com\/vi\/?s={search_term_string}"},"query-input":{"@type":"PropertyValueSpecification","valueRequired":true,"valueName":"search_term_string"}}],"inLanguage":"vi-VN"},{"@type":"Organization","@id":"https:\/\/tandoorvietnam.com\/vi\/#organization","name":"Tandoor Vietnam","url":"https:\/\/tandoorvietnam.com\/vi\/","logo":{"@type":"ImageObject","inLanguage":"vi-VN","@id":"https:\/\/tandoorvietnam.com\/vi\/#\/schema\/logo\/image\/","url":"https:\/\/tandoorvietnam.com\/wp-content\/uploads\/2020\/07\/logo.png","contentUrl":"https:\/\/tandoorvietnam.com\/wp-content\/uploads\/2020\/07\/logo.png","width":133,"height":75,"caption":"Tandoor Vietnam"},"image":{"@id":"https:\/\/tandoorvietnam.com\/vi\/#\/schema\/logo\/image\/"},"sameAs":["https:\/\/www.facebook.com\/tandoor.hcmc\/"]}]}},"_links":{"self":[{"href":"https:\/\/tandoorvietnam.com\/vi\/wp-json\/wp\/v2\/product\/3219","targetHints":{"allow":["GET"]}}],"collection":[{"href":"https:\/\/tandoorvietnam.com\/vi\/wp-json\/wp\/v2\/product"}],"about":[{"href":"https:\/\/tandoorvietnam.com\/vi\/wp-json\/wp\/v2\/types\/product"}],"wp:featuredmedia":[{"embeddable":true,"href":"https:\/\/tandoorvietnam.com\/vi\/wp-json\/wp\/v2\/media\/3220"}],"wp:attachment":[{"href":"https:\/\/tandoorvietnam.com\/vi\/wp-json\/wp\/v2\/media?parent=3219"}],"wp:term":[{"taxonomy":"product_brand","embeddable":true,"href":"https:\/\/tandoorvietnam.com\/vi\/wp-json\/wp\/v2\/product_brand?post=3219"},{"taxonomy":"product_cat","embeddable":true,"href":"https:\/\/tandoorvietnam.com\/vi\/wp-json\/wp\/v2\/product_cat?post=3219"},{"taxonomy":"product_tag","embeddable":true,"href":"https:\/\/tandoorvietnam.com\/vi\/wp-json\/wp\/v2\/product_tag?post=3219"}],"curies":[{"name":"wp","href":"https:\/\/api.w.org\/{rel}","templated":true}]}}