{"id":3221,"date":"2020-06-16T13:19:33","date_gmt":"2021-04-14T07:22:59","guid":{"rendered":"http:\/\/tandoorvietnam.com\/product\/uncategorized\/banh-xeo-gion\/"},"modified":"2023-05-14T04:29:31","modified_gmt":"2023-05-14T04:29:31","slug":"banh-xeo-gion","status":"publish","type":"product","link":"https:\/\/tandoorvietnam.com\/vi\/sanpham\/cac-mon-banh-dosa\/banh-xeo-gion\/","title":{"rendered":"Sada Dosa (B\u00c1NH X\u00c8O GI\u00d2N)"},"content":{"rendered":"<p>B\u00e1nh x\u00e8o gi\u00f2n l\u00e0 m\u00f3n \u0103n truy\u1ec1n th\u1ed1ng n\u1ed5i ti\u1ebfng c\u1ee7a \u1ea4n \u0110\u1ed9 v\u00e0 \u0111\u01b0\u1ee3c ph\u1ee5c v\u1ee5 t\u1ea1i Tandoor Vietnam v\u1edbi phong c\u00e1ch ri\u00eang bi\u1ec7t. B\u00e1nh \u0111\u01b0\u1ee3c ch\u1ebf bi\u1ebfn t\u1eeb b\u1ed9t g\u1ea1o, b\u1ed9t n\u0103ng v\u00e0 n\u01b0\u1edbc d\u1eeba, sau \u0111\u00f3 \u0111\u01b0\u1ee3c chi\u00ean gi\u00f2n trong d\u1ea7u n\u00f3ng \u0111\u1ec3 t\u1ea1o ra l\u1edbp v\u1ecf gi\u00f2n tan m\u00e0 b\u00ean trong v\u1eabn gi\u1eef \u0111\u01b0\u1ee3c \u0111\u1ed9 \u1ea9m v\u00e0 nh\u00e2n th\u01a1m ngon.<\/p>\n<p>Nh\u00e2n Sada Dosa t\u1ea1i Tandoor Vietnam th\u01b0\u1eddng l\u00e0 s\u1ef1 k\u1ebft h\u1ee3p c\u1ee7a nhi\u1ec1u nguy\u00ean li\u1ec7u nh\u01b0 rau, h\u00e0nh t\u00e2y v\u00e0 gia v\u1ecb \u1ea4n \u0110\u1ed9 nh\u01b0 c\u00e0 ri, \u1edbt, cumin v\u00e0 h\u1ea1t ti\u00eau. M\u1ed7i lo\u1ea1i nguy\u00ean li\u1ec7u \u0111\u1ec1u \u0111\u01b0\u1ee3c chu\u1ea9n b\u1ecb v\u00e0 \u01b0\u1edbp chung \u0111\u1ec3 t\u1ea1o ra h\u01b0\u01a1ng v\u1ecb \u0111\u1eadm \u0111\u00e0 v\u00e0 \u0111\u1eb7c tr\u01b0ng c\u1ee7a m\u00f3n \u0103n n\u00e0y.<\/p>\n<p>B\u00e1nh x\u00e8o gi\u00f2n l\u00e0 m\u00f3n \u0103n v\u1eeba ngon mi\u1ec7ng v\u1eeba b\u1ed5 d\u01b0\u1ee1ng, ph\u00f9 h\u1ee3p \u0111\u1ec3 th\u01b0\u1edfng th\u1ee9c v\u00e0o b\u1ea5t k\u1ef3 th\u1eddi \u0111i\u1ec3m n\u00e0o trong ng\u00e0y. B\u1ea1n c\u00f3 th\u1ec3 th\u01b0\u1edfng th\u1ee9c Sada Dosa\u00a0c\u00f9ng v\u1edbi n\u01b0\u1edbc ch\u1ea5m t\u01b0\u01a1ng \u1edbt ho\u1eb7c t\u01b0\u01a1ng x\u1ed1t cay \u0111\u1ec3 t\u0103ng th\u00eam h\u01b0\u01a1ng v\u1ecb, ho\u1eb7c c\u00f9ng v\u1edbi rau s\u1ed1ng v\u00e0 d\u01b0a leo \u0111\u1ec3 t\u1ea1o th\u00eam \u0111\u1ed9 t\u01b0\u01a1i m\u00e1t v\u00e0 h\u1ea5p d\u1eabn. Ch\u1eafc ch\u1eafn r\u1eb1ng b\u00e1nh x\u00e8o gi\u00f2n s\u1ebd l\u00e0 m\u00f3n \u0103n kh\u00f4ng th\u1ec3 b\u1ecf qua khi \u0111\u1ebfn th\u01b0\u1edfng th\u1ee9c \u1ea9m th\u1ef1c \u1ea4n \u0110\u1ed9 t\u1ea1i <a href=\"https:\/\/tandoorvietnam.com\/\">Tandoor Vietnam<\/a>.<\/p>\n","protected":false},"excerpt":{"rendered":"<p>M\u1ec1m ho\u1eb7c gi\u00f2n<\/p>\n","protected":false},"featured_media":3222,"template":"","meta":[],"product_brand":[],"product_cat":[223],"product_tag":[],"class_list":{"0":"post-3221","1":"product","2":"type-product","3":"status-publish","4":"has-post-thumbnail","6":"product_cat-cac-mon-banh-dosa","8":"first","9":"instock","10":"taxable","11":"shipping-taxable","12":"purchasable","13":"product-type-simple"},"yoast_head":"<!-- This site is optimized with the Yoast SEO Premium plugin v22.3 (Yoast SEO v27.5) - https:\/\/yoast.com\/product\/yoast-seo-premium-wordpress\/ -->\n<title>Sada Dosa (B\u00c1NH X\u00c8O GI\u00d2N) - Tandoor Vi\u1ec7t Nam<\/title>\n<meta name=\"description\" content=\"Th\u01b0\u1edfng th\u1ee9c b\u00e1nh x\u00e8o gi\u00f2n t\u1ea1i Tandoor Vietnam, m\u00f3n \u0103n \u0111\u1eb7c tr\u01b0ng c\u1ee7a \u1ea4n \u0110\u1ed9 \u0111\u01b0\u1ee3c ch\u1ebf bi\u1ebfn v\u1edbi nh\u1eefng nguy\u00ean li\u1ec7u t\u01b0\u01a1i ngon v\u00e0 th\u01a1m ngon nh\u1ea5t.\" \/>\n<meta name=\"robots\" content=\"index, follow, max-snippet:-1, max-image-preview:large, max-video-preview:-1\" \/>\n<link rel=\"canonical\" href=\"https:\/\/tandoorvietnam.com\/vi\/sanpham\/cac-mon-banh-dosa\/banh-xeo-gion\/\" \/>\n<meta property=\"og:locale\" content=\"vi_VN\" \/>\n<meta property=\"og:type\" content=\"article\" \/>\n<meta property=\"og:title\" content=\"Sada Dosa (B\u00c1NH X\u00c8O GI\u00d2N)\" \/>\n<meta property=\"og:description\" content=\"Th\u01b0\u1edfng th\u1ee9c b\u00e1nh x\u00e8o gi\u00f2n t\u1ea1i Tandoor Vietnam, m\u00f3n \u0103n \u0111\u1eb7c tr\u01b0ng c\u1ee7a \u1ea4n \u0110\u1ed9 \u0111\u01b0\u1ee3c ch\u1ebf bi\u1ebfn v\u1edbi nh\u1eefng nguy\u00ean li\u1ec7u t\u01b0\u01a1i ngon v\u00e0 th\u01a1m ngon nh\u1ea5t.\" \/>\n<meta property=\"og:url\" content=\"https:\/\/tandoorvietnam.com\/vi\/sanpham\/cac-mon-banh-dosa\/banh-xeo-gion\/\" \/>\n<meta property=\"og:site_name\" content=\"Tandoor Vi\u1ec7t Nam\" \/>\n<meta property=\"article:publisher\" content=\"https:\/\/www.facebook.com\/tandoor.hcmc\/\" \/>\n<meta property=\"article:modified_time\" content=\"2023-05-14T04:29:31+00:00\" \/>\n<meta property=\"og:image\" content=\"https:\/\/tandoorvietnam.com\/wp-content\/uploads\/2020\/06\/Sada-Dosa.jpg\" \/>\n\t<meta property=\"og:image:width\" content=\"800\" \/>\n\t<meta property=\"og:image:height\" content=\"800\" \/>\n\t<meta property=\"og:image:type\" content=\"image\/jpeg\" \/>\n<meta name=\"twitter:card\" content=\"summary_large_image\" \/>\n<meta name=\"twitter:label1\" content=\"Est. reading time\" \/>\n\t<meta name=\"twitter:data1\" content=\"1 minute\" \/>\n<script type=\"application\/ld+json\" class=\"yoast-schema-graph\">{\"@context\":\"https:\\\/\\\/schema.org\",\"@graph\":[{\"@type\":\"WebPage\",\"@id\":\"https:\\\/\\\/tandoorvietnam.com\\\/vi\\\/sanpham\\\/cac-mon-banh-dosa\\\/banh-xeo-gion\\\/\",\"url\":\"https:\\\/\\\/tandoorvietnam.com\\\/vi\\\/sanpham\\\/cac-mon-banh-dosa\\\/banh-xeo-gion\\\/\",\"name\":\"Sada Dosa (B\u00c1NH X\u00c8O GI\u00d2N) - Tandoor Vi\u1ec7t Nam\",\"isPartOf\":{\"@id\":\"https:\\\/\\\/tandoorvietnam.com\\\/vi\\\/#website\"},\"primaryImageOfPage\":{\"@id\":\"https:\\\/\\\/tandoorvietnam.com\\\/vi\\\/sanpham\\\/cac-mon-banh-dosa\\\/banh-xeo-gion\\\/#primaryimage\"},\"image\":{\"@id\":\"https:\\\/\\\/tandoorvietnam.com\\\/vi\\\/sanpham\\\/cac-mon-banh-dosa\\\/banh-xeo-gion\\\/#primaryimage\"},\"thumbnailUrl\":\"https:\\\/\\\/tandoorvietnam.com\\\/wp-content\\\/uploads\\\/2020\\\/06\\\/Sada-Dosa.jpg\",\"datePublished\":\"2021-04-14T07:22:59+00:00\",\"dateModified\":\"2023-05-14T04:29:31+00:00\",\"description\":\"Th\u01b0\u1edfng th\u1ee9c b\u00e1nh x\u00e8o gi\u00f2n t\u1ea1i Tandoor Vietnam, m\u00f3n \u0103n \u0111\u1eb7c tr\u01b0ng c\u1ee7a \u1ea4n \u0110\u1ed9 \u0111\u01b0\u1ee3c ch\u1ebf bi\u1ebfn v\u1edbi nh\u1eefng nguy\u00ean li\u1ec7u t\u01b0\u01a1i ngon v\u00e0 th\u01a1m ngon nh\u1ea5t.\",\"breadcrumb\":{\"@id\":\"https:\\\/\\\/tandoorvietnam.com\\\/vi\\\/sanpham\\\/cac-mon-banh-dosa\\\/banh-xeo-gion\\\/#breadcrumb\"},\"inLanguage\":\"vi-VN\",\"potentialAction\":[{\"@type\":\"ReadAction\",\"target\":[\"https:\\\/\\\/tandoorvietnam.com\\\/vi\\\/sanpham\\\/cac-mon-banh-dosa\\\/banh-xeo-gion\\\/\"]}]},{\"@type\":\"ImageObject\",\"inLanguage\":\"vi-VN\",\"@id\":\"https:\\\/\\\/tandoorvietnam.com\\\/vi\\\/sanpham\\\/cac-mon-banh-dosa\\\/banh-xeo-gion\\\/#primaryimage\",\"url\":\"https:\\\/\\\/tandoorvietnam.com\\\/wp-content\\\/uploads\\\/2020\\\/06\\\/Sada-Dosa.jpg\",\"contentUrl\":\"https:\\\/\\\/tandoorvietnam.com\\\/wp-content\\\/uploads\\\/2020\\\/06\\\/Sada-Dosa.jpg\",\"width\":800,\"height\":800,\"caption\":\"B\u00c1NH X\u00c8O GI\u00d2N\"},{\"@type\":\"BreadcrumbList\",\"@id\":\"https:\\\/\\\/tandoorvietnam.com\\\/vi\\\/sanpham\\\/cac-mon-banh-dosa\\\/banh-xeo-gion\\\/#breadcrumb\",\"itemListElement\":[{\"@type\":\"ListItem\",\"position\":1,\"name\":\"Trang Ch\u1ee7\",\"item\":\"https:\\\/\\\/tandoorvietnam.com\\\/vi\\\/\"},{\"@type\":\"ListItem\",\"position\":2,\"name\":\"Shop\",\"item\":\"https:\\\/\\\/tandoorvietnam.com\\\/shop\\\/\"},{\"@type\":\"ListItem\",\"position\":3,\"name\":\"Sada Dosa (B\u00c1NH X\u00c8O GI\u00d2N)\"}]},{\"@type\":\"WebSite\",\"@id\":\"https:\\\/\\\/tandoorvietnam.com\\\/vi\\\/#website\",\"url\":\"https:\\\/\\\/tandoorvietnam.com\\\/vi\\\/\",\"name\":\"Tandoor Vietnam\",\"description\":\"Nh\u00e0 h\u00e0ng ngon h\u1ed3 ch\u00ed minh\",\"publisher\":{\"@id\":\"https:\\\/\\\/tandoorvietnam.com\\\/vi\\\/#organization\"},\"potentialAction\":[{\"@type\":\"SearchAction\",\"target\":{\"@type\":\"EntryPoint\",\"urlTemplate\":\"https:\\\/\\\/tandoorvietnam.com\\\/vi\\\/?s={search_term_string}\"},\"query-input\":{\"@type\":\"PropertyValueSpecification\",\"valueRequired\":true,\"valueName\":\"search_term_string\"}}],\"inLanguage\":\"vi-VN\"},{\"@type\":\"Organization\",\"@id\":\"https:\\\/\\\/tandoorvietnam.com\\\/vi\\\/#organization\",\"name\":\"Tandoor Vietnam\",\"url\":\"https:\\\/\\\/tandoorvietnam.com\\\/vi\\\/\",\"logo\":{\"@type\":\"ImageObject\",\"inLanguage\":\"vi-VN\",\"@id\":\"https:\\\/\\\/tandoorvietnam.com\\\/vi\\\/#\\\/schema\\\/logo\\\/image\\\/\",\"url\":\"https:\\\/\\\/tandoorvietnam.com\\\/wp-content\\\/uploads\\\/2020\\\/07\\\/logo.png\",\"contentUrl\":\"https:\\\/\\\/tandoorvietnam.com\\\/wp-content\\\/uploads\\\/2020\\\/07\\\/logo.png\",\"width\":133,\"height\":75,\"caption\":\"Tandoor Vietnam\"},\"image\":{\"@id\":\"https:\\\/\\\/tandoorvietnam.com\\\/vi\\\/#\\\/schema\\\/logo\\\/image\\\/\"},\"sameAs\":[\"https:\\\/\\\/www.facebook.com\\\/tandoor.hcmc\\\/\"]}]}<\/script>\n<!-- \/ Yoast SEO Premium plugin. -->","yoast_head_json":{"title":"Sada Dosa (B\u00c1NH X\u00c8O GI\u00d2N) - Tandoor Vi\u1ec7t Nam","description":"Th\u01b0\u1edfng th\u1ee9c b\u00e1nh x\u00e8o gi\u00f2n t\u1ea1i Tandoor Vietnam, m\u00f3n \u0103n \u0111\u1eb7c tr\u01b0ng c\u1ee7a \u1ea4n \u0110\u1ed9 \u0111\u01b0\u1ee3c ch\u1ebf bi\u1ebfn v\u1edbi nh\u1eefng nguy\u00ean li\u1ec7u t\u01b0\u01a1i ngon v\u00e0 th\u01a1m ngon nh\u1ea5t.","robots":{"index":"index","follow":"follow","max-snippet":"max-snippet:-1","max-image-preview":"max-image-preview:large","max-video-preview":"max-video-preview:-1"},"canonical":"https:\/\/tandoorvietnam.com\/vi\/sanpham\/cac-mon-banh-dosa\/banh-xeo-gion\/","og_locale":"vi_VN","og_type":"article","og_title":"Sada Dosa (B\u00c1NH X\u00c8O GI\u00d2N)","og_description":"Th\u01b0\u1edfng th\u1ee9c b\u00e1nh x\u00e8o gi\u00f2n t\u1ea1i Tandoor Vietnam, m\u00f3n \u0103n \u0111\u1eb7c tr\u01b0ng c\u1ee7a \u1ea4n \u0110\u1ed9 \u0111\u01b0\u1ee3c ch\u1ebf bi\u1ebfn v\u1edbi nh\u1eefng nguy\u00ean li\u1ec7u t\u01b0\u01a1i ngon v\u00e0 th\u01a1m ngon nh\u1ea5t.","og_url":"https:\/\/tandoorvietnam.com\/vi\/sanpham\/cac-mon-banh-dosa\/banh-xeo-gion\/","og_site_name":"Tandoor Vi\u1ec7t Nam","article_publisher":"https:\/\/www.facebook.com\/tandoor.hcmc\/","article_modified_time":"2023-05-14T04:29:31+00:00","og_image":[{"width":800,"height":800,"url":"https:\/\/tandoorvietnam.com\/wp-content\/uploads\/2020\/06\/Sada-Dosa.jpg","type":"image\/jpeg"}],"twitter_card":"summary_large_image","twitter_misc":{"Est. reading time":"1 minute"},"schema":{"@context":"https:\/\/schema.org","@graph":[{"@type":"WebPage","@id":"https:\/\/tandoorvietnam.com\/vi\/sanpham\/cac-mon-banh-dosa\/banh-xeo-gion\/","url":"https:\/\/tandoorvietnam.com\/vi\/sanpham\/cac-mon-banh-dosa\/banh-xeo-gion\/","name":"Sada Dosa (B\u00c1NH X\u00c8O GI\u00d2N) - Tandoor Vi\u1ec7t Nam","isPartOf":{"@id":"https:\/\/tandoorvietnam.com\/vi\/#website"},"primaryImageOfPage":{"@id":"https:\/\/tandoorvietnam.com\/vi\/sanpham\/cac-mon-banh-dosa\/banh-xeo-gion\/#primaryimage"},"image":{"@id":"https:\/\/tandoorvietnam.com\/vi\/sanpham\/cac-mon-banh-dosa\/banh-xeo-gion\/#primaryimage"},"thumbnailUrl":"https:\/\/tandoorvietnam.com\/wp-content\/uploads\/2020\/06\/Sada-Dosa.jpg","datePublished":"2021-04-14T07:22:59+00:00","dateModified":"2023-05-14T04:29:31+00:00","description":"Th\u01b0\u1edfng th\u1ee9c b\u00e1nh x\u00e8o gi\u00f2n t\u1ea1i Tandoor Vietnam, m\u00f3n \u0103n \u0111\u1eb7c tr\u01b0ng c\u1ee7a \u1ea4n \u0110\u1ed9 \u0111\u01b0\u1ee3c ch\u1ebf bi\u1ebfn v\u1edbi nh\u1eefng nguy\u00ean li\u1ec7u t\u01b0\u01a1i ngon v\u00e0 th\u01a1m ngon nh\u1ea5t.","breadcrumb":{"@id":"https:\/\/tandoorvietnam.com\/vi\/sanpham\/cac-mon-banh-dosa\/banh-xeo-gion\/#breadcrumb"},"inLanguage":"vi-VN","potentialAction":[{"@type":"ReadAction","target":["https:\/\/tandoorvietnam.com\/vi\/sanpham\/cac-mon-banh-dosa\/banh-xeo-gion\/"]}]},{"@type":"ImageObject","inLanguage":"vi-VN","@id":"https:\/\/tandoorvietnam.com\/vi\/sanpham\/cac-mon-banh-dosa\/banh-xeo-gion\/#primaryimage","url":"https:\/\/tandoorvietnam.com\/wp-content\/uploads\/2020\/06\/Sada-Dosa.jpg","contentUrl":"https:\/\/tandoorvietnam.com\/wp-content\/uploads\/2020\/06\/Sada-Dosa.jpg","width":800,"height":800,"caption":"B\u00c1NH X\u00c8O GI\u00d2N"},{"@type":"BreadcrumbList","@id":"https:\/\/tandoorvietnam.com\/vi\/sanpham\/cac-mon-banh-dosa\/banh-xeo-gion\/#breadcrumb","itemListElement":[{"@type":"ListItem","position":1,"name":"Trang Ch\u1ee7","item":"https:\/\/tandoorvietnam.com\/vi\/"},{"@type":"ListItem","position":2,"name":"Shop","item":"https:\/\/tandoorvietnam.com\/shop\/"},{"@type":"ListItem","position":3,"name":"Sada Dosa (B\u00c1NH X\u00c8O GI\u00d2N)"}]},{"@type":"WebSite","@id":"https:\/\/tandoorvietnam.com\/vi\/#website","url":"https:\/\/tandoorvietnam.com\/vi\/","name":"Tandoor Vietnam","description":"Nh\u00e0 h\u00e0ng ngon h\u1ed3 ch\u00ed minh","publisher":{"@id":"https:\/\/tandoorvietnam.com\/vi\/#organization"},"potentialAction":[{"@type":"SearchAction","target":{"@type":"EntryPoint","urlTemplate":"https:\/\/tandoorvietnam.com\/vi\/?s={search_term_string}"},"query-input":{"@type":"PropertyValueSpecification","valueRequired":true,"valueName":"search_term_string"}}],"inLanguage":"vi-VN"},{"@type":"Organization","@id":"https:\/\/tandoorvietnam.com\/vi\/#organization","name":"Tandoor Vietnam","url":"https:\/\/tandoorvietnam.com\/vi\/","logo":{"@type":"ImageObject","inLanguage":"vi-VN","@id":"https:\/\/tandoorvietnam.com\/vi\/#\/schema\/logo\/image\/","url":"https:\/\/tandoorvietnam.com\/wp-content\/uploads\/2020\/07\/logo.png","contentUrl":"https:\/\/tandoorvietnam.com\/wp-content\/uploads\/2020\/07\/logo.png","width":133,"height":75,"caption":"Tandoor Vietnam"},"image":{"@id":"https:\/\/tandoorvietnam.com\/vi\/#\/schema\/logo\/image\/"},"sameAs":["https:\/\/www.facebook.com\/tandoor.hcmc\/"]}]}},"_links":{"self":[{"href":"https:\/\/tandoorvietnam.com\/vi\/wp-json\/wp\/v2\/product\/3221","targetHints":{"allow":["GET"]}}],"collection":[{"href":"https:\/\/tandoorvietnam.com\/vi\/wp-json\/wp\/v2\/product"}],"about":[{"href":"https:\/\/tandoorvietnam.com\/vi\/wp-json\/wp\/v2\/types\/product"}],"wp:featuredmedia":[{"embeddable":true,"href":"https:\/\/tandoorvietnam.com\/vi\/wp-json\/wp\/v2\/media\/3222"}],"wp:attachment":[{"href":"https:\/\/tandoorvietnam.com\/vi\/wp-json\/wp\/v2\/media?parent=3221"}],"wp:term":[{"taxonomy":"product_brand","embeddable":true,"href":"https:\/\/tandoorvietnam.com\/vi\/wp-json\/wp\/v2\/product_brand?post=3221"},{"taxonomy":"product_cat","embeddable":true,"href":"https:\/\/tandoorvietnam.com\/vi\/wp-json\/wp\/v2\/product_cat?post=3221"},{"taxonomy":"product_tag","embeddable":true,"href":"https:\/\/tandoorvietnam.com\/vi\/wp-json\/wp\/v2\/product_tag?post=3221"}],"curies":[{"name":"wp","href":"https:\/\/api.w.org\/{rel}","templated":true}]}}