{"id":3223,"date":"2020-06-16T13:16:31","date_gmt":"2021-04-14T07:23:37","guid":{"rendered":"http:\/\/tandoorvietnam.com\/product\/uncategorized\/combo-banh-xeo-gion\/"},"modified":"2023-05-07T14:51:08","modified_gmt":"2023-05-07T14:51:08","slug":"combo-banh-xeo-gion","status":"publish","type":"product","link":"https:\/\/tandoorvietnam.com\/vi\/sanpham\/cac-mon-banh-dosa\/combo-banh-xeo-gion\/","title":{"rendered":"Set Dosa (COMBO B\u00c1NH X\u00c8O GI\u00d2N)"},"content":{"rendered":"<p>Combo b\u00e1nh x\u00e8o gi\u00f2n c\u1ee7a Tandoor Vietnam l\u00e0 s\u1ef1 k\u1ebft h\u1ee3p \u0111\u1ed9c \u0111\u00e1o gi\u1eefa 2 mi\u1ebfng b\u00e1nh Dosa m\u1ec1m v\u00e0 d\u00e0y \u0111\u01b0\u1ee3c bao ph\u1ee7 b\u1edfi l\u1edbp v\u1ecf gi\u00f2n tan. \u0110\u00e2y l\u00e0 m\u00f3n \u0103n \u0111\u01b0\u1ee3c y\u00eau th\u00edch b\u1edfi s\u1ef1 h\u00f2a quy\u1ec7n gi\u1eefa v\u1ecb chua, v\u1ecb ng\u1ecdt, v\u1ecb cay v\u00e0 v\u1ecb m\u1eb7n c\u1ee7a c\u00e1c nguy\u00ean li\u1ec7u t\u01b0\u01a1i ngon nh\u01b0 rau, t\u00f4m, th\u1ecbt heo, gia v\u1ecb v\u00e0 n\u01b0\u1edbc ch\u1ea5m \u0111\u1eadm \u0111\u00e0.<\/p>\n<p>B\u00e1nh Dosa l\u00e0 m\u1ed9t m\u00f3n \u0103n truy\u1ec1n th\u1ed1ng \u1edf Nam \u1ea4n \u0110\u1ed9, \u0111\u01b0\u1ee3c l\u00e0m t\u1eeb b\u1ed9t g\u1ea1o v\u00e0 \u0111\u1eadu n\u00e0nh. Khi ch\u1ebf bi\u1ebfn, b\u1ed9t Dosa \u0111\u01b0\u1ee3c pha v\u1edbi n\u01b0\u1edbc \u0111\u1ec3 t\u1ea1o ra m\u1ed9t h\u1ed7n h\u1ee3p \u0111\u1eadm \u0111\u1eb7c, sau \u0111\u00f3 \u0111\u01b0\u1ee3c \u1ee7 v\u00e0 \u01b0\u1edbp trong m\u1ed9t th\u1eddi gian nh\u1ea5t \u0111\u1ecbnh.<\/p>\n<p>Sau khi ch\u00edn, b\u00e1nh Dosa s\u1ebd m\u1ec1m m\u1ecbn, m\u1ecfng v\u00e0 c\u00f3 m\u00e0u v\u00e0ng nh\u1ea1t. Khi k\u1ebft h\u1ee3p v\u1edbi c\u00e1c nguy\u00ean li\u1ec7u nh\u01b0 t\u00f4m, th\u1ecbt heo v\u00e0 rau c\u1ee7, b\u00e1nh Dosa tr\u1edf n\u00ean th\u01a1m ngon v\u00e0 \u0111\u1ea7y \u0111\u1eb7n h\u01a1n.<\/p>\n<p><a href=\"https:\/\/tandoorvietnam.com\/vi\/sanpham\/cac-mon-banh-dosa\/combo-banh-xeo-gion\/\">Combo b\u00e1nh x\u00e8o gi\u00f2n<\/a> c\u1ee7a Tandoor Vietnam \u0111\u01b0\u1ee3c ch\u1ebf bi\u1ebfn v\u1edbi c\u00e1c nguy\u00ean li\u1ec7u t\u01b0\u01a1i ngon v\u00e0 \u0111\u01b0\u1ee3c \u01b0\u1edbp v\u1edbi c\u00e1c lo\u1ea1i gia v\u1ecb \u0111\u1eb7c bi\u1ec7t, sau \u0111\u00f3 \u0111\u01b0\u1ee3c chi\u00ean gi\u00f2n \u0111\u1ec3 t\u1ea1o ra l\u1edbp v\u1ecf gi\u00f2n tan b\u00ean ngo\u00e0i.<\/p>\n<p>Khi \u0103n, h\u01b0\u01a1ng v\u1ecb th\u01a1m ngon c\u1ee7a b\u00e1nh Dosa c\u00f9ng v\u1edbi s\u1ef1 gi\u00f2n tan c\u1ee7a l\u1edbp v\u1ecf s\u1ebd khi\u1ebfn b\u1ea1n c\u1ea3m th\u1ea5y th\u00edch th\u00fa v\u00e0 h\u00e0i l\u00f2ng. Combo b\u00e1nh x\u00e8o gion l\u00e0 m\u00f3n \u0103n ph\u00f9 h\u1ee3p cho c\u00e1c b\u1eefa ti\u1ec7c, h\u1ed9i ngh\u1ecb hay c\u00e1c d\u1ecbp l\u1ec5 t\u1ebft.<\/p>\n","protected":false},"excerpt":{"rendered":"<p>2 mi\u1ebfng b\u00e1nh Dosa m\u1ec1m v\u00e0 d\u00e0y<\/p>\n","protected":false},"featured_media":3224,"template":"","meta":[],"product_brand":[],"product_cat":[223],"product_tag":[],"class_list":{"0":"post-3223","1":"product","2":"type-product","3":"status-publish","4":"has-post-thumbnail","6":"product_cat-cac-mon-banh-dosa","8":"first","9":"instock","10":"taxable","11":"shipping-taxable","12":"purchasable","13":"product-type-simple"},"yoast_head":"<!-- This site is optimized with the Yoast SEO Premium plugin v22.3 (Yoast SEO v27.5) - https:\/\/yoast.com\/product\/yoast-seo-premium-wordpress\/ -->\n<title>Set Dosa (COMBO B\u00c1NH X\u00c8O GI\u00d2N) - Tandoor Vi\u1ec7t Nam<\/title>\n<meta name=\"description\" content=\"T\u1eadn h\u01b0\u1edfng m\u00f3n \u0103n h\u1ea5p d\u1eabn t\u1eeb \u1ea4n \u0110\u1ed9 v\u1edbi combo b\u00e1nh x\u00e8o gi\u00f2n t\u1ea1i Tandoor Vietnam, v\u1edbi mi\u1ebfng b\u00e1nh Dosa m\u1ec1m v\u00e0 d\u00e0y \u0111\u1eb7c bi\u1ec7t \u0111\u01b0\u1ee3c ch\u1ebf bi\u1ebfn tinh t\u1ebf.\" \/>\n<meta name=\"robots\" content=\"index, follow, max-snippet:-1, max-image-preview:large, max-video-preview:-1\" \/>\n<link rel=\"canonical\" href=\"https:\/\/tandoorvietnam.com\/vi\/sanpham\/cac-mon-banh-dosa\/combo-banh-xeo-gion\/\" \/>\n<meta property=\"og:locale\" content=\"vi_VN\" \/>\n<meta property=\"og:type\" content=\"article\" \/>\n<meta property=\"og:title\" content=\"Set Dosa (COMBO B\u00c1NH X\u00c8O GI\u00d2N)\" \/>\n<meta property=\"og:description\" content=\"T\u1eadn h\u01b0\u1edfng m\u00f3n \u0103n h\u1ea5p d\u1eabn t\u1eeb \u1ea4n \u0110\u1ed9 v\u1edbi combo b\u00e1nh x\u00e8o gi\u00f2n t\u1ea1i Tandoor Vietnam, v\u1edbi mi\u1ebfng b\u00e1nh Dosa m\u1ec1m v\u00e0 d\u00e0y \u0111\u1eb7c bi\u1ec7t \u0111\u01b0\u1ee3c ch\u1ebf bi\u1ebfn tinh t\u1ebf.\" \/>\n<meta property=\"og:url\" content=\"https:\/\/tandoorvietnam.com\/vi\/sanpham\/cac-mon-banh-dosa\/combo-banh-xeo-gion\/\" \/>\n<meta property=\"og:site_name\" content=\"Tandoor Vi\u1ec7t Nam\" \/>\n<meta property=\"article:publisher\" content=\"https:\/\/www.facebook.com\/tandoor.hcmc\/\" \/>\n<meta property=\"article:modified_time\" content=\"2023-05-07T14:51:08+00:00\" \/>\n<meta property=\"og:image\" content=\"https:\/\/tandoorvietnam.com\/wp-content\/uploads\/2020\/06\/Set-dosa.jpg\" \/>\n\t<meta property=\"og:image:width\" content=\"800\" \/>\n\t<meta property=\"og:image:height\" content=\"800\" \/>\n\t<meta property=\"og:image:type\" content=\"image\/jpeg\" \/>\n<meta name=\"twitter:card\" content=\"summary_large_image\" \/>\n<meta name=\"twitter:label1\" content=\"Est. reading time\" \/>\n\t<meta name=\"twitter:data1\" content=\"2 minutes\" \/>\n<script type=\"application\/ld+json\" class=\"yoast-schema-graph\">{\"@context\":\"https:\\\/\\\/schema.org\",\"@graph\":[{\"@type\":\"WebPage\",\"@id\":\"https:\\\/\\\/tandoorvietnam.com\\\/vi\\\/sanpham\\\/cac-mon-banh-dosa\\\/combo-banh-xeo-gion\\\/\",\"url\":\"https:\\\/\\\/tandoorvietnam.com\\\/vi\\\/sanpham\\\/cac-mon-banh-dosa\\\/combo-banh-xeo-gion\\\/\",\"name\":\"Set Dosa (COMBO B\u00c1NH X\u00c8O GI\u00d2N) - Tandoor Vi\u1ec7t Nam\",\"isPartOf\":{\"@id\":\"https:\\\/\\\/tandoorvietnam.com\\\/vi\\\/#website\"},\"primaryImageOfPage\":{\"@id\":\"https:\\\/\\\/tandoorvietnam.com\\\/vi\\\/sanpham\\\/cac-mon-banh-dosa\\\/combo-banh-xeo-gion\\\/#primaryimage\"},\"image\":{\"@id\":\"https:\\\/\\\/tandoorvietnam.com\\\/vi\\\/sanpham\\\/cac-mon-banh-dosa\\\/combo-banh-xeo-gion\\\/#primaryimage\"},\"thumbnailUrl\":\"https:\\\/\\\/tandoorvietnam.com\\\/wp-content\\\/uploads\\\/2020\\\/06\\\/Set-dosa.jpg\",\"datePublished\":\"2021-04-14T07:23:37+00:00\",\"dateModified\":\"2023-05-07T14:51:08+00:00\",\"description\":\"T\u1eadn h\u01b0\u1edfng m\u00f3n \u0103n h\u1ea5p d\u1eabn t\u1eeb \u1ea4n \u0110\u1ed9 v\u1edbi combo b\u00e1nh x\u00e8o gi\u00f2n t\u1ea1i Tandoor Vietnam, v\u1edbi mi\u1ebfng b\u00e1nh Dosa m\u1ec1m v\u00e0 d\u00e0y \u0111\u1eb7c bi\u1ec7t \u0111\u01b0\u1ee3c ch\u1ebf bi\u1ebfn tinh t\u1ebf.\",\"breadcrumb\":{\"@id\":\"https:\\\/\\\/tandoorvietnam.com\\\/vi\\\/sanpham\\\/cac-mon-banh-dosa\\\/combo-banh-xeo-gion\\\/#breadcrumb\"},\"inLanguage\":\"vi-VN\",\"potentialAction\":[{\"@type\":\"ReadAction\",\"target\":[\"https:\\\/\\\/tandoorvietnam.com\\\/vi\\\/sanpham\\\/cac-mon-banh-dosa\\\/combo-banh-xeo-gion\\\/\"]}]},{\"@type\":\"ImageObject\",\"inLanguage\":\"vi-VN\",\"@id\":\"https:\\\/\\\/tandoorvietnam.com\\\/vi\\\/sanpham\\\/cac-mon-banh-dosa\\\/combo-banh-xeo-gion\\\/#primaryimage\",\"url\":\"https:\\\/\\\/tandoorvietnam.com\\\/wp-content\\\/uploads\\\/2020\\\/06\\\/Set-dosa.jpg\",\"contentUrl\":\"https:\\\/\\\/tandoorvietnam.com\\\/wp-content\\\/uploads\\\/2020\\\/06\\\/Set-dosa.jpg\",\"width\":800,\"height\":800,\"caption\":\"tandoor vietnam\"},{\"@type\":\"BreadcrumbList\",\"@id\":\"https:\\\/\\\/tandoorvietnam.com\\\/vi\\\/sanpham\\\/cac-mon-banh-dosa\\\/combo-banh-xeo-gion\\\/#breadcrumb\",\"itemListElement\":[{\"@type\":\"ListItem\",\"position\":1,\"name\":\"Trang Ch\u1ee7\",\"item\":\"https:\\\/\\\/tandoorvietnam.com\\\/vi\\\/\"},{\"@type\":\"ListItem\",\"position\":2,\"name\":\"Shop\",\"item\":\"https:\\\/\\\/tandoorvietnam.com\\\/shop\\\/\"},{\"@type\":\"ListItem\",\"position\":3,\"name\":\"Set Dosa (COMBO B\u00c1NH X\u00c8O GI\u00d2N)\"}]},{\"@type\":\"WebSite\",\"@id\":\"https:\\\/\\\/tandoorvietnam.com\\\/vi\\\/#website\",\"url\":\"https:\\\/\\\/tandoorvietnam.com\\\/vi\\\/\",\"name\":\"Tandoor Vietnam\",\"description\":\"Nh\u00e0 h\u00e0ng ngon h\u1ed3 ch\u00ed minh\",\"publisher\":{\"@id\":\"https:\\\/\\\/tandoorvietnam.com\\\/vi\\\/#organization\"},\"potentialAction\":[{\"@type\":\"SearchAction\",\"target\":{\"@type\":\"EntryPoint\",\"urlTemplate\":\"https:\\\/\\\/tandoorvietnam.com\\\/vi\\\/?s={search_term_string}\"},\"query-input\":{\"@type\":\"PropertyValueSpecification\",\"valueRequired\":true,\"valueName\":\"search_term_string\"}}],\"inLanguage\":\"vi-VN\"},{\"@type\":\"Organization\",\"@id\":\"https:\\\/\\\/tandoorvietnam.com\\\/vi\\\/#organization\",\"name\":\"Tandoor Vietnam\",\"url\":\"https:\\\/\\\/tandoorvietnam.com\\\/vi\\\/\",\"logo\":{\"@type\":\"ImageObject\",\"inLanguage\":\"vi-VN\",\"@id\":\"https:\\\/\\\/tandoorvietnam.com\\\/vi\\\/#\\\/schema\\\/logo\\\/image\\\/\",\"url\":\"https:\\\/\\\/tandoorvietnam.com\\\/wp-content\\\/uploads\\\/2020\\\/07\\\/logo.png\",\"contentUrl\":\"https:\\\/\\\/tandoorvietnam.com\\\/wp-content\\\/uploads\\\/2020\\\/07\\\/logo.png\",\"width\":133,\"height\":75,\"caption\":\"Tandoor Vietnam\"},\"image\":{\"@id\":\"https:\\\/\\\/tandoorvietnam.com\\\/vi\\\/#\\\/schema\\\/logo\\\/image\\\/\"},\"sameAs\":[\"https:\\\/\\\/www.facebook.com\\\/tandoor.hcmc\\\/\"]}]}<\/script>\n<!-- \/ Yoast SEO Premium plugin. -->","yoast_head_json":{"title":"Set Dosa (COMBO B\u00c1NH X\u00c8O GI\u00d2N) - Tandoor Vi\u1ec7t Nam","description":"T\u1eadn h\u01b0\u1edfng m\u00f3n \u0103n h\u1ea5p d\u1eabn t\u1eeb \u1ea4n \u0110\u1ed9 v\u1edbi combo b\u00e1nh x\u00e8o gi\u00f2n t\u1ea1i Tandoor Vietnam, v\u1edbi mi\u1ebfng b\u00e1nh Dosa m\u1ec1m v\u00e0 d\u00e0y \u0111\u1eb7c bi\u1ec7t \u0111\u01b0\u1ee3c ch\u1ebf bi\u1ebfn tinh t\u1ebf.","robots":{"index":"index","follow":"follow","max-snippet":"max-snippet:-1","max-image-preview":"max-image-preview:large","max-video-preview":"max-video-preview:-1"},"canonical":"https:\/\/tandoorvietnam.com\/vi\/sanpham\/cac-mon-banh-dosa\/combo-banh-xeo-gion\/","og_locale":"vi_VN","og_type":"article","og_title":"Set Dosa (COMBO B\u00c1NH X\u00c8O GI\u00d2N)","og_description":"T\u1eadn h\u01b0\u1edfng m\u00f3n \u0103n h\u1ea5p d\u1eabn t\u1eeb \u1ea4n \u0110\u1ed9 v\u1edbi combo b\u00e1nh x\u00e8o gi\u00f2n t\u1ea1i Tandoor Vietnam, v\u1edbi mi\u1ebfng b\u00e1nh Dosa m\u1ec1m v\u00e0 d\u00e0y \u0111\u1eb7c bi\u1ec7t \u0111\u01b0\u1ee3c ch\u1ebf bi\u1ebfn tinh t\u1ebf.","og_url":"https:\/\/tandoorvietnam.com\/vi\/sanpham\/cac-mon-banh-dosa\/combo-banh-xeo-gion\/","og_site_name":"Tandoor Vi\u1ec7t Nam","article_publisher":"https:\/\/www.facebook.com\/tandoor.hcmc\/","article_modified_time":"2023-05-07T14:51:08+00:00","og_image":[{"width":800,"height":800,"url":"https:\/\/tandoorvietnam.com\/wp-content\/uploads\/2020\/06\/Set-dosa.jpg","type":"image\/jpeg"}],"twitter_card":"summary_large_image","twitter_misc":{"Est. reading time":"2 minutes"},"schema":{"@context":"https:\/\/schema.org","@graph":[{"@type":"WebPage","@id":"https:\/\/tandoorvietnam.com\/vi\/sanpham\/cac-mon-banh-dosa\/combo-banh-xeo-gion\/","url":"https:\/\/tandoorvietnam.com\/vi\/sanpham\/cac-mon-banh-dosa\/combo-banh-xeo-gion\/","name":"Set Dosa (COMBO B\u00c1NH X\u00c8O GI\u00d2N) - Tandoor Vi\u1ec7t Nam","isPartOf":{"@id":"https:\/\/tandoorvietnam.com\/vi\/#website"},"primaryImageOfPage":{"@id":"https:\/\/tandoorvietnam.com\/vi\/sanpham\/cac-mon-banh-dosa\/combo-banh-xeo-gion\/#primaryimage"},"image":{"@id":"https:\/\/tandoorvietnam.com\/vi\/sanpham\/cac-mon-banh-dosa\/combo-banh-xeo-gion\/#primaryimage"},"thumbnailUrl":"https:\/\/tandoorvietnam.com\/wp-content\/uploads\/2020\/06\/Set-dosa.jpg","datePublished":"2021-04-14T07:23:37+00:00","dateModified":"2023-05-07T14:51:08+00:00","description":"T\u1eadn h\u01b0\u1edfng m\u00f3n \u0103n h\u1ea5p d\u1eabn t\u1eeb \u1ea4n \u0110\u1ed9 v\u1edbi combo b\u00e1nh x\u00e8o gi\u00f2n t\u1ea1i Tandoor Vietnam, v\u1edbi mi\u1ebfng b\u00e1nh Dosa m\u1ec1m v\u00e0 d\u00e0y \u0111\u1eb7c bi\u1ec7t \u0111\u01b0\u1ee3c ch\u1ebf bi\u1ebfn tinh t\u1ebf.","breadcrumb":{"@id":"https:\/\/tandoorvietnam.com\/vi\/sanpham\/cac-mon-banh-dosa\/combo-banh-xeo-gion\/#breadcrumb"},"inLanguage":"vi-VN","potentialAction":[{"@type":"ReadAction","target":["https:\/\/tandoorvietnam.com\/vi\/sanpham\/cac-mon-banh-dosa\/combo-banh-xeo-gion\/"]}]},{"@type":"ImageObject","inLanguage":"vi-VN","@id":"https:\/\/tandoorvietnam.com\/vi\/sanpham\/cac-mon-banh-dosa\/combo-banh-xeo-gion\/#primaryimage","url":"https:\/\/tandoorvietnam.com\/wp-content\/uploads\/2020\/06\/Set-dosa.jpg","contentUrl":"https:\/\/tandoorvietnam.com\/wp-content\/uploads\/2020\/06\/Set-dosa.jpg","width":800,"height":800,"caption":"tandoor vietnam"},{"@type":"BreadcrumbList","@id":"https:\/\/tandoorvietnam.com\/vi\/sanpham\/cac-mon-banh-dosa\/combo-banh-xeo-gion\/#breadcrumb","itemListElement":[{"@type":"ListItem","position":1,"name":"Trang Ch\u1ee7","item":"https:\/\/tandoorvietnam.com\/vi\/"},{"@type":"ListItem","position":2,"name":"Shop","item":"https:\/\/tandoorvietnam.com\/shop\/"},{"@type":"ListItem","position":3,"name":"Set Dosa (COMBO B\u00c1NH X\u00c8O GI\u00d2N)"}]},{"@type":"WebSite","@id":"https:\/\/tandoorvietnam.com\/vi\/#website","url":"https:\/\/tandoorvietnam.com\/vi\/","name":"Tandoor Vietnam","description":"Nh\u00e0 h\u00e0ng ngon h\u1ed3 ch\u00ed minh","publisher":{"@id":"https:\/\/tandoorvietnam.com\/vi\/#organization"},"potentialAction":[{"@type":"SearchAction","target":{"@type":"EntryPoint","urlTemplate":"https:\/\/tandoorvietnam.com\/vi\/?s={search_term_string}"},"query-input":{"@type":"PropertyValueSpecification","valueRequired":true,"valueName":"search_term_string"}}],"inLanguage":"vi-VN"},{"@type":"Organization","@id":"https:\/\/tandoorvietnam.com\/vi\/#organization","name":"Tandoor Vietnam","url":"https:\/\/tandoorvietnam.com\/vi\/","logo":{"@type":"ImageObject","inLanguage":"vi-VN","@id":"https:\/\/tandoorvietnam.com\/vi\/#\/schema\/logo\/image\/","url":"https:\/\/tandoorvietnam.com\/wp-content\/uploads\/2020\/07\/logo.png","contentUrl":"https:\/\/tandoorvietnam.com\/wp-content\/uploads\/2020\/07\/logo.png","width":133,"height":75,"caption":"Tandoor Vietnam"},"image":{"@id":"https:\/\/tandoorvietnam.com\/vi\/#\/schema\/logo\/image\/"},"sameAs":["https:\/\/www.facebook.com\/tandoor.hcmc\/"]}]}},"_links":{"self":[{"href":"https:\/\/tandoorvietnam.com\/vi\/wp-json\/wp\/v2\/product\/3223","targetHints":{"allow":["GET"]}}],"collection":[{"href":"https:\/\/tandoorvietnam.com\/vi\/wp-json\/wp\/v2\/product"}],"about":[{"href":"https:\/\/tandoorvietnam.com\/vi\/wp-json\/wp\/v2\/types\/product"}],"wp:featuredmedia":[{"embeddable":true,"href":"https:\/\/tandoorvietnam.com\/vi\/wp-json\/wp\/v2\/media\/3224"}],"wp:attachment":[{"href":"https:\/\/tandoorvietnam.com\/vi\/wp-json\/wp\/v2\/media?parent=3223"}],"wp:term":[{"taxonomy":"product_brand","embeddable":true,"href":"https:\/\/tandoorvietnam.com\/vi\/wp-json\/wp\/v2\/product_brand?post=3223"},{"taxonomy":"product_cat","embeddable":true,"href":"https:\/\/tandoorvietnam.com\/vi\/wp-json\/wp\/v2\/product_cat?post=3223"},{"taxonomy":"product_tag","embeddable":true,"href":"https:\/\/tandoorvietnam.com\/vi\/wp-json\/wp\/v2\/product_tag?post=3223"}],"curies":[{"name":"wp","href":"https:\/\/api.w.org\/{rel}","templated":true}]}}