{"id":3226,"date":"2020-06-20T14:04:20","date_gmt":"2020-06-20T14:04:20","guid":{"rendered":"http:\/\/tandoorvietnam.com\/product\/uncategorized\/filet-ca-nau-kho-voi-hanh-tay-ot-chuong-xanh-ca-ri-cay\/"},"modified":"2025-10-16T16:34:15","modified_gmt":"2025-10-16T09:34:15","slug":"filet-ca-nau-kho-voi-hanh-tay-ot-chuong-xanh-ca-ri-cay","status":"publish","type":"product","link":"https:\/\/tandoorvietnam.com\/vi\/sanpham\/cac-mon-ca\/filet-ca-nau-kho-voi-hanh-tay-ot-chuong-xanh-ca-ri-cay\/","title":{"rendered":"Andra Fish Chilli (FILET C\u00c1 N\u1ea4U KH\u00d4 V\u1edaI H\u00c0NH T\u00c2Y, \u1edaT CHU\u00d4NG XANH, C\u00c0 RI CAY)"},"content":{"rendered":"<p>Filet c\u00e1 n\u1ea5u kh\u00f4 v\u1edbi h\u00e0nh t\u00e2y, \u1edbt chu\u00f4ng xanh v\u00e0 l\u00e1 cary l\u00e0 m\u1ed9t trong nh\u1eefng m\u00f3n \u0103n \u0111\u1eb7c bi\u1ec7t v\u00e0 \u0111\u01b0\u1ee3c y\u00eau th\u00edch t\u1ea1i Tandoor Vietnam. C\u00e1 \u0111\u01b0\u1ee3c l\u1ef1a ch\u1ecdn k\u1ef9 c\u00e0ng t\u1eeb nh\u1eefng lo\u1ea1i c\u00e1 t\u01b0\u01a1i ngon nh\u1ea5t, \u0111\u01b0\u1ee3c t\u1ea9m \u01b0\u1edbp v\u1edbi c\u00e1c lo\u1ea1i gia v\u1ecb nh\u01b0 mu\u1ed1i, \u0111\u01b0\u1eddng, h\u1ea1t ti\u00eau, ngh\u1ec7 v\u00e0 \u1edbt cay \u0111\u1ec3 th\u1ea5m \u0111\u1ec1u v\u1ecb. Sau \u0111\u00f3, c\u00e1 \u0111\u01b0\u1ee3c chi\u00ean gi\u00f2n v\u00e0 h\u00f2a quy\u1ec7n c\u00f9ng h\u00e0nh t\u00e2y th\u00e1i s\u1ee3i, \u1edbt chu\u00f4ng xanh v\u00e0 l\u00e1 cary t\u01b0\u01a1i th\u00eam h\u01b0\u01a1ng v\u1ecb \u0111\u1eadm \u0111\u00e0, cay n\u1ed3ng.<\/p>\n<p>M\u00f3n filet c\u00e1 n\u1ea5u kh\u00f4 v\u1edbi h\u00e0nh t\u00e2y, \u1edbt chu\u00f4ng xanh v\u00e0 l\u00e1 cary l\u00e0 s\u1ef1 k\u1ebft h\u1ee3p tuy\u1ec7t v\u1eddi gi\u1eefa v\u1ecb cay c\u1ee7a \u1edbt, th\u01a1m ngon c\u1ee7a h\u00e0nh t\u00e2y v\u00e0 m\u00f9i th\u01a1m \u0111\u1eb7c tr\u01b0ng c\u1ee7a l\u00e1 cary. \u0110\u00e2y l\u00e0 m\u1ed9t m\u00f3n \u0103n th\u00edch h\u1ee3p cho nh\u1eefng ng\u01b0\u1eddi y\u00eau th\u00edch \u0111\u1ed3 \u0103n cay, \u0111\u1eadm \u0111\u00e0 v\u00e0 h\u1ea5p d\u1eabn. M\u00f3n \u0103n n\u00e0y c\u00f3 th\u1ec3 \u0111\u01b0\u1ee3c th\u01b0\u1edfng th\u1ee9c c\u00f9ng v\u1edbi c\u01a1m ho\u1eb7c b\u00e1nh m\u00ec, t\u1ea1o th\u00e0nh m\u1ed9t b\u1eefa \u0103n ngon mi\u1ec7ng v\u00e0 \u0111\u1ea7y \u0111\u1ee7 dinh d\u01b0\u1ee1ng.<\/p>\n<p>T\u1ea1i Tandoor Vietnam, ch\u00fang t\u00f4i cam k\u1ebft s\u1eed d\u1ee5ng nh\u1eefng nguy\u00ean li\u1ec7u t\u01b0\u01a1i ngon nh\u1ea5t v\u00e0 \u0111\u01b0\u1ee3c ch\u1ebf bi\u1ebfn v\u1edbi c\u00e1c ph\u01b0\u01a1ng ph\u00e1p an to\u00e0n v\u00e0 \u0111\u1ea3m b\u1ea3o v\u1ec7 sinh. Quy tr\u00ecnh s\u1ea3n xu\u1ea5t \u0111\u01b0\u1ee3c th\u1ef1c hi\u1ec7n b\u1edfi \u0111\u1ed9i ng\u0169 \u0111\u1ea7u b\u1ebfp chuy\u00ean nghi\u1ec7p v\u00e0 gi\u00e0u kinh nghi\u1ec7m, \u0111\u1ea3m b\u1ea3o m\u00f3n \u0103n \u0111\u1ea1t \u0111\u01b0\u1ee3c h\u01b0\u01a1ng v\u1ecb tuy\u1ec7t h\u1ea3o v\u00e0 \u0111\u00e1p \u1ee9ng \u0111\u01b0\u1ee3c y\u00eau c\u1ea7u c\u1ee7a m\u1ecdi th\u1ef1c kh\u00e1ch.<\/p>\n<p>N\u1ebfu b\u1ea1n \u0111ang t\u00ecm ki\u1ebfm m\u1ed9t m\u00f3n \u0103n \u0111\u1eb7c s\u1eafc, h\u1ea5p d\u1eabn v\u00e0 cay n\u1ed3ng, h\u00e3y \u0111\u1ebfn <a href=\"https:\/\/tandoorvietnam.com\/vi\/\">Tandoor Vietnam<\/a> \u0111\u1ec3 th\u01b0\u1edfng th\u1ee9c m\u00f3n filet c\u00e1 n\u1ea5u kh\u00f4 v\u1edbi h\u00e0nh t\u00e2y, \u1edbt chu\u00f4ng xanh v\u00e0 l\u00e1 cary.<\/p>\n","protected":false},"excerpt":{"rendered":"<p>C\u00e1 chi\u00ean \u1edbt cay v\u1edbi h\u00e0nh t\u00e2y v\u00e0 \u1edbt chu\u00f4ng (ch\u1ebf bi\u1ebfn kh\u00f4, kh\u00f4ng c\u00f3 n\u01b0\u1edbc s\u1ed1t)<\/p>\n<p> File n\u1ea5u kh\u00f4 v\u1edbi h\u00e0nh t\u00e2y+ \u1edbt chu\u00f4ng xanh v\u00e0 l\u00e1 cara, r\u1ea5t cay<\/p>\n","protected":false},"featured_media":3227,"template":"","meta":[],"product_brand":[],"product_cat":[225],"product_tag":[],"class_list":{"0":"post-3226","1":"product","2":"type-product","3":"status-publish","4":"has-post-thumbnail","6":"product_cat-cac-mon-ca","8":"first","9":"instock","10":"taxable","11":"shipping-taxable","12":"purchasable","13":"product-type-simple"},"yoast_head":"<!-- This site is optimized with the Yoast SEO Premium plugin v22.3 (Yoast SEO v27.4) - https:\/\/yoast.com\/product\/yoast-seo-premium-wordpress\/ -->\n<title>FILET C\u00c1 N\u1ea4U KH\u00d4 V\u1edaI H\u00c0NH T\u00c2Y, \u1edaT CHU\u00d4NG XANH, C\u00c0 RI<\/title>\n<meta name=\"description\" content=\"Th\u01b0\u1edfng th\u1ee9c m\u00f3n filet c\u00e1 n\u1ea5u kh\u00f4 v\u1edbi h\u00e0nh t\u00e2y, \u1edbt chu\u00f4ng xanh v\u00e0 l\u00e1 cary t\u1ea1i Tandoor Vietnam. V\u1ecb cay n\u1ed3ng \u0111\u1eadm \u0111\u00e0, h\u1ea5p d\u1eabn cho m\u1ecdi th\u1ef1c kh\u00e1ch.\" \/>\n<meta name=\"robots\" content=\"index, follow, max-snippet:-1, max-image-preview:large, max-video-preview:-1\" \/>\n<link rel=\"canonical\" href=\"https:\/\/tandoorvietnam.com\/vi\/sanpham\/cac-mon-ca\/filet-ca-nau-kho-voi-hanh-tay-ot-chuong-xanh-ca-ri-cay\/\" \/>\n<meta property=\"og:locale\" content=\"vi_VN\" \/>\n<meta property=\"og:type\" content=\"article\" \/>\n<meta property=\"og:title\" content=\"Andra Fish Chilli (FILET C\u00c1 N\u1ea4U KH\u00d4 V\u1edaI H\u00c0NH T\u00c2Y, \u1edaT CHU\u00d4NG XANH, C\u00c0 RI CAY)\" \/>\n<meta property=\"og:description\" content=\"Th\u01b0\u1edfng th\u1ee9c m\u00f3n filet c\u00e1 n\u1ea5u kh\u00f4 v\u1edbi h\u00e0nh t\u00e2y, \u1edbt chu\u00f4ng xanh v\u00e0 l\u00e1 cary t\u1ea1i Tandoor Vietnam. V\u1ecb cay n\u1ed3ng \u0111\u1eadm \u0111\u00e0, h\u1ea5p d\u1eabn cho m\u1ecdi th\u1ef1c kh\u00e1ch.\" \/>\n<meta property=\"og:url\" content=\"https:\/\/tandoorvietnam.com\/vi\/sanpham\/cac-mon-ca\/filet-ca-nau-kho-voi-hanh-tay-ot-chuong-xanh-ca-ri-cay\/\" \/>\n<meta property=\"og:site_name\" content=\"Tandoor Vi\u1ec7t Nam\" \/>\n<meta property=\"article:publisher\" content=\"https:\/\/www.facebook.com\/tandoor.hcmc\/\" \/>\n<meta property=\"article:modified_time\" content=\"2025-10-16T09:34:15+00:00\" \/>\n<meta property=\"og:image\" content=\"https:\/\/tandoorvietnam.com\/wp-content\/uploads\/2020\/06\/Andra-fish-chilli1.jpg\" \/>\n\t<meta property=\"og:image:width\" content=\"1400\" \/>\n\t<meta property=\"og:image:height\" content=\"1400\" \/>\n\t<meta property=\"og:image:type\" content=\"image\/jpeg\" \/>\n<meta name=\"twitter:card\" content=\"summary_large_image\" \/>\n<meta name=\"twitter:label1\" content=\"Est. reading time\" \/>\n\t<meta name=\"twitter:data1\" content=\"2 minutes\" \/>\n<script type=\"application\/ld+json\" class=\"yoast-schema-graph\">{\"@context\":\"https:\\\/\\\/schema.org\",\"@graph\":[{\"@type\":\"WebPage\",\"@id\":\"https:\\\/\\\/tandoorvietnam.com\\\/vi\\\/sanpham\\\/cac-mon-ca\\\/filet-ca-nau-kho-voi-hanh-tay-ot-chuong-xanh-ca-ri-cay\\\/\",\"url\":\"https:\\\/\\\/tandoorvietnam.com\\\/vi\\\/sanpham\\\/cac-mon-ca\\\/filet-ca-nau-kho-voi-hanh-tay-ot-chuong-xanh-ca-ri-cay\\\/\",\"name\":\"FILET C\u00c1 N\u1ea4U KH\u00d4 V\u1edaI H\u00c0NH T\u00c2Y, \u1edaT CHU\u00d4NG XANH, C\u00c0 RI\",\"isPartOf\":{\"@id\":\"https:\\\/\\\/tandoorvietnam.com\\\/vi\\\/#website\"},\"primaryImageOfPage\":{\"@id\":\"https:\\\/\\\/tandoorvietnam.com\\\/vi\\\/sanpham\\\/cac-mon-ca\\\/filet-ca-nau-kho-voi-hanh-tay-ot-chuong-xanh-ca-ri-cay\\\/#primaryimage\"},\"image\":{\"@id\":\"https:\\\/\\\/tandoorvietnam.com\\\/vi\\\/sanpham\\\/cac-mon-ca\\\/filet-ca-nau-kho-voi-hanh-tay-ot-chuong-xanh-ca-ri-cay\\\/#primaryimage\"},\"thumbnailUrl\":\"https:\\\/\\\/tandoorvietnam.com\\\/wp-content\\\/uploads\\\/2020\\\/06\\\/Andra-fish-chilli1.jpg\",\"datePublished\":\"2020-06-20T14:04:20+00:00\",\"dateModified\":\"2025-10-16T09:34:15+00:00\",\"description\":\"Th\u01b0\u1edfng th\u1ee9c m\u00f3n filet c\u00e1 n\u1ea5u kh\u00f4 v\u1edbi h\u00e0nh t\u00e2y, \u1edbt chu\u00f4ng xanh v\u00e0 l\u00e1 cary t\u1ea1i Tandoor Vietnam. V\u1ecb cay n\u1ed3ng \u0111\u1eadm \u0111\u00e0, h\u1ea5p d\u1eabn cho m\u1ecdi th\u1ef1c kh\u00e1ch.\",\"breadcrumb\":{\"@id\":\"https:\\\/\\\/tandoorvietnam.com\\\/vi\\\/sanpham\\\/cac-mon-ca\\\/filet-ca-nau-kho-voi-hanh-tay-ot-chuong-xanh-ca-ri-cay\\\/#breadcrumb\"},\"inLanguage\":\"vi-VN\",\"potentialAction\":[{\"@type\":\"ReadAction\",\"target\":[\"https:\\\/\\\/tandoorvietnam.com\\\/vi\\\/sanpham\\\/cac-mon-ca\\\/filet-ca-nau-kho-voi-hanh-tay-ot-chuong-xanh-ca-ri-cay\\\/\"]}]},{\"@type\":\"ImageObject\",\"inLanguage\":\"vi-VN\",\"@id\":\"https:\\\/\\\/tandoorvietnam.com\\\/vi\\\/sanpham\\\/cac-mon-ca\\\/filet-ca-nau-kho-voi-hanh-tay-ot-chuong-xanh-ca-ri-cay\\\/#primaryimage\",\"url\":\"https:\\\/\\\/tandoorvietnam.com\\\/wp-content\\\/uploads\\\/2020\\\/06\\\/Andra-fish-chilli1.jpg\",\"contentUrl\":\"https:\\\/\\\/tandoorvietnam.com\\\/wp-content\\\/uploads\\\/2020\\\/06\\\/Andra-fish-chilli1.jpg\",\"width\":1400,\"height\":1400,\"caption\":\"FILET C\u00c1 N\u1ea4U KH\u00d4 V\u1edaI H\u00c0NH T\u00c2Y, \u1edaT CHU\u00d4NG XANH, C\u00c0 RI CAY\"},{\"@type\":\"BreadcrumbList\",\"@id\":\"https:\\\/\\\/tandoorvietnam.com\\\/vi\\\/sanpham\\\/cac-mon-ca\\\/filet-ca-nau-kho-voi-hanh-tay-ot-chuong-xanh-ca-ri-cay\\\/#breadcrumb\",\"itemListElement\":[{\"@type\":\"ListItem\",\"position\":1,\"name\":\"Trang Ch\u1ee7\",\"item\":\"https:\\\/\\\/tandoorvietnam.com\\\/vi\\\/\"},{\"@type\":\"ListItem\",\"position\":2,\"name\":\"Shop\",\"item\":\"https:\\\/\\\/tandoorvietnam.com\\\/shop\\\/\"},{\"@type\":\"ListItem\",\"position\":3,\"name\":\"Andra Fish Chilli (FILET C\u00c1 N\u1ea4U KH\u00d4 V\u1edaI H\u00c0NH T\u00c2Y, \u1edaT CHU\u00d4NG XANH, C\u00c0 RI CAY)\"}]},{\"@type\":\"WebSite\",\"@id\":\"https:\\\/\\\/tandoorvietnam.com\\\/vi\\\/#website\",\"url\":\"https:\\\/\\\/tandoorvietnam.com\\\/vi\\\/\",\"name\":\"Tandoor Vietnam\",\"description\":\"Nh\u00e0 h\u00e0ng ngon h\u1ed3 ch\u00ed minh\",\"publisher\":{\"@id\":\"https:\\\/\\\/tandoorvietnam.com\\\/vi\\\/#organization\"},\"potentialAction\":[{\"@type\":\"SearchAction\",\"target\":{\"@type\":\"EntryPoint\",\"urlTemplate\":\"https:\\\/\\\/tandoorvietnam.com\\\/vi\\\/?s={search_term_string}\"},\"query-input\":{\"@type\":\"PropertyValueSpecification\",\"valueRequired\":true,\"valueName\":\"search_term_string\"}}],\"inLanguage\":\"vi-VN\"},{\"@type\":\"Organization\",\"@id\":\"https:\\\/\\\/tandoorvietnam.com\\\/vi\\\/#organization\",\"name\":\"Tandoor Vietnam\",\"url\":\"https:\\\/\\\/tandoorvietnam.com\\\/vi\\\/\",\"logo\":{\"@type\":\"ImageObject\",\"inLanguage\":\"vi-VN\",\"@id\":\"https:\\\/\\\/tandoorvietnam.com\\\/vi\\\/#\\\/schema\\\/logo\\\/image\\\/\",\"url\":\"https:\\\/\\\/tandoorvietnam.com\\\/wp-content\\\/uploads\\\/2020\\\/07\\\/logo.png\",\"contentUrl\":\"https:\\\/\\\/tandoorvietnam.com\\\/wp-content\\\/uploads\\\/2020\\\/07\\\/logo.png\",\"width\":133,\"height\":75,\"caption\":\"Tandoor Vietnam\"},\"image\":{\"@id\":\"https:\\\/\\\/tandoorvietnam.com\\\/vi\\\/#\\\/schema\\\/logo\\\/image\\\/\"},\"sameAs\":[\"https:\\\/\\\/www.facebook.com\\\/tandoor.hcmc\\\/\"]}]}<\/script>\n<!-- \/ Yoast SEO Premium plugin. -->","yoast_head_json":{"title":"FILET C\u00c1 N\u1ea4U KH\u00d4 V\u1edaI H\u00c0NH T\u00c2Y, \u1edaT CHU\u00d4NG XANH, C\u00c0 RI","description":"Th\u01b0\u1edfng th\u1ee9c m\u00f3n filet c\u00e1 n\u1ea5u kh\u00f4 v\u1edbi h\u00e0nh t\u00e2y, \u1edbt chu\u00f4ng xanh v\u00e0 l\u00e1 cary t\u1ea1i Tandoor Vietnam. V\u1ecb cay n\u1ed3ng \u0111\u1eadm \u0111\u00e0, h\u1ea5p d\u1eabn cho m\u1ecdi th\u1ef1c kh\u00e1ch.","robots":{"index":"index","follow":"follow","max-snippet":"max-snippet:-1","max-image-preview":"max-image-preview:large","max-video-preview":"max-video-preview:-1"},"canonical":"https:\/\/tandoorvietnam.com\/vi\/sanpham\/cac-mon-ca\/filet-ca-nau-kho-voi-hanh-tay-ot-chuong-xanh-ca-ri-cay\/","og_locale":"vi_VN","og_type":"article","og_title":"Andra Fish Chilli (FILET C\u00c1 N\u1ea4U KH\u00d4 V\u1edaI H\u00c0NH T\u00c2Y, \u1edaT CHU\u00d4NG XANH, C\u00c0 RI CAY)","og_description":"Th\u01b0\u1edfng th\u1ee9c m\u00f3n filet c\u00e1 n\u1ea5u kh\u00f4 v\u1edbi h\u00e0nh t\u00e2y, \u1edbt chu\u00f4ng xanh v\u00e0 l\u00e1 cary t\u1ea1i Tandoor Vietnam. V\u1ecb cay n\u1ed3ng \u0111\u1eadm \u0111\u00e0, h\u1ea5p d\u1eabn cho m\u1ecdi th\u1ef1c kh\u00e1ch.","og_url":"https:\/\/tandoorvietnam.com\/vi\/sanpham\/cac-mon-ca\/filet-ca-nau-kho-voi-hanh-tay-ot-chuong-xanh-ca-ri-cay\/","og_site_name":"Tandoor Vi\u1ec7t Nam","article_publisher":"https:\/\/www.facebook.com\/tandoor.hcmc\/","article_modified_time":"2025-10-16T09:34:15+00:00","og_image":[{"width":1400,"height":1400,"url":"https:\/\/tandoorvietnam.com\/wp-content\/uploads\/2020\/06\/Andra-fish-chilli1.jpg","type":"image\/jpeg"}],"twitter_card":"summary_large_image","twitter_misc":{"Est. reading time":"2 minutes"},"schema":{"@context":"https:\/\/schema.org","@graph":[{"@type":"WebPage","@id":"https:\/\/tandoorvietnam.com\/vi\/sanpham\/cac-mon-ca\/filet-ca-nau-kho-voi-hanh-tay-ot-chuong-xanh-ca-ri-cay\/","url":"https:\/\/tandoorvietnam.com\/vi\/sanpham\/cac-mon-ca\/filet-ca-nau-kho-voi-hanh-tay-ot-chuong-xanh-ca-ri-cay\/","name":"FILET C\u00c1 N\u1ea4U KH\u00d4 V\u1edaI H\u00c0NH T\u00c2Y, \u1edaT CHU\u00d4NG XANH, C\u00c0 RI","isPartOf":{"@id":"https:\/\/tandoorvietnam.com\/vi\/#website"},"primaryImageOfPage":{"@id":"https:\/\/tandoorvietnam.com\/vi\/sanpham\/cac-mon-ca\/filet-ca-nau-kho-voi-hanh-tay-ot-chuong-xanh-ca-ri-cay\/#primaryimage"},"image":{"@id":"https:\/\/tandoorvietnam.com\/vi\/sanpham\/cac-mon-ca\/filet-ca-nau-kho-voi-hanh-tay-ot-chuong-xanh-ca-ri-cay\/#primaryimage"},"thumbnailUrl":"https:\/\/tandoorvietnam.com\/wp-content\/uploads\/2020\/06\/Andra-fish-chilli1.jpg","datePublished":"2020-06-20T14:04:20+00:00","dateModified":"2025-10-16T09:34:15+00:00","description":"Th\u01b0\u1edfng th\u1ee9c m\u00f3n filet c\u00e1 n\u1ea5u kh\u00f4 v\u1edbi h\u00e0nh t\u00e2y, \u1edbt chu\u00f4ng xanh v\u00e0 l\u00e1 cary t\u1ea1i Tandoor Vietnam. V\u1ecb cay n\u1ed3ng \u0111\u1eadm \u0111\u00e0, h\u1ea5p d\u1eabn cho m\u1ecdi th\u1ef1c kh\u00e1ch.","breadcrumb":{"@id":"https:\/\/tandoorvietnam.com\/vi\/sanpham\/cac-mon-ca\/filet-ca-nau-kho-voi-hanh-tay-ot-chuong-xanh-ca-ri-cay\/#breadcrumb"},"inLanguage":"vi-VN","potentialAction":[{"@type":"ReadAction","target":["https:\/\/tandoorvietnam.com\/vi\/sanpham\/cac-mon-ca\/filet-ca-nau-kho-voi-hanh-tay-ot-chuong-xanh-ca-ri-cay\/"]}]},{"@type":"ImageObject","inLanguage":"vi-VN","@id":"https:\/\/tandoorvietnam.com\/vi\/sanpham\/cac-mon-ca\/filet-ca-nau-kho-voi-hanh-tay-ot-chuong-xanh-ca-ri-cay\/#primaryimage","url":"https:\/\/tandoorvietnam.com\/wp-content\/uploads\/2020\/06\/Andra-fish-chilli1.jpg","contentUrl":"https:\/\/tandoorvietnam.com\/wp-content\/uploads\/2020\/06\/Andra-fish-chilli1.jpg","width":1400,"height":1400,"caption":"FILET C\u00c1 N\u1ea4U KH\u00d4 V\u1edaI H\u00c0NH T\u00c2Y, \u1edaT CHU\u00d4NG XANH, C\u00c0 RI CAY"},{"@type":"BreadcrumbList","@id":"https:\/\/tandoorvietnam.com\/vi\/sanpham\/cac-mon-ca\/filet-ca-nau-kho-voi-hanh-tay-ot-chuong-xanh-ca-ri-cay\/#breadcrumb","itemListElement":[{"@type":"ListItem","position":1,"name":"Trang Ch\u1ee7","item":"https:\/\/tandoorvietnam.com\/vi\/"},{"@type":"ListItem","position":2,"name":"Shop","item":"https:\/\/tandoorvietnam.com\/shop\/"},{"@type":"ListItem","position":3,"name":"Andra Fish Chilli (FILET C\u00c1 N\u1ea4U KH\u00d4 V\u1edaI H\u00c0NH T\u00c2Y, \u1edaT CHU\u00d4NG XANH, C\u00c0 RI CAY)"}]},{"@type":"WebSite","@id":"https:\/\/tandoorvietnam.com\/vi\/#website","url":"https:\/\/tandoorvietnam.com\/vi\/","name":"Tandoor Vietnam","description":"Nh\u00e0 h\u00e0ng ngon h\u1ed3 ch\u00ed minh","publisher":{"@id":"https:\/\/tandoorvietnam.com\/vi\/#organization"},"potentialAction":[{"@type":"SearchAction","target":{"@type":"EntryPoint","urlTemplate":"https:\/\/tandoorvietnam.com\/vi\/?s={search_term_string}"},"query-input":{"@type":"PropertyValueSpecification","valueRequired":true,"valueName":"search_term_string"}}],"inLanguage":"vi-VN"},{"@type":"Organization","@id":"https:\/\/tandoorvietnam.com\/vi\/#organization","name":"Tandoor Vietnam","url":"https:\/\/tandoorvietnam.com\/vi\/","logo":{"@type":"ImageObject","inLanguage":"vi-VN","@id":"https:\/\/tandoorvietnam.com\/vi\/#\/schema\/logo\/image\/","url":"https:\/\/tandoorvietnam.com\/wp-content\/uploads\/2020\/07\/logo.png","contentUrl":"https:\/\/tandoorvietnam.com\/wp-content\/uploads\/2020\/07\/logo.png","width":133,"height":75,"caption":"Tandoor Vietnam"},"image":{"@id":"https:\/\/tandoorvietnam.com\/vi\/#\/schema\/logo\/image\/"},"sameAs":["https:\/\/www.facebook.com\/tandoor.hcmc\/"]}]}},"_links":{"self":[{"href":"https:\/\/tandoorvietnam.com\/vi\/wp-json\/wp\/v2\/product\/3226","targetHints":{"allow":["GET"]}}],"collection":[{"href":"https:\/\/tandoorvietnam.com\/vi\/wp-json\/wp\/v2\/product"}],"about":[{"href":"https:\/\/tandoorvietnam.com\/vi\/wp-json\/wp\/v2\/types\/product"}],"wp:featuredmedia":[{"embeddable":true,"href":"https:\/\/tandoorvietnam.com\/vi\/wp-json\/wp\/v2\/media\/3227"}],"wp:attachment":[{"href":"https:\/\/tandoorvietnam.com\/vi\/wp-json\/wp\/v2\/media?parent=3226"}],"wp:term":[{"taxonomy":"product_brand","embeddable":true,"href":"https:\/\/tandoorvietnam.com\/vi\/wp-json\/wp\/v2\/product_brand?post=3226"},{"taxonomy":"product_cat","embeddable":true,"href":"https:\/\/tandoorvietnam.com\/vi\/wp-json\/wp\/v2\/product_cat?post=3226"},{"taxonomy":"product_tag","embeddable":true,"href":"https:\/\/tandoorvietnam.com\/vi\/wp-json\/wp\/v2\/product_tag?post=3226"}],"curies":[{"name":"wp","href":"https:\/\/api.w.org\/{rel}","templated":true}]}}