{"id":3228,"date":"2020-06-20T13:55:39","date_gmt":"2021-04-14T07:37:49","guid":{"rendered":"http:\/\/tandoorvietnam.com\/product\/uncategorized\/filet-ca-chien-nau-sot-masala-cay\/"},"modified":"2023-05-14T04:33:31","modified_gmt":"2023-05-14T04:33:31","slug":"filet-ca-chien-nau-sot-masala-cay","status":"publish","type":"product","link":"https:\/\/tandoorvietnam.com\/vi\/sanpham\/cac-mon-ca\/filet-ca-chien-nau-sot-masala-cay\/","title":{"rendered":"Fish Masala (FILET C\u00c1 CHI\u00caN N\u1ea4U S\u1ed0T MASALA CAY)"},"content":{"rendered":"<p>Filet c\u00e1 chi\u00ean n\u1ea5u s\u1ed1t masala cay l\u00e0 m\u00f3n \u0103n tuy\u1ec7t v\u1eddi c\u1ee7a \u1ea4n \u0110\u1ed9, \u0111em l\u1ea1i cho th\u1ef1c kh\u00e1ch m\u1ed9t tr\u1ea3i nghi\u1ec7m \u1ea9m th\u1ef1c \u0111\u1ea7y m\u1edbi m\u1ebb v\u00e0 th\u00fa v\u1ecb. T\u1ea1i Tandoor Vietnam, ch\u00fang t\u00f4i lu\u00f4n c\u1ed1 g\u1eafng t\u1ea1o ra nh\u1eefng m\u00f3n \u0103n \u0111\u1eadm \u0111\u00e0, ch\u1ea5t l\u01b0\u1ee3ng, h\u1ea5p d\u1eabn v\u00e0 filet c\u00e1 chi\u00ean n\u1ea5u s\u1ed1t masala cay kh\u00f4ng ph\u1ea3i l\u00e0 ngo\u1ea1i l\u1ec7.<\/p>\n<p>M\u00f3n \u0103n \u0111\u01b0\u1ee3c chu\u1ea9n b\u1ecb t\u1eeb filet c\u00e1 t\u01b0\u01a1i, b\u1ed5 sung th\u00eam c\u00e1c lo\u1ea1i gia v\u1ecb \u0111\u1eb7c tr\u01b0ng c\u1ee7a \u1ea4n \u0110\u1ed9 nh\u01b0 masala, h\u00e0nh t\u00e2y, t\u1ecfi, g\u1eebng v\u00e0 nhi\u1ec1u lo\u1ea1i gia v\u1ecb kh\u00e1c. Sau khi \u01b0\u1edbp \u0111\u1ec1u gia v\u1ecb, filet c\u00e1 \u0111\u01b0\u1ee3c chi\u00ean gi\u00f2n, gi\u1eef l\u1ea1i \u0111\u1ed9 gi\u00f2n, ngon, v\u00e0ng \u00f3ng m\u1eaft. \u0110\u1ec3 t\u0103ng th\u00eam h\u01b0\u01a1ng v\u1ecb, filet c\u00e1 \u0111\u01b0\u1ee3c n\u1ea5u trong s\u1ed1t masala cay, mang \u0111\u1ebfn cho th\u1ef1c kh\u00e1ch m\u1ed9t h\u01b0\u01a1ng v\u1ecb \u0111\u1ea7y cay n\u1ed3ng, \u0111\u1eadm \u0111\u00e0 v\u00e0 kh\u00f4ng th\u1ec3 qu\u00ean.<\/p>\n<p>M\u00f3n \u0103n \u0111\u01b0\u1ee3c t\u1ea1o ra \u0111\u1ec3 ph\u1ee5c v\u1ee5 cho nh\u1eefng ng\u01b0\u1eddi y\u00eau th\u00edch \u1ea9m th\u1ef1c \u1ea4n \u0110\u1ed9 v\u00e0 mu\u1ed1n t\u00ecm hi\u1ec3u th\u00eam v\u1ec1 n\u1ec1n v\u0103n h\u00f3a \u1ea9m th\u1ef1c \u0111\u1eb7c tr\u01b0ng c\u1ee7a \u0111\u1ea5t n\u01b0\u1edbc n\u00e0y. Fish Masala l\u00e0 m\u1ed9t s\u1ef1 k\u1ebft h\u1ee3p tuy\u1ec7t v\u1eddi c\u1ee7a h\u01b0\u01a1ng v\u1ecb \u0111\u1ed9c \u0111\u00e1o v\u00e0 h\u01b0\u01a1ng th\u01a1m \u0111\u1eb7c tr\u01b0ng c\u1ee7a \u1ea4n \u0110\u1ed9. T\u1ea1i <a href=\"https:\/\/tandoorvietnam.com\/\">Tandoor Vietnam<\/a>, ch\u00fang t\u00f4i lu\u00f4n mong mu\u1ed1n mang \u0111\u1ebfn cho kh\u00e1ch h\u00e0ng nh\u1eefng tr\u1ea3i nghi\u1ec7m \u1ea9m th\u1ef1c \u0111\u1ed9c \u0111\u00e1o v\u00e0 tuy\u1ec7t v\u1eddi.<\/p>\n","protected":false},"excerpt":{"rendered":"<p>&nbsp;<\/p>\n<table width=\"723\">\n<tbody>\n<tr>\n<td width=\"412\">Fish fillets cooked in thick and spicy onion gravy<\/td>\n<\/tr>\n<tr>\n<td width=\"412\"><em>File c\u00e1 chi\u00ean v\u00e0ng n\u1ea5u s\u1ed1t gia v\u1ecb \u0111\u1eb7c v\u00e0 cay<\/em><\/td>\n<\/tr>\n<\/tbody>\n<\/table>\n","protected":false},"featured_media":3229,"template":"","meta":[],"product_brand":[],"product_cat":[225],"product_tag":[],"class_list":{"0":"post-3228","1":"product","2":"type-product","3":"status-publish","4":"has-post-thumbnail","6":"product_cat-cac-mon-ca","8":"first","9":"instock","10":"taxable","11":"shipping-taxable","12":"purchasable","13":"product-type-simple"},"yoast_head":"<!-- This site is optimized with the Yoast SEO Premium plugin v22.3 (Yoast SEO v27.4) - https:\/\/yoast.com\/product\/yoast-seo-premium-wordpress\/ -->\n<title>Fish Masala (FILET C\u00c1 CHI\u00caN N\u1ea4U S\u1ed0T MASALA CAY)<\/title>\n<meta name=\"description\" content=\"Th\u01b0\u1edfng th\u1ee9c filet c\u00e1 chi\u00ean gi\u00f2n, n\u1ea5u s\u1ed1t masala cay \u0111\u1eadm \u0111\u00e0 t\u1ea1i Tandoor Vietnam. M\u00f3n \u0103n \u0111\u1eadm ch\u1ea5t \u1ea4n \u0110\u1ed9, t\u01b0\u01a1i ngon, h\u1ea5p d\u1eabn, cay n\u1ed3ng \u0111\u00fang \u0111i\u1ec7u.\" \/>\n<meta name=\"robots\" content=\"index, follow, max-snippet:-1, max-image-preview:large, max-video-preview:-1\" \/>\n<link rel=\"canonical\" href=\"https:\/\/tandoorvietnam.com\/vi\/sanpham\/cac-mon-ca\/filet-ca-chien-nau-sot-masala-cay\/\" \/>\n<meta property=\"og:locale\" content=\"vi_VN\" \/>\n<meta property=\"og:type\" content=\"article\" \/>\n<meta property=\"og:title\" content=\"Fish Masala (FILET C\u00c1 CHI\u00caN N\u1ea4U S\u1ed0T MASALA CAY)\" \/>\n<meta property=\"og:description\" content=\"Th\u01b0\u1edfng th\u1ee9c filet c\u00e1 chi\u00ean gi\u00f2n, n\u1ea5u s\u1ed1t masala cay \u0111\u1eadm \u0111\u00e0 t\u1ea1i Tandoor Vietnam. M\u00f3n \u0103n \u0111\u1eadm ch\u1ea5t \u1ea4n \u0110\u1ed9, t\u01b0\u01a1i ngon, h\u1ea5p d\u1eabn, cay n\u1ed3ng \u0111\u00fang \u0111i\u1ec7u.\" \/>\n<meta property=\"og:url\" content=\"https:\/\/tandoorvietnam.com\/vi\/sanpham\/cac-mon-ca\/filet-ca-chien-nau-sot-masala-cay\/\" \/>\n<meta property=\"og:site_name\" content=\"Tandoor Vi\u1ec7t Nam\" \/>\n<meta property=\"article:publisher\" content=\"https:\/\/www.facebook.com\/tandoor.hcmc\/\" \/>\n<meta property=\"article:modified_time\" content=\"2023-05-14T04:33:31+00:00\" \/>\n<meta property=\"og:image\" content=\"https:\/\/tandoorvietnam.com\/wp-content\/uploads\/2020\/06\/Fish-masala-scaled.jpg\" \/>\n\t<meta property=\"og:image:width\" content=\"1400\" \/>\n\t<meta property=\"og:image:height\" content=\"1400\" \/>\n\t<meta property=\"og:image:type\" content=\"image\/jpeg\" \/>\n<meta name=\"twitter:card\" content=\"summary_large_image\" \/>\n<meta name=\"twitter:label1\" content=\"Est. reading time\" \/>\n\t<meta name=\"twitter:data1\" content=\"1 minute\" \/>\n<script type=\"application\/ld+json\" class=\"yoast-schema-graph\">{\"@context\":\"https:\\\/\\\/schema.org\",\"@graph\":[{\"@type\":\"WebPage\",\"@id\":\"https:\\\/\\\/tandoorvietnam.com\\\/vi\\\/sanpham\\\/cac-mon-ca\\\/filet-ca-chien-nau-sot-masala-cay\\\/\",\"url\":\"https:\\\/\\\/tandoorvietnam.com\\\/vi\\\/sanpham\\\/cac-mon-ca\\\/filet-ca-chien-nau-sot-masala-cay\\\/\",\"name\":\"Fish Masala (FILET C\u00c1 CHI\u00caN N\u1ea4U S\u1ed0T MASALA CAY)\",\"isPartOf\":{\"@id\":\"https:\\\/\\\/tandoorvietnam.com\\\/vi\\\/#website\"},\"primaryImageOfPage\":{\"@id\":\"https:\\\/\\\/tandoorvietnam.com\\\/vi\\\/sanpham\\\/cac-mon-ca\\\/filet-ca-chien-nau-sot-masala-cay\\\/#primaryimage\"},\"image\":{\"@id\":\"https:\\\/\\\/tandoorvietnam.com\\\/vi\\\/sanpham\\\/cac-mon-ca\\\/filet-ca-chien-nau-sot-masala-cay\\\/#primaryimage\"},\"thumbnailUrl\":\"https:\\\/\\\/tandoorvietnam.com\\\/wp-content\\\/uploads\\\/2020\\\/06\\\/Fish-masala-scaled.jpg\",\"datePublished\":\"2021-04-14T07:37:49+00:00\",\"dateModified\":\"2023-05-14T04:33:31+00:00\",\"description\":\"Th\u01b0\u1edfng th\u1ee9c filet c\u00e1 chi\u00ean gi\u00f2n, n\u1ea5u s\u1ed1t masala cay \u0111\u1eadm \u0111\u00e0 t\u1ea1i Tandoor Vietnam. M\u00f3n \u0103n \u0111\u1eadm ch\u1ea5t \u1ea4n \u0110\u1ed9, t\u01b0\u01a1i ngon, h\u1ea5p d\u1eabn, cay n\u1ed3ng \u0111\u00fang \u0111i\u1ec7u.\",\"breadcrumb\":{\"@id\":\"https:\\\/\\\/tandoorvietnam.com\\\/vi\\\/sanpham\\\/cac-mon-ca\\\/filet-ca-chien-nau-sot-masala-cay\\\/#breadcrumb\"},\"inLanguage\":\"vi-VN\",\"potentialAction\":[{\"@type\":\"ReadAction\",\"target\":[\"https:\\\/\\\/tandoorvietnam.com\\\/vi\\\/sanpham\\\/cac-mon-ca\\\/filet-ca-chien-nau-sot-masala-cay\\\/\"]}]},{\"@type\":\"ImageObject\",\"inLanguage\":\"vi-VN\",\"@id\":\"https:\\\/\\\/tandoorvietnam.com\\\/vi\\\/sanpham\\\/cac-mon-ca\\\/filet-ca-chien-nau-sot-masala-cay\\\/#primaryimage\",\"url\":\"https:\\\/\\\/tandoorvietnam.com\\\/wp-content\\\/uploads\\\/2020\\\/06\\\/Fish-masala-scaled.jpg\",\"contentUrl\":\"https:\\\/\\\/tandoorvietnam.com\\\/wp-content\\\/uploads\\\/2020\\\/06\\\/Fish-masala-scaled.jpg\",\"width\":2048,\"height\":2048,\"caption\":\"FILET C\u00c1 CHI\u00caN N\u1ea4U S\u1ed0T MASALA CAY\"},{\"@type\":\"BreadcrumbList\",\"@id\":\"https:\\\/\\\/tandoorvietnam.com\\\/vi\\\/sanpham\\\/cac-mon-ca\\\/filet-ca-chien-nau-sot-masala-cay\\\/#breadcrumb\",\"itemListElement\":[{\"@type\":\"ListItem\",\"position\":1,\"name\":\"Trang Ch\u1ee7\",\"item\":\"https:\\\/\\\/tandoorvietnam.com\\\/vi\\\/\"},{\"@type\":\"ListItem\",\"position\":2,\"name\":\"Shop\",\"item\":\"https:\\\/\\\/tandoorvietnam.com\\\/shop\\\/\"},{\"@type\":\"ListItem\",\"position\":3,\"name\":\"Fish Masala (FILET C\u00c1 CHI\u00caN N\u1ea4U S\u1ed0T MASALA CAY)\"}]},{\"@type\":\"WebSite\",\"@id\":\"https:\\\/\\\/tandoorvietnam.com\\\/vi\\\/#website\",\"url\":\"https:\\\/\\\/tandoorvietnam.com\\\/vi\\\/\",\"name\":\"Tandoor Vietnam\",\"description\":\"Nh\u00e0 h\u00e0ng ngon h\u1ed3 ch\u00ed minh\",\"publisher\":{\"@id\":\"https:\\\/\\\/tandoorvietnam.com\\\/vi\\\/#organization\"},\"potentialAction\":[{\"@type\":\"SearchAction\",\"target\":{\"@type\":\"EntryPoint\",\"urlTemplate\":\"https:\\\/\\\/tandoorvietnam.com\\\/vi\\\/?s={search_term_string}\"},\"query-input\":{\"@type\":\"PropertyValueSpecification\",\"valueRequired\":true,\"valueName\":\"search_term_string\"}}],\"inLanguage\":\"vi-VN\"},{\"@type\":\"Organization\",\"@id\":\"https:\\\/\\\/tandoorvietnam.com\\\/vi\\\/#organization\",\"name\":\"Tandoor Vietnam\",\"url\":\"https:\\\/\\\/tandoorvietnam.com\\\/vi\\\/\",\"logo\":{\"@type\":\"ImageObject\",\"inLanguage\":\"vi-VN\",\"@id\":\"https:\\\/\\\/tandoorvietnam.com\\\/vi\\\/#\\\/schema\\\/logo\\\/image\\\/\",\"url\":\"https:\\\/\\\/tandoorvietnam.com\\\/wp-content\\\/uploads\\\/2020\\\/07\\\/logo.png\",\"contentUrl\":\"https:\\\/\\\/tandoorvietnam.com\\\/wp-content\\\/uploads\\\/2020\\\/07\\\/logo.png\",\"width\":133,\"height\":75,\"caption\":\"Tandoor Vietnam\"},\"image\":{\"@id\":\"https:\\\/\\\/tandoorvietnam.com\\\/vi\\\/#\\\/schema\\\/logo\\\/image\\\/\"},\"sameAs\":[\"https:\\\/\\\/www.facebook.com\\\/tandoor.hcmc\\\/\"]}]}<\/script>\n<!-- \/ Yoast SEO Premium plugin. -->","yoast_head_json":{"title":"Fish Masala (FILET C\u00c1 CHI\u00caN N\u1ea4U S\u1ed0T MASALA CAY)","description":"Th\u01b0\u1edfng th\u1ee9c filet c\u00e1 chi\u00ean gi\u00f2n, n\u1ea5u s\u1ed1t masala cay \u0111\u1eadm \u0111\u00e0 t\u1ea1i Tandoor Vietnam. M\u00f3n \u0103n \u0111\u1eadm ch\u1ea5t \u1ea4n \u0110\u1ed9, t\u01b0\u01a1i ngon, h\u1ea5p d\u1eabn, cay n\u1ed3ng \u0111\u00fang \u0111i\u1ec7u.","robots":{"index":"index","follow":"follow","max-snippet":"max-snippet:-1","max-image-preview":"max-image-preview:large","max-video-preview":"max-video-preview:-1"},"canonical":"https:\/\/tandoorvietnam.com\/vi\/sanpham\/cac-mon-ca\/filet-ca-chien-nau-sot-masala-cay\/","og_locale":"vi_VN","og_type":"article","og_title":"Fish Masala (FILET C\u00c1 CHI\u00caN N\u1ea4U S\u1ed0T MASALA CAY)","og_description":"Th\u01b0\u1edfng th\u1ee9c filet c\u00e1 chi\u00ean gi\u00f2n, n\u1ea5u s\u1ed1t masala cay \u0111\u1eadm \u0111\u00e0 t\u1ea1i Tandoor Vietnam. M\u00f3n \u0103n \u0111\u1eadm ch\u1ea5t \u1ea4n \u0110\u1ed9, t\u01b0\u01a1i ngon, h\u1ea5p d\u1eabn, cay n\u1ed3ng \u0111\u00fang \u0111i\u1ec7u.","og_url":"https:\/\/tandoorvietnam.com\/vi\/sanpham\/cac-mon-ca\/filet-ca-chien-nau-sot-masala-cay\/","og_site_name":"Tandoor Vi\u1ec7t Nam","article_publisher":"https:\/\/www.facebook.com\/tandoor.hcmc\/","article_modified_time":"2023-05-14T04:33:31+00:00","og_image":[{"width":1400,"height":1400,"url":"https:\/\/tandoorvietnam.com\/wp-content\/uploads\/2020\/06\/Fish-masala-scaled.jpg","type":"image\/jpeg"}],"twitter_card":"summary_large_image","twitter_misc":{"Est. reading time":"1 minute"},"schema":{"@context":"https:\/\/schema.org","@graph":[{"@type":"WebPage","@id":"https:\/\/tandoorvietnam.com\/vi\/sanpham\/cac-mon-ca\/filet-ca-chien-nau-sot-masala-cay\/","url":"https:\/\/tandoorvietnam.com\/vi\/sanpham\/cac-mon-ca\/filet-ca-chien-nau-sot-masala-cay\/","name":"Fish Masala (FILET C\u00c1 CHI\u00caN N\u1ea4U S\u1ed0T MASALA CAY)","isPartOf":{"@id":"https:\/\/tandoorvietnam.com\/vi\/#website"},"primaryImageOfPage":{"@id":"https:\/\/tandoorvietnam.com\/vi\/sanpham\/cac-mon-ca\/filet-ca-chien-nau-sot-masala-cay\/#primaryimage"},"image":{"@id":"https:\/\/tandoorvietnam.com\/vi\/sanpham\/cac-mon-ca\/filet-ca-chien-nau-sot-masala-cay\/#primaryimage"},"thumbnailUrl":"https:\/\/tandoorvietnam.com\/wp-content\/uploads\/2020\/06\/Fish-masala-scaled.jpg","datePublished":"2021-04-14T07:37:49+00:00","dateModified":"2023-05-14T04:33:31+00:00","description":"Th\u01b0\u1edfng th\u1ee9c filet c\u00e1 chi\u00ean gi\u00f2n, n\u1ea5u s\u1ed1t masala cay \u0111\u1eadm \u0111\u00e0 t\u1ea1i Tandoor Vietnam. M\u00f3n \u0103n \u0111\u1eadm ch\u1ea5t \u1ea4n \u0110\u1ed9, t\u01b0\u01a1i ngon, h\u1ea5p d\u1eabn, cay n\u1ed3ng \u0111\u00fang \u0111i\u1ec7u.","breadcrumb":{"@id":"https:\/\/tandoorvietnam.com\/vi\/sanpham\/cac-mon-ca\/filet-ca-chien-nau-sot-masala-cay\/#breadcrumb"},"inLanguage":"vi-VN","potentialAction":[{"@type":"ReadAction","target":["https:\/\/tandoorvietnam.com\/vi\/sanpham\/cac-mon-ca\/filet-ca-chien-nau-sot-masala-cay\/"]}]},{"@type":"ImageObject","inLanguage":"vi-VN","@id":"https:\/\/tandoorvietnam.com\/vi\/sanpham\/cac-mon-ca\/filet-ca-chien-nau-sot-masala-cay\/#primaryimage","url":"https:\/\/tandoorvietnam.com\/wp-content\/uploads\/2020\/06\/Fish-masala-scaled.jpg","contentUrl":"https:\/\/tandoorvietnam.com\/wp-content\/uploads\/2020\/06\/Fish-masala-scaled.jpg","width":2048,"height":2048,"caption":"FILET C\u00c1 CHI\u00caN N\u1ea4U S\u1ed0T MASALA CAY"},{"@type":"BreadcrumbList","@id":"https:\/\/tandoorvietnam.com\/vi\/sanpham\/cac-mon-ca\/filet-ca-chien-nau-sot-masala-cay\/#breadcrumb","itemListElement":[{"@type":"ListItem","position":1,"name":"Trang Ch\u1ee7","item":"https:\/\/tandoorvietnam.com\/vi\/"},{"@type":"ListItem","position":2,"name":"Shop","item":"https:\/\/tandoorvietnam.com\/shop\/"},{"@type":"ListItem","position":3,"name":"Fish Masala (FILET C\u00c1 CHI\u00caN N\u1ea4U S\u1ed0T MASALA CAY)"}]},{"@type":"WebSite","@id":"https:\/\/tandoorvietnam.com\/vi\/#website","url":"https:\/\/tandoorvietnam.com\/vi\/","name":"Tandoor Vietnam","description":"Nh\u00e0 h\u00e0ng ngon h\u1ed3 ch\u00ed minh","publisher":{"@id":"https:\/\/tandoorvietnam.com\/vi\/#organization"},"potentialAction":[{"@type":"SearchAction","target":{"@type":"EntryPoint","urlTemplate":"https:\/\/tandoorvietnam.com\/vi\/?s={search_term_string}"},"query-input":{"@type":"PropertyValueSpecification","valueRequired":true,"valueName":"search_term_string"}}],"inLanguage":"vi-VN"},{"@type":"Organization","@id":"https:\/\/tandoorvietnam.com\/vi\/#organization","name":"Tandoor Vietnam","url":"https:\/\/tandoorvietnam.com\/vi\/","logo":{"@type":"ImageObject","inLanguage":"vi-VN","@id":"https:\/\/tandoorvietnam.com\/vi\/#\/schema\/logo\/image\/","url":"https:\/\/tandoorvietnam.com\/wp-content\/uploads\/2020\/07\/logo.png","contentUrl":"https:\/\/tandoorvietnam.com\/wp-content\/uploads\/2020\/07\/logo.png","width":133,"height":75,"caption":"Tandoor Vietnam"},"image":{"@id":"https:\/\/tandoorvietnam.com\/vi\/#\/schema\/logo\/image\/"},"sameAs":["https:\/\/www.facebook.com\/tandoor.hcmc\/"]}]}},"_links":{"self":[{"href":"https:\/\/tandoorvietnam.com\/vi\/wp-json\/wp\/v2\/product\/3228","targetHints":{"allow":["GET"]}}],"collection":[{"href":"https:\/\/tandoorvietnam.com\/vi\/wp-json\/wp\/v2\/product"}],"about":[{"href":"https:\/\/tandoorvietnam.com\/vi\/wp-json\/wp\/v2\/types\/product"}],"wp:featuredmedia":[{"embeddable":true,"href":"https:\/\/tandoorvietnam.com\/vi\/wp-json\/wp\/v2\/media\/3229"}],"wp:attachment":[{"href":"https:\/\/tandoorvietnam.com\/vi\/wp-json\/wp\/v2\/media?parent=3228"}],"wp:term":[{"taxonomy":"product_brand","embeddable":true,"href":"https:\/\/tandoorvietnam.com\/vi\/wp-json\/wp\/v2\/product_brand?post=3228"},{"taxonomy":"product_cat","embeddable":true,"href":"https:\/\/tandoorvietnam.com\/vi\/wp-json\/wp\/v2\/product_cat?post=3228"},{"taxonomy":"product_tag","embeddable":true,"href":"https:\/\/tandoorvietnam.com\/vi\/wp-json\/wp\/v2\/product_tag?post=3228"}],"curies":[{"name":"wp","href":"https:\/\/api.w.org\/{rel}","templated":true}]}}