{"id":3230,"date":"2020-06-20T13:56:57","date_gmt":"2021-04-14T07:39:04","guid":{"rendered":"http:\/\/tandoorvietnam.com\/product\/uncategorized\/filet-ca-sot-hanh-tay-khoai-tay-va-ca-ri-cay\/"},"modified":"2023-05-09T08:18:54","modified_gmt":"2023-05-09T08:18:54","slug":"filet-ca-sot-hanh-tay-khoai-tay-va-ca-ri-cay","status":"publish","type":"product","link":"https:\/\/tandoorvietnam.com\/vi\/sanpham\/cac-mon-ca\/filet-ca-sot-hanh-tay-khoai-tay-va-ca-ri-cay\/","title":{"rendered":"Fish Vindaloo (FILET C\u00c1 S\u1ed0T H\u00c0NH T\u00c2Y, KHOAI T\u00c2Y V\u00c0 C\u00c0 RI CAY)"},"content":{"rendered":"<p>Filet c\u00e1 s\u1ed1t h\u00e0nh t\u00e2y, c\u00e0 ri cay, khoai t\u00e2y l\u00e0 m\u00f3n \u0103n \u0111\u1eb7c tr\u01b0ng c\u1ee7a \u1ea4n \u0110\u1ed9 v\u1edbi h\u01b0\u01a1ng v\u1ecb \u0111\u1eadm \u0111\u00e0, cay n\u1ed3ng v\u00e0 r\u1ea5t th\u01a1m ngon. T\u1ea1i Tandoor Vietnam, ch\u00fang t\u00f4i ch\u1ebf bi\u1ebfn m\u00f3n \u0103n n\u00e0y b\u1eb1ng c\u00e1ch ch\u1ecdn l\u1ef1a nh\u1eefng mi\u1ebfng file c\u00e1 t\u01b0\u01a1i ngon, x\u1eaft th\u00e0nh kh\u00fac, sau \u0111\u00f3 \u01b0\u1edbp s\u1ed1t h\u00e0nh t\u00e2y, c\u00e0 ri cay, v\u00e0 khoai t\u00e2y \u0111\u1ec3 cho m\u00f3n \u0103n th\u1ea5m \u0111\u1ec1u h\u01b0\u01a1ng v\u1ecb.<\/p>\n<p>M\u00f3n \u0103n \u0111\u01b0\u1ee3c ch\u1ebf bi\u1ebfn tr\u00ean l\u1eeda than h\u1ed3ng, gi\u00fap cho filet c\u00e1 gi\u00f2n tan, th\u1ecbt m\u1ec1m, ng\u1ecdt, v\u00e0 th\u01a1m ph\u1ee9c. Khi th\u01b0\u1edfng th\u1ee9c, b\u1ea1n s\u1ebd c\u1ea3m nh\u1eadn \u0111\u01b0\u1ee3c v\u1ecb cay n\u1ed3ng \u0111\u1eb7c tr\u01b0ng c\u1ee7a c\u00e0 ri c\u00f9ng v\u1edbi h\u01b0\u01a1ng v\u1ecb \u0111\u1eadm \u0111\u00e0 c\u1ee7a h\u00e0nh t\u00e2y, h\u00f2a quy\u1ec7n v\u1edbi v\u1ecb gi\u00f2n tan, ng\u1ecdt ng\u00e0o c\u1ee7a khoai t\u00e2y.<\/p>\n<p>Fish Vindaloo l\u00e0 m\u00f3n \u0103n ho\u00e0n h\u1ea3o \u0111\u1ec3 th\u01b0\u1edfng th\u1ee9c trong b\u1eefa ti\u1ec7c gia \u0111\u00ecnh, hay l\u00e0 m\u00f3n \u0103n tuy\u1ec7t v\u1eddi cho b\u1eefa \u0103n t\u1ed1i c\u00f9ng b\u1ea1n b\u00e8. B\u00ean c\u1ea1nh \u0111\u00f3, m\u00f3n \u0103n n\u00e0y c\u0169ng \u0111\u01b0\u1ee3c coi l\u00e0 m\u1ed9t trong nh\u1eefng m\u00f3n \u0103n \u0111\u01b0\u1ee3c \u01b0a chu\u1ed9ng nh\u1ea5t t\u1ea1i Tandoor Vietnam.<\/p>\n<p>H\u00e3y \u0111\u1ebfn v\u1edbi <a href=\"https:\/\/tandoorvietnam.com\/\">Tandoor Vietnam<\/a> \u0111\u1ec3 t\u1eadn h\u01b0\u1edfng v\u1ecb ngon tuy\u1ec7t v\u1eddi c\u1ee7a m\u00f3n Filet c\u00e1 s\u1ed1t h\u00e0nh t\u00e2y, c\u00e0 ri cay, khoai t\u00e2y v\u00e0 th\u01b0\u1edfng th\u1ee9c h\u01b0\u01a1ng v\u1ecb \u0111\u1eb7c tr\u01b0ng c\u1ee7a \u1ea9m th\u1ef1c \u1ea4n \u0110\u1ed9.<\/p>\n","protected":false},"excerpt":{"rendered":"<p>&nbsp;<\/p>\n<table width=\"723\">\n<tbody>\n<tr>\n<td width=\"412\">Fish fillets and potatoes cooked in thick spicy gravy<\/td>\n<\/tr>\n<tr>\n<td width=\"412\"><em>File c\u00e1 x\u1eaft kh\u00fac n\u1ea5u s\u1ed1t h\u00e0nh t\u00e2y, cary cay v\u00e0 khoai t\u00e2y \u2013<strong>r\u1ea5t cay!!!<\/strong><\/em><\/td>\n<\/tr>\n<\/tbody>\n<\/table>\n","protected":false},"featured_media":3231,"template":"","meta":[],"product_brand":[],"product_cat":[225],"product_tag":[],"class_list":{"0":"post-3230","1":"product","2":"type-product","3":"status-publish","4":"has-post-thumbnail","6":"product_cat-cac-mon-ca","8":"first","9":"instock","10":"taxable","11":"shipping-taxable","12":"purchasable","13":"product-type-simple"},"yoast_head":"<!-- This site is optimized with the Yoast SEO Premium plugin v22.3 (Yoast SEO v27.4) - https:\/\/yoast.com\/product\/yoast-seo-premium-wordpress\/ -->\n<title>Fish Vindaloo FILET C\u00c1 S\u1ed0T H\u00c0NH T\u00c2Y, KHOAI T\u00c2Y, C\u00c0 RI CAY<\/title>\n<meta name=\"description\" content=\"T\u1eadn h\u01b0\u1edfng m\u00f3n Filet c\u00e1 s\u1ed1t h\u00e0nh t\u00e2y, c\u00e0 ri cay, khoai t\u00e2y gi\u00f2n t\u1ea1i Tandoor Vietnam. H\u00e3y kh\u00e1m ph\u00e1 h\u01b0\u01a1ng v\u1ecb \u0111\u1ed9c \u0111\u00e1o c\u1ee7a m\u00f3n \u0103n n\u00e0y ngay h\u00f4m nay!\" \/>\n<meta name=\"robots\" content=\"index, follow, max-snippet:-1, max-image-preview:large, max-video-preview:-1\" \/>\n<link rel=\"canonical\" href=\"https:\/\/tandoorvietnam.com\/vi\/sanpham\/cac-mon-ca\/filet-ca-sot-hanh-tay-khoai-tay-va-ca-ri-cay\/\" \/>\n<meta property=\"og:locale\" content=\"vi_VN\" \/>\n<meta property=\"og:type\" content=\"article\" \/>\n<meta property=\"og:title\" content=\"Fish Vindaloo (FILET C\u00c1 S\u1ed0T H\u00c0NH T\u00c2Y, KHOAI T\u00c2Y V\u00c0 C\u00c0 RI CAY)\" \/>\n<meta property=\"og:description\" content=\"T\u1eadn h\u01b0\u1edfng m\u00f3n Filet c\u00e1 s\u1ed1t h\u00e0nh t\u00e2y, c\u00e0 ri cay, khoai t\u00e2y gi\u00f2n t\u1ea1i Tandoor Vietnam. H\u00e3y kh\u00e1m ph\u00e1 h\u01b0\u01a1ng v\u1ecb \u0111\u1ed9c \u0111\u00e1o c\u1ee7a m\u00f3n \u0103n n\u00e0y ngay h\u00f4m nay!\" \/>\n<meta property=\"og:url\" content=\"https:\/\/tandoorvietnam.com\/vi\/sanpham\/cac-mon-ca\/filet-ca-sot-hanh-tay-khoai-tay-va-ca-ri-cay\/\" \/>\n<meta property=\"og:site_name\" content=\"Tandoor Vi\u1ec7t Nam\" \/>\n<meta property=\"article:publisher\" content=\"https:\/\/www.facebook.com\/tandoor.hcmc\/\" \/>\n<meta property=\"article:modified_time\" content=\"2023-05-09T08:18:54+00:00\" \/>\n<meta property=\"og:image\" content=\"https:\/\/tandoorvietnam.com\/wp-content\/uploads\/2020\/06\/Fish-Vindaloo.jpg\" \/>\n\t<meta property=\"og:image:width\" content=\"800\" \/>\n\t<meta property=\"og:image:height\" content=\"800\" \/>\n\t<meta property=\"og:image:type\" content=\"image\/jpeg\" \/>\n<meta name=\"twitter:card\" content=\"summary_large_image\" \/>\n<meta name=\"twitter:label1\" content=\"Est. reading time\" \/>\n\t<meta name=\"twitter:data1\" content=\"1 minute\" \/>\n<script type=\"application\/ld+json\" class=\"yoast-schema-graph\">{\"@context\":\"https:\\\/\\\/schema.org\",\"@graph\":[{\"@type\":\"WebPage\",\"@id\":\"https:\\\/\\\/tandoorvietnam.com\\\/vi\\\/sanpham\\\/cac-mon-ca\\\/filet-ca-sot-hanh-tay-khoai-tay-va-ca-ri-cay\\\/\",\"url\":\"https:\\\/\\\/tandoorvietnam.com\\\/vi\\\/sanpham\\\/cac-mon-ca\\\/filet-ca-sot-hanh-tay-khoai-tay-va-ca-ri-cay\\\/\",\"name\":\"Fish Vindaloo FILET C\u00c1 S\u1ed0T H\u00c0NH T\u00c2Y, KHOAI T\u00c2Y, C\u00c0 RI CAY\",\"isPartOf\":{\"@id\":\"https:\\\/\\\/tandoorvietnam.com\\\/vi\\\/#website\"},\"primaryImageOfPage\":{\"@id\":\"https:\\\/\\\/tandoorvietnam.com\\\/vi\\\/sanpham\\\/cac-mon-ca\\\/filet-ca-sot-hanh-tay-khoai-tay-va-ca-ri-cay\\\/#primaryimage\"},\"image\":{\"@id\":\"https:\\\/\\\/tandoorvietnam.com\\\/vi\\\/sanpham\\\/cac-mon-ca\\\/filet-ca-sot-hanh-tay-khoai-tay-va-ca-ri-cay\\\/#primaryimage\"},\"thumbnailUrl\":\"https:\\\/\\\/tandoorvietnam.com\\\/wp-content\\\/uploads\\\/2020\\\/06\\\/Fish-Vindaloo.jpg\",\"datePublished\":\"2021-04-14T07:39:04+00:00\",\"dateModified\":\"2023-05-09T08:18:54+00:00\",\"description\":\"T\u1eadn h\u01b0\u1edfng m\u00f3n Filet c\u00e1 s\u1ed1t h\u00e0nh t\u00e2y, c\u00e0 ri cay, khoai t\u00e2y gi\u00f2n t\u1ea1i Tandoor Vietnam. H\u00e3y kh\u00e1m ph\u00e1 h\u01b0\u01a1ng v\u1ecb \u0111\u1ed9c \u0111\u00e1o c\u1ee7a m\u00f3n \u0103n n\u00e0y ngay h\u00f4m nay!\",\"breadcrumb\":{\"@id\":\"https:\\\/\\\/tandoorvietnam.com\\\/vi\\\/sanpham\\\/cac-mon-ca\\\/filet-ca-sot-hanh-tay-khoai-tay-va-ca-ri-cay\\\/#breadcrumb\"},\"inLanguage\":\"vi-VN\",\"potentialAction\":[{\"@type\":\"ReadAction\",\"target\":[\"https:\\\/\\\/tandoorvietnam.com\\\/vi\\\/sanpham\\\/cac-mon-ca\\\/filet-ca-sot-hanh-tay-khoai-tay-va-ca-ri-cay\\\/\"]}]},{\"@type\":\"ImageObject\",\"inLanguage\":\"vi-VN\",\"@id\":\"https:\\\/\\\/tandoorvietnam.com\\\/vi\\\/sanpham\\\/cac-mon-ca\\\/filet-ca-sot-hanh-tay-khoai-tay-va-ca-ri-cay\\\/#primaryimage\",\"url\":\"https:\\\/\\\/tandoorvietnam.com\\\/wp-content\\\/uploads\\\/2020\\\/06\\\/Fish-Vindaloo.jpg\",\"contentUrl\":\"https:\\\/\\\/tandoorvietnam.com\\\/wp-content\\\/uploads\\\/2020\\\/06\\\/Fish-Vindaloo.jpg\",\"width\":800,\"height\":800,\"caption\":\"FILET C\u00c1 S\u1ed0T H\u00c0NH T\u00c2Y, KHOAI T\u00c2Y V\u00c0 C\u00c0 RI CAY\"},{\"@type\":\"BreadcrumbList\",\"@id\":\"https:\\\/\\\/tandoorvietnam.com\\\/vi\\\/sanpham\\\/cac-mon-ca\\\/filet-ca-sot-hanh-tay-khoai-tay-va-ca-ri-cay\\\/#breadcrumb\",\"itemListElement\":[{\"@type\":\"ListItem\",\"position\":1,\"name\":\"Trang Ch\u1ee7\",\"item\":\"https:\\\/\\\/tandoorvietnam.com\\\/vi\\\/\"},{\"@type\":\"ListItem\",\"position\":2,\"name\":\"Shop\",\"item\":\"https:\\\/\\\/tandoorvietnam.com\\\/shop\\\/\"},{\"@type\":\"ListItem\",\"position\":3,\"name\":\"Fish Vindaloo (FILET C\u00c1 S\u1ed0T H\u00c0NH T\u00c2Y, KHOAI T\u00c2Y V\u00c0 C\u00c0 RI CAY)\"}]},{\"@type\":\"WebSite\",\"@id\":\"https:\\\/\\\/tandoorvietnam.com\\\/vi\\\/#website\",\"url\":\"https:\\\/\\\/tandoorvietnam.com\\\/vi\\\/\",\"name\":\"Tandoor Vietnam\",\"description\":\"Nh\u00e0 h\u00e0ng ngon h\u1ed3 ch\u00ed minh\",\"publisher\":{\"@id\":\"https:\\\/\\\/tandoorvietnam.com\\\/vi\\\/#organization\"},\"potentialAction\":[{\"@type\":\"SearchAction\",\"target\":{\"@type\":\"EntryPoint\",\"urlTemplate\":\"https:\\\/\\\/tandoorvietnam.com\\\/vi\\\/?s={search_term_string}\"},\"query-input\":{\"@type\":\"PropertyValueSpecification\",\"valueRequired\":true,\"valueName\":\"search_term_string\"}}],\"inLanguage\":\"vi-VN\"},{\"@type\":\"Organization\",\"@id\":\"https:\\\/\\\/tandoorvietnam.com\\\/vi\\\/#organization\",\"name\":\"Tandoor Vietnam\",\"url\":\"https:\\\/\\\/tandoorvietnam.com\\\/vi\\\/\",\"logo\":{\"@type\":\"ImageObject\",\"inLanguage\":\"vi-VN\",\"@id\":\"https:\\\/\\\/tandoorvietnam.com\\\/vi\\\/#\\\/schema\\\/logo\\\/image\\\/\",\"url\":\"https:\\\/\\\/tandoorvietnam.com\\\/wp-content\\\/uploads\\\/2020\\\/07\\\/logo.png\",\"contentUrl\":\"https:\\\/\\\/tandoorvietnam.com\\\/wp-content\\\/uploads\\\/2020\\\/07\\\/logo.png\",\"width\":133,\"height\":75,\"caption\":\"Tandoor Vietnam\"},\"image\":{\"@id\":\"https:\\\/\\\/tandoorvietnam.com\\\/vi\\\/#\\\/schema\\\/logo\\\/image\\\/\"},\"sameAs\":[\"https:\\\/\\\/www.facebook.com\\\/tandoor.hcmc\\\/\"]}]}<\/script>\n<!-- \/ Yoast SEO Premium plugin. -->","yoast_head_json":{"title":"Fish Vindaloo FILET C\u00c1 S\u1ed0T H\u00c0NH T\u00c2Y, KHOAI T\u00c2Y, C\u00c0 RI CAY","description":"T\u1eadn h\u01b0\u1edfng m\u00f3n Filet c\u00e1 s\u1ed1t h\u00e0nh t\u00e2y, c\u00e0 ri cay, khoai t\u00e2y gi\u00f2n t\u1ea1i Tandoor Vietnam. H\u00e3y kh\u00e1m ph\u00e1 h\u01b0\u01a1ng v\u1ecb \u0111\u1ed9c \u0111\u00e1o c\u1ee7a m\u00f3n \u0103n n\u00e0y ngay h\u00f4m nay!","robots":{"index":"index","follow":"follow","max-snippet":"max-snippet:-1","max-image-preview":"max-image-preview:large","max-video-preview":"max-video-preview:-1"},"canonical":"https:\/\/tandoorvietnam.com\/vi\/sanpham\/cac-mon-ca\/filet-ca-sot-hanh-tay-khoai-tay-va-ca-ri-cay\/","og_locale":"vi_VN","og_type":"article","og_title":"Fish Vindaloo (FILET C\u00c1 S\u1ed0T H\u00c0NH T\u00c2Y, KHOAI T\u00c2Y V\u00c0 C\u00c0 RI CAY)","og_description":"T\u1eadn h\u01b0\u1edfng m\u00f3n Filet c\u00e1 s\u1ed1t h\u00e0nh t\u00e2y, c\u00e0 ri cay, khoai t\u00e2y gi\u00f2n t\u1ea1i Tandoor Vietnam. H\u00e3y kh\u00e1m ph\u00e1 h\u01b0\u01a1ng v\u1ecb \u0111\u1ed9c \u0111\u00e1o c\u1ee7a m\u00f3n \u0103n n\u00e0y ngay h\u00f4m nay!","og_url":"https:\/\/tandoorvietnam.com\/vi\/sanpham\/cac-mon-ca\/filet-ca-sot-hanh-tay-khoai-tay-va-ca-ri-cay\/","og_site_name":"Tandoor Vi\u1ec7t Nam","article_publisher":"https:\/\/www.facebook.com\/tandoor.hcmc\/","article_modified_time":"2023-05-09T08:18:54+00:00","og_image":[{"width":800,"height":800,"url":"https:\/\/tandoorvietnam.com\/wp-content\/uploads\/2020\/06\/Fish-Vindaloo.jpg","type":"image\/jpeg"}],"twitter_card":"summary_large_image","twitter_misc":{"Est. reading time":"1 minute"},"schema":{"@context":"https:\/\/schema.org","@graph":[{"@type":"WebPage","@id":"https:\/\/tandoorvietnam.com\/vi\/sanpham\/cac-mon-ca\/filet-ca-sot-hanh-tay-khoai-tay-va-ca-ri-cay\/","url":"https:\/\/tandoorvietnam.com\/vi\/sanpham\/cac-mon-ca\/filet-ca-sot-hanh-tay-khoai-tay-va-ca-ri-cay\/","name":"Fish Vindaloo FILET C\u00c1 S\u1ed0T H\u00c0NH T\u00c2Y, KHOAI T\u00c2Y, C\u00c0 RI CAY","isPartOf":{"@id":"https:\/\/tandoorvietnam.com\/vi\/#website"},"primaryImageOfPage":{"@id":"https:\/\/tandoorvietnam.com\/vi\/sanpham\/cac-mon-ca\/filet-ca-sot-hanh-tay-khoai-tay-va-ca-ri-cay\/#primaryimage"},"image":{"@id":"https:\/\/tandoorvietnam.com\/vi\/sanpham\/cac-mon-ca\/filet-ca-sot-hanh-tay-khoai-tay-va-ca-ri-cay\/#primaryimage"},"thumbnailUrl":"https:\/\/tandoorvietnam.com\/wp-content\/uploads\/2020\/06\/Fish-Vindaloo.jpg","datePublished":"2021-04-14T07:39:04+00:00","dateModified":"2023-05-09T08:18:54+00:00","description":"T\u1eadn h\u01b0\u1edfng m\u00f3n Filet c\u00e1 s\u1ed1t h\u00e0nh t\u00e2y, c\u00e0 ri cay, khoai t\u00e2y gi\u00f2n t\u1ea1i Tandoor Vietnam. H\u00e3y kh\u00e1m ph\u00e1 h\u01b0\u01a1ng v\u1ecb \u0111\u1ed9c \u0111\u00e1o c\u1ee7a m\u00f3n \u0103n n\u00e0y ngay h\u00f4m nay!","breadcrumb":{"@id":"https:\/\/tandoorvietnam.com\/vi\/sanpham\/cac-mon-ca\/filet-ca-sot-hanh-tay-khoai-tay-va-ca-ri-cay\/#breadcrumb"},"inLanguage":"vi-VN","potentialAction":[{"@type":"ReadAction","target":["https:\/\/tandoorvietnam.com\/vi\/sanpham\/cac-mon-ca\/filet-ca-sot-hanh-tay-khoai-tay-va-ca-ri-cay\/"]}]},{"@type":"ImageObject","inLanguage":"vi-VN","@id":"https:\/\/tandoorvietnam.com\/vi\/sanpham\/cac-mon-ca\/filet-ca-sot-hanh-tay-khoai-tay-va-ca-ri-cay\/#primaryimage","url":"https:\/\/tandoorvietnam.com\/wp-content\/uploads\/2020\/06\/Fish-Vindaloo.jpg","contentUrl":"https:\/\/tandoorvietnam.com\/wp-content\/uploads\/2020\/06\/Fish-Vindaloo.jpg","width":800,"height":800,"caption":"FILET C\u00c1 S\u1ed0T H\u00c0NH T\u00c2Y, KHOAI T\u00c2Y V\u00c0 C\u00c0 RI CAY"},{"@type":"BreadcrumbList","@id":"https:\/\/tandoorvietnam.com\/vi\/sanpham\/cac-mon-ca\/filet-ca-sot-hanh-tay-khoai-tay-va-ca-ri-cay\/#breadcrumb","itemListElement":[{"@type":"ListItem","position":1,"name":"Trang Ch\u1ee7","item":"https:\/\/tandoorvietnam.com\/vi\/"},{"@type":"ListItem","position":2,"name":"Shop","item":"https:\/\/tandoorvietnam.com\/shop\/"},{"@type":"ListItem","position":3,"name":"Fish Vindaloo (FILET C\u00c1 S\u1ed0T H\u00c0NH T\u00c2Y, KHOAI T\u00c2Y V\u00c0 C\u00c0 RI CAY)"}]},{"@type":"WebSite","@id":"https:\/\/tandoorvietnam.com\/vi\/#website","url":"https:\/\/tandoorvietnam.com\/vi\/","name":"Tandoor Vietnam","description":"Nh\u00e0 h\u00e0ng ngon h\u1ed3 ch\u00ed minh","publisher":{"@id":"https:\/\/tandoorvietnam.com\/vi\/#organization"},"potentialAction":[{"@type":"SearchAction","target":{"@type":"EntryPoint","urlTemplate":"https:\/\/tandoorvietnam.com\/vi\/?s={search_term_string}"},"query-input":{"@type":"PropertyValueSpecification","valueRequired":true,"valueName":"search_term_string"}}],"inLanguage":"vi-VN"},{"@type":"Organization","@id":"https:\/\/tandoorvietnam.com\/vi\/#organization","name":"Tandoor Vietnam","url":"https:\/\/tandoorvietnam.com\/vi\/","logo":{"@type":"ImageObject","inLanguage":"vi-VN","@id":"https:\/\/tandoorvietnam.com\/vi\/#\/schema\/logo\/image\/","url":"https:\/\/tandoorvietnam.com\/wp-content\/uploads\/2020\/07\/logo.png","contentUrl":"https:\/\/tandoorvietnam.com\/wp-content\/uploads\/2020\/07\/logo.png","width":133,"height":75,"caption":"Tandoor Vietnam"},"image":{"@id":"https:\/\/tandoorvietnam.com\/vi\/#\/schema\/logo\/image\/"},"sameAs":["https:\/\/www.facebook.com\/tandoor.hcmc\/"]}]}},"_links":{"self":[{"href":"https:\/\/tandoorvietnam.com\/vi\/wp-json\/wp\/v2\/product\/3230","targetHints":{"allow":["GET"]}}],"collection":[{"href":"https:\/\/tandoorvietnam.com\/vi\/wp-json\/wp\/v2\/product"}],"about":[{"href":"https:\/\/tandoorvietnam.com\/vi\/wp-json\/wp\/v2\/types\/product"}],"wp:featuredmedia":[{"embeddable":true,"href":"https:\/\/tandoorvietnam.com\/vi\/wp-json\/wp\/v2\/media\/3231"}],"wp:attachment":[{"href":"https:\/\/tandoorvietnam.com\/vi\/wp-json\/wp\/v2\/media?parent=3230"}],"wp:term":[{"taxonomy":"product_brand","embeddable":true,"href":"https:\/\/tandoorvietnam.com\/vi\/wp-json\/wp\/v2\/product_brand?post=3230"},{"taxonomy":"product_cat","embeddable":true,"href":"https:\/\/tandoorvietnam.com\/vi\/wp-json\/wp\/v2\/product_cat?post=3230"},{"taxonomy":"product_tag","embeddable":true,"href":"https:\/\/tandoorvietnam.com\/vi\/wp-json\/wp\/v2\/product_tag?post=3230"}],"curies":[{"name":"wp","href":"https:\/\/api.w.org\/{rel}","templated":true}]}}