{"id":3232,"date":"2020-06-20T14:02:07","date_gmt":"2021-04-14T07:44:51","guid":{"rendered":"http:\/\/tandoorvietnam.com\/product\/uncategorized\/filet-ca-uop-gia-vi-cay-va-nghe-chien-gion-voi-la-ca-ri\/"},"modified":"2023-05-19T17:09:51","modified_gmt":"2023-05-19T17:09:51","slug":"filet-ca-uop-gia-vi-cay-va-nghe-chien-gion-voi-la-ca-ri","status":"publish","type":"product","link":"https:\/\/tandoorvietnam.com\/vi\/sanpham\/cac-mon-ca\/filet-ca-uop-gia-vi-cay-va-nghe-chien-gion-voi-la-ca-ri\/","title":{"rendered":"Fried Fish (FILET C\u00c1 \u01af\u1edaP GIA V\u1eca CAY V\u00c0 NGH\u1ec6 CHI\u00caN GI\u00d2N V\u1edaI L\u00c1 C\u00c0 RI)"},"content":{"rendered":"<p>Filet c\u00e1 \u01b0\u1edbp gia v\u1ecb cay v\u00e0 ngh\u1ec7 chi\u00ean gi\u00f2n v\u1edbi l\u00e1 c\u00e0 ri (Fried Fish) l\u00e0 m\u1ed9t m\u00f3n \u0103n \u0111\u1eb7c bi\u1ec7t t\u1ea1i Tandoor Vietnam. Ch\u00fang t\u00f4i s\u1eed d\u1ee5ng filet c\u00e1 t\u01b0\u01a1i ngon v\u00e0 \u01b0\u1edbp gia v\u1ecb cay c\u00f9ng ngh\u1ec7, t\u1ea1o n\u00ean m\u1ed9t h\u01b0\u01a1ng v\u1ecb \u0111\u1eadm \u0111\u00e0 v\u00e0 th\u00fa v\u1ecb.<\/p>\n<p>C\u00e1 \u0111\u01b0\u1ee3c chi\u00ean gi\u00f2n t\u1edbi khi v\u1ecf ngo\u00e0i v\u00e0ng ru\u1ed9m, gi\u1eef nguy\u00ean \u0111\u1ed9 t\u01b0\u01a1i m\u1ec1m b\u00ean trong. \u0110i\u1ec3m nh\u1ea5n c\u1ee7a m\u00f3n \u0103n n\u00e0y l\u00e0 l\u00e1 c\u00e0 ri t\u01b0\u01a1i \u0111\u01b0\u1ee3c s\u1eed d\u1ee5ng \u0111\u1ec3 t\u1ea1o th\u00eam h\u01b0\u01a1ng v\u1ecb \u0111\u1eb7c tr\u01b0ng v\u00e0 t\u01b0\u01a1i m\u00e1t cho m\u00f3n \u0103n.<\/p>\n<p>Ch\u00fang t\u00f4i \u0111\u1ea3m b\u1ea3o s\u1ef1 t\u01b0\u01a1i ngon v\u00e0 ch\u1ea5t l\u01b0\u1ee3ng c\u1ee7a c\u00e1 b\u1eb1ng c\u00e1ch ch\u1ecdn k\u1ef9 l\u01b0\u1ee1ng nh\u1eefng nguy\u00ean li\u1ec7u t\u01b0\u01a1i nh\u1ea5t t\u1eeb c\u00e1c ngu\u1ed3n cung c\u1ea5p tin c\u1eady. Gia v\u1ecb cay c\u00f9ng ngh\u1ec7 \u0111\u01b0\u1ee3c s\u1eed d\u1ee5ng \u0111\u1ec3 gia v\u1ecb cho c\u00e1, mang \u0111\u1ebfn m\u1ed9t h\u01b0\u01a1ng v\u1ecb \u0111\u1eb7c tr\u01b0ng c\u1ee7a \u1ea9m th\u1ef1c \u1ea4n \u0110\u1ed9.<\/p>\n<p>Fried Fish l\u00e0 m\u1ed9t m\u00f3n \u0103n ph\u00f9 h\u1ee3p \u0111\u1ec3 th\u01b0\u1edfng th\u1ee9c trong b\u1eefa tr\u01b0a ho\u1eb7c b\u1eefa t\u1ed1i. B\u1ea1n c\u00f3 th\u1ec3 k\u1ebft h\u1ee3p m\u00f3n \u0103n n\u00e0y v\u1edbi c\u00e1c lo\u1ea1i x\u00e0 l\u00e1ch, rau s\u1ed1ng v\u00e0 c\u00e1c lo\u1ea1i s\u1ed1t t\u00f9y ch\u1ecdn \u0111\u1ec3 t\u0103ng th\u00eam h\u01b0\u01a1ng v\u1ecb.<\/p>\n<p><a href=\"https:\/\/tandoorvietnam.com\/\">Nh\u00e0 h\u00e0ng Tandoor Vietnam<\/a> cam k\u1ebft mang \u0111\u1ebfn cho b\u1ea1n nh\u1eefng m\u00f3n \u0103n \u0111\u1ed9c \u0111\u00e1o v\u00e0 ngon mi\u1ec7ng t\u1eeb \u1ea4n \u0110\u1ed9. Fried Fish l\u00e0 m\u1ed9t trong nh\u1eefng l\u1ef1a ch\u1ecdn tuy\u1ec7t v\u1eddi \u0111\u1ec3 kh\u00e1m ph\u00e1 h\u01b0\u01a1ng v\u1ecb \u0111a d\u1ea1ng v\u00e0 th\u00fa v\u1ecb c\u1ee7a \u1ea9m th\u1ef1c \u1ea4n \u0110\u1ed9.<\/p>\n","protected":false},"excerpt":{"rendered":"<p>&nbsp;<\/p>\n<table width=\"723\">\n<tbody>\n<tr>\n<td width=\"412\">Fish fillet marinated with ground Indian spices, deep fry<\/td>\n<\/tr>\n<tr>\n<td width=\"412\"><em> File c\u00e1 \u01b0\u1edbp gia v\u1ecb cay v\u00e0 ngh\u1ec7 chi\u00ean gi\u00f2n v\u1edbi l\u00e1 cari<\/em><\/td>\n<\/tr>\n<\/tbody>\n<\/table>\n","protected":false},"featured_media":3233,"template":"","meta":[],"product_brand":[],"product_cat":[225],"product_tag":[],"class_list":{"0":"post-3232","1":"product","2":"type-product","3":"status-publish","4":"has-post-thumbnail","6":"product_cat-cac-mon-ca","8":"first","9":"instock","10":"taxable","11":"shipping-taxable","12":"purchasable","13":"product-type-simple"},"yoast_head":"<!-- This site is optimized with the Yoast SEO Premium plugin v22.3 (Yoast SEO v27.4) - https:\/\/yoast.com\/product\/yoast-seo-premium-wordpress\/ -->\n<title>FILET C\u00c1 \u01af\u1edaP GIA V\u1eca CAY V\u00c0 NGH\u1ec6 CHI\u00caN GI\u00d2N V\u1edaI L\u00c1 C\u00c0 RI<\/title>\n<meta name=\"description\" content=\"Filet c\u00e1 \u01b0\u1edbp gia v\u1ecb cay v\u00e0 ngh\u1ec7 chi\u00ean gi\u00f2n v\u1edbi l\u00e1 c\u00e0 ri. M\u00f3n \u0103n tuy\u1ec7t v\u1eddi t\u1ea1i Tandoor Vietnam, h\u00f2a quy\u1ec7n h\u01b0\u01a1ng v\u1ecb \u0111\u1ed9c \u0111\u00e1o c\u1ee7a gia v\u1ecb v\u00e0 c\u00e1 t\u01b0\u01a1i ngon.\" \/>\n<meta name=\"robots\" content=\"index, follow, max-snippet:-1, max-image-preview:large, max-video-preview:-1\" \/>\n<link rel=\"canonical\" href=\"https:\/\/tandoorvietnam.com\/vi\/sanpham\/cac-mon-ca\/filet-ca-uop-gia-vi-cay-va-nghe-chien-gion-voi-la-ca-ri\/\" \/>\n<meta property=\"og:locale\" content=\"vi_VN\" \/>\n<meta property=\"og:type\" content=\"article\" \/>\n<meta property=\"og:title\" content=\"Fried Fish (FILET C\u00c1 \u01af\u1edaP GIA V\u1eca CAY V\u00c0 NGH\u1ec6 CHI\u00caN GI\u00d2N V\u1edaI L\u00c1 C\u00c0 RI)\" \/>\n<meta property=\"og:description\" content=\"Filet c\u00e1 \u01b0\u1edbp gia v\u1ecb cay v\u00e0 ngh\u1ec7 chi\u00ean gi\u00f2n v\u1edbi l\u00e1 c\u00e0 ri. M\u00f3n \u0103n tuy\u1ec7t v\u1eddi t\u1ea1i Tandoor Vietnam, h\u00f2a quy\u1ec7n h\u01b0\u01a1ng v\u1ecb \u0111\u1ed9c \u0111\u00e1o c\u1ee7a gia v\u1ecb v\u00e0 c\u00e1 t\u01b0\u01a1i ngon.\" \/>\n<meta property=\"og:url\" content=\"https:\/\/tandoorvietnam.com\/vi\/sanpham\/cac-mon-ca\/filet-ca-uop-gia-vi-cay-va-nghe-chien-gion-voi-la-ca-ri\/\" \/>\n<meta property=\"og:site_name\" content=\"Tandoor Vi\u1ec7t Nam\" \/>\n<meta property=\"article:publisher\" content=\"https:\/\/www.facebook.com\/tandoor.hcmc\/\" \/>\n<meta property=\"article:modified_time\" content=\"2023-05-19T17:09:51+00:00\" \/>\n<meta property=\"og:image\" content=\"https:\/\/tandoorvietnam.com\/wp-content\/uploads\/2020\/06\/Fish-fried-scaled.jpg\" \/>\n\t<meta property=\"og:image:width\" content=\"1400\" \/>\n\t<meta property=\"og:image:height\" content=\"933\" \/>\n\t<meta property=\"og:image:type\" content=\"image\/jpeg\" \/>\n<meta name=\"twitter:card\" content=\"summary_large_image\" \/>\n<meta name=\"twitter:label1\" content=\"Est. reading time\" \/>\n\t<meta name=\"twitter:data1\" content=\"2 minutes\" \/>\n<script type=\"application\/ld+json\" class=\"yoast-schema-graph\">{\"@context\":\"https:\\\/\\\/schema.org\",\"@graph\":[{\"@type\":\"WebPage\",\"@id\":\"https:\\\/\\\/tandoorvietnam.com\\\/vi\\\/sanpham\\\/cac-mon-ca\\\/filet-ca-uop-gia-vi-cay-va-nghe-chien-gion-voi-la-ca-ri\\\/\",\"url\":\"https:\\\/\\\/tandoorvietnam.com\\\/vi\\\/sanpham\\\/cac-mon-ca\\\/filet-ca-uop-gia-vi-cay-va-nghe-chien-gion-voi-la-ca-ri\\\/\",\"name\":\"FILET C\u00c1 \u01af\u1edaP GIA V\u1eca CAY V\u00c0 NGH\u1ec6 CHI\u00caN GI\u00d2N V\u1edaI L\u00c1 C\u00c0 RI\",\"isPartOf\":{\"@id\":\"https:\\\/\\\/tandoorvietnam.com\\\/vi\\\/#website\"},\"primaryImageOfPage\":{\"@id\":\"https:\\\/\\\/tandoorvietnam.com\\\/vi\\\/sanpham\\\/cac-mon-ca\\\/filet-ca-uop-gia-vi-cay-va-nghe-chien-gion-voi-la-ca-ri\\\/#primaryimage\"},\"image\":{\"@id\":\"https:\\\/\\\/tandoorvietnam.com\\\/vi\\\/sanpham\\\/cac-mon-ca\\\/filet-ca-uop-gia-vi-cay-va-nghe-chien-gion-voi-la-ca-ri\\\/#primaryimage\"},\"thumbnailUrl\":\"https:\\\/\\\/tandoorvietnam.com\\\/wp-content\\\/uploads\\\/2020\\\/06\\\/Fish-fried-scaled.jpg\",\"datePublished\":\"2021-04-14T07:44:51+00:00\",\"dateModified\":\"2023-05-19T17:09:51+00:00\",\"description\":\"Filet c\u00e1 \u01b0\u1edbp gia v\u1ecb cay v\u00e0 ngh\u1ec7 chi\u00ean gi\u00f2n v\u1edbi l\u00e1 c\u00e0 ri. M\u00f3n \u0103n tuy\u1ec7t v\u1eddi t\u1ea1i Tandoor Vietnam, h\u00f2a quy\u1ec7n h\u01b0\u01a1ng v\u1ecb \u0111\u1ed9c \u0111\u00e1o c\u1ee7a gia v\u1ecb v\u00e0 c\u00e1 t\u01b0\u01a1i ngon.\",\"breadcrumb\":{\"@id\":\"https:\\\/\\\/tandoorvietnam.com\\\/vi\\\/sanpham\\\/cac-mon-ca\\\/filet-ca-uop-gia-vi-cay-va-nghe-chien-gion-voi-la-ca-ri\\\/#breadcrumb\"},\"inLanguage\":\"vi-VN\",\"potentialAction\":[{\"@type\":\"ReadAction\",\"target\":[\"https:\\\/\\\/tandoorvietnam.com\\\/vi\\\/sanpham\\\/cac-mon-ca\\\/filet-ca-uop-gia-vi-cay-va-nghe-chien-gion-voi-la-ca-ri\\\/\"]}]},{\"@type\":\"ImageObject\",\"inLanguage\":\"vi-VN\",\"@id\":\"https:\\\/\\\/tandoorvietnam.com\\\/vi\\\/sanpham\\\/cac-mon-ca\\\/filet-ca-uop-gia-vi-cay-va-nghe-chien-gion-voi-la-ca-ri\\\/#primaryimage\",\"url\":\"https:\\\/\\\/tandoorvietnam.com\\\/wp-content\\\/uploads\\\/2020\\\/06\\\/Fish-fried-scaled.jpg\",\"contentUrl\":\"https:\\\/\\\/tandoorvietnam.com\\\/wp-content\\\/uploads\\\/2020\\\/06\\\/Fish-fried-scaled.jpg\",\"width\":2048,\"height\":1365,\"caption\":\"FILET C\u00c1 \u01af\u1edaP GIA V\u1eca CAY V\u00c0 NGH\u1ec6 CHI\u00caN GI\u00d2N V\u1edaI L\u00c1 C\u00c0 RI\"},{\"@type\":\"BreadcrumbList\",\"@id\":\"https:\\\/\\\/tandoorvietnam.com\\\/vi\\\/sanpham\\\/cac-mon-ca\\\/filet-ca-uop-gia-vi-cay-va-nghe-chien-gion-voi-la-ca-ri\\\/#breadcrumb\",\"itemListElement\":[{\"@type\":\"ListItem\",\"position\":1,\"name\":\"Trang Ch\u1ee7\",\"item\":\"https:\\\/\\\/tandoorvietnam.com\\\/vi\\\/\"},{\"@type\":\"ListItem\",\"position\":2,\"name\":\"Shop\",\"item\":\"https:\\\/\\\/tandoorvietnam.com\\\/shop\\\/\"},{\"@type\":\"ListItem\",\"position\":3,\"name\":\"Fried Fish (FILET C\u00c1 \u01af\u1edaP GIA V\u1eca CAY V\u00c0 NGH\u1ec6 CHI\u00caN GI\u00d2N V\u1edaI L\u00c1 C\u00c0 RI)\"}]},{\"@type\":\"WebSite\",\"@id\":\"https:\\\/\\\/tandoorvietnam.com\\\/vi\\\/#website\",\"url\":\"https:\\\/\\\/tandoorvietnam.com\\\/vi\\\/\",\"name\":\"Tandoor Vietnam\",\"description\":\"Nh\u00e0 h\u00e0ng ngon h\u1ed3 ch\u00ed minh\",\"publisher\":{\"@id\":\"https:\\\/\\\/tandoorvietnam.com\\\/vi\\\/#organization\"},\"potentialAction\":[{\"@type\":\"SearchAction\",\"target\":{\"@type\":\"EntryPoint\",\"urlTemplate\":\"https:\\\/\\\/tandoorvietnam.com\\\/vi\\\/?s={search_term_string}\"},\"query-input\":{\"@type\":\"PropertyValueSpecification\",\"valueRequired\":true,\"valueName\":\"search_term_string\"}}],\"inLanguage\":\"vi-VN\"},{\"@type\":\"Organization\",\"@id\":\"https:\\\/\\\/tandoorvietnam.com\\\/vi\\\/#organization\",\"name\":\"Tandoor Vietnam\",\"url\":\"https:\\\/\\\/tandoorvietnam.com\\\/vi\\\/\",\"logo\":{\"@type\":\"ImageObject\",\"inLanguage\":\"vi-VN\",\"@id\":\"https:\\\/\\\/tandoorvietnam.com\\\/vi\\\/#\\\/schema\\\/logo\\\/image\\\/\",\"url\":\"https:\\\/\\\/tandoorvietnam.com\\\/wp-content\\\/uploads\\\/2020\\\/07\\\/logo.png\",\"contentUrl\":\"https:\\\/\\\/tandoorvietnam.com\\\/wp-content\\\/uploads\\\/2020\\\/07\\\/logo.png\",\"width\":133,\"height\":75,\"caption\":\"Tandoor Vietnam\"},\"image\":{\"@id\":\"https:\\\/\\\/tandoorvietnam.com\\\/vi\\\/#\\\/schema\\\/logo\\\/image\\\/\"},\"sameAs\":[\"https:\\\/\\\/www.facebook.com\\\/tandoor.hcmc\\\/\"]}]}<\/script>\n<!-- \/ Yoast SEO Premium plugin. -->","yoast_head_json":{"title":"FILET C\u00c1 \u01af\u1edaP GIA V\u1eca CAY V\u00c0 NGH\u1ec6 CHI\u00caN GI\u00d2N V\u1edaI L\u00c1 C\u00c0 RI","description":"Filet c\u00e1 \u01b0\u1edbp gia v\u1ecb cay v\u00e0 ngh\u1ec7 chi\u00ean gi\u00f2n v\u1edbi l\u00e1 c\u00e0 ri. M\u00f3n \u0103n tuy\u1ec7t v\u1eddi t\u1ea1i Tandoor Vietnam, h\u00f2a quy\u1ec7n h\u01b0\u01a1ng v\u1ecb \u0111\u1ed9c \u0111\u00e1o c\u1ee7a gia v\u1ecb v\u00e0 c\u00e1 t\u01b0\u01a1i ngon.","robots":{"index":"index","follow":"follow","max-snippet":"max-snippet:-1","max-image-preview":"max-image-preview:large","max-video-preview":"max-video-preview:-1"},"canonical":"https:\/\/tandoorvietnam.com\/vi\/sanpham\/cac-mon-ca\/filet-ca-uop-gia-vi-cay-va-nghe-chien-gion-voi-la-ca-ri\/","og_locale":"vi_VN","og_type":"article","og_title":"Fried Fish (FILET C\u00c1 \u01af\u1edaP GIA V\u1eca CAY V\u00c0 NGH\u1ec6 CHI\u00caN GI\u00d2N V\u1edaI L\u00c1 C\u00c0 RI)","og_description":"Filet c\u00e1 \u01b0\u1edbp gia v\u1ecb cay v\u00e0 ngh\u1ec7 chi\u00ean gi\u00f2n v\u1edbi l\u00e1 c\u00e0 ri. M\u00f3n \u0103n tuy\u1ec7t v\u1eddi t\u1ea1i Tandoor Vietnam, h\u00f2a quy\u1ec7n h\u01b0\u01a1ng v\u1ecb \u0111\u1ed9c \u0111\u00e1o c\u1ee7a gia v\u1ecb v\u00e0 c\u00e1 t\u01b0\u01a1i ngon.","og_url":"https:\/\/tandoorvietnam.com\/vi\/sanpham\/cac-mon-ca\/filet-ca-uop-gia-vi-cay-va-nghe-chien-gion-voi-la-ca-ri\/","og_site_name":"Tandoor Vi\u1ec7t Nam","article_publisher":"https:\/\/www.facebook.com\/tandoor.hcmc\/","article_modified_time":"2023-05-19T17:09:51+00:00","og_image":[{"width":1400,"height":933,"url":"https:\/\/tandoorvietnam.com\/wp-content\/uploads\/2020\/06\/Fish-fried-scaled.jpg","type":"image\/jpeg"}],"twitter_card":"summary_large_image","twitter_misc":{"Est. reading time":"2 minutes"},"schema":{"@context":"https:\/\/schema.org","@graph":[{"@type":"WebPage","@id":"https:\/\/tandoorvietnam.com\/vi\/sanpham\/cac-mon-ca\/filet-ca-uop-gia-vi-cay-va-nghe-chien-gion-voi-la-ca-ri\/","url":"https:\/\/tandoorvietnam.com\/vi\/sanpham\/cac-mon-ca\/filet-ca-uop-gia-vi-cay-va-nghe-chien-gion-voi-la-ca-ri\/","name":"FILET C\u00c1 \u01af\u1edaP GIA V\u1eca CAY V\u00c0 NGH\u1ec6 CHI\u00caN GI\u00d2N V\u1edaI L\u00c1 C\u00c0 RI","isPartOf":{"@id":"https:\/\/tandoorvietnam.com\/vi\/#website"},"primaryImageOfPage":{"@id":"https:\/\/tandoorvietnam.com\/vi\/sanpham\/cac-mon-ca\/filet-ca-uop-gia-vi-cay-va-nghe-chien-gion-voi-la-ca-ri\/#primaryimage"},"image":{"@id":"https:\/\/tandoorvietnam.com\/vi\/sanpham\/cac-mon-ca\/filet-ca-uop-gia-vi-cay-va-nghe-chien-gion-voi-la-ca-ri\/#primaryimage"},"thumbnailUrl":"https:\/\/tandoorvietnam.com\/wp-content\/uploads\/2020\/06\/Fish-fried-scaled.jpg","datePublished":"2021-04-14T07:44:51+00:00","dateModified":"2023-05-19T17:09:51+00:00","description":"Filet c\u00e1 \u01b0\u1edbp gia v\u1ecb cay v\u00e0 ngh\u1ec7 chi\u00ean gi\u00f2n v\u1edbi l\u00e1 c\u00e0 ri. M\u00f3n \u0103n tuy\u1ec7t v\u1eddi t\u1ea1i Tandoor Vietnam, h\u00f2a quy\u1ec7n h\u01b0\u01a1ng v\u1ecb \u0111\u1ed9c \u0111\u00e1o c\u1ee7a gia v\u1ecb v\u00e0 c\u00e1 t\u01b0\u01a1i ngon.","breadcrumb":{"@id":"https:\/\/tandoorvietnam.com\/vi\/sanpham\/cac-mon-ca\/filet-ca-uop-gia-vi-cay-va-nghe-chien-gion-voi-la-ca-ri\/#breadcrumb"},"inLanguage":"vi-VN","potentialAction":[{"@type":"ReadAction","target":["https:\/\/tandoorvietnam.com\/vi\/sanpham\/cac-mon-ca\/filet-ca-uop-gia-vi-cay-va-nghe-chien-gion-voi-la-ca-ri\/"]}]},{"@type":"ImageObject","inLanguage":"vi-VN","@id":"https:\/\/tandoorvietnam.com\/vi\/sanpham\/cac-mon-ca\/filet-ca-uop-gia-vi-cay-va-nghe-chien-gion-voi-la-ca-ri\/#primaryimage","url":"https:\/\/tandoorvietnam.com\/wp-content\/uploads\/2020\/06\/Fish-fried-scaled.jpg","contentUrl":"https:\/\/tandoorvietnam.com\/wp-content\/uploads\/2020\/06\/Fish-fried-scaled.jpg","width":2048,"height":1365,"caption":"FILET C\u00c1 \u01af\u1edaP GIA V\u1eca CAY V\u00c0 NGH\u1ec6 CHI\u00caN GI\u00d2N V\u1edaI L\u00c1 C\u00c0 RI"},{"@type":"BreadcrumbList","@id":"https:\/\/tandoorvietnam.com\/vi\/sanpham\/cac-mon-ca\/filet-ca-uop-gia-vi-cay-va-nghe-chien-gion-voi-la-ca-ri\/#breadcrumb","itemListElement":[{"@type":"ListItem","position":1,"name":"Trang Ch\u1ee7","item":"https:\/\/tandoorvietnam.com\/vi\/"},{"@type":"ListItem","position":2,"name":"Shop","item":"https:\/\/tandoorvietnam.com\/shop\/"},{"@type":"ListItem","position":3,"name":"Fried Fish (FILET C\u00c1 \u01af\u1edaP GIA V\u1eca CAY V\u00c0 NGH\u1ec6 CHI\u00caN GI\u00d2N V\u1edaI L\u00c1 C\u00c0 RI)"}]},{"@type":"WebSite","@id":"https:\/\/tandoorvietnam.com\/vi\/#website","url":"https:\/\/tandoorvietnam.com\/vi\/","name":"Tandoor Vietnam","description":"Nh\u00e0 h\u00e0ng ngon h\u1ed3 ch\u00ed minh","publisher":{"@id":"https:\/\/tandoorvietnam.com\/vi\/#organization"},"potentialAction":[{"@type":"SearchAction","target":{"@type":"EntryPoint","urlTemplate":"https:\/\/tandoorvietnam.com\/vi\/?s={search_term_string}"},"query-input":{"@type":"PropertyValueSpecification","valueRequired":true,"valueName":"search_term_string"}}],"inLanguage":"vi-VN"},{"@type":"Organization","@id":"https:\/\/tandoorvietnam.com\/vi\/#organization","name":"Tandoor Vietnam","url":"https:\/\/tandoorvietnam.com\/vi\/","logo":{"@type":"ImageObject","inLanguage":"vi-VN","@id":"https:\/\/tandoorvietnam.com\/vi\/#\/schema\/logo\/image\/","url":"https:\/\/tandoorvietnam.com\/wp-content\/uploads\/2020\/07\/logo.png","contentUrl":"https:\/\/tandoorvietnam.com\/wp-content\/uploads\/2020\/07\/logo.png","width":133,"height":75,"caption":"Tandoor Vietnam"},"image":{"@id":"https:\/\/tandoorvietnam.com\/vi\/#\/schema\/logo\/image\/"},"sameAs":["https:\/\/www.facebook.com\/tandoor.hcmc\/"]}]}},"_links":{"self":[{"href":"https:\/\/tandoorvietnam.com\/vi\/wp-json\/wp\/v2\/product\/3232","targetHints":{"allow":["GET"]}}],"collection":[{"href":"https:\/\/tandoorvietnam.com\/vi\/wp-json\/wp\/v2\/product"}],"about":[{"href":"https:\/\/tandoorvietnam.com\/vi\/wp-json\/wp\/v2\/types\/product"}],"wp:featuredmedia":[{"embeddable":true,"href":"https:\/\/tandoorvietnam.com\/vi\/wp-json\/wp\/v2\/media\/3233"}],"wp:attachment":[{"href":"https:\/\/tandoorvietnam.com\/vi\/wp-json\/wp\/v2\/media?parent=3232"}],"wp:term":[{"taxonomy":"product_brand","embeddable":true,"href":"https:\/\/tandoorvietnam.com\/vi\/wp-json\/wp\/v2\/product_brand?post=3232"},{"taxonomy":"product_cat","embeddable":true,"href":"https:\/\/tandoorvietnam.com\/vi\/wp-json\/wp\/v2\/product_cat?post=3232"},{"taxonomy":"product_tag","embeddable":true,"href":"https:\/\/tandoorvietnam.com\/vi\/wp-json\/wp\/v2\/product_tag?post=3232"}],"curies":[{"name":"wp","href":"https:\/\/api.w.org\/{rel}","templated":true}]}}