{"id":3234,"date":"2020-06-20T13:58:47","date_gmt":"2021-04-14T07:46:00","guid":{"rendered":"http:\/\/tandoorvietnam.com\/product\/uncategorized\/filet-ca-uop-gia-vi-cay-chien-sot-sua-dua\/"},"modified":"2023-05-17T06:17:53","modified_gmt":"2023-05-17T06:17:53","slug":"filet-ca-uop-gia-vi-cay-chien-sot-sua-dua","status":"publish","type":"product","link":"https:\/\/tandoorvietnam.com\/vi\/sanpham\/cac-mon-ca\/filet-ca-uop-gia-vi-cay-chien-sot-sua-dua\/","title":{"rendered":"FILET C\u00c1 \u01af\u1edaP GIA V\u1eca CAY CHI\u00caN S\u1ed0T S\u1eeeA D\u1eeaA"},"content":{"rendered":"<p>Filet c\u00e1 \u01b0\u1edbp gia v\u1ecb cay v\u00e0 chi\u00ean gi\u00f2n l\u00e0 m\u1ed9t m\u00f3n \u0103n h\u1ea5p d\u1eabn t\u1ea1i Tandoor Vietnam. Ch\u00fang t\u00f4i s\u1eed d\u1ee5ng nh\u1eefng mi\u1ebfng filet c\u00e1 t\u01b0\u01a1i ngon v\u00e0 \u01b0\u1edbp gia v\u1ecb cay \u0111\u1eb7c tr\u01b0ng c\u1ee7a \u1ea4n \u0110\u1ed9. Sau \u0111\u00f3, ch\u00fang t\u00f4i chi\u00ean c\u00e1 cho \u0111\u1ebfn khi v\u1ecf ngo\u00e0i tr\u1edf n\u00ean gi\u00f2n r\u1ee5m v\u00e0 v\u00e0ng \u00f3ng.<\/p>\n<p>M\u00f3n \u0103n n\u00e0y \u0111\u01b0\u1ee3c ph\u1ee5c v\u1ee5 k\u00e8m v\u1edbi s\u1ed1t s\u1eefa d\u1eeba th\u01a1m ngon, t\u1ea1o n\u00ean m\u1ed9t h\u01b0\u01a1ng v\u1ecb \u0111\u1ed9c \u0111\u00e1o v\u00e0 b\u1ed5 sung s\u1ef1 m\u1ec1m m\u1ecbn cho m\u1ed7i mi\u1ebfng c\u00e1. S\u1ef1 k\u1ebft h\u1ee3p gi\u1eefa v\u1ecb cay n\u1ed3ng c\u1ee7a gia v\u1ecb v\u00e0 h\u01b0\u01a1ng v\u1ecb ng\u1ecdt ng\u00e0o c\u1ee7a s\u1ed1t s\u1eefa d\u1eeba t\u1ea1o ra m\u1ed9t tr\u1ea3i nghi\u1ec7m \u1ea9m th\u1ef1c \u0111\u1ed9c \u0111\u00e1o.<\/p>\n<p>T\u1ea1i <a href=\"https:\/\/tandoorvietnam.com\/\">Tandoor Vietnam<\/a>, ch\u00fang t\u00f4i lu\u00f4n \u0111\u1ea3m b\u1ea3o ch\u1ea5t l\u01b0\u1ee3ng v\u00e0 s\u1ef1 t\u01b0\u01a1i ngon c\u1ee7a c\u00e1 s\u1eed d\u1ee5ng trong m\u00f3n \u0103n. \u0110\u1ed9i ng\u0169 \u0111\u1ea7u b\u1ebfp gi\u00e0u kinh nghi\u1ec7m c\u1ee7a ch\u00fang t\u00f4i ch\u1ebf bi\u1ebfn m\u00f3n c\u00e1 n\u00e0y m\u1ed9t c\u00e1ch t\u1ec9 m\u1ec9 v\u00e0 tinh t\u1ebf, mang \u0111\u1ebfn cho th\u1ef1c kh\u00e1ch m\u1ed9t tr\u1ea3i nghi\u1ec7m \u1ea9m th\u1ef1c tuy\u1ec7t v\u1eddi.<\/p>\n<p>Filet c\u00e1 gia v\u1ecb cay chi\u00ean s\u1ed1t s\u1eefa d\u1eeba l\u00e0 m\u1ed9t l\u1ef1a ch\u1ecdn tuy\u1ec7t v\u1eddi cho b\u1eefa t\u1ed1i hay b\u1eefa tr\u01b0a c\u1ee7a b\u1ea1n. B\u1ea1n c\u00f3 th\u1ec3 th\u01b0\u1edfng th\u1ee9c m\u00f3n \u0103n n\u00e0y c\u00f9ng v\u1edbi c\u01a1m tr\u1eafng, c\u01a1m chi\u00ean, ho\u1eb7c k\u00e8m theo c\u00e1c m\u00f3n \u0103n kh\u00e1c trong th\u1ef1c \u0111\u01a1n c\u1ee7a ch\u00fang t\u00f4i.<\/p>\n<p>H\u00e3y \u0111\u1ebfn v\u00e0 tr\u1ea3i nghi\u1ec7m h\u01b0\u01a1ng v\u1ecb \u0111\u1ed9c \u0111\u00e1o c\u1ee7a Filet c\u00e1 \u01b0\u1edbp gia v\u1ecb cay chi\u00ean s\u1ed1t s\u1eefa d\u1eeba t\u1ea1i Tandoor Vietnam. Ch\u00fang t\u00f4i cam k\u1ebft mang \u0111\u1ebfn cho b\u1ea1n nh\u1eefng m\u00f3n \u0103n ch\u1ea5t l\u01b0\u1ee3ng cao v\u00e0 kh\u00f4ng gian \u1ea5m c\u00fang \u0111\u1ec3 b\u1ea1n c\u00f3 th\u1ec3 th\u01b0\u1edfng th\u1ee9c \u1ea9m th\u1ef1c \u1ea4n \u0110\u1ed9 tuy\u1ec7t h\u1ea3o.<\/p>\n","protected":false},"excerpt":{"rendered":"<p>&nbsp;<\/p>\n<table width=\"723\">\n<tbody>\n<tr>\n<td width=\"412\">Chilli \u201cHot\u201d but delicious fish curry with coconut milk<\/td>\n<\/tr>\n<tr>\n<td width=\"412\"><em>File c\u00e1 x\u1eaft kh\u00fac \u01b0\u1edbp gia v\u1ecb cay chi\u00ean v\u00e0ng n\u1ea5u s\u1ed1t s\u1eefa d\u1eeba<\/em><\/td>\n<\/tr>\n<\/tbody>\n<\/table>\n","protected":false},"featured_media":3235,"template":"","meta":[],"product_brand":[],"product_cat":[225],"product_tag":[],"class_list":{"0":"post-3234","1":"product","2":"type-product","3":"status-publish","4":"has-post-thumbnail","6":"product_cat-cac-mon-ca","8":"first","9":"instock","10":"taxable","11":"shipping-taxable","12":"purchasable","13":"product-type-simple"},"yoast_head":"<!-- This site is optimized with the Yoast SEO Premium plugin v22.3 (Yoast SEO v27.4) - https:\/\/yoast.com\/product\/yoast-seo-premium-wordpress\/ -->\n<title>FILET C\u00c1 \u01af\u1edaP GIA V\u1eca CAY CHI\u00caN S\u1ed0T S\u1eeeA D\u1eeaA<\/title>\n<meta name=\"description\" content=\"Filet c\u00e1 \u0111\u01b0\u1ee3c \u01b0\u1edbp gia v\u1ecb cay v\u00e0 chi\u00ean gi\u00f2n, k\u1ebft h\u1ee3p v\u1edbi s\u1ed1t s\u1eefa d\u1eeba th\u01a1m ngon. M\u00f3n \u0103n h\u1ea5p d\u1eabn, \u0111\u1eadm ch\u1ea5t \u1ea4n \u0110\u1ed9 t\u1ea1i Tandoor Vietnam.\" \/>\n<meta name=\"robots\" content=\"index, follow, max-snippet:-1, max-image-preview:large, max-video-preview:-1\" \/>\n<link rel=\"canonical\" href=\"https:\/\/tandoorvietnam.com\/vi\/sanpham\/cac-mon-ca\/filet-ca-uop-gia-vi-cay-chien-sot-sua-dua\/\" \/>\n<meta property=\"og:locale\" content=\"vi_VN\" \/>\n<meta property=\"og:type\" content=\"article\" \/>\n<meta property=\"og:title\" content=\"FILET C\u00c1 \u01af\u1edaP GIA V\u1eca CAY CHI\u00caN S\u1ed0T S\u1eeeA D\u1eeaA\" \/>\n<meta property=\"og:description\" content=\"Filet c\u00e1 \u0111\u01b0\u1ee3c \u01b0\u1edbp gia v\u1ecb cay v\u00e0 chi\u00ean gi\u00f2n, k\u1ebft h\u1ee3p v\u1edbi s\u1ed1t s\u1eefa d\u1eeba th\u01a1m ngon. M\u00f3n \u0103n h\u1ea5p d\u1eabn, \u0111\u1eadm ch\u1ea5t \u1ea4n \u0110\u1ed9 t\u1ea1i Tandoor Vietnam.\" \/>\n<meta property=\"og:url\" content=\"https:\/\/tandoorvietnam.com\/vi\/sanpham\/cac-mon-ca\/filet-ca-uop-gia-vi-cay-chien-sot-sua-dua\/\" \/>\n<meta property=\"og:site_name\" content=\"Tandoor Vi\u1ec7t Nam\" \/>\n<meta property=\"article:publisher\" content=\"https:\/\/www.facebook.com\/tandoor.hcmc\/\" \/>\n<meta property=\"article:modified_time\" content=\"2023-05-17T06:17:53+00:00\" \/>\n<meta property=\"og:image\" content=\"https:\/\/tandoorvietnam.com\/wp-content\/uploads\/2020\/06\/Goa-fish-curry.jpg\" \/>\n\t<meta property=\"og:image:width\" content=\"1400\" \/>\n\t<meta property=\"og:image:height\" content=\"1400\" \/>\n\t<meta property=\"og:image:type\" content=\"image\/jpeg\" \/>\n<meta name=\"twitter:card\" content=\"summary_large_image\" \/>\n<meta name=\"twitter:label1\" content=\"Est. reading time\" \/>\n\t<meta name=\"twitter:data1\" content=\"2 minutes\" \/>\n<script type=\"application\/ld+json\" class=\"yoast-schema-graph\">{\"@context\":\"https:\\\/\\\/schema.org\",\"@graph\":[{\"@type\":\"WebPage\",\"@id\":\"https:\\\/\\\/tandoorvietnam.com\\\/vi\\\/sanpham\\\/cac-mon-ca\\\/filet-ca-uop-gia-vi-cay-chien-sot-sua-dua\\\/\",\"url\":\"https:\\\/\\\/tandoorvietnam.com\\\/vi\\\/sanpham\\\/cac-mon-ca\\\/filet-ca-uop-gia-vi-cay-chien-sot-sua-dua\\\/\",\"name\":\"FILET C\u00c1 \u01af\u1edaP GIA V\u1eca CAY CHI\u00caN S\u1ed0T S\u1eeeA D\u1eeaA\",\"isPartOf\":{\"@id\":\"https:\\\/\\\/tandoorvietnam.com\\\/vi\\\/#website\"},\"primaryImageOfPage\":{\"@id\":\"https:\\\/\\\/tandoorvietnam.com\\\/vi\\\/sanpham\\\/cac-mon-ca\\\/filet-ca-uop-gia-vi-cay-chien-sot-sua-dua\\\/#primaryimage\"},\"image\":{\"@id\":\"https:\\\/\\\/tandoorvietnam.com\\\/vi\\\/sanpham\\\/cac-mon-ca\\\/filet-ca-uop-gia-vi-cay-chien-sot-sua-dua\\\/#primaryimage\"},\"thumbnailUrl\":\"https:\\\/\\\/tandoorvietnam.com\\\/wp-content\\\/uploads\\\/2020\\\/06\\\/Goa-fish-curry.jpg\",\"datePublished\":\"2021-04-14T07:46:00+00:00\",\"dateModified\":\"2023-05-17T06:17:53+00:00\",\"description\":\"Filet c\u00e1 \u0111\u01b0\u1ee3c \u01b0\u1edbp gia v\u1ecb cay v\u00e0 chi\u00ean gi\u00f2n, k\u1ebft h\u1ee3p v\u1edbi s\u1ed1t s\u1eefa d\u1eeba th\u01a1m ngon. M\u00f3n \u0103n h\u1ea5p d\u1eabn, \u0111\u1eadm ch\u1ea5t \u1ea4n \u0110\u1ed9 t\u1ea1i Tandoor Vietnam.\",\"breadcrumb\":{\"@id\":\"https:\\\/\\\/tandoorvietnam.com\\\/vi\\\/sanpham\\\/cac-mon-ca\\\/filet-ca-uop-gia-vi-cay-chien-sot-sua-dua\\\/#breadcrumb\"},\"inLanguage\":\"vi-VN\",\"potentialAction\":[{\"@type\":\"ReadAction\",\"target\":[\"https:\\\/\\\/tandoorvietnam.com\\\/vi\\\/sanpham\\\/cac-mon-ca\\\/filet-ca-uop-gia-vi-cay-chien-sot-sua-dua\\\/\"]}]},{\"@type\":\"ImageObject\",\"inLanguage\":\"vi-VN\",\"@id\":\"https:\\\/\\\/tandoorvietnam.com\\\/vi\\\/sanpham\\\/cac-mon-ca\\\/filet-ca-uop-gia-vi-cay-chien-sot-sua-dua\\\/#primaryimage\",\"url\":\"https:\\\/\\\/tandoorvietnam.com\\\/wp-content\\\/uploads\\\/2020\\\/06\\\/Goa-fish-curry.jpg\",\"contentUrl\":\"https:\\\/\\\/tandoorvietnam.com\\\/wp-content\\\/uploads\\\/2020\\\/06\\\/Goa-fish-curry.jpg\",\"width\":1400,\"height\":1400,\"caption\":\"FILET C\u00c1 \u01af\u1edaP GIA V\u1eca CAY CHI\u00caN S\u1ed0T S\u1eeeA D\u1eeaA\"},{\"@type\":\"BreadcrumbList\",\"@id\":\"https:\\\/\\\/tandoorvietnam.com\\\/vi\\\/sanpham\\\/cac-mon-ca\\\/filet-ca-uop-gia-vi-cay-chien-sot-sua-dua\\\/#breadcrumb\",\"itemListElement\":[{\"@type\":\"ListItem\",\"position\":1,\"name\":\"Trang Ch\u1ee7\",\"item\":\"https:\\\/\\\/tandoorvietnam.com\\\/vi\\\/\"},{\"@type\":\"ListItem\",\"position\":2,\"name\":\"Shop\",\"item\":\"https:\\\/\\\/tandoorvietnam.com\\\/shop\\\/\"},{\"@type\":\"ListItem\",\"position\":3,\"name\":\"FILET C\u00c1 \u01af\u1edaP GIA V\u1eca CAY CHI\u00caN S\u1ed0T S\u1eeeA D\u1eeaA\"}]},{\"@type\":\"WebSite\",\"@id\":\"https:\\\/\\\/tandoorvietnam.com\\\/vi\\\/#website\",\"url\":\"https:\\\/\\\/tandoorvietnam.com\\\/vi\\\/\",\"name\":\"Tandoor Vietnam\",\"description\":\"Nh\u00e0 h\u00e0ng ngon h\u1ed3 ch\u00ed minh\",\"publisher\":{\"@id\":\"https:\\\/\\\/tandoorvietnam.com\\\/vi\\\/#organization\"},\"potentialAction\":[{\"@type\":\"SearchAction\",\"target\":{\"@type\":\"EntryPoint\",\"urlTemplate\":\"https:\\\/\\\/tandoorvietnam.com\\\/vi\\\/?s={search_term_string}\"},\"query-input\":{\"@type\":\"PropertyValueSpecification\",\"valueRequired\":true,\"valueName\":\"search_term_string\"}}],\"inLanguage\":\"vi-VN\"},{\"@type\":\"Organization\",\"@id\":\"https:\\\/\\\/tandoorvietnam.com\\\/vi\\\/#organization\",\"name\":\"Tandoor Vietnam\",\"url\":\"https:\\\/\\\/tandoorvietnam.com\\\/vi\\\/\",\"logo\":{\"@type\":\"ImageObject\",\"inLanguage\":\"vi-VN\",\"@id\":\"https:\\\/\\\/tandoorvietnam.com\\\/vi\\\/#\\\/schema\\\/logo\\\/image\\\/\",\"url\":\"https:\\\/\\\/tandoorvietnam.com\\\/wp-content\\\/uploads\\\/2020\\\/07\\\/logo.png\",\"contentUrl\":\"https:\\\/\\\/tandoorvietnam.com\\\/wp-content\\\/uploads\\\/2020\\\/07\\\/logo.png\",\"width\":133,\"height\":75,\"caption\":\"Tandoor Vietnam\"},\"image\":{\"@id\":\"https:\\\/\\\/tandoorvietnam.com\\\/vi\\\/#\\\/schema\\\/logo\\\/image\\\/\"},\"sameAs\":[\"https:\\\/\\\/www.facebook.com\\\/tandoor.hcmc\\\/\"]}]}<\/script>\n<!-- \/ Yoast SEO Premium plugin. -->","yoast_head_json":{"title":"FILET C\u00c1 \u01af\u1edaP GIA V\u1eca CAY CHI\u00caN S\u1ed0T S\u1eeeA D\u1eeaA","description":"Filet c\u00e1 \u0111\u01b0\u1ee3c \u01b0\u1edbp gia v\u1ecb cay v\u00e0 chi\u00ean gi\u00f2n, k\u1ebft h\u1ee3p v\u1edbi s\u1ed1t s\u1eefa d\u1eeba th\u01a1m ngon. M\u00f3n \u0103n h\u1ea5p d\u1eabn, \u0111\u1eadm ch\u1ea5t \u1ea4n \u0110\u1ed9 t\u1ea1i Tandoor Vietnam.","robots":{"index":"index","follow":"follow","max-snippet":"max-snippet:-1","max-image-preview":"max-image-preview:large","max-video-preview":"max-video-preview:-1"},"canonical":"https:\/\/tandoorvietnam.com\/vi\/sanpham\/cac-mon-ca\/filet-ca-uop-gia-vi-cay-chien-sot-sua-dua\/","og_locale":"vi_VN","og_type":"article","og_title":"FILET C\u00c1 \u01af\u1edaP GIA V\u1eca CAY CHI\u00caN S\u1ed0T S\u1eeeA D\u1eeaA","og_description":"Filet c\u00e1 \u0111\u01b0\u1ee3c \u01b0\u1edbp gia v\u1ecb cay v\u00e0 chi\u00ean gi\u00f2n, k\u1ebft h\u1ee3p v\u1edbi s\u1ed1t s\u1eefa d\u1eeba th\u01a1m ngon. M\u00f3n \u0103n h\u1ea5p d\u1eabn, \u0111\u1eadm ch\u1ea5t \u1ea4n \u0110\u1ed9 t\u1ea1i Tandoor Vietnam.","og_url":"https:\/\/tandoorvietnam.com\/vi\/sanpham\/cac-mon-ca\/filet-ca-uop-gia-vi-cay-chien-sot-sua-dua\/","og_site_name":"Tandoor Vi\u1ec7t Nam","article_publisher":"https:\/\/www.facebook.com\/tandoor.hcmc\/","article_modified_time":"2023-05-17T06:17:53+00:00","og_image":[{"width":1400,"height":1400,"url":"https:\/\/tandoorvietnam.com\/wp-content\/uploads\/2020\/06\/Goa-fish-curry.jpg","type":"image\/jpeg"}],"twitter_card":"summary_large_image","twitter_misc":{"Est. reading time":"2 minutes"},"schema":{"@context":"https:\/\/schema.org","@graph":[{"@type":"WebPage","@id":"https:\/\/tandoorvietnam.com\/vi\/sanpham\/cac-mon-ca\/filet-ca-uop-gia-vi-cay-chien-sot-sua-dua\/","url":"https:\/\/tandoorvietnam.com\/vi\/sanpham\/cac-mon-ca\/filet-ca-uop-gia-vi-cay-chien-sot-sua-dua\/","name":"FILET C\u00c1 \u01af\u1edaP GIA V\u1eca CAY CHI\u00caN S\u1ed0T S\u1eeeA D\u1eeaA","isPartOf":{"@id":"https:\/\/tandoorvietnam.com\/vi\/#website"},"primaryImageOfPage":{"@id":"https:\/\/tandoorvietnam.com\/vi\/sanpham\/cac-mon-ca\/filet-ca-uop-gia-vi-cay-chien-sot-sua-dua\/#primaryimage"},"image":{"@id":"https:\/\/tandoorvietnam.com\/vi\/sanpham\/cac-mon-ca\/filet-ca-uop-gia-vi-cay-chien-sot-sua-dua\/#primaryimage"},"thumbnailUrl":"https:\/\/tandoorvietnam.com\/wp-content\/uploads\/2020\/06\/Goa-fish-curry.jpg","datePublished":"2021-04-14T07:46:00+00:00","dateModified":"2023-05-17T06:17:53+00:00","description":"Filet c\u00e1 \u0111\u01b0\u1ee3c \u01b0\u1edbp gia v\u1ecb cay v\u00e0 chi\u00ean gi\u00f2n, k\u1ebft h\u1ee3p v\u1edbi s\u1ed1t s\u1eefa d\u1eeba th\u01a1m ngon. M\u00f3n \u0103n h\u1ea5p d\u1eabn, \u0111\u1eadm ch\u1ea5t \u1ea4n \u0110\u1ed9 t\u1ea1i Tandoor Vietnam.","breadcrumb":{"@id":"https:\/\/tandoorvietnam.com\/vi\/sanpham\/cac-mon-ca\/filet-ca-uop-gia-vi-cay-chien-sot-sua-dua\/#breadcrumb"},"inLanguage":"vi-VN","potentialAction":[{"@type":"ReadAction","target":["https:\/\/tandoorvietnam.com\/vi\/sanpham\/cac-mon-ca\/filet-ca-uop-gia-vi-cay-chien-sot-sua-dua\/"]}]},{"@type":"ImageObject","inLanguage":"vi-VN","@id":"https:\/\/tandoorvietnam.com\/vi\/sanpham\/cac-mon-ca\/filet-ca-uop-gia-vi-cay-chien-sot-sua-dua\/#primaryimage","url":"https:\/\/tandoorvietnam.com\/wp-content\/uploads\/2020\/06\/Goa-fish-curry.jpg","contentUrl":"https:\/\/tandoorvietnam.com\/wp-content\/uploads\/2020\/06\/Goa-fish-curry.jpg","width":1400,"height":1400,"caption":"FILET C\u00c1 \u01af\u1edaP GIA V\u1eca CAY CHI\u00caN S\u1ed0T S\u1eeeA D\u1eeaA"},{"@type":"BreadcrumbList","@id":"https:\/\/tandoorvietnam.com\/vi\/sanpham\/cac-mon-ca\/filet-ca-uop-gia-vi-cay-chien-sot-sua-dua\/#breadcrumb","itemListElement":[{"@type":"ListItem","position":1,"name":"Trang Ch\u1ee7","item":"https:\/\/tandoorvietnam.com\/vi\/"},{"@type":"ListItem","position":2,"name":"Shop","item":"https:\/\/tandoorvietnam.com\/shop\/"},{"@type":"ListItem","position":3,"name":"FILET C\u00c1 \u01af\u1edaP GIA V\u1eca CAY CHI\u00caN S\u1ed0T S\u1eeeA D\u1eeaA"}]},{"@type":"WebSite","@id":"https:\/\/tandoorvietnam.com\/vi\/#website","url":"https:\/\/tandoorvietnam.com\/vi\/","name":"Tandoor Vietnam","description":"Nh\u00e0 h\u00e0ng ngon h\u1ed3 ch\u00ed minh","publisher":{"@id":"https:\/\/tandoorvietnam.com\/vi\/#organization"},"potentialAction":[{"@type":"SearchAction","target":{"@type":"EntryPoint","urlTemplate":"https:\/\/tandoorvietnam.com\/vi\/?s={search_term_string}"},"query-input":{"@type":"PropertyValueSpecification","valueRequired":true,"valueName":"search_term_string"}}],"inLanguage":"vi-VN"},{"@type":"Organization","@id":"https:\/\/tandoorvietnam.com\/vi\/#organization","name":"Tandoor Vietnam","url":"https:\/\/tandoorvietnam.com\/vi\/","logo":{"@type":"ImageObject","inLanguage":"vi-VN","@id":"https:\/\/tandoorvietnam.com\/vi\/#\/schema\/logo\/image\/","url":"https:\/\/tandoorvietnam.com\/wp-content\/uploads\/2020\/07\/logo.png","contentUrl":"https:\/\/tandoorvietnam.com\/wp-content\/uploads\/2020\/07\/logo.png","width":133,"height":75,"caption":"Tandoor Vietnam"},"image":{"@id":"https:\/\/tandoorvietnam.com\/vi\/#\/schema\/logo\/image\/"},"sameAs":["https:\/\/www.facebook.com\/tandoor.hcmc\/"]}]}},"_links":{"self":[{"href":"https:\/\/tandoorvietnam.com\/vi\/wp-json\/wp\/v2\/product\/3234","targetHints":{"allow":["GET"]}}],"collection":[{"href":"https:\/\/tandoorvietnam.com\/vi\/wp-json\/wp\/v2\/product"}],"about":[{"href":"https:\/\/tandoorvietnam.com\/vi\/wp-json\/wp\/v2\/types\/product"}],"wp:featuredmedia":[{"embeddable":true,"href":"https:\/\/tandoorvietnam.com\/vi\/wp-json\/wp\/v2\/media\/3235"}],"wp:attachment":[{"href":"https:\/\/tandoorvietnam.com\/vi\/wp-json\/wp\/v2\/media?parent=3234"}],"wp:term":[{"taxonomy":"product_brand","embeddable":true,"href":"https:\/\/tandoorvietnam.com\/vi\/wp-json\/wp\/v2\/product_brand?post=3234"},{"taxonomy":"product_cat","embeddable":true,"href":"https:\/\/tandoorvietnam.com\/vi\/wp-json\/wp\/v2\/product_cat?post=3234"},{"taxonomy":"product_tag","embeddable":true,"href":"https:\/\/tandoorvietnam.com\/vi\/wp-json\/wp\/v2\/product_tag?post=3234"}],"curies":[{"name":"wp","href":"https:\/\/api.w.org\/{rel}","templated":true}]}}