{"id":3236,"date":"2020-06-20T14:01:46","date_gmt":"2021-04-14T07:47:54","guid":{"rendered":"http:\/\/tandoorvietnam.com\/product\/uncategorized\/filet-ca-sot-ca-ri-cay-tieu-den-vung-bengali\/"},"modified":"2023-05-20T08:48:59","modified_gmt":"2023-05-20T08:48:59","slug":"filet-ca-sot-ca-ri-cay-tieu-den-vung-bengali","status":"publish","type":"product","link":"https:\/\/tandoorvietnam.com\/vi\/sanpham\/cac-mon-ca\/filet-ca-sot-ca-ri-cay-tieu-den-vung-bengali\/","title":{"rendered":"Macher Jhol (FILET C\u00c1 S\u1ed0T C\u00c0 RI CAY TI\u00caU \u0110EN V\u00d9NG BENGALI)"},"content":{"rendered":"<p>Filet c\u00e1 s\u1ed1t c\u00e0 ri cay ti\u00eau \u0111en v\u00f9ng Bengali (Macher Jhol) l\u00e0 m\u1ed9t m\u00f3n \u0103n \u0111\u1eadm \u0111\u00e0 v\u00e0 h\u1ea5p d\u1eabn trong \u1ea9m th\u1ef1c \u1ea4n \u0110\u1ed9. T\u1ea1i Tandoor Vietnam, ch\u00fang t\u00f4i s\u1eed d\u1ee5ng filet c\u00e1 t\u01b0\u01a1i ngon v\u00e0 k\u1ebft h\u1ee3p v\u1edbi m\u1ed9t s\u1ed1 gia v\u1ecb \u0111\u1eb7c tr\u01b0ng c\u1ee7a v\u00f9ng Bengali \u0111\u1ec3 t\u1ea1o n\u00ean m\u1ed9t h\u01b0\u01a1ng v\u1ecb \u0111\u1ed9c \u0111\u00e1o.<\/p>\n<p>M\u00f3n \u0103n n\u00e0y c\u00f3 m\u1ed9t s\u1ed1t c\u00e0 ri cay, mang \u0111\u1ebfn s\u1ef1 h\u00e0i h\u00f2a gi\u1eefa h\u01b0\u01a1ng v\u1ecb cay n\u1ed3ng v\u00e0 th\u01a1m ngon c\u1ee7a c\u00e1c lo\u1ea1i gia v\u1ecb. \u0110\u1eb7c bi\u1ec7t, ti\u00eau \u0111en l\u00e0 th\u00e0nh ph\u1ea7n quan tr\u1ecdng trong s\u1ed1t, t\u1ea1o n\u00ean m\u1ed9t l\u1edbp h\u01b0\u01a1ng th\u01a1m \u0111\u1eb7c tr\u01b0ng v\u00e0 m\u00e0u s\u1eafc h\u1ea5p d\u1eabn cho m\u00f3n \u0103n.<\/p>\n<p>Macher Jhol \u0111\u01b0\u1ee3c ch\u1ebf bi\u1ebfn tinh t\u1ebf v\u00e0 c\u1ea9n th\u1eadn, t\u1eeb c\u00e1ch ch\u1ecdn l\u1ef1a nguy\u00ean li\u1ec7u \u0111\u1ebfn quy tr\u00ecnh n\u1ea5u n\u01b0\u1edbng. M\u00f3n \u0103n n\u00e0y kh\u00f4ng ch\u1ec9 th\u1ecfa m\u00e3n kh\u1ea9u v\u1ecb v\u1edbi h\u01b0\u01a1ng v\u1ecb \u0111\u1eadm \u0111\u00e0, m\u00e0 c\u00f2n \u0111em l\u1ea1i m\u1ed9t tr\u1ea3i nghi\u1ec7m \u1ea9m th\u1ef1c \u0111\u1ed9c \u0111\u00e1o.<\/p>\n<p>Ch\u00fang t\u00f4i khuy\u1ebfn kh\u00edch b\u1ea1n th\u01b0\u1edfng th\u1ee9c m\u00f3n c\u00e1 n\u00e0y k\u00e8m v\u1edbi c\u01a1m tr\u1eafng t\u1ea5m t\u1eafc, b\u00e1nh m\u00ec n\u01b0\u1edbng gi\u00f2n ho\u1eb7c c\u00e1c m\u00f3n b\u00ean. H\u01b0\u01a1ng v\u1ecb \u0111\u1ed9c \u0111\u00e1o v\u00e0 h\u1ea5p d\u1eabn c\u1ee7a filet c\u00e1 s\u1ed1t c\u00e0 ri cay ti\u00eau \u0111en v\u00f9ng Bengali s\u1ebd chinh ph\u1ee5c c\u1ea3 nh\u1eefng th\u1ef1c kh\u00e1ch kh\u00f3 t\u00ednh nh\u1ea5t.<\/p>\n<p><a href=\"https:\/\/tandoorvietnam.com\/\">Tandoor Vietnam<\/a> t\u1ef1 h\u00e0o mang \u0111\u1ebfn cho b\u1ea1n nh\u1eefng tr\u1ea3i nghi\u1ec7m \u1ea9m th\u1ef1c \u0111a d\u1ea1ng v\u00e0 \u0111\u1ed9c \u0111\u00e1o t\u1eeb \u1ea4n \u0110\u1ed9. H\u00e3y \u0111\u1ebfn v\u00e0 kh\u00e1m ph\u00e1 h\u01b0\u01a1ng v\u1ecb tuy<\/p>\n","protected":false},"excerpt":{"rendered":"<p>&nbsp;<\/p>\n<table width=\"723\">\n<tbody>\n<tr>\n<td width=\"412\">Bengali style fish curry<\/td>\n<\/tr>\n<tr>\n<td width=\"412\"><em>File c\u00e1 n\u1ea5u s\u1ed1t cari cay v\u00e0 ti\u00eau \u0111en truy\u1ec1n th\u1ed1ng v\u00f9ng Bengali<\/em><\/td>\n<\/tr>\n<\/tbody>\n<\/table>\n","protected":false},"featured_media":3237,"template":"","meta":[],"product_brand":[],"product_cat":[225],"product_tag":[],"class_list":{"0":"post-3236","1":"product","2":"type-product","3":"status-publish","4":"has-post-thumbnail","6":"product_cat-cac-mon-ca","8":"first","9":"instock","10":"taxable","11":"shipping-taxable","12":"purchasable","13":"product-type-simple"},"yoast_head":"<!-- This site is optimized with the Yoast SEO Premium plugin v22.3 (Yoast SEO v27.6) - https:\/\/yoast.com\/product\/yoast-seo-premium-wordpress\/ -->\n<title>FILET C\u00c1 S\u1ed0T C\u00c0 RI CAY TI\u00caU \u0110EN V\u00d9NG BENGALI<\/title>\n<meta name=\"description\" content=\"Filet c\u00e1 s\u1ed1t c\u00e0 ri cay ti\u00eau \u0111en v\u00f9ng Bengali t\u1ea1i Tandoor Vietnam. M\u1ed9t m\u00f3n \u0103n \u0111\u1eadm \u0111\u00e0, h\u1ea5p d\u1eabn v\u00e0 \u0111\u1eb7c tr\u01b0ng c\u1ee7a \u1ea9m th\u1ef1c \u1ea4n \u0110\u1ed9.\" \/>\n<meta name=\"robots\" content=\"index, follow, max-snippet:-1, max-image-preview:large, max-video-preview:-1\" \/>\n<link rel=\"canonical\" href=\"https:\/\/tandoorvietnam.com\/vi\/sanpham\/cac-mon-ca\/filet-ca-sot-ca-ri-cay-tieu-den-vung-bengali\/\" \/>\n<meta property=\"og:locale\" content=\"vi_VN\" \/>\n<meta property=\"og:type\" content=\"article\" \/>\n<meta property=\"og:title\" content=\"Macher Jhol (FILET C\u00c1 S\u1ed0T C\u00c0 RI CAY TI\u00caU \u0110EN V\u00d9NG BENGALI)\" \/>\n<meta property=\"og:description\" content=\"Filet c\u00e1 s\u1ed1t c\u00e0 ri cay ti\u00eau \u0111en v\u00f9ng Bengali t\u1ea1i Tandoor Vietnam. M\u1ed9t m\u00f3n \u0103n \u0111\u1eadm \u0111\u00e0, h\u1ea5p d\u1eabn v\u00e0 \u0111\u1eb7c tr\u01b0ng c\u1ee7a \u1ea9m th\u1ef1c \u1ea4n \u0110\u1ed9.\" \/>\n<meta property=\"og:url\" content=\"https:\/\/tandoorvietnam.com\/vi\/sanpham\/cac-mon-ca\/filet-ca-sot-ca-ri-cay-tieu-den-vung-bengali\/\" \/>\n<meta property=\"og:site_name\" content=\"Tandoor Vi\u1ec7t Nam\" \/>\n<meta property=\"article:publisher\" content=\"https:\/\/www.facebook.com\/tandoor.hcmc\/\" \/>\n<meta property=\"article:modified_time\" content=\"2023-05-20T08:48:59+00:00\" \/>\n<meta property=\"og:image\" content=\"https:\/\/tandoorvietnam.com\/wp-content\/uploads\/2020\/06\/Macher-Jhol.jpg\" \/>\n\t<meta property=\"og:image:width\" content=\"1400\" \/>\n\t<meta property=\"og:image:height\" content=\"1400\" \/>\n\t<meta property=\"og:image:type\" content=\"image\/jpeg\" \/>\n<meta name=\"twitter:card\" content=\"summary_large_image\" \/>\n<meta name=\"twitter:label1\" content=\"Est. reading time\" \/>\n\t<meta name=\"twitter:data1\" content=\"2 minutes\" \/>\n<script type=\"application\/ld+json\" class=\"yoast-schema-graph\">{\"@context\":\"https:\\\/\\\/schema.org\",\"@graph\":[{\"@type\":\"WebPage\",\"@id\":\"https:\\\/\\\/tandoorvietnam.com\\\/vi\\\/sanpham\\\/cac-mon-ca\\\/filet-ca-sot-ca-ri-cay-tieu-den-vung-bengali\\\/\",\"url\":\"https:\\\/\\\/tandoorvietnam.com\\\/vi\\\/sanpham\\\/cac-mon-ca\\\/filet-ca-sot-ca-ri-cay-tieu-den-vung-bengali\\\/\",\"name\":\"FILET C\u00c1 S\u1ed0T C\u00c0 RI CAY TI\u00caU \u0110EN V\u00d9NG BENGALI\",\"isPartOf\":{\"@id\":\"https:\\\/\\\/tandoorvietnam.com\\\/vi\\\/#website\"},\"primaryImageOfPage\":{\"@id\":\"https:\\\/\\\/tandoorvietnam.com\\\/vi\\\/sanpham\\\/cac-mon-ca\\\/filet-ca-sot-ca-ri-cay-tieu-den-vung-bengali\\\/#primaryimage\"},\"image\":{\"@id\":\"https:\\\/\\\/tandoorvietnam.com\\\/vi\\\/sanpham\\\/cac-mon-ca\\\/filet-ca-sot-ca-ri-cay-tieu-den-vung-bengali\\\/#primaryimage\"},\"thumbnailUrl\":\"https:\\\/\\\/tandoorvietnam.com\\\/wp-content\\\/uploads\\\/2020\\\/06\\\/Macher-Jhol.jpg\",\"datePublished\":\"2021-04-14T07:47:54+00:00\",\"dateModified\":\"2023-05-20T08:48:59+00:00\",\"description\":\"Filet c\u00e1 s\u1ed1t c\u00e0 ri cay ti\u00eau \u0111en v\u00f9ng Bengali t\u1ea1i Tandoor Vietnam. M\u1ed9t m\u00f3n \u0103n \u0111\u1eadm \u0111\u00e0, h\u1ea5p d\u1eabn v\u00e0 \u0111\u1eb7c tr\u01b0ng c\u1ee7a \u1ea9m th\u1ef1c \u1ea4n \u0110\u1ed9.\",\"breadcrumb\":{\"@id\":\"https:\\\/\\\/tandoorvietnam.com\\\/vi\\\/sanpham\\\/cac-mon-ca\\\/filet-ca-sot-ca-ri-cay-tieu-den-vung-bengali\\\/#breadcrumb\"},\"inLanguage\":\"vi-VN\",\"potentialAction\":[{\"@type\":\"ReadAction\",\"target\":[\"https:\\\/\\\/tandoorvietnam.com\\\/vi\\\/sanpham\\\/cac-mon-ca\\\/filet-ca-sot-ca-ri-cay-tieu-den-vung-bengali\\\/\"]}]},{\"@type\":\"ImageObject\",\"inLanguage\":\"vi-VN\",\"@id\":\"https:\\\/\\\/tandoorvietnam.com\\\/vi\\\/sanpham\\\/cac-mon-ca\\\/filet-ca-sot-ca-ri-cay-tieu-den-vung-bengali\\\/#primaryimage\",\"url\":\"https:\\\/\\\/tandoorvietnam.com\\\/wp-content\\\/uploads\\\/2020\\\/06\\\/Macher-Jhol.jpg\",\"contentUrl\":\"https:\\\/\\\/tandoorvietnam.com\\\/wp-content\\\/uploads\\\/2020\\\/06\\\/Macher-Jhol.jpg\",\"width\":1400,\"height\":1400,\"caption\":\"FILET C\u00c1 S\u1ed0T C\u00c0 RI CAY TI\u00caU \u0110EN V\u00d9NG BENGALI\"},{\"@type\":\"BreadcrumbList\",\"@id\":\"https:\\\/\\\/tandoorvietnam.com\\\/vi\\\/sanpham\\\/cac-mon-ca\\\/filet-ca-sot-ca-ri-cay-tieu-den-vung-bengali\\\/#breadcrumb\",\"itemListElement\":[{\"@type\":\"ListItem\",\"position\":1,\"name\":\"Trang Ch\u1ee7\",\"item\":\"https:\\\/\\\/tandoorvietnam.com\\\/vi\\\/\"},{\"@type\":\"ListItem\",\"position\":2,\"name\":\"Shop\",\"item\":\"https:\\\/\\\/tandoorvietnam.com\\\/shop\\\/\"},{\"@type\":\"ListItem\",\"position\":3,\"name\":\"Macher Jhol (FILET C\u00c1 S\u1ed0T C\u00c0 RI CAY TI\u00caU \u0110EN V\u00d9NG BENGALI)\"}]},{\"@type\":\"WebSite\",\"@id\":\"https:\\\/\\\/tandoorvietnam.com\\\/vi\\\/#website\",\"url\":\"https:\\\/\\\/tandoorvietnam.com\\\/vi\\\/\",\"name\":\"Tandoor Vietnam\",\"description\":\"Nh\u00e0 h\u00e0ng ngon h\u1ed3 ch\u00ed minh\",\"publisher\":{\"@id\":\"https:\\\/\\\/tandoorvietnam.com\\\/vi\\\/#organization\"},\"potentialAction\":[{\"@type\":\"SearchAction\",\"target\":{\"@type\":\"EntryPoint\",\"urlTemplate\":\"https:\\\/\\\/tandoorvietnam.com\\\/vi\\\/?s={search_term_string}\"},\"query-input\":{\"@type\":\"PropertyValueSpecification\",\"valueRequired\":true,\"valueName\":\"search_term_string\"}}],\"inLanguage\":\"vi-VN\"},{\"@type\":\"Organization\",\"@id\":\"https:\\\/\\\/tandoorvietnam.com\\\/vi\\\/#organization\",\"name\":\"Tandoor Vietnam\",\"url\":\"https:\\\/\\\/tandoorvietnam.com\\\/vi\\\/\",\"logo\":{\"@type\":\"ImageObject\",\"inLanguage\":\"vi-VN\",\"@id\":\"https:\\\/\\\/tandoorvietnam.com\\\/vi\\\/#\\\/schema\\\/logo\\\/image\\\/\",\"url\":\"https:\\\/\\\/tandoorvietnam.com\\\/wp-content\\\/uploads\\\/2020\\\/07\\\/logo.png\",\"contentUrl\":\"https:\\\/\\\/tandoorvietnam.com\\\/wp-content\\\/uploads\\\/2020\\\/07\\\/logo.png\",\"width\":133,\"height\":75,\"caption\":\"Tandoor Vietnam\"},\"image\":{\"@id\":\"https:\\\/\\\/tandoorvietnam.com\\\/vi\\\/#\\\/schema\\\/logo\\\/image\\\/\"},\"sameAs\":[\"https:\\\/\\\/www.facebook.com\\\/tandoor.hcmc\\\/\"]}]}<\/script>\n<!-- \/ Yoast SEO Premium plugin. -->","yoast_head_json":{"title":"FILET C\u00c1 S\u1ed0T C\u00c0 RI CAY TI\u00caU \u0110EN V\u00d9NG BENGALI","description":"Filet c\u00e1 s\u1ed1t c\u00e0 ri cay ti\u00eau \u0111en v\u00f9ng Bengali t\u1ea1i Tandoor Vietnam. M\u1ed9t m\u00f3n \u0103n \u0111\u1eadm \u0111\u00e0, h\u1ea5p d\u1eabn v\u00e0 \u0111\u1eb7c tr\u01b0ng c\u1ee7a \u1ea9m th\u1ef1c \u1ea4n \u0110\u1ed9.","robots":{"index":"index","follow":"follow","max-snippet":"max-snippet:-1","max-image-preview":"max-image-preview:large","max-video-preview":"max-video-preview:-1"},"canonical":"https:\/\/tandoorvietnam.com\/vi\/sanpham\/cac-mon-ca\/filet-ca-sot-ca-ri-cay-tieu-den-vung-bengali\/","og_locale":"vi_VN","og_type":"article","og_title":"Macher Jhol (FILET C\u00c1 S\u1ed0T C\u00c0 RI CAY TI\u00caU \u0110EN V\u00d9NG BENGALI)","og_description":"Filet c\u00e1 s\u1ed1t c\u00e0 ri cay ti\u00eau \u0111en v\u00f9ng Bengali t\u1ea1i Tandoor Vietnam. M\u1ed9t m\u00f3n \u0103n \u0111\u1eadm \u0111\u00e0, h\u1ea5p d\u1eabn v\u00e0 \u0111\u1eb7c tr\u01b0ng c\u1ee7a \u1ea9m th\u1ef1c \u1ea4n \u0110\u1ed9.","og_url":"https:\/\/tandoorvietnam.com\/vi\/sanpham\/cac-mon-ca\/filet-ca-sot-ca-ri-cay-tieu-den-vung-bengali\/","og_site_name":"Tandoor Vi\u1ec7t Nam","article_publisher":"https:\/\/www.facebook.com\/tandoor.hcmc\/","article_modified_time":"2023-05-20T08:48:59+00:00","og_image":[{"width":1400,"height":1400,"url":"https:\/\/tandoorvietnam.com\/wp-content\/uploads\/2020\/06\/Macher-Jhol.jpg","type":"image\/jpeg"}],"twitter_card":"summary_large_image","twitter_misc":{"Est. reading time":"2 minutes"},"schema":{"@context":"https:\/\/schema.org","@graph":[{"@type":"WebPage","@id":"https:\/\/tandoorvietnam.com\/vi\/sanpham\/cac-mon-ca\/filet-ca-sot-ca-ri-cay-tieu-den-vung-bengali\/","url":"https:\/\/tandoorvietnam.com\/vi\/sanpham\/cac-mon-ca\/filet-ca-sot-ca-ri-cay-tieu-den-vung-bengali\/","name":"FILET C\u00c1 S\u1ed0T C\u00c0 RI CAY TI\u00caU \u0110EN V\u00d9NG BENGALI","isPartOf":{"@id":"https:\/\/tandoorvietnam.com\/vi\/#website"},"primaryImageOfPage":{"@id":"https:\/\/tandoorvietnam.com\/vi\/sanpham\/cac-mon-ca\/filet-ca-sot-ca-ri-cay-tieu-den-vung-bengali\/#primaryimage"},"image":{"@id":"https:\/\/tandoorvietnam.com\/vi\/sanpham\/cac-mon-ca\/filet-ca-sot-ca-ri-cay-tieu-den-vung-bengali\/#primaryimage"},"thumbnailUrl":"https:\/\/tandoorvietnam.com\/wp-content\/uploads\/2020\/06\/Macher-Jhol.jpg","datePublished":"2021-04-14T07:47:54+00:00","dateModified":"2023-05-20T08:48:59+00:00","description":"Filet c\u00e1 s\u1ed1t c\u00e0 ri cay ti\u00eau \u0111en v\u00f9ng Bengali t\u1ea1i Tandoor Vietnam. M\u1ed9t m\u00f3n \u0103n \u0111\u1eadm \u0111\u00e0, h\u1ea5p d\u1eabn v\u00e0 \u0111\u1eb7c tr\u01b0ng c\u1ee7a \u1ea9m th\u1ef1c \u1ea4n \u0110\u1ed9.","breadcrumb":{"@id":"https:\/\/tandoorvietnam.com\/vi\/sanpham\/cac-mon-ca\/filet-ca-sot-ca-ri-cay-tieu-den-vung-bengali\/#breadcrumb"},"inLanguage":"vi-VN","potentialAction":[{"@type":"ReadAction","target":["https:\/\/tandoorvietnam.com\/vi\/sanpham\/cac-mon-ca\/filet-ca-sot-ca-ri-cay-tieu-den-vung-bengali\/"]}]},{"@type":"ImageObject","inLanguage":"vi-VN","@id":"https:\/\/tandoorvietnam.com\/vi\/sanpham\/cac-mon-ca\/filet-ca-sot-ca-ri-cay-tieu-den-vung-bengali\/#primaryimage","url":"https:\/\/tandoorvietnam.com\/wp-content\/uploads\/2020\/06\/Macher-Jhol.jpg","contentUrl":"https:\/\/tandoorvietnam.com\/wp-content\/uploads\/2020\/06\/Macher-Jhol.jpg","width":1400,"height":1400,"caption":"FILET C\u00c1 S\u1ed0T C\u00c0 RI CAY TI\u00caU \u0110EN V\u00d9NG BENGALI"},{"@type":"BreadcrumbList","@id":"https:\/\/tandoorvietnam.com\/vi\/sanpham\/cac-mon-ca\/filet-ca-sot-ca-ri-cay-tieu-den-vung-bengali\/#breadcrumb","itemListElement":[{"@type":"ListItem","position":1,"name":"Trang Ch\u1ee7","item":"https:\/\/tandoorvietnam.com\/vi\/"},{"@type":"ListItem","position":2,"name":"Shop","item":"https:\/\/tandoorvietnam.com\/shop\/"},{"@type":"ListItem","position":3,"name":"Macher Jhol (FILET C\u00c1 S\u1ed0T C\u00c0 RI CAY TI\u00caU \u0110EN V\u00d9NG BENGALI)"}]},{"@type":"WebSite","@id":"https:\/\/tandoorvietnam.com\/vi\/#website","url":"https:\/\/tandoorvietnam.com\/vi\/","name":"Tandoor Vietnam","description":"Nh\u00e0 h\u00e0ng ngon h\u1ed3 ch\u00ed minh","publisher":{"@id":"https:\/\/tandoorvietnam.com\/vi\/#organization"},"potentialAction":[{"@type":"SearchAction","target":{"@type":"EntryPoint","urlTemplate":"https:\/\/tandoorvietnam.com\/vi\/?s={search_term_string}"},"query-input":{"@type":"PropertyValueSpecification","valueRequired":true,"valueName":"search_term_string"}}],"inLanguage":"vi-VN"},{"@type":"Organization","@id":"https:\/\/tandoorvietnam.com\/vi\/#organization","name":"Tandoor Vietnam","url":"https:\/\/tandoorvietnam.com\/vi\/","logo":{"@type":"ImageObject","inLanguage":"vi-VN","@id":"https:\/\/tandoorvietnam.com\/vi\/#\/schema\/logo\/image\/","url":"https:\/\/tandoorvietnam.com\/wp-content\/uploads\/2020\/07\/logo.png","contentUrl":"https:\/\/tandoorvietnam.com\/wp-content\/uploads\/2020\/07\/logo.png","width":133,"height":75,"caption":"Tandoor Vietnam"},"image":{"@id":"https:\/\/tandoorvietnam.com\/vi\/#\/schema\/logo\/image\/"},"sameAs":["https:\/\/www.facebook.com\/tandoor.hcmc\/"]}]}},"_links":{"self":[{"href":"https:\/\/tandoorvietnam.com\/vi\/wp-json\/wp\/v2\/product\/3236","targetHints":{"allow":["GET"]}}],"collection":[{"href":"https:\/\/tandoorvietnam.com\/vi\/wp-json\/wp\/v2\/product"}],"about":[{"href":"https:\/\/tandoorvietnam.com\/vi\/wp-json\/wp\/v2\/types\/product"}],"wp:featuredmedia":[{"embeddable":true,"href":"https:\/\/tandoorvietnam.com\/vi\/wp-json\/wp\/v2\/media\/3237"}],"wp:attachment":[{"href":"https:\/\/tandoorvietnam.com\/vi\/wp-json\/wp\/v2\/media?parent=3236"}],"wp:term":[{"taxonomy":"product_brand","embeddable":true,"href":"https:\/\/tandoorvietnam.com\/vi\/wp-json\/wp\/v2\/product_brand?post=3236"},{"taxonomy":"product_cat","embeddable":true,"href":"https:\/\/tandoorvietnam.com\/vi\/wp-json\/wp\/v2\/product_cat?post=3236"},{"taxonomy":"product_tag","embeddable":true,"href":"https:\/\/tandoorvietnam.com\/vi\/wp-json\/wp\/v2\/product_tag?post=3236"}],"curies":[{"name":"wp","href":"https:\/\/api.w.org\/{rel}","templated":true}]}}