{"id":3238,"date":"2020-06-20T13:59:06","date_gmt":"2021-04-14T07:52:06","guid":{"rendered":"http:\/\/tandoorvietnam.com\/product\/uncategorized\/ca-ri-ca-nau-chua-cay-voi-xoai-xanh\/"},"modified":"2023-05-19T16:51:29","modified_gmt":"2023-05-19T16:51:29","slug":"ca-ri-ca-nau-chua-cay-voi-xoai-xanh","status":"publish","type":"product","link":"https:\/\/tandoorvietnam.com\/vi\/sanpham\/cac-mon-ca\/ca-ri-ca-nau-chua-cay-voi-xoai-xanh\/","title":{"rendered":"Mango Fish curry (C\u00c0 RI C\u00c1 N\u1ea4U CHUA CAY V\u1edaI XO\u00c0I XANH)"},"content":{"rendered":"<p>C\u00e0 ri c\u00e1 n\u1ea5u chua cay v\u1edbi xo\u00e0i xanh l\u00e0 m\u1ed9t m\u00f3n \u0103n \u0111\u1ed9c \u0111\u00e1o v\u00e0 h\u1ea5p d\u1eabn trong danh s\u00e1ch th\u1ef1c \u0111\u01a1n t\u1ea1i Tandoor Vietnam. M\u00f3n \u0103n n\u00e0y k\u1ebft h\u1ee3p gi\u1eefa c\u00e1 t\u01b0\u01a1i ngon, gia v\u1ecb cay n\u1ed3ng v\u00e0 xo\u00e0i xanh t\u01b0\u01a1i m\u00e1t, t\u1ea1o n\u00ean m\u1ed9t h\u01b0\u01a1ng v\u1ecb \u0111\u1eb7c bi\u1ec7t v\u00e0 h\u1ea5p d\u1eabn.<\/p>\n<p>Ch\u00fang t\u00f4i s\u1eed d\u1ee5ng c\u00e1 t\u01b0\u01a1i ngon v\u00e0 xo\u00e0i xanh ch\u00edn m\u1ecdng \u0111\u1ec3 t\u1ea1o n\u00ean h\u01b0\u01a1ng v\u1ecb t\u01b0\u01a1i m\u00e1t v\u00e0 \u0111\u1ed9c \u0111\u00e1o cho m\u00f3n \u0103n. Gia v\u1ecb c\u00e0 ri \u0111\u01b0\u1ee3c ch\u1ebf bi\u1ebfn t\u1eeb c\u00e1c lo\u1ea1i gia v\u1ecb t\u1ef1 nhi\u00ean, t\u1ea1o n\u00ean m\u1ed9t h\u1ed7n h\u1ee3p h\u01b0\u01a1ng th\u01a1m cay n\u1ed3ng \u0111\u1eb7c tr\u01b0ng c\u1ee7a m\u00f3n c\u00e0 ri.<\/p>\n<p>C\u00e1 \u0111\u01b0\u1ee3c n\u1ea5u ch\u00edn m\u1ec1m trong n\u1ed3i c\u00e0 ri \u0111\u1eadm \u0111\u00e0, gi\u00fap h\u1ea5p d\u1eabn h\u01b0\u01a1ng v\u1ecb c\u1ee7a c\u00e1 th\u1ea5m \u0111\u1ec1u v\u00e0o n\u01b0\u1edbc s\u1ed1t c\u00e0 ri. Xo\u00e0i xanh t\u01b0\u01a1i m\u00e1t cung c\u1ea5p m\u1ed9t h\u01b0\u01a1ng v\u1ecb chua ng\u1ecdt v\u00e0 m\u1ed9t ch\u00fat h\u01a1i chua, l\u00e0m t\u0103ng th\u00eam s\u1ef1 c\u00e2n b\u1eb1ng v\u00e0 t\u01b0\u01a1i m\u00e1t cho m\u00f3n \u0103n.<\/p>\n<p>C\u00e0 ri c\u00e1 n\u1ea5u chua cay v\u1edbi xo\u00e0i xanh th\u01b0\u1eddng \u0111\u01b0\u1ee3c \u0103n k\u00e8m v\u1edbi c\u01a1m tr\u1eafng t\u1ea1o th\u00e0nh m\u1ed9t b\u1eefa \u0103n ngon l\u00e0nh v\u00e0 b\u1ed5 d\u01b0\u1ee1ng. M\u00f3n \u0103n n\u00e0y l\u00e0 s\u1ef1 k\u1ebft h\u1ee3p tuy\u1ec7t v\u1eddi gi\u1eefa h\u01b0\u01a1ng v\u1ecb \u0110\u00f4ng v\u00e0 h\u01b0\u01a1ng v\u1ecb c\u1ee7a mi\u1ec1n Nam \u1ea4n \u0110\u1ed9, mang \u0111\u1ebfn m\u1ed9t tr\u1ea3i nghi\u1ec7m \u1ea9m th\u1ef1c \u0111\u1ed9c \u0111\u00e1o v\u00e0 th\u00fa v\u1ecb.<\/p>\n<p>T\u1ea1i <a href=\"https:\/\/tandoorvietnam.com\/\">Tandoor Vietnam<\/a>, ch\u00fang t\u00f4i cam k\u1ebft \u0111\u1ea3m b\u1ea3o ch\u1ea5t l\u01b0\u1ee3ng v\u00e0 s\u1ef1 t\u01b0\u01a1i ngon c\u1ee7a c\u00e1c nguy\u00ean li\u1ec7u s\u1eed d\u1ee5ng \u0111\u1ec3 t\u1ea1o ra m\u00f3n \u0103n. C\u00e0 ri c\u00e1 n\u1ea5u chua cay v\u1edbi xo\u00e0i xanh l\u00e0 m\u1ed9t l\u1ef1a ch\u1ecdn tuy\u1ec7t v\u1eddi cho nh\u1eefng ai y\u00eau th\u00edch h\u01b0\u01a1ng v\u1ecb cay n\u1ed3ng v\u00e0 s\u1ef1 k\u1ebft h\u1ee3p \u0111\u1ed9c \u0111\u00e1o c\u1ee7a c\u00e1 v\u00e0 xo\u00e0i.<\/p>\n","protected":false},"excerpt":{"rendered":"<p>&nbsp;<\/p>\n<table width=\"723\">\n<tbody>\n<tr>\n<td width=\"412\">Fish fillets cooked with mango, tomato and fresh coriander in mild onion gravy<\/td>\n<\/tr>\n<tr>\n<td width=\"412\"><em>Cary c\u00e1 n\u1ea5u chua cay v\u1edbi xo\u00e0i xanh<\/em><\/td>\n<\/tr>\n<\/tbody>\n<\/table>\n","protected":false},"featured_media":3239,"template":"","meta":[],"product_brand":[],"product_cat":[225],"product_tag":[],"class_list":{"0":"post-3238","1":"product","2":"type-product","3":"status-publish","4":"has-post-thumbnail","6":"product_cat-cac-mon-ca","8":"first","9":"instock","10":"taxable","11":"shipping-taxable","12":"purchasable","13":"product-type-simple"},"yoast_head":"<!-- This site is optimized with the Yoast SEO Premium plugin v22.3 (Yoast SEO v27.6) - https:\/\/yoast.com\/product\/yoast-seo-premium-wordpress\/ -->\n<title>Mango Fish curry (C\u00c0 RI C\u00c1 N\u1ea4U CHUA CAY V\u1edaI XO\u00c0I XANH)<\/title>\n<meta name=\"description\" content=\"C\u00e0 ri c\u00e1 n\u1ea5u chua cay v\u1edbi xo\u00e0i xanh, m\u00f3n \u0103n \u0111\u1eadm \u0111\u00e0 v\u00e0 h\u1ea5p d\u1eabn t\u1ea1i Tandoor Vietnam. H\u01b0\u01a1ng v\u1ecb h\u00f2a quy\u1ec7n gi\u1eefa c\u00e1 t\u01b0\u01a1i ngon, gia v\u1ecb cay n\u1ed3ng v\u00e0 xo\u00e0i xanh.\" \/>\n<meta name=\"robots\" content=\"index, follow, max-snippet:-1, max-image-preview:large, max-video-preview:-1\" \/>\n<link rel=\"canonical\" href=\"https:\/\/tandoorvietnam.com\/vi\/sanpham\/cac-mon-ca\/ca-ri-ca-nau-chua-cay-voi-xoai-xanh\/\" \/>\n<meta property=\"og:locale\" content=\"vi_VN\" \/>\n<meta property=\"og:type\" content=\"article\" \/>\n<meta property=\"og:title\" content=\"Mango Fish curry (C\u00c0 RI C\u00c1 N\u1ea4U CHUA CAY V\u1edaI XO\u00c0I XANH)\" \/>\n<meta property=\"og:description\" content=\"C\u00e0 ri c\u00e1 n\u1ea5u chua cay v\u1edbi xo\u00e0i xanh, m\u00f3n \u0103n \u0111\u1eadm \u0111\u00e0 v\u00e0 h\u1ea5p d\u1eabn t\u1ea1i Tandoor Vietnam. H\u01b0\u01a1ng v\u1ecb h\u00f2a quy\u1ec7n gi\u1eefa c\u00e1 t\u01b0\u01a1i ngon, gia v\u1ecb cay n\u1ed3ng v\u00e0 xo\u00e0i xanh.\" \/>\n<meta property=\"og:url\" content=\"https:\/\/tandoorvietnam.com\/vi\/sanpham\/cac-mon-ca\/ca-ri-ca-nau-chua-cay-voi-xoai-xanh\/\" \/>\n<meta property=\"og:site_name\" content=\"Tandoor Vi\u1ec7t Nam\" \/>\n<meta property=\"article:publisher\" content=\"https:\/\/www.facebook.com\/tandoor.hcmc\/\" \/>\n<meta property=\"article:modified_time\" content=\"2023-05-19T16:51:29+00:00\" \/>\n<meta property=\"og:image\" content=\"https:\/\/tandoorvietnam.com\/wp-content\/uploads\/2020\/06\/Mango-fish-curry.jpg\" \/>\n\t<meta property=\"og:image:width\" content=\"800\" \/>\n\t<meta property=\"og:image:height\" content=\"800\" \/>\n\t<meta property=\"og:image:type\" content=\"image\/jpeg\" \/>\n<meta name=\"twitter:card\" content=\"summary_large_image\" \/>\n<meta name=\"twitter:label1\" content=\"Est. reading time\" \/>\n\t<meta name=\"twitter:data1\" content=\"2 minutes\" \/>\n<script type=\"application\/ld+json\" class=\"yoast-schema-graph\">{\"@context\":\"https:\\\/\\\/schema.org\",\"@graph\":[{\"@type\":\"WebPage\",\"@id\":\"https:\\\/\\\/tandoorvietnam.com\\\/vi\\\/sanpham\\\/cac-mon-ca\\\/ca-ri-ca-nau-chua-cay-voi-xoai-xanh\\\/\",\"url\":\"https:\\\/\\\/tandoorvietnam.com\\\/vi\\\/sanpham\\\/cac-mon-ca\\\/ca-ri-ca-nau-chua-cay-voi-xoai-xanh\\\/\",\"name\":\"Mango Fish curry (C\u00c0 RI C\u00c1 N\u1ea4U CHUA CAY V\u1edaI XO\u00c0I XANH)\",\"isPartOf\":{\"@id\":\"https:\\\/\\\/tandoorvietnam.com\\\/vi\\\/#website\"},\"primaryImageOfPage\":{\"@id\":\"https:\\\/\\\/tandoorvietnam.com\\\/vi\\\/sanpham\\\/cac-mon-ca\\\/ca-ri-ca-nau-chua-cay-voi-xoai-xanh\\\/#primaryimage\"},\"image\":{\"@id\":\"https:\\\/\\\/tandoorvietnam.com\\\/vi\\\/sanpham\\\/cac-mon-ca\\\/ca-ri-ca-nau-chua-cay-voi-xoai-xanh\\\/#primaryimage\"},\"thumbnailUrl\":\"https:\\\/\\\/tandoorvietnam.com\\\/wp-content\\\/uploads\\\/2020\\\/06\\\/Mango-fish-curry.jpg\",\"datePublished\":\"2021-04-14T07:52:06+00:00\",\"dateModified\":\"2023-05-19T16:51:29+00:00\",\"description\":\"C\u00e0 ri c\u00e1 n\u1ea5u chua cay v\u1edbi xo\u00e0i xanh, m\u00f3n \u0103n \u0111\u1eadm \u0111\u00e0 v\u00e0 h\u1ea5p d\u1eabn t\u1ea1i Tandoor Vietnam. H\u01b0\u01a1ng v\u1ecb h\u00f2a quy\u1ec7n gi\u1eefa c\u00e1 t\u01b0\u01a1i ngon, gia v\u1ecb cay n\u1ed3ng v\u00e0 xo\u00e0i xanh.\",\"breadcrumb\":{\"@id\":\"https:\\\/\\\/tandoorvietnam.com\\\/vi\\\/sanpham\\\/cac-mon-ca\\\/ca-ri-ca-nau-chua-cay-voi-xoai-xanh\\\/#breadcrumb\"},\"inLanguage\":\"vi-VN\",\"potentialAction\":[{\"@type\":\"ReadAction\",\"target\":[\"https:\\\/\\\/tandoorvietnam.com\\\/vi\\\/sanpham\\\/cac-mon-ca\\\/ca-ri-ca-nau-chua-cay-voi-xoai-xanh\\\/\"]}]},{\"@type\":\"ImageObject\",\"inLanguage\":\"vi-VN\",\"@id\":\"https:\\\/\\\/tandoorvietnam.com\\\/vi\\\/sanpham\\\/cac-mon-ca\\\/ca-ri-ca-nau-chua-cay-voi-xoai-xanh\\\/#primaryimage\",\"url\":\"https:\\\/\\\/tandoorvietnam.com\\\/wp-content\\\/uploads\\\/2020\\\/06\\\/Mango-fish-curry.jpg\",\"contentUrl\":\"https:\\\/\\\/tandoorvietnam.com\\\/wp-content\\\/uploads\\\/2020\\\/06\\\/Mango-fish-curry.jpg\",\"width\":800,\"height\":800,\"caption\":\"C\u00c0 RI C\u00c1 N\u1ea4U CHUA CAY V\u1edaI XO\u00c0I XANH\"},{\"@type\":\"BreadcrumbList\",\"@id\":\"https:\\\/\\\/tandoorvietnam.com\\\/vi\\\/sanpham\\\/cac-mon-ca\\\/ca-ri-ca-nau-chua-cay-voi-xoai-xanh\\\/#breadcrumb\",\"itemListElement\":[{\"@type\":\"ListItem\",\"position\":1,\"name\":\"Trang Ch\u1ee7\",\"item\":\"https:\\\/\\\/tandoorvietnam.com\\\/vi\\\/\"},{\"@type\":\"ListItem\",\"position\":2,\"name\":\"Shop\",\"item\":\"https:\\\/\\\/tandoorvietnam.com\\\/shop\\\/\"},{\"@type\":\"ListItem\",\"position\":3,\"name\":\"Mango Fish curry (C\u00c0 RI C\u00c1 N\u1ea4U CHUA CAY V\u1edaI XO\u00c0I XANH)\"}]},{\"@type\":\"WebSite\",\"@id\":\"https:\\\/\\\/tandoorvietnam.com\\\/vi\\\/#website\",\"url\":\"https:\\\/\\\/tandoorvietnam.com\\\/vi\\\/\",\"name\":\"Tandoor Vietnam\",\"description\":\"Nh\u00e0 h\u00e0ng ngon h\u1ed3 ch\u00ed minh\",\"publisher\":{\"@id\":\"https:\\\/\\\/tandoorvietnam.com\\\/vi\\\/#organization\"},\"potentialAction\":[{\"@type\":\"SearchAction\",\"target\":{\"@type\":\"EntryPoint\",\"urlTemplate\":\"https:\\\/\\\/tandoorvietnam.com\\\/vi\\\/?s={search_term_string}\"},\"query-input\":{\"@type\":\"PropertyValueSpecification\",\"valueRequired\":true,\"valueName\":\"search_term_string\"}}],\"inLanguage\":\"vi-VN\"},{\"@type\":\"Organization\",\"@id\":\"https:\\\/\\\/tandoorvietnam.com\\\/vi\\\/#organization\",\"name\":\"Tandoor Vietnam\",\"url\":\"https:\\\/\\\/tandoorvietnam.com\\\/vi\\\/\",\"logo\":{\"@type\":\"ImageObject\",\"inLanguage\":\"vi-VN\",\"@id\":\"https:\\\/\\\/tandoorvietnam.com\\\/vi\\\/#\\\/schema\\\/logo\\\/image\\\/\",\"url\":\"https:\\\/\\\/tandoorvietnam.com\\\/wp-content\\\/uploads\\\/2020\\\/07\\\/logo.png\",\"contentUrl\":\"https:\\\/\\\/tandoorvietnam.com\\\/wp-content\\\/uploads\\\/2020\\\/07\\\/logo.png\",\"width\":133,\"height\":75,\"caption\":\"Tandoor Vietnam\"},\"image\":{\"@id\":\"https:\\\/\\\/tandoorvietnam.com\\\/vi\\\/#\\\/schema\\\/logo\\\/image\\\/\"},\"sameAs\":[\"https:\\\/\\\/www.facebook.com\\\/tandoor.hcmc\\\/\"]}]}<\/script>\n<!-- \/ Yoast SEO Premium plugin. -->","yoast_head_json":{"title":"Mango Fish curry (C\u00c0 RI C\u00c1 N\u1ea4U CHUA CAY V\u1edaI XO\u00c0I XANH)","description":"C\u00e0 ri c\u00e1 n\u1ea5u chua cay v\u1edbi xo\u00e0i xanh, m\u00f3n \u0103n \u0111\u1eadm \u0111\u00e0 v\u00e0 h\u1ea5p d\u1eabn t\u1ea1i Tandoor Vietnam. H\u01b0\u01a1ng v\u1ecb h\u00f2a quy\u1ec7n gi\u1eefa c\u00e1 t\u01b0\u01a1i ngon, gia v\u1ecb cay n\u1ed3ng v\u00e0 xo\u00e0i xanh.","robots":{"index":"index","follow":"follow","max-snippet":"max-snippet:-1","max-image-preview":"max-image-preview:large","max-video-preview":"max-video-preview:-1"},"canonical":"https:\/\/tandoorvietnam.com\/vi\/sanpham\/cac-mon-ca\/ca-ri-ca-nau-chua-cay-voi-xoai-xanh\/","og_locale":"vi_VN","og_type":"article","og_title":"Mango Fish curry (C\u00c0 RI C\u00c1 N\u1ea4U CHUA CAY V\u1edaI XO\u00c0I XANH)","og_description":"C\u00e0 ri c\u00e1 n\u1ea5u chua cay v\u1edbi xo\u00e0i xanh, m\u00f3n \u0103n \u0111\u1eadm \u0111\u00e0 v\u00e0 h\u1ea5p d\u1eabn t\u1ea1i Tandoor Vietnam. H\u01b0\u01a1ng v\u1ecb h\u00f2a quy\u1ec7n gi\u1eefa c\u00e1 t\u01b0\u01a1i ngon, gia v\u1ecb cay n\u1ed3ng v\u00e0 xo\u00e0i xanh.","og_url":"https:\/\/tandoorvietnam.com\/vi\/sanpham\/cac-mon-ca\/ca-ri-ca-nau-chua-cay-voi-xoai-xanh\/","og_site_name":"Tandoor Vi\u1ec7t Nam","article_publisher":"https:\/\/www.facebook.com\/tandoor.hcmc\/","article_modified_time":"2023-05-19T16:51:29+00:00","og_image":[{"width":800,"height":800,"url":"https:\/\/tandoorvietnam.com\/wp-content\/uploads\/2020\/06\/Mango-fish-curry.jpg","type":"image\/jpeg"}],"twitter_card":"summary_large_image","twitter_misc":{"Est. reading time":"2 minutes"},"schema":{"@context":"https:\/\/schema.org","@graph":[{"@type":"WebPage","@id":"https:\/\/tandoorvietnam.com\/vi\/sanpham\/cac-mon-ca\/ca-ri-ca-nau-chua-cay-voi-xoai-xanh\/","url":"https:\/\/tandoorvietnam.com\/vi\/sanpham\/cac-mon-ca\/ca-ri-ca-nau-chua-cay-voi-xoai-xanh\/","name":"Mango Fish curry (C\u00c0 RI C\u00c1 N\u1ea4U CHUA CAY V\u1edaI XO\u00c0I XANH)","isPartOf":{"@id":"https:\/\/tandoorvietnam.com\/vi\/#website"},"primaryImageOfPage":{"@id":"https:\/\/tandoorvietnam.com\/vi\/sanpham\/cac-mon-ca\/ca-ri-ca-nau-chua-cay-voi-xoai-xanh\/#primaryimage"},"image":{"@id":"https:\/\/tandoorvietnam.com\/vi\/sanpham\/cac-mon-ca\/ca-ri-ca-nau-chua-cay-voi-xoai-xanh\/#primaryimage"},"thumbnailUrl":"https:\/\/tandoorvietnam.com\/wp-content\/uploads\/2020\/06\/Mango-fish-curry.jpg","datePublished":"2021-04-14T07:52:06+00:00","dateModified":"2023-05-19T16:51:29+00:00","description":"C\u00e0 ri c\u00e1 n\u1ea5u chua cay v\u1edbi xo\u00e0i xanh, m\u00f3n \u0103n \u0111\u1eadm \u0111\u00e0 v\u00e0 h\u1ea5p d\u1eabn t\u1ea1i Tandoor Vietnam. H\u01b0\u01a1ng v\u1ecb h\u00f2a quy\u1ec7n gi\u1eefa c\u00e1 t\u01b0\u01a1i ngon, gia v\u1ecb cay n\u1ed3ng v\u00e0 xo\u00e0i xanh.","breadcrumb":{"@id":"https:\/\/tandoorvietnam.com\/vi\/sanpham\/cac-mon-ca\/ca-ri-ca-nau-chua-cay-voi-xoai-xanh\/#breadcrumb"},"inLanguage":"vi-VN","potentialAction":[{"@type":"ReadAction","target":["https:\/\/tandoorvietnam.com\/vi\/sanpham\/cac-mon-ca\/ca-ri-ca-nau-chua-cay-voi-xoai-xanh\/"]}]},{"@type":"ImageObject","inLanguage":"vi-VN","@id":"https:\/\/tandoorvietnam.com\/vi\/sanpham\/cac-mon-ca\/ca-ri-ca-nau-chua-cay-voi-xoai-xanh\/#primaryimage","url":"https:\/\/tandoorvietnam.com\/wp-content\/uploads\/2020\/06\/Mango-fish-curry.jpg","contentUrl":"https:\/\/tandoorvietnam.com\/wp-content\/uploads\/2020\/06\/Mango-fish-curry.jpg","width":800,"height":800,"caption":"C\u00c0 RI C\u00c1 N\u1ea4U CHUA CAY V\u1edaI XO\u00c0I XANH"},{"@type":"BreadcrumbList","@id":"https:\/\/tandoorvietnam.com\/vi\/sanpham\/cac-mon-ca\/ca-ri-ca-nau-chua-cay-voi-xoai-xanh\/#breadcrumb","itemListElement":[{"@type":"ListItem","position":1,"name":"Trang Ch\u1ee7","item":"https:\/\/tandoorvietnam.com\/vi\/"},{"@type":"ListItem","position":2,"name":"Shop","item":"https:\/\/tandoorvietnam.com\/shop\/"},{"@type":"ListItem","position":3,"name":"Mango Fish curry (C\u00c0 RI C\u00c1 N\u1ea4U CHUA CAY V\u1edaI XO\u00c0I XANH)"}]},{"@type":"WebSite","@id":"https:\/\/tandoorvietnam.com\/vi\/#website","url":"https:\/\/tandoorvietnam.com\/vi\/","name":"Tandoor Vietnam","description":"Nh\u00e0 h\u00e0ng ngon h\u1ed3 ch\u00ed minh","publisher":{"@id":"https:\/\/tandoorvietnam.com\/vi\/#organization"},"potentialAction":[{"@type":"SearchAction","target":{"@type":"EntryPoint","urlTemplate":"https:\/\/tandoorvietnam.com\/vi\/?s={search_term_string}"},"query-input":{"@type":"PropertyValueSpecification","valueRequired":true,"valueName":"search_term_string"}}],"inLanguage":"vi-VN"},{"@type":"Organization","@id":"https:\/\/tandoorvietnam.com\/vi\/#organization","name":"Tandoor Vietnam","url":"https:\/\/tandoorvietnam.com\/vi\/","logo":{"@type":"ImageObject","inLanguage":"vi-VN","@id":"https:\/\/tandoorvietnam.com\/vi\/#\/schema\/logo\/image\/","url":"https:\/\/tandoorvietnam.com\/wp-content\/uploads\/2020\/07\/logo.png","contentUrl":"https:\/\/tandoorvietnam.com\/wp-content\/uploads\/2020\/07\/logo.png","width":133,"height":75,"caption":"Tandoor Vietnam"},"image":{"@id":"https:\/\/tandoorvietnam.com\/vi\/#\/schema\/logo\/image\/"},"sameAs":["https:\/\/www.facebook.com\/tandoor.hcmc\/"]}]}},"_links":{"self":[{"href":"https:\/\/tandoorvietnam.com\/vi\/wp-json\/wp\/v2\/product\/3238","targetHints":{"allow":["GET"]}}],"collection":[{"href":"https:\/\/tandoorvietnam.com\/vi\/wp-json\/wp\/v2\/product"}],"about":[{"href":"https:\/\/tandoorvietnam.com\/vi\/wp-json\/wp\/v2\/types\/product"}],"wp:featuredmedia":[{"embeddable":true,"href":"https:\/\/tandoorvietnam.com\/vi\/wp-json\/wp\/v2\/media\/3239"}],"wp:attachment":[{"href":"https:\/\/tandoorvietnam.com\/vi\/wp-json\/wp\/v2\/media?parent=3238"}],"wp:term":[{"taxonomy":"product_brand","embeddable":true,"href":"https:\/\/tandoorvietnam.com\/vi\/wp-json\/wp\/v2\/product_brand?post=3238"},{"taxonomy":"product_cat","embeddable":true,"href":"https:\/\/tandoorvietnam.com\/vi\/wp-json\/wp\/v2\/product_cat?post=3238"},{"taxonomy":"product_tag","embeddable":true,"href":"https:\/\/tandoorvietnam.com\/vi\/wp-json\/wp\/v2\/product_tag?post=3238"}],"curies":[{"name":"wp","href":"https:\/\/api.w.org\/{rel}","templated":true}]}}