{"id":3242,"date":"2020-06-20T14:04:36","date_gmt":"2021-04-14T08:13:01","guid":{"rendered":"http:\/\/tandoorvietnam.com\/product\/uncategorized\/ca-ri-tom-dua\/"},"modified":"2023-05-09T08:51:53","modified_gmt":"2023-05-09T08:51:53","slug":"ca-ri-tom-dua","status":"publish","type":"product","link":"https:\/\/tandoorvietnam.com\/vi\/sanpham\/cac-mon-tom\/ca-ri-tom-dua\/","title":{"rendered":"Coconut Prawn curry (C\u00c0 RI T\u00d4M D\u1eeaA)"},"content":{"rendered":"<p>C\u00e0 ri t\u00f4m d\u1eeba l\u00e0 m\u00f3n \u0103n \u0111\u1eb7c tr\u01b0ng c\u1ee7a mi\u1ec1n Nam \u1ea4n \u0110\u1ed9 v\u00e0 \u0111\u01b0\u1ee3c Tandoor Vietnam gi\u1edbi thi\u1ec7u \u0111\u1ebfn th\u1ef1c kh\u00e1ch. M\u00f3n \u0103n n\u00e0y c\u00f3 m\u1ed9t h\u01b0\u01a1ng v\u1ecb \u0111\u1eadm \u0111\u00e0, th\u01a1m ngon v\u00e0 mang t\u00ednh \u0111\u1eb7c tr\u01b0ng c\u1ee7a \u1ea9m th\u1ef1c mi\u1ec1n Nam n\u01b0\u1edbc \u1ea4n \u0110\u1ed9.<\/p>\n<p>C\u00e0 ri t\u00f4m d\u1eeba \u0111\u01b0\u1ee3c ch\u1ebf bi\u1ebfn t\u1eeb t\u00f4m t\u01b0\u01a1i, m\u1ec1m v\u00e0 th\u01a1m, c\u00f9ng v\u1edbi s\u1ee3i d\u1eeba t\u01b0\u01a1i, cho h\u01b0\u01a1ng v\u1ecb th\u01a1m ngon v\u00e0 \u0111\u1ed9 gi\u00f2n tuy\u1ec7t v\u1eddi. Nh\u1eefng mi\u1ebfng t\u00f4m \u0111\u01b0\u1ee3c \u0111em \u01b0\u1edbp v\u1edbi c\u00e1c gia v\u1ecb t\u1ea1o n\u00ean m\u1ed9t h\u1ed7n h\u1ee3p \u0111\u1eadm \u0111\u00e0 v\u1ecb c\u00e0 ri. S\u1ee3i d\u1eeba t\u01b0\u01a1i c\u1eaft th\u00e0nh nh\u1eefng s\u1ee3i m\u1ecfng v\u00e0 \u0111\u01b0\u1ee3c th\u00eam v\u00e0o \u0111\u1ec3 t\u1ea1o th\u00eam h\u01b0\u01a1ng v\u1ecb v\u00e0 \u0111\u1ed9 gi\u00f2n cho m\u00f3n \u0103n.<\/p>\n<p>Coconut Prawn curry \u0111\u01b0\u1ee3c ph\u1ee5c v\u1ee5 n\u00f3ng, c\u00f9ng v\u1edbi b\u00e1nh m\u00ec ho\u1eb7c c\u01a1m. B\u1ea1n c\u00f3 th\u1ec3 th\u01b0\u1edfng th\u1ee9c m\u00f3n \u0103n n\u00e0y nh\u01b0 m\u1ed9t m\u00f3n \u0103n ch\u00ednh trong b\u1eefa tr\u01b0a ho\u1eb7c b\u1eefa t\u1ed1i c\u1ee7a m\u00ecnh. Ngo\u00e0i ra, Coconut Prawn curry\u00a0c\u00f2n c\u00f3 th\u1ec3 \u0111\u01b0\u1ee3c k\u1ebft h\u1ee3p v\u1edbi c\u00e1c m\u00f3n \u0103n kh\u00e1c nh\u01b0 c\u01a1m, b\u00e1nh m\u00ec, ho\u1eb7c b\u00e1nh m\u00ec n\u01b0\u1edbng \u0111\u1ec3 t\u1ea1o ra m\u1ed9t b\u1eefa \u0103n \u0111\u1ea7y \u0111\u1ee7 ch\u1ea5t dinh d\u01b0\u1ee1ng v\u00e0 h\u01b0\u01a1ng v\u1ecb tuy\u1ec7t v\u1eddi.<\/p>\n<p>N\u1ebfu b\u1ea1n \u0111ang t\u00ecm ki\u1ebfm m\u1ed9t m\u00f3n \u0103n \u1ea5m \u00e1p v\u00e0 \u0111\u1eadm \u0111\u00e0 v\u1ecb c\u00e0 ri, th\u00ec c\u00e0 ri t\u00f4m d\u1eeba t\u1ea1i <a href=\"https:\/\/tandoorvietnam.com\/\">Tandoor Vietnam<\/a> ch\u1eafc ch\u1eafn l\u00e0 m\u1ed9t l\u1ef1a ch\u1ecdn tuy\u1ec7t v\u1eddi. V\u1edbi h\u01b0\u01a1ng v\u1ecb \u0111\u1ed9c \u0111\u00e1o v\u00e0 \u0111\u1ea7y \u0111\u1eb7c tr\u01b0ng c\u1ee7a \u1ea9m th\u1ef1c mi\u1ec1n Nam \u1ea4n \u0110\u1ed9, m\u00f3n \u0103n n\u00e0y ch\u1eafc ch\u1eafn s\u1ebd l\u00e0m h\u00e0i l\u00f2ng c\u1ea3 nh\u1eefng th\u1ef1c kh\u00e1ch kh\u00f3 t\u00ednh nh\u1ea5t.<\/p>\n","protected":false},"excerpt":{"rendered":"<p>&nbsp;<\/p>\n<table width=\"723\">\n<tbody>\n<tr>\n<td width=\"412\">Prawn cooked with spicy blend ground masala and coconut<\/td>\n<\/tr>\n<tr>\n<td width=\"412\"><em>T\u00f4m l\u1ed9t v\u1ecf n\u1ea5u s\u1ed1t cari v\u1edbi d\u1eeba<\/em><\/td>\n<\/tr>\n<\/tbody>\n<\/table>\n","protected":false},"featured_media":3243,"template":"","meta":[],"product_brand":[],"product_cat":[226],"product_tag":[],"class_list":{"0":"post-3242","1":"product","2":"type-product","3":"status-publish","4":"has-post-thumbnail","6":"product_cat-cac-mon-tom","8":"first","9":"instock","10":"taxable","11":"shipping-taxable","12":"purchasable","13":"product-type-simple"},"yoast_head":"<!-- This site is optimized with the Yoast SEO Premium plugin v22.3 (Yoast SEO v27.5) - https:\/\/yoast.com\/product\/yoast-seo-premium-wordpress\/ -->\n<title>Coconut Prawn curry (C\u00c0 RI T\u00d4M D\u1eeaA) - Tandoor Vi\u1ec7t Nam<\/title>\n<meta name=\"description\" content=\"V\u1edbi h\u01b0\u01a1ng v\u1ecb \u0111\u1eadm \u0111\u00e0 v\u00e0 th\u01a1m ngon c\u1ee7a c\u00e0 ri v\u00e0 d\u1eeba, m\u00f3n c\u00e0 ri t\u00f4m d\u1eeba t\u1ea1i Tandoor Vietnam ch\u1eafc ch\u1eafn s\u1ebd l\u00e0 m\u00f3n \u0103n h\u1ea5p d\u1eabn cho b\u1eefa tr\u01b0a hay b\u1eefa t\u1ed1i c\u1ee7a b\u1ea1n.\" \/>\n<meta name=\"robots\" content=\"index, follow, max-snippet:-1, max-image-preview:large, max-video-preview:-1\" \/>\n<link rel=\"canonical\" href=\"https:\/\/tandoorvietnam.com\/vi\/sanpham\/cac-mon-tom\/ca-ri-tom-dua\/\" \/>\n<meta property=\"og:locale\" content=\"vi_VN\" \/>\n<meta property=\"og:type\" content=\"article\" \/>\n<meta property=\"og:title\" content=\"Coconut Prawn curry (C\u00c0 RI T\u00d4M D\u1eeaA)\" \/>\n<meta property=\"og:description\" content=\"V\u1edbi h\u01b0\u01a1ng v\u1ecb \u0111\u1eadm \u0111\u00e0 v\u00e0 th\u01a1m ngon c\u1ee7a c\u00e0 ri v\u00e0 d\u1eeba, m\u00f3n c\u00e0 ri t\u00f4m d\u1eeba t\u1ea1i Tandoor Vietnam ch\u1eafc ch\u1eafn s\u1ebd l\u00e0 m\u00f3n \u0103n h\u1ea5p d\u1eabn cho b\u1eefa tr\u01b0a hay b\u1eefa t\u1ed1i c\u1ee7a b\u1ea1n.\" \/>\n<meta property=\"og:url\" content=\"https:\/\/tandoorvietnam.com\/vi\/sanpham\/cac-mon-tom\/ca-ri-tom-dua\/\" \/>\n<meta property=\"og:site_name\" content=\"Tandoor Vi\u1ec7t Nam\" \/>\n<meta property=\"article:publisher\" content=\"https:\/\/www.facebook.com\/tandoor.hcmc\/\" \/>\n<meta property=\"article:modified_time\" content=\"2023-05-09T08:51:53+00:00\" \/>\n<meta property=\"og:image\" content=\"https:\/\/tandoorvietnam.com\/wp-content\/uploads\/2020\/06\/Coconut-Prawn-curry.jpg\" \/>\n\t<meta property=\"og:image:width\" content=\"800\" \/>\n\t<meta property=\"og:image:height\" content=\"800\" \/>\n\t<meta property=\"og:image:type\" content=\"image\/jpeg\" \/>\n<meta name=\"twitter:card\" content=\"summary_large_image\" \/>\n<meta name=\"twitter:label1\" content=\"Est. reading time\" \/>\n\t<meta name=\"twitter:data1\" content=\"2 minutes\" \/>\n<script type=\"application\/ld+json\" class=\"yoast-schema-graph\">{\"@context\":\"https:\\\/\\\/schema.org\",\"@graph\":[{\"@type\":\"WebPage\",\"@id\":\"https:\\\/\\\/tandoorvietnam.com\\\/vi\\\/sanpham\\\/cac-mon-tom\\\/ca-ri-tom-dua\\\/\",\"url\":\"https:\\\/\\\/tandoorvietnam.com\\\/vi\\\/sanpham\\\/cac-mon-tom\\\/ca-ri-tom-dua\\\/\",\"name\":\"Coconut Prawn curry (C\u00c0 RI T\u00d4M D\u1eeaA) - Tandoor Vi\u1ec7t Nam\",\"isPartOf\":{\"@id\":\"https:\\\/\\\/tandoorvietnam.com\\\/vi\\\/#website\"},\"primaryImageOfPage\":{\"@id\":\"https:\\\/\\\/tandoorvietnam.com\\\/vi\\\/sanpham\\\/cac-mon-tom\\\/ca-ri-tom-dua\\\/#primaryimage\"},\"image\":{\"@id\":\"https:\\\/\\\/tandoorvietnam.com\\\/vi\\\/sanpham\\\/cac-mon-tom\\\/ca-ri-tom-dua\\\/#primaryimage\"},\"thumbnailUrl\":\"https:\\\/\\\/tandoorvietnam.com\\\/wp-content\\\/uploads\\\/2020\\\/06\\\/Coconut-Prawn-curry.jpg\",\"datePublished\":\"2021-04-14T08:13:01+00:00\",\"dateModified\":\"2023-05-09T08:51:53+00:00\",\"description\":\"V\u1edbi h\u01b0\u01a1ng v\u1ecb \u0111\u1eadm \u0111\u00e0 v\u00e0 th\u01a1m ngon c\u1ee7a c\u00e0 ri v\u00e0 d\u1eeba, m\u00f3n c\u00e0 ri t\u00f4m d\u1eeba t\u1ea1i Tandoor Vietnam ch\u1eafc ch\u1eafn s\u1ebd l\u00e0 m\u00f3n \u0103n h\u1ea5p d\u1eabn cho b\u1eefa tr\u01b0a hay b\u1eefa t\u1ed1i c\u1ee7a b\u1ea1n.\",\"breadcrumb\":{\"@id\":\"https:\\\/\\\/tandoorvietnam.com\\\/vi\\\/sanpham\\\/cac-mon-tom\\\/ca-ri-tom-dua\\\/#breadcrumb\"},\"inLanguage\":\"vi-VN\",\"potentialAction\":[{\"@type\":\"ReadAction\",\"target\":[\"https:\\\/\\\/tandoorvietnam.com\\\/vi\\\/sanpham\\\/cac-mon-tom\\\/ca-ri-tom-dua\\\/\"]}]},{\"@type\":\"ImageObject\",\"inLanguage\":\"vi-VN\",\"@id\":\"https:\\\/\\\/tandoorvietnam.com\\\/vi\\\/sanpham\\\/cac-mon-tom\\\/ca-ri-tom-dua\\\/#primaryimage\",\"url\":\"https:\\\/\\\/tandoorvietnam.com\\\/wp-content\\\/uploads\\\/2020\\\/06\\\/Coconut-Prawn-curry.jpg\",\"contentUrl\":\"https:\\\/\\\/tandoorvietnam.com\\\/wp-content\\\/uploads\\\/2020\\\/06\\\/Coconut-Prawn-curry.jpg\",\"width\":800,\"height\":800,\"caption\":\"C\u00c0 RI T\u00d4M D\u1eeaA\"},{\"@type\":\"BreadcrumbList\",\"@id\":\"https:\\\/\\\/tandoorvietnam.com\\\/vi\\\/sanpham\\\/cac-mon-tom\\\/ca-ri-tom-dua\\\/#breadcrumb\",\"itemListElement\":[{\"@type\":\"ListItem\",\"position\":1,\"name\":\"Trang Ch\u1ee7\",\"item\":\"https:\\\/\\\/tandoorvietnam.com\\\/vi\\\/\"},{\"@type\":\"ListItem\",\"position\":2,\"name\":\"Shop\",\"item\":\"https:\\\/\\\/tandoorvietnam.com\\\/shop\\\/\"},{\"@type\":\"ListItem\",\"position\":3,\"name\":\"Coconut Prawn curry (C\u00c0 RI T\u00d4M D\u1eeaA)\"}]},{\"@type\":\"WebSite\",\"@id\":\"https:\\\/\\\/tandoorvietnam.com\\\/vi\\\/#website\",\"url\":\"https:\\\/\\\/tandoorvietnam.com\\\/vi\\\/\",\"name\":\"Tandoor Vietnam\",\"description\":\"Nh\u00e0 h\u00e0ng ngon h\u1ed3 ch\u00ed minh\",\"publisher\":{\"@id\":\"https:\\\/\\\/tandoorvietnam.com\\\/vi\\\/#organization\"},\"potentialAction\":[{\"@type\":\"SearchAction\",\"target\":{\"@type\":\"EntryPoint\",\"urlTemplate\":\"https:\\\/\\\/tandoorvietnam.com\\\/vi\\\/?s={search_term_string}\"},\"query-input\":{\"@type\":\"PropertyValueSpecification\",\"valueRequired\":true,\"valueName\":\"search_term_string\"}}],\"inLanguage\":\"vi-VN\"},{\"@type\":\"Organization\",\"@id\":\"https:\\\/\\\/tandoorvietnam.com\\\/vi\\\/#organization\",\"name\":\"Tandoor Vietnam\",\"url\":\"https:\\\/\\\/tandoorvietnam.com\\\/vi\\\/\",\"logo\":{\"@type\":\"ImageObject\",\"inLanguage\":\"vi-VN\",\"@id\":\"https:\\\/\\\/tandoorvietnam.com\\\/vi\\\/#\\\/schema\\\/logo\\\/image\\\/\",\"url\":\"https:\\\/\\\/tandoorvietnam.com\\\/wp-content\\\/uploads\\\/2020\\\/07\\\/logo.png\",\"contentUrl\":\"https:\\\/\\\/tandoorvietnam.com\\\/wp-content\\\/uploads\\\/2020\\\/07\\\/logo.png\",\"width\":133,\"height\":75,\"caption\":\"Tandoor Vietnam\"},\"image\":{\"@id\":\"https:\\\/\\\/tandoorvietnam.com\\\/vi\\\/#\\\/schema\\\/logo\\\/image\\\/\"},\"sameAs\":[\"https:\\\/\\\/www.facebook.com\\\/tandoor.hcmc\\\/\"]}]}<\/script>\n<!-- \/ Yoast SEO Premium plugin. -->","yoast_head_json":{"title":"Coconut Prawn curry (C\u00c0 RI T\u00d4M D\u1eeaA) - Tandoor Vi\u1ec7t Nam","description":"V\u1edbi h\u01b0\u01a1ng v\u1ecb \u0111\u1eadm \u0111\u00e0 v\u00e0 th\u01a1m ngon c\u1ee7a c\u00e0 ri v\u00e0 d\u1eeba, m\u00f3n c\u00e0 ri t\u00f4m d\u1eeba t\u1ea1i Tandoor Vietnam ch\u1eafc ch\u1eafn s\u1ebd l\u00e0 m\u00f3n \u0103n h\u1ea5p d\u1eabn cho b\u1eefa tr\u01b0a hay b\u1eefa t\u1ed1i c\u1ee7a b\u1ea1n.","robots":{"index":"index","follow":"follow","max-snippet":"max-snippet:-1","max-image-preview":"max-image-preview:large","max-video-preview":"max-video-preview:-1"},"canonical":"https:\/\/tandoorvietnam.com\/vi\/sanpham\/cac-mon-tom\/ca-ri-tom-dua\/","og_locale":"vi_VN","og_type":"article","og_title":"Coconut Prawn curry (C\u00c0 RI T\u00d4M D\u1eeaA)","og_description":"V\u1edbi h\u01b0\u01a1ng v\u1ecb \u0111\u1eadm \u0111\u00e0 v\u00e0 th\u01a1m ngon c\u1ee7a c\u00e0 ri v\u00e0 d\u1eeba, m\u00f3n c\u00e0 ri t\u00f4m d\u1eeba t\u1ea1i Tandoor Vietnam ch\u1eafc ch\u1eafn s\u1ebd l\u00e0 m\u00f3n \u0103n h\u1ea5p d\u1eabn cho b\u1eefa tr\u01b0a hay b\u1eefa t\u1ed1i c\u1ee7a b\u1ea1n.","og_url":"https:\/\/tandoorvietnam.com\/vi\/sanpham\/cac-mon-tom\/ca-ri-tom-dua\/","og_site_name":"Tandoor Vi\u1ec7t Nam","article_publisher":"https:\/\/www.facebook.com\/tandoor.hcmc\/","article_modified_time":"2023-05-09T08:51:53+00:00","og_image":[{"width":800,"height":800,"url":"https:\/\/tandoorvietnam.com\/wp-content\/uploads\/2020\/06\/Coconut-Prawn-curry.jpg","type":"image\/jpeg"}],"twitter_card":"summary_large_image","twitter_misc":{"Est. reading time":"2 minutes"},"schema":{"@context":"https:\/\/schema.org","@graph":[{"@type":"WebPage","@id":"https:\/\/tandoorvietnam.com\/vi\/sanpham\/cac-mon-tom\/ca-ri-tom-dua\/","url":"https:\/\/tandoorvietnam.com\/vi\/sanpham\/cac-mon-tom\/ca-ri-tom-dua\/","name":"Coconut Prawn curry (C\u00c0 RI T\u00d4M D\u1eeaA) - Tandoor Vi\u1ec7t Nam","isPartOf":{"@id":"https:\/\/tandoorvietnam.com\/vi\/#website"},"primaryImageOfPage":{"@id":"https:\/\/tandoorvietnam.com\/vi\/sanpham\/cac-mon-tom\/ca-ri-tom-dua\/#primaryimage"},"image":{"@id":"https:\/\/tandoorvietnam.com\/vi\/sanpham\/cac-mon-tom\/ca-ri-tom-dua\/#primaryimage"},"thumbnailUrl":"https:\/\/tandoorvietnam.com\/wp-content\/uploads\/2020\/06\/Coconut-Prawn-curry.jpg","datePublished":"2021-04-14T08:13:01+00:00","dateModified":"2023-05-09T08:51:53+00:00","description":"V\u1edbi h\u01b0\u01a1ng v\u1ecb \u0111\u1eadm \u0111\u00e0 v\u00e0 th\u01a1m ngon c\u1ee7a c\u00e0 ri v\u00e0 d\u1eeba, m\u00f3n c\u00e0 ri t\u00f4m d\u1eeba t\u1ea1i Tandoor Vietnam ch\u1eafc ch\u1eafn s\u1ebd l\u00e0 m\u00f3n \u0103n h\u1ea5p d\u1eabn cho b\u1eefa tr\u01b0a hay b\u1eefa t\u1ed1i c\u1ee7a b\u1ea1n.","breadcrumb":{"@id":"https:\/\/tandoorvietnam.com\/vi\/sanpham\/cac-mon-tom\/ca-ri-tom-dua\/#breadcrumb"},"inLanguage":"vi-VN","potentialAction":[{"@type":"ReadAction","target":["https:\/\/tandoorvietnam.com\/vi\/sanpham\/cac-mon-tom\/ca-ri-tom-dua\/"]}]},{"@type":"ImageObject","inLanguage":"vi-VN","@id":"https:\/\/tandoorvietnam.com\/vi\/sanpham\/cac-mon-tom\/ca-ri-tom-dua\/#primaryimage","url":"https:\/\/tandoorvietnam.com\/wp-content\/uploads\/2020\/06\/Coconut-Prawn-curry.jpg","contentUrl":"https:\/\/tandoorvietnam.com\/wp-content\/uploads\/2020\/06\/Coconut-Prawn-curry.jpg","width":800,"height":800,"caption":"C\u00c0 RI T\u00d4M D\u1eeaA"},{"@type":"BreadcrumbList","@id":"https:\/\/tandoorvietnam.com\/vi\/sanpham\/cac-mon-tom\/ca-ri-tom-dua\/#breadcrumb","itemListElement":[{"@type":"ListItem","position":1,"name":"Trang Ch\u1ee7","item":"https:\/\/tandoorvietnam.com\/vi\/"},{"@type":"ListItem","position":2,"name":"Shop","item":"https:\/\/tandoorvietnam.com\/shop\/"},{"@type":"ListItem","position":3,"name":"Coconut Prawn curry (C\u00c0 RI T\u00d4M D\u1eeaA)"}]},{"@type":"WebSite","@id":"https:\/\/tandoorvietnam.com\/vi\/#website","url":"https:\/\/tandoorvietnam.com\/vi\/","name":"Tandoor Vietnam","description":"Nh\u00e0 h\u00e0ng ngon h\u1ed3 ch\u00ed minh","publisher":{"@id":"https:\/\/tandoorvietnam.com\/vi\/#organization"},"potentialAction":[{"@type":"SearchAction","target":{"@type":"EntryPoint","urlTemplate":"https:\/\/tandoorvietnam.com\/vi\/?s={search_term_string}"},"query-input":{"@type":"PropertyValueSpecification","valueRequired":true,"valueName":"search_term_string"}}],"inLanguage":"vi-VN"},{"@type":"Organization","@id":"https:\/\/tandoorvietnam.com\/vi\/#organization","name":"Tandoor Vietnam","url":"https:\/\/tandoorvietnam.com\/vi\/","logo":{"@type":"ImageObject","inLanguage":"vi-VN","@id":"https:\/\/tandoorvietnam.com\/vi\/#\/schema\/logo\/image\/","url":"https:\/\/tandoorvietnam.com\/wp-content\/uploads\/2020\/07\/logo.png","contentUrl":"https:\/\/tandoorvietnam.com\/wp-content\/uploads\/2020\/07\/logo.png","width":133,"height":75,"caption":"Tandoor Vietnam"},"image":{"@id":"https:\/\/tandoorvietnam.com\/vi\/#\/schema\/logo\/image\/"},"sameAs":["https:\/\/www.facebook.com\/tandoor.hcmc\/"]}]}},"_links":{"self":[{"href":"https:\/\/tandoorvietnam.com\/vi\/wp-json\/wp\/v2\/product\/3242","targetHints":{"allow":["GET"]}}],"collection":[{"href":"https:\/\/tandoorvietnam.com\/vi\/wp-json\/wp\/v2\/product"}],"about":[{"href":"https:\/\/tandoorvietnam.com\/vi\/wp-json\/wp\/v2\/types\/product"}],"wp:featuredmedia":[{"embeddable":true,"href":"https:\/\/tandoorvietnam.com\/vi\/wp-json\/wp\/v2\/media\/3243"}],"wp:attachment":[{"href":"https:\/\/tandoorvietnam.com\/vi\/wp-json\/wp\/v2\/media?parent=3242"}],"wp:term":[{"taxonomy":"product_brand","embeddable":true,"href":"https:\/\/tandoorvietnam.com\/vi\/wp-json\/wp\/v2\/product_brand?post=3242"},{"taxonomy":"product_cat","embeddable":true,"href":"https:\/\/tandoorvietnam.com\/vi\/wp-json\/wp\/v2\/product_cat?post=3242"},{"taxonomy":"product_tag","embeddable":true,"href":"https:\/\/tandoorvietnam.com\/vi\/wp-json\/wp\/v2\/product_tag?post=3242"}],"curies":[{"name":"wp","href":"https:\/\/api.w.org\/{rel}","templated":true}]}}