{"id":3246,"date":"2020-06-20T14:06:55","date_gmt":"2021-04-14T08:16:53","guid":{"rendered":"http:\/\/tandoorvietnam.com\/product\/uncategorized\/tom-nau-sot-hanh-tay-ca-chua-ngo-ot\/"},"modified":"2023-05-20T09:38:21","modified_gmt":"2023-05-20T09:38:21","slug":"tom-nau-sot-hanh-tay-ca-chua-ngo-ot","status":"publish","type":"product","link":"https:\/\/tandoorvietnam.com\/vi\/sanpham\/cac-mon-tom\/tom-nau-sot-hanh-tay-ca-chua-ngo-ot\/","title":{"rendered":"Jhinga Curry (T\u00d4M N\u1ea4U S\u1ed0T H\u00c0NH T\u00c2Y, C\u00c0 CHUA, NG\u00d2, \u1edaT)"},"content":{"rendered":"<p>T\u00f4m n\u1ea5u s\u1ed1t h\u00e0nh t\u00e2y, c\u00e0 chua, ng\u00f2 v\u00e0 \u1edbt (Jhinga Curry) l\u00e0 m\u1ed9t m\u00f3n \u0103n \u0111\u1eadm \u0111\u00e0 v\u00e0 h\u1ea5p d\u1eabn t\u1ea1i Tandoor Vietnam. Ch\u00fang t\u00f4i s\u1eed d\u1ee5ng t\u00f4m t\u01b0\u01a1i ngon, h\u00e0nh t\u00e2y t\u01b0\u01a1i m\u1ec1m, c\u00e0 chua ch\u00edn m\u1ecdng, ng\u00f2 t\u01b0\u01a1i v\u00e0 \u1edbt \u0111\u1ec3 t\u1ea1o n\u00ean h\u01b0\u01a1ng v\u1ecb \u0111\u1eb7c tr\u01b0ng cho m\u00f3n \u0103n n\u00e0y.<\/p>\n<p>T\u00f4m \u0111\u01b0\u1ee3c n\u1ea5u ch\u00edn v\u1edbi s\u1ed1t h\u00e0nh t\u00e2y, c\u00e0 chua v\u00e0 \u1edbt t\u1ea1o n\u00ean m\u1ed9t h\u1ed7n h\u1ee3p th\u01a1m ngon v\u00e0 \u0111\u1eadm \u0111\u00e0. H\u00e0nh t\u00e2y v\u00e0 c\u00e0 chua mang \u0111\u1ebfn h\u01b0\u01a1ng v\u1ecb t\u01b0\u01a1i m\u00e1t v\u00e0 \u0111\u1ed9 ng\u1ecdt t\u1ef1 nhi\u00ean, trong khi \u1edbt t\u1ea1o n\u00ean m\u1ed9t n\u1ed1t cay nh\u1eb9 nh\u00e0ng. Ng\u00f2 t\u01b0\u01a1i \u0111\u01b0\u1ee3c th\u00eam v\u00e0o \u0111\u1ec3 t\u0103ng c\u01b0\u1eddng h\u01b0\u01a1ng th\u1ea3o v\u00e0 t\u1ea1o \u0111i\u1ec3m nh\u1ea5n cho m\u00f3n \u0103n.<\/p>\n<p>M\u00f3n Jhinga Curry\u00a0l\u00e0 m\u1ed9t s\u1ef1 k\u1ebft h\u1ee3p tinh t\u1ebf c\u1ee7a c\u00e1c th\u00e0nh ph\u1ea7n t\u01b0\u01a1i ngon v\u00e0 gia v\u1ecb \u1ea5n t\u01b0\u1ee3ng. M\u1ed7i mi\u1ebfng t\u00f4m th\u1ecbt dai ngon, ng\u1ecdt m\u00e0 b\u00e9o, \u0111\u01b0\u1ee3c ng\u1ea5m \u0111\u1ec1u v\u1ecb c\u1ee7a s\u1ed1t th\u01a1m ngon v\u00e0 h\u00f2a quy\u1ec7n c\u00f9ng h\u00e0nh t\u00e2y, c\u00e0 chua, ng\u00f2 v\u00e0 \u1edbt.<\/p>\n<p>N\u1ebfu b\u1ea1n \u0111am m\u00ea h\u01b0\u01a1ng v\u1ecb \u0111\u1eadm \u0111\u00e0 v\u00e0 \u1ea9m th\u1ef1c \u1ea4n \u0110\u1ed9, m\u00f3n Jhinga Curry l\u00e0 m\u1ed9t l\u1ef1a ch\u1ecdn tuy\u1ec7t v\u1eddi. N\u00f3 c\u00f3 th\u1ec3 \u0111\u01b0\u1ee3c th\u01b0\u1edfng th\u1ee9c nh\u01b0 m\u1ed9t m\u00f3n khai v\u1ecb h\u1ea5p d\u1eabn ho\u1eb7c ch\u00ednh m\u00f3n trong b\u1eefa \u0103n gia \u0111\u00ecnh. H\u00e3y \u0111\u1ebfn <a href=\"https:\/\/tandoorvietnam.com\/\">Tandoor Vietnam<\/a> v\u00e0 tr\u1ea3i nghi\u1ec7m Jhinga Curry\u00a0tuy\u1ec7t v\u1eddi n\u00e0y ngay h\u00f4m nay!<\/p>\n","protected":false},"excerpt":{"rendered":"<p>&nbsp;<\/p>\n<table width=\"723\">\n<tbody>\n<tr>\n<td width=\"412\">Prawn cooked with tomato and fresh coriander in mildly onion gravy<\/td>\n<\/tr>\n<tr>\n<td width=\"412\"><em> T\u00f4m l\u1ed9t v\u1ecf n\u1ea5u s\u1ed1t h\u00e0nh t\u00e2y, c\u00e0 chua v\u1edbi ng\u00f2 v\u00e0 \u1edbt<\/em><\/td>\n<\/tr>\n<\/tbody>\n<\/table>\n","protected":false},"featured_media":3247,"template":"","meta":[],"product_brand":[],"product_cat":[226],"product_tag":[],"class_list":{"0":"post-3246","1":"product","2":"type-product","3":"status-publish","4":"has-post-thumbnail","6":"product_cat-cac-mon-tom","8":"first","9":"instock","10":"taxable","11":"shipping-taxable","12":"purchasable","13":"product-type-simple"},"yoast_head":"<!-- This site is optimized with the Yoast SEO Premium plugin v22.3 (Yoast SEO v27.6) - https:\/\/yoast.com\/product\/yoast-seo-premium-wordpress\/ -->\n<title>Jhinga Curry (T\u00d4M N\u1ea4U S\u1ed0T H\u00c0NH T\u00c2Y, C\u00c0 CHUA, NG\u00d2, \u1edaT)<\/title>\n<meta name=\"description\" content=\"T\u00f4m n\u1ea5u s\u1ed1t h\u00e0nh t\u00e2y, c\u00e0 chua, ng\u00f2 v\u00e0 \u1edbt t\u1ea1i Tandoor Vietnam. M\u00f3n \u0103n \u0111\u1eadm \u0111\u00e0 v\u1edbi s\u1ef1 k\u1ebft h\u1ee3p tinh t\u1ebf c\u1ee7a c\u00e1c th\u00e0nh ph\u1ea7n t\u01b0\u01a1i ngon v\u00e0 gia v\u1ecb \u1ea5n t\u01b0\u1ee3ng.\" \/>\n<meta name=\"robots\" content=\"index, follow, max-snippet:-1, max-image-preview:large, max-video-preview:-1\" \/>\n<link rel=\"canonical\" href=\"https:\/\/tandoorvietnam.com\/vi\/sanpham\/cac-mon-tom\/tom-nau-sot-hanh-tay-ca-chua-ngo-ot\/\" \/>\n<meta property=\"og:locale\" content=\"vi_VN\" \/>\n<meta property=\"og:type\" content=\"article\" \/>\n<meta property=\"og:title\" content=\"Jhinga Curry (T\u00d4M N\u1ea4U S\u1ed0T H\u00c0NH T\u00c2Y, C\u00c0 CHUA, NG\u00d2, \u1edaT)\" \/>\n<meta property=\"og:description\" content=\"T\u00f4m n\u1ea5u s\u1ed1t h\u00e0nh t\u00e2y, c\u00e0 chua, ng\u00f2 v\u00e0 \u1edbt t\u1ea1i Tandoor Vietnam. M\u00f3n \u0103n \u0111\u1eadm \u0111\u00e0 v\u1edbi s\u1ef1 k\u1ebft h\u1ee3p tinh t\u1ebf c\u1ee7a c\u00e1c th\u00e0nh ph\u1ea7n t\u01b0\u01a1i ngon v\u00e0 gia v\u1ecb \u1ea5n t\u01b0\u1ee3ng.\" \/>\n<meta property=\"og:url\" content=\"https:\/\/tandoorvietnam.com\/vi\/sanpham\/cac-mon-tom\/tom-nau-sot-hanh-tay-ca-chua-ngo-ot\/\" \/>\n<meta property=\"og:site_name\" content=\"Tandoor Vi\u1ec7t Nam\" \/>\n<meta property=\"article:publisher\" content=\"https:\/\/www.facebook.com\/tandoor.hcmc\/\" \/>\n<meta property=\"article:modified_time\" content=\"2023-05-20T09:38:21+00:00\" \/>\n<meta property=\"og:image\" content=\"https:\/\/tandoorvietnam.com\/wp-content\/uploads\/2020\/06\/Jhinga-curry.jpg\" \/>\n\t<meta property=\"og:image:width\" content=\"800\" \/>\n\t<meta property=\"og:image:height\" content=\"533\" \/>\n\t<meta property=\"og:image:type\" content=\"image\/jpeg\" \/>\n<meta name=\"twitter:card\" content=\"summary_large_image\" \/>\n<meta name=\"twitter:label1\" content=\"Est. reading time\" \/>\n\t<meta name=\"twitter:data1\" content=\"1 minute\" \/>\n<script type=\"application\/ld+json\" class=\"yoast-schema-graph\">{\"@context\":\"https:\\\/\\\/schema.org\",\"@graph\":[{\"@type\":\"WebPage\",\"@id\":\"https:\\\/\\\/tandoorvietnam.com\\\/vi\\\/sanpham\\\/cac-mon-tom\\\/tom-nau-sot-hanh-tay-ca-chua-ngo-ot\\\/\",\"url\":\"https:\\\/\\\/tandoorvietnam.com\\\/vi\\\/sanpham\\\/cac-mon-tom\\\/tom-nau-sot-hanh-tay-ca-chua-ngo-ot\\\/\",\"name\":\"Jhinga Curry (T\u00d4M N\u1ea4U S\u1ed0T H\u00c0NH T\u00c2Y, C\u00c0 CHUA, NG\u00d2, \u1edaT)\",\"isPartOf\":{\"@id\":\"https:\\\/\\\/tandoorvietnam.com\\\/vi\\\/#website\"},\"primaryImageOfPage\":{\"@id\":\"https:\\\/\\\/tandoorvietnam.com\\\/vi\\\/sanpham\\\/cac-mon-tom\\\/tom-nau-sot-hanh-tay-ca-chua-ngo-ot\\\/#primaryimage\"},\"image\":{\"@id\":\"https:\\\/\\\/tandoorvietnam.com\\\/vi\\\/sanpham\\\/cac-mon-tom\\\/tom-nau-sot-hanh-tay-ca-chua-ngo-ot\\\/#primaryimage\"},\"thumbnailUrl\":\"https:\\\/\\\/tandoorvietnam.com\\\/wp-content\\\/uploads\\\/2020\\\/06\\\/Jhinga-curry.jpg\",\"datePublished\":\"2021-04-14T08:16:53+00:00\",\"dateModified\":\"2023-05-20T09:38:21+00:00\",\"description\":\"T\u00f4m n\u1ea5u s\u1ed1t h\u00e0nh t\u00e2y, c\u00e0 chua, ng\u00f2 v\u00e0 \u1edbt t\u1ea1i Tandoor Vietnam. M\u00f3n \u0103n \u0111\u1eadm \u0111\u00e0 v\u1edbi s\u1ef1 k\u1ebft h\u1ee3p tinh t\u1ebf c\u1ee7a c\u00e1c th\u00e0nh ph\u1ea7n t\u01b0\u01a1i ngon v\u00e0 gia v\u1ecb \u1ea5n t\u01b0\u1ee3ng.\",\"breadcrumb\":{\"@id\":\"https:\\\/\\\/tandoorvietnam.com\\\/vi\\\/sanpham\\\/cac-mon-tom\\\/tom-nau-sot-hanh-tay-ca-chua-ngo-ot\\\/#breadcrumb\"},\"inLanguage\":\"vi-VN\",\"potentialAction\":[{\"@type\":\"ReadAction\",\"target\":[\"https:\\\/\\\/tandoorvietnam.com\\\/vi\\\/sanpham\\\/cac-mon-tom\\\/tom-nau-sot-hanh-tay-ca-chua-ngo-ot\\\/\"]}]},{\"@type\":\"ImageObject\",\"inLanguage\":\"vi-VN\",\"@id\":\"https:\\\/\\\/tandoorvietnam.com\\\/vi\\\/sanpham\\\/cac-mon-tom\\\/tom-nau-sot-hanh-tay-ca-chua-ngo-ot\\\/#primaryimage\",\"url\":\"https:\\\/\\\/tandoorvietnam.com\\\/wp-content\\\/uploads\\\/2020\\\/06\\\/Jhinga-curry.jpg\",\"contentUrl\":\"https:\\\/\\\/tandoorvietnam.com\\\/wp-content\\\/uploads\\\/2020\\\/06\\\/Jhinga-curry.jpg\",\"width\":800,\"height\":533,\"caption\":\"T\u00d4M N\u1ea4U S\u1ed0T H\u00c0NH T\u00c2Y, C\u00c0 CHUA, NG\u00d2, \u1edaT\"},{\"@type\":\"BreadcrumbList\",\"@id\":\"https:\\\/\\\/tandoorvietnam.com\\\/vi\\\/sanpham\\\/cac-mon-tom\\\/tom-nau-sot-hanh-tay-ca-chua-ngo-ot\\\/#breadcrumb\",\"itemListElement\":[{\"@type\":\"ListItem\",\"position\":1,\"name\":\"Trang Ch\u1ee7\",\"item\":\"https:\\\/\\\/tandoorvietnam.com\\\/vi\\\/\"},{\"@type\":\"ListItem\",\"position\":2,\"name\":\"Shop\",\"item\":\"https:\\\/\\\/tandoorvietnam.com\\\/shop\\\/\"},{\"@type\":\"ListItem\",\"position\":3,\"name\":\"Jhinga Curry (T\u00d4M N\u1ea4U S\u1ed0T H\u00c0NH T\u00c2Y, C\u00c0 CHUA, NG\u00d2, \u1edaT)\"}]},{\"@type\":\"WebSite\",\"@id\":\"https:\\\/\\\/tandoorvietnam.com\\\/vi\\\/#website\",\"url\":\"https:\\\/\\\/tandoorvietnam.com\\\/vi\\\/\",\"name\":\"Tandoor Vietnam\",\"description\":\"Nh\u00e0 h\u00e0ng ngon h\u1ed3 ch\u00ed minh\",\"publisher\":{\"@id\":\"https:\\\/\\\/tandoorvietnam.com\\\/vi\\\/#organization\"},\"potentialAction\":[{\"@type\":\"SearchAction\",\"target\":{\"@type\":\"EntryPoint\",\"urlTemplate\":\"https:\\\/\\\/tandoorvietnam.com\\\/vi\\\/?s={search_term_string}\"},\"query-input\":{\"@type\":\"PropertyValueSpecification\",\"valueRequired\":true,\"valueName\":\"search_term_string\"}}],\"inLanguage\":\"vi-VN\"},{\"@type\":\"Organization\",\"@id\":\"https:\\\/\\\/tandoorvietnam.com\\\/vi\\\/#organization\",\"name\":\"Tandoor Vietnam\",\"url\":\"https:\\\/\\\/tandoorvietnam.com\\\/vi\\\/\",\"logo\":{\"@type\":\"ImageObject\",\"inLanguage\":\"vi-VN\",\"@id\":\"https:\\\/\\\/tandoorvietnam.com\\\/vi\\\/#\\\/schema\\\/logo\\\/image\\\/\",\"url\":\"https:\\\/\\\/tandoorvietnam.com\\\/wp-content\\\/uploads\\\/2020\\\/07\\\/logo.png\",\"contentUrl\":\"https:\\\/\\\/tandoorvietnam.com\\\/wp-content\\\/uploads\\\/2020\\\/07\\\/logo.png\",\"width\":133,\"height\":75,\"caption\":\"Tandoor Vietnam\"},\"image\":{\"@id\":\"https:\\\/\\\/tandoorvietnam.com\\\/vi\\\/#\\\/schema\\\/logo\\\/image\\\/\"},\"sameAs\":[\"https:\\\/\\\/www.facebook.com\\\/tandoor.hcmc\\\/\"]}]}<\/script>\n<!-- \/ Yoast SEO Premium plugin. -->","yoast_head_json":{"title":"Jhinga Curry (T\u00d4M N\u1ea4U S\u1ed0T H\u00c0NH T\u00c2Y, C\u00c0 CHUA, NG\u00d2, \u1edaT)","description":"T\u00f4m n\u1ea5u s\u1ed1t h\u00e0nh t\u00e2y, c\u00e0 chua, ng\u00f2 v\u00e0 \u1edbt t\u1ea1i Tandoor Vietnam. M\u00f3n \u0103n \u0111\u1eadm \u0111\u00e0 v\u1edbi s\u1ef1 k\u1ebft h\u1ee3p tinh t\u1ebf c\u1ee7a c\u00e1c th\u00e0nh ph\u1ea7n t\u01b0\u01a1i ngon v\u00e0 gia v\u1ecb \u1ea5n t\u01b0\u1ee3ng.","robots":{"index":"index","follow":"follow","max-snippet":"max-snippet:-1","max-image-preview":"max-image-preview:large","max-video-preview":"max-video-preview:-1"},"canonical":"https:\/\/tandoorvietnam.com\/vi\/sanpham\/cac-mon-tom\/tom-nau-sot-hanh-tay-ca-chua-ngo-ot\/","og_locale":"vi_VN","og_type":"article","og_title":"Jhinga Curry (T\u00d4M N\u1ea4U S\u1ed0T H\u00c0NH T\u00c2Y, C\u00c0 CHUA, NG\u00d2, \u1edaT)","og_description":"T\u00f4m n\u1ea5u s\u1ed1t h\u00e0nh t\u00e2y, c\u00e0 chua, ng\u00f2 v\u00e0 \u1edbt t\u1ea1i Tandoor Vietnam. M\u00f3n \u0103n \u0111\u1eadm \u0111\u00e0 v\u1edbi s\u1ef1 k\u1ebft h\u1ee3p tinh t\u1ebf c\u1ee7a c\u00e1c th\u00e0nh ph\u1ea7n t\u01b0\u01a1i ngon v\u00e0 gia v\u1ecb \u1ea5n t\u01b0\u1ee3ng.","og_url":"https:\/\/tandoorvietnam.com\/vi\/sanpham\/cac-mon-tom\/tom-nau-sot-hanh-tay-ca-chua-ngo-ot\/","og_site_name":"Tandoor Vi\u1ec7t Nam","article_publisher":"https:\/\/www.facebook.com\/tandoor.hcmc\/","article_modified_time":"2023-05-20T09:38:21+00:00","og_image":[{"width":800,"height":533,"url":"https:\/\/tandoorvietnam.com\/wp-content\/uploads\/2020\/06\/Jhinga-curry.jpg","type":"image\/jpeg"}],"twitter_card":"summary_large_image","twitter_misc":{"Est. reading time":"1 minute"},"schema":{"@context":"https:\/\/schema.org","@graph":[{"@type":"WebPage","@id":"https:\/\/tandoorvietnam.com\/vi\/sanpham\/cac-mon-tom\/tom-nau-sot-hanh-tay-ca-chua-ngo-ot\/","url":"https:\/\/tandoorvietnam.com\/vi\/sanpham\/cac-mon-tom\/tom-nau-sot-hanh-tay-ca-chua-ngo-ot\/","name":"Jhinga Curry (T\u00d4M N\u1ea4U S\u1ed0T H\u00c0NH T\u00c2Y, C\u00c0 CHUA, NG\u00d2, \u1edaT)","isPartOf":{"@id":"https:\/\/tandoorvietnam.com\/vi\/#website"},"primaryImageOfPage":{"@id":"https:\/\/tandoorvietnam.com\/vi\/sanpham\/cac-mon-tom\/tom-nau-sot-hanh-tay-ca-chua-ngo-ot\/#primaryimage"},"image":{"@id":"https:\/\/tandoorvietnam.com\/vi\/sanpham\/cac-mon-tom\/tom-nau-sot-hanh-tay-ca-chua-ngo-ot\/#primaryimage"},"thumbnailUrl":"https:\/\/tandoorvietnam.com\/wp-content\/uploads\/2020\/06\/Jhinga-curry.jpg","datePublished":"2021-04-14T08:16:53+00:00","dateModified":"2023-05-20T09:38:21+00:00","description":"T\u00f4m n\u1ea5u s\u1ed1t h\u00e0nh t\u00e2y, c\u00e0 chua, ng\u00f2 v\u00e0 \u1edbt t\u1ea1i Tandoor Vietnam. M\u00f3n \u0103n \u0111\u1eadm \u0111\u00e0 v\u1edbi s\u1ef1 k\u1ebft h\u1ee3p tinh t\u1ebf c\u1ee7a c\u00e1c th\u00e0nh ph\u1ea7n t\u01b0\u01a1i ngon v\u00e0 gia v\u1ecb \u1ea5n t\u01b0\u1ee3ng.","breadcrumb":{"@id":"https:\/\/tandoorvietnam.com\/vi\/sanpham\/cac-mon-tom\/tom-nau-sot-hanh-tay-ca-chua-ngo-ot\/#breadcrumb"},"inLanguage":"vi-VN","potentialAction":[{"@type":"ReadAction","target":["https:\/\/tandoorvietnam.com\/vi\/sanpham\/cac-mon-tom\/tom-nau-sot-hanh-tay-ca-chua-ngo-ot\/"]}]},{"@type":"ImageObject","inLanguage":"vi-VN","@id":"https:\/\/tandoorvietnam.com\/vi\/sanpham\/cac-mon-tom\/tom-nau-sot-hanh-tay-ca-chua-ngo-ot\/#primaryimage","url":"https:\/\/tandoorvietnam.com\/wp-content\/uploads\/2020\/06\/Jhinga-curry.jpg","contentUrl":"https:\/\/tandoorvietnam.com\/wp-content\/uploads\/2020\/06\/Jhinga-curry.jpg","width":800,"height":533,"caption":"T\u00d4M N\u1ea4U S\u1ed0T H\u00c0NH T\u00c2Y, C\u00c0 CHUA, NG\u00d2, \u1edaT"},{"@type":"BreadcrumbList","@id":"https:\/\/tandoorvietnam.com\/vi\/sanpham\/cac-mon-tom\/tom-nau-sot-hanh-tay-ca-chua-ngo-ot\/#breadcrumb","itemListElement":[{"@type":"ListItem","position":1,"name":"Trang Ch\u1ee7","item":"https:\/\/tandoorvietnam.com\/vi\/"},{"@type":"ListItem","position":2,"name":"Shop","item":"https:\/\/tandoorvietnam.com\/shop\/"},{"@type":"ListItem","position":3,"name":"Jhinga Curry (T\u00d4M N\u1ea4U S\u1ed0T H\u00c0NH T\u00c2Y, C\u00c0 CHUA, NG\u00d2, \u1edaT)"}]},{"@type":"WebSite","@id":"https:\/\/tandoorvietnam.com\/vi\/#website","url":"https:\/\/tandoorvietnam.com\/vi\/","name":"Tandoor Vietnam","description":"Nh\u00e0 h\u00e0ng ngon h\u1ed3 ch\u00ed minh","publisher":{"@id":"https:\/\/tandoorvietnam.com\/vi\/#organization"},"potentialAction":[{"@type":"SearchAction","target":{"@type":"EntryPoint","urlTemplate":"https:\/\/tandoorvietnam.com\/vi\/?s={search_term_string}"},"query-input":{"@type":"PropertyValueSpecification","valueRequired":true,"valueName":"search_term_string"}}],"inLanguage":"vi-VN"},{"@type":"Organization","@id":"https:\/\/tandoorvietnam.com\/vi\/#organization","name":"Tandoor Vietnam","url":"https:\/\/tandoorvietnam.com\/vi\/","logo":{"@type":"ImageObject","inLanguage":"vi-VN","@id":"https:\/\/tandoorvietnam.com\/vi\/#\/schema\/logo\/image\/","url":"https:\/\/tandoorvietnam.com\/wp-content\/uploads\/2020\/07\/logo.png","contentUrl":"https:\/\/tandoorvietnam.com\/wp-content\/uploads\/2020\/07\/logo.png","width":133,"height":75,"caption":"Tandoor Vietnam"},"image":{"@id":"https:\/\/tandoorvietnam.com\/vi\/#\/schema\/logo\/image\/"},"sameAs":["https:\/\/www.facebook.com\/tandoor.hcmc\/"]}]}},"_links":{"self":[{"href":"https:\/\/tandoorvietnam.com\/vi\/wp-json\/wp\/v2\/product\/3246","targetHints":{"allow":["GET"]}}],"collection":[{"href":"https:\/\/tandoorvietnam.com\/vi\/wp-json\/wp\/v2\/product"}],"about":[{"href":"https:\/\/tandoorvietnam.com\/vi\/wp-json\/wp\/v2\/types\/product"}],"wp:featuredmedia":[{"embeddable":true,"href":"https:\/\/tandoorvietnam.com\/vi\/wp-json\/wp\/v2\/media\/3247"}],"wp:attachment":[{"href":"https:\/\/tandoorvietnam.com\/vi\/wp-json\/wp\/v2\/media?parent=3246"}],"wp:term":[{"taxonomy":"product_brand","embeddable":true,"href":"https:\/\/tandoorvietnam.com\/vi\/wp-json\/wp\/v2\/product_brand?post=3246"},{"taxonomy":"product_cat","embeddable":true,"href":"https:\/\/tandoorvietnam.com\/vi\/wp-json\/wp\/v2\/product_cat?post=3246"},{"taxonomy":"product_tag","embeddable":true,"href":"https:\/\/tandoorvietnam.com\/vi\/wp-json\/wp\/v2\/product_tag?post=3246"}],"curies":[{"name":"wp","href":"https:\/\/api.w.org\/{rel}","templated":true}]}}