{"id":3248,"date":"2020-06-20T14:07:10","date_gmt":"2020-06-20T14:07:10","guid":{"rendered":"http:\/\/tandoorvietnam.com\/product\/uncategorized\/tom-nau-khoai-tay-va-sot-gia-vi-cay\/"},"modified":"2025-10-16T16:58:31","modified_gmt":"2025-10-16T09:58:31","slug":"tom-nau-khoai-tay-va-sot-gia-vi-cay","status":"publish","type":"product","link":"https:\/\/tandoorvietnam.com\/vi\/sanpham\/cac-mon-tom\/tom-nau-khoai-tay-va-sot-gia-vi-cay\/","title":{"rendered":"Jhinga Vindaloo (T\u00d4M N\u1ea4U KHOAI T\u00c2Y V\u00c0 S\u1ed0T GIA V\u1eca CAY)"},"content":{"rendered":"<p>T\u00f4m n\u1ea5u c\u00f9ng khoai t\u00e2y v\u00e0 s\u1ed1t gia v\u1ecb cay l\u00e0 m\u1ed9t trong nh\u1eefng m\u00f3n \u0103n \u0111\u1eb7c s\u1eafc c\u1ee7a \u1ea4n \u0110\u1ed9. T\u1ea1i Tandoor Vietnam, ch\u00fang t\u00f4i s\u1eed d\u1ee5ng t\u00f4m t\u01b0\u01a1i, khoai t\u00e2y t\u01b0\u01a1i v\u00e0 c\u00e1c lo\u1ea1i gia v\u1ecb tinh ch\u1ebf \u0111\u1ec3 t\u1ea1o n\u00ean m\u00f3n \u0103n \u0111\u1eadm \u0111\u00e0 h\u01b0\u01a1ng v\u1ecb n\u00e0y.<\/p>\n<p>T\u00f4m n\u1ea5u c\u00f9ng khoai t\u00e2y s\u1ebd gi\u00fap b\u1ea1n c\u1ea3m nh\u1eadn \u0111\u01b0\u1ee3c v\u1ecb ng\u1ecdt c\u1ee7a t\u00f4m v\u00e0 khoai t\u00e2y, k\u1ebft h\u1ee3p v\u1edbi v\u1ecb cay, th\u01a1m c\u1ee7a gia v\u1ecb. N\u1ebfu b\u1ea1n l\u00e0 ng\u01b0\u1eddi th\u00edch \u0103n cay, h\u00e3y c\u00f9ng th\u1eed m\u00f3n \u0103n n\u00e0y v\u00ec ch\u00fang t\u00f4i s\u1eed d\u1ee5ng c\u00e1c lo\u1ea1i gia v\u1ecb \u0111\u1eb7c bi\u1ec7t \u0111\u1ec3 t\u0103ng c\u01b0\u1eddng v\u1ecb cay v\u00e0 m\u00f9i th\u01a1m. \u0110\u1eb7c bi\u1ec7t, s\u1ed1t gia v\u1ecb cay c\u00f9ng v\u1edbi khoai t\u00e2y s\u1ebd l\u00e0m m\u00f3n \u0103n tr\u1edf n\u00ean th\u00eam ph\u1ea7n \u0111\u1eadm \u0111\u00e0 v\u00e0 h\u1ea5p d\u1eabn.<\/p>\n<p>Jhinga Vindaloo l\u00e0 m\u00f3n \u0103n ho\u00e0n h\u1ea3o \u0111\u1ec3 \u0103n k\u00e8m v\u1edbi c\u01a1m ho\u1eb7c b\u00e1nh m\u00ec n\u01b0\u1edbng gi\u00f2n. M\u00f3n \u0103n n\u00e0y c\u0169ng ph\u00f9 h\u1ee3p v\u1edbi nh\u1eefng bu\u1ed5i ti\u1ec7c t\u00f9ng ho\u1eb7c c\u00f9ng b\u1ea1n b\u00e8 th\u01b0\u1edfng th\u1ee9c trong kh\u00f4ng gian \u1ea5m c\u00fang c\u1ee7a Tandoor Vietnam.<\/p>\n<p>H\u00e3y \u0111\u1ebfn v\u1edbi <a href=\"https:\/\/tandoorvietnam.com\/vi\/\">nh\u00e0 h\u00e0ng Tandoor Vietnam<\/a> \u0111\u1ec3 th\u01b0\u1edfng th\u1ee9c m\u00f3n t\u00f4m n\u1ea5u c\u00f9ng khoai t\u00e2y v\u00e0 s\u1ed1t gia v\u1ecb cay ngay h\u00f4m nay. Ch\u00fang t\u00f4i cam k\u1ebft mang \u0111\u1ebfn cho b\u1ea1n tr\u1ea3i nghi\u1ec7m \u1ea9m th\u1ef1c \u1ea4n \u0110\u1ed9 tuy\u1ec7t v\u1eddi nh\u1ea5t!<\/p>\n","protected":false},"excerpt":{"rendered":"<table width=\"723\">\n<tbody>\n<tr>\n<td width=\"412\">Prawn cooked in a <strong><br \/>\n  <u>spicy<\/u><br \/>\n<\/strong> \u201cVindaloo\u201d gravy<\/td>\n<\/tr>\n<tr>\n<td width=\"412\"><em>T\u00f4m l\u1ed9t v\u1ecf n\u1ea5u v\u1edbi s\u1ed1t gia v\u1ecb cay v\u00e0 khoai t\u00e2y \u2013<strong><br \/>\n  <u>r\u1ea5t cay!!!<\/u><br \/>\n<\/strong><\/em><\/td>\n<\/tr>\n<\/tbody>\n<\/table>\n","protected":false},"featured_media":3249,"template":"","meta":[],"product_brand":[],"product_cat":[226],"product_tag":[],"class_list":{"0":"post-3248","1":"product","2":"type-product","3":"status-publish","4":"has-post-thumbnail","6":"product_cat-cac-mon-tom","8":"first","9":"instock","10":"taxable","11":"shipping-taxable","12":"purchasable","13":"product-type-simple"},"yoast_head":"<!-- This site is optimized with the Yoast SEO Premium plugin v22.3 (Yoast SEO v27.4) - https:\/\/yoast.com\/product\/yoast-seo-premium-wordpress\/ -->\n<title>Jhinga Vindaloo (T\u00d4M N\u1ea4U KHOAI T\u00c2Y V\u00c0 S\u1ed0T GIA V\u1eca CAY)<\/title>\n<meta name=\"description\" content=\"T\u00f4m n\u1ea5u c\u00f9ng khoai t\u00e2y v\u00e0 s\u1ed1t gia v\u1ecb cay \u0111\u1eadm \u0111\u00e0 t\u1ea1i nh\u00e0 h\u00e0ng Tandoor Vietnam. Th\u01b0\u1edfng th\u1ee9c m\u00f3n \u0103n ngon tuy\u1ec7t v\u1eddi n\u00e0y ngay h\u00f4m nay.\" \/>\n<meta name=\"robots\" content=\"index, follow, max-snippet:-1, max-image-preview:large, max-video-preview:-1\" \/>\n<link rel=\"canonical\" href=\"https:\/\/tandoorvietnam.com\/vi\/sanpham\/cac-mon-tom\/tom-nau-khoai-tay-va-sot-gia-vi-cay\/\" \/>\n<meta property=\"og:locale\" content=\"vi_VN\" \/>\n<meta property=\"og:type\" content=\"article\" \/>\n<meta property=\"og:title\" content=\"Jhinga Vindaloo (T\u00d4M N\u1ea4U KHOAI T\u00c2Y V\u00c0 S\u1ed0T GIA V\u1eca CAY)\" \/>\n<meta property=\"og:description\" content=\"T\u00f4m n\u1ea5u c\u00f9ng khoai t\u00e2y v\u00e0 s\u1ed1t gia v\u1ecb cay \u0111\u1eadm \u0111\u00e0 t\u1ea1i nh\u00e0 h\u00e0ng Tandoor Vietnam. Th\u01b0\u1edfng th\u1ee9c m\u00f3n \u0103n ngon tuy\u1ec7t v\u1eddi n\u00e0y ngay h\u00f4m nay.\" \/>\n<meta property=\"og:url\" content=\"https:\/\/tandoorvietnam.com\/vi\/sanpham\/cac-mon-tom\/tom-nau-khoai-tay-va-sot-gia-vi-cay\/\" \/>\n<meta property=\"og:site_name\" content=\"Tandoor Vi\u1ec7t Nam\" \/>\n<meta property=\"article:publisher\" content=\"https:\/\/www.facebook.com\/tandoor.hcmc\/\" \/>\n<meta property=\"article:modified_time\" content=\"2025-10-16T09:58:31+00:00\" \/>\n<meta property=\"og:image\" content=\"https:\/\/tandoorvietnam.com\/wp-content\/uploads\/2020\/06\/Jingga-Vindaloo.jpg\" \/>\n\t<meta property=\"og:image:width\" content=\"800\" \/>\n\t<meta property=\"og:image:height\" content=\"800\" \/>\n\t<meta property=\"og:image:type\" content=\"image\/jpeg\" \/>\n<meta name=\"twitter:card\" content=\"summary_large_image\" \/>\n<meta name=\"twitter:label1\" content=\"Est. reading time\" \/>\n\t<meta name=\"twitter:data1\" content=\"1 minute\" \/>\n<script type=\"application\/ld+json\" class=\"yoast-schema-graph\">{\"@context\":\"https:\\\/\\\/schema.org\",\"@graph\":[{\"@type\":\"WebPage\",\"@id\":\"https:\\\/\\\/tandoorvietnam.com\\\/vi\\\/sanpham\\\/cac-mon-tom\\\/tom-nau-khoai-tay-va-sot-gia-vi-cay\\\/\",\"url\":\"https:\\\/\\\/tandoorvietnam.com\\\/vi\\\/sanpham\\\/cac-mon-tom\\\/tom-nau-khoai-tay-va-sot-gia-vi-cay\\\/\",\"name\":\"Jhinga Vindaloo (T\u00d4M N\u1ea4U KHOAI T\u00c2Y V\u00c0 S\u1ed0T GIA V\u1eca CAY)\",\"isPartOf\":{\"@id\":\"https:\\\/\\\/tandoorvietnam.com\\\/vi\\\/#website\"},\"primaryImageOfPage\":{\"@id\":\"https:\\\/\\\/tandoorvietnam.com\\\/vi\\\/sanpham\\\/cac-mon-tom\\\/tom-nau-khoai-tay-va-sot-gia-vi-cay\\\/#primaryimage\"},\"image\":{\"@id\":\"https:\\\/\\\/tandoorvietnam.com\\\/vi\\\/sanpham\\\/cac-mon-tom\\\/tom-nau-khoai-tay-va-sot-gia-vi-cay\\\/#primaryimage\"},\"thumbnailUrl\":\"https:\\\/\\\/tandoorvietnam.com\\\/wp-content\\\/uploads\\\/2020\\\/06\\\/Jingga-Vindaloo.jpg\",\"datePublished\":\"2020-06-20T14:07:10+00:00\",\"dateModified\":\"2025-10-16T09:58:31+00:00\",\"description\":\"T\u00f4m n\u1ea5u c\u00f9ng khoai t\u00e2y v\u00e0 s\u1ed1t gia v\u1ecb cay \u0111\u1eadm \u0111\u00e0 t\u1ea1i nh\u00e0 h\u00e0ng Tandoor Vietnam. Th\u01b0\u1edfng th\u1ee9c m\u00f3n \u0103n ngon tuy\u1ec7t v\u1eddi n\u00e0y ngay h\u00f4m nay.\",\"breadcrumb\":{\"@id\":\"https:\\\/\\\/tandoorvietnam.com\\\/vi\\\/sanpham\\\/cac-mon-tom\\\/tom-nau-khoai-tay-va-sot-gia-vi-cay\\\/#breadcrumb\"},\"inLanguage\":\"vi-VN\",\"potentialAction\":[{\"@type\":\"ReadAction\",\"target\":[\"https:\\\/\\\/tandoorvietnam.com\\\/vi\\\/sanpham\\\/cac-mon-tom\\\/tom-nau-khoai-tay-va-sot-gia-vi-cay\\\/\"]}]},{\"@type\":\"ImageObject\",\"inLanguage\":\"vi-VN\",\"@id\":\"https:\\\/\\\/tandoorvietnam.com\\\/vi\\\/sanpham\\\/cac-mon-tom\\\/tom-nau-khoai-tay-va-sot-gia-vi-cay\\\/#primaryimage\",\"url\":\"https:\\\/\\\/tandoorvietnam.com\\\/wp-content\\\/uploads\\\/2020\\\/06\\\/Jingga-Vindaloo.jpg\",\"contentUrl\":\"https:\\\/\\\/tandoorvietnam.com\\\/wp-content\\\/uploads\\\/2020\\\/06\\\/Jingga-Vindaloo.jpg\",\"width\":800,\"height\":800,\"caption\":\"T\u00d4M N\u1ea4U KHOAI T\u00c2Y V\u00c0 S\u1ed0T GIA V\u1eca CAY\"},{\"@type\":\"BreadcrumbList\",\"@id\":\"https:\\\/\\\/tandoorvietnam.com\\\/vi\\\/sanpham\\\/cac-mon-tom\\\/tom-nau-khoai-tay-va-sot-gia-vi-cay\\\/#breadcrumb\",\"itemListElement\":[{\"@type\":\"ListItem\",\"position\":1,\"name\":\"Trang Ch\u1ee7\",\"item\":\"https:\\\/\\\/tandoorvietnam.com\\\/vi\\\/\"},{\"@type\":\"ListItem\",\"position\":2,\"name\":\"Shop\",\"item\":\"https:\\\/\\\/tandoorvietnam.com\\\/shop\\\/\"},{\"@type\":\"ListItem\",\"position\":3,\"name\":\"Jhinga Vindaloo (T\u00d4M N\u1ea4U KHOAI T\u00c2Y V\u00c0 S\u1ed0T GIA V\u1eca CAY)\"}]},{\"@type\":\"WebSite\",\"@id\":\"https:\\\/\\\/tandoorvietnam.com\\\/vi\\\/#website\",\"url\":\"https:\\\/\\\/tandoorvietnam.com\\\/vi\\\/\",\"name\":\"Tandoor Vietnam\",\"description\":\"Nh\u00e0 h\u00e0ng ngon h\u1ed3 ch\u00ed minh\",\"publisher\":{\"@id\":\"https:\\\/\\\/tandoorvietnam.com\\\/vi\\\/#organization\"},\"potentialAction\":[{\"@type\":\"SearchAction\",\"target\":{\"@type\":\"EntryPoint\",\"urlTemplate\":\"https:\\\/\\\/tandoorvietnam.com\\\/vi\\\/?s={search_term_string}\"},\"query-input\":{\"@type\":\"PropertyValueSpecification\",\"valueRequired\":true,\"valueName\":\"search_term_string\"}}],\"inLanguage\":\"vi-VN\"},{\"@type\":\"Organization\",\"@id\":\"https:\\\/\\\/tandoorvietnam.com\\\/vi\\\/#organization\",\"name\":\"Tandoor Vietnam\",\"url\":\"https:\\\/\\\/tandoorvietnam.com\\\/vi\\\/\",\"logo\":{\"@type\":\"ImageObject\",\"inLanguage\":\"vi-VN\",\"@id\":\"https:\\\/\\\/tandoorvietnam.com\\\/vi\\\/#\\\/schema\\\/logo\\\/image\\\/\",\"url\":\"https:\\\/\\\/tandoorvietnam.com\\\/wp-content\\\/uploads\\\/2020\\\/07\\\/logo.png\",\"contentUrl\":\"https:\\\/\\\/tandoorvietnam.com\\\/wp-content\\\/uploads\\\/2020\\\/07\\\/logo.png\",\"width\":133,\"height\":75,\"caption\":\"Tandoor Vietnam\"},\"image\":{\"@id\":\"https:\\\/\\\/tandoorvietnam.com\\\/vi\\\/#\\\/schema\\\/logo\\\/image\\\/\"},\"sameAs\":[\"https:\\\/\\\/www.facebook.com\\\/tandoor.hcmc\\\/\"]}]}<\/script>\n<!-- \/ Yoast SEO Premium plugin. -->","yoast_head_json":{"title":"Jhinga Vindaloo (T\u00d4M N\u1ea4U KHOAI T\u00c2Y V\u00c0 S\u1ed0T GIA V\u1eca CAY)","description":"T\u00f4m n\u1ea5u c\u00f9ng khoai t\u00e2y v\u00e0 s\u1ed1t gia v\u1ecb cay \u0111\u1eadm \u0111\u00e0 t\u1ea1i nh\u00e0 h\u00e0ng Tandoor Vietnam. Th\u01b0\u1edfng th\u1ee9c m\u00f3n \u0103n ngon tuy\u1ec7t v\u1eddi n\u00e0y ngay h\u00f4m nay.","robots":{"index":"index","follow":"follow","max-snippet":"max-snippet:-1","max-image-preview":"max-image-preview:large","max-video-preview":"max-video-preview:-1"},"canonical":"https:\/\/tandoorvietnam.com\/vi\/sanpham\/cac-mon-tom\/tom-nau-khoai-tay-va-sot-gia-vi-cay\/","og_locale":"vi_VN","og_type":"article","og_title":"Jhinga Vindaloo (T\u00d4M N\u1ea4U KHOAI T\u00c2Y V\u00c0 S\u1ed0T GIA V\u1eca CAY)","og_description":"T\u00f4m n\u1ea5u c\u00f9ng khoai t\u00e2y v\u00e0 s\u1ed1t gia v\u1ecb cay \u0111\u1eadm \u0111\u00e0 t\u1ea1i nh\u00e0 h\u00e0ng Tandoor Vietnam. Th\u01b0\u1edfng th\u1ee9c m\u00f3n \u0103n ngon tuy\u1ec7t v\u1eddi n\u00e0y ngay h\u00f4m nay.","og_url":"https:\/\/tandoorvietnam.com\/vi\/sanpham\/cac-mon-tom\/tom-nau-khoai-tay-va-sot-gia-vi-cay\/","og_site_name":"Tandoor Vi\u1ec7t Nam","article_publisher":"https:\/\/www.facebook.com\/tandoor.hcmc\/","article_modified_time":"2025-10-16T09:58:31+00:00","og_image":[{"width":800,"height":800,"url":"https:\/\/tandoorvietnam.com\/wp-content\/uploads\/2020\/06\/Jingga-Vindaloo.jpg","type":"image\/jpeg"}],"twitter_card":"summary_large_image","twitter_misc":{"Est. reading time":"1 minute"},"schema":{"@context":"https:\/\/schema.org","@graph":[{"@type":"WebPage","@id":"https:\/\/tandoorvietnam.com\/vi\/sanpham\/cac-mon-tom\/tom-nau-khoai-tay-va-sot-gia-vi-cay\/","url":"https:\/\/tandoorvietnam.com\/vi\/sanpham\/cac-mon-tom\/tom-nau-khoai-tay-va-sot-gia-vi-cay\/","name":"Jhinga Vindaloo (T\u00d4M N\u1ea4U KHOAI T\u00c2Y V\u00c0 S\u1ed0T GIA V\u1eca CAY)","isPartOf":{"@id":"https:\/\/tandoorvietnam.com\/vi\/#website"},"primaryImageOfPage":{"@id":"https:\/\/tandoorvietnam.com\/vi\/sanpham\/cac-mon-tom\/tom-nau-khoai-tay-va-sot-gia-vi-cay\/#primaryimage"},"image":{"@id":"https:\/\/tandoorvietnam.com\/vi\/sanpham\/cac-mon-tom\/tom-nau-khoai-tay-va-sot-gia-vi-cay\/#primaryimage"},"thumbnailUrl":"https:\/\/tandoorvietnam.com\/wp-content\/uploads\/2020\/06\/Jingga-Vindaloo.jpg","datePublished":"2020-06-20T14:07:10+00:00","dateModified":"2025-10-16T09:58:31+00:00","description":"T\u00f4m n\u1ea5u c\u00f9ng khoai t\u00e2y v\u00e0 s\u1ed1t gia v\u1ecb cay \u0111\u1eadm \u0111\u00e0 t\u1ea1i nh\u00e0 h\u00e0ng Tandoor Vietnam. Th\u01b0\u1edfng th\u1ee9c m\u00f3n \u0103n ngon tuy\u1ec7t v\u1eddi n\u00e0y ngay h\u00f4m nay.","breadcrumb":{"@id":"https:\/\/tandoorvietnam.com\/vi\/sanpham\/cac-mon-tom\/tom-nau-khoai-tay-va-sot-gia-vi-cay\/#breadcrumb"},"inLanguage":"vi-VN","potentialAction":[{"@type":"ReadAction","target":["https:\/\/tandoorvietnam.com\/vi\/sanpham\/cac-mon-tom\/tom-nau-khoai-tay-va-sot-gia-vi-cay\/"]}]},{"@type":"ImageObject","inLanguage":"vi-VN","@id":"https:\/\/tandoorvietnam.com\/vi\/sanpham\/cac-mon-tom\/tom-nau-khoai-tay-va-sot-gia-vi-cay\/#primaryimage","url":"https:\/\/tandoorvietnam.com\/wp-content\/uploads\/2020\/06\/Jingga-Vindaloo.jpg","contentUrl":"https:\/\/tandoorvietnam.com\/wp-content\/uploads\/2020\/06\/Jingga-Vindaloo.jpg","width":800,"height":800,"caption":"T\u00d4M N\u1ea4U KHOAI T\u00c2Y V\u00c0 S\u1ed0T GIA V\u1eca CAY"},{"@type":"BreadcrumbList","@id":"https:\/\/tandoorvietnam.com\/vi\/sanpham\/cac-mon-tom\/tom-nau-khoai-tay-va-sot-gia-vi-cay\/#breadcrumb","itemListElement":[{"@type":"ListItem","position":1,"name":"Trang Ch\u1ee7","item":"https:\/\/tandoorvietnam.com\/vi\/"},{"@type":"ListItem","position":2,"name":"Shop","item":"https:\/\/tandoorvietnam.com\/shop\/"},{"@type":"ListItem","position":3,"name":"Jhinga Vindaloo (T\u00d4M N\u1ea4U KHOAI T\u00c2Y V\u00c0 S\u1ed0T GIA V\u1eca CAY)"}]},{"@type":"WebSite","@id":"https:\/\/tandoorvietnam.com\/vi\/#website","url":"https:\/\/tandoorvietnam.com\/vi\/","name":"Tandoor Vietnam","description":"Nh\u00e0 h\u00e0ng ngon h\u1ed3 ch\u00ed minh","publisher":{"@id":"https:\/\/tandoorvietnam.com\/vi\/#organization"},"potentialAction":[{"@type":"SearchAction","target":{"@type":"EntryPoint","urlTemplate":"https:\/\/tandoorvietnam.com\/vi\/?s={search_term_string}"},"query-input":{"@type":"PropertyValueSpecification","valueRequired":true,"valueName":"search_term_string"}}],"inLanguage":"vi-VN"},{"@type":"Organization","@id":"https:\/\/tandoorvietnam.com\/vi\/#organization","name":"Tandoor Vietnam","url":"https:\/\/tandoorvietnam.com\/vi\/","logo":{"@type":"ImageObject","inLanguage":"vi-VN","@id":"https:\/\/tandoorvietnam.com\/vi\/#\/schema\/logo\/image\/","url":"https:\/\/tandoorvietnam.com\/wp-content\/uploads\/2020\/07\/logo.png","contentUrl":"https:\/\/tandoorvietnam.com\/wp-content\/uploads\/2020\/07\/logo.png","width":133,"height":75,"caption":"Tandoor Vietnam"},"image":{"@id":"https:\/\/tandoorvietnam.com\/vi\/#\/schema\/logo\/image\/"},"sameAs":["https:\/\/www.facebook.com\/tandoor.hcmc\/"]}]}},"_links":{"self":[{"href":"https:\/\/tandoorvietnam.com\/vi\/wp-json\/wp\/v2\/product\/3248","targetHints":{"allow":["GET"]}}],"collection":[{"href":"https:\/\/tandoorvietnam.com\/vi\/wp-json\/wp\/v2\/product"}],"about":[{"href":"https:\/\/tandoorvietnam.com\/vi\/wp-json\/wp\/v2\/types\/product"}],"wp:featuredmedia":[{"embeddable":true,"href":"https:\/\/tandoorvietnam.com\/vi\/wp-json\/wp\/v2\/media\/3249"}],"wp:attachment":[{"href":"https:\/\/tandoorvietnam.com\/vi\/wp-json\/wp\/v2\/media?parent=3248"}],"wp:term":[{"taxonomy":"product_brand","embeddable":true,"href":"https:\/\/tandoorvietnam.com\/vi\/wp-json\/wp\/v2\/product_brand?post=3248"},{"taxonomy":"product_cat","embeddable":true,"href":"https:\/\/tandoorvietnam.com\/vi\/wp-json\/wp\/v2\/product_cat?post=3248"},{"taxonomy":"product_tag","embeddable":true,"href":"https:\/\/tandoorvietnam.com\/vi\/wp-json\/wp\/v2\/product_tag?post=3248"}],"curies":[{"name":"wp","href":"https:\/\/api.w.org\/{rel}","templated":true}]}}