{"id":3252,"date":"2020-06-20T12:24:42","date_gmt":"2021-04-14T08:46:14","guid":{"rendered":"http:\/\/tandoorvietnam.com\/product\/uncategorized\/ga-rut-xuong-nau-kho-voi-hanh-tay-ot-chuong-gia-vi-cay\/"},"modified":"2023-05-11T04:30:34","modified_gmt":"2023-05-11T04:30:34","slug":"ga-rut-xuong-nau-kho-voi-hanh-tay-ot-chuong-gia-vi-cay","status":"publish","type":"product","link":"https:\/\/tandoorvietnam.com\/vi\/sanpham\/cac-mon-ga\/ga-rut-xuong-nau-kho-voi-hanh-tay-ot-chuong-gia-vi-cay\/","title":{"rendered":"Andra Chilli Chicken (G\u00c0 R\u00daT X\u01af\u01a0NG N\u1ea4U KH\u00d4 V\u1edaI H\u00c0NH T\u00c2Y, \u1edaT CHU\u00d4NG, GIA V\u1eca CAY)"},"content":{"rendered":"<div class=\"flex-1 overflow-hidden\">\n<div class=\"react-scroll-to-bottom--css-zloai-79elbk h-full dark:bg-gray-800\">\n<div class=\"react-scroll-to-bottom--css-zloai-1n7m0yu\">\n<div class=\"flex flex-col items-center text-sm dark:bg-gray-800\">\n<div class=\"group w-full text-gray-800 dark:text-gray-100 border-b border-black\/10 dark:border-gray-900\/50 bg-gray-50 dark:bg-[#444654]\">\n<div class=\"flex p-4 gap-4 text-base md:gap-6 md:max-w-2xl lg:max-w-xl xl:max-w-3xl md:py-6 lg:px-0 m-auto\">\n<div class=\"relative flex flex-col w-[calc(100%-50px)] gap-1 md:gap-3 lg:w-[calc(100%-115px)]\">\n<div class=\"flex flex-grow flex-col gap-3\">\n<div class=\"min-h-[20px] flex flex-col items-start gap-4 whitespace-pre-wrap break-words\">\n<div class=\"markdown prose w-full break-words dark:prose-invert light\">\n<p>G\u00e0 r\u00fat x\u01b0\u01a1ng n\u1ea5u kh\u00f4 v\u1edbi h\u00e0nh t\u00e2y, \u1edbt chu\u00f4ng xanh v\u00e0 l\u00e1 cari l\u00e0 m\u00f3n \u0103n \u0111\u1eb7c tr\u01b0ng c\u1ee7a \u1ea4n \u0110\u1ed9 v\u00e0 \u0111\u01b0\u1ee3c y\u00eau th\u00edch t\u1ea1i Tandoor Vietnam. M\u00f3n \u0103n n\u00e0y \u0111\u01b0\u1ee3c ch\u1ebf bi\u1ebfn t\u1eeb g\u00e0 t\u01b0\u01a1i, \u0111\u01b0\u1ee3c r\u00fat x\u01b0\u01a1ng v\u00e0 c\u1eaft kh\u00fac, sau \u0111\u00f3 \u0111\u01b0\u1ee3c n\u1ea5u v\u1edbi h\u00e0nh t\u00e2y, \u1edbt chu\u00f4ng xanh v\u00e0 l\u00e1 cari, t\u1ea1o n\u00ean h\u01b0\u01a1ng v\u1ecb \u0111\u1eadm \u0111\u00e0 v\u00e0 \u0111\u1ea7y cay n\u1ed3ng.<\/p>\n<p>H\u00e0nh t\u00e2y \u0111\u01b0\u1ee3c s\u1eed d\u1ee5ng trong m\u00f3n \u0103n n\u00e0y \u0111\u1ec3 t\u0103ng c\u01b0\u1eddng h\u01b0\u01a1ng v\u1ecb ng\u1ecdt c\u1ee7a g\u00e0, c\u00f2n \u1edbt chu\u00f4ng xanh \u0111\u01b0\u1ee3c s\u1eed d\u1ee5ng \u0111\u1ec3 t\u0103ng th\u00eam v\u1ecb gi\u00f2n v\u00e0 cung c\u1ea5p \u0111\u1ed9 cay tinh t\u1ebf. L\u00e1 cari, m\u1ed9t lo\u1ea1i gia v\u1ecb ph\u1ed5 bi\u1ebfn trong \u1ea9m th\u1ef1c \u1ea4n \u0110\u1ed9, t\u1ea1o n\u00ean h\u01b0\u01a1ng v\u1ecb \u0111\u1eb7c tr\u01b0ng v\u00e0 gi\u00fap c\u00e2n b\u1eb1ng h\u01b0\u01a1ng v\u1ecb c\u1ee7a m\u00f3n \u0103n.<\/p>\n<p>M\u00f3n \u0103n n\u00e0y th\u01b0\u1eddng \u0111\u01b0\u1ee3c \u0103n k\u00e8m v\u1edbi c\u01a1m, b\u00e1nh m\u00ec ho\u1eb7c b\u00e1nh naan. Tuy nhi\u00ean, n\u1ebfu b\u1ea1n mu\u1ed1n tr\u1ea3i nghi\u1ec7m m\u00f3n \u0103n n\u00e0y theo c\u00e1ch c\u1ee7a ri\u00eang m\u00ecnh, b\u1ea1n c\u00f3 th\u1ec3 \u0103n k\u00e8m v\u1edbi rau x\u00e0 l\u00e1ch ho\u1eb7c n\u01b0\u1edbc s\u1ed1t c\u00e0 chua \u0111\u1ec3 t\u1ea1o ra s\u1ef1 c\u00e2n b\u1eb1ng ho\u00e0n h\u1ea3o cho h\u01b0\u01a1ng v\u1ecb c\u1ee7a m\u00f3n \u0103n.<\/p>\n<p>T\u1ea5t c\u1ea3 c\u00e1c nguy\u00ean li\u1ec7u \u0111\u01b0\u1ee3c s\u1eed d\u1ee5ng \u0111\u1ec3 ch\u1ebf bi\u1ebfn m\u00f3n \u0103n \u0111\u1ec1u l\u00e0 nh\u1eefng nguy\u00ean li\u1ec7u t\u01b0\u01a1i ngon v\u00e0 \u0111\u01b0\u1ee3c ch\u1ecdn l\u1ef1a k\u1ef9 c\u00e0ng. Ch\u00fang t\u00f4i cam k\u1ebft mang \u0111\u1ebfn cho kh\u00e1ch h\u00e0ng nh\u1eefng m\u00f3n \u0103n ch\u1ea5t l\u01b0\u1ee3ng nh\u1ea5t v\u00e0 \u0111\u1ea3m b\u1ea3o s\u1ef1 h\u00e0i l\u00f2ng c\u1ee7a h\u1ecd. H\u00e3y \u0111\u1ebfn <a href=\"https:\/\/tandoorvietnam.com\/\">nh\u00e0 h\u00e0ng Tandoor Vietnam<\/a> v\u00e0 th\u01b0\u1edfng th\u1ee9c m\u00f3n \u0103n \u0111\u1eb7c tr\u01b0ng n\u00e0y!<\/p>\n<\/div>\n<\/div>\n<\/div>\n<\/div>\n<\/div>\n<\/div>\n<\/div>\n<\/div>\n<\/div>\n<\/div>\n","protected":false},"excerpt":{"rendered":"<p>&nbsp;<\/p>\n<table width=\"723\">\n<tbody>\n<tr>\n<td width=\"412\">Fiery panfried chilli chicken with onion and capsicum (dry preparation, no gravy)<\/td>\n<\/tr>\n<tr>\n<td width=\"412\"><em>G\u00e0 kh\u00f4ng x\u01b0\u01a1ng x\u1eaft kh\u00fac n\u1ea5u kh\u00f4 v\u1edbi h\u00e0nh t\u00e2y + \u1edbt chu\u00f4ng xanh + s\u1ed1t gia v\u1ecb cay v\u00e0 l\u00e1 cari<\/em><\/td>\n<\/tr>\n<\/tbody>\n<\/table>\n","protected":false},"featured_media":3253,"template":"","meta":[],"product_brand":[],"product_cat":[227],"product_tag":[],"class_list":{"0":"post-3252","1":"product","2":"type-product","3":"status-publish","4":"has-post-thumbnail","6":"product_cat-cac-mon-ga","8":"first","9":"instock","10":"taxable","11":"shipping-taxable","12":"purchasable","13":"product-type-simple"},"yoast_head":"<!-- This site is optimized with the Yoast SEO Premium plugin v22.3 (Yoast SEO v27.4) - https:\/\/yoast.com\/product\/yoast-seo-premium-wordpress\/ -->\n<title>G\u00c0 R\u00daT X\u01af\u01a0NG N\u1ea4U KH\u00d4 V\u1edaI H\u00c0NH T\u00c2Y, \u1edaT CHU\u00d4NG<\/title>\n<meta name=\"description\" content=\"T\u1eadn h\u01b0\u1edfng h\u01b0\u01a1ng v\u1ecb \u0111\u1eadm \u0111\u00e0 c\u1ee7a g\u00e0 r\u00fat x\u01b0\u01a1ng n\u1ea5u kh\u00f4 v\u1edbi h\u00e0nh t\u00e2y, \u1edbt chu\u00f4ng xanh v\u00e0 l\u00e1 cari. M\u00f3n \u0103n ch\u1ea5t l\u01b0\u1ee3ng t\u1eeb Tandoor Vietnam.\" \/>\n<meta name=\"robots\" content=\"index, follow, max-snippet:-1, max-image-preview:large, max-video-preview:-1\" \/>\n<link rel=\"canonical\" href=\"https:\/\/tandoorvietnam.com\/vi\/sanpham\/cac-mon-ga\/ga-rut-xuong-nau-kho-voi-hanh-tay-ot-chuong-gia-vi-cay\/\" \/>\n<meta property=\"og:locale\" content=\"vi_VN\" \/>\n<meta property=\"og:type\" content=\"article\" \/>\n<meta property=\"og:title\" content=\"Andra Chilli Chicken (G\u00c0 R\u00daT X\u01af\u01a0NG N\u1ea4U KH\u00d4 V\u1edaI H\u00c0NH T\u00c2Y, \u1edaT CHU\u00d4NG, GIA V\u1eca CAY)\" \/>\n<meta property=\"og:description\" content=\"T\u1eadn h\u01b0\u1edfng h\u01b0\u01a1ng v\u1ecb \u0111\u1eadm \u0111\u00e0 c\u1ee7a g\u00e0 r\u00fat x\u01b0\u01a1ng n\u1ea5u kh\u00f4 v\u1edbi h\u00e0nh t\u00e2y, \u1edbt chu\u00f4ng xanh v\u00e0 l\u00e1 cari. M\u00f3n \u0103n ch\u1ea5t l\u01b0\u1ee3ng t\u1eeb Tandoor Vietnam.\" \/>\n<meta property=\"og:url\" content=\"https:\/\/tandoorvietnam.com\/vi\/sanpham\/cac-mon-ga\/ga-rut-xuong-nau-kho-voi-hanh-tay-ot-chuong-gia-vi-cay\/\" \/>\n<meta property=\"og:site_name\" content=\"Tandoor Vi\u1ec7t Nam\" \/>\n<meta property=\"article:publisher\" content=\"https:\/\/www.facebook.com\/tandoor.hcmc\/\" \/>\n<meta property=\"article:modified_time\" content=\"2023-05-11T04:30:34+00:00\" \/>\n<meta property=\"og:image\" content=\"https:\/\/tandoorvietnam.com\/wp-content\/uploads\/2020\/06\/andra-chilli-chicken.jpg\" \/>\n\t<meta property=\"og:image:width\" content=\"800\" \/>\n\t<meta property=\"og:image:height\" content=\"800\" \/>\n\t<meta property=\"og:image:type\" content=\"image\/jpeg\" \/>\n<meta name=\"twitter:card\" content=\"summary_large_image\" \/>\n<meta name=\"twitter:label1\" content=\"Est. reading time\" \/>\n\t<meta name=\"twitter:data1\" content=\"2 minutes\" \/>\n<script type=\"application\/ld+json\" class=\"yoast-schema-graph\">{\"@context\":\"https:\\\/\\\/schema.org\",\"@graph\":[{\"@type\":\"WebPage\",\"@id\":\"https:\\\/\\\/tandoorvietnam.com\\\/vi\\\/sanpham\\\/cac-mon-ga\\\/ga-rut-xuong-nau-kho-voi-hanh-tay-ot-chuong-gia-vi-cay\\\/\",\"url\":\"https:\\\/\\\/tandoorvietnam.com\\\/vi\\\/sanpham\\\/cac-mon-ga\\\/ga-rut-xuong-nau-kho-voi-hanh-tay-ot-chuong-gia-vi-cay\\\/\",\"name\":\"G\u00c0 R\u00daT X\u01af\u01a0NG N\u1ea4U KH\u00d4 V\u1edaI H\u00c0NH T\u00c2Y, \u1edaT CHU\u00d4NG\",\"isPartOf\":{\"@id\":\"https:\\\/\\\/tandoorvietnam.com\\\/vi\\\/#website\"},\"primaryImageOfPage\":{\"@id\":\"https:\\\/\\\/tandoorvietnam.com\\\/vi\\\/sanpham\\\/cac-mon-ga\\\/ga-rut-xuong-nau-kho-voi-hanh-tay-ot-chuong-gia-vi-cay\\\/#primaryimage\"},\"image\":{\"@id\":\"https:\\\/\\\/tandoorvietnam.com\\\/vi\\\/sanpham\\\/cac-mon-ga\\\/ga-rut-xuong-nau-kho-voi-hanh-tay-ot-chuong-gia-vi-cay\\\/#primaryimage\"},\"thumbnailUrl\":\"https:\\\/\\\/tandoorvietnam.com\\\/wp-content\\\/uploads\\\/2020\\\/06\\\/andra-chilli-chicken.jpg\",\"datePublished\":\"2021-04-14T08:46:14+00:00\",\"dateModified\":\"2023-05-11T04:30:34+00:00\",\"description\":\"T\u1eadn h\u01b0\u1edfng h\u01b0\u01a1ng v\u1ecb \u0111\u1eadm \u0111\u00e0 c\u1ee7a g\u00e0 r\u00fat x\u01b0\u01a1ng n\u1ea5u kh\u00f4 v\u1edbi h\u00e0nh t\u00e2y, \u1edbt chu\u00f4ng xanh v\u00e0 l\u00e1 cari. M\u00f3n \u0103n ch\u1ea5t l\u01b0\u1ee3ng t\u1eeb Tandoor Vietnam.\",\"breadcrumb\":{\"@id\":\"https:\\\/\\\/tandoorvietnam.com\\\/vi\\\/sanpham\\\/cac-mon-ga\\\/ga-rut-xuong-nau-kho-voi-hanh-tay-ot-chuong-gia-vi-cay\\\/#breadcrumb\"},\"inLanguage\":\"vi-VN\",\"potentialAction\":[{\"@type\":\"ReadAction\",\"target\":[\"https:\\\/\\\/tandoorvietnam.com\\\/vi\\\/sanpham\\\/cac-mon-ga\\\/ga-rut-xuong-nau-kho-voi-hanh-tay-ot-chuong-gia-vi-cay\\\/\"]}]},{\"@type\":\"ImageObject\",\"inLanguage\":\"vi-VN\",\"@id\":\"https:\\\/\\\/tandoorvietnam.com\\\/vi\\\/sanpham\\\/cac-mon-ga\\\/ga-rut-xuong-nau-kho-voi-hanh-tay-ot-chuong-gia-vi-cay\\\/#primaryimage\",\"url\":\"https:\\\/\\\/tandoorvietnam.com\\\/wp-content\\\/uploads\\\/2020\\\/06\\\/andra-chilli-chicken.jpg\",\"contentUrl\":\"https:\\\/\\\/tandoorvietnam.com\\\/wp-content\\\/uploads\\\/2020\\\/06\\\/andra-chilli-chicken.jpg\",\"width\":800,\"height\":800,\"caption\":\"G\u00c0 R\u00daT X\u01af\u01a0NG N\u1ea4U KH\u00d4 V\u1edaI H\u00c0NH T\u00c2Y, \u1edaT CHU\u00d4NG\"},{\"@type\":\"BreadcrumbList\",\"@id\":\"https:\\\/\\\/tandoorvietnam.com\\\/vi\\\/sanpham\\\/cac-mon-ga\\\/ga-rut-xuong-nau-kho-voi-hanh-tay-ot-chuong-gia-vi-cay\\\/#breadcrumb\",\"itemListElement\":[{\"@type\":\"ListItem\",\"position\":1,\"name\":\"Trang Ch\u1ee7\",\"item\":\"https:\\\/\\\/tandoorvietnam.com\\\/vi\\\/\"},{\"@type\":\"ListItem\",\"position\":2,\"name\":\"Shop\",\"item\":\"https:\\\/\\\/tandoorvietnam.com\\\/shop\\\/\"},{\"@type\":\"ListItem\",\"position\":3,\"name\":\"Andra Chilli Chicken (G\u00c0 R\u00daT X\u01af\u01a0NG N\u1ea4U KH\u00d4 V\u1edaI H\u00c0NH T\u00c2Y, \u1edaT CHU\u00d4NG, GIA V\u1eca CAY)\"}]},{\"@type\":\"WebSite\",\"@id\":\"https:\\\/\\\/tandoorvietnam.com\\\/vi\\\/#website\",\"url\":\"https:\\\/\\\/tandoorvietnam.com\\\/vi\\\/\",\"name\":\"Tandoor Vietnam\",\"description\":\"Nh\u00e0 h\u00e0ng ngon h\u1ed3 ch\u00ed minh\",\"publisher\":{\"@id\":\"https:\\\/\\\/tandoorvietnam.com\\\/vi\\\/#organization\"},\"potentialAction\":[{\"@type\":\"SearchAction\",\"target\":{\"@type\":\"EntryPoint\",\"urlTemplate\":\"https:\\\/\\\/tandoorvietnam.com\\\/vi\\\/?s={search_term_string}\"},\"query-input\":{\"@type\":\"PropertyValueSpecification\",\"valueRequired\":true,\"valueName\":\"search_term_string\"}}],\"inLanguage\":\"vi-VN\"},{\"@type\":\"Organization\",\"@id\":\"https:\\\/\\\/tandoorvietnam.com\\\/vi\\\/#organization\",\"name\":\"Tandoor Vietnam\",\"url\":\"https:\\\/\\\/tandoorvietnam.com\\\/vi\\\/\",\"logo\":{\"@type\":\"ImageObject\",\"inLanguage\":\"vi-VN\",\"@id\":\"https:\\\/\\\/tandoorvietnam.com\\\/vi\\\/#\\\/schema\\\/logo\\\/image\\\/\",\"url\":\"https:\\\/\\\/tandoorvietnam.com\\\/wp-content\\\/uploads\\\/2020\\\/07\\\/logo.png\",\"contentUrl\":\"https:\\\/\\\/tandoorvietnam.com\\\/wp-content\\\/uploads\\\/2020\\\/07\\\/logo.png\",\"width\":133,\"height\":75,\"caption\":\"Tandoor Vietnam\"},\"image\":{\"@id\":\"https:\\\/\\\/tandoorvietnam.com\\\/vi\\\/#\\\/schema\\\/logo\\\/image\\\/\"},\"sameAs\":[\"https:\\\/\\\/www.facebook.com\\\/tandoor.hcmc\\\/\"]}]}<\/script>\n<!-- \/ Yoast SEO Premium plugin. -->","yoast_head_json":{"title":"G\u00c0 R\u00daT X\u01af\u01a0NG N\u1ea4U KH\u00d4 V\u1edaI H\u00c0NH T\u00c2Y, \u1edaT CHU\u00d4NG","description":"T\u1eadn h\u01b0\u1edfng h\u01b0\u01a1ng v\u1ecb \u0111\u1eadm \u0111\u00e0 c\u1ee7a g\u00e0 r\u00fat x\u01b0\u01a1ng n\u1ea5u kh\u00f4 v\u1edbi h\u00e0nh t\u00e2y, \u1edbt chu\u00f4ng xanh v\u00e0 l\u00e1 cari. M\u00f3n \u0103n ch\u1ea5t l\u01b0\u1ee3ng t\u1eeb Tandoor Vietnam.","robots":{"index":"index","follow":"follow","max-snippet":"max-snippet:-1","max-image-preview":"max-image-preview:large","max-video-preview":"max-video-preview:-1"},"canonical":"https:\/\/tandoorvietnam.com\/vi\/sanpham\/cac-mon-ga\/ga-rut-xuong-nau-kho-voi-hanh-tay-ot-chuong-gia-vi-cay\/","og_locale":"vi_VN","og_type":"article","og_title":"Andra Chilli Chicken (G\u00c0 R\u00daT X\u01af\u01a0NG N\u1ea4U KH\u00d4 V\u1edaI H\u00c0NH T\u00c2Y, \u1edaT CHU\u00d4NG, GIA V\u1eca CAY)","og_description":"T\u1eadn h\u01b0\u1edfng h\u01b0\u01a1ng v\u1ecb \u0111\u1eadm \u0111\u00e0 c\u1ee7a g\u00e0 r\u00fat x\u01b0\u01a1ng n\u1ea5u kh\u00f4 v\u1edbi h\u00e0nh t\u00e2y, \u1edbt chu\u00f4ng xanh v\u00e0 l\u00e1 cari. M\u00f3n \u0103n ch\u1ea5t l\u01b0\u1ee3ng t\u1eeb Tandoor Vietnam.","og_url":"https:\/\/tandoorvietnam.com\/vi\/sanpham\/cac-mon-ga\/ga-rut-xuong-nau-kho-voi-hanh-tay-ot-chuong-gia-vi-cay\/","og_site_name":"Tandoor Vi\u1ec7t Nam","article_publisher":"https:\/\/www.facebook.com\/tandoor.hcmc\/","article_modified_time":"2023-05-11T04:30:34+00:00","og_image":[{"width":800,"height":800,"url":"https:\/\/tandoorvietnam.com\/wp-content\/uploads\/2020\/06\/andra-chilli-chicken.jpg","type":"image\/jpeg"}],"twitter_card":"summary_large_image","twitter_misc":{"Est. reading time":"2 minutes"},"schema":{"@context":"https:\/\/schema.org","@graph":[{"@type":"WebPage","@id":"https:\/\/tandoorvietnam.com\/vi\/sanpham\/cac-mon-ga\/ga-rut-xuong-nau-kho-voi-hanh-tay-ot-chuong-gia-vi-cay\/","url":"https:\/\/tandoorvietnam.com\/vi\/sanpham\/cac-mon-ga\/ga-rut-xuong-nau-kho-voi-hanh-tay-ot-chuong-gia-vi-cay\/","name":"G\u00c0 R\u00daT X\u01af\u01a0NG N\u1ea4U KH\u00d4 V\u1edaI H\u00c0NH T\u00c2Y, \u1edaT CHU\u00d4NG","isPartOf":{"@id":"https:\/\/tandoorvietnam.com\/vi\/#website"},"primaryImageOfPage":{"@id":"https:\/\/tandoorvietnam.com\/vi\/sanpham\/cac-mon-ga\/ga-rut-xuong-nau-kho-voi-hanh-tay-ot-chuong-gia-vi-cay\/#primaryimage"},"image":{"@id":"https:\/\/tandoorvietnam.com\/vi\/sanpham\/cac-mon-ga\/ga-rut-xuong-nau-kho-voi-hanh-tay-ot-chuong-gia-vi-cay\/#primaryimage"},"thumbnailUrl":"https:\/\/tandoorvietnam.com\/wp-content\/uploads\/2020\/06\/andra-chilli-chicken.jpg","datePublished":"2021-04-14T08:46:14+00:00","dateModified":"2023-05-11T04:30:34+00:00","description":"T\u1eadn h\u01b0\u1edfng h\u01b0\u01a1ng v\u1ecb \u0111\u1eadm \u0111\u00e0 c\u1ee7a g\u00e0 r\u00fat x\u01b0\u01a1ng n\u1ea5u kh\u00f4 v\u1edbi h\u00e0nh t\u00e2y, \u1edbt chu\u00f4ng xanh v\u00e0 l\u00e1 cari. M\u00f3n \u0103n ch\u1ea5t l\u01b0\u1ee3ng t\u1eeb Tandoor Vietnam.","breadcrumb":{"@id":"https:\/\/tandoorvietnam.com\/vi\/sanpham\/cac-mon-ga\/ga-rut-xuong-nau-kho-voi-hanh-tay-ot-chuong-gia-vi-cay\/#breadcrumb"},"inLanguage":"vi-VN","potentialAction":[{"@type":"ReadAction","target":["https:\/\/tandoorvietnam.com\/vi\/sanpham\/cac-mon-ga\/ga-rut-xuong-nau-kho-voi-hanh-tay-ot-chuong-gia-vi-cay\/"]}]},{"@type":"ImageObject","inLanguage":"vi-VN","@id":"https:\/\/tandoorvietnam.com\/vi\/sanpham\/cac-mon-ga\/ga-rut-xuong-nau-kho-voi-hanh-tay-ot-chuong-gia-vi-cay\/#primaryimage","url":"https:\/\/tandoorvietnam.com\/wp-content\/uploads\/2020\/06\/andra-chilli-chicken.jpg","contentUrl":"https:\/\/tandoorvietnam.com\/wp-content\/uploads\/2020\/06\/andra-chilli-chicken.jpg","width":800,"height":800,"caption":"G\u00c0 R\u00daT X\u01af\u01a0NG N\u1ea4U KH\u00d4 V\u1edaI H\u00c0NH T\u00c2Y, \u1edaT CHU\u00d4NG"},{"@type":"BreadcrumbList","@id":"https:\/\/tandoorvietnam.com\/vi\/sanpham\/cac-mon-ga\/ga-rut-xuong-nau-kho-voi-hanh-tay-ot-chuong-gia-vi-cay\/#breadcrumb","itemListElement":[{"@type":"ListItem","position":1,"name":"Trang Ch\u1ee7","item":"https:\/\/tandoorvietnam.com\/vi\/"},{"@type":"ListItem","position":2,"name":"Shop","item":"https:\/\/tandoorvietnam.com\/shop\/"},{"@type":"ListItem","position":3,"name":"Andra Chilli Chicken (G\u00c0 R\u00daT X\u01af\u01a0NG N\u1ea4U KH\u00d4 V\u1edaI H\u00c0NH T\u00c2Y, \u1edaT CHU\u00d4NG, GIA V\u1eca CAY)"}]},{"@type":"WebSite","@id":"https:\/\/tandoorvietnam.com\/vi\/#website","url":"https:\/\/tandoorvietnam.com\/vi\/","name":"Tandoor Vietnam","description":"Nh\u00e0 h\u00e0ng ngon h\u1ed3 ch\u00ed minh","publisher":{"@id":"https:\/\/tandoorvietnam.com\/vi\/#organization"},"potentialAction":[{"@type":"SearchAction","target":{"@type":"EntryPoint","urlTemplate":"https:\/\/tandoorvietnam.com\/vi\/?s={search_term_string}"},"query-input":{"@type":"PropertyValueSpecification","valueRequired":true,"valueName":"search_term_string"}}],"inLanguage":"vi-VN"},{"@type":"Organization","@id":"https:\/\/tandoorvietnam.com\/vi\/#organization","name":"Tandoor Vietnam","url":"https:\/\/tandoorvietnam.com\/vi\/","logo":{"@type":"ImageObject","inLanguage":"vi-VN","@id":"https:\/\/tandoorvietnam.com\/vi\/#\/schema\/logo\/image\/","url":"https:\/\/tandoorvietnam.com\/wp-content\/uploads\/2020\/07\/logo.png","contentUrl":"https:\/\/tandoorvietnam.com\/wp-content\/uploads\/2020\/07\/logo.png","width":133,"height":75,"caption":"Tandoor Vietnam"},"image":{"@id":"https:\/\/tandoorvietnam.com\/vi\/#\/schema\/logo\/image\/"},"sameAs":["https:\/\/www.facebook.com\/tandoor.hcmc\/"]}]}},"_links":{"self":[{"href":"https:\/\/tandoorvietnam.com\/vi\/wp-json\/wp\/v2\/product\/3252","targetHints":{"allow":["GET"]}}],"collection":[{"href":"https:\/\/tandoorvietnam.com\/vi\/wp-json\/wp\/v2\/product"}],"about":[{"href":"https:\/\/tandoorvietnam.com\/vi\/wp-json\/wp\/v2\/types\/product"}],"wp:featuredmedia":[{"embeddable":true,"href":"https:\/\/tandoorvietnam.com\/vi\/wp-json\/wp\/v2\/media\/3253"}],"wp:attachment":[{"href":"https:\/\/tandoorvietnam.com\/vi\/wp-json\/wp\/v2\/media?parent=3252"}],"wp:term":[{"taxonomy":"product_brand","embeddable":true,"href":"https:\/\/tandoorvietnam.com\/vi\/wp-json\/wp\/v2\/product_brand?post=3252"},{"taxonomy":"product_cat","embeddable":true,"href":"https:\/\/tandoorvietnam.com\/vi\/wp-json\/wp\/v2\/product_cat?post=3252"},{"taxonomy":"product_tag","embeddable":true,"href":"https:\/\/tandoorvietnam.com\/vi\/wp-json\/wp\/v2\/product_tag?post=3252"}],"curies":[{"name":"wp","href":"https:\/\/api.w.org\/{rel}","templated":true}]}}